{"id":27247,"date":"2025-04-06T23:57:59","date_gmt":"2025-04-07T05:57:59","guid":{"rendered":"https:\/\/www.mexicanguitarplayers.com\/tienda\/sin categor\u00eda\/mezcladora-behringer-mod-djx900usb\/"},"modified":"2026-05-05T16:15:11","modified_gmt":"2026-05-05T22:15:11","slug":"mezcladora-behringer-mod-djx900usb","status":"publish","type":"product","link":"https:\/\/www.mexicanguitarplayers.com\/en\/tienda\/audio\/equipo-de-dj\/mezcladoras-para-dj\/mezcladora-behringer-mod-djx900usb\/","title":{"rendered":"MEZCLADORA BEHRINGER MOD. DJX900USB"},"content":{"rendered":"<div style=\"text-align: justify\">\n<div>\n<h3>Mezcla tus hits con creatividad y sin l\u00edmites.<\/h3>\n<\/div>\n<div>La mezcladora PRO MIXER DJX900USB combina la operaci\u00f3n intuitiva con procesamiento de efectos digitales incorporado para un sonido limpio y transparente que pondr\u00e1 la pista de baile en el fuego. Esta mezcladora de ruido ultra bajo de 5 canales cuenta con un crossfader \u00f3ptico Infinium &#8220;Contact-Free&#8221; para una vida \u00fatil superior, avanzado control de par\u00e1metros de efectos digitales de 24 bits, conectividad USB incorporada para comunicarse directamente con tu Mac o PC y adem\u00e1s una serie de caracter\u00edsticas verdaderamente profesionales. Crossfader Infinium Contact-Free. La mezcladora DJX900USB incorpora nuestros faders de canal s\u00faper suaves controlados por VCA y crossfader Infinium &#8220;Contact-Free&#8221; controlado por VCA para ofrecer lo \u00faltimo en confiabilidad y desempe\u00f1o de vanguardia. Un control dedicado CF Curve que te permite personalizar la caracter\u00edstica de control de crossfader e incluso puede ajustar la tensi\u00f3n del crossfader de la manera que m\u00e1s te guste. Larga vida con m\u00e1s medios. Si puedes hacer click, girar o hablar, la DJX900USB puede mezclarlo. Tienes 2 canales dobles phono\/line est\u00e9reo, 1 canal phono\/CD y un canal Line\/CD\/USB adem\u00e1s de un canal de micr\u00f3fono dedicado con bot\u00f3n Mic-On y control de nivel de Talk. Todos los canales cuentan con controles de ganancia independientes y ecualizadores kill de 3 bandas en canales 1-4, que tambi\u00e9n proporcionan medici\u00f3n de 10 LEDs. La mezcladora DJX900USB tambi\u00e9n tiene suficientes preamplificadores phono incorporados para manejar hasta 3 tornamesas y la interfaz USB incorporada te da acceso instant\u00e1neo a la biblioteca de m\u00fasica digital de tu computadora. Servicios Galore. Debido a que tu voz es tu instrumento, la mezcladora DJX900USB cuenta con un canal de micr\u00f3fono dedicado con una funci\u00f3n de Talkover incorporada que detecta autom\u00e1ticamente tu voz y reduce el volumen de la pista musical (denominado ducking), por lo que tu voz est\u00e1 siempre al frente. El ajuste fino vocal es manejado por el ecualizador de 3 bandas incorporado que proporciona hasta 15 dB de boost o cut a centros de frecuencia Graves (80 Hz), Medios (2.5 k) y Agudos (12 kHz), para una paleta tonal extremadamente amplia. Tambi\u00e9n se incluye nuestro propietario efecto de sonido envolvente XPQ 3D, que te permite crear una imagen est\u00e9reo mucho m\u00e1s amplia y mejorada. FX especial. Cuando comenzamos el dise\u00f1o de la mezcladora DJX900USB, sab\u00edamos que ten\u00edamos que hacer algo muy especial. Tomamos nuestra mejor mezcladora anal\u00f3gica de DJ y aceleramos el procesador FX, poniendo el control de par\u00e1metros avanzado justo a tu alcance. Ya no se limita a presets r\u00edgidos que limitan la creatividad, puedes cambiar los par\u00e1metros de FX sobre la marcha, llevando tu show al siguiente nivel. En poco tiempo puedes crear conjuntos potentes con tus propios sonidos de efectos personalizados, todos los cuales pueden ser controlados en tiempo real.<\/div>\n<div>\n<h4>Quick look<\/h4>\n<\/div>\n<ul style=\"margin: 0px 0px 0px 25px\">\n<li style=\"list-style-type: circle;margin: 5px\">Audio inputs.<\/li>\n<li style=\"list-style-type: circle;margin: 5px\">Audio outputs.<\/li>\n<li style=\"list-style-type: circle;margin: 5px\">Equalizer<\/li>\n<li style=\"list-style-type: circle;margin: 5px\">USB.<\/li>\n<li style=\"list-style-type: circle;margin: 5px\">Procesador digital de efectos.<\/li>\n<li style=\"list-style-type: circle;margin: 5px\">System Specifications.<\/li>\n<li style=\"list-style-type: circle;margin: 5px\">Feeding.<\/li>\n<li style=\"list-style-type: circle;margin: 5px\">Dimensions.<\/li>\n<li style=\"list-style-type: circle;margin: 5px\">Weight.<\/li>\n<\/ul>\n<div>\n<div style=\"font-weight: bold\">Audio inputs.<\/div>\n<div>\n<p>Mic: XLR balanceado + 40 dB de ganancia. Phono In: Desbalanceada, +40 dB de ganancia. Line In: Desbalanceada, 0 dB de ganancia. CD In: Desbalanceada, 0 dB de ganancia. Retorno: Desbalanceada, 0 dB de ganancia.<\/p>\n<\/div>\n<div style=\"font-weight: bold\">Audio outputs.<\/div>\n<div>\n<p>Master: M\u00e1x. +21 dBu. Booth: M\u00e1x. +21 dBu. Tape: 0 dBu. Env\u00edo: 0 dBu. Salida de aud\u00edfonos: M\u00e1x. 180 mW @ 75 ohms \/ 1% THD.<\/p>\n<\/div>\n<div style=\"font-weight: bold\">Equalizer<\/div>\n<div>\n<p>Stereo Low: +8 dB \/ -27 dB @ 50 Hz. Stereo Mid: +6 dB \/ -23 dB @ 1.2 kHz. Stereo High: +9 dB \/ -15 dB @ 10 kHz. Mic Low: +15 dB \/ -15 dB @ 80 Hz. Mic Mid:+15 dB \/ -15 dB @ 2.5 kHz. Mic High: +15 dB \/ -15 dB @ 12 Hz. Kill Low: -54 dB @ 50 Hz. Kill Mid: -43 dB @ 1 kHz. Kill High: -25 dB @ 10 kHz.<\/p>\n<\/div>\n<div style=\"font-weight: bold\">USB.<\/div>\n<div>\n<p>Audio: Entrada \/ Salida est\u00e9reo. Conector: Tipo B. Frecuencia de muestreo: 48 kHz.<\/p>\n<\/div>\n<div style=\"font-weight: bold\">Procesador digital de efectos.<\/div>\n<div>\n<p>DSP: Freescale. Convertidor A-D-A: Sigma Delta 24 bits, sobre muestreo 64 \/ 128 x.<\/p>\n<\/div>\n<div style=\"font-weight: bold\">System Specifications.<\/div>\n<div>\n<p>Relaci\u00f3n se\u00f1al a ruido: &gt;80 dB (Line). Crosstalk: &gt;70 dB (Line). Distorsi\u00f3n (THD): &lt;0.03%. Respuesta de frecuencia: 10 Hz &#8211; 40 kHz, +0 \/ -3 dB.<\/p>\n<\/div>\n<div style=\"font-weight: bold\">Feeding.<\/div>\n<div>\n<p>Consumo: 32 watts. Conexi\u00f3n: Recept\u00e1culo IEC est\u00e1ndar. Voltaje: 120V~, 50\/60 Hz. Fusible: T 1 A H 250 V.<\/p>\n<\/div>\n<div style=\"font-weight: bold\">Dimensions.<\/div>\n<div>\n<p>107 x 320 x 270 mm.<\/p>\n<\/div>\n<div style=\"font-weight: bold\">Weight.<\/div>\n<div>\n<p>3.7 kg.<\/p>\n<\/div>\n<\/div>\n<\/div>","protected":false},"excerpt":{"rendered":"<p>Mezcladora profesional para DJ de 5 canales, crossfader \u00f3ptico \u201cContact-Free\u201d VCA de 45 mm con tensi\u00f3n ajustable, efectos digitales avanzados de 24 bits con avanzado control de par\u00e1metros, interface Audio\/USB incorporada para grabaci\u00f3n y reproducci\u00f3n de cualquier archivo de m\u00fasica digital, ruido ultra bajo, dise\u00f1o elegante, contador dual auto-BPM autom\u00e1tico inteligente con display de sincronizaci\u00f3n de tiempo y beat, ecualizador kill de 3 bandas y medidores de nivel precisos con funci\u00f3n de retenci\u00f3n de pico por canal, interruptores de conmutaci\u00f3n adicionales de 3 v\u00edas con separaci\u00f3n de frecuencia extremadamente pronunciada, impresionante efecto de sonido envolvente est\u00e9reo XPQ ajustable, faders controlados por VCA para m\u00e1xima fiabilidad y rendimiento sin ruido, curva de crossfader ajustable para todos los estilos de mezcla, funci\u00f3n de monitor con control de balancea master\/cue balance y opci\u00f3n de divisi\u00f3n, funci\u00f3n auto-talkover con control independiente de profundidad, 107 x 320 x 370 mm, peso: 3.7 kg.&hellip; <a class=\"kt-excerpt-readmore more-link\" href=\"https:\/\/www.mexicanguitarplayers.com\/en\/tienda\/audio\/equipo-de-dj\/mezcladoras-para-dj\/mezcladora-behringer-mod-djx900usb\/\">Read more<\/a><\/p>","protected":false},"featured_media":27243,"comment_status":"open","ping_status":"closed","template":"","meta":{"kt_blocks_editor_width":""},"pwb-brand":[171],"product_brand":[],"product_cat":[213,483,488],"product_tag":[],"class_list":{"0":"post-27247","1":"product","2":"type-product","3":"status-publish","4":"has-post-thumbnail","6":"pwb-brand-behringer","7":"product_cat-audio","8":"product_cat-equipo-de-dj","9":"product_cat-mezcladoras-para-dj","10":"product_shipping_class-5-10-kg","12":"first","13":"outofstock","14":"taxable","15":"shipping-taxable","16":"purchasable","17":"product-type-simple"},"yoast_head":"<!-- This site is optimized with the Yoast SEO plugin v27.6 - https:\/\/yoast.com\/product\/yoast-seo-wordpress\/ -->\n<title>MEZCLADORA BEHRINGER MOD. DJX900USB - Mexican Guitar Players<\/title>\n<meta name=\"description\" content=\"Mezcladora profesional para DJ de 5 canales, crossfader \u00f3ptico \u201cContact-Free\u201d VCA de 45 mm con tensi\u00f3n ajustable, efectos digitales avanzados de 24 bits con avanzado control de par\u00e1metros, interface Audio\/USB incorporada para grabaci\u00f3n y reproducci\u00f3n de cualquier archivo de m\u00fasica digital, ruido ultra bajo, dise\u00f1o elegante, contador dual auto-BPM autom\u00e1tico inteligente con display de sincronizaci\u00f3n de tiempo y beat, ecualizador kill de 3 bandas y medidores de nivel precisos con funci\u00f3n de retenci\u00f3n de pico por canal, interruptores de conmutaci\u00f3n adicionales de 3 v\u00edas con separaci\u00f3n de frecuencia extremadamente pronunciada, impresionante efecto de sonido envolvente est\u00e9reo XPQ ajustable, faders controlados por VCA para m\u00e1xima fiabilidad y rendimiento sin ruido, curva de crossfader ajustable para todos los estilos de mezcla, funci\u00f3n de monitor con control de balancea master\/cue balance y opci\u00f3n de divisi\u00f3n, funci\u00f3n auto-talkover con control independiente de profundidad, 107 x 320 x 370 mm, peso: 3.7 kg.\" \/>\n<meta name=\"robots\" content=\"index, follow, max-snippet:-1, max-image-preview:large, max-video-preview:-1\" \/>\n<link rel=\"canonical\" href=\"https:\/\/www.mexicanguitarplayers.com\/en\/tienda\/sin%20categor\u00eda\/mezcladora-behringer-mod-djx900usb\/\" \/>\n<meta property=\"og:locale\" content=\"en_US\" \/>\n<meta property=\"og:type\" content=\"article\" \/>\n<meta property=\"og:title\" content=\"MEZCLADORA BEHRINGER MOD. DJX900USB - Mexican Guitar Players\" \/>\n<meta property=\"og:description\" content=\"Mezcladora profesional para DJ de 5 canales, crossfader \u00f3ptico \u201cContact-Free\u201d VCA de 45 mm con tensi\u00f3n ajustable, efectos digitales avanzados de 24 bits con avanzado control de par\u00e1metros, interface Audio\/USB incorporada para grabaci\u00f3n y reproducci\u00f3n de cualquier archivo de m\u00fasica digital, ruido ultra bajo, dise\u00f1o elegante, contador dual auto-BPM autom\u00e1tico inteligente con display de sincronizaci\u00f3n de tiempo y beat, ecualizador kill de 3 bandas y medidores de nivel precisos con funci\u00f3n de retenci\u00f3n de pico por canal, interruptores de conmutaci\u00f3n adicionales de 3 v\u00edas con separaci\u00f3n de frecuencia extremadamente pronunciada, impresionante efecto de sonido envolvente est\u00e9reo XPQ ajustable, faders controlados por VCA para m\u00e1xima fiabilidad y rendimiento sin ruido, curva de crossfader ajustable para todos los estilos de mezcla, funci\u00f3n de monitor con control de balancea master\/cue balance y opci\u00f3n de divisi\u00f3n, funci\u00f3n auto-talkover con control independiente de profundidad, 107 x 320 x 370 mm, peso: 3.7 kg.\" \/>\n<meta property=\"og:url\" content=\"https:\/\/www.mexicanguitarplayers.com\/en\/tienda\/sin categor\u00eda\/mezcladora-behringer-mod-djx900usb\/\" \/>\n<meta property=\"og:site_name\" content=\"Mexican Guitar Players\" \/>\n<meta property=\"article:modified_time\" content=\"2026-05-05T22:15:11+00:00\" \/>\n<meta name=\"twitter:card\" content=\"summary_large_image\" \/>\n<meta name=\"twitter:label1\" content=\"Est. reading time\" \/>\n\t<meta name=\"twitter:data1\" content=\"3 minutes\" \/>\n<script type=\"application\/ld+json\" class=\"yoast-schema-graph\">{\"@context\":\"https:\\\/\\\/schema.org\",\"@graph\":[{\"@type\":[\"WebPage\",\"ItemPage\"],\"@id\":\"https:\\\/\\\/www.mexicanguitarplayers.com\\\/tienda\\\/sin categor\u00eda\\\/mezcladora-behringer-mod-djx900usb\\\/\",\"url\":\"https:\\\/\\\/www.mexicanguitarplayers.com\\\/tienda\\\/sin categor\u00eda\\\/mezcladora-behringer-mod-djx900usb\\\/\",\"name\":\"MEZCLADORA BEHRINGER MOD. DJX900USB - Mexican Guitar Players\",\"isPartOf\":{\"@id\":\"https:\\\/\\\/www.mexicanguitarplayers.com\\\/#website\"},\"primaryImageOfPage\":{\"@id\":\"https:\\\/\\\/www.mexicanguitarplayers.com\\\/tienda\\\/sin categor\u00eda\\\/mezcladora-behringer-mod-djx900usb\\\/#primaryimage\"},\"image\":{\"@id\":\"https:\\\/\\\/www.mexicanguitarplayers.com\\\/tienda\\\/sin categor\u00eda\\\/mezcladora-behringer-mod-djx900usb\\\/#primaryimage\"},\"thumbnailUrl\":\"https:\\\/\\\/www.mexicanguitarplayers.com\\\/wp-content\\\/uploads\\\/2025\\\/04\\\/IABEHDJX900USB.jpg\",\"datePublished\":\"2025-04-07T05:57:59+00:00\",\"dateModified\":\"2026-05-05T22:15:11+00:00\",\"description\":\"Mezcladora profesional para DJ de 5 canales, crossfader \u00f3ptico \u201cContact-Free\u201d VCA de 45 mm con tensi\u00f3n ajustable, efectos digitales avanzados de 24 bits con avanzado control de par\u00e1metros, interface Audio\\\/USB incorporada para grabaci\u00f3n y reproducci\u00f3n de cualquier archivo de m\u00fasica digital, ruido ultra bajo, dise\u00f1o elegante, contador dual auto-BPM autom\u00e1tico inteligente con display de sincronizaci\u00f3n de tiempo y beat, ecualizador kill de 3 bandas y medidores de nivel precisos con funci\u00f3n de retenci\u00f3n de pico por canal, interruptores de conmutaci\u00f3n adicionales de 3 v\u00edas con separaci\u00f3n de frecuencia extremadamente pronunciada, impresionante efecto de sonido envolvente est\u00e9reo XPQ ajustable, faders controlados por VCA para m\u00e1xima fiabilidad y rendimiento sin ruido, curva de crossfader ajustable para todos los estilos de mezcla, funci\u00f3n de monitor con control de balancea master\\\/cue balance y opci\u00f3n de divisi\u00f3n, funci\u00f3n auto-talkover con control independiente de profundidad, 107 x 320 x 370 mm, peso: 3.7 kg.\",\"breadcrumb\":{\"@id\":\"https:\\\/\\\/www.mexicanguitarplayers.com\\\/tienda\\\/sin categor\u00eda\\\/mezcladora-behringer-mod-djx900usb\\\/#breadcrumb\"},\"inLanguage\":\"en-US\",\"potentialAction\":[{\"@type\":\"ReadAction\",\"target\":[\"https:\\\/\\\/www.mexicanguitarplayers.com\\\/tienda\\\/sin categor\u00eda\\\/mezcladora-behringer-mod-djx900usb\\\/\"]}]},{\"@type\":\"ImageObject\",\"inLanguage\":\"en-US\",\"@id\":\"https:\\\/\\\/www.mexicanguitarplayers.com\\\/tienda\\\/sin categor\u00eda\\\/mezcladora-behringer-mod-djx900usb\\\/#primaryimage\",\"url\":\"https:\\\/\\\/www.mexicanguitarplayers.com\\\/wp-content\\\/uploads\\\/2025\\\/04\\\/IABEHDJX900USB.jpg\",\"contentUrl\":\"https:\\\/\\\/www.mexicanguitarplayers.com\\\/wp-content\\\/uploads\\\/2025\\\/04\\\/IABEHDJX900USB.jpg\",\"width\":1200,\"height\":1200},{\"@type\":\"BreadcrumbList\",\"@id\":\"https:\\\/\\\/www.mexicanguitarplayers.com\\\/tienda\\\/sin categor\u00eda\\\/mezcladora-behringer-mod-djx900usb\\\/#breadcrumb\",\"itemListElement\":[{\"@type\":\"ListItem\",\"position\":1,\"name\":\"Portada\",\"item\":\"https:\\\/\\\/www.mexicanguitarplayers.com\\\/\"},{\"@type\":\"ListItem\",\"position\":2,\"name\":\"Tienda\",\"item\":\"https:\\\/\\\/www.mexicanguitarplayers.com\\\/tienda\\\/\"},{\"@type\":\"ListItem\",\"position\":3,\"name\":\"MEZCLADORA BEHRINGER MOD. DJX900USB\"}]},{\"@type\":\"WebSite\",\"@id\":\"https:\\\/\\\/www.mexicanguitarplayers.com\\\/#website\",\"url\":\"https:\\\/\\\/www.mexicanguitarplayers.com\\\/\",\"name\":\"Mexican Guitar Players\",\"description\":\"Website\",\"publisher\":{\"@id\":\"https:\\\/\\\/www.mexicanguitarplayers.com\\\/#organization\"},\"potentialAction\":[{\"@type\":\"SearchAction\",\"target\":{\"@type\":\"EntryPoint\",\"urlTemplate\":\"https:\\\/\\\/www.mexicanguitarplayers.com\\\/?s={search_term_string}\"},\"query-input\":{\"@type\":\"PropertyValueSpecification\",\"valueRequired\":true,\"valueName\":\"search_term_string\"}}],\"inLanguage\":\"en-US\"},{\"@type\":\"Organization\",\"@id\":\"https:\\\/\\\/www.mexicanguitarplayers.com\\\/#organization\",\"name\":\"Mexican Guitar Players\",\"url\":\"https:\\\/\\\/www.mexicanguitarplayers.com\\\/\",\"logo\":{\"@type\":\"ImageObject\",\"inLanguage\":\"en-US\",\"@id\":\"https:\\\/\\\/www.mexicanguitarplayers.com\\\/#\\\/schema\\\/logo\\\/image\\\/\",\"url\":\"\",\"contentUrl\":\"\",\"caption\":\"Mexican Guitar Players\"},\"image\":{\"@id\":\"https:\\\/\\\/www.mexicanguitarplayers.com\\\/#\\\/schema\\\/logo\\\/image\\\/\"}}]}<\/script>\n<!-- \/ Yoast SEO plugin. -->","yoast_head_json":{"title":"MEZCLADORA BEHRINGER MOD. DJX900USB - Mexican Guitar Players","description":"Mezcladora profesional para DJ de 5 canales, crossfader \u00f3ptico \u201cContact-Free\u201d VCA de 45 mm con tensi\u00f3n ajustable, efectos digitales avanzados de 24 bits con avanzado control de par\u00e1metros, interface Audio\/USB incorporada para grabaci\u00f3n y reproducci\u00f3n de cualquier archivo de m\u00fasica digital, ruido ultra bajo, dise\u00f1o elegante, contador dual auto-BPM autom\u00e1tico inteligente con display de sincronizaci\u00f3n de tiempo y beat, ecualizador kill de 3 bandas y medidores de nivel precisos con funci\u00f3n de retenci\u00f3n de pico por canal, interruptores de conmutaci\u00f3n adicionales de 3 v\u00edas con separaci\u00f3n de frecuencia extremadamente pronunciada, impresionante efecto de sonido envolvente est\u00e9reo XPQ ajustable, faders controlados por VCA para m\u00e1xima fiabilidad y rendimiento sin ruido, curva de crossfader ajustable para todos los estilos de mezcla, funci\u00f3n de monitor con control de balancea master\/cue balance y opci\u00f3n de divisi\u00f3n, funci\u00f3n auto-talkover con control independiente de profundidad, 107 x 320 x 370 mm, peso: 3.7 kg.","robots":{"index":"index","follow":"follow","max-snippet":"max-snippet:-1","max-image-preview":"max-image-preview:large","max-video-preview":"max-video-preview:-1"},"canonical":"https:\/\/www.mexicanguitarplayers.com\/en\/tienda\/sin categor\u00eda\/mezcladora-behringer-mod-djx900usb\/","og_locale":"en_US","og_type":"article","og_title":"MEZCLADORA BEHRINGER MOD. DJX900USB - Mexican Guitar Players","og_description":"Mezcladora profesional para DJ de 5 canales, crossfader \u00f3ptico \u201cContact-Free\u201d VCA de 45 mm con tensi\u00f3n ajustable, efectos digitales avanzados de 24 bits con avanzado control de par\u00e1metros, interface Audio\/USB incorporada para grabaci\u00f3n y reproducci\u00f3n de cualquier archivo de m\u00fasica digital, ruido ultra bajo, dise\u00f1o elegante, contador dual auto-BPM autom\u00e1tico inteligente con display de sincronizaci\u00f3n de tiempo y beat, ecualizador kill de 3 bandas y medidores de nivel precisos con funci\u00f3n de retenci\u00f3n de pico por canal, interruptores de conmutaci\u00f3n adicionales de 3 v\u00edas con separaci\u00f3n de frecuencia extremadamente pronunciada, impresionante efecto de sonido envolvente est\u00e9reo XPQ ajustable, faders controlados por VCA para m\u00e1xima fiabilidad y rendimiento sin ruido, curva de crossfader ajustable para todos los estilos de mezcla, funci\u00f3n de monitor con control de balancea master\/cue balance y opci\u00f3n de divisi\u00f3n, funci\u00f3n auto-talkover con control independiente de profundidad, 107 x 320 x 370 mm, peso: 3.7 kg.","og_url":"https:\/\/www.mexicanguitarplayers.com\/en\/tienda\/sin categor\u00eda\/mezcladora-behringer-mod-djx900usb\/","og_site_name":"Mexican Guitar Players","article_modified_time":"2026-05-05T22:15:11+00:00","twitter_card":"summary_large_image","twitter_misc":{"Est. reading time":"3 minutes"},"schema":{"@context":"https:\/\/schema.org","@graph":[{"@type":["WebPage","ItemPage"],"@id":"https:\/\/www.mexicanguitarplayers.com\/tienda\/sin categor\u00eda\/mezcladora-behringer-mod-djx900usb\/","url":"https:\/\/www.mexicanguitarplayers.com\/tienda\/sin categor\u00eda\/mezcladora-behringer-mod-djx900usb\/","name":"MEZCLADORA BEHRINGER MOD. DJX900USB - Mexican Guitar Players","isPartOf":{"@id":"https:\/\/www.mexicanguitarplayers.com\/#website"},"primaryImageOfPage":{"@id":"https:\/\/www.mexicanguitarplayers.com\/tienda\/sin categor\u00eda\/mezcladora-behringer-mod-djx900usb\/#primaryimage"},"image":{"@id":"https:\/\/www.mexicanguitarplayers.com\/tienda\/sin categor\u00eda\/mezcladora-behringer-mod-djx900usb\/#primaryimage"},"thumbnailUrl":"https:\/\/www.mexicanguitarplayers.com\/wp-content\/uploads\/2025\/04\/IABEHDJX900USB.jpg","datePublished":"2025-04-07T05:57:59+00:00","dateModified":"2026-05-05T22:15:11+00:00","description":"Mezcladora profesional para DJ de 5 canales, crossfader \u00f3ptico \u201cContact-Free\u201d VCA de 45 mm con tensi\u00f3n ajustable, efectos digitales avanzados de 24 bits con avanzado control de par\u00e1metros, interface Audio\/USB incorporada para grabaci\u00f3n y reproducci\u00f3n de cualquier archivo de m\u00fasica digital, ruido ultra bajo, dise\u00f1o elegante, contador dual auto-BPM autom\u00e1tico inteligente con display de sincronizaci\u00f3n de tiempo y beat, ecualizador kill de 3 bandas y medidores de nivel precisos con funci\u00f3n de retenci\u00f3n de pico por canal, interruptores de conmutaci\u00f3n adicionales de 3 v\u00edas con separaci\u00f3n de frecuencia extremadamente pronunciada, impresionante efecto de sonido envolvente est\u00e9reo XPQ ajustable, faders controlados por VCA para m\u00e1xima fiabilidad y rendimiento sin ruido, curva de crossfader ajustable para todos los estilos de mezcla, funci\u00f3n de monitor con control de balancea master\/cue balance y opci\u00f3n de divisi\u00f3n, funci\u00f3n auto-talkover con control independiente de profundidad, 107 x 320 x 370 mm, peso: 3.7 kg.","breadcrumb":{"@id":"https:\/\/www.mexicanguitarplayers.com\/tienda\/sin categor\u00eda\/mezcladora-behringer-mod-djx900usb\/#breadcrumb"},"inLanguage":"en-US","potentialAction":[{"@type":"ReadAction","target":["https:\/\/www.mexicanguitarplayers.com\/tienda\/sin categor\u00eda\/mezcladora-behringer-mod-djx900usb\/"]}]},{"@type":"ImageObject","inLanguage":"en-US","@id":"https:\/\/www.mexicanguitarplayers.com\/tienda\/sin categor\u00eda\/mezcladora-behringer-mod-djx900usb\/#primaryimage","url":"https:\/\/www.mexicanguitarplayers.com\/wp-content\/uploads\/2025\/04\/IABEHDJX900USB.jpg","contentUrl":"https:\/\/www.mexicanguitarplayers.com\/wp-content\/uploads\/2025\/04\/IABEHDJX900USB.jpg","width":1200,"height":1200},{"@type":"BreadcrumbList","@id":"https:\/\/www.mexicanguitarplayers.com\/tienda\/sin categor\u00eda\/mezcladora-behringer-mod-djx900usb\/#breadcrumb","itemListElement":[{"@type":"ListItem","position":1,"name":"Portada","item":"https:\/\/www.mexicanguitarplayers.com\/"},{"@type":"ListItem","position":2,"name":"Tienda","item":"https:\/\/www.mexicanguitarplayers.com\/tienda\/"},{"@type":"ListItem","position":3,"name":"MEZCLADORA BEHRINGER MOD. DJX900USB"}]},{"@type":"WebSite","@id":"https:\/\/www.mexicanguitarplayers.com\/#website","url":"https:\/\/www.mexicanguitarplayers.com\/","name":"Mexican Guitar Players","description":"Website","publisher":{"@id":"https:\/\/www.mexicanguitarplayers.com\/#organization"},"potentialAction":[{"@type":"SearchAction","target":{"@type":"EntryPoint","urlTemplate":"https:\/\/www.mexicanguitarplayers.com\/?s={search_term_string}"},"query-input":{"@type":"PropertyValueSpecification","valueRequired":true,"valueName":"search_term_string"}}],"inLanguage":"en-US"},{"@type":"Organization","@id":"https:\/\/www.mexicanguitarplayers.com\/#organization","name":"Mexican Guitar Players","url":"https:\/\/www.mexicanguitarplayers.com\/","logo":{"@type":"ImageObject","inLanguage":"en-US","@id":"https:\/\/www.mexicanguitarplayers.com\/#\/schema\/logo\/image\/","url":"","contentUrl":"","caption":"Mexican Guitar Players"},"image":{"@id":"https:\/\/www.mexicanguitarplayers.com\/#\/schema\/logo\/image\/"}}]}},"brands":[{"id":171,"name":"BEHRINGER","slug":"behringer"}],"_links":{"self":[{"href":"https:\/\/www.mexicanguitarplayers.com\/en\/wp-json\/wp\/v2\/product\/27247","targetHints":{"allow":["GET"]}}],"collection":[{"href":"https:\/\/www.mexicanguitarplayers.com\/en\/wp-json\/wp\/v2\/product"}],"about":[{"href":"https:\/\/www.mexicanguitarplayers.com\/en\/wp-json\/wp\/v2\/types\/product"}],"replies":[{"embeddable":true,"href":"https:\/\/www.mexicanguitarplayers.com\/en\/wp-json\/wp\/v2\/comments?post=27247"}],"wp:featuredmedia":[{"embeddable":true,"href":"https:\/\/www.mexicanguitarplayers.com\/en\/wp-json\/wp\/v2\/media\/27243"}],"wp:attachment":[{"href":"https:\/\/www.mexicanguitarplayers.com\/en\/wp-json\/wp\/v2\/media?parent=27247"}],"wp:term":[{"taxonomy":"pwb-brand","embeddable":true,"href":"https:\/\/www.mexicanguitarplayers.com\/en\/wp-json\/wp\/v2\/pwb-brand?post=27247"},{"taxonomy":"product_brand","embeddable":true,"href":"https:\/\/www.mexicanguitarplayers.com\/en\/wp-json\/wp\/v2\/product_brand?post=27247"},{"taxonomy":"product_cat","embeddable":true,"href":"https:\/\/www.mexicanguitarplayers.com\/en\/wp-json\/wp\/v2\/product_cat?post=27247"},{"taxonomy":"product_tag","embeddable":true,"href":"https:\/\/www.mexicanguitarplayers.com\/en\/wp-json\/wp\/v2\/product_tag?post=27247"}],"curies":[{"name":"wp","href":"https:\/\/api.w.org\/{rel}","templated":true}]}}