{"id":27264,"date":"2025-04-06T23:59:17","date_gmt":"2025-04-07T05:59:17","guid":{"rendered":"https:\/\/www.mexicanguitarplayers.com\/tienda\/sin categor\u00eda\/sistema-nux-inalambrico-mod-b-6\/"},"modified":"2026-04-06T13:15:09","modified_gmt":"2026-04-06T19:15:09","slug":"sistema-nux-inalambrico-mod-b-6","status":"publish","type":"product","link":"https:\/\/www.mexicanguitarplayers.com\/en\/tienda\/audio\/microfonia\/microfonos-inalambricos\/de-solapa\/sistema-nux-inalambrico-mod-b-6\/","title":{"rendered":"SISTEMA NUX INALAMBRICO MOD. B-6"},"content":{"rendered":"<div style=\"text-align: justify\">\n<div>\n<h3>B-6SAX SISTEMA NUX INALAMBRICO<\/h3>\n<\/div>\n<div>El sistema inal\u00e1mbrico NUX B-6 permite a los saxofonistas moverse libremente en el escenario sin estar atados a un soporte de micr\u00f3fono. Con un rango de operaci\u00f3n de 20 metros, el sistema inal\u00e1mbrico NUX B-6 para saxof\u00f3n puede mejorar significativamente la comodidad de su interpretaci\u00f3n.<\/div>\n<div>\n<h4>Characteristics<\/h4>\n<\/div>\n<div>\n<ul style=\"margin: 0px 0px 0px 25px\">\n<li style=\"list-style-type: circle;margin: 5px\">Frecuencia de Banda<\/li>\n<li style=\"list-style-type: circle;margin: 5px\">Tasa de Muestreo<\/li>\n<li style=\"list-style-type: circle;margin: 5px\">Latency<\/li>\n<li style=\"list-style-type: circle;margin: 5px\">S\/N<\/li>\n<li style=\"list-style-type: circle;margin: 5px\">THD + Ruido<\/li>\n<li style=\"list-style-type: circle;margin: 5px\">TX\/RX Duraci\u00f3n de la bater\u00eda<\/li>\n<li style=\"list-style-type: circle;margin: 5px\">Capacidad de la bater\u00eda<\/li>\n<li style=\"list-style-type: circle;margin: 5px\">Dimensions<\/li>\n<li style=\"list-style-type: circle;margin: 5px\">Weight:<\/li>\n<li style=\"list-style-type: circle;margin: 5px\">Accessories<\/li>\n<\/ul>\n<\/div>\n<\/div>","protected":false},"excerpt":{"rendered":"<p>El sistema NUX B-6 est\u00e1 dise\u00f1ado para microfonear el saxof\u00f3n v\u00eda inal\u00e1mbrica, puede ser usado con Soprano, Alto y Tenor. El B-6 cuenta concaracter\u00edsticas de activaci\u00f3n autom\u00e1tica, una frecuencia de transici\u00f3n de audio de alta calidad de 2.4 GHz libre de interferencia. Tiene una latencia s\u00faper baja en la se\u00f1al menor a 4 ms. Su rango de operaci\u00f3n es de aproximadamente 20 metros (65 pies). El B-6 incluye un estuche de carga que puede guardar, proteger y cargar las unidades inal\u00e1mbricas.&hellip; <a class=\"kt-excerpt-readmore more-link\" href=\"https:\/\/www.mexicanguitarplayers.com\/en\/tienda\/audio\/microfonia\/microfonos-inalambricos\/de-solapa\/sistema-nux-inalambrico-mod-b-6\/\">Read more<\/a><\/p>","protected":false},"featured_media":27257,"comment_status":"open","ping_status":"closed","template":"","meta":{"kt_blocks_editor_width":""},"pwb-brand":[177],"product_brand":[],"product_cat":[213,543,214,231],"product_tag":[],"class_list":{"0":"post-27264","1":"product","2":"type-product","3":"status-publish","4":"has-post-thumbnail","6":"pwb-brand-nux","7":"product_cat-audio","8":"product_cat-de-solapa","9":"product_cat-microfonia","10":"product_cat-microfonos-inalambricos","11":"product_shipping_class-0-5-kg","13":"first","14":"outofstock","15":"taxable","16":"shipping-taxable","17":"purchasable","18":"product-type-simple"},"yoast_head":"<!-- This site is optimized with the Yoast SEO plugin v27.3 - https:\/\/yoast.com\/product\/yoast-seo-wordpress\/ -->\n<title>SISTEMA NUX INALAMBRICO MOD. B-6 - Mexican Guitar Players<\/title>\n<meta name=\"description\" content=\"El sistema NUX B-6 est\u00e1 dise\u00f1ado para microfonear el saxof\u00f3n v\u00eda inal\u00e1mbrica, puede ser usado con Soprano, Alto y Tenor. El B-6 cuenta concaracter\u00edsticas de activaci\u00f3n autom\u00e1tica, una frecuencia de transici\u00f3n de audio de alta calidad de 2.4 GHz libre de interferencia. Tiene una latencia s\u00faper baja en la se\u00f1al menor a 4 ms. Su rango de operaci\u00f3n es de aproximadamente 20 metros (65 pies). El B-6 incluye un estuche de carga que puede guardar, proteger y cargar las unidades inal\u00e1mbricas.\" \/>\n<meta name=\"robots\" content=\"index, follow, max-snippet:-1, max-image-preview:large, max-video-preview:-1\" \/>\n<link rel=\"canonical\" href=\"https:\/\/www.mexicanguitarplayers.com\/en\/tienda\/sin%20categor\u00eda\/sistema-nux-inalambrico-mod-b-6\/\" \/>\n<meta property=\"og:locale\" content=\"en_US\" \/>\n<meta property=\"og:type\" content=\"article\" \/>\n<meta property=\"og:title\" content=\"SISTEMA NUX INALAMBRICO MOD. B-6 - Mexican Guitar Players\" \/>\n<meta property=\"og:description\" content=\"El sistema NUX B-6 est\u00e1 dise\u00f1ado para microfonear el saxof\u00f3n v\u00eda inal\u00e1mbrica, puede ser usado con Soprano, Alto y Tenor. El B-6 cuenta concaracter\u00edsticas de activaci\u00f3n autom\u00e1tica, una frecuencia de transici\u00f3n de audio de alta calidad de 2.4 GHz libre de interferencia. Tiene una latencia s\u00faper baja en la se\u00f1al menor a 4 ms. Su rango de operaci\u00f3n es de aproximadamente 20 metros (65 pies). El B-6 incluye un estuche de carga que puede guardar, proteger y cargar las unidades inal\u00e1mbricas.\" \/>\n<meta property=\"og:url\" content=\"https:\/\/www.mexicanguitarplayers.com\/en\/tienda\/sin categor\u00eda\/sistema-nux-inalambrico-mod-b-6\/\" \/>\n<meta property=\"og:site_name\" content=\"Mexican Guitar Players\" \/>\n<meta property=\"article:modified_time\" content=\"2026-04-06T19:15:09+00:00\" \/>\n<meta name=\"twitter:card\" content=\"summary_large_image\" \/>\n<script type=\"application\/ld+json\" class=\"yoast-schema-graph\">{\"@context\":\"https:\\\/\\\/schema.org\",\"@graph\":[{\"@type\":[\"WebPage\",\"ItemPage\"],\"@id\":\"https:\\\/\\\/www.mexicanguitarplayers.com\\\/tienda\\\/sin categor\u00eda\\\/sistema-nux-inalambrico-mod-b-6\\\/\",\"url\":\"https:\\\/\\\/www.mexicanguitarplayers.com\\\/tienda\\\/sin categor\u00eda\\\/sistema-nux-inalambrico-mod-b-6\\\/\",\"name\":\"SISTEMA NUX INALAMBRICO MOD. B-6 - Mexican Guitar Players\",\"isPartOf\":{\"@id\":\"https:\\\/\\\/www.mexicanguitarplayers.com\\\/#website\"},\"primaryImageOfPage\":{\"@id\":\"https:\\\/\\\/www.mexicanguitarplayers.com\\\/tienda\\\/sin categor\u00eda\\\/sistema-nux-inalambrico-mod-b-6\\\/#primaryimage\"},\"image\":{\"@id\":\"https:\\\/\\\/www.mexicanguitarplayers.com\\\/tienda\\\/sin categor\u00eda\\\/sistema-nux-inalambrico-mod-b-6\\\/#primaryimage\"},\"thumbnailUrl\":\"https:\\\/\\\/www.mexicanguitarplayers.com\\\/wp-content\\\/uploads\\\/2025\\\/04\\\/IANUXB6.jpg\",\"datePublished\":\"2025-04-07T05:59:17+00:00\",\"dateModified\":\"2026-04-06T19:15:09+00:00\",\"description\":\"El sistema NUX B-6 est\u00e1 dise\u00f1ado para microfonear el saxof\u00f3n v\u00eda inal\u00e1mbrica, puede ser usado con Soprano, Alto y Tenor. El B-6 cuenta concaracter\u00edsticas de activaci\u00f3n autom\u00e1tica, una frecuencia de transici\u00f3n de audio de alta calidad de 2.4 GHz libre de interferencia. Tiene una latencia s\u00faper baja en la se\u00f1al menor a 4 ms. Su rango de operaci\u00f3n es de aproximadamente 20 metros (65 pies). El B-6 incluye un estuche de carga que puede guardar, proteger y cargar las unidades inal\u00e1mbricas.\",\"breadcrumb\":{\"@id\":\"https:\\\/\\\/www.mexicanguitarplayers.com\\\/tienda\\\/sin categor\u00eda\\\/sistema-nux-inalambrico-mod-b-6\\\/#breadcrumb\"},\"inLanguage\":\"en-US\",\"potentialAction\":[{\"@type\":\"ReadAction\",\"target\":[\"https:\\\/\\\/www.mexicanguitarplayers.com\\\/tienda\\\/sin categor\u00eda\\\/sistema-nux-inalambrico-mod-b-6\\\/\"]}]},{\"@type\":\"ImageObject\",\"inLanguage\":\"en-US\",\"@id\":\"https:\\\/\\\/www.mexicanguitarplayers.com\\\/tienda\\\/sin categor\u00eda\\\/sistema-nux-inalambrico-mod-b-6\\\/#primaryimage\",\"url\":\"https:\\\/\\\/www.mexicanguitarplayers.com\\\/wp-content\\\/uploads\\\/2025\\\/04\\\/IANUXB6.jpg\",\"contentUrl\":\"https:\\\/\\\/www.mexicanguitarplayers.com\\\/wp-content\\\/uploads\\\/2025\\\/04\\\/IANUXB6.jpg\",\"width\":1200,\"height\":1200},{\"@type\":\"BreadcrumbList\",\"@id\":\"https:\\\/\\\/www.mexicanguitarplayers.com\\\/tienda\\\/sin categor\u00eda\\\/sistema-nux-inalambrico-mod-b-6\\\/#breadcrumb\",\"itemListElement\":[{\"@type\":\"ListItem\",\"position\":1,\"name\":\"Portada\",\"item\":\"https:\\\/\\\/www.mexicanguitarplayers.com\\\/\"},{\"@type\":\"ListItem\",\"position\":2,\"name\":\"Tienda\",\"item\":\"https:\\\/\\\/www.mexicanguitarplayers.com\\\/tienda\\\/\"},{\"@type\":\"ListItem\",\"position\":3,\"name\":\"SISTEMA NUX INALAMBRICO MOD. B-6\"}]},{\"@type\":\"WebSite\",\"@id\":\"https:\\\/\\\/www.mexicanguitarplayers.com\\\/#website\",\"url\":\"https:\\\/\\\/www.mexicanguitarplayers.com\\\/\",\"name\":\"Mexican Guitar Players\",\"description\":\"Website\",\"publisher\":{\"@id\":\"https:\\\/\\\/www.mexicanguitarplayers.com\\\/#organization\"},\"potentialAction\":[{\"@type\":\"SearchAction\",\"target\":{\"@type\":\"EntryPoint\",\"urlTemplate\":\"https:\\\/\\\/www.mexicanguitarplayers.com\\\/?s={search_term_string}\"},\"query-input\":{\"@type\":\"PropertyValueSpecification\",\"valueRequired\":true,\"valueName\":\"search_term_string\"}}],\"inLanguage\":\"en-US\"},{\"@type\":\"Organization\",\"@id\":\"https:\\\/\\\/www.mexicanguitarplayers.com\\\/#organization\",\"name\":\"Mexican Guitar Players\",\"url\":\"https:\\\/\\\/www.mexicanguitarplayers.com\\\/\",\"logo\":{\"@type\":\"ImageObject\",\"inLanguage\":\"en-US\",\"@id\":\"https:\\\/\\\/www.mexicanguitarplayers.com\\\/#\\\/schema\\\/logo\\\/image\\\/\",\"url\":\"\",\"contentUrl\":\"\",\"caption\":\"Mexican Guitar Players\"},\"image\":{\"@id\":\"https:\\\/\\\/www.mexicanguitarplayers.com\\\/#\\\/schema\\\/logo\\\/image\\\/\"}}]}<\/script>\n<!-- \/ Yoast SEO plugin. -->","yoast_head_json":{"title":"SISTEMA NUX INALAMBRICO MOD. B-6 - Mexican Guitar Players","description":"El sistema NUX B-6 est\u00e1 dise\u00f1ado para microfonear el saxof\u00f3n v\u00eda inal\u00e1mbrica, puede ser usado con Soprano, Alto y Tenor. El B-6 cuenta concaracter\u00edsticas de activaci\u00f3n autom\u00e1tica, una frecuencia de transici\u00f3n de audio de alta calidad de 2.4 GHz libre de interferencia. Tiene una latencia s\u00faper baja en la se\u00f1al menor a 4 ms. Su rango de operaci\u00f3n es de aproximadamente 20 metros (65 pies). El B-6 incluye un estuche de carga que puede guardar, proteger y cargar las unidades inal\u00e1mbricas.","robots":{"index":"index","follow":"follow","max-snippet":"max-snippet:-1","max-image-preview":"max-image-preview:large","max-video-preview":"max-video-preview:-1"},"canonical":"https:\/\/www.mexicanguitarplayers.com\/en\/tienda\/sin categor\u00eda\/sistema-nux-inalambrico-mod-b-6\/","og_locale":"en_US","og_type":"article","og_title":"SISTEMA NUX INALAMBRICO MOD. B-6 - Mexican Guitar Players","og_description":"El sistema NUX B-6 est\u00e1 dise\u00f1ado para microfonear el saxof\u00f3n v\u00eda inal\u00e1mbrica, puede ser usado con Soprano, Alto y Tenor. El B-6 cuenta concaracter\u00edsticas de activaci\u00f3n autom\u00e1tica, una frecuencia de transici\u00f3n de audio de alta calidad de 2.4 GHz libre de interferencia. Tiene una latencia s\u00faper baja en la se\u00f1al menor a 4 ms. Su rango de operaci\u00f3n es de aproximadamente 20 metros (65 pies). El B-6 incluye un estuche de carga que puede guardar, proteger y cargar las unidades inal\u00e1mbricas.","og_url":"https:\/\/www.mexicanguitarplayers.com\/en\/tienda\/sin categor\u00eda\/sistema-nux-inalambrico-mod-b-6\/","og_site_name":"Mexican Guitar Players","article_modified_time":"2026-04-06T19:15:09+00:00","twitter_card":"summary_large_image","schema":{"@context":"https:\/\/schema.org","@graph":[{"@type":["WebPage","ItemPage"],"@id":"https:\/\/www.mexicanguitarplayers.com\/tienda\/sin categor\u00eda\/sistema-nux-inalambrico-mod-b-6\/","url":"https:\/\/www.mexicanguitarplayers.com\/tienda\/sin categor\u00eda\/sistema-nux-inalambrico-mod-b-6\/","name":"SISTEMA NUX INALAMBRICO MOD. B-6 - Mexican Guitar Players","isPartOf":{"@id":"https:\/\/www.mexicanguitarplayers.com\/#website"},"primaryImageOfPage":{"@id":"https:\/\/www.mexicanguitarplayers.com\/tienda\/sin categor\u00eda\/sistema-nux-inalambrico-mod-b-6\/#primaryimage"},"image":{"@id":"https:\/\/www.mexicanguitarplayers.com\/tienda\/sin categor\u00eda\/sistema-nux-inalambrico-mod-b-6\/#primaryimage"},"thumbnailUrl":"https:\/\/www.mexicanguitarplayers.com\/wp-content\/uploads\/2025\/04\/IANUXB6.jpg","datePublished":"2025-04-07T05:59:17+00:00","dateModified":"2026-04-06T19:15:09+00:00","description":"El sistema NUX B-6 est\u00e1 dise\u00f1ado para microfonear el saxof\u00f3n v\u00eda inal\u00e1mbrica, puede ser usado con Soprano, Alto y Tenor. El B-6 cuenta concaracter\u00edsticas de activaci\u00f3n autom\u00e1tica, una frecuencia de transici\u00f3n de audio de alta calidad de 2.4 GHz libre de interferencia. Tiene una latencia s\u00faper baja en la se\u00f1al menor a 4 ms. Su rango de operaci\u00f3n es de aproximadamente 20 metros (65 pies). El B-6 incluye un estuche de carga que puede guardar, proteger y cargar las unidades inal\u00e1mbricas.","breadcrumb":{"@id":"https:\/\/www.mexicanguitarplayers.com\/tienda\/sin categor\u00eda\/sistema-nux-inalambrico-mod-b-6\/#breadcrumb"},"inLanguage":"en-US","potentialAction":[{"@type":"ReadAction","target":["https:\/\/www.mexicanguitarplayers.com\/tienda\/sin categor\u00eda\/sistema-nux-inalambrico-mod-b-6\/"]}]},{"@type":"ImageObject","inLanguage":"en-US","@id":"https:\/\/www.mexicanguitarplayers.com\/tienda\/sin categor\u00eda\/sistema-nux-inalambrico-mod-b-6\/#primaryimage","url":"https:\/\/www.mexicanguitarplayers.com\/wp-content\/uploads\/2025\/04\/IANUXB6.jpg","contentUrl":"https:\/\/www.mexicanguitarplayers.com\/wp-content\/uploads\/2025\/04\/IANUXB6.jpg","width":1200,"height":1200},{"@type":"BreadcrumbList","@id":"https:\/\/www.mexicanguitarplayers.com\/tienda\/sin categor\u00eda\/sistema-nux-inalambrico-mod-b-6\/#breadcrumb","itemListElement":[{"@type":"ListItem","position":1,"name":"Portada","item":"https:\/\/www.mexicanguitarplayers.com\/"},{"@type":"ListItem","position":2,"name":"Tienda","item":"https:\/\/www.mexicanguitarplayers.com\/tienda\/"},{"@type":"ListItem","position":3,"name":"SISTEMA NUX INALAMBRICO MOD. B-6"}]},{"@type":"WebSite","@id":"https:\/\/www.mexicanguitarplayers.com\/#website","url":"https:\/\/www.mexicanguitarplayers.com\/","name":"Mexican Guitar Players","description":"Website","publisher":{"@id":"https:\/\/www.mexicanguitarplayers.com\/#organization"},"potentialAction":[{"@type":"SearchAction","target":{"@type":"EntryPoint","urlTemplate":"https:\/\/www.mexicanguitarplayers.com\/?s={search_term_string}"},"query-input":{"@type":"PropertyValueSpecification","valueRequired":true,"valueName":"search_term_string"}}],"inLanguage":"en-US"},{"@type":"Organization","@id":"https:\/\/www.mexicanguitarplayers.com\/#organization","name":"Mexican Guitar Players","url":"https:\/\/www.mexicanguitarplayers.com\/","logo":{"@type":"ImageObject","inLanguage":"en-US","@id":"https:\/\/www.mexicanguitarplayers.com\/#\/schema\/logo\/image\/","url":"","contentUrl":"","caption":"Mexican Guitar Players"},"image":{"@id":"https:\/\/www.mexicanguitarplayers.com\/#\/schema\/logo\/image\/"}}]}},"brands":[{"id":177,"name":"NUX","slug":"nux"}],"_links":{"self":[{"href":"https:\/\/www.mexicanguitarplayers.com\/en\/wp-json\/wp\/v2\/product\/27264","targetHints":{"allow":["GET"]}}],"collection":[{"href":"https:\/\/www.mexicanguitarplayers.com\/en\/wp-json\/wp\/v2\/product"}],"about":[{"href":"https:\/\/www.mexicanguitarplayers.com\/en\/wp-json\/wp\/v2\/types\/product"}],"replies":[{"embeddable":true,"href":"https:\/\/www.mexicanguitarplayers.com\/en\/wp-json\/wp\/v2\/comments?post=27264"}],"wp:featuredmedia":[{"embeddable":true,"href":"https:\/\/www.mexicanguitarplayers.com\/en\/wp-json\/wp\/v2\/media\/27257"}],"wp:attachment":[{"href":"https:\/\/www.mexicanguitarplayers.com\/en\/wp-json\/wp\/v2\/media?parent=27264"}],"wp:term":[{"taxonomy":"pwb-brand","embeddable":true,"href":"https:\/\/www.mexicanguitarplayers.com\/en\/wp-json\/wp\/v2\/pwb-brand?post=27264"},{"taxonomy":"product_brand","embeddable":true,"href":"https:\/\/www.mexicanguitarplayers.com\/en\/wp-json\/wp\/v2\/product_brand?post=27264"},{"taxonomy":"product_cat","embeddable":true,"href":"https:\/\/www.mexicanguitarplayers.com\/en\/wp-json\/wp\/v2\/product_cat?post=27264"},{"taxonomy":"product_tag","embeddable":true,"href":"https:\/\/www.mexicanguitarplayers.com\/en\/wp-json\/wp\/v2\/product_tag?post=27264"}],"curies":[{"name":"wp","href":"https:\/\/api.w.org\/{rel}","templated":true}]}}