{"id":27268,"date":"2025-04-06T23:59:42","date_gmt":"2025-04-07T05:59:42","guid":{"rendered":"https:\/\/www.mexicanguitarplayers.com\/tienda\/sin categor\u00eda\/bafle-blackstar-p-bajo-unity-elite-410c\/"},"modified":"2026-04-10T04:42:25","modified_gmt":"2026-04-10T10:42:25","slug":"bafle-blackstar-p-bajo-unity-elite-410c","status":"publish","type":"product","link":"https:\/\/www.mexicanguitarplayers.com\/en\/tienda\/cuerdas\/bafles-cuerdas\/bafles-para-bajo\/bafle-blackstar-p-bajo-unity-elite-410c\/","title":{"rendered":"BAFLE BLACKSTAR P\/BAJO UNITY ELITE 410C"},"content":{"rendered":"<div style=\"text-align: justify\">\n<div>\n<h3>Es hora de entusiasmarse con el bajo.<\/h3>\n<\/div>\n<div>El sistema Unity Pro de Blackstar ha establecido el est\u00e1ndar de potencia y flexibilidad en combos compactos para bajo. El nuevo cabezal y gabinetes Unity Elite de gama alta brindan un tono que llena el estadio en un formato conveniente y liviano. El cabezal de gran headroom ofrece una suficiente claridad tonal para cualquier situaci\u00f3n en vivo. Los gabinetes Elite utilizan una construcci\u00f3n de madera maciza incre\u00edblemente fuerte y liviana combinada con drivers de cer\u00e1mica Eminance premium como est\u00e1ndar para obtener sonidos aut\u00e9nticos y una ligereza l\u00edder en su clase. La funci\u00f3n Response recrea con precisi\u00f3n la respuesta de dos venerados bulbos de salida, el 6550 y el 6L6. El overdrive y los efectos con calidad de estudio se pueden conmutar mediante el footswitch FS-13 de 2 botones (incluido) o el driver controlador de pedal FS-12 opcional (no incluido) con funcionalidad y afinador ampliados. El gabinete pasivo de bajo Unity 410C Elite de Blackstar es un paso adelante en el tono. Funcionar\u00e1 en perfecta armon\u00eda cuando se combine con el cabezal de bajo Blackstar Unity 700H Elite de 700W. Este equipo es perfecto tanto para los entusiastas del bajo como para los m\u00fasicos profesionales.<\/div>\n<div>\n<h4>Quick look<\/h4>\n<\/div>\n<ul style=\"margin: 0px 0px 0px 25px\">\n<li style=\"list-style-type: circle;margin: 5px\">Kind.<\/li>\n<li style=\"list-style-type: circle;margin: 5px\">Power.<\/li>\n<li style=\"list-style-type: circle;margin: 5px\">Material.<\/li>\n<li style=\"list-style-type: circle;margin: 5px\">Speakers.<\/li>\n<li style=\"list-style-type: circle;margin: 5px\">Impedance.<\/li>\n<li style=\"list-style-type: circle;margin: 5px\">Connectors.<\/li>\n<li style=\"list-style-type: circle;margin: 5px\">Dimensions.<\/li>\n<li style=\"list-style-type: circle;margin: 5px\">Weight.<\/li>\n<\/ul>\n<div>\n<div style=\"font-weight: bold\">Kind.<\/div>\n<div>\n<p>Gabinete de altavoz pasivo con tweeter para bajo.<\/p>\n<\/div>\n<div style=\"font-weight: bold\">Power.<\/div>\n<div>\n<p>800W.<\/p>\n<\/div>\n<div style=\"font-weight: bold\">Material.<\/div>\n<div>\n<p>Madera maciza.<\/p>\n<\/div>\n<div style=\"font-weight: bold\">Speakers.<\/div>\n<div>\n<p>4 altavoces cer\u00e1micos Eminence Beta-10A. Tweeter Eminence APT:80 con selecci\u00f3n de nivel de 3 v\u00edas (High, Low, Off).<\/p>\n<\/div>\n<div style=\"font-weight: bold\">Impedance.<\/div>\n<div>\n<p>8 ohms.<\/p>\n<\/div>\n<div style=\"font-weight: bold\">Connectors.<\/div>\n<div>\n<p>Conector combi 1\/4&#8243; y speak ON Input y Thru.<\/p>\n<\/div>\n<div style=\"font-weight: bold\">Dimensions.<\/div>\n<div>\n<p>620 x 400 x 660 mm.<\/p>\n<\/div>\n<div style=\"font-weight: bold\">Weight.<\/div>\n<div>\n<p>33.9 kg.<\/p>\n<\/div>\n<\/div>\n<\/div>","protected":false},"excerpt":{"rendered":"<p>Gabinete de altavoz pasivo con tweeter para bajo, potencia: 800W, construcci\u00f3n profesional ultraligera de madera maciza, 4 altavoces cer\u00e1micos Eminence Beta-10A, tweeer Eminence APT:80 con selecci\u00f3n de nivel de 3 v\u00edas (High, Low, Off), impedancia de 8 ohms, conector combi 1\/4\u201d y speak ON Input y Thru, gabinete con puertos para una respuesta de bajos extendida, logotipo met\u00e1lico de estrella, dimensiones: 620 x 400 x 660 mm, peso: 33.9 kg.&hellip; <a class=\"kt-excerpt-readmore more-link\" href=\"https:\/\/www.mexicanguitarplayers.com\/en\/tienda\/cuerdas\/bafles-cuerdas\/bafles-para-bajo\/bafle-blackstar-p-bajo-unity-elite-410c\/\">Read more<\/a><\/p>","protected":false},"featured_media":27267,"comment_status":"open","ping_status":"closed","template":"","meta":{"kt_blocks_editor_width":""},"pwb-brand":[172],"product_brand":[],"product_cat":[222,251,224],"product_tag":[],"class_list":{"0":"post-27268","1":"product","2":"type-product","3":"status-publish","4":"has-post-thumbnail","6":"pwb-brand-blackstar","7":"product_cat-bafles","8":"product_cat-bafles-para-bajo","9":"product_cat-cuerdas","11":"first","12":"outofstock","13":"taxable","14":"shipping-taxable","15":"purchasable","16":"product-type-simple"},"yoast_head":"<!-- This site is optimized with the Yoast SEO plugin v27.5 - https:\/\/yoast.com\/product\/yoast-seo-wordpress\/ -->\n<title>BAFLE BLACKSTAR P\/BAJO UNITY ELITE 410C - Mexican Guitar Players<\/title>\n<meta name=\"description\" content=\"Gabinete de altavoz pasivo con tweeter para bajo, potencia: 800W, construcci\u00f3n profesional ultraligera de madera maciza, 4 altavoces cer\u00e1micos Eminence Beta-10A, tweeer Eminence APT:80 con selecci\u00f3n de nivel de 3 v\u00edas (High, Low, Off), impedancia de 8 ohms, conector combi 1\/4\u201d y speak ON Input y Thru, gabinete con puertos para una respuesta de bajos extendida, logotipo met\u00e1lico de estrella, dimensiones: 620 x 400 x 660 mm, peso: 33.9 kg.\" \/>\n<meta name=\"robots\" content=\"index, follow, max-snippet:-1, max-image-preview:large, max-video-preview:-1\" \/>\n<link rel=\"canonical\" href=\"https:\/\/www.mexicanguitarplayers.com\/en\/tienda\/sin%20categor\u00eda\/bafle-blackstar-p-bajo-unity-elite-410c\/\" \/>\n<meta property=\"og:locale\" content=\"en_US\" \/>\n<meta property=\"og:type\" content=\"article\" \/>\n<meta property=\"og:title\" content=\"BAFLE BLACKSTAR P\/BAJO UNITY ELITE 410C - Mexican Guitar Players\" \/>\n<meta property=\"og:description\" content=\"Gabinete de altavoz pasivo con tweeter para bajo, potencia: 800W, construcci\u00f3n profesional ultraligera de madera maciza, 4 altavoces cer\u00e1micos Eminence Beta-10A, tweeer Eminence APT:80 con selecci\u00f3n de nivel de 3 v\u00edas (High, Low, Off), impedancia de 8 ohms, conector combi 1\/4\u201d y speak ON Input y Thru, gabinete con puertos para una respuesta de bajos extendida, logotipo met\u00e1lico de estrella, dimensiones: 620 x 400 x 660 mm, peso: 33.9 kg.\" \/>\n<meta property=\"og:url\" content=\"https:\/\/www.mexicanguitarplayers.com\/en\/tienda\/sin categor\u00eda\/bafle-blackstar-p-bajo-unity-elite-410c\/\" \/>\n<meta property=\"og:site_name\" content=\"Mexican Guitar Players\" \/>\n<meta property=\"article:modified_time\" content=\"2026-04-10T10:42:25+00:00\" \/>\n<meta name=\"twitter:card\" content=\"summary_large_image\" \/>\n<meta name=\"twitter:label1\" content=\"Est. reading time\" \/>\n\t<meta name=\"twitter:data1\" content=\"1 minute\" \/>\n<script type=\"application\/ld+json\" class=\"yoast-schema-graph\">{\"@context\":\"https:\\\/\\\/schema.org\",\"@graph\":[{\"@type\":[\"WebPage\",\"ItemPage\"],\"@id\":\"https:\\\/\\\/www.mexicanguitarplayers.com\\\/tienda\\\/sin categor\u00eda\\\/bafle-blackstar-p-bajo-unity-elite-410c\\\/\",\"url\":\"https:\\\/\\\/www.mexicanguitarplayers.com\\\/tienda\\\/sin categor\u00eda\\\/bafle-blackstar-p-bajo-unity-elite-410c\\\/\",\"name\":\"BAFLE BLACKSTAR P\\\/BAJO UNITY ELITE 410C - Mexican Guitar Players\",\"isPartOf\":{\"@id\":\"https:\\\/\\\/www.mexicanguitarplayers.com\\\/#website\"},\"primaryImageOfPage\":{\"@id\":\"https:\\\/\\\/www.mexicanguitarplayers.com\\\/tienda\\\/sin categor\u00eda\\\/bafle-blackstar-p-bajo-unity-elite-410c\\\/#primaryimage\"},\"image\":{\"@id\":\"https:\\\/\\\/www.mexicanguitarplayers.com\\\/tienda\\\/sin categor\u00eda\\\/bafle-blackstar-p-bajo-unity-elite-410c\\\/#primaryimage\"},\"thumbnailUrl\":\"https:\\\/\\\/www.mexicanguitarplayers.com\\\/wp-content\\\/uploads\\\/2025\\\/04\\\/ICBLSUNITY410C.jpg\",\"datePublished\":\"2025-04-07T05:59:42+00:00\",\"dateModified\":\"2026-04-10T10:42:25+00:00\",\"description\":\"Gabinete de altavoz pasivo con tweeter para bajo, potencia: 800W, construcci\u00f3n profesional ultraligera de madera maciza, 4 altavoces cer\u00e1micos Eminence Beta-10A, tweeer Eminence APT:80 con selecci\u00f3n de nivel de 3 v\u00edas (High, Low, Off), impedancia de 8 ohms, conector combi 1\\\/4\u201d y speak ON Input y Thru, gabinete con puertos para una respuesta de bajos extendida, logotipo met\u00e1lico de estrella, dimensiones: 620 x 400 x 660 mm, peso: 33.9 kg.\",\"breadcrumb\":{\"@id\":\"https:\\\/\\\/www.mexicanguitarplayers.com\\\/tienda\\\/sin categor\u00eda\\\/bafle-blackstar-p-bajo-unity-elite-410c\\\/#breadcrumb\"},\"inLanguage\":\"en-US\",\"potentialAction\":[{\"@type\":\"ReadAction\",\"target\":[\"https:\\\/\\\/www.mexicanguitarplayers.com\\\/tienda\\\/sin categor\u00eda\\\/bafle-blackstar-p-bajo-unity-elite-410c\\\/\"]}]},{\"@type\":\"ImageObject\",\"inLanguage\":\"en-US\",\"@id\":\"https:\\\/\\\/www.mexicanguitarplayers.com\\\/tienda\\\/sin categor\u00eda\\\/bafle-blackstar-p-bajo-unity-elite-410c\\\/#primaryimage\",\"url\":\"https:\\\/\\\/www.mexicanguitarplayers.com\\\/wp-content\\\/uploads\\\/2025\\\/04\\\/ICBLSUNITY410C.jpg\",\"contentUrl\":\"https:\\\/\\\/www.mexicanguitarplayers.com\\\/wp-content\\\/uploads\\\/2025\\\/04\\\/ICBLSUNITY410C.jpg\",\"width\":1200,\"height\":1200},{\"@type\":\"BreadcrumbList\",\"@id\":\"https:\\\/\\\/www.mexicanguitarplayers.com\\\/tienda\\\/sin categor\u00eda\\\/bafle-blackstar-p-bajo-unity-elite-410c\\\/#breadcrumb\",\"itemListElement\":[{\"@type\":\"ListItem\",\"position\":1,\"name\":\"Portada\",\"item\":\"https:\\\/\\\/www.mexicanguitarplayers.com\\\/\"},{\"@type\":\"ListItem\",\"position\":2,\"name\":\"Tienda\",\"item\":\"https:\\\/\\\/www.mexicanguitarplayers.com\\\/tienda\\\/\"},{\"@type\":\"ListItem\",\"position\":3,\"name\":\"BAFLE BLACKSTAR P\\\/BAJO UNITY ELITE 410C\"}]},{\"@type\":\"WebSite\",\"@id\":\"https:\\\/\\\/www.mexicanguitarplayers.com\\\/#website\",\"url\":\"https:\\\/\\\/www.mexicanguitarplayers.com\\\/\",\"name\":\"Mexican Guitar Players\",\"description\":\"Website\",\"publisher\":{\"@id\":\"https:\\\/\\\/www.mexicanguitarplayers.com\\\/#organization\"},\"potentialAction\":[{\"@type\":\"SearchAction\",\"target\":{\"@type\":\"EntryPoint\",\"urlTemplate\":\"https:\\\/\\\/www.mexicanguitarplayers.com\\\/?s={search_term_string}\"},\"query-input\":{\"@type\":\"PropertyValueSpecification\",\"valueRequired\":true,\"valueName\":\"search_term_string\"}}],\"inLanguage\":\"en-US\"},{\"@type\":\"Organization\",\"@id\":\"https:\\\/\\\/www.mexicanguitarplayers.com\\\/#organization\",\"name\":\"Mexican Guitar Players\",\"url\":\"https:\\\/\\\/www.mexicanguitarplayers.com\\\/\",\"logo\":{\"@type\":\"ImageObject\",\"inLanguage\":\"en-US\",\"@id\":\"https:\\\/\\\/www.mexicanguitarplayers.com\\\/#\\\/schema\\\/logo\\\/image\\\/\",\"url\":\"\",\"contentUrl\":\"\",\"caption\":\"Mexican Guitar Players\"},\"image\":{\"@id\":\"https:\\\/\\\/www.mexicanguitarplayers.com\\\/#\\\/schema\\\/logo\\\/image\\\/\"}}]}<\/script>\n<!-- \/ Yoast SEO plugin. -->","yoast_head_json":{"title":"BAFLE BLACKSTAR P\/BAJO UNITY ELITE 410C - Mexican Guitar Players","description":"Gabinete de altavoz pasivo con tweeter para bajo, potencia: 800W, construcci\u00f3n profesional ultraligera de madera maciza, 4 altavoces cer\u00e1micos Eminence Beta-10A, tweeer Eminence APT:80 con selecci\u00f3n de nivel de 3 v\u00edas (High, Low, Off), impedancia de 8 ohms, conector combi 1\/4\u201d y speak ON Input y Thru, gabinete con puertos para una respuesta de bajos extendida, logotipo met\u00e1lico de estrella, dimensiones: 620 x 400 x 660 mm, peso: 33.9 kg.","robots":{"index":"index","follow":"follow","max-snippet":"max-snippet:-1","max-image-preview":"max-image-preview:large","max-video-preview":"max-video-preview:-1"},"canonical":"https:\/\/www.mexicanguitarplayers.com\/en\/tienda\/sin categor\u00eda\/bafle-blackstar-p-bajo-unity-elite-410c\/","og_locale":"en_US","og_type":"article","og_title":"BAFLE BLACKSTAR P\/BAJO UNITY ELITE 410C - Mexican Guitar Players","og_description":"Gabinete de altavoz pasivo con tweeter para bajo, potencia: 800W, construcci\u00f3n profesional ultraligera de madera maciza, 4 altavoces cer\u00e1micos Eminence Beta-10A, tweeer Eminence APT:80 con selecci\u00f3n de nivel de 3 v\u00edas (High, Low, Off), impedancia de 8 ohms, conector combi 1\/4\u201d y speak ON Input y Thru, gabinete con puertos para una respuesta de bajos extendida, logotipo met\u00e1lico de estrella, dimensiones: 620 x 400 x 660 mm, peso: 33.9 kg.","og_url":"https:\/\/www.mexicanguitarplayers.com\/en\/tienda\/sin categor\u00eda\/bafle-blackstar-p-bajo-unity-elite-410c\/","og_site_name":"Mexican Guitar Players","article_modified_time":"2026-04-10T10:42:25+00:00","twitter_card":"summary_large_image","twitter_misc":{"Est. reading time":"1 minute"},"schema":{"@context":"https:\/\/schema.org","@graph":[{"@type":["WebPage","ItemPage"],"@id":"https:\/\/www.mexicanguitarplayers.com\/tienda\/sin categor\u00eda\/bafle-blackstar-p-bajo-unity-elite-410c\/","url":"https:\/\/www.mexicanguitarplayers.com\/tienda\/sin categor\u00eda\/bafle-blackstar-p-bajo-unity-elite-410c\/","name":"BAFLE BLACKSTAR P\/BAJO UNITY ELITE 410C - Mexican Guitar Players","isPartOf":{"@id":"https:\/\/www.mexicanguitarplayers.com\/#website"},"primaryImageOfPage":{"@id":"https:\/\/www.mexicanguitarplayers.com\/tienda\/sin categor\u00eda\/bafle-blackstar-p-bajo-unity-elite-410c\/#primaryimage"},"image":{"@id":"https:\/\/www.mexicanguitarplayers.com\/tienda\/sin categor\u00eda\/bafle-blackstar-p-bajo-unity-elite-410c\/#primaryimage"},"thumbnailUrl":"https:\/\/www.mexicanguitarplayers.com\/wp-content\/uploads\/2025\/04\/ICBLSUNITY410C.jpg","datePublished":"2025-04-07T05:59:42+00:00","dateModified":"2026-04-10T10:42:25+00:00","description":"Gabinete de altavoz pasivo con tweeter para bajo, potencia: 800W, construcci\u00f3n profesional ultraligera de madera maciza, 4 altavoces cer\u00e1micos Eminence Beta-10A, tweeer Eminence APT:80 con selecci\u00f3n de nivel de 3 v\u00edas (High, Low, Off), impedancia de 8 ohms, conector combi 1\/4\u201d y speak ON Input y Thru, gabinete con puertos para una respuesta de bajos extendida, logotipo met\u00e1lico de estrella, dimensiones: 620 x 400 x 660 mm, peso: 33.9 kg.","breadcrumb":{"@id":"https:\/\/www.mexicanguitarplayers.com\/tienda\/sin categor\u00eda\/bafle-blackstar-p-bajo-unity-elite-410c\/#breadcrumb"},"inLanguage":"en-US","potentialAction":[{"@type":"ReadAction","target":["https:\/\/www.mexicanguitarplayers.com\/tienda\/sin categor\u00eda\/bafle-blackstar-p-bajo-unity-elite-410c\/"]}]},{"@type":"ImageObject","inLanguage":"en-US","@id":"https:\/\/www.mexicanguitarplayers.com\/tienda\/sin categor\u00eda\/bafle-blackstar-p-bajo-unity-elite-410c\/#primaryimage","url":"https:\/\/www.mexicanguitarplayers.com\/wp-content\/uploads\/2025\/04\/ICBLSUNITY410C.jpg","contentUrl":"https:\/\/www.mexicanguitarplayers.com\/wp-content\/uploads\/2025\/04\/ICBLSUNITY410C.jpg","width":1200,"height":1200},{"@type":"BreadcrumbList","@id":"https:\/\/www.mexicanguitarplayers.com\/tienda\/sin categor\u00eda\/bafle-blackstar-p-bajo-unity-elite-410c\/#breadcrumb","itemListElement":[{"@type":"ListItem","position":1,"name":"Portada","item":"https:\/\/www.mexicanguitarplayers.com\/"},{"@type":"ListItem","position":2,"name":"Tienda","item":"https:\/\/www.mexicanguitarplayers.com\/tienda\/"},{"@type":"ListItem","position":3,"name":"BAFLE BLACKSTAR P\/BAJO UNITY ELITE 410C"}]},{"@type":"WebSite","@id":"https:\/\/www.mexicanguitarplayers.com\/#website","url":"https:\/\/www.mexicanguitarplayers.com\/","name":"Mexican Guitar Players","description":"Website","publisher":{"@id":"https:\/\/www.mexicanguitarplayers.com\/#organization"},"potentialAction":[{"@type":"SearchAction","target":{"@type":"EntryPoint","urlTemplate":"https:\/\/www.mexicanguitarplayers.com\/?s={search_term_string}"},"query-input":{"@type":"PropertyValueSpecification","valueRequired":true,"valueName":"search_term_string"}}],"inLanguage":"en-US"},{"@type":"Organization","@id":"https:\/\/www.mexicanguitarplayers.com\/#organization","name":"Mexican Guitar Players","url":"https:\/\/www.mexicanguitarplayers.com\/","logo":{"@type":"ImageObject","inLanguage":"en-US","@id":"https:\/\/www.mexicanguitarplayers.com\/#\/schema\/logo\/image\/","url":"","contentUrl":"","caption":"Mexican Guitar Players"},"image":{"@id":"https:\/\/www.mexicanguitarplayers.com\/#\/schema\/logo\/image\/"}}]}},"brands":[{"id":172,"name":"BLACKSTAR","slug":"blackstar"}],"_links":{"self":[{"href":"https:\/\/www.mexicanguitarplayers.com\/en\/wp-json\/wp\/v2\/product\/27268","targetHints":{"allow":["GET"]}}],"collection":[{"href":"https:\/\/www.mexicanguitarplayers.com\/en\/wp-json\/wp\/v2\/product"}],"about":[{"href":"https:\/\/www.mexicanguitarplayers.com\/en\/wp-json\/wp\/v2\/types\/product"}],"replies":[{"embeddable":true,"href":"https:\/\/www.mexicanguitarplayers.com\/en\/wp-json\/wp\/v2\/comments?post=27268"}],"wp:featuredmedia":[{"embeddable":true,"href":"https:\/\/www.mexicanguitarplayers.com\/en\/wp-json\/wp\/v2\/media\/27267"}],"wp:attachment":[{"href":"https:\/\/www.mexicanguitarplayers.com\/en\/wp-json\/wp\/v2\/media?parent=27268"}],"wp:term":[{"taxonomy":"pwb-brand","embeddable":true,"href":"https:\/\/www.mexicanguitarplayers.com\/en\/wp-json\/wp\/v2\/pwb-brand?post=27268"},{"taxonomy":"product_brand","embeddable":true,"href":"https:\/\/www.mexicanguitarplayers.com\/en\/wp-json\/wp\/v2\/product_brand?post=27268"},{"taxonomy":"product_cat","embeddable":true,"href":"https:\/\/www.mexicanguitarplayers.com\/en\/wp-json\/wp\/v2\/product_cat?post=27268"},{"taxonomy":"product_tag","embeddable":true,"href":"https:\/\/www.mexicanguitarplayers.com\/en\/wp-json\/wp\/v2\/product_tag?post=27268"}],"curies":[{"name":"wp","href":"https:\/\/api.w.org\/{rel}","templated":true}]}}