{"id":27331,"date":"2025-04-07T08:22:54","date_gmt":"2025-04-07T14:22:54","guid":{"rendered":"https:\/\/www.mexicanguitarplayers.com\/tienda\/sin categor\u00eda\/bajo-spector-electrico-mod-euro4rst\/"},"modified":"2026-04-10T04:42:16","modified_gmt":"2026-04-10T10:42:16","slug":"bajo-spector-electrico-mod-euro4rst","status":"publish","type":"product","link":"https:\/\/www.mexicanguitarplayers.com\/en\/tienda\/cuerdas\/bajos\/electricos\/electricos-activos\/bajo-spector-electrico-mod-euro4rst\/","title":{"rendered":"BAJO SPECTOR ELECTRICO MOD. EURO4RST"},"content":{"rendered":"<div style=\"text-align: justify\">\n<div>\n<h3>La verdadera esencia del legendario dise\u00f1o de Spector.<\/h3>\n<\/div>\n<div>La serie Euro RST lleva el dise\u00f1o cl\u00e1sico de Spector a una nueva rea con maderas tonales actualizadas, electr\u00f3nica mejorada y una nueva paleta de opciones de tinte exclusivas. La construcci\u00f3n del brazo ha sido durante mucho tiempo fundamental para el dise\u00f1o de Spector. El bajo Euro RST lleva este concepto al siguiente nivel, con un brazo y diapas\u00f3n de maple tostado de tres piezas, que no solo le da a este dise\u00f1o un aspecto distintivo, sino que tambi\u00e9n ofrece mayor estabilidad y rigidez. Esta madera tonal perfectamente templada se combina con una tapa de maple flameado de figura \u00fanica y un fondo de madera flameado para lograr un aspecto impactante, resonancia y un rendimiento ligero. Para la electr\u00f3nica, los modelos Euro RST est\u00e1n cargados con pastillas Aguilar Super Double y preamplificadores OBP-2 para un enfoque adicional de rango medio que seguramente destacar\u00e1 en cualquier mezcla. Estos emocionantes bajos est\u00e1n disponibles en tres colores completamente nuevos: Sienna Stain, Turquoise Tide y Sundown Glow, cada uno complementado con un cabezal a juego y un terminado mate suave que se siente desde el primer d\u00eda.<\/div>\n<div>\n<h4>Quick look<\/h4>\n<\/div>\n<ul style=\"margin: 0px 0px 0px 25px\">\n<li style=\"list-style-type: circle;margin: 5px\">Kind.<\/li>\n<li style=\"list-style-type: circle;margin: 5px\">Top.<\/li>\n<li style=\"list-style-type: circle;margin: 5px\">Cuerpo.<\/li>\n<li style=\"list-style-type: circle;margin: 5px\">Arm.<\/li>\n<li style=\"list-style-type: circle;margin: 5px\">Diapason.<\/li>\n<li style=\"list-style-type: circle;margin: 5px\">Frets<\/li>\n<li style=\"list-style-type: circle;margin: 5px\">Scale.<\/li>\n<li style=\"list-style-type: circle;margin: 5px\">Nut.<\/li>\n<li style=\"list-style-type: circle;margin: 5px\">Ancho de la cejuela.<\/li>\n<li style=\"list-style-type: circle;margin: 5px\">Scale.<\/li>\n<li style=\"list-style-type: circle;margin: 5px\">Controls<\/li>\n<li style=\"list-style-type: circle;margin: 5px\">Pastillas.<\/li>\n<li style=\"list-style-type: circle;margin: 5px\">Configuraci\u00f3n de pastillas.<\/li>\n<li style=\"list-style-type: circle;margin: 5px\">Sistema de preamp.<\/li>\n<li style=\"list-style-type: circle;margin: 5px\">Hardware.<\/li>\n<li style=\"list-style-type: circle;margin: 5px\">Bridge.<\/li>\n<li style=\"list-style-type: circle;margin: 5px\">Machinery.<\/li>\n<li style=\"list-style-type: circle;margin: 5px\">Terminado.<\/li>\n<li style=\"list-style-type: circle;margin: 5px\">Strings<\/li>\n<li style=\"list-style-type: circle;margin: 5px\">Espaciado entre cuerdas.<\/li>\n<\/ul>\n<div>\n<div style=\"font-weight: bold\">Kind.<\/div>\n<div>\n<p>Bajo el\u00e9ctrico de 4 cuerdas.<\/p>\n<\/div>\n<div style=\"font-weight: bold\">Top.<\/div>\n<div>\n<p>Flamed maple.<\/p>\n<\/div>\n<div style=\"font-weight: bold\">Cuerpo.<\/div>\n<div>\n<p>Paulownia\/Empresswood.<\/p>\n<\/div>\n<div style=\"font-weight: bold\">Arm.<\/div>\n<div>\n<p>3 piezas de maple tostado con soporte de alma de grafito.<\/p>\n<\/div>\n<div style=\"font-weight: bold\">Diapason.<\/div>\n<div>\n<p>Maple tostado.<\/p>\n<\/div>\n<div style=\"font-weight: bold\">Frets<\/div>\n<div>\n<p>24.<\/p>\n<\/div>\n<div style=\"font-weight: bold\">Scale.<\/div>\n<div>\n<p>Corona de n\u00e1car.<\/p>\n<\/div>\n<div style=\"font-weight: bold\">Nut.<\/div>\n<div>\n<p>Lat\u00f3n.<\/p>\n<\/div>\n<div style=\"font-weight: bold\">Ancho de la cejuela.<\/div>\n<div>\n<p>1.64&#8243;.<\/p>\n<\/div>\n<div style=\"font-weight: bold\">Scale.<\/div>\n<div>\n<p>34&#8243;.<\/p>\n<\/div>\n<div style=\"font-weight: bold\">Controls<\/div>\n<div>\n<p>2 vol\u00famenes, treble cut\/boost, bass cut\/boost.<\/p>\n<\/div>\n<div style=\"font-weight: bold\">Pastillas.<\/div>\n<div>\n<p>Aguilar Super Double 4SD-D1.<\/p>\n<\/div>\n<div style=\"font-weight: bold\">Configuraci\u00f3n de pastillas.<\/div>\n<div>\n<p>2 humbuckers.<\/p>\n<\/div>\n<div style=\"font-weight: bold\">Sistema de preamp.<\/div>\n<div>\n<p>OBP-2 Preamp; \u00b118dB @ 40 Hz, \u00b116 dB @ 6.5 kHz.<\/p>\n<\/div>\n<div style=\"font-weight: bold\">Hardware.<\/div>\n<div>\n<p>Cromado.<\/p>\n<\/div>\n<div style=\"font-weight: bold\">Bridge.<\/div>\n<div>\n<p>Aluminum Locking.<\/p>\n<\/div>\n<div style=\"font-weight: bold\">Machinery.<\/div>\n<div>\n<p>Gotoh GB-350.<\/p>\n<\/div>\n<div style=\"font-weight: bold\">Terminado.<\/div>\n<div>\n<p>Mate.<\/p>\n<\/div>\n<div style=\"font-weight: bold\">Strings<\/div>\n<div>\n<p>D&#8217;Addario XL-170 Nickel.<\/p>\n<\/div>\n<div style=\"font-weight: bold\">Espaciado entre cuerdas.<\/div>\n<div>\n<p>0.75&#8243;; radio del diapas\u00f3n &#8211; 16&#8243;.<\/p>\n<\/div>\n<\/div>\n<\/div>","protected":false},"excerpt":{"rendered":"<p>Bajo el\u00e9ctrico de 4 cuerdas, tapa de maple flameado, cuerpo de Paulownia\/Empresswood, brazo de tres piezas de maple tostado con soporte de alma de grafito, diapas\u00f3n de maple tostado, 24 trastes, incrustaciones: corona de n\u00e1car, cejuela de lat\u00f3n de 1.64\u201d de ancho, escala: 34\u201d, controles: dos vol\u00famenes, treble cut\/boost, bass cut\/boost, 2 humbuckers Aguilar Super Double 4SD-D1, OBP-2 Preamp, hardware cromado, puente Aluminum Locking, maquinaria Gotoh GB-350, terminado mate, cuerdas D&#8217;Addario XL-170 Nickel.&hellip; <a class=\"kt-excerpt-readmore more-link\" href=\"https:\/\/www.mexicanguitarplayers.com\/en\/tienda\/cuerdas\/bajos\/electricos\/electricos-activos\/bajo-spector-electrico-mod-euro4rst\/\">Read more<\/a><\/p>","protected":false},"featured_media":27328,"comment_status":"open","ping_status":"closed","template":"","meta":{"kt_blocks_editor_width":""},"pwb-brand":[374],"product_brand":[],"product_cat":[317,224,318,326],"product_tag":[],"class_list":{"0":"post-27331","1":"product","2":"type-product","3":"status-publish","4":"has-post-thumbnail","6":"pwb-brand-spector","7":"product_cat-bajos","8":"product_cat-cuerdas","9":"product_cat-electricos","10":"product_cat-electricos-activos","11":"product_shipping_class-5-10-kg","13":"first","14":"outofstock","15":"taxable","16":"shipping-taxable","17":"purchasable","18":"product-type-simple"},"yoast_head":"<!-- This site is optimized with the Yoast SEO plugin v27.5 - https:\/\/yoast.com\/product\/yoast-seo-wordpress\/ -->\n<title>BAJO SPECTOR ELECTRICO MOD. EURO4RST - Mexican Guitar Players<\/title>\n<meta name=\"description\" content=\"Bajo el\u00e9ctrico de 4 cuerdas, tapa de maple flameado, cuerpo de Paulownia\/Empresswood, brazo de tres piezas de maple tostado con soporte de alma de grafito, diapas\u00f3n de maple tostado, 24 trastes, incrustaciones: corona de n\u00e1car, cejuela de lat\u00f3n de 1.64\u201d de ancho, escala: 34\u201d, controles: dos vol\u00famenes, treble cut\/boost, bass cut\/boost, 2 humbuckers Aguilar Super Double 4SD-D1, OBP-2 Preamp, hardware cromado, puente Aluminum Locking, maquinaria Gotoh GB-350, terminado mate, cuerdas D&#039;Addario XL-170 Nickel.\" \/>\n<meta name=\"robots\" content=\"index, follow, max-snippet:-1, max-image-preview:large, max-video-preview:-1\" \/>\n<link rel=\"canonical\" href=\"https:\/\/www.mexicanguitarplayers.com\/en\/tienda\/sin%20categor\u00eda\/bajo-spector-electrico-mod-euro4rst\/\" \/>\n<meta property=\"og:locale\" content=\"en_US\" \/>\n<meta property=\"og:type\" content=\"article\" \/>\n<meta property=\"og:title\" content=\"BAJO SPECTOR ELECTRICO MOD. EURO4RST - Mexican Guitar Players\" \/>\n<meta property=\"og:description\" content=\"Bajo el\u00e9ctrico de 4 cuerdas, tapa de maple flameado, cuerpo de Paulownia\/Empresswood, brazo de tres piezas de maple tostado con soporte de alma de grafito, diapas\u00f3n de maple tostado, 24 trastes, incrustaciones: corona de n\u00e1car, cejuela de lat\u00f3n de 1.64\u201d de ancho, escala: 34\u201d, controles: dos vol\u00famenes, treble cut\/boost, bass cut\/boost, 2 humbuckers Aguilar Super Double 4SD-D1, OBP-2 Preamp, hardware cromado, puente Aluminum Locking, maquinaria Gotoh GB-350, terminado mate, cuerdas D&#039;Addario XL-170 Nickel.\" \/>\n<meta property=\"og:url\" content=\"https:\/\/www.mexicanguitarplayers.com\/en\/tienda\/sin categor\u00eda\/bajo-spector-electrico-mod-euro4rst\/\" \/>\n<meta property=\"og:site_name\" content=\"Mexican Guitar Players\" \/>\n<meta property=\"article:modified_time\" content=\"2026-04-10T10:42:16+00:00\" \/>\n<meta name=\"twitter:card\" content=\"summary_large_image\" \/>\n<meta name=\"twitter:label1\" content=\"Est. reading time\" \/>\n\t<meta name=\"twitter:data1\" content=\"2 minutes\" \/>\n<script type=\"application\/ld+json\" class=\"yoast-schema-graph\">{\"@context\":\"https:\\\/\\\/schema.org\",\"@graph\":[{\"@type\":[\"WebPage\",\"ItemPage\"],\"@id\":\"https:\\\/\\\/www.mexicanguitarplayers.com\\\/tienda\\\/sin categor\u00eda\\\/bajo-spector-electrico-mod-euro4rst\\\/\",\"url\":\"https:\\\/\\\/www.mexicanguitarplayers.com\\\/tienda\\\/sin categor\u00eda\\\/bajo-spector-electrico-mod-euro4rst\\\/\",\"name\":\"BAJO SPECTOR ELECTRICO MOD. EURO4RST - Mexican Guitar Players\",\"isPartOf\":{\"@id\":\"https:\\\/\\\/www.mexicanguitarplayers.com\\\/#website\"},\"primaryImageOfPage\":{\"@id\":\"https:\\\/\\\/www.mexicanguitarplayers.com\\\/tienda\\\/sin categor\u00eda\\\/bajo-spector-electrico-mod-euro4rst\\\/#primaryimage\"},\"image\":{\"@id\":\"https:\\\/\\\/www.mexicanguitarplayers.com\\\/tienda\\\/sin categor\u00eda\\\/bajo-spector-electrico-mod-euro4rst\\\/#primaryimage\"},\"thumbnailUrl\":\"https:\\\/\\\/www.mexicanguitarplayers.com\\\/wp-content\\\/uploads\\\/2025\\\/04\\\/ISSPTEURO4RST.jpg\",\"datePublished\":\"2025-04-07T14:22:54+00:00\",\"dateModified\":\"2026-04-10T10:42:16+00:00\",\"description\":\"Bajo el\u00e9ctrico de 4 cuerdas, tapa de maple flameado, cuerpo de Paulownia\\\/Empresswood, brazo de tres piezas de maple tostado con soporte de alma de grafito, diapas\u00f3n de maple tostado, 24 trastes, incrustaciones: corona de n\u00e1car, cejuela de lat\u00f3n de 1.64\u201d de ancho, escala: 34\u201d, controles: dos vol\u00famenes, treble cut\\\/boost, bass cut\\\/boost, 2 humbuckers Aguilar Super Double 4SD-D1, OBP-2 Preamp, hardware cromado, puente Aluminum Locking, maquinaria Gotoh GB-350, terminado mate, cuerdas D'Addario XL-170 Nickel.\",\"breadcrumb\":{\"@id\":\"https:\\\/\\\/www.mexicanguitarplayers.com\\\/tienda\\\/sin categor\u00eda\\\/bajo-spector-electrico-mod-euro4rst\\\/#breadcrumb\"},\"inLanguage\":\"en-US\",\"potentialAction\":[{\"@type\":\"ReadAction\",\"target\":[\"https:\\\/\\\/www.mexicanguitarplayers.com\\\/tienda\\\/sin categor\u00eda\\\/bajo-spector-electrico-mod-euro4rst\\\/\"]}]},{\"@type\":\"ImageObject\",\"inLanguage\":\"en-US\",\"@id\":\"https:\\\/\\\/www.mexicanguitarplayers.com\\\/tienda\\\/sin categor\u00eda\\\/bajo-spector-electrico-mod-euro4rst\\\/#primaryimage\",\"url\":\"https:\\\/\\\/www.mexicanguitarplayers.com\\\/wp-content\\\/uploads\\\/2025\\\/04\\\/ISSPTEURO4RST.jpg\",\"contentUrl\":\"https:\\\/\\\/www.mexicanguitarplayers.com\\\/wp-content\\\/uploads\\\/2025\\\/04\\\/ISSPTEURO4RST.jpg\",\"width\":800,\"height\":1600},{\"@type\":\"BreadcrumbList\",\"@id\":\"https:\\\/\\\/www.mexicanguitarplayers.com\\\/tienda\\\/sin categor\u00eda\\\/bajo-spector-electrico-mod-euro4rst\\\/#breadcrumb\",\"itemListElement\":[{\"@type\":\"ListItem\",\"position\":1,\"name\":\"Portada\",\"item\":\"https:\\\/\\\/www.mexicanguitarplayers.com\\\/\"},{\"@type\":\"ListItem\",\"position\":2,\"name\":\"Tienda\",\"item\":\"https:\\\/\\\/www.mexicanguitarplayers.com\\\/tienda\\\/\"},{\"@type\":\"ListItem\",\"position\":3,\"name\":\"BAJO SPECTOR ELECTRICO MOD. EURO4RST\"}]},{\"@type\":\"WebSite\",\"@id\":\"https:\\\/\\\/www.mexicanguitarplayers.com\\\/#website\",\"url\":\"https:\\\/\\\/www.mexicanguitarplayers.com\\\/\",\"name\":\"Mexican Guitar Players\",\"description\":\"Website\",\"publisher\":{\"@id\":\"https:\\\/\\\/www.mexicanguitarplayers.com\\\/#organization\"},\"potentialAction\":[{\"@type\":\"SearchAction\",\"target\":{\"@type\":\"EntryPoint\",\"urlTemplate\":\"https:\\\/\\\/www.mexicanguitarplayers.com\\\/?s={search_term_string}\"},\"query-input\":{\"@type\":\"PropertyValueSpecification\",\"valueRequired\":true,\"valueName\":\"search_term_string\"}}],\"inLanguage\":\"en-US\"},{\"@type\":\"Organization\",\"@id\":\"https:\\\/\\\/www.mexicanguitarplayers.com\\\/#organization\",\"name\":\"Mexican Guitar Players\",\"url\":\"https:\\\/\\\/www.mexicanguitarplayers.com\\\/\",\"logo\":{\"@type\":\"ImageObject\",\"inLanguage\":\"en-US\",\"@id\":\"https:\\\/\\\/www.mexicanguitarplayers.com\\\/#\\\/schema\\\/logo\\\/image\\\/\",\"url\":\"\",\"contentUrl\":\"\",\"caption\":\"Mexican Guitar Players\"},\"image\":{\"@id\":\"https:\\\/\\\/www.mexicanguitarplayers.com\\\/#\\\/schema\\\/logo\\\/image\\\/\"}}]}<\/script>\n<!-- \/ Yoast SEO plugin. -->","yoast_head_json":{"title":"BAJO SPECTOR ELECTRICO MOD. EURO4RST - Mexican Guitar Players","description":"Bajo el\u00e9ctrico de 4 cuerdas, tapa de maple flameado, cuerpo de Paulownia\/Empresswood, brazo de tres piezas de maple tostado con soporte de alma de grafito, diapas\u00f3n de maple tostado, 24 trastes, incrustaciones: corona de n\u00e1car, cejuela de lat\u00f3n de 1.64\u201d de ancho, escala: 34\u201d, controles: dos vol\u00famenes, treble cut\/boost, bass cut\/boost, 2 humbuckers Aguilar Super Double 4SD-D1, OBP-2 Preamp, hardware cromado, puente Aluminum Locking, maquinaria Gotoh GB-350, terminado mate, cuerdas D'Addario XL-170 Nickel.","robots":{"index":"index","follow":"follow","max-snippet":"max-snippet:-1","max-image-preview":"max-image-preview:large","max-video-preview":"max-video-preview:-1"},"canonical":"https:\/\/www.mexicanguitarplayers.com\/en\/tienda\/sin categor\u00eda\/bajo-spector-electrico-mod-euro4rst\/","og_locale":"en_US","og_type":"article","og_title":"BAJO SPECTOR ELECTRICO MOD. EURO4RST - Mexican Guitar Players","og_description":"Bajo el\u00e9ctrico de 4 cuerdas, tapa de maple flameado, cuerpo de Paulownia\/Empresswood, brazo de tres piezas de maple tostado con soporte de alma de grafito, diapas\u00f3n de maple tostado, 24 trastes, incrustaciones: corona de n\u00e1car, cejuela de lat\u00f3n de 1.64\u201d de ancho, escala: 34\u201d, controles: dos vol\u00famenes, treble cut\/boost, bass cut\/boost, 2 humbuckers Aguilar Super Double 4SD-D1, OBP-2 Preamp, hardware cromado, puente Aluminum Locking, maquinaria Gotoh GB-350, terminado mate, cuerdas D'Addario XL-170 Nickel.","og_url":"https:\/\/www.mexicanguitarplayers.com\/en\/tienda\/sin categor\u00eda\/bajo-spector-electrico-mod-euro4rst\/","og_site_name":"Mexican Guitar Players","article_modified_time":"2026-04-10T10:42:16+00:00","twitter_card":"summary_large_image","twitter_misc":{"Est. reading time":"2 minutes"},"schema":{"@context":"https:\/\/schema.org","@graph":[{"@type":["WebPage","ItemPage"],"@id":"https:\/\/www.mexicanguitarplayers.com\/tienda\/sin categor\u00eda\/bajo-spector-electrico-mod-euro4rst\/","url":"https:\/\/www.mexicanguitarplayers.com\/tienda\/sin categor\u00eda\/bajo-spector-electrico-mod-euro4rst\/","name":"BAJO SPECTOR ELECTRICO MOD. EURO4RST - Mexican Guitar Players","isPartOf":{"@id":"https:\/\/www.mexicanguitarplayers.com\/#website"},"primaryImageOfPage":{"@id":"https:\/\/www.mexicanguitarplayers.com\/tienda\/sin categor\u00eda\/bajo-spector-electrico-mod-euro4rst\/#primaryimage"},"image":{"@id":"https:\/\/www.mexicanguitarplayers.com\/tienda\/sin categor\u00eda\/bajo-spector-electrico-mod-euro4rst\/#primaryimage"},"thumbnailUrl":"https:\/\/www.mexicanguitarplayers.com\/wp-content\/uploads\/2025\/04\/ISSPTEURO4RST.jpg","datePublished":"2025-04-07T14:22:54+00:00","dateModified":"2026-04-10T10:42:16+00:00","description":"Bajo el\u00e9ctrico de 4 cuerdas, tapa de maple flameado, cuerpo de Paulownia\/Empresswood, brazo de tres piezas de maple tostado con soporte de alma de grafito, diapas\u00f3n de maple tostado, 24 trastes, incrustaciones: corona de n\u00e1car, cejuela de lat\u00f3n de 1.64\u201d de ancho, escala: 34\u201d, controles: dos vol\u00famenes, treble cut\/boost, bass cut\/boost, 2 humbuckers Aguilar Super Double 4SD-D1, OBP-2 Preamp, hardware cromado, puente Aluminum Locking, maquinaria Gotoh GB-350, terminado mate, cuerdas D'Addario XL-170 Nickel.","breadcrumb":{"@id":"https:\/\/www.mexicanguitarplayers.com\/tienda\/sin categor\u00eda\/bajo-spector-electrico-mod-euro4rst\/#breadcrumb"},"inLanguage":"en-US","potentialAction":[{"@type":"ReadAction","target":["https:\/\/www.mexicanguitarplayers.com\/tienda\/sin categor\u00eda\/bajo-spector-electrico-mod-euro4rst\/"]}]},{"@type":"ImageObject","inLanguage":"en-US","@id":"https:\/\/www.mexicanguitarplayers.com\/tienda\/sin categor\u00eda\/bajo-spector-electrico-mod-euro4rst\/#primaryimage","url":"https:\/\/www.mexicanguitarplayers.com\/wp-content\/uploads\/2025\/04\/ISSPTEURO4RST.jpg","contentUrl":"https:\/\/www.mexicanguitarplayers.com\/wp-content\/uploads\/2025\/04\/ISSPTEURO4RST.jpg","width":800,"height":1600},{"@type":"BreadcrumbList","@id":"https:\/\/www.mexicanguitarplayers.com\/tienda\/sin categor\u00eda\/bajo-spector-electrico-mod-euro4rst\/#breadcrumb","itemListElement":[{"@type":"ListItem","position":1,"name":"Portada","item":"https:\/\/www.mexicanguitarplayers.com\/"},{"@type":"ListItem","position":2,"name":"Tienda","item":"https:\/\/www.mexicanguitarplayers.com\/tienda\/"},{"@type":"ListItem","position":3,"name":"BAJO SPECTOR ELECTRICO MOD. EURO4RST"}]},{"@type":"WebSite","@id":"https:\/\/www.mexicanguitarplayers.com\/#website","url":"https:\/\/www.mexicanguitarplayers.com\/","name":"Mexican Guitar Players","description":"Website","publisher":{"@id":"https:\/\/www.mexicanguitarplayers.com\/#organization"},"potentialAction":[{"@type":"SearchAction","target":{"@type":"EntryPoint","urlTemplate":"https:\/\/www.mexicanguitarplayers.com\/?s={search_term_string}"},"query-input":{"@type":"PropertyValueSpecification","valueRequired":true,"valueName":"search_term_string"}}],"inLanguage":"en-US"},{"@type":"Organization","@id":"https:\/\/www.mexicanguitarplayers.com\/#organization","name":"Mexican Guitar Players","url":"https:\/\/www.mexicanguitarplayers.com\/","logo":{"@type":"ImageObject","inLanguage":"en-US","@id":"https:\/\/www.mexicanguitarplayers.com\/#\/schema\/logo\/image\/","url":"","contentUrl":"","caption":"Mexican Guitar Players"},"image":{"@id":"https:\/\/www.mexicanguitarplayers.com\/#\/schema\/logo\/image\/"}}]}},"brands":[{"id":374,"name":"SPECTOR","slug":"spector"}],"_links":{"self":[{"href":"https:\/\/www.mexicanguitarplayers.com\/en\/wp-json\/wp\/v2\/product\/27331","targetHints":{"allow":["GET"]}}],"collection":[{"href":"https:\/\/www.mexicanguitarplayers.com\/en\/wp-json\/wp\/v2\/product"}],"about":[{"href":"https:\/\/www.mexicanguitarplayers.com\/en\/wp-json\/wp\/v2\/types\/product"}],"replies":[{"embeddable":true,"href":"https:\/\/www.mexicanguitarplayers.com\/en\/wp-json\/wp\/v2\/comments?post=27331"}],"wp:featuredmedia":[{"embeddable":true,"href":"https:\/\/www.mexicanguitarplayers.com\/en\/wp-json\/wp\/v2\/media\/27328"}],"wp:attachment":[{"href":"https:\/\/www.mexicanguitarplayers.com\/en\/wp-json\/wp\/v2\/media?parent=27331"}],"wp:term":[{"taxonomy":"pwb-brand","embeddable":true,"href":"https:\/\/www.mexicanguitarplayers.com\/en\/wp-json\/wp\/v2\/pwb-brand?post=27331"},{"taxonomy":"product_brand","embeddable":true,"href":"https:\/\/www.mexicanguitarplayers.com\/en\/wp-json\/wp\/v2\/product_brand?post=27331"},{"taxonomy":"product_cat","embeddable":true,"href":"https:\/\/www.mexicanguitarplayers.com\/en\/wp-json\/wp\/v2\/product_cat?post=27331"},{"taxonomy":"product_tag","embeddable":true,"href":"https:\/\/www.mexicanguitarplayers.com\/en\/wp-json\/wp\/v2\/product_tag?post=27331"}],"curies":[{"name":"wp","href":"https:\/\/api.w.org\/{rel}","templated":true}]}}