{"id":27335,"date":"2025-04-07T08:23:09","date_gmt":"2025-04-07T14:23:09","guid":{"rendered":"https:\/\/www.mexicanguitarplayers.com\/tienda\/sin categor\u00eda\/cable-behringer-mod-glc2-1000\/"},"modified":"2026-01-01T09:03:36","modified_gmt":"2026-01-01T15:03:36","slug":"cable-behringer-mod-glc2-1000","status":"publish","type":"product","link":"https:\/\/www.mexicanguitarplayers.com\/en\/tienda\/audio\/cables\/cables-armados\/cables-para-bocina-cables-armados\/cable-behringer-mod-glc2-1000\/","title":{"rendered":"CABLE BEHRINGER MOD. GLC2-1000"},"content":{"rendered":"<div style=\"text-align: justify\">\n<div>\n<h3>Respuesta  extendida y din\u00e1mica.<\/h3>\n<\/div>\n<div>El GLC2-1000 conecta tu altavoz pasivo directamente a cualquier amplificador o fuente de audio amplificada y est\u00e1 optimizado para aplicaciones de escenario y estudio. Los cables de altavoz de la serie GLC2 est\u00e1n disponibles en tres longitudes diferentes para todo tipo de configuraciones: 3 metros, 6 metros y 10 metros. El GLC2-1000 cuenta con un cable de 2 x 1.5 mm\u00b2 con blindaje de cable probado en etapas para una transmisi\u00f3n de se\u00f1al sin ruido y un di\u00e1metro total de 7.8 mm con una cubierta aislante para la m\u00e1xima durabilidad. Conectores giratorios de altavoz con carcasa de PVC para una durabilidad excepcional.<\/div>\n<div>\n<h4>Characteristics<\/h4>\n<\/div>\n<div>\n<ul style=\"margin: 0px 0px 0px 25px\">\n<li style=\"list-style-type: circle;margin: 5px\">Cable para altavoces PA y gabinetes de altavoces graves.<\/li>\n<li style=\"list-style-type: circle;margin: 5px\">Longitud: 10 metros.<\/li>\n<li style=\"list-style-type: circle;margin: 5px\">Libre de ox\u00edgeno para mayor respuesta y din\u00e1mica.<\/li>\n<li style=\"list-style-type: circle;margin: 5px\">Baja capacitancia con n\u00facleo de cobre.<\/li>\n<li style=\"list-style-type: circle;margin: 5px\">Cable flexible de 2 x 1.5 mm\u00b2 con revestimiento de cable.<\/li>\n<li style=\"list-style-type: circle;margin: 5px\">Transmisi\u00f3n de se\u00f1al sin ruido.<\/li>\n<li style=\"list-style-type: circle;margin: 5px\">Conectores giratorios de altavoz con carcasa de PVC.<\/li>\n<li style=\"list-style-type: circle;margin: 5px\">7.8 mm de di\u00e1metro con funda aislante y m\u00e1xima durabilidad.<\/li>\n<li style=\"list-style-type: circle;margin: 5px\">Incluye brida de gancho y loop con soporte de metal.<\/li>\n<\/ul>\n<\/div>\n<\/div>","protected":false},"excerpt":{"rendered":"<p>Cable para altavoces PA y gabinetes de altavoces graves, 10 metros, libre de ox\u00edgeno para mayor respuesta y din\u00e1mica, baja capacitancia con n\u00facleo de cobre para transmisi\u00f3n de se\u00f1al pura, cable flexible de 2 x 1.5 mm\u00b2 con revestimiento de cable probado en etapas para una transmisi\u00f3n de se\u00f1al sin ruido, conectores giratorios de altavoz con carcasa de PVC para una durabilidad excepcional, 7.8 mm de di\u00e1metro con funda aislante y m\u00e1xima durabilidad, incluye brida de gancho y loop con soporte de metal.&hellip; <a class=\"kt-excerpt-readmore more-link\" href=\"https:\/\/www.mexicanguitarplayers.com\/en\/tienda\/audio\/cables\/cables-armados\/cables-para-bocina-cables-armados\/cable-behringer-mod-glc2-1000\/\">Read more<\/a><\/p>","protected":false},"featured_media":27332,"comment_status":"open","ping_status":"closed","template":"","meta":{"kt_blocks_editor_width":""},"pwb-brand":[171],"product_brand":[],"product_cat":[213,358,359,630],"product_tag":[],"class_list":{"0":"post-27335","1":"product","2":"type-product","3":"status-publish","4":"has-post-thumbnail","6":"pwb-brand-behringer","7":"product_cat-audio","8":"product_cat-cables","9":"product_cat-cables-armados","10":"product_cat-cables-para-bocina-cables-armados","11":"product_shipping_class-0-5-kg","13":"first","14":"instock","15":"taxable","16":"shipping-taxable","17":"purchasable","18":"product-type-simple"},"yoast_head":"<!-- This site is optimized with the Yoast SEO plugin v27.3 - https:\/\/yoast.com\/product\/yoast-seo-wordpress\/ -->\n<title>CABLE BEHRINGER MOD. GLC2-1000 - Mexican Guitar Players<\/title>\n<meta name=\"description\" content=\"Cable para altavoces PA y gabinetes de altavoces graves, 10 metros, libre de ox\u00edgeno para mayor respuesta y din\u00e1mica, baja capacitancia con n\u00facleo de cobre para transmisi\u00f3n de se\u00f1al pura, cable flexible de 2 x 1.5 mm\u00b2 con revestimiento de cable probado en etapas para una transmisi\u00f3n de se\u00f1al sin ruido, conectores giratorios de altavoz con carcasa de PVC para una durabilidad excepcional, 7.8 mm de di\u00e1metro con funda aislante y m\u00e1xima durabilidad, incluye brida de gancho y loop con soporte de metal.\" \/>\n<meta name=\"robots\" content=\"index, follow, max-snippet:-1, max-image-preview:large, max-video-preview:-1\" \/>\n<link rel=\"canonical\" href=\"https:\/\/www.mexicanguitarplayers.com\/en\/tienda\/sin%20categor\u00eda\/cable-behringer-mod-glc2-1000\/\" \/>\n<meta property=\"og:locale\" content=\"en_US\" \/>\n<meta property=\"og:type\" content=\"article\" \/>\n<meta property=\"og:title\" content=\"CABLE BEHRINGER MOD. GLC2-1000 - Mexican Guitar Players\" \/>\n<meta property=\"og:description\" content=\"Cable para altavoces PA y gabinetes de altavoces graves, 10 metros, libre de ox\u00edgeno para mayor respuesta y din\u00e1mica, baja capacitancia con n\u00facleo de cobre para transmisi\u00f3n de se\u00f1al pura, cable flexible de 2 x 1.5 mm\u00b2 con revestimiento de cable probado en etapas para una transmisi\u00f3n de se\u00f1al sin ruido, conectores giratorios de altavoz con carcasa de PVC para una durabilidad excepcional, 7.8 mm de di\u00e1metro con funda aislante y m\u00e1xima durabilidad, incluye brida de gancho y loop con soporte de metal.\" \/>\n<meta property=\"og:url\" content=\"https:\/\/www.mexicanguitarplayers.com\/en\/tienda\/sin categor\u00eda\/cable-behringer-mod-glc2-1000\/\" \/>\n<meta property=\"og:site_name\" content=\"Mexican Guitar Players\" \/>\n<meta property=\"article:modified_time\" content=\"2026-01-01T15:03:36+00:00\" \/>\n<meta name=\"twitter:card\" content=\"summary_large_image\" \/>\n<meta name=\"twitter:label1\" content=\"Est. reading time\" \/>\n\t<meta name=\"twitter:data1\" content=\"1 minute\" \/>\n<script type=\"application\/ld+json\" class=\"yoast-schema-graph\">{\"@context\":\"https:\\\/\\\/schema.org\",\"@graph\":[{\"@type\":[\"WebPage\",\"ItemPage\"],\"@id\":\"https:\\\/\\\/www.mexicanguitarplayers.com\\\/tienda\\\/sin categor\u00eda\\\/cable-behringer-mod-glc2-1000\\\/\",\"url\":\"https:\\\/\\\/www.mexicanguitarplayers.com\\\/tienda\\\/sin categor\u00eda\\\/cable-behringer-mod-glc2-1000\\\/\",\"name\":\"CABLE BEHRINGER MOD. GLC2-1000 - Mexican Guitar Players\",\"isPartOf\":{\"@id\":\"https:\\\/\\\/www.mexicanguitarplayers.com\\\/#website\"},\"primaryImageOfPage\":{\"@id\":\"https:\\\/\\\/www.mexicanguitarplayers.com\\\/tienda\\\/sin categor\u00eda\\\/cable-behringer-mod-glc2-1000\\\/#primaryimage\"},\"image\":{\"@id\":\"https:\\\/\\\/www.mexicanguitarplayers.com\\\/tienda\\\/sin categor\u00eda\\\/cable-behringer-mod-glc2-1000\\\/#primaryimage\"},\"thumbnailUrl\":\"https:\\\/\\\/www.mexicanguitarplayers.com\\\/wp-content\\\/uploads\\\/2025\\\/04\\\/RABEHGLC21000.jpg\",\"datePublished\":\"2025-04-07T14:23:09+00:00\",\"dateModified\":\"2026-01-01T15:03:36+00:00\",\"description\":\"Cable para altavoces PA y gabinetes de altavoces graves, 10 metros, libre de ox\u00edgeno para mayor respuesta y din\u00e1mica, baja capacitancia con n\u00facleo de cobre para transmisi\u00f3n de se\u00f1al pura, cable flexible de 2 x 1.5 mm\u00b2 con revestimiento de cable probado en etapas para una transmisi\u00f3n de se\u00f1al sin ruido, conectores giratorios de altavoz con carcasa de PVC para una durabilidad excepcional, 7.8 mm de di\u00e1metro con funda aislante y m\u00e1xima durabilidad, incluye brida de gancho y loop con soporte de metal.\",\"breadcrumb\":{\"@id\":\"https:\\\/\\\/www.mexicanguitarplayers.com\\\/tienda\\\/sin categor\u00eda\\\/cable-behringer-mod-glc2-1000\\\/#breadcrumb\"},\"inLanguage\":\"en-US\",\"potentialAction\":[{\"@type\":\"ReadAction\",\"target\":[\"https:\\\/\\\/www.mexicanguitarplayers.com\\\/tienda\\\/sin categor\u00eda\\\/cable-behringer-mod-glc2-1000\\\/\"]}]},{\"@type\":\"ImageObject\",\"inLanguage\":\"en-US\",\"@id\":\"https:\\\/\\\/www.mexicanguitarplayers.com\\\/tienda\\\/sin categor\u00eda\\\/cable-behringer-mod-glc2-1000\\\/#primaryimage\",\"url\":\"https:\\\/\\\/www.mexicanguitarplayers.com\\\/wp-content\\\/uploads\\\/2025\\\/04\\\/RABEHGLC21000.jpg\",\"contentUrl\":\"https:\\\/\\\/www.mexicanguitarplayers.com\\\/wp-content\\\/uploads\\\/2025\\\/04\\\/RABEHGLC21000.jpg\",\"width\":1200,\"height\":1200},{\"@type\":\"BreadcrumbList\",\"@id\":\"https:\\\/\\\/www.mexicanguitarplayers.com\\\/tienda\\\/sin categor\u00eda\\\/cable-behringer-mod-glc2-1000\\\/#breadcrumb\",\"itemListElement\":[{\"@type\":\"ListItem\",\"position\":1,\"name\":\"Portada\",\"item\":\"https:\\\/\\\/www.mexicanguitarplayers.com\\\/\"},{\"@type\":\"ListItem\",\"position\":2,\"name\":\"Tienda\",\"item\":\"https:\\\/\\\/www.mexicanguitarplayers.com\\\/tienda\\\/\"},{\"@type\":\"ListItem\",\"position\":3,\"name\":\"CABLE BEHRINGER MOD. GLC2-1000\"}]},{\"@type\":\"WebSite\",\"@id\":\"https:\\\/\\\/www.mexicanguitarplayers.com\\\/#website\",\"url\":\"https:\\\/\\\/www.mexicanguitarplayers.com\\\/\",\"name\":\"Mexican Guitar Players\",\"description\":\"Website\",\"publisher\":{\"@id\":\"https:\\\/\\\/www.mexicanguitarplayers.com\\\/#organization\"},\"potentialAction\":[{\"@type\":\"SearchAction\",\"target\":{\"@type\":\"EntryPoint\",\"urlTemplate\":\"https:\\\/\\\/www.mexicanguitarplayers.com\\\/?s={search_term_string}\"},\"query-input\":{\"@type\":\"PropertyValueSpecification\",\"valueRequired\":true,\"valueName\":\"search_term_string\"}}],\"inLanguage\":\"en-US\"},{\"@type\":\"Organization\",\"@id\":\"https:\\\/\\\/www.mexicanguitarplayers.com\\\/#organization\",\"name\":\"Mexican Guitar Players\",\"url\":\"https:\\\/\\\/www.mexicanguitarplayers.com\\\/\",\"logo\":{\"@type\":\"ImageObject\",\"inLanguage\":\"en-US\",\"@id\":\"https:\\\/\\\/www.mexicanguitarplayers.com\\\/#\\\/schema\\\/logo\\\/image\\\/\",\"url\":\"\",\"contentUrl\":\"\",\"caption\":\"Mexican Guitar Players\"},\"image\":{\"@id\":\"https:\\\/\\\/www.mexicanguitarplayers.com\\\/#\\\/schema\\\/logo\\\/image\\\/\"}}]}<\/script>\n<!-- \/ Yoast SEO plugin. -->","yoast_head_json":{"title":"CABLE BEHRINGER MOD. GLC2-1000 - Mexican Guitar Players","description":"Cable para altavoces PA y gabinetes de altavoces graves, 10 metros, libre de ox\u00edgeno para mayor respuesta y din\u00e1mica, baja capacitancia con n\u00facleo de cobre para transmisi\u00f3n de se\u00f1al pura, cable flexible de 2 x 1.5 mm\u00b2 con revestimiento de cable probado en etapas para una transmisi\u00f3n de se\u00f1al sin ruido, conectores giratorios de altavoz con carcasa de PVC para una durabilidad excepcional, 7.8 mm de di\u00e1metro con funda aislante y m\u00e1xima durabilidad, incluye brida de gancho y loop con soporte de metal.","robots":{"index":"index","follow":"follow","max-snippet":"max-snippet:-1","max-image-preview":"max-image-preview:large","max-video-preview":"max-video-preview:-1"},"canonical":"https:\/\/www.mexicanguitarplayers.com\/en\/tienda\/sin categor\u00eda\/cable-behringer-mod-glc2-1000\/","og_locale":"en_US","og_type":"article","og_title":"CABLE BEHRINGER MOD. GLC2-1000 - Mexican Guitar Players","og_description":"Cable para altavoces PA y gabinetes de altavoces graves, 10 metros, libre de ox\u00edgeno para mayor respuesta y din\u00e1mica, baja capacitancia con n\u00facleo de cobre para transmisi\u00f3n de se\u00f1al pura, cable flexible de 2 x 1.5 mm\u00b2 con revestimiento de cable probado en etapas para una transmisi\u00f3n de se\u00f1al sin ruido, conectores giratorios de altavoz con carcasa de PVC para una durabilidad excepcional, 7.8 mm de di\u00e1metro con funda aislante y m\u00e1xima durabilidad, incluye brida de gancho y loop con soporte de metal.","og_url":"https:\/\/www.mexicanguitarplayers.com\/en\/tienda\/sin categor\u00eda\/cable-behringer-mod-glc2-1000\/","og_site_name":"Mexican Guitar Players","article_modified_time":"2026-01-01T15:03:36+00:00","twitter_card":"summary_large_image","twitter_misc":{"Est. reading time":"1 minute"},"schema":{"@context":"https:\/\/schema.org","@graph":[{"@type":["WebPage","ItemPage"],"@id":"https:\/\/www.mexicanguitarplayers.com\/tienda\/sin categor\u00eda\/cable-behringer-mod-glc2-1000\/","url":"https:\/\/www.mexicanguitarplayers.com\/tienda\/sin categor\u00eda\/cable-behringer-mod-glc2-1000\/","name":"CABLE BEHRINGER MOD. GLC2-1000 - Mexican Guitar Players","isPartOf":{"@id":"https:\/\/www.mexicanguitarplayers.com\/#website"},"primaryImageOfPage":{"@id":"https:\/\/www.mexicanguitarplayers.com\/tienda\/sin categor\u00eda\/cable-behringer-mod-glc2-1000\/#primaryimage"},"image":{"@id":"https:\/\/www.mexicanguitarplayers.com\/tienda\/sin categor\u00eda\/cable-behringer-mod-glc2-1000\/#primaryimage"},"thumbnailUrl":"https:\/\/www.mexicanguitarplayers.com\/wp-content\/uploads\/2025\/04\/RABEHGLC21000.jpg","datePublished":"2025-04-07T14:23:09+00:00","dateModified":"2026-01-01T15:03:36+00:00","description":"Cable para altavoces PA y gabinetes de altavoces graves, 10 metros, libre de ox\u00edgeno para mayor respuesta y din\u00e1mica, baja capacitancia con n\u00facleo de cobre para transmisi\u00f3n de se\u00f1al pura, cable flexible de 2 x 1.5 mm\u00b2 con revestimiento de cable probado en etapas para una transmisi\u00f3n de se\u00f1al sin ruido, conectores giratorios de altavoz con carcasa de PVC para una durabilidad excepcional, 7.8 mm de di\u00e1metro con funda aislante y m\u00e1xima durabilidad, incluye brida de gancho y loop con soporte de metal.","breadcrumb":{"@id":"https:\/\/www.mexicanguitarplayers.com\/tienda\/sin categor\u00eda\/cable-behringer-mod-glc2-1000\/#breadcrumb"},"inLanguage":"en-US","potentialAction":[{"@type":"ReadAction","target":["https:\/\/www.mexicanguitarplayers.com\/tienda\/sin categor\u00eda\/cable-behringer-mod-glc2-1000\/"]}]},{"@type":"ImageObject","inLanguage":"en-US","@id":"https:\/\/www.mexicanguitarplayers.com\/tienda\/sin categor\u00eda\/cable-behringer-mod-glc2-1000\/#primaryimage","url":"https:\/\/www.mexicanguitarplayers.com\/wp-content\/uploads\/2025\/04\/RABEHGLC21000.jpg","contentUrl":"https:\/\/www.mexicanguitarplayers.com\/wp-content\/uploads\/2025\/04\/RABEHGLC21000.jpg","width":1200,"height":1200},{"@type":"BreadcrumbList","@id":"https:\/\/www.mexicanguitarplayers.com\/tienda\/sin categor\u00eda\/cable-behringer-mod-glc2-1000\/#breadcrumb","itemListElement":[{"@type":"ListItem","position":1,"name":"Portada","item":"https:\/\/www.mexicanguitarplayers.com\/"},{"@type":"ListItem","position":2,"name":"Tienda","item":"https:\/\/www.mexicanguitarplayers.com\/tienda\/"},{"@type":"ListItem","position":3,"name":"CABLE BEHRINGER MOD. GLC2-1000"}]},{"@type":"WebSite","@id":"https:\/\/www.mexicanguitarplayers.com\/#website","url":"https:\/\/www.mexicanguitarplayers.com\/","name":"Mexican Guitar Players","description":"Website","publisher":{"@id":"https:\/\/www.mexicanguitarplayers.com\/#organization"},"potentialAction":[{"@type":"SearchAction","target":{"@type":"EntryPoint","urlTemplate":"https:\/\/www.mexicanguitarplayers.com\/?s={search_term_string}"},"query-input":{"@type":"PropertyValueSpecification","valueRequired":true,"valueName":"search_term_string"}}],"inLanguage":"en-US"},{"@type":"Organization","@id":"https:\/\/www.mexicanguitarplayers.com\/#organization","name":"Mexican Guitar Players","url":"https:\/\/www.mexicanguitarplayers.com\/","logo":{"@type":"ImageObject","inLanguage":"en-US","@id":"https:\/\/www.mexicanguitarplayers.com\/#\/schema\/logo\/image\/","url":"","contentUrl":"","caption":"Mexican Guitar Players"},"image":{"@id":"https:\/\/www.mexicanguitarplayers.com\/#\/schema\/logo\/image\/"}}]}},"brands":[{"id":171,"name":"BEHRINGER","slug":"behringer"}],"_links":{"self":[{"href":"https:\/\/www.mexicanguitarplayers.com\/en\/wp-json\/wp\/v2\/product\/27335","targetHints":{"allow":["GET"]}}],"collection":[{"href":"https:\/\/www.mexicanguitarplayers.com\/en\/wp-json\/wp\/v2\/product"}],"about":[{"href":"https:\/\/www.mexicanguitarplayers.com\/en\/wp-json\/wp\/v2\/types\/product"}],"replies":[{"embeddable":true,"href":"https:\/\/www.mexicanguitarplayers.com\/en\/wp-json\/wp\/v2\/comments?post=27335"}],"wp:featuredmedia":[{"embeddable":true,"href":"https:\/\/www.mexicanguitarplayers.com\/en\/wp-json\/wp\/v2\/media\/27332"}],"wp:attachment":[{"href":"https:\/\/www.mexicanguitarplayers.com\/en\/wp-json\/wp\/v2\/media?parent=27335"}],"wp:term":[{"taxonomy":"pwb-brand","embeddable":true,"href":"https:\/\/www.mexicanguitarplayers.com\/en\/wp-json\/wp\/v2\/pwb-brand?post=27335"},{"taxonomy":"product_brand","embeddable":true,"href":"https:\/\/www.mexicanguitarplayers.com\/en\/wp-json\/wp\/v2\/product_brand?post=27335"},{"taxonomy":"product_cat","embeddable":true,"href":"https:\/\/www.mexicanguitarplayers.com\/en\/wp-json\/wp\/v2\/product_cat?post=27335"},{"taxonomy":"product_tag","embeddable":true,"href":"https:\/\/www.mexicanguitarplayers.com\/en\/wp-json\/wp\/v2\/product_tag?post=27335"}],"curies":[{"name":"wp","href":"https:\/\/api.w.org\/{rel}","templated":true}]}}