{"id":27359,"date":"2025-04-07T08:25:26","date_gmt":"2025-04-07T14:25:26","guid":{"rendered":"https:\/\/www.mexicanguitarplayers.com\/tienda\/sin categor\u00eda\/guitarra-washburn-e-acustica-wg5sce-b\/"},"modified":"2026-04-10T04:42:13","modified_gmt":"2026-04-10T10:42:13","slug":"guitarra-washburn-e-acustica-wg5sce-b","status":"publish","type":"product","link":"https:\/\/www.mexicanguitarplayers.com\/en\/tienda\/cuerdas\/guitarras-cuerdas\/acusticas\/guitarras-electro-acusticas\/guitarra-washburn-e-acustica-wg5sce-b\/","title":{"rendered":"GUITARRA WASHBURN E\/ACUSTICA WG5SCE-B"},"content":{"rendered":"<div style=\"text-align: justify\">\n<div>\n<h3>&#8220;Graves profundos y agudos definidos.&#8221;<\/h3>\n<\/div>\n<div>Desde 1883, en Chicago, la Compa\u00f1\u00eda Washburn fabrica guitarras el\u00e9ctricas, cl\u00e1sicas y ac\u00fasticas, bajos el\u00e9ctricos y ac\u00fasticos, banjos, mandolinas, guitarras de viaje, y amplificadores. Washburn ha ido ganando mucho reconocimiento en los \u00faltimos a\u00f1o y ha sido la marca favorita de guitarristas como Dimebag Darrell, Scott Ian, Jennifer Batten, Nuno Bettencourt, Stu Hamm, Paul Stanley, Richie Owens, George Lynch, Leonardo D&#8217;Lozanne, Sonny Smith y muchos m\u00e1s\u2026 La serie Black Night re\u00fane todas las ventajas en construcci\u00f3n, dise\u00f1o y materiales para crear las es para crear las guitarras estilo Folk m\u00e1s vendidas en E.U, guitarras estilo Folk m\u00e1s vendidas en E.U. con un elegante acabado en negro bril por su caja ancha. Este modelo Grand Auditorium produce graves profundos por su caja ancha. <\/div>\n<div>\n<h4>Quick look<\/h4>\n<\/div>\n<ul style=\"margin: 0px 0px 0px 25px\">\n<li style=\"list-style-type: circle;margin: 5px\">Tapa de abeto Sitka de Alaska:<\/li>\n<li style=\"list-style-type: circle;margin: 5px\">Preamp MET A07 con afinador:<\/li>\n<li style=\"list-style-type: circle;margin: 5px\">Alma de acero de 2 v\u00edas:<\/li>\n<\/ul>\n<div>\n<div style=\"font-weight: bold\">Tapa de abeto Sitka de Alaska:<\/div>\n<div>\n<p>Madera ex\u00f3tica con mucha brillantez tonal ideal para resaltar el brillo natural de las cuerdas de acero y bronce.<\/p>\n<\/div>\n<div style=\"font-weight: bold\">Preamp MET A07 con afinador:<\/div>\n<div>\n<p>Potencia y afinaci\u00f3n perfecta.<\/p>\n<\/div>\n<div style=\"font-weight: bold\">Alma de acero de 2 v\u00edas:<\/div>\n<div>\n<p>Es posible estabilizar el brazo siempre que sea necesario y en ambos sentidos.<\/p>\n<\/div>\n<\/div>\n<div>\n<h4>Characteristics<\/h4>\n<\/div>\n<div>\n<ul style=\"margin: 0px 0px 0px 25px\">\n<li style=\"list-style-type: circle;margin: 5px\">Binding blanco\/multi.<\/li>\n<li style=\"list-style-type: circle;margin: 5px\">Maquinaria diecast.<\/li>\n<li style=\"list-style-type: circle;margin: 5px\">Roseta de abul\u00f3n.<\/li>\n<\/ul>\n<\/div>\n<\/div>","protected":false},"excerpt":{"rendered":"<p>Guitarra Washburn WG5SCE-B guitarra electroac\u00fastica serie Black Knight, Grand Auditorium , Tapa de abeto Sitka de Alaska, aros y fondo de basswood, brazo de caoba, diapas\u00f3n de rosewood, roseta de abulon, alma de acero de 2 vias, binding encontorno, brazo y paleta, puente de rosewood, saddle y cejuela de hueso, preampMET-A07, maquinaria die cast cromada, acabado en negro brillante, equipada con cuerdas d&#8217;Addario.&hellip; <a class=\"kt-excerpt-readmore more-link\" href=\"https:\/\/www.mexicanguitarplayers.com\/en\/tienda\/cuerdas\/guitarras-cuerdas\/acusticas\/guitarras-electro-acusticas\/guitarra-washburn-e-acustica-wg5sce-b\/\">Read more<\/a><\/p>","protected":false},"featured_media":27358,"comment_status":"open","ping_status":"closed","template":"","meta":{"kt_blocks_editor_width":""},"pwb-brand":[178],"product_brand":[],"product_cat":[315,224,312,316],"product_tag":[],"class_list":{"0":"post-27359","1":"product","2":"type-product","3":"status-publish","4":"has-post-thumbnail","6":"pwb-brand-washburn","7":"product_cat-acusticas","8":"product_cat-cuerdas","9":"product_cat-guitarras-cuerdas","10":"product_cat-guitarras-electro-acusticas","11":"product_shipping_class-0-5-kg","13":"first","14":"outofstock","15":"taxable","16":"shipping-taxable","17":"purchasable","18":"product-type-simple"},"yoast_head":"<!-- This site is optimized with the Yoast SEO plugin v27.5 - https:\/\/yoast.com\/product\/yoast-seo-wordpress\/ -->\n<title>GUITARRA WASHBURN E\/ACUSTICA WG5SCE-B - Mexican Guitar Players<\/title>\n<meta name=\"description\" content=\"Guitarra Washburn WG5SCE-B guitarra electroac\u00fastica serie Black Knight, Grand Auditorium , Tapa de abeto Sitka de Alaska, aros y fondo de basswood, brazo de caoba, diapas\u00f3n de rosewood, roseta de abulon, alma de acero de 2 vias, binding encontorno, brazo y paleta, puente de rosewood, saddle y cejuela de hueso, preampMET-A07, maquinaria die cast cromada, acabado en negro brillante, equipada con cuerdas d&#039;Addario.\" \/>\n<meta name=\"robots\" content=\"index, follow, max-snippet:-1, max-image-preview:large, max-video-preview:-1\" \/>\n<link rel=\"canonical\" href=\"https:\/\/www.mexicanguitarplayers.com\/en\/tienda\/sin%20categor\u00eda\/guitarra-washburn-e-acustica-wg5sce-b\/\" \/>\n<meta property=\"og:locale\" content=\"en_US\" \/>\n<meta property=\"og:type\" content=\"article\" \/>\n<meta property=\"og:title\" content=\"GUITARRA WASHBURN E\/ACUSTICA WG5SCE-B - Mexican Guitar Players\" \/>\n<meta property=\"og:description\" content=\"Guitarra Washburn WG5SCE-B guitarra electroac\u00fastica serie Black Knight, Grand Auditorium , Tapa de abeto Sitka de Alaska, aros y fondo de basswood, brazo de caoba, diapas\u00f3n de rosewood, roseta de abulon, alma de acero de 2 vias, binding encontorno, brazo y paleta, puente de rosewood, saddle y cejuela de hueso, preampMET-A07, maquinaria die cast cromada, acabado en negro brillante, equipada con cuerdas d&#039;Addario.\" \/>\n<meta property=\"og:url\" content=\"https:\/\/www.mexicanguitarplayers.com\/en\/tienda\/sin categor\u00eda\/guitarra-washburn-e-acustica-wg5sce-b\/\" \/>\n<meta property=\"og:site_name\" content=\"Mexican Guitar Players\" \/>\n<meta property=\"article:modified_time\" content=\"2026-04-10T10:42:13+00:00\" \/>\n<meta name=\"twitter:card\" content=\"summary_large_image\" \/>\n<meta name=\"twitter:label1\" content=\"Est. reading time\" \/>\n\t<meta name=\"twitter:data1\" content=\"1 minute\" \/>\n<script type=\"application\/ld+json\" class=\"yoast-schema-graph\">{\"@context\":\"https:\\\/\\\/schema.org\",\"@graph\":[{\"@type\":[\"WebPage\",\"ItemPage\"],\"@id\":\"https:\\\/\\\/www.mexicanguitarplayers.com\\\/tienda\\\/sin categor\u00eda\\\/guitarra-washburn-e-acustica-wg5sce-b\\\/\",\"url\":\"https:\\\/\\\/www.mexicanguitarplayers.com\\\/tienda\\\/sin categor\u00eda\\\/guitarra-washburn-e-acustica-wg5sce-b\\\/\",\"name\":\"GUITARRA WASHBURN E\\\/ACUSTICA WG5SCE-B - Mexican Guitar Players\",\"isPartOf\":{\"@id\":\"https:\\\/\\\/www.mexicanguitarplayers.com\\\/#website\"},\"primaryImageOfPage\":{\"@id\":\"https:\\\/\\\/www.mexicanguitarplayers.com\\\/tienda\\\/sin categor\u00eda\\\/guitarra-washburn-e-acustica-wg5sce-b\\\/#primaryimage\"},\"image\":{\"@id\":\"https:\\\/\\\/www.mexicanguitarplayers.com\\\/tienda\\\/sin categor\u00eda\\\/guitarra-washburn-e-acustica-wg5sce-b\\\/#primaryimage\"},\"thumbnailUrl\":\"https:\\\/\\\/www.mexicanguitarplayers.com\\\/wp-content\\\/uploads\\\/2025\\\/04\\\/ISWASWG5SCEB.jpg\",\"datePublished\":\"2025-04-07T14:25:26+00:00\",\"dateModified\":\"2026-04-10T10:42:13+00:00\",\"description\":\"Guitarra Washburn WG5SCE-B guitarra electroac\u00fastica serie Black Knight, Grand Auditorium , Tapa de abeto Sitka de Alaska, aros y fondo de basswood, brazo de caoba, diapas\u00f3n de rosewood, roseta de abulon, alma de acero de 2 vias, binding encontorno, brazo y paleta, puente de rosewood, saddle y cejuela de hueso, preampMET-A07, maquinaria die cast cromada, acabado en negro brillante, equipada con cuerdas d'Addario.\",\"breadcrumb\":{\"@id\":\"https:\\\/\\\/www.mexicanguitarplayers.com\\\/tienda\\\/sin categor\u00eda\\\/guitarra-washburn-e-acustica-wg5sce-b\\\/#breadcrumb\"},\"inLanguage\":\"en-US\",\"potentialAction\":[{\"@type\":\"ReadAction\",\"target\":[\"https:\\\/\\\/www.mexicanguitarplayers.com\\\/tienda\\\/sin categor\u00eda\\\/guitarra-washburn-e-acustica-wg5sce-b\\\/\"]}]},{\"@type\":\"ImageObject\",\"inLanguage\":\"en-US\",\"@id\":\"https:\\\/\\\/www.mexicanguitarplayers.com\\\/tienda\\\/sin categor\u00eda\\\/guitarra-washburn-e-acustica-wg5sce-b\\\/#primaryimage\",\"url\":\"https:\\\/\\\/www.mexicanguitarplayers.com\\\/wp-content\\\/uploads\\\/2025\\\/04\\\/ISWASWG5SCEB.jpg\",\"contentUrl\":\"https:\\\/\\\/www.mexicanguitarplayers.com\\\/wp-content\\\/uploads\\\/2025\\\/04\\\/ISWASWG5SCEB.jpg\",\"width\":600,\"height\":600},{\"@type\":\"BreadcrumbList\",\"@id\":\"https:\\\/\\\/www.mexicanguitarplayers.com\\\/tienda\\\/sin categor\u00eda\\\/guitarra-washburn-e-acustica-wg5sce-b\\\/#breadcrumb\",\"itemListElement\":[{\"@type\":\"ListItem\",\"position\":1,\"name\":\"Portada\",\"item\":\"https:\\\/\\\/www.mexicanguitarplayers.com\\\/\"},{\"@type\":\"ListItem\",\"position\":2,\"name\":\"Tienda\",\"item\":\"https:\\\/\\\/www.mexicanguitarplayers.com\\\/tienda\\\/\"},{\"@type\":\"ListItem\",\"position\":3,\"name\":\"GUITARRA WASHBURN E\\\/ACUSTICA WG5SCE-B\"}]},{\"@type\":\"WebSite\",\"@id\":\"https:\\\/\\\/www.mexicanguitarplayers.com\\\/#website\",\"url\":\"https:\\\/\\\/www.mexicanguitarplayers.com\\\/\",\"name\":\"Mexican Guitar Players\",\"description\":\"Website\",\"publisher\":{\"@id\":\"https:\\\/\\\/www.mexicanguitarplayers.com\\\/#organization\"},\"potentialAction\":[{\"@type\":\"SearchAction\",\"target\":{\"@type\":\"EntryPoint\",\"urlTemplate\":\"https:\\\/\\\/www.mexicanguitarplayers.com\\\/?s={search_term_string}\"},\"query-input\":{\"@type\":\"PropertyValueSpecification\",\"valueRequired\":true,\"valueName\":\"search_term_string\"}}],\"inLanguage\":\"en-US\"},{\"@type\":\"Organization\",\"@id\":\"https:\\\/\\\/www.mexicanguitarplayers.com\\\/#organization\",\"name\":\"Mexican Guitar Players\",\"url\":\"https:\\\/\\\/www.mexicanguitarplayers.com\\\/\",\"logo\":{\"@type\":\"ImageObject\",\"inLanguage\":\"en-US\",\"@id\":\"https:\\\/\\\/www.mexicanguitarplayers.com\\\/#\\\/schema\\\/logo\\\/image\\\/\",\"url\":\"\",\"contentUrl\":\"\",\"caption\":\"Mexican Guitar Players\"},\"image\":{\"@id\":\"https:\\\/\\\/www.mexicanguitarplayers.com\\\/#\\\/schema\\\/logo\\\/image\\\/\"}}]}<\/script>\n<!-- \/ Yoast SEO plugin. -->","yoast_head_json":{"title":"GUITARRA WASHBURN E\/ACUSTICA WG5SCE-B - Mexican Guitar Players","description":"Guitarra Washburn WG5SCE-B guitarra electroac\u00fastica serie Black Knight, Grand Auditorium , Tapa de abeto Sitka de Alaska, aros y fondo de basswood, brazo de caoba, diapas\u00f3n de rosewood, roseta de abulon, alma de acero de 2 vias, binding encontorno, brazo y paleta, puente de rosewood, saddle y cejuela de hueso, preampMET-A07, maquinaria die cast cromada, acabado en negro brillante, equipada con cuerdas d'Addario.","robots":{"index":"index","follow":"follow","max-snippet":"max-snippet:-1","max-image-preview":"max-image-preview:large","max-video-preview":"max-video-preview:-1"},"canonical":"https:\/\/www.mexicanguitarplayers.com\/en\/tienda\/sin categor\u00eda\/guitarra-washburn-e-acustica-wg5sce-b\/","og_locale":"en_US","og_type":"article","og_title":"GUITARRA WASHBURN E\/ACUSTICA WG5SCE-B - Mexican Guitar Players","og_description":"Guitarra Washburn WG5SCE-B guitarra electroac\u00fastica serie Black Knight, Grand Auditorium , Tapa de abeto Sitka de Alaska, aros y fondo de basswood, brazo de caoba, diapas\u00f3n de rosewood, roseta de abulon, alma de acero de 2 vias, binding encontorno, brazo y paleta, puente de rosewood, saddle y cejuela de hueso, preampMET-A07, maquinaria die cast cromada, acabado en negro brillante, equipada con cuerdas d'Addario.","og_url":"https:\/\/www.mexicanguitarplayers.com\/en\/tienda\/sin categor\u00eda\/guitarra-washburn-e-acustica-wg5sce-b\/","og_site_name":"Mexican Guitar Players","article_modified_time":"2026-04-10T10:42:13+00:00","twitter_card":"summary_large_image","twitter_misc":{"Est. reading time":"1 minute"},"schema":{"@context":"https:\/\/schema.org","@graph":[{"@type":["WebPage","ItemPage"],"@id":"https:\/\/www.mexicanguitarplayers.com\/tienda\/sin categor\u00eda\/guitarra-washburn-e-acustica-wg5sce-b\/","url":"https:\/\/www.mexicanguitarplayers.com\/tienda\/sin categor\u00eda\/guitarra-washburn-e-acustica-wg5sce-b\/","name":"GUITARRA WASHBURN E\/ACUSTICA WG5SCE-B - Mexican Guitar Players","isPartOf":{"@id":"https:\/\/www.mexicanguitarplayers.com\/#website"},"primaryImageOfPage":{"@id":"https:\/\/www.mexicanguitarplayers.com\/tienda\/sin categor\u00eda\/guitarra-washburn-e-acustica-wg5sce-b\/#primaryimage"},"image":{"@id":"https:\/\/www.mexicanguitarplayers.com\/tienda\/sin categor\u00eda\/guitarra-washburn-e-acustica-wg5sce-b\/#primaryimage"},"thumbnailUrl":"https:\/\/www.mexicanguitarplayers.com\/wp-content\/uploads\/2025\/04\/ISWASWG5SCEB.jpg","datePublished":"2025-04-07T14:25:26+00:00","dateModified":"2026-04-10T10:42:13+00:00","description":"Guitarra Washburn WG5SCE-B guitarra electroac\u00fastica serie Black Knight, Grand Auditorium , Tapa de abeto Sitka de Alaska, aros y fondo de basswood, brazo de caoba, diapas\u00f3n de rosewood, roseta de abulon, alma de acero de 2 vias, binding encontorno, brazo y paleta, puente de rosewood, saddle y cejuela de hueso, preampMET-A07, maquinaria die cast cromada, acabado en negro brillante, equipada con cuerdas d'Addario.","breadcrumb":{"@id":"https:\/\/www.mexicanguitarplayers.com\/tienda\/sin categor\u00eda\/guitarra-washburn-e-acustica-wg5sce-b\/#breadcrumb"},"inLanguage":"en-US","potentialAction":[{"@type":"ReadAction","target":["https:\/\/www.mexicanguitarplayers.com\/tienda\/sin categor\u00eda\/guitarra-washburn-e-acustica-wg5sce-b\/"]}]},{"@type":"ImageObject","inLanguage":"en-US","@id":"https:\/\/www.mexicanguitarplayers.com\/tienda\/sin categor\u00eda\/guitarra-washburn-e-acustica-wg5sce-b\/#primaryimage","url":"https:\/\/www.mexicanguitarplayers.com\/wp-content\/uploads\/2025\/04\/ISWASWG5SCEB.jpg","contentUrl":"https:\/\/www.mexicanguitarplayers.com\/wp-content\/uploads\/2025\/04\/ISWASWG5SCEB.jpg","width":600,"height":600},{"@type":"BreadcrumbList","@id":"https:\/\/www.mexicanguitarplayers.com\/tienda\/sin categor\u00eda\/guitarra-washburn-e-acustica-wg5sce-b\/#breadcrumb","itemListElement":[{"@type":"ListItem","position":1,"name":"Portada","item":"https:\/\/www.mexicanguitarplayers.com\/"},{"@type":"ListItem","position":2,"name":"Tienda","item":"https:\/\/www.mexicanguitarplayers.com\/tienda\/"},{"@type":"ListItem","position":3,"name":"GUITARRA WASHBURN E\/ACUSTICA WG5SCE-B"}]},{"@type":"WebSite","@id":"https:\/\/www.mexicanguitarplayers.com\/#website","url":"https:\/\/www.mexicanguitarplayers.com\/","name":"Mexican Guitar Players","description":"Website","publisher":{"@id":"https:\/\/www.mexicanguitarplayers.com\/#organization"},"potentialAction":[{"@type":"SearchAction","target":{"@type":"EntryPoint","urlTemplate":"https:\/\/www.mexicanguitarplayers.com\/?s={search_term_string}"},"query-input":{"@type":"PropertyValueSpecification","valueRequired":true,"valueName":"search_term_string"}}],"inLanguage":"en-US"},{"@type":"Organization","@id":"https:\/\/www.mexicanguitarplayers.com\/#organization","name":"Mexican Guitar Players","url":"https:\/\/www.mexicanguitarplayers.com\/","logo":{"@type":"ImageObject","inLanguage":"en-US","@id":"https:\/\/www.mexicanguitarplayers.com\/#\/schema\/logo\/image\/","url":"","contentUrl":"","caption":"Mexican Guitar Players"},"image":{"@id":"https:\/\/www.mexicanguitarplayers.com\/#\/schema\/logo\/image\/"}}]}},"brands":[{"id":178,"name":"WASHBURN","slug":"washburn"}],"_links":{"self":[{"href":"https:\/\/www.mexicanguitarplayers.com\/en\/wp-json\/wp\/v2\/product\/27359","targetHints":{"allow":["GET"]}}],"collection":[{"href":"https:\/\/www.mexicanguitarplayers.com\/en\/wp-json\/wp\/v2\/product"}],"about":[{"href":"https:\/\/www.mexicanguitarplayers.com\/en\/wp-json\/wp\/v2\/types\/product"}],"replies":[{"embeddable":true,"href":"https:\/\/www.mexicanguitarplayers.com\/en\/wp-json\/wp\/v2\/comments?post=27359"}],"wp:featuredmedia":[{"embeddable":true,"href":"https:\/\/www.mexicanguitarplayers.com\/en\/wp-json\/wp\/v2\/media\/27358"}],"wp:attachment":[{"href":"https:\/\/www.mexicanguitarplayers.com\/en\/wp-json\/wp\/v2\/media?parent=27359"}],"wp:term":[{"taxonomy":"pwb-brand","embeddable":true,"href":"https:\/\/www.mexicanguitarplayers.com\/en\/wp-json\/wp\/v2\/pwb-brand?post=27359"},{"taxonomy":"product_brand","embeddable":true,"href":"https:\/\/www.mexicanguitarplayers.com\/en\/wp-json\/wp\/v2\/product_brand?post=27359"},{"taxonomy":"product_cat","embeddable":true,"href":"https:\/\/www.mexicanguitarplayers.com\/en\/wp-json\/wp\/v2\/product_cat?post=27359"},{"taxonomy":"product_tag","embeddable":true,"href":"https:\/\/www.mexicanguitarplayers.com\/en\/wp-json\/wp\/v2\/product_tag?post=27359"}],"curies":[{"name":"wp","href":"https:\/\/api.w.org\/{rel}","templated":true}]}}