{"id":27411,"date":"2025-04-07T08:34:10","date_gmt":"2025-04-07T14:34:10","guid":{"rendered":"https:\/\/www.mexicanguitarplayers.com\/tienda\/sin categor\u00eda\/controlador-source-audio-pedal-soleman\/"},"modified":"2026-04-10T04:42:08","modified_gmt":"2026-04-10T10:42:08","slug":"controlador-source-audio-pedal-soleman","status":"publish","type":"product","link":"https:\/\/www.mexicanguitarplayers.com\/en\/tienda\/cuerdas\/efectos\/efectos-individuales\/controlador-source-audio-pedal-soleman\/","title":{"rendered":"CONTROLADOR SOURCE AUDIO PEDAL SOLEMAN"},"content":{"rendered":"<div style=\"text-align: justify\">\n<div>\n<h3><\/h3>\n<\/div>\n<div>El mejor pedal controlador MIDI. Soleman es un vers\u00e1til controlador MIDI de hardware y software altamente configurable, alojado en una durable y compacta carcasa. Tiene dos salidas MIDI que permiten interactuar con cualquier hardware que cumpla con el est\u00e1ndar MIDI. Tambi\u00e9n tiene una interface USB-MIDI para un control directo de software compatible con MIDI, como DAWs (Digital Audio Workstations), instrumentos virtuales, sintetizadores, o plugins VST. Los 4 footswitches se desplazan por escenas, inician mensajes MIDI individuales, avanzan por listas establecidas o activan macros MIDI altamente personalizables. Un puerto de conmutaci\u00f3n externa permite dos footswitches adicionales para mejorar la navegaci\u00f3n. La entrada de expresi\u00f3n permite al usuario usar un pedal de expresi\u00f3n pasivo para generar mensajes MIDI de control continuo de una manera muy flexible, proporcionando un control expresivo directo sobre dispositivos MIDI compatibles y software. La pantalla LCD de alto contraste del controlador Soleman es visible en condiciones de luz que van desde un escenario oscuro a la luz directa del sol. Muestra informaci\u00f3n relevante sobre escenas, listas, configuraci\u00f3n MIDI, salidas de expresi\u00f3n y otros modos. Modos de usuario. Modo Escena. En este modo, el Soleman recorre los programas en orden secuencial y emite mensajes de cambio de programa, mensajes de nota activada o macros. Los mensajes de cambio de programa se habilitan por defecto. Este es el modo m\u00e1s simple de funcionamiento y coincide con la funcionalidad de los m\u00e1s b\u00e1sicos controladores MIDI. Este modo trabaja muy bien con el Neuro Hub de Source Audio, como una forma de recuperar escenas. Las escenas son b\u00e1sicamente una forma de almacenar informaci\u00f3n de ajustes para m\u00faltiples efectos de pedal en el sistema, con la ventaja de poder guardar y recuperar esos preajustes al mismo tiempo con tan s\u00f3lo un mensaje de programa. Modo Lista. El modo lista es similar al modo escena en muchas cosas: Las escenas pueden ser seleccionadas usando los footswitches Previous y Next y cada escena emitir\u00e1 (por defecto) un mensaje de cambio de programa MIDI correspondiente. La ventaja del modo lista es que el usuario tiene el control del orden de las escenas. Los usuarios pueden crear hasta 64 listas personalizadas, cada una con hasta 90 escenas. Modo Panel. El modo panel es el modo de operaci\u00f3n m\u00e1s poderoso y flexible del Soleman. En el modo panel, cada footswitch es ca\u00e1z de enviar un mensaje MIDI totalmente personalizable (o un grupo de m\u00faltiples mensajes MIDI) cuando se activa as\u00ed como un mensaje MIDI diferente (o grupo de m\u00faltiples mensajes MIDI) cuando se desactiva. Esto permite al usuario crear una superficie de control altamente personalizable para su caso de uso espec\u00edfico.<\/div>\n<div>\n<h4>Quick look<\/h4>\n<\/div>\n<ul style=\"margin: 0px 0px 0px 25px\">\n<li style=\"list-style-type: circle;margin: 5px\">Tipo de sistema.<\/li>\n<li style=\"list-style-type: circle;margin: 5px\">Departures.<\/li>\n<li style=\"list-style-type: circle;margin: 5px\">Funcionamiento.<\/li>\n<li style=\"list-style-type: circle;margin: 5px\">Pantalla LCD.<\/li>\n<li style=\"list-style-type: circle;margin: 5px\">Modos de usuario.<\/li>\n<\/ul>\n<div>\n<div style=\"font-weight: bold\">Tipo de sistema.<\/div>\n<div>\n<p>Vers\u00e1til controlador MIDI de hardware y software altamente configurable, alojado en una durable y compacta carcasa.<\/p>\n<\/div>\n<div style=\"font-weight: bold\">Departures.<\/div>\n<div>\n<p>Dos salidas MIDI que permiten interactuar con cualquier hardware que cumpla con el est\u00e1ndar MIDI.  Interface USB-MIDI para un control directo de software compatible con MIDI, como DAWs (Digital Audio Workstations), instrumentos virtuales, sintetizadores, o plugins VST.  Puerto de conmutaci\u00f3n externa permite dos footswitches adicionales para mejorar la navegaci\u00f3n.  Entrada de expresi\u00f3n que permite al usuario usar un pedal de expresi\u00f3n pasivo para generar mensajes MIDI de control continuo de una manera muy flexible, proporcionando un control expresivo directo sobre dispositivos MIDI compatibles y software.<\/p>\n<\/div>\n<div style=\"font-weight: bold\">Funcionamiento.<\/div>\n<div>\n<p>Los 4 footswitches se desplazan por escenas, inician mensajes MIDI individuales, avanzan por listas establecidas o activan macros MIDI altamente personalizables. <\/p>\n<\/div>\n<div style=\"font-weight: bold\">Pantalla LCD.<\/div>\n<div>\n<p>La pantalla LCD de alto contraste del controlador Soleman es visible en condiciones de luz que van desde un escenario oscuro a la luz directa del sol. Muestra informaci\u00f3n relevante sobre escenas, listas, configuraci\u00f3n MIDI, salidas de expresi\u00f3n y otros modos.<\/p>\n<\/div>\n<div style=\"font-weight: bold\">Modos de usuario.<\/div>\n<div>\n<p>Modo Escena. En este modo, el Soleman recorre los programas en orden secuencial y emite mensajes de cambio de programa, mensajes de nota activada o macros. Los mensajes de cambio de programa se habilitan por defecto. Este es el modo m\u00e1s simple de funcionamiento y coincide con la funcionalidad de los m\u00e1s b\u00e1sicos controladores MIDI. Este modo trabaja muy bien con el Neuro Hub de Source Audio, como una forma de recuperar escenas. Las escenas son b\u00e1sicamente una forma de almacenar informaci\u00f3n de ajustes para m\u00faltiples efectos de pedal en el sistema, con la ventaja de poder guardar y recuperar esos preajustes al mismo tiempo con tan s\u00f3lo un mensaje de programa. Modo Lista. El modo lista es similar al modo escena en muchas cosas: Las escenas pueden ser seleccionadas usando los footswitches Previous y Next y cada escena emitir\u00e1 (por defecto) un mensaje de cambio de programa MIDI correspondiente. La ventaja del modo lista es que el usuario tiene el control del orden de las escenas. Los usuarios pueden crear hasta 64 listas personalizadas, cada una con hasta 90 escenas. Modo Panel. El modo panel es el modo de operaci\u00f3n m\u00e1s poderoso y flexible del Soleman. En el modo panel, cada footswitch es ca\u00e1z de enviar un mensaje MIDI totalmente personalizable (o un grupo de m\u00faltiples mensajes MIDI) cuando se activa as\u00ed como un mensaje MIDI diferente (o grupo de m\u00faltiples mensajes MIDI) cuando se desactiva. Esto permite al usuario crear una superficie de control altamente personalizable para su caso de uso espec\u00edfico.<\/p>\n<\/div>\n<\/div>\n<\/div>","protected":false},"excerpt":{"rendered":"<p>Controlador MIDI vers\u00e1til y altamente configurable, controla cualquier hardware o software MIDI compatible o puede usarse tambi\u00e9n como centro de comandos para el sistema de efectos Neuro de Source Audio, usa los footswitches para desplazarte por los pre-ajustes, env\u00eda mensajes MIDI individuales, avanza por listas o activa macros MIDI altamente personalizables, configura la funcionalidad del footswitch con cualquiera de los 3 modos de control: modo escena, modo lista o modo panel, 1 entrada MIDI, 2 salidas MIDI, 1 salida \u00bc\u201d de expresi\u00f3n, entrada de expansi\u00f3n, switch 1, switch 2 y ground, interface MIDI-USB lista para PC y MAC (no requiere drivers), puede usarse con tu DAW favorito para controlar sintetizadores de software o instrumentos virtuales, la entrada de expresi\u00f3n acepta pedales de expresi\u00f3n pasivos, funci\u00f3n de tap tempo, puerto switch externo que permite un controlador m\u00e1s para ofrecer una mejor navegaci\u00f3n, carcasa de aluminio anodizado, dimensiones: 26.7 x 9.5 x 7 cm (incluyendo perillas), peso: 1 kg.&hellip; <a class=\"kt-excerpt-readmore more-link\" href=\"https:\/\/www.mexicanguitarplayers.com\/en\/tienda\/cuerdas\/efectos\/efectos-individuales\/controlador-source-audio-pedal-soleman\/\">Read more<\/a><\/p>","protected":false},"featured_media":27410,"comment_status":"open","ping_status":"closed","template":"","meta":{"kt_blocks_editor_width":""},"pwb-brand":[608],"product_brand":[],"product_cat":[224,241,504],"product_tag":[],"class_list":{"0":"post-27411","1":"product","2":"type-product","3":"status-publish","4":"has-post-thumbnail","6":"pwb-brand-source-audio","7":"product_cat-cuerdas","8":"product_cat-efectos","9":"product_cat-efectos-individuales","10":"product_shipping_class-0-5-kg","12":"first","13":"outofstock","14":"taxable","15":"shipping-taxable","16":"purchasable","17":"product-type-simple"},"yoast_head":"<!-- This site is optimized with the Yoast SEO plugin v27.5 - https:\/\/yoast.com\/product\/yoast-seo-wordpress\/ -->\n<title>CONTROLADOR SOURCE AUDIO PEDAL SOLEMAN - Mexican Guitar Players<\/title>\n<meta name=\"description\" content=\"Controlador MIDI vers\u00e1til y altamente configurable, controla cualquier hardware o software MIDI compatible o puede usarse tambi\u00e9n como centro de comandos para el sistema de efectos Neuro de Source Audio, usa los footswitches para desplazarte por los pre-ajustes, env\u00eda mensajes MIDI individuales, avanza por listas o activa macros MIDI altamente personalizables, configura la funcionalidad del footswitch con cualquiera de los 3 modos de control: modo escena, modo lista o modo panel, 1 entrada MIDI, 2 salidas MIDI, 1 salida \u00bc\u201d de expresi\u00f3n, entrada de expansi\u00f3n, switch 1, switch 2 y ground, interface MIDI-USB lista para PC y MAC (no requiere drivers), puede usarse con tu DAW favorito para controlar sintetizadores de software o instrumentos virtuales, la entrada de expresi\u00f3n acepta pedales de expresi\u00f3n pasivos, funci\u00f3n de tap tempo, puerto switch externo que permite un controlador m\u00e1s para ofrecer una mejor navegaci\u00f3n, carcasa de aluminio anodizado, dimensiones: 26.7 x 9.5 x 7 cm (incluyendo perillas), peso: 1 kg.\" \/>\n<meta name=\"robots\" content=\"index, follow, max-snippet:-1, max-image-preview:large, max-video-preview:-1\" \/>\n<link rel=\"canonical\" href=\"https:\/\/www.mexicanguitarplayers.com\/en\/tienda\/sin%20categor\u00eda\/controlador-source-audio-pedal-soleman\/\" \/>\n<meta property=\"og:locale\" content=\"en_US\" \/>\n<meta property=\"og:type\" content=\"article\" \/>\n<meta property=\"og:title\" content=\"CONTROLADOR SOURCE AUDIO PEDAL SOLEMAN - Mexican Guitar Players\" \/>\n<meta property=\"og:description\" content=\"Controlador MIDI vers\u00e1til y altamente configurable, controla cualquier hardware o software MIDI compatible o puede usarse tambi\u00e9n como centro de comandos para el sistema de efectos Neuro de Source Audio, usa los footswitches para desplazarte por los pre-ajustes, env\u00eda mensajes MIDI individuales, avanza por listas o activa macros MIDI altamente personalizables, configura la funcionalidad del footswitch con cualquiera de los 3 modos de control: modo escena, modo lista o modo panel, 1 entrada MIDI, 2 salidas MIDI, 1 salida \u00bc\u201d de expresi\u00f3n, entrada de expansi\u00f3n, switch 1, switch 2 y ground, interface MIDI-USB lista para PC y MAC (no requiere drivers), puede usarse con tu DAW favorito para controlar sintetizadores de software o instrumentos virtuales, la entrada de expresi\u00f3n acepta pedales de expresi\u00f3n pasivos, funci\u00f3n de tap tempo, puerto switch externo que permite un controlador m\u00e1s para ofrecer una mejor navegaci\u00f3n, carcasa de aluminio anodizado, dimensiones: 26.7 x 9.5 x 7 cm (incluyendo perillas), peso: 1 kg.\" \/>\n<meta property=\"og:url\" content=\"https:\/\/www.mexicanguitarplayers.com\/en\/tienda\/sin categor\u00eda\/controlador-source-audio-pedal-soleman\/\" \/>\n<meta property=\"og:site_name\" content=\"Mexican Guitar Players\" \/>\n<meta property=\"article:modified_time\" content=\"2026-04-10T10:42:08+00:00\" \/>\n<meta name=\"twitter:card\" content=\"summary_large_image\" \/>\n<meta name=\"twitter:label1\" content=\"Est. reading time\" \/>\n\t<meta name=\"twitter:data1\" content=\"5 minutes\" \/>\n<script type=\"application\/ld+json\" class=\"yoast-schema-graph\">{\"@context\":\"https:\\\/\\\/schema.org\",\"@graph\":[{\"@type\":[\"WebPage\",\"ItemPage\"],\"@id\":\"https:\\\/\\\/www.mexicanguitarplayers.com\\\/tienda\\\/sin categor\u00eda\\\/controlador-source-audio-pedal-soleman\\\/\",\"url\":\"https:\\\/\\\/www.mexicanguitarplayers.com\\\/tienda\\\/sin categor\u00eda\\\/controlador-source-audio-pedal-soleman\\\/\",\"name\":\"CONTROLADOR SOURCE AUDIO PEDAL SOLEMAN - Mexican Guitar Players\",\"isPartOf\":{\"@id\":\"https:\\\/\\\/www.mexicanguitarplayers.com\\\/#website\"},\"primaryImageOfPage\":{\"@id\":\"https:\\\/\\\/www.mexicanguitarplayers.com\\\/tienda\\\/sin categor\u00eda\\\/controlador-source-audio-pedal-soleman\\\/#primaryimage\"},\"image\":{\"@id\":\"https:\\\/\\\/www.mexicanguitarplayers.com\\\/tienda\\\/sin categor\u00eda\\\/controlador-source-audio-pedal-soleman\\\/#primaryimage\"},\"thumbnailUrl\":\"https:\\\/\\\/www.mexicanguitarplayers.com\\\/wp-content\\\/uploads\\\/2025\\\/04\\\/IASIOSA165.jpg\",\"datePublished\":\"2025-04-07T14:34:10+00:00\",\"dateModified\":\"2026-04-10T10:42:08+00:00\",\"description\":\"Controlador MIDI vers\u00e1til y altamente configurable, controla cualquier hardware o software MIDI compatible o puede usarse tambi\u00e9n como centro de comandos para el sistema de efectos Neuro de Source Audio, usa los footswitches para desplazarte por los pre-ajustes, env\u00eda mensajes MIDI individuales, avanza por listas o activa macros MIDI altamente personalizables, configura la funcionalidad del footswitch con cualquiera de los 3 modos de control: modo escena, modo lista o modo panel, 1 entrada MIDI, 2 salidas MIDI, 1 salida \u00bc\u201d de expresi\u00f3n, entrada de expansi\u00f3n, switch 1, switch 2 y ground, interface MIDI-USB lista para PC y MAC (no requiere drivers), puede usarse con tu DAW favorito para controlar sintetizadores de software o instrumentos virtuales, la entrada de expresi\u00f3n acepta pedales de expresi\u00f3n pasivos, funci\u00f3n de tap tempo, puerto switch externo que permite un controlador m\u00e1s para ofrecer una mejor navegaci\u00f3n, carcasa de aluminio anodizado, dimensiones: 26.7 x 9.5 x 7 cm (incluyendo perillas), peso: 1 kg.\",\"breadcrumb\":{\"@id\":\"https:\\\/\\\/www.mexicanguitarplayers.com\\\/tienda\\\/sin categor\u00eda\\\/controlador-source-audio-pedal-soleman\\\/#breadcrumb\"},\"inLanguage\":\"en-US\",\"potentialAction\":[{\"@type\":\"ReadAction\",\"target\":[\"https:\\\/\\\/www.mexicanguitarplayers.com\\\/tienda\\\/sin categor\u00eda\\\/controlador-source-audio-pedal-soleman\\\/\"]}]},{\"@type\":\"ImageObject\",\"inLanguage\":\"en-US\",\"@id\":\"https:\\\/\\\/www.mexicanguitarplayers.com\\\/tienda\\\/sin categor\u00eda\\\/controlador-source-audio-pedal-soleman\\\/#primaryimage\",\"url\":\"https:\\\/\\\/www.mexicanguitarplayers.com\\\/wp-content\\\/uploads\\\/2025\\\/04\\\/IASIOSA165.jpg\",\"contentUrl\":\"https:\\\/\\\/www.mexicanguitarplayers.com\\\/wp-content\\\/uploads\\\/2025\\\/04\\\/IASIOSA165.jpg\",\"width\":1600,\"height\":800},{\"@type\":\"BreadcrumbList\",\"@id\":\"https:\\\/\\\/www.mexicanguitarplayers.com\\\/tienda\\\/sin categor\u00eda\\\/controlador-source-audio-pedal-soleman\\\/#breadcrumb\",\"itemListElement\":[{\"@type\":\"ListItem\",\"position\":1,\"name\":\"Portada\",\"item\":\"https:\\\/\\\/www.mexicanguitarplayers.com\\\/\"},{\"@type\":\"ListItem\",\"position\":2,\"name\":\"Tienda\",\"item\":\"https:\\\/\\\/www.mexicanguitarplayers.com\\\/tienda\\\/\"},{\"@type\":\"ListItem\",\"position\":3,\"name\":\"CONTROLADOR SOURCE AUDIO PEDAL SOLEMAN\"}]},{\"@type\":\"WebSite\",\"@id\":\"https:\\\/\\\/www.mexicanguitarplayers.com\\\/#website\",\"url\":\"https:\\\/\\\/www.mexicanguitarplayers.com\\\/\",\"name\":\"Mexican Guitar Players\",\"description\":\"Website\",\"publisher\":{\"@id\":\"https:\\\/\\\/www.mexicanguitarplayers.com\\\/#organization\"},\"potentialAction\":[{\"@type\":\"SearchAction\",\"target\":{\"@type\":\"EntryPoint\",\"urlTemplate\":\"https:\\\/\\\/www.mexicanguitarplayers.com\\\/?s={search_term_string}\"},\"query-input\":{\"@type\":\"PropertyValueSpecification\",\"valueRequired\":true,\"valueName\":\"search_term_string\"}}],\"inLanguage\":\"en-US\"},{\"@type\":\"Organization\",\"@id\":\"https:\\\/\\\/www.mexicanguitarplayers.com\\\/#organization\",\"name\":\"Mexican Guitar Players\",\"url\":\"https:\\\/\\\/www.mexicanguitarplayers.com\\\/\",\"logo\":{\"@type\":\"ImageObject\",\"inLanguage\":\"en-US\",\"@id\":\"https:\\\/\\\/www.mexicanguitarplayers.com\\\/#\\\/schema\\\/logo\\\/image\\\/\",\"url\":\"\",\"contentUrl\":\"\",\"caption\":\"Mexican Guitar Players\"},\"image\":{\"@id\":\"https:\\\/\\\/www.mexicanguitarplayers.com\\\/#\\\/schema\\\/logo\\\/image\\\/\"}}]}<\/script>\n<!-- \/ Yoast SEO plugin. -->","yoast_head_json":{"title":"CONTROLADOR SOURCE AUDIO PEDAL SOLEMAN - Mexican Guitar Players","description":"Controlador MIDI vers\u00e1til y altamente configurable, controla cualquier hardware o software MIDI compatible o puede usarse tambi\u00e9n como centro de comandos para el sistema de efectos Neuro de Source Audio, usa los footswitches para desplazarte por los pre-ajustes, env\u00eda mensajes MIDI individuales, avanza por listas o activa macros MIDI altamente personalizables, configura la funcionalidad del footswitch con cualquiera de los 3 modos de control: modo escena, modo lista o modo panel, 1 entrada MIDI, 2 salidas MIDI, 1 salida \u00bc\u201d de expresi\u00f3n, entrada de expansi\u00f3n, switch 1, switch 2 y ground, interface MIDI-USB lista para PC y MAC (no requiere drivers), puede usarse con tu DAW favorito para controlar sintetizadores de software o instrumentos virtuales, la entrada de expresi\u00f3n acepta pedales de expresi\u00f3n pasivos, funci\u00f3n de tap tempo, puerto switch externo que permite un controlador m\u00e1s para ofrecer una mejor navegaci\u00f3n, carcasa de aluminio anodizado, dimensiones: 26.7 x 9.5 x 7 cm (incluyendo perillas), peso: 1 kg.","robots":{"index":"index","follow":"follow","max-snippet":"max-snippet:-1","max-image-preview":"max-image-preview:large","max-video-preview":"max-video-preview:-1"},"canonical":"https:\/\/www.mexicanguitarplayers.com\/en\/tienda\/sin categor\u00eda\/controlador-source-audio-pedal-soleman\/","og_locale":"en_US","og_type":"article","og_title":"CONTROLADOR SOURCE AUDIO PEDAL SOLEMAN - Mexican Guitar Players","og_description":"Controlador MIDI vers\u00e1til y altamente configurable, controla cualquier hardware o software MIDI compatible o puede usarse tambi\u00e9n como centro de comandos para el sistema de efectos Neuro de Source Audio, usa los footswitches para desplazarte por los pre-ajustes, env\u00eda mensajes MIDI individuales, avanza por listas o activa macros MIDI altamente personalizables, configura la funcionalidad del footswitch con cualquiera de los 3 modos de control: modo escena, modo lista o modo panel, 1 entrada MIDI, 2 salidas MIDI, 1 salida \u00bc\u201d de expresi\u00f3n, entrada de expansi\u00f3n, switch 1, switch 2 y ground, interface MIDI-USB lista para PC y MAC (no requiere drivers), puede usarse con tu DAW favorito para controlar sintetizadores de software o instrumentos virtuales, la entrada de expresi\u00f3n acepta pedales de expresi\u00f3n pasivos, funci\u00f3n de tap tempo, puerto switch externo que permite un controlador m\u00e1s para ofrecer una mejor navegaci\u00f3n, carcasa de aluminio anodizado, dimensiones: 26.7 x 9.5 x 7 cm (incluyendo perillas), peso: 1 kg.","og_url":"https:\/\/www.mexicanguitarplayers.com\/en\/tienda\/sin categor\u00eda\/controlador-source-audio-pedal-soleman\/","og_site_name":"Mexican Guitar Players","article_modified_time":"2026-04-10T10:42:08+00:00","twitter_card":"summary_large_image","twitter_misc":{"Est. reading time":"5 minutes"},"schema":{"@context":"https:\/\/schema.org","@graph":[{"@type":["WebPage","ItemPage"],"@id":"https:\/\/www.mexicanguitarplayers.com\/tienda\/sin categor\u00eda\/controlador-source-audio-pedal-soleman\/","url":"https:\/\/www.mexicanguitarplayers.com\/tienda\/sin categor\u00eda\/controlador-source-audio-pedal-soleman\/","name":"CONTROLADOR SOURCE AUDIO PEDAL SOLEMAN - Mexican Guitar Players","isPartOf":{"@id":"https:\/\/www.mexicanguitarplayers.com\/#website"},"primaryImageOfPage":{"@id":"https:\/\/www.mexicanguitarplayers.com\/tienda\/sin categor\u00eda\/controlador-source-audio-pedal-soleman\/#primaryimage"},"image":{"@id":"https:\/\/www.mexicanguitarplayers.com\/tienda\/sin categor\u00eda\/controlador-source-audio-pedal-soleman\/#primaryimage"},"thumbnailUrl":"https:\/\/www.mexicanguitarplayers.com\/wp-content\/uploads\/2025\/04\/IASIOSA165.jpg","datePublished":"2025-04-07T14:34:10+00:00","dateModified":"2026-04-10T10:42:08+00:00","description":"Controlador MIDI vers\u00e1til y altamente configurable, controla cualquier hardware o software MIDI compatible o puede usarse tambi\u00e9n como centro de comandos para el sistema de efectos Neuro de Source Audio, usa los footswitches para desplazarte por los pre-ajustes, env\u00eda mensajes MIDI individuales, avanza por listas o activa macros MIDI altamente personalizables, configura la funcionalidad del footswitch con cualquiera de los 3 modos de control: modo escena, modo lista o modo panel, 1 entrada MIDI, 2 salidas MIDI, 1 salida \u00bc\u201d de expresi\u00f3n, entrada de expansi\u00f3n, switch 1, switch 2 y ground, interface MIDI-USB lista para PC y MAC (no requiere drivers), puede usarse con tu DAW favorito para controlar sintetizadores de software o instrumentos virtuales, la entrada de expresi\u00f3n acepta pedales de expresi\u00f3n pasivos, funci\u00f3n de tap tempo, puerto switch externo que permite un controlador m\u00e1s para ofrecer una mejor navegaci\u00f3n, carcasa de aluminio anodizado, dimensiones: 26.7 x 9.5 x 7 cm (incluyendo perillas), peso: 1 kg.","breadcrumb":{"@id":"https:\/\/www.mexicanguitarplayers.com\/tienda\/sin categor\u00eda\/controlador-source-audio-pedal-soleman\/#breadcrumb"},"inLanguage":"en-US","potentialAction":[{"@type":"ReadAction","target":["https:\/\/www.mexicanguitarplayers.com\/tienda\/sin categor\u00eda\/controlador-source-audio-pedal-soleman\/"]}]},{"@type":"ImageObject","inLanguage":"en-US","@id":"https:\/\/www.mexicanguitarplayers.com\/tienda\/sin categor\u00eda\/controlador-source-audio-pedal-soleman\/#primaryimage","url":"https:\/\/www.mexicanguitarplayers.com\/wp-content\/uploads\/2025\/04\/IASIOSA165.jpg","contentUrl":"https:\/\/www.mexicanguitarplayers.com\/wp-content\/uploads\/2025\/04\/IASIOSA165.jpg","width":1600,"height":800},{"@type":"BreadcrumbList","@id":"https:\/\/www.mexicanguitarplayers.com\/tienda\/sin categor\u00eda\/controlador-source-audio-pedal-soleman\/#breadcrumb","itemListElement":[{"@type":"ListItem","position":1,"name":"Portada","item":"https:\/\/www.mexicanguitarplayers.com\/"},{"@type":"ListItem","position":2,"name":"Tienda","item":"https:\/\/www.mexicanguitarplayers.com\/tienda\/"},{"@type":"ListItem","position":3,"name":"CONTROLADOR SOURCE AUDIO PEDAL SOLEMAN"}]},{"@type":"WebSite","@id":"https:\/\/www.mexicanguitarplayers.com\/#website","url":"https:\/\/www.mexicanguitarplayers.com\/","name":"Mexican Guitar Players","description":"Website","publisher":{"@id":"https:\/\/www.mexicanguitarplayers.com\/#organization"},"potentialAction":[{"@type":"SearchAction","target":{"@type":"EntryPoint","urlTemplate":"https:\/\/www.mexicanguitarplayers.com\/?s={search_term_string}"},"query-input":{"@type":"PropertyValueSpecification","valueRequired":true,"valueName":"search_term_string"}}],"inLanguage":"en-US"},{"@type":"Organization","@id":"https:\/\/www.mexicanguitarplayers.com\/#organization","name":"Mexican Guitar Players","url":"https:\/\/www.mexicanguitarplayers.com\/","logo":{"@type":"ImageObject","inLanguage":"en-US","@id":"https:\/\/www.mexicanguitarplayers.com\/#\/schema\/logo\/image\/","url":"","contentUrl":"","caption":"Mexican Guitar Players"},"image":{"@id":"https:\/\/www.mexicanguitarplayers.com\/#\/schema\/logo\/image\/"}}]}},"brands":[{"id":608,"name":"AUDIO SOURCE","slug":"source-audio"}],"_links":{"self":[{"href":"https:\/\/www.mexicanguitarplayers.com\/en\/wp-json\/wp\/v2\/product\/27411","targetHints":{"allow":["GET"]}}],"collection":[{"href":"https:\/\/www.mexicanguitarplayers.com\/en\/wp-json\/wp\/v2\/product"}],"about":[{"href":"https:\/\/www.mexicanguitarplayers.com\/en\/wp-json\/wp\/v2\/types\/product"}],"replies":[{"embeddable":true,"href":"https:\/\/www.mexicanguitarplayers.com\/en\/wp-json\/wp\/v2\/comments?post=27411"}],"wp:featuredmedia":[{"embeddable":true,"href":"https:\/\/www.mexicanguitarplayers.com\/en\/wp-json\/wp\/v2\/media\/27410"}],"wp:attachment":[{"href":"https:\/\/www.mexicanguitarplayers.com\/en\/wp-json\/wp\/v2\/media?parent=27411"}],"wp:term":[{"taxonomy":"pwb-brand","embeddable":true,"href":"https:\/\/www.mexicanguitarplayers.com\/en\/wp-json\/wp\/v2\/pwb-brand?post=27411"},{"taxonomy":"product_brand","embeddable":true,"href":"https:\/\/www.mexicanguitarplayers.com\/en\/wp-json\/wp\/v2\/product_brand?post=27411"},{"taxonomy":"product_cat","embeddable":true,"href":"https:\/\/www.mexicanguitarplayers.com\/en\/wp-json\/wp\/v2\/product_cat?post=27411"},{"taxonomy":"product_tag","embeddable":true,"href":"https:\/\/www.mexicanguitarplayers.com\/en\/wp-json\/wp\/v2\/product_tag?post=27411"}],"curies":[{"name":"wp","href":"https:\/\/api.w.org\/{rel}","templated":true}]}}