{"id":27429,"date":"2025-04-07T08:35:40","date_gmt":"2025-04-07T14:35:40","guid":{"rendered":"https:\/\/www.mexicanguitarplayers.com\/tienda\/sin categor\u00eda\/combo-cruzer-p-bajo-mod-cr-25b\/"},"modified":"2026-04-10T04:42:07","modified_gmt":"2026-04-10T10:42:07","slug":"combo-cruzer-p-bajo-mod-cr-25b","status":"publish","type":"product","link":"https:\/\/www.mexicanguitarplayers.com\/en\/tienda\/cuerdas\/combos\/combos-para-bajo\/combo-cruzer-p-bajo-mod-cr-25b\/","title":{"rendered":"COMBO CRUZER  P\/BAJO MOD. CR-25B"},"content":{"rendered":"<div style=\"text-align: justify\">\n<div>\n<h3>Viajar sin dejar de practicar.<\/h3>\n<\/div>\n<div> Con el combo CR-25B de Cruzer  para bajo tendr\u00e1s toda la comodidad para practicar en cualquier lugar, el dise\u00f1o compacto hace del  CR-25B sea el combo perfecto para viajar sin dejar de practicar y sin perder el sonido potente y brillante al cual estas  acostumbrado. Ideal  para todo tipo de estilos, calidad y durabilidad sustentada  por  fabricantes de finos instrumentos de cuerda, amplificaci\u00f3n y procesamiento de efectos para guitarra y bajo. Ideal para el estilo de tu preferencia. Gran variedad en bajos y guitarras el\u00e9ctricas con formas tradicionales y vanguardistas con los mejores componentes del mercado. Guitarras cl\u00e1sicas, ac\u00fasticas y electroac\u00fasticas en bellos dise\u00f1os concebidos por los artesanos de Crafter Guitars empleando maderas finas y la mejor mano de obra. Combos para bajo y guitarra el\u00e9ctrica, guitarras ac\u00fasticas y bajos. Pedales de efectos y afinadores de gran calidad y precisi\u00f3n, todo con el respaldo de Crafter Guitars <\/div>\n<div>\n<h4>Quick look<\/h4>\n<\/div>\n<ul style=\"margin: 0px 0px 0px 25px\">\n<li style=\"list-style-type: circle;margin: 5px\">  Entrada para aud\u00edfonos.  <\/li>\n<li style=\"list-style-type: circle;margin: 5px\">Pre AMP ecualizador de 3 bandas. <\/li>\n<\/ul>\n<div>\n<div style=\"font-weight: bold\">  Entrada para aud\u00edfonos.  <\/div>\n<div>\n<p>Con nuestros CR-25B obtendremos lo necesario para una pr\u00e1ctica satisfactoria y placentera o si preferimos  hacer  de nuestro ensayo algo mas intimo el CR-25B de Cruzer  cuenta con una entrada para aud\u00edfonos que nos permite concentrarnos \u00fanicamente en lo que estamos tocando.<\/p>\n<\/div>\n<div style=\"font-weight: bold\">Pre AMP ecualizador de 3 bandas. <\/div>\n<div>\n<p>Podr\u00e1s manipular  tu sonido como te exige el g\u00e9nero que est\u00e9s ejecutando. Definici\u00f3n en tus ataques, sonido potente y brillante.<\/p>\n<\/div>\n<\/div>\n<\/div>","protected":false},"excerpt":{"rendered":"<p>Amplificador para bajo de,25 Watts. Custom, volumen maestro, Pre AMP 3 band EQ,entrada para aud\u00edfonos,  linea  para  efectos.&hellip; <a class=\"kt-excerpt-readmore more-link\" href=\"https:\/\/www.mexicanguitarplayers.com\/en\/tienda\/cuerdas\/combos\/combos-para-bajo\/combo-cruzer-p-bajo-mod-cr-25b\/\">Read more<\/a><\/p>","protected":false},"featured_media":27428,"comment_status":"open","ping_status":"closed","template":"","meta":{"kt_blocks_editor_width":""},"pwb-brand":[259],"product_brand":[],"product_cat":[236,255,224],"product_tag":[],"class_list":{"0":"post-27429","1":"product","2":"type-product","3":"status-publish","4":"has-post-thumbnail","6":"pwb-brand-cruzer","7":"product_cat-combos","8":"product_cat-combos-para-bajo","9":"product_cat-cuerdas","10":"product_shipping_class-0-5-kg","12":"first","13":"outofstock","14":"taxable","15":"shipping-taxable","16":"purchasable","17":"product-type-simple"},"yoast_head":"<!-- This site is optimized with the Yoast SEO plugin v27.5 - https:\/\/yoast.com\/product\/yoast-seo-wordpress\/ -->\n<title>COMBO CRUZER P\/BAJO MOD. CR-25B - Mexican Guitar Players<\/title>\n<meta name=\"description\" content=\"Amplificador para bajo de,25 Watts. Custom, volumen maestro, Pre AMP 3 band EQ,entrada para aud\u00edfonos, linea para efectos.\" \/>\n<meta name=\"robots\" content=\"index, follow, max-snippet:-1, max-image-preview:large, max-video-preview:-1\" \/>\n<link rel=\"canonical\" href=\"https:\/\/www.mexicanguitarplayers.com\/en\/tienda\/sin%20categor\u00eda\/combo-cruzer-p-bajo-mod-cr-25b\/\" \/>\n<meta property=\"og:locale\" content=\"en_US\" \/>\n<meta property=\"og:type\" content=\"article\" \/>\n<meta property=\"og:title\" content=\"COMBO CRUZER P\/BAJO MOD. CR-25B - Mexican Guitar Players\" \/>\n<meta property=\"og:description\" content=\"Amplificador para bajo de,25 Watts. Custom, volumen maestro, Pre AMP 3 band EQ,entrada para aud\u00edfonos, linea para efectos.\" \/>\n<meta property=\"og:url\" content=\"https:\/\/www.mexicanguitarplayers.com\/en\/tienda\/sin categor\u00eda\/combo-cruzer-p-bajo-mod-cr-25b\/\" \/>\n<meta property=\"og:site_name\" content=\"Mexican Guitar Players\" \/>\n<meta property=\"article:modified_time\" content=\"2026-04-10T10:42:07+00:00\" \/>\n<meta name=\"twitter:card\" content=\"summary_large_image\" \/>\n<meta name=\"twitter:label1\" content=\"Est. reading time\" \/>\n\t<meta name=\"twitter:data1\" content=\"1 minute\" \/>\n<script type=\"application\/ld+json\" class=\"yoast-schema-graph\">{\"@context\":\"https:\\\/\\\/schema.org\",\"@graph\":[{\"@type\":[\"WebPage\",\"ItemPage\"],\"@id\":\"https:\\\/\\\/www.mexicanguitarplayers.com\\\/tienda\\\/sin categor\u00eda\\\/combo-cruzer-p-bajo-mod-cr-25b\\\/\",\"url\":\"https:\\\/\\\/www.mexicanguitarplayers.com\\\/tienda\\\/sin categor\u00eda\\\/combo-cruzer-p-bajo-mod-cr-25b\\\/\",\"name\":\"COMBO CRUZER P\\\/BAJO MOD. CR-25B - Mexican Guitar Players\",\"isPartOf\":{\"@id\":\"https:\\\/\\\/www.mexicanguitarplayers.com\\\/#website\"},\"primaryImageOfPage\":{\"@id\":\"https:\\\/\\\/www.mexicanguitarplayers.com\\\/tienda\\\/sin categor\u00eda\\\/combo-cruzer-p-bajo-mod-cr-25b\\\/#primaryimage\"},\"image\":{\"@id\":\"https:\\\/\\\/www.mexicanguitarplayers.com\\\/tienda\\\/sin categor\u00eda\\\/combo-cruzer-p-bajo-mod-cr-25b\\\/#primaryimage\"},\"thumbnailUrl\":\"https:\\\/\\\/www.mexicanguitarplayers.com\\\/wp-content\\\/uploads\\\/2025\\\/04\\\/ICCRZCR25B.jpg\",\"datePublished\":\"2025-04-07T14:35:40+00:00\",\"dateModified\":\"2026-04-10T10:42:07+00:00\",\"description\":\"Amplificador para bajo de,25 Watts. Custom, volumen maestro, Pre AMP 3 band EQ,entrada para aud\u00edfonos, linea para efectos.\",\"breadcrumb\":{\"@id\":\"https:\\\/\\\/www.mexicanguitarplayers.com\\\/tienda\\\/sin categor\u00eda\\\/combo-cruzer-p-bajo-mod-cr-25b\\\/#breadcrumb\"},\"inLanguage\":\"en-US\",\"potentialAction\":[{\"@type\":\"ReadAction\",\"target\":[\"https:\\\/\\\/www.mexicanguitarplayers.com\\\/tienda\\\/sin categor\u00eda\\\/combo-cruzer-p-bajo-mod-cr-25b\\\/\"]}]},{\"@type\":\"ImageObject\",\"inLanguage\":\"en-US\",\"@id\":\"https:\\\/\\\/www.mexicanguitarplayers.com\\\/tienda\\\/sin categor\u00eda\\\/combo-cruzer-p-bajo-mod-cr-25b\\\/#primaryimage\",\"url\":\"https:\\\/\\\/www.mexicanguitarplayers.com\\\/wp-content\\\/uploads\\\/2025\\\/04\\\/ICCRZCR25B.jpg\",\"contentUrl\":\"https:\\\/\\\/www.mexicanguitarplayers.com\\\/wp-content\\\/uploads\\\/2025\\\/04\\\/ICCRZCR25B.jpg\",\"width\":300,\"height\":300},{\"@type\":\"BreadcrumbList\",\"@id\":\"https:\\\/\\\/www.mexicanguitarplayers.com\\\/tienda\\\/sin categor\u00eda\\\/combo-cruzer-p-bajo-mod-cr-25b\\\/#breadcrumb\",\"itemListElement\":[{\"@type\":\"ListItem\",\"position\":1,\"name\":\"Portada\",\"item\":\"https:\\\/\\\/www.mexicanguitarplayers.com\\\/\"},{\"@type\":\"ListItem\",\"position\":2,\"name\":\"Tienda\",\"item\":\"https:\\\/\\\/www.mexicanguitarplayers.com\\\/tienda\\\/\"},{\"@type\":\"ListItem\",\"position\":3,\"name\":\"COMBO CRUZER P\\\/BAJO MOD. CR-25B\"}]},{\"@type\":\"WebSite\",\"@id\":\"https:\\\/\\\/www.mexicanguitarplayers.com\\\/#website\",\"url\":\"https:\\\/\\\/www.mexicanguitarplayers.com\\\/\",\"name\":\"Mexican Guitar Players\",\"description\":\"Website\",\"publisher\":{\"@id\":\"https:\\\/\\\/www.mexicanguitarplayers.com\\\/#organization\"},\"potentialAction\":[{\"@type\":\"SearchAction\",\"target\":{\"@type\":\"EntryPoint\",\"urlTemplate\":\"https:\\\/\\\/www.mexicanguitarplayers.com\\\/?s={search_term_string}\"},\"query-input\":{\"@type\":\"PropertyValueSpecification\",\"valueRequired\":true,\"valueName\":\"search_term_string\"}}],\"inLanguage\":\"en-US\"},{\"@type\":\"Organization\",\"@id\":\"https:\\\/\\\/www.mexicanguitarplayers.com\\\/#organization\",\"name\":\"Mexican Guitar Players\",\"url\":\"https:\\\/\\\/www.mexicanguitarplayers.com\\\/\",\"logo\":{\"@type\":\"ImageObject\",\"inLanguage\":\"en-US\",\"@id\":\"https:\\\/\\\/www.mexicanguitarplayers.com\\\/#\\\/schema\\\/logo\\\/image\\\/\",\"url\":\"\",\"contentUrl\":\"\",\"caption\":\"Mexican Guitar Players\"},\"image\":{\"@id\":\"https:\\\/\\\/www.mexicanguitarplayers.com\\\/#\\\/schema\\\/logo\\\/image\\\/\"}}]}<\/script>\n<!-- \/ Yoast SEO plugin. -->","yoast_head_json":{"title":"COMBO CRUZER P\/BAJO MOD. CR-25B - Mexican Guitar Players","description":"Amplificador para bajo de,25 Watts. Custom, volumen maestro, Pre AMP 3 band EQ,entrada para aud\u00edfonos, linea para efectos.","robots":{"index":"index","follow":"follow","max-snippet":"max-snippet:-1","max-image-preview":"max-image-preview:large","max-video-preview":"max-video-preview:-1"},"canonical":"https:\/\/www.mexicanguitarplayers.com\/en\/tienda\/sin categor\u00eda\/combo-cruzer-p-bajo-mod-cr-25b\/","og_locale":"en_US","og_type":"article","og_title":"COMBO CRUZER P\/BAJO MOD. CR-25B - Mexican Guitar Players","og_description":"Amplificador para bajo de,25 Watts. Custom, volumen maestro, Pre AMP 3 band EQ,entrada para aud\u00edfonos, linea para efectos.","og_url":"https:\/\/www.mexicanguitarplayers.com\/en\/tienda\/sin categor\u00eda\/combo-cruzer-p-bajo-mod-cr-25b\/","og_site_name":"Mexican Guitar Players","article_modified_time":"2026-04-10T10:42:07+00:00","twitter_card":"summary_large_image","twitter_misc":{"Est. reading time":"1 minute"},"schema":{"@context":"https:\/\/schema.org","@graph":[{"@type":["WebPage","ItemPage"],"@id":"https:\/\/www.mexicanguitarplayers.com\/tienda\/sin categor\u00eda\/combo-cruzer-p-bajo-mod-cr-25b\/","url":"https:\/\/www.mexicanguitarplayers.com\/tienda\/sin categor\u00eda\/combo-cruzer-p-bajo-mod-cr-25b\/","name":"COMBO CRUZER P\/BAJO MOD. CR-25B - Mexican Guitar Players","isPartOf":{"@id":"https:\/\/www.mexicanguitarplayers.com\/#website"},"primaryImageOfPage":{"@id":"https:\/\/www.mexicanguitarplayers.com\/tienda\/sin categor\u00eda\/combo-cruzer-p-bajo-mod-cr-25b\/#primaryimage"},"image":{"@id":"https:\/\/www.mexicanguitarplayers.com\/tienda\/sin categor\u00eda\/combo-cruzer-p-bajo-mod-cr-25b\/#primaryimage"},"thumbnailUrl":"https:\/\/www.mexicanguitarplayers.com\/wp-content\/uploads\/2025\/04\/ICCRZCR25B.jpg","datePublished":"2025-04-07T14:35:40+00:00","dateModified":"2026-04-10T10:42:07+00:00","description":"Amplificador para bajo de,25 Watts. Custom, volumen maestro, Pre AMP 3 band EQ,entrada para aud\u00edfonos, linea para efectos.","breadcrumb":{"@id":"https:\/\/www.mexicanguitarplayers.com\/tienda\/sin categor\u00eda\/combo-cruzer-p-bajo-mod-cr-25b\/#breadcrumb"},"inLanguage":"en-US","potentialAction":[{"@type":"ReadAction","target":["https:\/\/www.mexicanguitarplayers.com\/tienda\/sin categor\u00eda\/combo-cruzer-p-bajo-mod-cr-25b\/"]}]},{"@type":"ImageObject","inLanguage":"en-US","@id":"https:\/\/www.mexicanguitarplayers.com\/tienda\/sin categor\u00eda\/combo-cruzer-p-bajo-mod-cr-25b\/#primaryimage","url":"https:\/\/www.mexicanguitarplayers.com\/wp-content\/uploads\/2025\/04\/ICCRZCR25B.jpg","contentUrl":"https:\/\/www.mexicanguitarplayers.com\/wp-content\/uploads\/2025\/04\/ICCRZCR25B.jpg","width":300,"height":300},{"@type":"BreadcrumbList","@id":"https:\/\/www.mexicanguitarplayers.com\/tienda\/sin categor\u00eda\/combo-cruzer-p-bajo-mod-cr-25b\/#breadcrumb","itemListElement":[{"@type":"ListItem","position":1,"name":"Portada","item":"https:\/\/www.mexicanguitarplayers.com\/"},{"@type":"ListItem","position":2,"name":"Tienda","item":"https:\/\/www.mexicanguitarplayers.com\/tienda\/"},{"@type":"ListItem","position":3,"name":"COMBO CRUZER P\/BAJO MOD. CR-25B"}]},{"@type":"WebSite","@id":"https:\/\/www.mexicanguitarplayers.com\/#website","url":"https:\/\/www.mexicanguitarplayers.com\/","name":"Mexican Guitar Players","description":"Website","publisher":{"@id":"https:\/\/www.mexicanguitarplayers.com\/#organization"},"potentialAction":[{"@type":"SearchAction","target":{"@type":"EntryPoint","urlTemplate":"https:\/\/www.mexicanguitarplayers.com\/?s={search_term_string}"},"query-input":{"@type":"PropertyValueSpecification","valueRequired":true,"valueName":"search_term_string"}}],"inLanguage":"en-US"},{"@type":"Organization","@id":"https:\/\/www.mexicanguitarplayers.com\/#organization","name":"Mexican Guitar Players","url":"https:\/\/www.mexicanguitarplayers.com\/","logo":{"@type":"ImageObject","inLanguage":"en-US","@id":"https:\/\/www.mexicanguitarplayers.com\/#\/schema\/logo\/image\/","url":"","contentUrl":"","caption":"Mexican Guitar Players"},"image":{"@id":"https:\/\/www.mexicanguitarplayers.com\/#\/schema\/logo\/image\/"}}]}},"brands":[{"id":259,"name":"CRUISE","slug":"cruzer"}],"_links":{"self":[{"href":"https:\/\/www.mexicanguitarplayers.com\/en\/wp-json\/wp\/v2\/product\/27429","targetHints":{"allow":["GET"]}}],"collection":[{"href":"https:\/\/www.mexicanguitarplayers.com\/en\/wp-json\/wp\/v2\/product"}],"about":[{"href":"https:\/\/www.mexicanguitarplayers.com\/en\/wp-json\/wp\/v2\/types\/product"}],"replies":[{"embeddable":true,"href":"https:\/\/www.mexicanguitarplayers.com\/en\/wp-json\/wp\/v2\/comments?post=27429"}],"wp:featuredmedia":[{"embeddable":true,"href":"https:\/\/www.mexicanguitarplayers.com\/en\/wp-json\/wp\/v2\/media\/27428"}],"wp:attachment":[{"href":"https:\/\/www.mexicanguitarplayers.com\/en\/wp-json\/wp\/v2\/media?parent=27429"}],"wp:term":[{"taxonomy":"pwb-brand","embeddable":true,"href":"https:\/\/www.mexicanguitarplayers.com\/en\/wp-json\/wp\/v2\/pwb-brand?post=27429"},{"taxonomy":"product_brand","embeddable":true,"href":"https:\/\/www.mexicanguitarplayers.com\/en\/wp-json\/wp\/v2\/product_brand?post=27429"},{"taxonomy":"product_cat","embeddable":true,"href":"https:\/\/www.mexicanguitarplayers.com\/en\/wp-json\/wp\/v2\/product_cat?post=27429"},{"taxonomy":"product_tag","embeddable":true,"href":"https:\/\/www.mexicanguitarplayers.com\/en\/wp-json\/wp\/v2\/product_tag?post=27429"}],"curies":[{"name":"wp","href":"https:\/\/api.w.org\/{rel}","templated":true}]}}