{"id":27435,"date":"2025-04-07T08:36:23","date_gmt":"2025-04-07T14:36:23","guid":{"rendered":"https:\/\/www.mexicanguitarplayers.com\/tienda\/sin categor\u00eda\/microfono-behringer-mod-bigfoot\/"},"modified":"2026-05-01T07:27:38","modified_gmt":"2026-05-01T13:27:38","slug":"microfono-behringer-mod-bigfoot","status":"publish","type":"product","link":"https:\/\/www.mexicanguitarplayers.com\/en\/tienda\/audio\/microfonia\/microfonos-alambricos\/para-estudio\/microfono-behringer-mod-bigfoot\/","title":{"rendered":"MICROFONO BEHRINGER MOD. BIGFOOT"},"content":{"rendered":"<div style=\"text-align: justify\">\n<div>\n<h3>Tu propio estudio en casa.<\/h3>\n<\/div>\n<div>El Bigfoot es un sue\u00f1o hecho realidad para los entusiastas de la grabaci\u00f3n, los videojuegos, el streaming o el podcasting digital en casa. Este micr\u00f3fono de condensador de calidad profesional viene cargado con 3 c\u00e1psulas de alta calidad y caracter\u00edsticas incre\u00edbles: con la interfaz USB digital, estar\u00e1s listo para grabar m\u00e1s r\u00e1pido que nunca y con una preparaci\u00f3n y equipo m\u00ednimos, simplemente con\u00e9ctalo a tu computadora y comienza a grabar. Graba con tu software favorito (Logic Pro, Audacity, etc, puedes usarlo incluso para transmisiones en Twitch y Youtube), no requieres ning\u00fan software adicional. Cuenta con 4 modos de captaci\u00f3n para adaptarse a entornos de grabaci\u00f3n vers\u00e1tiles. El modo de captaci\u00f3n est\u00e9reo es ideal para capturar un efecto de audio espacioso y realista. El modo de captaci\u00f3n cardioide ofrece un sonido rico y con cuerpo. Es adecuado para podcasts, vocales, gamers, videollamadas y fuentes de sonido que se encuentran directamente frente al micr\u00f3fono. Modo de captaci\u00f3n omnidireccional: Capta el sonido por igual en todas las direcciones, es m\u00e1s adecuado para podcasts de varias personas y para capturar el ambiente de &#8220;estar all\u00ed&#8221; como una grabaci\u00f3n en vivo del show de una banda. Modo de captaci\u00f3n bidireccional: Graba desde la parte delantera y trasera del micr\u00f3fono y es ideal para capturar todos los matices de un instrumento musical y grabaciones cara a cara.<\/div>\n<div>\n<h4>Quick look<\/h4>\n<\/div>\n<ul style=\"margin: 0px 0px 0px 25px\">\n<li style=\"list-style-type: circle;margin: 5px\">Tipo de transductor:<\/li>\n<li style=\"list-style-type: circle;margin: 5px\">Rango de frecuencia.<\/li>\n<li style=\"list-style-type: circle;margin: 5px\">Maximum SPL.<\/li>\n<li style=\"list-style-type: circle;margin: 5px\">Frecuencia de muestreo.<\/li>\n<li style=\"list-style-type: circle;margin: 5px\">Tasa de bits.<\/li>\n<li style=\"list-style-type: circle;margin: 5px\">Polar pattern.<\/li>\n<li style=\"list-style-type: circle;margin: 5px\">Ganancia.<\/li>\n<li style=\"list-style-type: circle;margin: 5px\">Mute.<\/li>\n<li style=\"list-style-type: circle;margin: 5px\">Amplificador de aud\u00edfonos.<\/li>\n<li style=\"list-style-type: circle;margin: 5px\">Conexiones.<\/li>\n<li style=\"list-style-type: circle;margin: 5px\">Power supply.<\/li>\n<li style=\"list-style-type: circle;margin: 5px\">Dimensions.<\/li>\n<li style=\"list-style-type: circle;margin: 5px\">Weight.<\/li>\n<\/ul>\n<div>\n<div style=\"font-weight: bold\">Tipo de transductor:<\/div>\n<div>\n<p>Condensador, 3 c\u00e1psulas de 14 mm.<\/p>\n<\/div>\n<div style=\"font-weight: bold\">Rango de frecuencia.<\/div>\n<div>\n<p>20 Hz a 20 kHz (-10 dB).<\/p>\n<\/div>\n<div style=\"font-weight: bold\">Maximum SPL.<\/div>\n<div>\n<p>120 dB (1% THD @ 1 kHz).<\/p>\n<\/div>\n<div style=\"font-weight: bold\">Frecuencia de muestreo.<\/div>\n<div>\n<p>48 \/ 44.1 kHz.<\/p>\n<\/div>\n<div style=\"font-weight: bold\">Tasa de bits.<\/div>\n<div>\n<p>16-bits.<\/p>\n<\/div>\n<div style=\"font-weight: bold\">Polar pattern.<\/div>\n<div>\n<p>1 switch giratorio con: est\u00e9reo, omnidireccional, cardioide y bidireccional.<\/p>\n<\/div>\n<div style=\"font-weight: bold\">Ganancia.<\/div>\n<div>\n<p>-8 a +17 dB.<\/p>\n<\/div>\n<div style=\"font-weight: bold\">Mute.<\/div>\n<div>\n<p>On\/Off, seleccionable.<\/p>\n<\/div>\n<div style=\"font-weight: bold\">Amplificador de aud\u00edfonos.<\/div>\n<div>\n<p>Potencia de salida m\u00e1xima: 305 mW. THD: 0.05%. Respuesta de frecuencia: 20 Hz a 20 kHz. Relaci\u00f3n se\u00f1al a ruido: 75 dB.<\/p>\n<\/div>\n<div style=\"font-weight: bold\">Conexiones.<\/div>\n<div>\n<p>Salida de aud\u00edfonos: 1 conector 1\/8&#8243; TRS. Impedancia: 10 ohms, 1 kHz balanceado. Conexi\u00f3n USB: 1 conector mini-B.<\/p>\n<\/div>\n<div style=\"font-weight: bold\">Power supply.<\/div>\n<div>\n<p>5V por medio del puerto USB.<\/p>\n<\/div>\n<div style=\"font-weight: bold\">Dimensions.<\/div>\n<div>\n<p>110 x 110 x 227 mm.<\/p>\n<\/div>\n<div style=\"font-weight: bold\">Weight.<\/div>\n<div>\n<p>1.7 kg.<\/p>\n<\/div>\n<\/div>\n<\/div>","protected":false},"excerpt":{"rendered":"<p>Micr\u00f3fono de condensador de m\u00faltiples c\u00e1psulas, interfaz USB incorporada, ideal para vocalistas, podcasters, grabaciones de campo, sesiones de home studio, conferencias telef\u00f3nicas y m\u00e1s, puedes conectarlo a tu computadora directamente por medio de USB, repuesta de frecuencia excepcional y resoluci\u00f3n de sonido ultra alta, patrones de captaci\u00f3n seleccionables para una flexibilidad excepcional: est\u00e9reo, cardioide, omnidireccional y bidireccional, monitoreo directo de latencia cero con potente salida de aud\u00edfonos y control de nivel, control de ganancia y mute seleccionable para cualquier situaci\u00f3n de grabaci\u00f3n, soportes de escritorio personalizado para ajustar en cualquier \u00e1ngulo con soporte de micr\u00f3fono roscado, construcci\u00f3n ultrarresistente con cuerpo met\u00e1lico die-cast, dimensiones: 110 x 110 x 227 mm, peso: 1.7 kg.&hellip; <a class=\"kt-excerpt-readmore more-link\" href=\"https:\/\/www.mexicanguitarplayers.com\/en\/tienda\/audio\/microfonia\/microfonos-alambricos\/para-estudio\/microfono-behringer-mod-bigfoot\/\">Read more<\/a><\/p>","protected":false},"featured_media":27430,"comment_status":"open","ping_status":"closed","template":"","meta":{"kt_blocks_editor_width":""},"pwb-brand":[171],"product_brand":[],"product_cat":[213,214,215,227],"product_tag":[],"class_list":{"0":"post-27435","1":"product","2":"type-product","3":"status-publish","4":"has-post-thumbnail","6":"pwb-brand-behringer","7":"product_cat-audio","8":"product_cat-microfonia","9":"product_cat-microfonos-alambricos","10":"product_cat-para-estudio","11":"product_shipping_class-0-5-kg","13":"first","14":"instock","15":"taxable","16":"shipping-taxable","17":"purchasable","18":"product-type-simple"},"yoast_head":"<!-- This site is optimized with the Yoast SEO plugin v27.5 - https:\/\/yoast.com\/product\/yoast-seo-wordpress\/ -->\n<title>MICROFONO BEHRINGER MOD. BIGFOOT - Mexican Guitar Players<\/title>\n<meta name=\"description\" content=\"Micr\u00f3fono de condensador de m\u00faltiples c\u00e1psulas, interfaz USB incorporada, ideal para vocalistas, podcasters, grabaciones de campo, sesiones de home studio, conferencias telef\u00f3nicas y m\u00e1s, puedes conectarlo a tu computadora directamente por medio de USB, repuesta de frecuencia excepcional y resoluci\u00f3n de sonido ultra alta, patrones de captaci\u00f3n seleccionables para una flexibilidad excepcional: est\u00e9reo, cardioide, omnidireccional y bidireccional, monitoreo directo de latencia cero con potente salida de aud\u00edfonos y control de nivel, control de ganancia y mute seleccionable para cualquier situaci\u00f3n de grabaci\u00f3n, soportes de escritorio personalizado para ajustar en cualquier \u00e1ngulo con soporte de micr\u00f3fono roscado, construcci\u00f3n ultrarresistente con cuerpo met\u00e1lico die-cast, dimensiones: 110 x 110 x 227 mm, peso: 1.7 kg.\" \/>\n<meta name=\"robots\" content=\"index, follow, max-snippet:-1, max-image-preview:large, max-video-preview:-1\" \/>\n<link rel=\"canonical\" href=\"https:\/\/www.mexicanguitarplayers.com\/en\/tienda\/sin%20categor\u00eda\/microfono-behringer-mod-bigfoot\/\" \/>\n<meta property=\"og:locale\" content=\"en_US\" \/>\n<meta property=\"og:type\" content=\"article\" \/>\n<meta property=\"og:title\" content=\"MICROFONO BEHRINGER MOD. BIGFOOT - Mexican Guitar Players\" \/>\n<meta property=\"og:description\" content=\"Micr\u00f3fono de condensador de m\u00faltiples c\u00e1psulas, interfaz USB incorporada, ideal para vocalistas, podcasters, grabaciones de campo, sesiones de home studio, conferencias telef\u00f3nicas y m\u00e1s, puedes conectarlo a tu computadora directamente por medio de USB, repuesta de frecuencia excepcional y resoluci\u00f3n de sonido ultra alta, patrones de captaci\u00f3n seleccionables para una flexibilidad excepcional: est\u00e9reo, cardioide, omnidireccional y bidireccional, monitoreo directo de latencia cero con potente salida de aud\u00edfonos y control de nivel, control de ganancia y mute seleccionable para cualquier situaci\u00f3n de grabaci\u00f3n, soportes de escritorio personalizado para ajustar en cualquier \u00e1ngulo con soporte de micr\u00f3fono roscado, construcci\u00f3n ultrarresistente con cuerpo met\u00e1lico die-cast, dimensiones: 110 x 110 x 227 mm, peso: 1.7 kg.\" \/>\n<meta property=\"og:url\" content=\"https:\/\/www.mexicanguitarplayers.com\/en\/tienda\/sin categor\u00eda\/microfono-behringer-mod-bigfoot\/\" \/>\n<meta property=\"og:site_name\" content=\"Mexican Guitar Players\" \/>\n<meta property=\"article:modified_time\" content=\"2026-05-01T13:27:38+00:00\" \/>\n<meta name=\"twitter:card\" content=\"summary_large_image\" \/>\n<meta name=\"twitter:label1\" content=\"Est. reading time\" \/>\n\t<meta name=\"twitter:data1\" content=\"2 minutes\" \/>\n<script type=\"application\/ld+json\" class=\"yoast-schema-graph\">{\"@context\":\"https:\\\/\\\/schema.org\",\"@graph\":[{\"@type\":[\"WebPage\",\"ItemPage\"],\"@id\":\"https:\\\/\\\/www.mexicanguitarplayers.com\\\/tienda\\\/sin categor\u00eda\\\/microfono-behringer-mod-bigfoot\\\/\",\"url\":\"https:\\\/\\\/www.mexicanguitarplayers.com\\\/tienda\\\/sin categor\u00eda\\\/microfono-behringer-mod-bigfoot\\\/\",\"name\":\"MICROFONO BEHRINGER MOD. BIGFOOT - Mexican Guitar Players\",\"isPartOf\":{\"@id\":\"https:\\\/\\\/www.mexicanguitarplayers.com\\\/#website\"},\"primaryImageOfPage\":{\"@id\":\"https:\\\/\\\/www.mexicanguitarplayers.com\\\/tienda\\\/sin categor\u00eda\\\/microfono-behringer-mod-bigfoot\\\/#primaryimage\"},\"image\":{\"@id\":\"https:\\\/\\\/www.mexicanguitarplayers.com\\\/tienda\\\/sin categor\u00eda\\\/microfono-behringer-mod-bigfoot\\\/#primaryimage\"},\"thumbnailUrl\":\"https:\\\/\\\/www.mexicanguitarplayers.com\\\/wp-content\\\/uploads\\\/2025\\\/04\\\/IABEHBIGFOOT.jpg\",\"datePublished\":\"2025-04-07T14:36:23+00:00\",\"dateModified\":\"2026-05-01T13:27:38+00:00\",\"description\":\"Micr\u00f3fono de condensador de m\u00faltiples c\u00e1psulas, interfaz USB incorporada, ideal para vocalistas, podcasters, grabaciones de campo, sesiones de home studio, conferencias telef\u00f3nicas y m\u00e1s, puedes conectarlo a tu computadora directamente por medio de USB, repuesta de frecuencia excepcional y resoluci\u00f3n de sonido ultra alta, patrones de captaci\u00f3n seleccionables para una flexibilidad excepcional: est\u00e9reo, cardioide, omnidireccional y bidireccional, monitoreo directo de latencia cero con potente salida de aud\u00edfonos y control de nivel, control de ganancia y mute seleccionable para cualquier situaci\u00f3n de grabaci\u00f3n, soportes de escritorio personalizado para ajustar en cualquier \u00e1ngulo con soporte de micr\u00f3fono roscado, construcci\u00f3n ultrarresistente con cuerpo met\u00e1lico die-cast, dimensiones: 110 x 110 x 227 mm, peso: 1.7 kg.\",\"breadcrumb\":{\"@id\":\"https:\\\/\\\/www.mexicanguitarplayers.com\\\/tienda\\\/sin categor\u00eda\\\/microfono-behringer-mod-bigfoot\\\/#breadcrumb\"},\"inLanguage\":\"en-US\",\"potentialAction\":[{\"@type\":\"ReadAction\",\"target\":[\"https:\\\/\\\/www.mexicanguitarplayers.com\\\/tienda\\\/sin categor\u00eda\\\/microfono-behringer-mod-bigfoot\\\/\"]}]},{\"@type\":\"ImageObject\",\"inLanguage\":\"en-US\",\"@id\":\"https:\\\/\\\/www.mexicanguitarplayers.com\\\/tienda\\\/sin categor\u00eda\\\/microfono-behringer-mod-bigfoot\\\/#primaryimage\",\"url\":\"https:\\\/\\\/www.mexicanguitarplayers.com\\\/wp-content\\\/uploads\\\/2025\\\/04\\\/IABEHBIGFOOT.jpg\",\"contentUrl\":\"https:\\\/\\\/www.mexicanguitarplayers.com\\\/wp-content\\\/uploads\\\/2025\\\/04\\\/IABEHBIGFOOT.jpg\",\"width\":800,\"height\":1600},{\"@type\":\"BreadcrumbList\",\"@id\":\"https:\\\/\\\/www.mexicanguitarplayers.com\\\/tienda\\\/sin categor\u00eda\\\/microfono-behringer-mod-bigfoot\\\/#breadcrumb\",\"itemListElement\":[{\"@type\":\"ListItem\",\"position\":1,\"name\":\"Portada\",\"item\":\"https:\\\/\\\/www.mexicanguitarplayers.com\\\/\"},{\"@type\":\"ListItem\",\"position\":2,\"name\":\"Tienda\",\"item\":\"https:\\\/\\\/www.mexicanguitarplayers.com\\\/tienda\\\/\"},{\"@type\":\"ListItem\",\"position\":3,\"name\":\"MICROFONO BEHRINGER MOD. BIGFOOT\"}]},{\"@type\":\"WebSite\",\"@id\":\"https:\\\/\\\/www.mexicanguitarplayers.com\\\/#website\",\"url\":\"https:\\\/\\\/www.mexicanguitarplayers.com\\\/\",\"name\":\"Mexican Guitar Players\",\"description\":\"Website\",\"publisher\":{\"@id\":\"https:\\\/\\\/www.mexicanguitarplayers.com\\\/#organization\"},\"potentialAction\":[{\"@type\":\"SearchAction\",\"target\":{\"@type\":\"EntryPoint\",\"urlTemplate\":\"https:\\\/\\\/www.mexicanguitarplayers.com\\\/?s={search_term_string}\"},\"query-input\":{\"@type\":\"PropertyValueSpecification\",\"valueRequired\":true,\"valueName\":\"search_term_string\"}}],\"inLanguage\":\"en-US\"},{\"@type\":\"Organization\",\"@id\":\"https:\\\/\\\/www.mexicanguitarplayers.com\\\/#organization\",\"name\":\"Mexican Guitar Players\",\"url\":\"https:\\\/\\\/www.mexicanguitarplayers.com\\\/\",\"logo\":{\"@type\":\"ImageObject\",\"inLanguage\":\"en-US\",\"@id\":\"https:\\\/\\\/www.mexicanguitarplayers.com\\\/#\\\/schema\\\/logo\\\/image\\\/\",\"url\":\"\",\"contentUrl\":\"\",\"caption\":\"Mexican Guitar Players\"},\"image\":{\"@id\":\"https:\\\/\\\/www.mexicanguitarplayers.com\\\/#\\\/schema\\\/logo\\\/image\\\/\"}}]}<\/script>\n<!-- \/ Yoast SEO plugin. -->","yoast_head_json":{"title":"MICROFONO BEHRINGER MOD. BIGFOOT - Mexican Guitar Players","description":"Micr\u00f3fono de condensador de m\u00faltiples c\u00e1psulas, interfaz USB incorporada, ideal para vocalistas, podcasters, grabaciones de campo, sesiones de home studio, conferencias telef\u00f3nicas y m\u00e1s, puedes conectarlo a tu computadora directamente por medio de USB, repuesta de frecuencia excepcional y resoluci\u00f3n de sonido ultra alta, patrones de captaci\u00f3n seleccionables para una flexibilidad excepcional: est\u00e9reo, cardioide, omnidireccional y bidireccional, monitoreo directo de latencia cero con potente salida de aud\u00edfonos y control de nivel, control de ganancia y mute seleccionable para cualquier situaci\u00f3n de grabaci\u00f3n, soportes de escritorio personalizado para ajustar en cualquier \u00e1ngulo con soporte de micr\u00f3fono roscado, construcci\u00f3n ultrarresistente con cuerpo met\u00e1lico die-cast, dimensiones: 110 x 110 x 227 mm, peso: 1.7 kg.","robots":{"index":"index","follow":"follow","max-snippet":"max-snippet:-1","max-image-preview":"max-image-preview:large","max-video-preview":"max-video-preview:-1"},"canonical":"https:\/\/www.mexicanguitarplayers.com\/en\/tienda\/sin categor\u00eda\/microfono-behringer-mod-bigfoot\/","og_locale":"en_US","og_type":"article","og_title":"MICROFONO BEHRINGER MOD. BIGFOOT - Mexican Guitar Players","og_description":"Micr\u00f3fono de condensador de m\u00faltiples c\u00e1psulas, interfaz USB incorporada, ideal para vocalistas, podcasters, grabaciones de campo, sesiones de home studio, conferencias telef\u00f3nicas y m\u00e1s, puedes conectarlo a tu computadora directamente por medio de USB, repuesta de frecuencia excepcional y resoluci\u00f3n de sonido ultra alta, patrones de captaci\u00f3n seleccionables para una flexibilidad excepcional: est\u00e9reo, cardioide, omnidireccional y bidireccional, monitoreo directo de latencia cero con potente salida de aud\u00edfonos y control de nivel, control de ganancia y mute seleccionable para cualquier situaci\u00f3n de grabaci\u00f3n, soportes de escritorio personalizado para ajustar en cualquier \u00e1ngulo con soporte de micr\u00f3fono roscado, construcci\u00f3n ultrarresistente con cuerpo met\u00e1lico die-cast, dimensiones: 110 x 110 x 227 mm, peso: 1.7 kg.","og_url":"https:\/\/www.mexicanguitarplayers.com\/en\/tienda\/sin categor\u00eda\/microfono-behringer-mod-bigfoot\/","og_site_name":"Mexican Guitar Players","article_modified_time":"2026-05-01T13:27:38+00:00","twitter_card":"summary_large_image","twitter_misc":{"Est. reading time":"2 minutes"},"schema":{"@context":"https:\/\/schema.org","@graph":[{"@type":["WebPage","ItemPage"],"@id":"https:\/\/www.mexicanguitarplayers.com\/tienda\/sin categor\u00eda\/microfono-behringer-mod-bigfoot\/","url":"https:\/\/www.mexicanguitarplayers.com\/tienda\/sin categor\u00eda\/microfono-behringer-mod-bigfoot\/","name":"MICROFONO BEHRINGER MOD. BIGFOOT - Mexican Guitar Players","isPartOf":{"@id":"https:\/\/www.mexicanguitarplayers.com\/#website"},"primaryImageOfPage":{"@id":"https:\/\/www.mexicanguitarplayers.com\/tienda\/sin categor\u00eda\/microfono-behringer-mod-bigfoot\/#primaryimage"},"image":{"@id":"https:\/\/www.mexicanguitarplayers.com\/tienda\/sin categor\u00eda\/microfono-behringer-mod-bigfoot\/#primaryimage"},"thumbnailUrl":"https:\/\/www.mexicanguitarplayers.com\/wp-content\/uploads\/2025\/04\/IABEHBIGFOOT.jpg","datePublished":"2025-04-07T14:36:23+00:00","dateModified":"2026-05-01T13:27:38+00:00","description":"Micr\u00f3fono de condensador de m\u00faltiples c\u00e1psulas, interfaz USB incorporada, ideal para vocalistas, podcasters, grabaciones de campo, sesiones de home studio, conferencias telef\u00f3nicas y m\u00e1s, puedes conectarlo a tu computadora directamente por medio de USB, repuesta de frecuencia excepcional y resoluci\u00f3n de sonido ultra alta, patrones de captaci\u00f3n seleccionables para una flexibilidad excepcional: est\u00e9reo, cardioide, omnidireccional y bidireccional, monitoreo directo de latencia cero con potente salida de aud\u00edfonos y control de nivel, control de ganancia y mute seleccionable para cualquier situaci\u00f3n de grabaci\u00f3n, soportes de escritorio personalizado para ajustar en cualquier \u00e1ngulo con soporte de micr\u00f3fono roscado, construcci\u00f3n ultrarresistente con cuerpo met\u00e1lico die-cast, dimensiones: 110 x 110 x 227 mm, peso: 1.7 kg.","breadcrumb":{"@id":"https:\/\/www.mexicanguitarplayers.com\/tienda\/sin categor\u00eda\/microfono-behringer-mod-bigfoot\/#breadcrumb"},"inLanguage":"en-US","potentialAction":[{"@type":"ReadAction","target":["https:\/\/www.mexicanguitarplayers.com\/tienda\/sin categor\u00eda\/microfono-behringer-mod-bigfoot\/"]}]},{"@type":"ImageObject","inLanguage":"en-US","@id":"https:\/\/www.mexicanguitarplayers.com\/tienda\/sin categor\u00eda\/microfono-behringer-mod-bigfoot\/#primaryimage","url":"https:\/\/www.mexicanguitarplayers.com\/wp-content\/uploads\/2025\/04\/IABEHBIGFOOT.jpg","contentUrl":"https:\/\/www.mexicanguitarplayers.com\/wp-content\/uploads\/2025\/04\/IABEHBIGFOOT.jpg","width":800,"height":1600},{"@type":"BreadcrumbList","@id":"https:\/\/www.mexicanguitarplayers.com\/tienda\/sin categor\u00eda\/microfono-behringer-mod-bigfoot\/#breadcrumb","itemListElement":[{"@type":"ListItem","position":1,"name":"Portada","item":"https:\/\/www.mexicanguitarplayers.com\/"},{"@type":"ListItem","position":2,"name":"Tienda","item":"https:\/\/www.mexicanguitarplayers.com\/tienda\/"},{"@type":"ListItem","position":3,"name":"MICROFONO BEHRINGER MOD. BIGFOOT"}]},{"@type":"WebSite","@id":"https:\/\/www.mexicanguitarplayers.com\/#website","url":"https:\/\/www.mexicanguitarplayers.com\/","name":"Mexican Guitar Players","description":"Website","publisher":{"@id":"https:\/\/www.mexicanguitarplayers.com\/#organization"},"potentialAction":[{"@type":"SearchAction","target":{"@type":"EntryPoint","urlTemplate":"https:\/\/www.mexicanguitarplayers.com\/?s={search_term_string}"},"query-input":{"@type":"PropertyValueSpecification","valueRequired":true,"valueName":"search_term_string"}}],"inLanguage":"en-US"},{"@type":"Organization","@id":"https:\/\/www.mexicanguitarplayers.com\/#organization","name":"Mexican Guitar Players","url":"https:\/\/www.mexicanguitarplayers.com\/","logo":{"@type":"ImageObject","inLanguage":"en-US","@id":"https:\/\/www.mexicanguitarplayers.com\/#\/schema\/logo\/image\/","url":"","contentUrl":"","caption":"Mexican Guitar Players"},"image":{"@id":"https:\/\/www.mexicanguitarplayers.com\/#\/schema\/logo\/image\/"}}]}},"brands":[{"id":171,"name":"BEHRINGER","slug":"behringer"}],"_links":{"self":[{"href":"https:\/\/www.mexicanguitarplayers.com\/en\/wp-json\/wp\/v2\/product\/27435","targetHints":{"allow":["GET"]}}],"collection":[{"href":"https:\/\/www.mexicanguitarplayers.com\/en\/wp-json\/wp\/v2\/product"}],"about":[{"href":"https:\/\/www.mexicanguitarplayers.com\/en\/wp-json\/wp\/v2\/types\/product"}],"replies":[{"embeddable":true,"href":"https:\/\/www.mexicanguitarplayers.com\/en\/wp-json\/wp\/v2\/comments?post=27435"}],"wp:featuredmedia":[{"embeddable":true,"href":"https:\/\/www.mexicanguitarplayers.com\/en\/wp-json\/wp\/v2\/media\/27430"}],"wp:attachment":[{"href":"https:\/\/www.mexicanguitarplayers.com\/en\/wp-json\/wp\/v2\/media?parent=27435"}],"wp:term":[{"taxonomy":"pwb-brand","embeddable":true,"href":"https:\/\/www.mexicanguitarplayers.com\/en\/wp-json\/wp\/v2\/pwb-brand?post=27435"},{"taxonomy":"product_brand","embeddable":true,"href":"https:\/\/www.mexicanguitarplayers.com\/en\/wp-json\/wp\/v2\/product_brand?post=27435"},{"taxonomy":"product_cat","embeddable":true,"href":"https:\/\/www.mexicanguitarplayers.com\/en\/wp-json\/wp\/v2\/product_cat?post=27435"},{"taxonomy":"product_tag","embeddable":true,"href":"https:\/\/www.mexicanguitarplayers.com\/en\/wp-json\/wp\/v2\/product_tag?post=27435"}],"curies":[{"name":"wp","href":"https:\/\/api.w.org\/{rel}","templated":true}]}}