{"id":27440,"date":"2025-04-07T08:36:54","date_gmt":"2025-04-07T14:36:54","guid":{"rendered":"https:\/\/www.mexicanguitarplayers.com\/tienda\/sin categor\u00eda\/amplificador-t-c-p-bajo-mod-bam200\/"},"modified":"2026-02-19T16:15:40","modified_gmt":"2026-02-19T22:15:40","slug":"amplificador-t-c-p-bajo-mod-bam200","status":"publish","type":"product","link":"https:\/\/www.mexicanguitarplayers.com\/en\/tienda\/cuerdas\/amplificadores-cuerdas\/amps-para-bajo\/amplificador-t-c-p-bajo-mod-bam200\/","title":{"rendered":"AMPLIFICADOR T.C. P\/BAJO MOD. BAM200"},"content":{"rendered":"<div style=\"text-align: justify\">\n<div>\n<h3>El amplificador ideal.<\/h3>\n<\/div>\n<div>BAM200 combina un tono din\u00e1mico y un mont\u00f3n de headroom con un incre\u00edble rendimiento low-end, poniendo fin a tu b\u00fasqueda del santo grial de los peque\u00f1os amplificadores de bajo. Con 200W de potencia Clase D, este min\u00fasculo cabezal de bajo sobresale por encima de su categor\u00eda. Poderoso MOSFET. Un preamplificador MOSFET de alto voltaje especialmente dise\u00f1ado le da al BAM200 su sonido c\u00e1lido y la sensaci\u00f3n inmediata de un amplificador de bulbos real, mientras que el ecualizador de 3 bandas proporciona una paleta tonal amplia que te permite establecer la ley en cualquier g\u00e9nero musical.<\/div>\n<div>\n<h4>Quick look<\/h4>\n<\/div>\n<ul style=\"margin: 0px 0px 0px 25px\">\n<li style=\"list-style-type: circle;margin: 5px\">Output power.<\/li>\n<li style=\"list-style-type: circle;margin: 5px\">Audio inputs.<\/li>\n<li style=\"list-style-type: circle;margin: 5px\">Controles de tono.<\/li>\n<li style=\"list-style-type: circle;margin: 5px\">Audio outputs.<\/li>\n<li style=\"list-style-type: circle;margin: 5px\">Indicadores.<\/li>\n<li style=\"list-style-type: circle;margin: 5px\">Power supply.<\/li>\n<li style=\"list-style-type: circle;margin: 5px\">Dimensions.<\/li>\n<li style=\"list-style-type: circle;margin: 5px\">Weight.<\/li>\n<\/ul>\n<div>\n<div style=\"font-weight: bold\">Output power.<\/div>\n<div>\n<p>M\u00e1xima: 200W. Tipo: Clase D.<\/p>\n<\/div>\n<div style=\"font-weight: bold\">Audio inputs.<\/div>\n<div>\n<p>Entrada de instrumento: TS 1\/4&#8243;, desbalanceado. Impedancia: 10 mili-ohms. Ganancia:-8 a +40 dB.<\/p>\n<\/div>\n<div style=\"font-weight: bold\">Controles de tono.<\/div>\n<div>\n<p>Bass: \u00b115 dB @ 80 Hz, shelving Middle: 400 Hz @ Gain: \u00b115 dB Treble: \u00b115 dB @ 4.2 kHz, shelving.<\/p>\n<\/div>\n<div style=\"font-weight: bold\">Audio outputs.<\/div>\n<div>\n<p>Salida de aud\u00edfonos: RS 1\/4&#8243;, desbalanceado. Impedancia: 47 ohms. Salida directa: XLR, balanceado. Impedancia: 1 kilo-ohm. Ground lift: Switchable. Salida de altavoz: TS 1\/4&#8243;. Impedancia de carga m\u00ednima: 4 ohms.<\/p>\n<\/div>\n<div style=\"font-weight: bold\">Indicadores.<\/div>\n<div>\n<p>Se\u00f1al\/Pico: LED Verde\/Rojo. Encendido: LED verde.<\/p>\n<\/div>\n<div style=\"font-weight: bold\">Power supply.<\/div>\n<div>\n<p>100-120 V~ 50\/60 Hz. Consumo de energ\u00eda: 60 W. Conexi\u00f3n a energ\u00eda: Recept\u00e1culo IEC est\u00e1ndar.<\/p>\n<\/div>\n<div style=\"font-weight: bold\">Dimensions.<\/div>\n<div>\n<p>43 x 164 x 133 mm.<\/p>\n<\/div>\n<div style=\"font-weight: bold\">Weight.<\/div>\n<div>\n<p>0.92 kg.<\/p>\n<\/div>\n<\/div>\n<\/div>","protected":false},"excerpt":{"rendered":"<p>Amplificador ultra compacto para bajo para estudio y escenario, 200W de potencia, m\u00e1xima portabilidad, tecnolog\u00eda de amplificaci\u00f3n Clase D, gran rendimiento sonoro, dise\u00f1o de preamp TC Electronic para un sonido y una sensaci\u00f3n de aut\u00e9ntico amplificador de bulbos, ecualizador de 3 bandas, salida DI balanceada para conexi\u00f3n directa a mesas de mezcla y equipos de grabaci\u00f3n, amplificador de aud\u00edfonos con calidad de estudio con emulaci\u00f3n de altavoz para pr\u00e1ctica personal y ensayos silenciosos, protegido contra corto circuito, sobrecarga t\u00e9rmica y baja impedancia de altavoces para mayor fiabilidad, chasis de acero, dise\u00f1ado para uso rudo, dimensiones: 43 x 164 x 133 mm, peso: 0.92 kg.&hellip; <a class=\"kt-excerpt-readmore more-link\" href=\"https:\/\/www.mexicanguitarplayers.com\/en\/tienda\/cuerdas\/amplificadores-cuerdas\/amps-para-bajo\/amplificador-t-c-p-bajo-mod-bam200\/\">Read more<\/a><\/p>","protected":false},"featured_media":27436,"comment_status":"open","ping_status":"closed","template":"","meta":{"kt_blocks_editor_width":""},"pwb-brand":[170],"product_brand":[],"product_cat":[219,254,224],"product_tag":[],"class_list":{"0":"post-27440","1":"product","2":"type-product","3":"status-publish","4":"has-post-thumbnail","6":"pwb-brand-tc-electronic","7":"product_cat-amplificadores-audio","8":"product_cat-amps-para-bajo","9":"product_cat-cuerdas","10":"product_shipping_class-0-5-kg","12":"first","13":"outofstock","14":"taxable","15":"shipping-taxable","16":"purchasable","17":"product-type-simple"},"yoast_head":"<!-- This site is optimized with the Yoast SEO plugin v27.3 - https:\/\/yoast.com\/product\/yoast-seo-wordpress\/ -->\n<title>AMPLIFICADOR T.C. P\/BAJO MOD. BAM200 - Mexican Guitar Players<\/title>\n<meta name=\"description\" content=\"Amplificador ultra compacto para bajo para estudio y escenario, 200W de potencia, m\u00e1xima portabilidad, tecnolog\u00eda de amplificaci\u00f3n Clase D, gran rendimiento sonoro, dise\u00f1o de preamp TC Electronic para un sonido y una sensaci\u00f3n de aut\u00e9ntico amplificador de bulbos, ecualizador de 3 bandas, salida DI balanceada para conexi\u00f3n directa a mesas de mezcla y equipos de grabaci\u00f3n, amplificador de aud\u00edfonos con calidad de estudio con emulaci\u00f3n de altavoz para pr\u00e1ctica personal y ensayos silenciosos, protegido contra corto circuito, sobrecarga t\u00e9rmica y baja impedancia de altavoces para mayor fiabilidad, chasis de acero, dise\u00f1ado para uso rudo, dimensiones: 43 x 164 x 133 mm, peso: 0.92 kg.\" \/>\n<meta name=\"robots\" content=\"index, follow, max-snippet:-1, max-image-preview:large, max-video-preview:-1\" \/>\n<link rel=\"canonical\" href=\"https:\/\/www.mexicanguitarplayers.com\/en\/tienda\/sin%20categor\u00eda\/amplificador-t-c-p-bajo-mod-bam200\/\" \/>\n<meta property=\"og:locale\" content=\"en_US\" \/>\n<meta property=\"og:type\" content=\"article\" \/>\n<meta property=\"og:title\" content=\"AMPLIFICADOR T.C. P\/BAJO MOD. BAM200 - Mexican Guitar Players\" \/>\n<meta property=\"og:description\" content=\"Amplificador ultra compacto para bajo para estudio y escenario, 200W de potencia, m\u00e1xima portabilidad, tecnolog\u00eda de amplificaci\u00f3n Clase D, gran rendimiento sonoro, dise\u00f1o de preamp TC Electronic para un sonido y una sensaci\u00f3n de aut\u00e9ntico amplificador de bulbos, ecualizador de 3 bandas, salida DI balanceada para conexi\u00f3n directa a mesas de mezcla y equipos de grabaci\u00f3n, amplificador de aud\u00edfonos con calidad de estudio con emulaci\u00f3n de altavoz para pr\u00e1ctica personal y ensayos silenciosos, protegido contra corto circuito, sobrecarga t\u00e9rmica y baja impedancia de altavoces para mayor fiabilidad, chasis de acero, dise\u00f1ado para uso rudo, dimensiones: 43 x 164 x 133 mm, peso: 0.92 kg.\" \/>\n<meta property=\"og:url\" content=\"https:\/\/www.mexicanguitarplayers.com\/en\/tienda\/sin categor\u00eda\/amplificador-t-c-p-bajo-mod-bam200\/\" \/>\n<meta property=\"og:site_name\" content=\"Mexican Guitar Players\" \/>\n<meta property=\"article:modified_time\" content=\"2026-02-19T22:15:40+00:00\" \/>\n<meta name=\"twitter:card\" content=\"summary_large_image\" \/>\n<meta name=\"twitter:label1\" content=\"Est. reading time\" \/>\n\t<meta name=\"twitter:data1\" content=\"1 minute\" \/>\n<script type=\"application\/ld+json\" class=\"yoast-schema-graph\">{\"@context\":\"https:\\\/\\\/schema.org\",\"@graph\":[{\"@type\":[\"WebPage\",\"ItemPage\"],\"@id\":\"https:\\\/\\\/www.mexicanguitarplayers.com\\\/tienda\\\/sin categor\u00eda\\\/amplificador-t-c-p-bajo-mod-bam200\\\/\",\"url\":\"https:\\\/\\\/www.mexicanguitarplayers.com\\\/tienda\\\/sin categor\u00eda\\\/amplificador-t-c-p-bajo-mod-bam200\\\/\",\"name\":\"AMPLIFICADOR T.C. P\\\/BAJO MOD. BAM200 - Mexican Guitar Players\",\"isPartOf\":{\"@id\":\"https:\\\/\\\/www.mexicanguitarplayers.com\\\/#website\"},\"primaryImageOfPage\":{\"@id\":\"https:\\\/\\\/www.mexicanguitarplayers.com\\\/tienda\\\/sin categor\u00eda\\\/amplificador-t-c-p-bajo-mod-bam200\\\/#primaryimage\"},\"image\":{\"@id\":\"https:\\\/\\\/www.mexicanguitarplayers.com\\\/tienda\\\/sin categor\u00eda\\\/amplificador-t-c-p-bajo-mod-bam200\\\/#primaryimage\"},\"thumbnailUrl\":\"https:\\\/\\\/www.mexicanguitarplayers.com\\\/wp-content\\\/uploads\\\/2025\\\/04\\\/ICTCEBAM200.jpg\",\"datePublished\":\"2025-04-07T14:36:54+00:00\",\"dateModified\":\"2026-02-19T22:15:40+00:00\",\"description\":\"Amplificador ultra compacto para bajo para estudio y escenario, 200W de potencia, m\u00e1xima portabilidad, tecnolog\u00eda de amplificaci\u00f3n Clase D, gran rendimiento sonoro, dise\u00f1o de preamp TC Electronic para un sonido y una sensaci\u00f3n de aut\u00e9ntico amplificador de bulbos, ecualizador de 3 bandas, salida DI balanceada para conexi\u00f3n directa a mesas de mezcla y equipos de grabaci\u00f3n, amplificador de aud\u00edfonos con calidad de estudio con emulaci\u00f3n de altavoz para pr\u00e1ctica personal y ensayos silenciosos, protegido contra corto circuito, sobrecarga t\u00e9rmica y baja impedancia de altavoces para mayor fiabilidad, chasis de acero, dise\u00f1ado para uso rudo, dimensiones: 43 x 164 x 133 mm, peso: 0.92 kg.\",\"breadcrumb\":{\"@id\":\"https:\\\/\\\/www.mexicanguitarplayers.com\\\/tienda\\\/sin categor\u00eda\\\/amplificador-t-c-p-bajo-mod-bam200\\\/#breadcrumb\"},\"inLanguage\":\"en-US\",\"potentialAction\":[{\"@type\":\"ReadAction\",\"target\":[\"https:\\\/\\\/www.mexicanguitarplayers.com\\\/tienda\\\/sin categor\u00eda\\\/amplificador-t-c-p-bajo-mod-bam200\\\/\"]}]},{\"@type\":\"ImageObject\",\"inLanguage\":\"en-US\",\"@id\":\"https:\\\/\\\/www.mexicanguitarplayers.com\\\/tienda\\\/sin categor\u00eda\\\/amplificador-t-c-p-bajo-mod-bam200\\\/#primaryimage\",\"url\":\"https:\\\/\\\/www.mexicanguitarplayers.com\\\/wp-content\\\/uploads\\\/2025\\\/04\\\/ICTCEBAM200.jpg\",\"contentUrl\":\"https:\\\/\\\/www.mexicanguitarplayers.com\\\/wp-content\\\/uploads\\\/2025\\\/04\\\/ICTCEBAM200.jpg\",\"width\":1600,\"height\":800},{\"@type\":\"BreadcrumbList\",\"@id\":\"https:\\\/\\\/www.mexicanguitarplayers.com\\\/tienda\\\/sin categor\u00eda\\\/amplificador-t-c-p-bajo-mod-bam200\\\/#breadcrumb\",\"itemListElement\":[{\"@type\":\"ListItem\",\"position\":1,\"name\":\"Portada\",\"item\":\"https:\\\/\\\/www.mexicanguitarplayers.com\\\/\"},{\"@type\":\"ListItem\",\"position\":2,\"name\":\"Tienda\",\"item\":\"https:\\\/\\\/www.mexicanguitarplayers.com\\\/tienda\\\/\"},{\"@type\":\"ListItem\",\"position\":3,\"name\":\"AMPLIFICADOR T.C. P\\\/BAJO MOD. BAM200\"}]},{\"@type\":\"WebSite\",\"@id\":\"https:\\\/\\\/www.mexicanguitarplayers.com\\\/#website\",\"url\":\"https:\\\/\\\/www.mexicanguitarplayers.com\\\/\",\"name\":\"Mexican Guitar Players\",\"description\":\"Website\",\"publisher\":{\"@id\":\"https:\\\/\\\/www.mexicanguitarplayers.com\\\/#organization\"},\"potentialAction\":[{\"@type\":\"SearchAction\",\"target\":{\"@type\":\"EntryPoint\",\"urlTemplate\":\"https:\\\/\\\/www.mexicanguitarplayers.com\\\/?s={search_term_string}\"},\"query-input\":{\"@type\":\"PropertyValueSpecification\",\"valueRequired\":true,\"valueName\":\"search_term_string\"}}],\"inLanguage\":\"en-US\"},{\"@type\":\"Organization\",\"@id\":\"https:\\\/\\\/www.mexicanguitarplayers.com\\\/#organization\",\"name\":\"Mexican Guitar Players\",\"url\":\"https:\\\/\\\/www.mexicanguitarplayers.com\\\/\",\"logo\":{\"@type\":\"ImageObject\",\"inLanguage\":\"en-US\",\"@id\":\"https:\\\/\\\/www.mexicanguitarplayers.com\\\/#\\\/schema\\\/logo\\\/image\\\/\",\"url\":\"\",\"contentUrl\":\"\",\"caption\":\"Mexican Guitar Players\"},\"image\":{\"@id\":\"https:\\\/\\\/www.mexicanguitarplayers.com\\\/#\\\/schema\\\/logo\\\/image\\\/\"}}]}<\/script>\n<!-- \/ Yoast SEO plugin. -->","yoast_head_json":{"title":"AMPLIFICADOR T.C. P\/BAJO MOD. BAM200 - Mexican Guitar Players","description":"Amplificador ultra compacto para bajo para estudio y escenario, 200W de potencia, m\u00e1xima portabilidad, tecnolog\u00eda de amplificaci\u00f3n Clase D, gran rendimiento sonoro, dise\u00f1o de preamp TC Electronic para un sonido y una sensaci\u00f3n de aut\u00e9ntico amplificador de bulbos, ecualizador de 3 bandas, salida DI balanceada para conexi\u00f3n directa a mesas de mezcla y equipos de grabaci\u00f3n, amplificador de aud\u00edfonos con calidad de estudio con emulaci\u00f3n de altavoz para pr\u00e1ctica personal y ensayos silenciosos, protegido contra corto circuito, sobrecarga t\u00e9rmica y baja impedancia de altavoces para mayor fiabilidad, chasis de acero, dise\u00f1ado para uso rudo, dimensiones: 43 x 164 x 133 mm, peso: 0.92 kg.","robots":{"index":"index","follow":"follow","max-snippet":"max-snippet:-1","max-image-preview":"max-image-preview:large","max-video-preview":"max-video-preview:-1"},"canonical":"https:\/\/www.mexicanguitarplayers.com\/en\/tienda\/sin categor\u00eda\/amplificador-t-c-p-bajo-mod-bam200\/","og_locale":"en_US","og_type":"article","og_title":"AMPLIFICADOR T.C. P\/BAJO MOD. BAM200 - Mexican Guitar Players","og_description":"Amplificador ultra compacto para bajo para estudio y escenario, 200W de potencia, m\u00e1xima portabilidad, tecnolog\u00eda de amplificaci\u00f3n Clase D, gran rendimiento sonoro, dise\u00f1o de preamp TC Electronic para un sonido y una sensaci\u00f3n de aut\u00e9ntico amplificador de bulbos, ecualizador de 3 bandas, salida DI balanceada para conexi\u00f3n directa a mesas de mezcla y equipos de grabaci\u00f3n, amplificador de aud\u00edfonos con calidad de estudio con emulaci\u00f3n de altavoz para pr\u00e1ctica personal y ensayos silenciosos, protegido contra corto circuito, sobrecarga t\u00e9rmica y baja impedancia de altavoces para mayor fiabilidad, chasis de acero, dise\u00f1ado para uso rudo, dimensiones: 43 x 164 x 133 mm, peso: 0.92 kg.","og_url":"https:\/\/www.mexicanguitarplayers.com\/en\/tienda\/sin categor\u00eda\/amplificador-t-c-p-bajo-mod-bam200\/","og_site_name":"Mexican Guitar Players","article_modified_time":"2026-02-19T22:15:40+00:00","twitter_card":"summary_large_image","twitter_misc":{"Est. reading time":"1 minute"},"schema":{"@context":"https:\/\/schema.org","@graph":[{"@type":["WebPage","ItemPage"],"@id":"https:\/\/www.mexicanguitarplayers.com\/tienda\/sin categor\u00eda\/amplificador-t-c-p-bajo-mod-bam200\/","url":"https:\/\/www.mexicanguitarplayers.com\/tienda\/sin categor\u00eda\/amplificador-t-c-p-bajo-mod-bam200\/","name":"AMPLIFICADOR T.C. P\/BAJO MOD. BAM200 - Mexican Guitar Players","isPartOf":{"@id":"https:\/\/www.mexicanguitarplayers.com\/#website"},"primaryImageOfPage":{"@id":"https:\/\/www.mexicanguitarplayers.com\/tienda\/sin categor\u00eda\/amplificador-t-c-p-bajo-mod-bam200\/#primaryimage"},"image":{"@id":"https:\/\/www.mexicanguitarplayers.com\/tienda\/sin categor\u00eda\/amplificador-t-c-p-bajo-mod-bam200\/#primaryimage"},"thumbnailUrl":"https:\/\/www.mexicanguitarplayers.com\/wp-content\/uploads\/2025\/04\/ICTCEBAM200.jpg","datePublished":"2025-04-07T14:36:54+00:00","dateModified":"2026-02-19T22:15:40+00:00","description":"Amplificador ultra compacto para bajo para estudio y escenario, 200W de potencia, m\u00e1xima portabilidad, tecnolog\u00eda de amplificaci\u00f3n Clase D, gran rendimiento sonoro, dise\u00f1o de preamp TC Electronic para un sonido y una sensaci\u00f3n de aut\u00e9ntico amplificador de bulbos, ecualizador de 3 bandas, salida DI balanceada para conexi\u00f3n directa a mesas de mezcla y equipos de grabaci\u00f3n, amplificador de aud\u00edfonos con calidad de estudio con emulaci\u00f3n de altavoz para pr\u00e1ctica personal y ensayos silenciosos, protegido contra corto circuito, sobrecarga t\u00e9rmica y baja impedancia de altavoces para mayor fiabilidad, chasis de acero, dise\u00f1ado para uso rudo, dimensiones: 43 x 164 x 133 mm, peso: 0.92 kg.","breadcrumb":{"@id":"https:\/\/www.mexicanguitarplayers.com\/tienda\/sin categor\u00eda\/amplificador-t-c-p-bajo-mod-bam200\/#breadcrumb"},"inLanguage":"en-US","potentialAction":[{"@type":"ReadAction","target":["https:\/\/www.mexicanguitarplayers.com\/tienda\/sin categor\u00eda\/amplificador-t-c-p-bajo-mod-bam200\/"]}]},{"@type":"ImageObject","inLanguage":"en-US","@id":"https:\/\/www.mexicanguitarplayers.com\/tienda\/sin categor\u00eda\/amplificador-t-c-p-bajo-mod-bam200\/#primaryimage","url":"https:\/\/www.mexicanguitarplayers.com\/wp-content\/uploads\/2025\/04\/ICTCEBAM200.jpg","contentUrl":"https:\/\/www.mexicanguitarplayers.com\/wp-content\/uploads\/2025\/04\/ICTCEBAM200.jpg","width":1600,"height":800},{"@type":"BreadcrumbList","@id":"https:\/\/www.mexicanguitarplayers.com\/tienda\/sin categor\u00eda\/amplificador-t-c-p-bajo-mod-bam200\/#breadcrumb","itemListElement":[{"@type":"ListItem","position":1,"name":"Portada","item":"https:\/\/www.mexicanguitarplayers.com\/"},{"@type":"ListItem","position":2,"name":"Tienda","item":"https:\/\/www.mexicanguitarplayers.com\/tienda\/"},{"@type":"ListItem","position":3,"name":"AMPLIFICADOR T.C. P\/BAJO MOD. BAM200"}]},{"@type":"WebSite","@id":"https:\/\/www.mexicanguitarplayers.com\/#website","url":"https:\/\/www.mexicanguitarplayers.com\/","name":"Mexican Guitar Players","description":"Website","publisher":{"@id":"https:\/\/www.mexicanguitarplayers.com\/#organization"},"potentialAction":[{"@type":"SearchAction","target":{"@type":"EntryPoint","urlTemplate":"https:\/\/www.mexicanguitarplayers.com\/?s={search_term_string}"},"query-input":{"@type":"PropertyValueSpecification","valueRequired":true,"valueName":"search_term_string"}}],"inLanguage":"en-US"},{"@type":"Organization","@id":"https:\/\/www.mexicanguitarplayers.com\/#organization","name":"Mexican Guitar Players","url":"https:\/\/www.mexicanguitarplayers.com\/","logo":{"@type":"ImageObject","inLanguage":"en-US","@id":"https:\/\/www.mexicanguitarplayers.com\/#\/schema\/logo\/image\/","url":"","contentUrl":"","caption":"Mexican Guitar Players"},"image":{"@id":"https:\/\/www.mexicanguitarplayers.com\/#\/schema\/logo\/image\/"}}]}},"brands":[{"id":170,"name":"TC-ELECTRONIC","slug":"tc-electronic"}],"_links":{"self":[{"href":"https:\/\/www.mexicanguitarplayers.com\/en\/wp-json\/wp\/v2\/product\/27440","targetHints":{"allow":["GET"]}}],"collection":[{"href":"https:\/\/www.mexicanguitarplayers.com\/en\/wp-json\/wp\/v2\/product"}],"about":[{"href":"https:\/\/www.mexicanguitarplayers.com\/en\/wp-json\/wp\/v2\/types\/product"}],"replies":[{"embeddable":true,"href":"https:\/\/www.mexicanguitarplayers.com\/en\/wp-json\/wp\/v2\/comments?post=27440"}],"wp:featuredmedia":[{"embeddable":true,"href":"https:\/\/www.mexicanguitarplayers.com\/en\/wp-json\/wp\/v2\/media\/27436"}],"wp:attachment":[{"href":"https:\/\/www.mexicanguitarplayers.com\/en\/wp-json\/wp\/v2\/media?parent=27440"}],"wp:term":[{"taxonomy":"pwb-brand","embeddable":true,"href":"https:\/\/www.mexicanguitarplayers.com\/en\/wp-json\/wp\/v2\/pwb-brand?post=27440"},{"taxonomy":"product_brand","embeddable":true,"href":"https:\/\/www.mexicanguitarplayers.com\/en\/wp-json\/wp\/v2\/product_brand?post=27440"},{"taxonomy":"product_cat","embeddable":true,"href":"https:\/\/www.mexicanguitarplayers.com\/en\/wp-json\/wp\/v2\/product_cat?post=27440"},{"taxonomy":"product_tag","embeddable":true,"href":"https:\/\/www.mexicanguitarplayers.com\/en\/wp-json\/wp\/v2\/product_tag?post=27440"}],"curies":[{"name":"wp","href":"https:\/\/api.w.org\/{rel}","templated":true}]}}