{"id":27443,"date":"2025-04-07T08:37:11","date_gmt":"2025-04-07T14:37:11","guid":{"rendered":"https:\/\/www.mexicanguitarplayers.com\/tienda\/sin categor\u00eda\/bafle-proel-p-instalacion-mod-x50tw\/"},"modified":"2026-04-10T04:42:05","modified_gmt":"2026-04-10T10:42:05","slug":"bafle-proel-p-instalacion-mod-x50tw","status":"publish","type":"product","link":"https:\/\/www.mexicanguitarplayers.com\/en\/tienda\/audio\/bafles-y-bocinas\/bafles\/instalacion\/bafle-proel-p-instalacion-mod-x50tw\/","title":{"rendered":"BAFLE PROEL P\/INSTALACION MOD. X50TW"},"content":{"rendered":"<div style=\"text-align: justify\">\n<div>\n<h3>Elegancia y estilo italianos.<\/h3>\n<\/div>\n<div>Altavoz de dos v\u00edas para montaje en pared con transformador. El modelo mediano X50 de la serie XENIA es ideal para una gran variedad de aplicaciones que requieren  un sonido de gama completa en un espacio limitado, como bares, tiendas departamentales y lugares al aire libre. Proporciona una respuesta ampliada con graves profundos y agudos limpios y bien definidos.<\/div>\n<div>\n<h4>Quick look<\/h4>\n<\/div>\n<ul style=\"margin: 0px 0px 0px 25px\">\n<li style=\"list-style-type: circle;margin: 5px\">Tipo de sistema.<\/li>\n<li style=\"list-style-type: circle;margin: 5px\">Nominal impedance.<\/li>\n<li style=\"list-style-type: circle;margin: 5px\">Power.<\/li>\n<li style=\"list-style-type: circle;margin: 5px\">Frequency response.<\/li>\n<li style=\"list-style-type: circle;margin: 5px\">Sensitivity.<\/li>\n<li style=\"list-style-type: circle;margin: 5px\">Dispositivo LF.<\/li>\n<li style=\"list-style-type: circle;margin: 5px\">Dispositivo HF.<\/li>\n<li style=\"list-style-type: circle;margin: 5px\">\u00c1ngulo de cobertura horizontal.<\/li>\n<li style=\"list-style-type: circle;margin: 5px\">\u00c1ngulo de cobertura vertical.<\/li>\n<li style=\"list-style-type: circle;margin: 5px\">Selector de voltaje constante.<\/li>\n<li style=\"list-style-type: circle;margin: 5px\">Selector de potencia del transformador.<\/li>\n<li style=\"list-style-type: circle;margin: 5px\">Construcci\u00f3n.<\/li>\n<li style=\"list-style-type: circle;margin: 5px\">Color del gabinete.<\/li>\n<li style=\"list-style-type: circle;margin: 5px\">Weight.<\/li>\n<li style=\"list-style-type: circle;margin: 5px\">Dimensions.<\/li>\n<\/ul>\n<div>\n<div style=\"font-weight: bold\">Tipo de sistema.<\/div>\n<div>\n<p>Gabinete de dos v\u00edas.<\/p>\n<\/div>\n<div style=\"font-weight: bold\">Nominal impedance.<\/div>\n<div>\n<p>8 ohms.<\/p>\n<\/div>\n<div style=\"font-weight: bold\">Power.<\/div>\n<div>\n<p>Continua: 25 watts. Pico: 50 watts.<\/p>\n<\/div>\n<div style=\"font-weight: bold\">Frequency response.<\/div>\n<div>\n<p>80 Hz &#8211; 20 kHz.<\/p>\n<\/div>\n<div style=\"font-weight: bold\">Sensitivity.<\/div>\n<div>\n<p>90 dB @ 1W\/1m.<\/p>\n<\/div>\n<div style=\"font-weight: bold\">Dispositivo LF.<\/div>\n<div>\n<p>Woofer de 5&#8243; pulgadas.<\/p>\n<\/div>\n<div style=\"font-weight: bold\">Dispositivo HF.<\/div>\n<div>\n<p>Tweeter de 1\u201d pulgada de c\u00fapula blanda con carga de trompeta.<\/p>\n<\/div>\n<div style=\"font-weight: bold\">\u00c1ngulo de cobertura horizontal.<\/div>\n<div>\n<p>(-6 dB): 90\u00b0.<\/p>\n<\/div>\n<div style=\"font-weight: bold\">\u00c1ngulo de cobertura vertical.<\/div>\n<div>\n<p>(-6 dB): 60\u00b0.<\/p>\n<\/div>\n<div style=\"font-weight: bold\">Selector de voltaje constante.<\/div>\n<div>\n<p>70 V &#8211; 100 V.<\/p>\n<\/div>\n<div style=\"font-weight: bold\">Selector de potencia del transformador.<\/div>\n<div>\n<p>8 ohms &#8211; 12 \/ 25 \/ 50 W power tap selector.<\/p>\n<\/div>\n<div style=\"font-weight: bold\">Construcci\u00f3n.<\/div>\n<div>\n<p>Inyecci\u00f3n de polipropileno reforzado de alta densidad.<\/p>\n<\/div>\n<div style=\"font-weight: bold\">Color del gabinete.<\/div>\n<div>\n<p>Blanco.<\/p>\n<\/div>\n<div style=\"font-weight: bold\">Weight.<\/div>\n<div>\n<p>2.3 Kg.<\/p>\n<\/div>\n<div style=\"font-weight: bold\">Dimensions.<\/div>\n<div>\n<p>17 x 28 x 17.5 cm.<\/p>\n<\/div>\n<\/div>\n<\/div>","protected":false},"excerpt":{"rendered":"<p>Bafle pasivo de pared de 2 v\u00edas con transformador, ideal para aplicaciones que requieren sonido de rango completo en un espacio limitado, como bares, clubes, grandes almacenes y lugares al aire libre, respuesta extendida con graves profundos y agudos limpios y bien definidos, woofer de 3\u201d pulgadas y tweeter de 1\u201d pulgada (neodimio con c\u00fapula blanda), potencia RMS: 50\/25\/12W  @ 100V, tensi\u00f3n constante: 100\/70V, impedancia constante: 8 ohms-30W, respuesta de frecuencia: 100 &#8211; 20 kHz (-10 dB), SPL: 90 dB, \u00e1ngulo de cobertura 1 kHz\/4 kHz (-6 dB): 140\u00b0\/90\u00b0, controles: switch de nivel de potencia, fabricado con acero y pl\u00e1stico ABS, dimensiones: 170 x 280 x 175 mm, peso: 2.3 kg, sistema de fijaci\u00f3n: Soporte de sistema Xenia, grado de protecci\u00f3n: IP55.&hellip; <a class=\"kt-excerpt-readmore more-link\" href=\"https:\/\/www.mexicanguitarplayers.com\/en\/tienda\/audio\/bafles-y-bocinas\/bafles\/instalacion\/bafle-proel-p-instalacion-mod-x50tw\/\">Read more<\/a><\/p>","protected":false},"featured_media":27441,"comment_status":"open","ping_status":"closed","template":"","meta":{"kt_blocks_editor_width":""},"pwb-brand":[252],"product_brand":[],"product_cat":[213,222,221,243],"product_tag":[],"class_list":{"0":"post-27443","1":"product","2":"type-product","3":"status-publish","4":"has-post-thumbnail","6":"pwb-brand-proel","7":"product_cat-audio","8":"product_cat-bafles","9":"product_cat-bafles-y-bocinas","10":"product_cat-instalacion","11":"product_shipping_class-5-10-kg","13":"first","14":"outofstock","15":"taxable","16":"shipping-taxable","17":"purchasable","18":"product-type-simple"},"yoast_head":"<!-- This site is optimized with the Yoast SEO plugin v27.5 - https:\/\/yoast.com\/product\/yoast-seo-wordpress\/ -->\n<title>BAFLE PROEL P\/INSTALACION MOD. X50TW - Mexican Guitar Players<\/title>\n<meta name=\"description\" content=\"Bafle pasivo de pared de 2 v\u00edas con transformador, ideal para aplicaciones que requieren sonido de rango completo en un espacio limitado, como bares, clubes, grandes almacenes y lugares al aire libre, respuesta extendida con graves profundos y agudos limpios y bien definidos, woofer de 3\u201d pulgadas y tweeter de 1\u201d pulgada (neodimio con c\u00fapula blanda), potencia RMS: 50\/25\/12W @ 100V, tensi\u00f3n constante: 100\/70V, impedancia constante: 8 ohms-30W, respuesta de frecuencia: 100 - 20 kHz (-10 dB), SPL: 90 dB, \u00e1ngulo de cobertura 1 kHz\/4 kHz (-6 dB): 140\u00b0\/90\u00b0, controles: switch de nivel de potencia, fabricado con acero y pl\u00e1stico ABS, dimensiones: 170 x 280 x 175 mm, peso: 2.3 kg, sistema de fijaci\u00f3n: Soporte de sistema Xenia, grado de protecci\u00f3n: IP55.\" \/>\n<meta name=\"robots\" content=\"index, follow, max-snippet:-1, max-image-preview:large, max-video-preview:-1\" \/>\n<link rel=\"canonical\" href=\"https:\/\/www.mexicanguitarplayers.com\/en\/tienda\/sin%20categor\u00eda\/bafle-proel-p-instalacion-mod-x50tw\/\" \/>\n<meta property=\"og:locale\" content=\"en_US\" \/>\n<meta property=\"og:type\" content=\"article\" \/>\n<meta property=\"og:title\" content=\"BAFLE PROEL P\/INSTALACION MOD. X50TW - Mexican Guitar Players\" \/>\n<meta property=\"og:description\" content=\"Bafle pasivo de pared de 2 v\u00edas con transformador, ideal para aplicaciones que requieren sonido de rango completo en un espacio limitado, como bares, clubes, grandes almacenes y lugares al aire libre, respuesta extendida con graves profundos y agudos limpios y bien definidos, woofer de 3\u201d pulgadas y tweeter de 1\u201d pulgada (neodimio con c\u00fapula blanda), potencia RMS: 50\/25\/12W @ 100V, tensi\u00f3n constante: 100\/70V, impedancia constante: 8 ohms-30W, respuesta de frecuencia: 100 - 20 kHz (-10 dB), SPL: 90 dB, \u00e1ngulo de cobertura 1 kHz\/4 kHz (-6 dB): 140\u00b0\/90\u00b0, controles: switch de nivel de potencia, fabricado con acero y pl\u00e1stico ABS, dimensiones: 170 x 280 x 175 mm, peso: 2.3 kg, sistema de fijaci\u00f3n: Soporte de sistema Xenia, grado de protecci\u00f3n: IP55.\" \/>\n<meta property=\"og:url\" content=\"https:\/\/www.mexicanguitarplayers.com\/en\/tienda\/sin categor\u00eda\/bafle-proel-p-instalacion-mod-x50tw\/\" \/>\n<meta property=\"og:site_name\" content=\"Mexican Guitar Players\" \/>\n<meta property=\"article:modified_time\" content=\"2026-04-10T10:42:05+00:00\" \/>\n<meta name=\"twitter:card\" content=\"summary_large_image\" \/>\n<meta name=\"twitter:label1\" content=\"Est. reading time\" \/>\n\t<meta name=\"twitter:data1\" content=\"1 minute\" \/>\n<script type=\"application\/ld+json\" class=\"yoast-schema-graph\">{\"@context\":\"https:\\\/\\\/schema.org\",\"@graph\":[{\"@type\":[\"WebPage\",\"ItemPage\"],\"@id\":\"https:\\\/\\\/www.mexicanguitarplayers.com\\\/tienda\\\/sin categor\u00eda\\\/bafle-proel-p-instalacion-mod-x50tw\\\/\",\"url\":\"https:\\\/\\\/www.mexicanguitarplayers.com\\\/tienda\\\/sin categor\u00eda\\\/bafle-proel-p-instalacion-mod-x50tw\\\/\",\"name\":\"BAFLE PROEL P\\\/INSTALACION MOD. X50TW - Mexican Guitar Players\",\"isPartOf\":{\"@id\":\"https:\\\/\\\/www.mexicanguitarplayers.com\\\/#website\"},\"primaryImageOfPage\":{\"@id\":\"https:\\\/\\\/www.mexicanguitarplayers.com\\\/tienda\\\/sin categor\u00eda\\\/bafle-proel-p-instalacion-mod-x50tw\\\/#primaryimage\"},\"image\":{\"@id\":\"https:\\\/\\\/www.mexicanguitarplayers.com\\\/tienda\\\/sin categor\u00eda\\\/bafle-proel-p-instalacion-mod-x50tw\\\/#primaryimage\"},\"thumbnailUrl\":\"https:\\\/\\\/www.mexicanguitarplayers.com\\\/wp-content\\\/uploads\\\/2025\\\/04\\\/IAPREX50TW.jpg\",\"datePublished\":\"2025-04-07T14:37:11+00:00\",\"dateModified\":\"2026-04-10T10:42:05+00:00\",\"description\":\"Bafle pasivo de pared de 2 v\u00edas con transformador, ideal para aplicaciones que requieren sonido de rango completo en un espacio limitado, como bares, clubes, grandes almacenes y lugares al aire libre, respuesta extendida con graves profundos y agudos limpios y bien definidos, woofer de 3\u201d pulgadas y tweeter de 1\u201d pulgada (neodimio con c\u00fapula blanda), potencia RMS: 50\\\/25\\\/12W @ 100V, tensi\u00f3n constante: 100\\\/70V, impedancia constante: 8 ohms-30W, respuesta de frecuencia: 100 - 20 kHz (-10 dB), SPL: 90 dB, \u00e1ngulo de cobertura 1 kHz\\\/4 kHz (-6 dB): 140\u00b0\\\/90\u00b0, controles: switch de nivel de potencia, fabricado con acero y pl\u00e1stico ABS, dimensiones: 170 x 280 x 175 mm, peso: 2.3 kg, sistema de fijaci\u00f3n: Soporte de sistema Xenia, grado de protecci\u00f3n: IP55.\",\"breadcrumb\":{\"@id\":\"https:\\\/\\\/www.mexicanguitarplayers.com\\\/tienda\\\/sin categor\u00eda\\\/bafle-proel-p-instalacion-mod-x50tw\\\/#breadcrumb\"},\"inLanguage\":\"en-US\",\"potentialAction\":[{\"@type\":\"ReadAction\",\"target\":[\"https:\\\/\\\/www.mexicanguitarplayers.com\\\/tienda\\\/sin categor\u00eda\\\/bafle-proel-p-instalacion-mod-x50tw\\\/\"]}]},{\"@type\":\"ImageObject\",\"inLanguage\":\"en-US\",\"@id\":\"https:\\\/\\\/www.mexicanguitarplayers.com\\\/tienda\\\/sin categor\u00eda\\\/bafle-proel-p-instalacion-mod-x50tw\\\/#primaryimage\",\"url\":\"https:\\\/\\\/www.mexicanguitarplayers.com\\\/wp-content\\\/uploads\\\/2025\\\/04\\\/IAPREX50TW.jpg\",\"contentUrl\":\"https:\\\/\\\/www.mexicanguitarplayers.com\\\/wp-content\\\/uploads\\\/2025\\\/04\\\/IAPREX50TW.jpg\",\"width\":1200,\"height\":1200},{\"@type\":\"BreadcrumbList\",\"@id\":\"https:\\\/\\\/www.mexicanguitarplayers.com\\\/tienda\\\/sin categor\u00eda\\\/bafle-proel-p-instalacion-mod-x50tw\\\/#breadcrumb\",\"itemListElement\":[{\"@type\":\"ListItem\",\"position\":1,\"name\":\"Portada\",\"item\":\"https:\\\/\\\/www.mexicanguitarplayers.com\\\/\"},{\"@type\":\"ListItem\",\"position\":2,\"name\":\"Tienda\",\"item\":\"https:\\\/\\\/www.mexicanguitarplayers.com\\\/tienda\\\/\"},{\"@type\":\"ListItem\",\"position\":3,\"name\":\"BAFLE PROEL P\\\/INSTALACION MOD. X50TW\"}]},{\"@type\":\"WebSite\",\"@id\":\"https:\\\/\\\/www.mexicanguitarplayers.com\\\/#website\",\"url\":\"https:\\\/\\\/www.mexicanguitarplayers.com\\\/\",\"name\":\"Mexican Guitar Players\",\"description\":\"Website\",\"publisher\":{\"@id\":\"https:\\\/\\\/www.mexicanguitarplayers.com\\\/#organization\"},\"potentialAction\":[{\"@type\":\"SearchAction\",\"target\":{\"@type\":\"EntryPoint\",\"urlTemplate\":\"https:\\\/\\\/www.mexicanguitarplayers.com\\\/?s={search_term_string}\"},\"query-input\":{\"@type\":\"PropertyValueSpecification\",\"valueRequired\":true,\"valueName\":\"search_term_string\"}}],\"inLanguage\":\"en-US\"},{\"@type\":\"Organization\",\"@id\":\"https:\\\/\\\/www.mexicanguitarplayers.com\\\/#organization\",\"name\":\"Mexican Guitar Players\",\"url\":\"https:\\\/\\\/www.mexicanguitarplayers.com\\\/\",\"logo\":{\"@type\":\"ImageObject\",\"inLanguage\":\"en-US\",\"@id\":\"https:\\\/\\\/www.mexicanguitarplayers.com\\\/#\\\/schema\\\/logo\\\/image\\\/\",\"url\":\"\",\"contentUrl\":\"\",\"caption\":\"Mexican Guitar Players\"},\"image\":{\"@id\":\"https:\\\/\\\/www.mexicanguitarplayers.com\\\/#\\\/schema\\\/logo\\\/image\\\/\"}}]}<\/script>\n<!-- \/ Yoast SEO plugin. -->","yoast_head_json":{"title":"BAFLE PROEL P\/INSTALACION MOD. X50TW - Mexican Guitar Players","description":"Bafle pasivo de pared de 2 v\u00edas con transformador, ideal para aplicaciones que requieren sonido de rango completo en un espacio limitado, como bares, clubes, grandes almacenes y lugares al aire libre, respuesta extendida con graves profundos y agudos limpios y bien definidos, woofer de 3\u201d pulgadas y tweeter de 1\u201d pulgada (neodimio con c\u00fapula blanda), potencia RMS: 50\/25\/12W @ 100V, tensi\u00f3n constante: 100\/70V, impedancia constante: 8 ohms-30W, respuesta de frecuencia: 100 - 20 kHz (-10 dB), SPL: 90 dB, \u00e1ngulo de cobertura 1 kHz\/4 kHz (-6 dB): 140\u00b0\/90\u00b0, controles: switch de nivel de potencia, fabricado con acero y pl\u00e1stico ABS, dimensiones: 170 x 280 x 175 mm, peso: 2.3 kg, sistema de fijaci\u00f3n: Soporte de sistema Xenia, grado de protecci\u00f3n: IP55.","robots":{"index":"index","follow":"follow","max-snippet":"max-snippet:-1","max-image-preview":"max-image-preview:large","max-video-preview":"max-video-preview:-1"},"canonical":"https:\/\/www.mexicanguitarplayers.com\/en\/tienda\/sin categor\u00eda\/bafle-proel-p-instalacion-mod-x50tw\/","og_locale":"en_US","og_type":"article","og_title":"BAFLE PROEL P\/INSTALACION MOD. X50TW - Mexican Guitar Players","og_description":"Bafle pasivo de pared de 2 v\u00edas con transformador, ideal para aplicaciones que requieren sonido de rango completo en un espacio limitado, como bares, clubes, grandes almacenes y lugares al aire libre, respuesta extendida con graves profundos y agudos limpios y bien definidos, woofer de 3\u201d pulgadas y tweeter de 1\u201d pulgada (neodimio con c\u00fapula blanda), potencia RMS: 50\/25\/12W @ 100V, tensi\u00f3n constante: 100\/70V, impedancia constante: 8 ohms-30W, respuesta de frecuencia: 100 - 20 kHz (-10 dB), SPL: 90 dB, \u00e1ngulo de cobertura 1 kHz\/4 kHz (-6 dB): 140\u00b0\/90\u00b0, controles: switch de nivel de potencia, fabricado con acero y pl\u00e1stico ABS, dimensiones: 170 x 280 x 175 mm, peso: 2.3 kg, sistema de fijaci\u00f3n: Soporte de sistema Xenia, grado de protecci\u00f3n: IP55.","og_url":"https:\/\/www.mexicanguitarplayers.com\/en\/tienda\/sin categor\u00eda\/bafle-proel-p-instalacion-mod-x50tw\/","og_site_name":"Mexican Guitar Players","article_modified_time":"2026-04-10T10:42:05+00:00","twitter_card":"summary_large_image","twitter_misc":{"Est. reading time":"1 minute"},"schema":{"@context":"https:\/\/schema.org","@graph":[{"@type":["WebPage","ItemPage"],"@id":"https:\/\/www.mexicanguitarplayers.com\/tienda\/sin categor\u00eda\/bafle-proel-p-instalacion-mod-x50tw\/","url":"https:\/\/www.mexicanguitarplayers.com\/tienda\/sin categor\u00eda\/bafle-proel-p-instalacion-mod-x50tw\/","name":"BAFLE PROEL P\/INSTALACION MOD. X50TW - Mexican Guitar Players","isPartOf":{"@id":"https:\/\/www.mexicanguitarplayers.com\/#website"},"primaryImageOfPage":{"@id":"https:\/\/www.mexicanguitarplayers.com\/tienda\/sin categor\u00eda\/bafle-proel-p-instalacion-mod-x50tw\/#primaryimage"},"image":{"@id":"https:\/\/www.mexicanguitarplayers.com\/tienda\/sin categor\u00eda\/bafle-proel-p-instalacion-mod-x50tw\/#primaryimage"},"thumbnailUrl":"https:\/\/www.mexicanguitarplayers.com\/wp-content\/uploads\/2025\/04\/IAPREX50TW.jpg","datePublished":"2025-04-07T14:37:11+00:00","dateModified":"2026-04-10T10:42:05+00:00","description":"Bafle pasivo de pared de 2 v\u00edas con transformador, ideal para aplicaciones que requieren sonido de rango completo en un espacio limitado, como bares, clubes, grandes almacenes y lugares al aire libre, respuesta extendida con graves profundos y agudos limpios y bien definidos, woofer de 3\u201d pulgadas y tweeter de 1\u201d pulgada (neodimio con c\u00fapula blanda), potencia RMS: 50\/25\/12W @ 100V, tensi\u00f3n constante: 100\/70V, impedancia constante: 8 ohms-30W, respuesta de frecuencia: 100 - 20 kHz (-10 dB), SPL: 90 dB, \u00e1ngulo de cobertura 1 kHz\/4 kHz (-6 dB): 140\u00b0\/90\u00b0, controles: switch de nivel de potencia, fabricado con acero y pl\u00e1stico ABS, dimensiones: 170 x 280 x 175 mm, peso: 2.3 kg, sistema de fijaci\u00f3n: Soporte de sistema Xenia, grado de protecci\u00f3n: IP55.","breadcrumb":{"@id":"https:\/\/www.mexicanguitarplayers.com\/tienda\/sin categor\u00eda\/bafle-proel-p-instalacion-mod-x50tw\/#breadcrumb"},"inLanguage":"en-US","potentialAction":[{"@type":"ReadAction","target":["https:\/\/www.mexicanguitarplayers.com\/tienda\/sin categor\u00eda\/bafle-proel-p-instalacion-mod-x50tw\/"]}]},{"@type":"ImageObject","inLanguage":"en-US","@id":"https:\/\/www.mexicanguitarplayers.com\/tienda\/sin categor\u00eda\/bafle-proel-p-instalacion-mod-x50tw\/#primaryimage","url":"https:\/\/www.mexicanguitarplayers.com\/wp-content\/uploads\/2025\/04\/IAPREX50TW.jpg","contentUrl":"https:\/\/www.mexicanguitarplayers.com\/wp-content\/uploads\/2025\/04\/IAPREX50TW.jpg","width":1200,"height":1200},{"@type":"BreadcrumbList","@id":"https:\/\/www.mexicanguitarplayers.com\/tienda\/sin categor\u00eda\/bafle-proel-p-instalacion-mod-x50tw\/#breadcrumb","itemListElement":[{"@type":"ListItem","position":1,"name":"Portada","item":"https:\/\/www.mexicanguitarplayers.com\/"},{"@type":"ListItem","position":2,"name":"Tienda","item":"https:\/\/www.mexicanguitarplayers.com\/tienda\/"},{"@type":"ListItem","position":3,"name":"BAFLE PROEL P\/INSTALACION MOD. X50TW"}]},{"@type":"WebSite","@id":"https:\/\/www.mexicanguitarplayers.com\/#website","url":"https:\/\/www.mexicanguitarplayers.com\/","name":"Mexican Guitar Players","description":"Website","publisher":{"@id":"https:\/\/www.mexicanguitarplayers.com\/#organization"},"potentialAction":[{"@type":"SearchAction","target":{"@type":"EntryPoint","urlTemplate":"https:\/\/www.mexicanguitarplayers.com\/?s={search_term_string}"},"query-input":{"@type":"PropertyValueSpecification","valueRequired":true,"valueName":"search_term_string"}}],"inLanguage":"en-US"},{"@type":"Organization","@id":"https:\/\/www.mexicanguitarplayers.com\/#organization","name":"Mexican Guitar Players","url":"https:\/\/www.mexicanguitarplayers.com\/","logo":{"@type":"ImageObject","inLanguage":"en-US","@id":"https:\/\/www.mexicanguitarplayers.com\/#\/schema\/logo\/image\/","url":"","contentUrl":"","caption":"Mexican Guitar Players"},"image":{"@id":"https:\/\/www.mexicanguitarplayers.com\/#\/schema\/logo\/image\/"}}]}},"brands":[{"id":252,"name":"PROEL","slug":"proel"}],"_links":{"self":[{"href":"https:\/\/www.mexicanguitarplayers.com\/en\/wp-json\/wp\/v2\/product\/27443","targetHints":{"allow":["GET"]}}],"collection":[{"href":"https:\/\/www.mexicanguitarplayers.com\/en\/wp-json\/wp\/v2\/product"}],"about":[{"href":"https:\/\/www.mexicanguitarplayers.com\/en\/wp-json\/wp\/v2\/types\/product"}],"replies":[{"embeddable":true,"href":"https:\/\/www.mexicanguitarplayers.com\/en\/wp-json\/wp\/v2\/comments?post=27443"}],"wp:featuredmedia":[{"embeddable":true,"href":"https:\/\/www.mexicanguitarplayers.com\/en\/wp-json\/wp\/v2\/media\/27441"}],"wp:attachment":[{"href":"https:\/\/www.mexicanguitarplayers.com\/en\/wp-json\/wp\/v2\/media?parent=27443"}],"wp:term":[{"taxonomy":"pwb-brand","embeddable":true,"href":"https:\/\/www.mexicanguitarplayers.com\/en\/wp-json\/wp\/v2\/pwb-brand?post=27443"},{"taxonomy":"product_brand","embeddable":true,"href":"https:\/\/www.mexicanguitarplayers.com\/en\/wp-json\/wp\/v2\/product_brand?post=27443"},{"taxonomy":"product_cat","embeddable":true,"href":"https:\/\/www.mexicanguitarplayers.com\/en\/wp-json\/wp\/v2\/product_cat?post=27443"},{"taxonomy":"product_tag","embeddable":true,"href":"https:\/\/www.mexicanguitarplayers.com\/en\/wp-json\/wp\/v2\/product_tag?post=27443"}],"curies":[{"name":"wp","href":"https:\/\/api.w.org\/{rel}","templated":true}]}}