{"id":27475,"date":"2025-04-07T08:40:29","date_gmt":"2025-04-07T14:40:29","guid":{"rendered":"https:\/\/www.mexicanguitarplayers.com\/tienda\/sin categor\u00eda\/violonchelo-gewa-mod-ps403211\/"},"modified":"2026-04-10T04:42:00","modified_gmt":"2026-04-10T10:42:00","slug":"violonchelo-gewa-mod-ps403211","status":"publish","type":"product","link":"https:\/\/www.mexicanguitarplayers.com\/en\/tienda\/cuerdas\/orquestales\/violonchelo-gewa-mod-ps403211\/","title":{"rendered":"VIOLONCHELO GEWA   MOD. PS403211"},"content":{"rendered":"<div style=\"text-align: justify\">\n<div>\n<h3>Los incre\u00edbles sonidos orquestales en tus manos.<\/h3>\n<\/div>\n<div>Un nuevo violonchelo de la marca Gewa, quie viene con acesorios de hardwood Entre sus principales caracter\u00edsticas, se encuentra su tapa de abeto s\u00f3lido, fondo de arce s\u00f3lido, ribete insertado, cordal con microafinador, cuerdas de acero, pica con bot\u00f3n de \u00e9bano y arco con cerdas naturales.  Incluye una funda en Nytex con bolsillo para arco y cuerdas.  Con todos los componentes incluidos, este violonchelo est\u00e1  listo para tocarse.<\/div>\n<div>\n<h4>Characteristics<\/h4>\n<\/div>\n<div>\n<ul style=\"margin: 0px 0px 0px 25px\">\n<li style=\"list-style-type: circle;margin: 5px\">Serie Pure Set.<\/li>\n<li style=\"list-style-type: circle;margin: 5px\">Accesorios de Hardwood.<\/li>\n<li style=\"list-style-type: circle;margin: 5px\">Tapa de abeto s\u00f3lido, fondo de arce s\u00f3lido.<\/li>\n<li style=\"list-style-type: circle;margin: 5px\">Ribete insertado.<\/li>\n<li style=\"list-style-type: circle;margin: 5px\">Acabado oscuro.<\/li>\n<li style=\"list-style-type: circle;margin: 5px\">Cordal con microafinador.<\/li>\n<li style=\"list-style-type: circle;margin: 5px\">Cuerdas de acero.<\/li>\n<li style=\"list-style-type: circle;margin: 5px\">Pica con bot\u00f3n de \u00e9bano.<\/li>\n<li style=\"list-style-type: circle;margin: 5px\">Arco con cerdas naturales.<\/li>\n<li style=\"list-style-type: circle;margin: 5px\">Funda Cello en Nytex con bolsillo para arco y cuerdas.<\/li>\n<li style=\"list-style-type: circle;margin: 5px\">Todos los componentes incluidos.<\/li>\n<li style=\"list-style-type: circle;margin: 5px\">Listo para tocar<\/li>\n<\/ul>\n<\/div>\n<\/div>","protected":false},"excerpt":{"rendered":"<p>Violonchelo Gewa. Modelo: PS403211. Serie Pure Set. Accesorios de hardwood. Tapade abeto s\u00f3lido, fondo de arce s\u00f3lido. Ribete insertado. Acabado oscuro. Cordalcon microafinador. Cuerdas de acero. Pica con bot\u00f3n de \u00e9bano. Arco con cerdas naturales. Funda Cello en Nytex. Bolsillo para arco y cuerdas. Todos los componentes incluidos. Listo para tocar.&hellip; <a class=\"kt-excerpt-readmore more-link\" href=\"https:\/\/www.mexicanguitarplayers.com\/en\/tienda\/cuerdas\/orquestales\/violonchelo-gewa-mod-ps403211\/\">Read more<\/a><\/p>","protected":false},"featured_media":27474,"comment_status":"open","ping_status":"closed","template":"","meta":{"kt_blocks_editor_width":""},"pwb-brand":[331],"product_brand":[],"product_cat":[224,323],"product_tag":[],"class_list":{"0":"post-27475","1":"product","2":"type-product","3":"status-publish","4":"has-post-thumbnail","6":"pwb-brand-gewa","7":"product_cat-cuerdas","8":"product_cat-orquestales","9":"product_shipping_class-5-10-kg","11":"first","12":"outofstock","13":"taxable","14":"shipping-taxable","15":"purchasable","16":"product-type-simple"},"yoast_head":"<!-- This site is optimized with the Yoast SEO plugin v27.5 - https:\/\/yoast.com\/product\/yoast-seo-wordpress\/ -->\n<title>VIOLONCHELO GEWA  MOD. PS403211 - Mexican Guitar Players<\/title>\n<meta name=\"description\" content=\"Violonchelo Gewa. Modelo: PS403211. Serie Pure Set. Accesorios de hardwood. Tapade abeto s\u00f3lido, fondo de arce s\u00f3lido. Ribete insertado. Acabado oscuro. Cordalcon microafinador. Cuerdas de acero. Pica con bot\u00f3n de \u00e9bano. Arco con cerdas naturales. Funda Cello en Nytex. Bolsillo para arco y cuerdas. Todos los componentes incluidos. Listo para tocar.\" \/>\n<meta name=\"robots\" content=\"index, follow, max-snippet:-1, max-image-preview:large, max-video-preview:-1\" \/>\n<link rel=\"canonical\" href=\"https:\/\/www.mexicanguitarplayers.com\/en\/tienda\/sin%20categor\u00eda\/violonchelo-gewa-mod-ps403211\/\" \/>\n<meta property=\"og:locale\" content=\"en_US\" \/>\n<meta property=\"og:type\" content=\"article\" \/>\n<meta property=\"og:title\" content=\"VIOLONCHELO GEWA  MOD. PS403211 - Mexican Guitar Players\" \/>\n<meta property=\"og:description\" content=\"Violonchelo Gewa. Modelo: PS403211. Serie Pure Set. Accesorios de hardwood. Tapade abeto s\u00f3lido, fondo de arce s\u00f3lido. Ribete insertado. Acabado oscuro. Cordalcon microafinador. Cuerdas de acero. Pica con bot\u00f3n de \u00e9bano. Arco con cerdas naturales. Funda Cello en Nytex. Bolsillo para arco y cuerdas. Todos los componentes incluidos. Listo para tocar.\" \/>\n<meta property=\"og:url\" content=\"https:\/\/www.mexicanguitarplayers.com\/en\/tienda\/sin categor\u00eda\/violonchelo-gewa-mod-ps403211\/\" \/>\n<meta property=\"og:site_name\" content=\"Mexican Guitar Players\" \/>\n<meta property=\"article:modified_time\" content=\"2026-04-10T10:42:00+00:00\" \/>\n<meta name=\"twitter:card\" content=\"summary_large_image\" \/>\n<meta name=\"twitter:label1\" content=\"Est. reading time\" \/>\n\t<meta name=\"twitter:data1\" content=\"1 minute\" \/>\n<script type=\"application\/ld+json\" class=\"yoast-schema-graph\">{\"@context\":\"https:\\\/\\\/schema.org\",\"@graph\":[{\"@type\":[\"WebPage\",\"ItemPage\"],\"@id\":\"https:\\\/\\\/www.mexicanguitarplayers.com\\\/tienda\\\/sin categor\u00eda\\\/violonchelo-gewa-mod-ps403211\\\/\",\"url\":\"https:\\\/\\\/www.mexicanguitarplayers.com\\\/tienda\\\/sin categor\u00eda\\\/violonchelo-gewa-mod-ps403211\\\/\",\"name\":\"VIOLONCHELO GEWA MOD. PS403211 - Mexican Guitar Players\",\"isPartOf\":{\"@id\":\"https:\\\/\\\/www.mexicanguitarplayers.com\\\/#website\"},\"primaryImageOfPage\":{\"@id\":\"https:\\\/\\\/www.mexicanguitarplayers.com\\\/tienda\\\/sin categor\u00eda\\\/violonchelo-gewa-mod-ps403211\\\/#primaryimage\"},\"image\":{\"@id\":\"https:\\\/\\\/www.mexicanguitarplayers.com\\\/tienda\\\/sin categor\u00eda\\\/violonchelo-gewa-mod-ps403211\\\/#primaryimage\"},\"thumbnailUrl\":\"https:\\\/\\\/www.mexicanguitarplayers.com\\\/wp-content\\\/uploads\\\/2025\\\/04\\\/ISGEWPS403211.jpg\",\"datePublished\":\"2025-04-07T14:40:29+00:00\",\"dateModified\":\"2026-04-10T10:42:00+00:00\",\"description\":\"Violonchelo Gewa. Modelo: PS403211. Serie Pure Set. Accesorios de hardwood. Tapade abeto s\u00f3lido, fondo de arce s\u00f3lido. Ribete insertado. Acabado oscuro. Cordalcon microafinador. Cuerdas de acero. Pica con bot\u00f3n de \u00e9bano. Arco con cerdas naturales. Funda Cello en Nytex. Bolsillo para arco y cuerdas. Todos los componentes incluidos. Listo para tocar.\",\"breadcrumb\":{\"@id\":\"https:\\\/\\\/www.mexicanguitarplayers.com\\\/tienda\\\/sin categor\u00eda\\\/violonchelo-gewa-mod-ps403211\\\/#breadcrumb\"},\"inLanguage\":\"en-US\",\"potentialAction\":[{\"@type\":\"ReadAction\",\"target\":[\"https:\\\/\\\/www.mexicanguitarplayers.com\\\/tienda\\\/sin categor\u00eda\\\/violonchelo-gewa-mod-ps403211\\\/\"]}]},{\"@type\":\"ImageObject\",\"inLanguage\":\"en-US\",\"@id\":\"https:\\\/\\\/www.mexicanguitarplayers.com\\\/tienda\\\/sin categor\u00eda\\\/violonchelo-gewa-mod-ps403211\\\/#primaryimage\",\"url\":\"https:\\\/\\\/www.mexicanguitarplayers.com\\\/wp-content\\\/uploads\\\/2025\\\/04\\\/ISGEWPS403211.jpg\",\"contentUrl\":\"https:\\\/\\\/www.mexicanguitarplayers.com\\\/wp-content\\\/uploads\\\/2025\\\/04\\\/ISGEWPS403211.jpg\",\"width\":602,\"height\":1102},{\"@type\":\"BreadcrumbList\",\"@id\":\"https:\\\/\\\/www.mexicanguitarplayers.com\\\/tienda\\\/sin categor\u00eda\\\/violonchelo-gewa-mod-ps403211\\\/#breadcrumb\",\"itemListElement\":[{\"@type\":\"ListItem\",\"position\":1,\"name\":\"Portada\",\"item\":\"https:\\\/\\\/www.mexicanguitarplayers.com\\\/\"},{\"@type\":\"ListItem\",\"position\":2,\"name\":\"Tienda\",\"item\":\"https:\\\/\\\/www.mexicanguitarplayers.com\\\/tienda\\\/\"},{\"@type\":\"ListItem\",\"position\":3,\"name\":\"VIOLONCHELO GEWA MOD. PS403211\"}]},{\"@type\":\"WebSite\",\"@id\":\"https:\\\/\\\/www.mexicanguitarplayers.com\\\/#website\",\"url\":\"https:\\\/\\\/www.mexicanguitarplayers.com\\\/\",\"name\":\"Mexican Guitar Players\",\"description\":\"Website\",\"publisher\":{\"@id\":\"https:\\\/\\\/www.mexicanguitarplayers.com\\\/#organization\"},\"potentialAction\":[{\"@type\":\"SearchAction\",\"target\":{\"@type\":\"EntryPoint\",\"urlTemplate\":\"https:\\\/\\\/www.mexicanguitarplayers.com\\\/?s={search_term_string}\"},\"query-input\":{\"@type\":\"PropertyValueSpecification\",\"valueRequired\":true,\"valueName\":\"search_term_string\"}}],\"inLanguage\":\"en-US\"},{\"@type\":\"Organization\",\"@id\":\"https:\\\/\\\/www.mexicanguitarplayers.com\\\/#organization\",\"name\":\"Mexican Guitar Players\",\"url\":\"https:\\\/\\\/www.mexicanguitarplayers.com\\\/\",\"logo\":{\"@type\":\"ImageObject\",\"inLanguage\":\"en-US\",\"@id\":\"https:\\\/\\\/www.mexicanguitarplayers.com\\\/#\\\/schema\\\/logo\\\/image\\\/\",\"url\":\"\",\"contentUrl\":\"\",\"caption\":\"Mexican Guitar Players\"},\"image\":{\"@id\":\"https:\\\/\\\/www.mexicanguitarplayers.com\\\/#\\\/schema\\\/logo\\\/image\\\/\"}}]}<\/script>\n<!-- \/ Yoast SEO plugin. -->","yoast_head_json":{"title":"VIOLONCHELO GEWA  MOD. PS403211 - Mexican Guitar Players","description":"Violonchelo Gewa. Modelo: PS403211. Serie Pure Set. Accesorios de hardwood. Tapade abeto s\u00f3lido, fondo de arce s\u00f3lido. Ribete insertado. Acabado oscuro. Cordalcon microafinador. Cuerdas de acero. Pica con bot\u00f3n de \u00e9bano. Arco con cerdas naturales. Funda Cello en Nytex. Bolsillo para arco y cuerdas. Todos los componentes incluidos. Listo para tocar.","robots":{"index":"index","follow":"follow","max-snippet":"max-snippet:-1","max-image-preview":"max-image-preview:large","max-video-preview":"max-video-preview:-1"},"canonical":"https:\/\/www.mexicanguitarplayers.com\/en\/tienda\/sin categor\u00eda\/violonchelo-gewa-mod-ps403211\/","og_locale":"en_US","og_type":"article","og_title":"VIOLONCHELO GEWA  MOD. PS403211 - Mexican Guitar Players","og_description":"Violonchelo Gewa. Modelo: PS403211. Serie Pure Set. Accesorios de hardwood. Tapade abeto s\u00f3lido, fondo de arce s\u00f3lido. Ribete insertado. Acabado oscuro. Cordalcon microafinador. Cuerdas de acero. Pica con bot\u00f3n de \u00e9bano. Arco con cerdas naturales. Funda Cello en Nytex. Bolsillo para arco y cuerdas. Todos los componentes incluidos. Listo para tocar.","og_url":"https:\/\/www.mexicanguitarplayers.com\/en\/tienda\/sin categor\u00eda\/violonchelo-gewa-mod-ps403211\/","og_site_name":"Mexican Guitar Players","article_modified_time":"2026-04-10T10:42:00+00:00","twitter_card":"summary_large_image","twitter_misc":{"Est. reading time":"1 minute"},"schema":{"@context":"https:\/\/schema.org","@graph":[{"@type":["WebPage","ItemPage"],"@id":"https:\/\/www.mexicanguitarplayers.com\/tienda\/sin categor\u00eda\/violonchelo-gewa-mod-ps403211\/","url":"https:\/\/www.mexicanguitarplayers.com\/tienda\/sin categor\u00eda\/violonchelo-gewa-mod-ps403211\/","name":"VIOLONCHELO GEWA MOD. PS403211 - Mexican Guitar Players","isPartOf":{"@id":"https:\/\/www.mexicanguitarplayers.com\/#website"},"primaryImageOfPage":{"@id":"https:\/\/www.mexicanguitarplayers.com\/tienda\/sin categor\u00eda\/violonchelo-gewa-mod-ps403211\/#primaryimage"},"image":{"@id":"https:\/\/www.mexicanguitarplayers.com\/tienda\/sin categor\u00eda\/violonchelo-gewa-mod-ps403211\/#primaryimage"},"thumbnailUrl":"https:\/\/www.mexicanguitarplayers.com\/wp-content\/uploads\/2025\/04\/ISGEWPS403211.jpg","datePublished":"2025-04-07T14:40:29+00:00","dateModified":"2026-04-10T10:42:00+00:00","description":"Violonchelo Gewa. Modelo: PS403211. Serie Pure Set. Accesorios de hardwood. Tapade abeto s\u00f3lido, fondo de arce s\u00f3lido. Ribete insertado. Acabado oscuro. Cordalcon microafinador. Cuerdas de acero. Pica con bot\u00f3n de \u00e9bano. Arco con cerdas naturales. Funda Cello en Nytex. Bolsillo para arco y cuerdas. Todos los componentes incluidos. Listo para tocar.","breadcrumb":{"@id":"https:\/\/www.mexicanguitarplayers.com\/tienda\/sin categor\u00eda\/violonchelo-gewa-mod-ps403211\/#breadcrumb"},"inLanguage":"en-US","potentialAction":[{"@type":"ReadAction","target":["https:\/\/www.mexicanguitarplayers.com\/tienda\/sin categor\u00eda\/violonchelo-gewa-mod-ps403211\/"]}]},{"@type":"ImageObject","inLanguage":"en-US","@id":"https:\/\/www.mexicanguitarplayers.com\/tienda\/sin categor\u00eda\/violonchelo-gewa-mod-ps403211\/#primaryimage","url":"https:\/\/www.mexicanguitarplayers.com\/wp-content\/uploads\/2025\/04\/ISGEWPS403211.jpg","contentUrl":"https:\/\/www.mexicanguitarplayers.com\/wp-content\/uploads\/2025\/04\/ISGEWPS403211.jpg","width":602,"height":1102},{"@type":"BreadcrumbList","@id":"https:\/\/www.mexicanguitarplayers.com\/tienda\/sin categor\u00eda\/violonchelo-gewa-mod-ps403211\/#breadcrumb","itemListElement":[{"@type":"ListItem","position":1,"name":"Portada","item":"https:\/\/www.mexicanguitarplayers.com\/"},{"@type":"ListItem","position":2,"name":"Tienda","item":"https:\/\/www.mexicanguitarplayers.com\/tienda\/"},{"@type":"ListItem","position":3,"name":"VIOLONCHELO GEWA MOD. PS403211"}]},{"@type":"WebSite","@id":"https:\/\/www.mexicanguitarplayers.com\/#website","url":"https:\/\/www.mexicanguitarplayers.com\/","name":"Mexican Guitar Players","description":"Website","publisher":{"@id":"https:\/\/www.mexicanguitarplayers.com\/#organization"},"potentialAction":[{"@type":"SearchAction","target":{"@type":"EntryPoint","urlTemplate":"https:\/\/www.mexicanguitarplayers.com\/?s={search_term_string}"},"query-input":{"@type":"PropertyValueSpecification","valueRequired":true,"valueName":"search_term_string"}}],"inLanguage":"en-US"},{"@type":"Organization","@id":"https:\/\/www.mexicanguitarplayers.com\/#organization","name":"Mexican Guitar Players","url":"https:\/\/www.mexicanguitarplayers.com\/","logo":{"@type":"ImageObject","inLanguage":"en-US","@id":"https:\/\/www.mexicanguitarplayers.com\/#\/schema\/logo\/image\/","url":"","contentUrl":"","caption":"Mexican Guitar Players"},"image":{"@id":"https:\/\/www.mexicanguitarplayers.com\/#\/schema\/logo\/image\/"}}]}},"brands":[{"id":331,"name":"GEWA","slug":"gewa"}],"_links":{"self":[{"href":"https:\/\/www.mexicanguitarplayers.com\/en\/wp-json\/wp\/v2\/product\/27475","targetHints":{"allow":["GET"]}}],"collection":[{"href":"https:\/\/www.mexicanguitarplayers.com\/en\/wp-json\/wp\/v2\/product"}],"about":[{"href":"https:\/\/www.mexicanguitarplayers.com\/en\/wp-json\/wp\/v2\/types\/product"}],"replies":[{"embeddable":true,"href":"https:\/\/www.mexicanguitarplayers.com\/en\/wp-json\/wp\/v2\/comments?post=27475"}],"wp:featuredmedia":[{"embeddable":true,"href":"https:\/\/www.mexicanguitarplayers.com\/en\/wp-json\/wp\/v2\/media\/27474"}],"wp:attachment":[{"href":"https:\/\/www.mexicanguitarplayers.com\/en\/wp-json\/wp\/v2\/media?parent=27475"}],"wp:term":[{"taxonomy":"pwb-brand","embeddable":true,"href":"https:\/\/www.mexicanguitarplayers.com\/en\/wp-json\/wp\/v2\/pwb-brand?post=27475"},{"taxonomy":"product_brand","embeddable":true,"href":"https:\/\/www.mexicanguitarplayers.com\/en\/wp-json\/wp\/v2\/product_brand?post=27475"},{"taxonomy":"product_cat","embeddable":true,"href":"https:\/\/www.mexicanguitarplayers.com\/en\/wp-json\/wp\/v2\/product_cat?post=27475"},{"taxonomy":"product_tag","embeddable":true,"href":"https:\/\/www.mexicanguitarplayers.com\/en\/wp-json\/wp\/v2\/product_tag?post=27475"}],"curies":[{"name":"wp","href":"https:\/\/api.w.org\/{rel}","templated":true}]}}