{"id":27482,"date":"2025-04-07T08:41:04","date_gmt":"2025-04-07T14:41:04","guid":{"rendered":"https:\/\/www.mexicanguitarplayers.com\/tienda\/sin categor\u00eda\/bafle-ashdown-p-bajo-mod-rm-210t-evoiii\/"},"modified":"2026-04-10T01:22:11","modified_gmt":"2026-04-10T07:22:11","slug":"bafle-ashdown-p-bajo-mod-rm-210t-evoiii","status":"publish","type":"product","link":"https:\/\/www.mexicanguitarplayers.com\/en\/tienda\/audio\/bafles-y-bocinas\/bafles\/bafles-pasivos\/bafle-ashdown-p-bajo-mod-rm-210t-evoiii\/","title":{"rendered":"BAFLE ASHDOWN P\/BAJO MOD. RM-210T-EVOIII"},"content":{"rendered":"<div style=\"text-align: justify\">\n<div>\n<h3>BAFLE ASHDOWN RM-210T-EVO III<\/h3>\n<\/div>\n<div>Te presentamos el Ashdown Rootmaster 210T EVO III: \u00a1un gabinete de 2 x 10&#8243; que hace temblar el suelo! Con 300 vatios de potencia y un altavoz personalizado de Ashdown, este gabinete ofrece una claridad cristalina y un rendimiento de graves atronador. Con un peso de apenas 15.5 kg (34 libras), es un peso pesado ligero. Ajusta el tweeter a tu gusto y disfruta de una conectividad vers\u00e1til con aut\u00e9nticos conectores combinados Jack\/Speakon de Neutrik. El dise\u00f1o pr\u00e1ctico de este gabinete, su acabado en Buffalo Tolex y su aspecto distintivo lo convierten en una opci\u00f3n destacada para los bajistas que buscan potencia, precisi\u00f3n y portabilidad.<\/div>\n<div>\n<h4>Characteristics<\/h4>\n<\/div>\n<div>\n<ul style=\"margin: 0px 0px 0px 25px\">\n<li style=\"list-style-type: circle;margin: 5px\">Manejo de energ\u00eda<\/li>\n<li style=\"list-style-type: circle;margin: 5px\">Configuraci\u00f3n de altavoces<\/li>\n<li style=\"list-style-type: circle;margin: 5px\">Salidas de altavoz<\/li>\n<li style=\"list-style-type: circle;margin: 5px\">Impedancia<\/li>\n<li style=\"list-style-type: circle;margin: 5px\">Alto x ancho x profundidad (mm)<\/li>\n<li style=\"list-style-type: circle;margin: 5px\">Peso (kg)<\/li>\n<\/ul>\n<\/div>\n<\/div>","protected":false},"excerpt":{"rendered":"<p>\u00a1Presentamos el Ashdown Rootmaster 210T EVO III! Este gabinete de 2 x 10\u201d combina potencia y claridad sonora con sus 300 vatios y altavoz personalizado de Ashdown, ofreciendo un rendimiento excepcional tanto en agudos cristalinos como en graves atronadores. Con solo 15.5 kg, es un peso pesado ligero, ideal para m\u00fasicos en movimiento. Su tweeter ajustable te permite personalizar tu sonido, mientras que las aut\u00e9nticas conexiones Neutrik Jack\/Speakon brindan versatilidad de conexi\u00f3n. El dise\u00f1o pr\u00e1ctico, el acabado en Buffalo Tolex y su apariencia distintiva hacen del Rootmaster 210T una elecci\u00f3n destacada para bajistas que buscan potencia, precisi\u00f3n y portabilidad.&hellip; <a class=\"kt-excerpt-readmore more-link\" href=\"https:\/\/www.mexicanguitarplayers.com\/en\/tienda\/audio\/bafles-y-bocinas\/bafles\/bafles-pasivos\/bafle-ashdown-p-bajo-mod-rm-210t-evoiii\/\">Read more<\/a><\/p>","protected":false},"featured_media":27478,"comment_status":"open","ping_status":"closed","template":"","meta":{"kt_blocks_editor_width":""},"pwb-brand":[257],"product_brand":[],"product_cat":[213,222,223,221],"product_tag":[],"class_list":{"0":"post-27482","1":"product","2":"type-product","3":"status-publish","4":"has-post-thumbnail","6":"pwb-brand-ashdown","7":"product_cat-audio","8":"product_cat-bafles","9":"product_cat-bafles-pasivos","10":"product_cat-bafles-y-bocinas","11":"product_shipping_class-15-20-kg","13":"first","14":"instock","15":"taxable","16":"shipping-taxable","17":"purchasable","18":"product-type-simple"},"yoast_head":"<!-- This site is optimized with the Yoast SEO plugin v27.5 - https:\/\/yoast.com\/product\/yoast-seo-wordpress\/ -->\n<title>BAFLE ASHDOWN P\/BAJO MOD. RM-210T-EVOIII - Mexican Guitar Players<\/title>\n<meta name=\"description\" content=\"\u00a1Presentamos el Ashdown Rootmaster 210T EVO III! Este gabinete de 2 x 10\u201d combina potencia y claridad sonora con sus 300 vatios y altavoz personalizado de Ashdown, ofreciendo un rendimiento excepcional tanto en agudos cristalinos como en graves atronadores. Con solo 15.5 kg, es un peso pesado ligero, ideal para m\u00fasicos en movimiento. Su tweeter ajustable te permite personalizar tu sonido, mientras que las aut\u00e9nticas conexiones Neutrik Jack\/Speakon brindan versatilidad de conexi\u00f3n. El dise\u00f1o pr\u00e1ctico, el acabado en Buffalo Tolex y su apariencia distintiva hacen del Rootmaster 210T una elecci\u00f3n destacada para bajistas que buscan potencia, precisi\u00f3n y portabilidad.\" \/>\n<meta name=\"robots\" content=\"index, follow, max-snippet:-1, max-image-preview:large, max-video-preview:-1\" \/>\n<link rel=\"canonical\" href=\"https:\/\/www.mexicanguitarplayers.com\/en\/tienda\/sin%20categor\u00eda\/bafle-ashdown-p-bajo-mod-rm-210t-evoiii\/\" \/>\n<meta property=\"og:locale\" content=\"en_US\" \/>\n<meta property=\"og:type\" content=\"article\" \/>\n<meta property=\"og:title\" content=\"BAFLE ASHDOWN P\/BAJO MOD. RM-210T-EVOIII - Mexican Guitar Players\" \/>\n<meta property=\"og:description\" content=\"\u00a1Presentamos el Ashdown Rootmaster 210T EVO III! Este gabinete de 2 x 10\u201d combina potencia y claridad sonora con sus 300 vatios y altavoz personalizado de Ashdown, ofreciendo un rendimiento excepcional tanto en agudos cristalinos como en graves atronadores. Con solo 15.5 kg, es un peso pesado ligero, ideal para m\u00fasicos en movimiento. Su tweeter ajustable te permite personalizar tu sonido, mientras que las aut\u00e9nticas conexiones Neutrik Jack\/Speakon brindan versatilidad de conexi\u00f3n. El dise\u00f1o pr\u00e1ctico, el acabado en Buffalo Tolex y su apariencia distintiva hacen del Rootmaster 210T una elecci\u00f3n destacada para bajistas que buscan potencia, precisi\u00f3n y portabilidad.\" \/>\n<meta property=\"og:url\" content=\"https:\/\/www.mexicanguitarplayers.com\/en\/tienda\/sin categor\u00eda\/bafle-ashdown-p-bajo-mod-rm-210t-evoiii\/\" \/>\n<meta property=\"og:site_name\" content=\"Mexican Guitar Players\" \/>\n<meta property=\"article:modified_time\" content=\"2026-04-10T07:22:11+00:00\" \/>\n<meta name=\"twitter:card\" content=\"summary_large_image\" \/>\n<meta name=\"twitter:label1\" content=\"Est. reading time\" \/>\n\t<meta name=\"twitter:data1\" content=\"1 minute\" \/>\n<script type=\"application\/ld+json\" class=\"yoast-schema-graph\">{\"@context\":\"https:\\\/\\\/schema.org\",\"@graph\":[{\"@type\":[\"WebPage\",\"ItemPage\"],\"@id\":\"https:\\\/\\\/www.mexicanguitarplayers.com\\\/tienda\\\/sin categor\u00eda\\\/bafle-ashdown-p-bajo-mod-rm-210t-evoiii\\\/\",\"url\":\"https:\\\/\\\/www.mexicanguitarplayers.com\\\/tienda\\\/sin categor\u00eda\\\/bafle-ashdown-p-bajo-mod-rm-210t-evoiii\\\/\",\"name\":\"BAFLE ASHDOWN P\\\/BAJO MOD. RM-210T-EVOIII - Mexican Guitar Players\",\"isPartOf\":{\"@id\":\"https:\\\/\\\/www.mexicanguitarplayers.com\\\/#website\"},\"primaryImageOfPage\":{\"@id\":\"https:\\\/\\\/www.mexicanguitarplayers.com\\\/tienda\\\/sin categor\u00eda\\\/bafle-ashdown-p-bajo-mod-rm-210t-evoiii\\\/#primaryimage\"},\"image\":{\"@id\":\"https:\\\/\\\/www.mexicanguitarplayers.com\\\/tienda\\\/sin categor\u00eda\\\/bafle-ashdown-p-bajo-mod-rm-210t-evoiii\\\/#primaryimage\"},\"thumbnailUrl\":\"https:\\\/\\\/www.mexicanguitarplayers.com\\\/wp-content\\\/uploads\\\/2025\\\/04\\\/ICASORM210TEV3.jpg\",\"datePublished\":\"2025-04-07T14:41:04+00:00\",\"dateModified\":\"2026-04-10T07:22:11+00:00\",\"description\":\"\u00a1Presentamos el Ashdown Rootmaster 210T EVO III! Este gabinete de 2 x 10\u201d combina potencia y claridad sonora con sus 300 vatios y altavoz personalizado de Ashdown, ofreciendo un rendimiento excepcional tanto en agudos cristalinos como en graves atronadores. Con solo 15.5 kg, es un peso pesado ligero, ideal para m\u00fasicos en movimiento. Su tweeter ajustable te permite personalizar tu sonido, mientras que las aut\u00e9nticas conexiones Neutrik Jack\\\/Speakon brindan versatilidad de conexi\u00f3n. El dise\u00f1o pr\u00e1ctico, el acabado en Buffalo Tolex y su apariencia distintiva hacen del Rootmaster 210T una elecci\u00f3n destacada para bajistas que buscan potencia, precisi\u00f3n y portabilidad.\",\"breadcrumb\":{\"@id\":\"https:\\\/\\\/www.mexicanguitarplayers.com\\\/tienda\\\/sin categor\u00eda\\\/bafle-ashdown-p-bajo-mod-rm-210t-evoiii\\\/#breadcrumb\"},\"inLanguage\":\"en-US\",\"potentialAction\":[{\"@type\":\"ReadAction\",\"target\":[\"https:\\\/\\\/www.mexicanguitarplayers.com\\\/tienda\\\/sin categor\u00eda\\\/bafle-ashdown-p-bajo-mod-rm-210t-evoiii\\\/\"]}]},{\"@type\":\"ImageObject\",\"inLanguage\":\"en-US\",\"@id\":\"https:\\\/\\\/www.mexicanguitarplayers.com\\\/tienda\\\/sin categor\u00eda\\\/bafle-ashdown-p-bajo-mod-rm-210t-evoiii\\\/#primaryimage\",\"url\":\"https:\\\/\\\/www.mexicanguitarplayers.com\\\/wp-content\\\/uploads\\\/2025\\\/04\\\/ICASORM210TEV3.jpg\",\"contentUrl\":\"https:\\\/\\\/www.mexicanguitarplayers.com\\\/wp-content\\\/uploads\\\/2025\\\/04\\\/ICASORM210TEV3.jpg\",\"width\":1200,\"height\":1200},{\"@type\":\"BreadcrumbList\",\"@id\":\"https:\\\/\\\/www.mexicanguitarplayers.com\\\/tienda\\\/sin categor\u00eda\\\/bafle-ashdown-p-bajo-mod-rm-210t-evoiii\\\/#breadcrumb\",\"itemListElement\":[{\"@type\":\"ListItem\",\"position\":1,\"name\":\"Portada\",\"item\":\"https:\\\/\\\/www.mexicanguitarplayers.com\\\/\"},{\"@type\":\"ListItem\",\"position\":2,\"name\":\"Tienda\",\"item\":\"https:\\\/\\\/www.mexicanguitarplayers.com\\\/tienda\\\/\"},{\"@type\":\"ListItem\",\"position\":3,\"name\":\"BAFLE ASHDOWN P\\\/BAJO MOD. RM-210T-EVOIII\"}]},{\"@type\":\"WebSite\",\"@id\":\"https:\\\/\\\/www.mexicanguitarplayers.com\\\/#website\",\"url\":\"https:\\\/\\\/www.mexicanguitarplayers.com\\\/\",\"name\":\"Mexican Guitar Players\",\"description\":\"Website\",\"publisher\":{\"@id\":\"https:\\\/\\\/www.mexicanguitarplayers.com\\\/#organization\"},\"potentialAction\":[{\"@type\":\"SearchAction\",\"target\":{\"@type\":\"EntryPoint\",\"urlTemplate\":\"https:\\\/\\\/www.mexicanguitarplayers.com\\\/?s={search_term_string}\"},\"query-input\":{\"@type\":\"PropertyValueSpecification\",\"valueRequired\":true,\"valueName\":\"search_term_string\"}}],\"inLanguage\":\"en-US\"},{\"@type\":\"Organization\",\"@id\":\"https:\\\/\\\/www.mexicanguitarplayers.com\\\/#organization\",\"name\":\"Mexican Guitar Players\",\"url\":\"https:\\\/\\\/www.mexicanguitarplayers.com\\\/\",\"logo\":{\"@type\":\"ImageObject\",\"inLanguage\":\"en-US\",\"@id\":\"https:\\\/\\\/www.mexicanguitarplayers.com\\\/#\\\/schema\\\/logo\\\/image\\\/\",\"url\":\"\",\"contentUrl\":\"\",\"caption\":\"Mexican Guitar Players\"},\"image\":{\"@id\":\"https:\\\/\\\/www.mexicanguitarplayers.com\\\/#\\\/schema\\\/logo\\\/image\\\/\"}}]}<\/script>\n<!-- \/ Yoast SEO plugin. -->","yoast_head_json":{"title":"BAFLE ASHDOWN P\/BAJO MOD. RM-210T-EVOIII - Mexican Guitar Players","description":"\u00a1Presentamos el Ashdown Rootmaster 210T EVO III! Este gabinete de 2 x 10\u201d combina potencia y claridad sonora con sus 300 vatios y altavoz personalizado de Ashdown, ofreciendo un rendimiento excepcional tanto en agudos cristalinos como en graves atronadores. Con solo 15.5 kg, es un peso pesado ligero, ideal para m\u00fasicos en movimiento. Su tweeter ajustable te permite personalizar tu sonido, mientras que las aut\u00e9nticas conexiones Neutrik Jack\/Speakon brindan versatilidad de conexi\u00f3n. El dise\u00f1o pr\u00e1ctico, el acabado en Buffalo Tolex y su apariencia distintiva hacen del Rootmaster 210T una elecci\u00f3n destacada para bajistas que buscan potencia, precisi\u00f3n y portabilidad.","robots":{"index":"index","follow":"follow","max-snippet":"max-snippet:-1","max-image-preview":"max-image-preview:large","max-video-preview":"max-video-preview:-1"},"canonical":"https:\/\/www.mexicanguitarplayers.com\/en\/tienda\/sin categor\u00eda\/bafle-ashdown-p-bajo-mod-rm-210t-evoiii\/","og_locale":"en_US","og_type":"article","og_title":"BAFLE ASHDOWN P\/BAJO MOD. RM-210T-EVOIII - Mexican Guitar Players","og_description":"\u00a1Presentamos el Ashdown Rootmaster 210T EVO III! Este gabinete de 2 x 10\u201d combina potencia y claridad sonora con sus 300 vatios y altavoz personalizado de Ashdown, ofreciendo un rendimiento excepcional tanto en agudos cristalinos como en graves atronadores. Con solo 15.5 kg, es un peso pesado ligero, ideal para m\u00fasicos en movimiento. Su tweeter ajustable te permite personalizar tu sonido, mientras que las aut\u00e9nticas conexiones Neutrik Jack\/Speakon brindan versatilidad de conexi\u00f3n. El dise\u00f1o pr\u00e1ctico, el acabado en Buffalo Tolex y su apariencia distintiva hacen del Rootmaster 210T una elecci\u00f3n destacada para bajistas que buscan potencia, precisi\u00f3n y portabilidad.","og_url":"https:\/\/www.mexicanguitarplayers.com\/en\/tienda\/sin categor\u00eda\/bafle-ashdown-p-bajo-mod-rm-210t-evoiii\/","og_site_name":"Mexican Guitar Players","article_modified_time":"2026-04-10T07:22:11+00:00","twitter_card":"summary_large_image","twitter_misc":{"Est. reading time":"1 minute"},"schema":{"@context":"https:\/\/schema.org","@graph":[{"@type":["WebPage","ItemPage"],"@id":"https:\/\/www.mexicanguitarplayers.com\/tienda\/sin categor\u00eda\/bafle-ashdown-p-bajo-mod-rm-210t-evoiii\/","url":"https:\/\/www.mexicanguitarplayers.com\/tienda\/sin categor\u00eda\/bafle-ashdown-p-bajo-mod-rm-210t-evoiii\/","name":"BAFLE ASHDOWN P\/BAJO MOD. RM-210T-EVOIII - Mexican Guitar Players","isPartOf":{"@id":"https:\/\/www.mexicanguitarplayers.com\/#website"},"primaryImageOfPage":{"@id":"https:\/\/www.mexicanguitarplayers.com\/tienda\/sin categor\u00eda\/bafle-ashdown-p-bajo-mod-rm-210t-evoiii\/#primaryimage"},"image":{"@id":"https:\/\/www.mexicanguitarplayers.com\/tienda\/sin categor\u00eda\/bafle-ashdown-p-bajo-mod-rm-210t-evoiii\/#primaryimage"},"thumbnailUrl":"https:\/\/www.mexicanguitarplayers.com\/wp-content\/uploads\/2025\/04\/ICASORM210TEV3.jpg","datePublished":"2025-04-07T14:41:04+00:00","dateModified":"2026-04-10T07:22:11+00:00","description":"\u00a1Presentamos el Ashdown Rootmaster 210T EVO III! Este gabinete de 2 x 10\u201d combina potencia y claridad sonora con sus 300 vatios y altavoz personalizado de Ashdown, ofreciendo un rendimiento excepcional tanto en agudos cristalinos como en graves atronadores. Con solo 15.5 kg, es un peso pesado ligero, ideal para m\u00fasicos en movimiento. Su tweeter ajustable te permite personalizar tu sonido, mientras que las aut\u00e9nticas conexiones Neutrik Jack\/Speakon brindan versatilidad de conexi\u00f3n. El dise\u00f1o pr\u00e1ctico, el acabado en Buffalo Tolex y su apariencia distintiva hacen del Rootmaster 210T una elecci\u00f3n destacada para bajistas que buscan potencia, precisi\u00f3n y portabilidad.","breadcrumb":{"@id":"https:\/\/www.mexicanguitarplayers.com\/tienda\/sin categor\u00eda\/bafle-ashdown-p-bajo-mod-rm-210t-evoiii\/#breadcrumb"},"inLanguage":"en-US","potentialAction":[{"@type":"ReadAction","target":["https:\/\/www.mexicanguitarplayers.com\/tienda\/sin categor\u00eda\/bafle-ashdown-p-bajo-mod-rm-210t-evoiii\/"]}]},{"@type":"ImageObject","inLanguage":"en-US","@id":"https:\/\/www.mexicanguitarplayers.com\/tienda\/sin categor\u00eda\/bafle-ashdown-p-bajo-mod-rm-210t-evoiii\/#primaryimage","url":"https:\/\/www.mexicanguitarplayers.com\/wp-content\/uploads\/2025\/04\/ICASORM210TEV3.jpg","contentUrl":"https:\/\/www.mexicanguitarplayers.com\/wp-content\/uploads\/2025\/04\/ICASORM210TEV3.jpg","width":1200,"height":1200},{"@type":"BreadcrumbList","@id":"https:\/\/www.mexicanguitarplayers.com\/tienda\/sin categor\u00eda\/bafle-ashdown-p-bajo-mod-rm-210t-evoiii\/#breadcrumb","itemListElement":[{"@type":"ListItem","position":1,"name":"Portada","item":"https:\/\/www.mexicanguitarplayers.com\/"},{"@type":"ListItem","position":2,"name":"Tienda","item":"https:\/\/www.mexicanguitarplayers.com\/tienda\/"},{"@type":"ListItem","position":3,"name":"BAFLE ASHDOWN P\/BAJO MOD. RM-210T-EVOIII"}]},{"@type":"WebSite","@id":"https:\/\/www.mexicanguitarplayers.com\/#website","url":"https:\/\/www.mexicanguitarplayers.com\/","name":"Mexican Guitar Players","description":"Website","publisher":{"@id":"https:\/\/www.mexicanguitarplayers.com\/#organization"},"potentialAction":[{"@type":"SearchAction","target":{"@type":"EntryPoint","urlTemplate":"https:\/\/www.mexicanguitarplayers.com\/?s={search_term_string}"},"query-input":{"@type":"PropertyValueSpecification","valueRequired":true,"valueName":"search_term_string"}}],"inLanguage":"en-US"},{"@type":"Organization","@id":"https:\/\/www.mexicanguitarplayers.com\/#organization","name":"Mexican Guitar Players","url":"https:\/\/www.mexicanguitarplayers.com\/","logo":{"@type":"ImageObject","inLanguage":"en-US","@id":"https:\/\/www.mexicanguitarplayers.com\/#\/schema\/logo\/image\/","url":"","contentUrl":"","caption":"Mexican Guitar Players"},"image":{"@id":"https:\/\/www.mexicanguitarplayers.com\/#\/schema\/logo\/image\/"}}]}},"brands":[{"id":257,"name":"ASHDOWN","slug":"ashdown"}],"_links":{"self":[{"href":"https:\/\/www.mexicanguitarplayers.com\/en\/wp-json\/wp\/v2\/product\/27482","targetHints":{"allow":["GET"]}}],"collection":[{"href":"https:\/\/www.mexicanguitarplayers.com\/en\/wp-json\/wp\/v2\/product"}],"about":[{"href":"https:\/\/www.mexicanguitarplayers.com\/en\/wp-json\/wp\/v2\/types\/product"}],"replies":[{"embeddable":true,"href":"https:\/\/www.mexicanguitarplayers.com\/en\/wp-json\/wp\/v2\/comments?post=27482"}],"wp:featuredmedia":[{"embeddable":true,"href":"https:\/\/www.mexicanguitarplayers.com\/en\/wp-json\/wp\/v2\/media\/27478"}],"wp:attachment":[{"href":"https:\/\/www.mexicanguitarplayers.com\/en\/wp-json\/wp\/v2\/media?parent=27482"}],"wp:term":[{"taxonomy":"pwb-brand","embeddable":true,"href":"https:\/\/www.mexicanguitarplayers.com\/en\/wp-json\/wp\/v2\/pwb-brand?post=27482"},{"taxonomy":"product_brand","embeddable":true,"href":"https:\/\/www.mexicanguitarplayers.com\/en\/wp-json\/wp\/v2\/product_brand?post=27482"},{"taxonomy":"product_cat","embeddable":true,"href":"https:\/\/www.mexicanguitarplayers.com\/en\/wp-json\/wp\/v2\/product_cat?post=27482"},{"taxonomy":"product_tag","embeddable":true,"href":"https:\/\/www.mexicanguitarplayers.com\/en\/wp-json\/wp\/v2\/product_tag?post=27482"}],"curies":[{"name":"wp","href":"https:\/\/api.w.org\/{rel}","templated":true}]}}