{"id":27488,"date":"2025-04-07T08:41:31","date_gmt":"2025-04-07T14:41:31","guid":{"rendered":"https:\/\/www.mexicanguitarplayers.com\/tienda\/sin categor\u00eda\/pastilla-dimarzio-humbucker-p-puente-air-norton-7\/"},"modified":"2026-05-01T07:27:34","modified_gmt":"2026-05-01T13:27:34","slug":"pastilla-dimarzio-humbucker-p-puente-air-norton-7","status":"publish","type":"product","link":"https:\/\/www.mexicanguitarplayers.com\/en\/tienda\/accesorios\/para-guitarras\/pastillas-para-guitarra-electrica\/pastilla-dimarzio-humbucker-p-puente-air-norton-7\/","title":{"rendered":"PASTILLA DIMARZIO HUMBUCKER P\/PUENTE AIR NORTON 7"},"content":{"rendered":"<div style=\"text-align: justify\">\n<div>\n<h3>Versatilidad de sonido.<\/h3>\n<\/div>\n<div>Air Norton comenz\u00f3 siendo simplemente la versi\u00f3n Airbucker de la pastilla Norton. Pensamos que ser\u00eda una pastilla de puente con un sonido distintivo con amplificadores de alta ganancia, pero pronto descubrimos que tambi\u00e9n es una pastilla de brazo radicalmente limpia. El tono es profundo y c\u00e1lido, pero no sucio. Es c\u00e1lido, pero no est\u00e1 distorsionado. Incluso tiene arm\u00f3nicos geniales, que son realmente inusuales para un humbucker de brazo. La estructura magn\u00e9tica patentada de Air Norton reduce el tir\u00f3n de la cuerda, por lo que se mejora el sustain; y el ataque selectivo y la din\u00e1mica son tremendamente controlables y expresivos. Combina Air Norton con una Air Zone, The Tone Zone o Steve&#8217;s Special en la posici\u00f3n del puente para una combinaci\u00f3n perfecta de potencia y tono o usa una Air Norton en la posici\u00f3n del puente con un modelo Air Classic Bridge en la posici\u00f3n del brazo para un distintivo sonido de blues-rock de salida media. Cuando Air Norton est\u00e1 en la posici\u00f3n del brazo, es una pastilla c\u00e1lida y de sonido abierto con suficiente potencia para equilibrarse con todos los humbuckers de puente. Pru\u00e9balo con pots de 500K para obtener la m\u00e1xima presencia de agudos y arm\u00f3nicos. En la posici\u00f3n del puente, el sonido es de salida media con bajos s\u00f3lidos y arm\u00f3nicos penetrantes. Puede probarlo con controles de 250K, o un volumen de 500 K y un tono de 250K para engordar un poco los agudos. Combina bien con Air Classic en el cuello, y tambi\u00e9n con single-coils The Cruiser, The Choppe y Blue Velvet.<\/div>\n<div>\n<h4>Quick look<\/h4>\n<\/div>\n<ul style=\"margin: 0px 0px 0px 25px\">\n<li style=\"list-style-type: circle;margin: 5px\">Modelo.<\/li>\n<li style=\"list-style-type: circle;margin: 5px\">Posici\u00f3n.<\/li>\n<li style=\"list-style-type: circle;margin: 5px\">Espaciado.<\/li>\n<li style=\"list-style-type: circle;margin: 5px\">Alambrado.<\/li>\n<li style=\"list-style-type: circle;margin: 5px\">Im\u00e1n.<\/li>\n<li style=\"list-style-type: circle;margin: 5px\">Resistencia.<\/li>\n<\/ul>\n<div>\n<div style=\"font-weight: bold\">Modelo.<\/div>\n<div>\n<p>Air Norton.<\/p>\n<\/div>\n<div style=\"font-weight: bold\">Posici\u00f3n.<\/div>\n<div>\n<p>Brazo o puente en guitarras s\u00f3lidas o semi-s\u00f3lidas.<\/p>\n<\/div>\n<div style=\"font-weight: bold\">Espaciado.<\/div>\n<div>\n<p>Espaciado est\u00e1ndar.<\/p>\n<\/div>\n<div style=\"font-weight: bold\">Alambrado.<\/div>\n<div>\n<p>4 conductores.<\/p>\n<\/div>\n<div style=\"font-weight: bold\">Im\u00e1n.<\/div>\n<div>\n<p>Cer\u00e1mica.<\/p>\n<\/div>\n<div style=\"font-weight: bold\">Resistencia.<\/div>\n<div>\n<p>13.34 kilo-ohms.<\/p>\n<\/div>\n<\/div>\n<\/div>","protected":false},"excerpt":{"rendered":"<p>Pastilla humbucker para guitarra el\u00e9ctrica de 7 cuerdas, modelo Air Norton, posici\u00f3n: ideal para brazo o puente en guitarras s\u00f3lidas y semi-s\u00f3lidas, alambrado: 4 conductores, im\u00e1n: cer\u00e1mica, espaciado est\u00e1ndar, resistencia: 13.34 kilo-ohms, sonido distintivo con amplificadores de alta ganancia, radicalmente limpia, tono profundo y c\u00e1lido, pero no sucio ni distorsionado, arm\u00f3nicos geniales, reduce el tir\u00f3n de la cuerda, mejora el sustain, ataque selectivo y din\u00e1mica totalmente controlables y expresivos.&hellip; <a class=\"kt-excerpt-readmore more-link\" href=\"https:\/\/www.mexicanguitarplayers.com\/en\/tienda\/accesorios\/para-guitarras\/pastillas-para-guitarra-electrica\/pastilla-dimarzio-humbucker-p-puente-air-norton-7\/\">Read more<\/a><\/p>","protected":false},"featured_media":27483,"comment_status":"open","ping_status":"closed","template":"","meta":{"kt_blocks_editor_width":""},"pwb-brand":[355],"product_brand":[],"product_cat":[85,336,353],"product_tag":[],"class_list":{"0":"post-27488","1":"product","2":"type-product","3":"status-publish","4":"has-post-thumbnail","6":"pwb-brand-dimarzio","7":"product_cat-accesorios","8":"product_cat-para-guitarras","9":"product_cat-pastillas-para-guitarra-electrica","10":"product_shipping_class-0-5-kg","12":"first","13":"instock","14":"taxable","15":"shipping-taxable","16":"purchasable","17":"product-type-simple"},"yoast_head":"<!-- This site is optimized with the Yoast SEO plugin v27.6 - https:\/\/yoast.com\/product\/yoast-seo-wordpress\/ -->\n<title>PASTILLA DIMARZIO HUMBUCKER P\/PUENTE AIR NORTON 7 - Mexican Guitar Players<\/title>\n<meta name=\"description\" content=\"Pastilla humbucker para guitarra el\u00e9ctrica de 7 cuerdas, modelo Air Norton, posici\u00f3n: ideal para brazo o puente en guitarras s\u00f3lidas y semi-s\u00f3lidas, alambrado: 4 conductores, im\u00e1n: cer\u00e1mica, espaciado est\u00e1ndar, resistencia: 13.34 kilo-ohms, sonido distintivo con amplificadores de alta ganancia, radicalmente limpia, tono profundo y c\u00e1lido, pero no sucio ni distorsionado, arm\u00f3nicos geniales, reduce el tir\u00f3n de la cuerda, mejora el sustain, ataque selectivo y din\u00e1mica totalmente controlables y expresivos.\" \/>\n<meta name=\"robots\" content=\"index, follow, max-snippet:-1, max-image-preview:large, max-video-preview:-1\" \/>\n<link rel=\"canonical\" href=\"https:\/\/www.mexicanguitarplayers.com\/en\/tienda\/sin%20categor\u00eda\/pastilla-dimarzio-humbucker-p-puente-air-norton-7\/\" \/>\n<meta property=\"og:locale\" content=\"en_US\" \/>\n<meta property=\"og:type\" content=\"article\" \/>\n<meta property=\"og:title\" content=\"PASTILLA DIMARZIO HUMBUCKER P\/PUENTE AIR NORTON 7 - Mexican Guitar Players\" \/>\n<meta property=\"og:description\" content=\"Pastilla humbucker para guitarra el\u00e9ctrica de 7 cuerdas, modelo Air Norton, posici\u00f3n: ideal para brazo o puente en guitarras s\u00f3lidas y semi-s\u00f3lidas, alambrado: 4 conductores, im\u00e1n: cer\u00e1mica, espaciado est\u00e1ndar, resistencia: 13.34 kilo-ohms, sonido distintivo con amplificadores de alta ganancia, radicalmente limpia, tono profundo y c\u00e1lido, pero no sucio ni distorsionado, arm\u00f3nicos geniales, reduce el tir\u00f3n de la cuerda, mejora el sustain, ataque selectivo y din\u00e1mica totalmente controlables y expresivos.\" \/>\n<meta property=\"og:url\" content=\"https:\/\/www.mexicanguitarplayers.com\/en\/tienda\/sin categor\u00eda\/pastilla-dimarzio-humbucker-p-puente-air-norton-7\/\" \/>\n<meta property=\"og:site_name\" content=\"Mexican Guitar Players\" \/>\n<meta property=\"article:modified_time\" content=\"2026-05-01T13:27:34+00:00\" \/>\n<meta name=\"twitter:card\" content=\"summary_large_image\" \/>\n<meta name=\"twitter:label1\" content=\"Est. reading time\" \/>\n\t<meta name=\"twitter:data1\" content=\"2 minutes\" \/>\n<script type=\"application\/ld+json\" class=\"yoast-schema-graph\">{\"@context\":\"https:\\\/\\\/schema.org\",\"@graph\":[{\"@type\":[\"WebPage\",\"ItemPage\"],\"@id\":\"https:\\\/\\\/www.mexicanguitarplayers.com\\\/tienda\\\/sin categor\u00eda\\\/pastilla-dimarzio-humbucker-p-puente-air-norton-7\\\/\",\"url\":\"https:\\\/\\\/www.mexicanguitarplayers.com\\\/tienda\\\/sin categor\u00eda\\\/pastilla-dimarzio-humbucker-p-puente-air-norton-7\\\/\",\"name\":\"PASTILLA DIMARZIO HUMBUCKER P\\\/PUENTE AIR NORTON 7 - Mexican Guitar Players\",\"isPartOf\":{\"@id\":\"https:\\\/\\\/www.mexicanguitarplayers.com\\\/#website\"},\"primaryImageOfPage\":{\"@id\":\"https:\\\/\\\/www.mexicanguitarplayers.com\\\/tienda\\\/sin categor\u00eda\\\/pastilla-dimarzio-humbucker-p-puente-air-norton-7\\\/#primaryimage\"},\"image\":{\"@id\":\"https:\\\/\\\/www.mexicanguitarplayers.com\\\/tienda\\\/sin categor\u00eda\\\/pastilla-dimarzio-humbucker-p-puente-air-norton-7\\\/#primaryimage\"},\"thumbnailUrl\":\"https:\\\/\\\/www.mexicanguitarplayers.com\\\/wp-content\\\/uploads\\\/2025\\\/04\\\/RADIMDP793.jpg\",\"datePublished\":\"2025-04-07T14:41:31+00:00\",\"dateModified\":\"2026-05-01T13:27:34+00:00\",\"description\":\"Pastilla humbucker para guitarra el\u00e9ctrica de 7 cuerdas, modelo Air Norton, posici\u00f3n: ideal para brazo o puente en guitarras s\u00f3lidas y semi-s\u00f3lidas, alambrado: 4 conductores, im\u00e1n: cer\u00e1mica, espaciado est\u00e1ndar, resistencia: 13.34 kilo-ohms, sonido distintivo con amplificadores de alta ganancia, radicalmente limpia, tono profundo y c\u00e1lido, pero no sucio ni distorsionado, arm\u00f3nicos geniales, reduce el tir\u00f3n de la cuerda, mejora el sustain, ataque selectivo y din\u00e1mica totalmente controlables y expresivos.\",\"breadcrumb\":{\"@id\":\"https:\\\/\\\/www.mexicanguitarplayers.com\\\/tienda\\\/sin categor\u00eda\\\/pastilla-dimarzio-humbucker-p-puente-air-norton-7\\\/#breadcrumb\"},\"inLanguage\":\"en-US\",\"potentialAction\":[{\"@type\":\"ReadAction\",\"target\":[\"https:\\\/\\\/www.mexicanguitarplayers.com\\\/tienda\\\/sin categor\u00eda\\\/pastilla-dimarzio-humbucker-p-puente-air-norton-7\\\/\"]}]},{\"@type\":\"ImageObject\",\"inLanguage\":\"en-US\",\"@id\":\"https:\\\/\\\/www.mexicanguitarplayers.com\\\/tienda\\\/sin categor\u00eda\\\/pastilla-dimarzio-humbucker-p-puente-air-norton-7\\\/#primaryimage\",\"url\":\"https:\\\/\\\/www.mexicanguitarplayers.com\\\/wp-content\\\/uploads\\\/2025\\\/04\\\/RADIMDP793.jpg\",\"contentUrl\":\"https:\\\/\\\/www.mexicanguitarplayers.com\\\/wp-content\\\/uploads\\\/2025\\\/04\\\/RADIMDP793.jpg\",\"width\":1600,\"height\":800},{\"@type\":\"BreadcrumbList\",\"@id\":\"https:\\\/\\\/www.mexicanguitarplayers.com\\\/tienda\\\/sin categor\u00eda\\\/pastilla-dimarzio-humbucker-p-puente-air-norton-7\\\/#breadcrumb\",\"itemListElement\":[{\"@type\":\"ListItem\",\"position\":1,\"name\":\"Portada\",\"item\":\"https:\\\/\\\/www.mexicanguitarplayers.com\\\/\"},{\"@type\":\"ListItem\",\"position\":2,\"name\":\"Tienda\",\"item\":\"https:\\\/\\\/www.mexicanguitarplayers.com\\\/tienda\\\/\"},{\"@type\":\"ListItem\",\"position\":3,\"name\":\"PASTILLA DIMARZIO HUMBUCKER P\\\/PUENTE AIR NORTON 7\"}]},{\"@type\":\"WebSite\",\"@id\":\"https:\\\/\\\/www.mexicanguitarplayers.com\\\/#website\",\"url\":\"https:\\\/\\\/www.mexicanguitarplayers.com\\\/\",\"name\":\"Mexican Guitar Players\",\"description\":\"Website\",\"publisher\":{\"@id\":\"https:\\\/\\\/www.mexicanguitarplayers.com\\\/#organization\"},\"potentialAction\":[{\"@type\":\"SearchAction\",\"target\":{\"@type\":\"EntryPoint\",\"urlTemplate\":\"https:\\\/\\\/www.mexicanguitarplayers.com\\\/?s={search_term_string}\"},\"query-input\":{\"@type\":\"PropertyValueSpecification\",\"valueRequired\":true,\"valueName\":\"search_term_string\"}}],\"inLanguage\":\"en-US\"},{\"@type\":\"Organization\",\"@id\":\"https:\\\/\\\/www.mexicanguitarplayers.com\\\/#organization\",\"name\":\"Mexican Guitar Players\",\"url\":\"https:\\\/\\\/www.mexicanguitarplayers.com\\\/\",\"logo\":{\"@type\":\"ImageObject\",\"inLanguage\":\"en-US\",\"@id\":\"https:\\\/\\\/www.mexicanguitarplayers.com\\\/#\\\/schema\\\/logo\\\/image\\\/\",\"url\":\"\",\"contentUrl\":\"\",\"caption\":\"Mexican Guitar Players\"},\"image\":{\"@id\":\"https:\\\/\\\/www.mexicanguitarplayers.com\\\/#\\\/schema\\\/logo\\\/image\\\/\"}}]}<\/script>\n<!-- \/ Yoast SEO plugin. -->","yoast_head_json":{"title":"PASTILLA DIMARZIO HUMBUCKER P\/PUENTE AIR NORTON 7 - Mexican Guitar Players","description":"Pastilla humbucker para guitarra el\u00e9ctrica de 7 cuerdas, modelo Air Norton, posici\u00f3n: ideal para brazo o puente en guitarras s\u00f3lidas y semi-s\u00f3lidas, alambrado: 4 conductores, im\u00e1n: cer\u00e1mica, espaciado est\u00e1ndar, resistencia: 13.34 kilo-ohms, sonido distintivo con amplificadores de alta ganancia, radicalmente limpia, tono profundo y c\u00e1lido, pero no sucio ni distorsionado, arm\u00f3nicos geniales, reduce el tir\u00f3n de la cuerda, mejora el sustain, ataque selectivo y din\u00e1mica totalmente controlables y expresivos.","robots":{"index":"index","follow":"follow","max-snippet":"max-snippet:-1","max-image-preview":"max-image-preview:large","max-video-preview":"max-video-preview:-1"},"canonical":"https:\/\/www.mexicanguitarplayers.com\/en\/tienda\/sin categor\u00eda\/pastilla-dimarzio-humbucker-p-puente-air-norton-7\/","og_locale":"en_US","og_type":"article","og_title":"PASTILLA DIMARZIO HUMBUCKER P\/PUENTE AIR NORTON 7 - Mexican Guitar Players","og_description":"Pastilla humbucker para guitarra el\u00e9ctrica de 7 cuerdas, modelo Air Norton, posici\u00f3n: ideal para brazo o puente en guitarras s\u00f3lidas y semi-s\u00f3lidas, alambrado: 4 conductores, im\u00e1n: cer\u00e1mica, espaciado est\u00e1ndar, resistencia: 13.34 kilo-ohms, sonido distintivo con amplificadores de alta ganancia, radicalmente limpia, tono profundo y c\u00e1lido, pero no sucio ni distorsionado, arm\u00f3nicos geniales, reduce el tir\u00f3n de la cuerda, mejora el sustain, ataque selectivo y din\u00e1mica totalmente controlables y expresivos.","og_url":"https:\/\/www.mexicanguitarplayers.com\/en\/tienda\/sin categor\u00eda\/pastilla-dimarzio-humbucker-p-puente-air-norton-7\/","og_site_name":"Mexican Guitar Players","article_modified_time":"2026-05-01T13:27:34+00:00","twitter_card":"summary_large_image","twitter_misc":{"Est. reading time":"2 minutes"},"schema":{"@context":"https:\/\/schema.org","@graph":[{"@type":["WebPage","ItemPage"],"@id":"https:\/\/www.mexicanguitarplayers.com\/tienda\/sin categor\u00eda\/pastilla-dimarzio-humbucker-p-puente-air-norton-7\/","url":"https:\/\/www.mexicanguitarplayers.com\/tienda\/sin categor\u00eda\/pastilla-dimarzio-humbucker-p-puente-air-norton-7\/","name":"PASTILLA DIMARZIO HUMBUCKER P\/PUENTE AIR NORTON 7 - Mexican Guitar Players","isPartOf":{"@id":"https:\/\/www.mexicanguitarplayers.com\/#website"},"primaryImageOfPage":{"@id":"https:\/\/www.mexicanguitarplayers.com\/tienda\/sin categor\u00eda\/pastilla-dimarzio-humbucker-p-puente-air-norton-7\/#primaryimage"},"image":{"@id":"https:\/\/www.mexicanguitarplayers.com\/tienda\/sin categor\u00eda\/pastilla-dimarzio-humbucker-p-puente-air-norton-7\/#primaryimage"},"thumbnailUrl":"https:\/\/www.mexicanguitarplayers.com\/wp-content\/uploads\/2025\/04\/RADIMDP793.jpg","datePublished":"2025-04-07T14:41:31+00:00","dateModified":"2026-05-01T13:27:34+00:00","description":"Pastilla humbucker para guitarra el\u00e9ctrica de 7 cuerdas, modelo Air Norton, posici\u00f3n: ideal para brazo o puente en guitarras s\u00f3lidas y semi-s\u00f3lidas, alambrado: 4 conductores, im\u00e1n: cer\u00e1mica, espaciado est\u00e1ndar, resistencia: 13.34 kilo-ohms, sonido distintivo con amplificadores de alta ganancia, radicalmente limpia, tono profundo y c\u00e1lido, pero no sucio ni distorsionado, arm\u00f3nicos geniales, reduce el tir\u00f3n de la cuerda, mejora el sustain, ataque selectivo y din\u00e1mica totalmente controlables y expresivos.","breadcrumb":{"@id":"https:\/\/www.mexicanguitarplayers.com\/tienda\/sin categor\u00eda\/pastilla-dimarzio-humbucker-p-puente-air-norton-7\/#breadcrumb"},"inLanguage":"en-US","potentialAction":[{"@type":"ReadAction","target":["https:\/\/www.mexicanguitarplayers.com\/tienda\/sin categor\u00eda\/pastilla-dimarzio-humbucker-p-puente-air-norton-7\/"]}]},{"@type":"ImageObject","inLanguage":"en-US","@id":"https:\/\/www.mexicanguitarplayers.com\/tienda\/sin categor\u00eda\/pastilla-dimarzio-humbucker-p-puente-air-norton-7\/#primaryimage","url":"https:\/\/www.mexicanguitarplayers.com\/wp-content\/uploads\/2025\/04\/RADIMDP793.jpg","contentUrl":"https:\/\/www.mexicanguitarplayers.com\/wp-content\/uploads\/2025\/04\/RADIMDP793.jpg","width":1600,"height":800},{"@type":"BreadcrumbList","@id":"https:\/\/www.mexicanguitarplayers.com\/tienda\/sin categor\u00eda\/pastilla-dimarzio-humbucker-p-puente-air-norton-7\/#breadcrumb","itemListElement":[{"@type":"ListItem","position":1,"name":"Portada","item":"https:\/\/www.mexicanguitarplayers.com\/"},{"@type":"ListItem","position":2,"name":"Tienda","item":"https:\/\/www.mexicanguitarplayers.com\/tienda\/"},{"@type":"ListItem","position":3,"name":"PASTILLA DIMARZIO HUMBUCKER P\/PUENTE AIR NORTON 7"}]},{"@type":"WebSite","@id":"https:\/\/www.mexicanguitarplayers.com\/#website","url":"https:\/\/www.mexicanguitarplayers.com\/","name":"Mexican Guitar Players","description":"Website","publisher":{"@id":"https:\/\/www.mexicanguitarplayers.com\/#organization"},"potentialAction":[{"@type":"SearchAction","target":{"@type":"EntryPoint","urlTemplate":"https:\/\/www.mexicanguitarplayers.com\/?s={search_term_string}"},"query-input":{"@type":"PropertyValueSpecification","valueRequired":true,"valueName":"search_term_string"}}],"inLanguage":"en-US"},{"@type":"Organization","@id":"https:\/\/www.mexicanguitarplayers.com\/#organization","name":"Mexican Guitar Players","url":"https:\/\/www.mexicanguitarplayers.com\/","logo":{"@type":"ImageObject","inLanguage":"en-US","@id":"https:\/\/www.mexicanguitarplayers.com\/#\/schema\/logo\/image\/","url":"","contentUrl":"","caption":"Mexican Guitar Players"},"image":{"@id":"https:\/\/www.mexicanguitarplayers.com\/#\/schema\/logo\/image\/"}}]}},"brands":[{"id":355,"name":"DIMARZIO","slug":"dimarzio"}],"_links":{"self":[{"href":"https:\/\/www.mexicanguitarplayers.com\/en\/wp-json\/wp\/v2\/product\/27488","targetHints":{"allow":["GET"]}}],"collection":[{"href":"https:\/\/www.mexicanguitarplayers.com\/en\/wp-json\/wp\/v2\/product"}],"about":[{"href":"https:\/\/www.mexicanguitarplayers.com\/en\/wp-json\/wp\/v2\/types\/product"}],"replies":[{"embeddable":true,"href":"https:\/\/www.mexicanguitarplayers.com\/en\/wp-json\/wp\/v2\/comments?post=27488"}],"wp:featuredmedia":[{"embeddable":true,"href":"https:\/\/www.mexicanguitarplayers.com\/en\/wp-json\/wp\/v2\/media\/27483"}],"wp:attachment":[{"href":"https:\/\/www.mexicanguitarplayers.com\/en\/wp-json\/wp\/v2\/media?parent=27488"}],"wp:term":[{"taxonomy":"pwb-brand","embeddable":true,"href":"https:\/\/www.mexicanguitarplayers.com\/en\/wp-json\/wp\/v2\/pwb-brand?post=27488"},{"taxonomy":"product_brand","embeddable":true,"href":"https:\/\/www.mexicanguitarplayers.com\/en\/wp-json\/wp\/v2\/product_brand?post=27488"},{"taxonomy":"product_cat","embeddable":true,"href":"https:\/\/www.mexicanguitarplayers.com\/en\/wp-json\/wp\/v2\/product_cat?post=27488"},{"taxonomy":"product_tag","embeddable":true,"href":"https:\/\/www.mexicanguitarplayers.com\/en\/wp-json\/wp\/v2\/product_tag?post=27488"}],"curies":[{"name":"wp","href":"https:\/\/api.w.org\/{rel}","templated":true}]}}