{"id":27548,"date":"2025-04-07T13:19:34","date_gmt":"2025-04-07T19:19:34","guid":{"rendered":"https:\/\/www.mexicanguitarplayers.com\/tienda\/sin categor\u00eda\/cargador-akg-p-microfono-cu-40\/"},"modified":"2026-04-10T04:41:53","modified_gmt":"2026-04-10T10:41:53","slug":"cargador-akg-p-microfono-cu-40","status":"publish","type":"product","link":"https:\/\/www.mexicanguitarplayers.com\/en\/tienda\/accesorios\/varios\/cargador-akg-p-microfono-cu-40\/","title":{"rendered":"CARGADOR AKG P\/MICROFONO  CU-40"},"content":{"rendered":"<div style=\"text-align: justify\">\n<div>\n<h3>Que la falta de bater\u00eda no te detenga.<\/h3>\n<\/div>\n<div>La unidad de carga CU40 es un cargador perfecto para el transmisor WMS40 y el receptor port\u00e1til PR40. El CU40 es amigable con el medio ambiente y con tu presupuesto. El tiempo m\u00e1ximo de carga es de una hora, de tal forma que puedes cargar varios componentes WMS40 durante una conferencia o concierto. Elimina la necesidad de reemplazar bater\u00edas para la carga.<\/div>\n<div>\n<h4>Quick look<\/h4>\n<\/div>\n<ul style=\"margin: 0px 0px 0px 25px\">\n<li style=\"list-style-type: circle;margin: 5px\">Corriente de carga.<\/li>\n<li style=\"list-style-type: circle;margin: 5px\">Tiempo de carga.<\/li>\n<li style=\"list-style-type: circle;margin: 5px\">Compatibilidad.<\/li>\n<li style=\"list-style-type: circle;margin: 5px\">Tama\u00f1o.<\/li>\n<\/ul>\n<div>\n<div style=\"font-weight: bold\">Corriente de carga.<\/div>\n<div>\n<p>550 mA t\u00edpico.<\/p>\n<\/div>\n<div style=\"font-weight: bold\">Tiempo de carga.<\/div>\n<div>\n<p>1 hora m\u00e1ximo.<\/p>\n<\/div>\n<div style=\"font-weight: bold\">Compatibilidad.<\/div>\n<div>\n<p>Funciona para GB 40, MP 40, SO 40.<\/p>\n<\/div>\n<div style=\"font-weight: bold\">Tama\u00f1o.<\/div>\n<div>\n<p>100 x 58 x 135 mm.<\/p>\n<\/div>\n<\/div>\n<div>\n<h4>Characteristics<\/h4>\n<\/div>\n<div>\n<ul style=\"margin: 0px 0px 0px 25px\">\n<li style=\"list-style-type: circle;margin: 5px\">Perfecto para el transmisor WMS40 y el receptor port\u00e1til PR40.<\/li>\n<li style=\"list-style-type: circle;margin: 5px\">Amigable con el medio ambiente.<\/li>\n<li style=\"list-style-type: circle;margin: 5px\">Elimina la necesidad de reemplazar bater\u00edas para la carga.<\/li>\n<\/ul>\n<\/div>\n<\/div>","protected":false},"excerpt":{"rendered":"<p>Estaci\u00f3n de carga, ideal para el transmisor WMS40 y el receptor port\u00e1til PR40, amigable con el medio ambiente, tiempo m\u00e1ximo de carga de una hora, elimina la necesidad de reemplazar bater\u00edas para la carga, corriente decarga: 550 mA t\u00edpico, funciona para GB 40, MP 40, SO 40, dimensiones: 100 x 58 x 135 mm.&hellip; <a class=\"kt-excerpt-readmore more-link\" href=\"https:\/\/www.mexicanguitarplayers.com\/en\/tienda\/accesorios\/varios\/cargador-akg-p-microfono-cu-40\/\">Read more<\/a><\/p>","protected":false},"featured_media":27547,"comment_status":"open","ping_status":"closed","template":"","meta":{"kt_blocks_editor_width":""},"pwb-brand":[528],"product_brand":[],"product_cat":[85,410,249],"product_tag":[],"class_list":{"0":"post-27548","1":"product","2":"type-product","3":"status-publish","4":"has-post-thumbnail","6":"pwb-brand-akg","7":"product_cat-accesorios","8":"product_cat-para-audio","9":"product_cat-varios","10":"product_shipping_class-0-5-kg","12":"first","13":"instock","14":"taxable","15":"shipping-taxable","16":"purchasable","17":"product-type-simple"},"yoast_head":"<!-- This site is optimized with the Yoast SEO plugin v27.5 - https:\/\/yoast.com\/product\/yoast-seo-wordpress\/ -->\n<title>CARGADOR AKG P\/MICROFONO CU-40 - Mexican Guitar Players<\/title>\n<meta name=\"description\" content=\"Estaci\u00f3n de carga, ideal para el transmisor WMS40 y el receptor port\u00e1til PR40, amigable con el medio ambiente, tiempo m\u00e1ximo de carga de una hora, elimina la necesidad de reemplazar bater\u00edas para la carga, corriente decarga: 550 mA t\u00edpico, funciona para GB 40, MP 40, SO 40, dimensiones: 100 x 58 x 135 mm.\" \/>\n<meta name=\"robots\" content=\"index, follow, max-snippet:-1, max-image-preview:large, max-video-preview:-1\" \/>\n<link rel=\"canonical\" href=\"https:\/\/www.mexicanguitarplayers.com\/en\/tienda\/sin%20categor\u00eda\/cargador-akg-p-microfono-cu-40\/\" \/>\n<meta property=\"og:locale\" content=\"en_US\" \/>\n<meta property=\"og:type\" content=\"article\" \/>\n<meta property=\"og:title\" content=\"CARGADOR AKG P\/MICROFONO CU-40 - Mexican Guitar Players\" \/>\n<meta property=\"og:description\" content=\"Estaci\u00f3n de carga, ideal para el transmisor WMS40 y el receptor port\u00e1til PR40, amigable con el medio ambiente, tiempo m\u00e1ximo de carga de una hora, elimina la necesidad de reemplazar bater\u00edas para la carga, corriente decarga: 550 mA t\u00edpico, funciona para GB 40, MP 40, SO 40, dimensiones: 100 x 58 x 135 mm.\" \/>\n<meta property=\"og:url\" content=\"https:\/\/www.mexicanguitarplayers.com\/en\/tienda\/sin categor\u00eda\/cargador-akg-p-microfono-cu-40\/\" \/>\n<meta property=\"og:site_name\" content=\"Mexican Guitar Players\" \/>\n<meta property=\"article:modified_time\" content=\"2026-04-10T10:41:53+00:00\" \/>\n<meta name=\"twitter:card\" content=\"summary_large_image\" \/>\n<meta name=\"twitter:label1\" content=\"Est. reading time\" \/>\n\t<meta name=\"twitter:data1\" content=\"1 minute\" \/>\n<script type=\"application\/ld+json\" class=\"yoast-schema-graph\">{\"@context\":\"https:\\\/\\\/schema.org\",\"@graph\":[{\"@type\":[\"WebPage\",\"ItemPage\"],\"@id\":\"https:\\\/\\\/www.mexicanguitarplayers.com\\\/tienda\\\/sin categor\u00eda\\\/cargador-akg-p-microfono-cu-40\\\/\",\"url\":\"https:\\\/\\\/www.mexicanguitarplayers.com\\\/tienda\\\/sin categor\u00eda\\\/cargador-akg-p-microfono-cu-40\\\/\",\"name\":\"CARGADOR AKG P\\\/MICROFONO CU-40 - Mexican Guitar Players\",\"isPartOf\":{\"@id\":\"https:\\\/\\\/www.mexicanguitarplayers.com\\\/#website\"},\"primaryImageOfPage\":{\"@id\":\"https:\\\/\\\/www.mexicanguitarplayers.com\\\/tienda\\\/sin categor\u00eda\\\/cargador-akg-p-microfono-cu-40\\\/#primaryimage\"},\"image\":{\"@id\":\"https:\\\/\\\/www.mexicanguitarplayers.com\\\/tienda\\\/sin categor\u00eda\\\/cargador-akg-p-microfono-cu-40\\\/#primaryimage\"},\"thumbnailUrl\":\"https:\\\/\\\/www.mexicanguitarplayers.com\\\/wp-content\\\/uploads\\\/2025\\\/04\\\/VAAKGCU40.jpg\",\"datePublished\":\"2025-04-07T19:19:34+00:00\",\"dateModified\":\"2026-04-10T10:41:53+00:00\",\"description\":\"Estaci\u00f3n de carga, ideal para el transmisor WMS40 y el receptor port\u00e1til PR40, amigable con el medio ambiente, tiempo m\u00e1ximo de carga de una hora, elimina la necesidad de reemplazar bater\u00edas para la carga, corriente decarga: 550 mA t\u00edpico, funciona para GB 40, MP 40, SO 40, dimensiones: 100 x 58 x 135 mm.\",\"breadcrumb\":{\"@id\":\"https:\\\/\\\/www.mexicanguitarplayers.com\\\/tienda\\\/sin categor\u00eda\\\/cargador-akg-p-microfono-cu-40\\\/#breadcrumb\"},\"inLanguage\":\"en-US\",\"potentialAction\":[{\"@type\":\"ReadAction\",\"target\":[\"https:\\\/\\\/www.mexicanguitarplayers.com\\\/tienda\\\/sin categor\u00eda\\\/cargador-akg-p-microfono-cu-40\\\/\"]}]},{\"@type\":\"ImageObject\",\"inLanguage\":\"en-US\",\"@id\":\"https:\\\/\\\/www.mexicanguitarplayers.com\\\/tienda\\\/sin categor\u00eda\\\/cargador-akg-p-microfono-cu-40\\\/#primaryimage\",\"url\":\"https:\\\/\\\/www.mexicanguitarplayers.com\\\/wp-content\\\/uploads\\\/2025\\\/04\\\/VAAKGCU40.jpg\",\"contentUrl\":\"https:\\\/\\\/www.mexicanguitarplayers.com\\\/wp-content\\\/uploads\\\/2025\\\/04\\\/VAAKGCU40.jpg\",\"width\":1200,\"height\":1200},{\"@type\":\"BreadcrumbList\",\"@id\":\"https:\\\/\\\/www.mexicanguitarplayers.com\\\/tienda\\\/sin categor\u00eda\\\/cargador-akg-p-microfono-cu-40\\\/#breadcrumb\",\"itemListElement\":[{\"@type\":\"ListItem\",\"position\":1,\"name\":\"Portada\",\"item\":\"https:\\\/\\\/www.mexicanguitarplayers.com\\\/\"},{\"@type\":\"ListItem\",\"position\":2,\"name\":\"Tienda\",\"item\":\"https:\\\/\\\/www.mexicanguitarplayers.com\\\/tienda\\\/\"},{\"@type\":\"ListItem\",\"position\":3,\"name\":\"CARGADOR AKG P\\\/MICROFONO CU-40\"}]},{\"@type\":\"WebSite\",\"@id\":\"https:\\\/\\\/www.mexicanguitarplayers.com\\\/#website\",\"url\":\"https:\\\/\\\/www.mexicanguitarplayers.com\\\/\",\"name\":\"Mexican Guitar Players\",\"description\":\"Website\",\"publisher\":{\"@id\":\"https:\\\/\\\/www.mexicanguitarplayers.com\\\/#organization\"},\"potentialAction\":[{\"@type\":\"SearchAction\",\"target\":{\"@type\":\"EntryPoint\",\"urlTemplate\":\"https:\\\/\\\/www.mexicanguitarplayers.com\\\/?s={search_term_string}\"},\"query-input\":{\"@type\":\"PropertyValueSpecification\",\"valueRequired\":true,\"valueName\":\"search_term_string\"}}],\"inLanguage\":\"en-US\"},{\"@type\":\"Organization\",\"@id\":\"https:\\\/\\\/www.mexicanguitarplayers.com\\\/#organization\",\"name\":\"Mexican Guitar Players\",\"url\":\"https:\\\/\\\/www.mexicanguitarplayers.com\\\/\",\"logo\":{\"@type\":\"ImageObject\",\"inLanguage\":\"en-US\",\"@id\":\"https:\\\/\\\/www.mexicanguitarplayers.com\\\/#\\\/schema\\\/logo\\\/image\\\/\",\"url\":\"\",\"contentUrl\":\"\",\"caption\":\"Mexican Guitar Players\"},\"image\":{\"@id\":\"https:\\\/\\\/www.mexicanguitarplayers.com\\\/#\\\/schema\\\/logo\\\/image\\\/\"}}]}<\/script>\n<!-- \/ Yoast SEO plugin. -->","yoast_head_json":{"title":"CARGADOR AKG P\/MICROFONO CU-40 - Mexican Guitar Players","description":"Estaci\u00f3n de carga, ideal para el transmisor WMS40 y el receptor port\u00e1til PR40, amigable con el medio ambiente, tiempo m\u00e1ximo de carga de una hora, elimina la necesidad de reemplazar bater\u00edas para la carga, corriente decarga: 550 mA t\u00edpico, funciona para GB 40, MP 40, SO 40, dimensiones: 100 x 58 x 135 mm.","robots":{"index":"index","follow":"follow","max-snippet":"max-snippet:-1","max-image-preview":"max-image-preview:large","max-video-preview":"max-video-preview:-1"},"canonical":"https:\/\/www.mexicanguitarplayers.com\/en\/tienda\/sin categor\u00eda\/cargador-akg-p-microfono-cu-40\/","og_locale":"en_US","og_type":"article","og_title":"CARGADOR AKG P\/MICROFONO CU-40 - Mexican Guitar Players","og_description":"Estaci\u00f3n de carga, ideal para el transmisor WMS40 y el receptor port\u00e1til PR40, amigable con el medio ambiente, tiempo m\u00e1ximo de carga de una hora, elimina la necesidad de reemplazar bater\u00edas para la carga, corriente decarga: 550 mA t\u00edpico, funciona para GB 40, MP 40, SO 40, dimensiones: 100 x 58 x 135 mm.","og_url":"https:\/\/www.mexicanguitarplayers.com\/en\/tienda\/sin categor\u00eda\/cargador-akg-p-microfono-cu-40\/","og_site_name":"Mexican Guitar Players","article_modified_time":"2026-04-10T10:41:53+00:00","twitter_card":"summary_large_image","twitter_misc":{"Est. reading time":"1 minute"},"schema":{"@context":"https:\/\/schema.org","@graph":[{"@type":["WebPage","ItemPage"],"@id":"https:\/\/www.mexicanguitarplayers.com\/tienda\/sin categor\u00eda\/cargador-akg-p-microfono-cu-40\/","url":"https:\/\/www.mexicanguitarplayers.com\/tienda\/sin categor\u00eda\/cargador-akg-p-microfono-cu-40\/","name":"CARGADOR AKG P\/MICROFONO CU-40 - Mexican Guitar Players","isPartOf":{"@id":"https:\/\/www.mexicanguitarplayers.com\/#website"},"primaryImageOfPage":{"@id":"https:\/\/www.mexicanguitarplayers.com\/tienda\/sin categor\u00eda\/cargador-akg-p-microfono-cu-40\/#primaryimage"},"image":{"@id":"https:\/\/www.mexicanguitarplayers.com\/tienda\/sin categor\u00eda\/cargador-akg-p-microfono-cu-40\/#primaryimage"},"thumbnailUrl":"https:\/\/www.mexicanguitarplayers.com\/wp-content\/uploads\/2025\/04\/VAAKGCU40.jpg","datePublished":"2025-04-07T19:19:34+00:00","dateModified":"2026-04-10T10:41:53+00:00","description":"Estaci\u00f3n de carga, ideal para el transmisor WMS40 y el receptor port\u00e1til PR40, amigable con el medio ambiente, tiempo m\u00e1ximo de carga de una hora, elimina la necesidad de reemplazar bater\u00edas para la carga, corriente decarga: 550 mA t\u00edpico, funciona para GB 40, MP 40, SO 40, dimensiones: 100 x 58 x 135 mm.","breadcrumb":{"@id":"https:\/\/www.mexicanguitarplayers.com\/tienda\/sin categor\u00eda\/cargador-akg-p-microfono-cu-40\/#breadcrumb"},"inLanguage":"en-US","potentialAction":[{"@type":"ReadAction","target":["https:\/\/www.mexicanguitarplayers.com\/tienda\/sin categor\u00eda\/cargador-akg-p-microfono-cu-40\/"]}]},{"@type":"ImageObject","inLanguage":"en-US","@id":"https:\/\/www.mexicanguitarplayers.com\/tienda\/sin categor\u00eda\/cargador-akg-p-microfono-cu-40\/#primaryimage","url":"https:\/\/www.mexicanguitarplayers.com\/wp-content\/uploads\/2025\/04\/VAAKGCU40.jpg","contentUrl":"https:\/\/www.mexicanguitarplayers.com\/wp-content\/uploads\/2025\/04\/VAAKGCU40.jpg","width":1200,"height":1200},{"@type":"BreadcrumbList","@id":"https:\/\/www.mexicanguitarplayers.com\/tienda\/sin categor\u00eda\/cargador-akg-p-microfono-cu-40\/#breadcrumb","itemListElement":[{"@type":"ListItem","position":1,"name":"Portada","item":"https:\/\/www.mexicanguitarplayers.com\/"},{"@type":"ListItem","position":2,"name":"Tienda","item":"https:\/\/www.mexicanguitarplayers.com\/tienda\/"},{"@type":"ListItem","position":3,"name":"CARGADOR AKG P\/MICROFONO CU-40"}]},{"@type":"WebSite","@id":"https:\/\/www.mexicanguitarplayers.com\/#website","url":"https:\/\/www.mexicanguitarplayers.com\/","name":"Mexican Guitar Players","description":"Website","publisher":{"@id":"https:\/\/www.mexicanguitarplayers.com\/#organization"},"potentialAction":[{"@type":"SearchAction","target":{"@type":"EntryPoint","urlTemplate":"https:\/\/www.mexicanguitarplayers.com\/?s={search_term_string}"},"query-input":{"@type":"PropertyValueSpecification","valueRequired":true,"valueName":"search_term_string"}}],"inLanguage":"en-US"},{"@type":"Organization","@id":"https:\/\/www.mexicanguitarplayers.com\/#organization","name":"Mexican Guitar Players","url":"https:\/\/www.mexicanguitarplayers.com\/","logo":{"@type":"ImageObject","inLanguage":"en-US","@id":"https:\/\/www.mexicanguitarplayers.com\/#\/schema\/logo\/image\/","url":"","contentUrl":"","caption":"Mexican Guitar Players"},"image":{"@id":"https:\/\/www.mexicanguitarplayers.com\/#\/schema\/logo\/image\/"}}]}},"brands":[{"id":528,"name":"AKG","slug":"akg"}],"_links":{"self":[{"href":"https:\/\/www.mexicanguitarplayers.com\/en\/wp-json\/wp\/v2\/product\/27548","targetHints":{"allow":["GET"]}}],"collection":[{"href":"https:\/\/www.mexicanguitarplayers.com\/en\/wp-json\/wp\/v2\/product"}],"about":[{"href":"https:\/\/www.mexicanguitarplayers.com\/en\/wp-json\/wp\/v2\/types\/product"}],"replies":[{"embeddable":true,"href":"https:\/\/www.mexicanguitarplayers.com\/en\/wp-json\/wp\/v2\/comments?post=27548"}],"wp:featuredmedia":[{"embeddable":true,"href":"https:\/\/www.mexicanguitarplayers.com\/en\/wp-json\/wp\/v2\/media\/27547"}],"wp:attachment":[{"href":"https:\/\/www.mexicanguitarplayers.com\/en\/wp-json\/wp\/v2\/media?parent=27548"}],"wp:term":[{"taxonomy":"pwb-brand","embeddable":true,"href":"https:\/\/www.mexicanguitarplayers.com\/en\/wp-json\/wp\/v2\/pwb-brand?post=27548"},{"taxonomy":"product_brand","embeddable":true,"href":"https:\/\/www.mexicanguitarplayers.com\/en\/wp-json\/wp\/v2\/product_brand?post=27548"},{"taxonomy":"product_cat","embeddable":true,"href":"https:\/\/www.mexicanguitarplayers.com\/en\/wp-json\/wp\/v2\/product_cat?post=27548"},{"taxonomy":"product_tag","embeddable":true,"href":"https:\/\/www.mexicanguitarplayers.com\/en\/wp-json\/wp\/v2\/product_tag?post=27548"}],"curies":[{"name":"wp","href":"https:\/\/api.w.org\/{rel}","templated":true}]}}