{"id":27591,"date":"2025-04-07T13:22:30","date_gmt":"2025-04-07T19:22:30","guid":{"rendered":"https:\/\/www.mexicanguitarplayers.com\/tienda\/sin categor\u00eda\/bafle-electro-voice-mod-zxa1-90\/"},"modified":"2025-04-07T13:22:30","modified_gmt":"2025-04-07T19:22:30","slug":"bafle-electro-voice-mod-zxa1-90","status":"publish","type":"product","link":"https:\/\/www.mexicanguitarplayers.com\/en\/tienda\/audio\/bafles-y-bocinas\/bafles\/bafles-activos\/bafle-electro-voice-mod-zxa1-90\/","title":{"rendered":"BAFLE ELECTRO VOICE  MOD. ZXA1-90"},"content":{"rendered":"<div style=\"text-align: justify\">\n<div>\n<h3>Bafle activo con un gran sonido para cualquier aplicaci\u00f3n.<\/h3>\n<\/div>\n<div>El ZX1 es muy flexible y f\u00e1cil de usar, ideal desde una reuni\u00f3n en casa hasta un concierto aplic\u00e1ndola como &#8220;Front Feel&#8221;. Integra un componente de woofer de 8 y un motor de compresi\u00f3n de 1.5 para entregar una  gran presi\u00f3n sonora sin distorsi\u00f3n.<\/div>\n<div>\n<h4>Quick look<\/h4>\n<\/div>\n<ul style=\"margin: 0px 0px 0px 25px\">\n<li style=\"list-style-type: circle;margin: 5px\">Amplificador clase D de 800 W.<\/li>\n<li style=\"list-style-type: circle;margin: 5px\">Carcasa ligera y resistente.<\/li>\n<li style=\"list-style-type: circle;margin: 5px\">Altavoz de 2 v\u00edas y driver de titanio.<\/li>\n<li style=\"list-style-type: circle;margin: 5px\">Dise\u00f1o bi-amplificado y filtro de 24 dB \/ Octava .<\/li>\n<li style=\"list-style-type: circle;margin: 5px\">Protector de transductor.<\/li>\n<li style=\"list-style-type: circle;margin: 5px\">Filtro de paso alto de 100 Hz para usar un subwoofer.<\/li>\n<li style=\"list-style-type: circle;margin: 5px\">Entradas XLR \/ TRS.<\/li>\n<li style=\"list-style-type: circle;margin: 5px\">Entrada XLR de micr\u00f3fono incluido el control de ganancia.<\/li>\n<li style=\"list-style-type: circle;margin: 5px\">Indicador de LED para encendido y limitador.<\/li>\n<li style=\"list-style-type: circle;margin: 5px\">Entrada  para soporte de 45\u00b0 de inclinaci\u00f3n.<\/li>\n<\/ul>\n<div>\n<div style=\"font-weight: bold\">Amplificador clase D de 800 W.<\/div>\n<div>\n<\/div>\n<div style=\"font-weight: bold\">Carcasa ligera y resistente.<\/div>\n<div>\n<\/div>\n<div style=\"font-weight: bold\">Altavoz de 2 v\u00edas y driver de titanio.<\/div>\n<div>\n<\/div>\n<div style=\"font-weight: bold\">Dise\u00f1o bi-amplificado y filtro de 24 dB \/ Octava .<\/div>\n<div>\n<\/div>\n<div style=\"font-weight: bold\">Protector de transductor.<\/div>\n<div>\n<\/div>\n<div style=\"font-weight: bold\">Filtro de paso alto de 100 Hz para usar un subwoofer.<\/div>\n<div>\n<\/div>\n<div style=\"font-weight: bold\">Entradas XLR \/ TRS.<\/div>\n<div>\n<\/div>\n<div style=\"font-weight: bold\">Entrada XLR de micr\u00f3fono incluido el control de ganancia.<\/div>\n<div>\n<\/div>\n<div style=\"font-weight: bold\">Indicador de LED para encendido y limitador.<\/div>\n<div>\n<\/div>\n<div style=\"font-weight: bold\">Entrada  para soporte de 45\u00b0 de inclinaci\u00f3n.<\/div>\n<div>\n<\/div>\n<\/div>\n<\/div>","protected":false},"excerpt":{"rendered":"<p>Bafle activo de rango completo de 8\u201d pulgadas a 2 v\u00edas, potencia: 800 watts, transductor LF: woofer de 8\u201d pulgadas EV-8L, transductor HF de 1\u201d pulgada DH-2005 driver de compresi\u00f3n, dise\u00f1o biamplificado con protecci\u00f3n de transductor, frecuencia de crossover: 1.8 kHz, respuesta de frecuencia: 60 Hz &#8211; 20 kHz, rango de frecuencia: 48 Hz &#8211; 20 kHz, SPL m\u00e1ximo: 126 dB, cobertura: 90\u00b0 x 50\u00b0, una entrada XLR para micr\u00f3fono con control de ganancia, , una entrada de l\u00ednea XLR\/TRS combo y una salida XLR link, gabinete fabricado con pl\u00e1stico ABS, rejilla de acero 18GA con pintura en polvo negro, filtro pasa altos seleccionable para utilizar con subwoofers, \u00e1ngulo de monitor integran en el gabinete, montaje en poste incorporado, dimensiones: 457 x 282 x 264 mm, peso: 8.6 kg.&hellip; <a class=\"kt-excerpt-readmore more-link\" href=\"https:\/\/www.mexicanguitarplayers.com\/en\/tienda\/audio\/bafles-y-bocinas\/bafles\/bafles-activos\/bafle-electro-voice-mod-zxa1-90\/\">Read more<\/a><\/p>","protected":false},"featured_media":27588,"comment_status":"open","ping_status":"closed","template":"","meta":{"kt_blocks_editor_width":""},"pwb-brand":[535],"product_brand":[],"product_cat":[213,222,472,221],"product_tag":[],"class_list":{"0":"post-27591","1":"product","2":"type-product","3":"status-publish","4":"has-post-thumbnail","6":"pwb-brand-electrovoice","7":"product_cat-audio","8":"product_cat-bafles","9":"product_cat-bafles-activos","10":"product_cat-bafles-y-bocinas","11":"product_shipping_class-10-15-kg","13":"first","14":"outofstock","15":"taxable","16":"shipping-taxable","17":"purchasable","18":"product-type-simple"},"yoast_head":"<!-- This site is optimized with the Yoast SEO plugin v27.3 - https:\/\/yoast.com\/product\/yoast-seo-wordpress\/ -->\n<title>BAFLE ELECTRO VOICE MOD. ZXA1-90 - Mexican Guitar Players<\/title>\n<meta name=\"description\" content=\"Bafle activo de rango completo de 8\u201d pulgadas a 2 v\u00edas, potencia: 800 watts, transductor LF: woofer de 8\u201d pulgadas EV-8L, transductor HF de 1\u201d pulgada DH-2005 driver de compresi\u00f3n, dise\u00f1o biamplificado con protecci\u00f3n de transductor, frecuencia de crossover: 1.8 kHz, respuesta de frecuencia: 60 Hz - 20 kHz, rango de frecuencia: 48 Hz - 20 kHz, SPL m\u00e1ximo: 126 dB, cobertura: 90\u00b0 x 50\u00b0, una entrada XLR para micr\u00f3fono con control de ganancia, , una entrada de l\u00ednea XLR\/TRS combo y una salida XLR link, gabinete fabricado con pl\u00e1stico ABS, rejilla de acero 18GA con pintura en polvo negro, filtro pasa altos seleccionable para utilizar con subwoofers, \u00e1ngulo de monitor integran en el gabinete, montaje en poste incorporado, dimensiones: 457 x 282 x 264 mm, peso: 8.6 kg.\" \/>\n<meta name=\"robots\" content=\"index, follow, max-snippet:-1, max-image-preview:large, max-video-preview:-1\" \/>\n<link rel=\"canonical\" href=\"https:\/\/www.mexicanguitarplayers.com\/en\/tienda\/sin%20categor\u00eda\/bafle-electro-voice-mod-zxa1-90\/\" \/>\n<meta property=\"og:locale\" content=\"en_US\" \/>\n<meta property=\"og:type\" content=\"article\" \/>\n<meta property=\"og:title\" content=\"BAFLE ELECTRO VOICE MOD. ZXA1-90 - Mexican Guitar Players\" \/>\n<meta property=\"og:description\" content=\"Bafle activo de rango completo de 8\u201d pulgadas a 2 v\u00edas, potencia: 800 watts, transductor LF: woofer de 8\u201d pulgadas EV-8L, transductor HF de 1\u201d pulgada DH-2005 driver de compresi\u00f3n, dise\u00f1o biamplificado con protecci\u00f3n de transductor, frecuencia de crossover: 1.8 kHz, respuesta de frecuencia: 60 Hz - 20 kHz, rango de frecuencia: 48 Hz - 20 kHz, SPL m\u00e1ximo: 126 dB, cobertura: 90\u00b0 x 50\u00b0, una entrada XLR para micr\u00f3fono con control de ganancia, , una entrada de l\u00ednea XLR\/TRS combo y una salida XLR link, gabinete fabricado con pl\u00e1stico ABS, rejilla de acero 18GA con pintura en polvo negro, filtro pasa altos seleccionable para utilizar con subwoofers, \u00e1ngulo de monitor integran en el gabinete, montaje en poste incorporado, dimensiones: 457 x 282 x 264 mm, peso: 8.6 kg.\" \/>\n<meta property=\"og:url\" content=\"https:\/\/www.mexicanguitarplayers.com\/en\/tienda\/sin categor\u00eda\/bafle-electro-voice-mod-zxa1-90\/\" \/>\n<meta property=\"og:site_name\" content=\"Mexican Guitar Players\" \/>\n<meta name=\"twitter:card\" content=\"summary_large_image\" \/>\n<meta name=\"twitter:label1\" content=\"Est. reading time\" \/>\n\t<meta name=\"twitter:data1\" content=\"1 minute\" \/>\n<script type=\"application\/ld+json\" class=\"yoast-schema-graph\">{\"@context\":\"https:\\\/\\\/schema.org\",\"@graph\":[{\"@type\":[\"WebPage\",\"ItemPage\"],\"@id\":\"https:\\\/\\\/www.mexicanguitarplayers.com\\\/tienda\\\/sin categor\u00eda\\\/bafle-electro-voice-mod-zxa1-90\\\/\",\"url\":\"https:\\\/\\\/www.mexicanguitarplayers.com\\\/tienda\\\/sin categor\u00eda\\\/bafle-electro-voice-mod-zxa1-90\\\/\",\"name\":\"BAFLE ELECTRO VOICE MOD. ZXA1-90 - Mexican Guitar Players\",\"isPartOf\":{\"@id\":\"https:\\\/\\\/www.mexicanguitarplayers.com\\\/#website\"},\"primaryImageOfPage\":{\"@id\":\"https:\\\/\\\/www.mexicanguitarplayers.com\\\/tienda\\\/sin categor\u00eda\\\/bafle-electro-voice-mod-zxa1-90\\\/#primaryimage\"},\"image\":{\"@id\":\"https:\\\/\\\/www.mexicanguitarplayers.com\\\/tienda\\\/sin categor\u00eda\\\/bafle-electro-voice-mod-zxa1-90\\\/#primaryimage\"},\"thumbnailUrl\":\"https:\\\/\\\/www.mexicanguitarplayers.com\\\/wp-content\\\/uploads\\\/2025\\\/04\\\/IAEVOZXA190.jpg\",\"datePublished\":\"2025-04-07T19:22:30+00:00\",\"description\":\"Bafle activo de rango completo de 8\u201d pulgadas a 2 v\u00edas, potencia: 800 watts, transductor LF: woofer de 8\u201d pulgadas EV-8L, transductor HF de 1\u201d pulgada DH-2005 driver de compresi\u00f3n, dise\u00f1o biamplificado con protecci\u00f3n de transductor, frecuencia de crossover: 1.8 kHz, respuesta de frecuencia: 60 Hz - 20 kHz, rango de frecuencia: 48 Hz - 20 kHz, SPL m\u00e1ximo: 126 dB, cobertura: 90\u00b0 x 50\u00b0, una entrada XLR para micr\u00f3fono con control de ganancia, , una entrada de l\u00ednea XLR\\\/TRS combo y una salida XLR link, gabinete fabricado con pl\u00e1stico ABS, rejilla de acero 18GA con pintura en polvo negro, filtro pasa altos seleccionable para utilizar con subwoofers, \u00e1ngulo de monitor integran en el gabinete, montaje en poste incorporado, dimensiones: 457 x 282 x 264 mm, peso: 8.6 kg.\",\"breadcrumb\":{\"@id\":\"https:\\\/\\\/www.mexicanguitarplayers.com\\\/tienda\\\/sin categor\u00eda\\\/bafle-electro-voice-mod-zxa1-90\\\/#breadcrumb\"},\"inLanguage\":\"en-US\",\"potentialAction\":[{\"@type\":\"ReadAction\",\"target\":[\"https:\\\/\\\/www.mexicanguitarplayers.com\\\/tienda\\\/sin categor\u00eda\\\/bafle-electro-voice-mod-zxa1-90\\\/\"]}]},{\"@type\":\"ImageObject\",\"inLanguage\":\"en-US\",\"@id\":\"https:\\\/\\\/www.mexicanguitarplayers.com\\\/tienda\\\/sin categor\u00eda\\\/bafle-electro-voice-mod-zxa1-90\\\/#primaryimage\",\"url\":\"https:\\\/\\\/www.mexicanguitarplayers.com\\\/wp-content\\\/uploads\\\/2025\\\/04\\\/IAEVOZXA190.jpg\",\"contentUrl\":\"https:\\\/\\\/www.mexicanguitarplayers.com\\\/wp-content\\\/uploads\\\/2025\\\/04\\\/IAEVOZXA190.jpg\",\"width\":1200,\"height\":1200},{\"@type\":\"BreadcrumbList\",\"@id\":\"https:\\\/\\\/www.mexicanguitarplayers.com\\\/tienda\\\/sin categor\u00eda\\\/bafle-electro-voice-mod-zxa1-90\\\/#breadcrumb\",\"itemListElement\":[{\"@type\":\"ListItem\",\"position\":1,\"name\":\"Portada\",\"item\":\"https:\\\/\\\/www.mexicanguitarplayers.com\\\/\"},{\"@type\":\"ListItem\",\"position\":2,\"name\":\"Tienda\",\"item\":\"https:\\\/\\\/www.mexicanguitarplayers.com\\\/tienda\\\/\"},{\"@type\":\"ListItem\",\"position\":3,\"name\":\"BAFLE ELECTRO VOICE MOD. ZXA1-90\"}]},{\"@type\":\"WebSite\",\"@id\":\"https:\\\/\\\/www.mexicanguitarplayers.com\\\/#website\",\"url\":\"https:\\\/\\\/www.mexicanguitarplayers.com\\\/\",\"name\":\"Mexican Guitar Players\",\"description\":\"Website\",\"publisher\":{\"@id\":\"https:\\\/\\\/www.mexicanguitarplayers.com\\\/#organization\"},\"potentialAction\":[{\"@type\":\"SearchAction\",\"target\":{\"@type\":\"EntryPoint\",\"urlTemplate\":\"https:\\\/\\\/www.mexicanguitarplayers.com\\\/?s={search_term_string}\"},\"query-input\":{\"@type\":\"PropertyValueSpecification\",\"valueRequired\":true,\"valueName\":\"search_term_string\"}}],\"inLanguage\":\"en-US\"},{\"@type\":\"Organization\",\"@id\":\"https:\\\/\\\/www.mexicanguitarplayers.com\\\/#organization\",\"name\":\"Mexican Guitar Players\",\"url\":\"https:\\\/\\\/www.mexicanguitarplayers.com\\\/\",\"logo\":{\"@type\":\"ImageObject\",\"inLanguage\":\"en-US\",\"@id\":\"https:\\\/\\\/www.mexicanguitarplayers.com\\\/#\\\/schema\\\/logo\\\/image\\\/\",\"url\":\"\",\"contentUrl\":\"\",\"caption\":\"Mexican Guitar Players\"},\"image\":{\"@id\":\"https:\\\/\\\/www.mexicanguitarplayers.com\\\/#\\\/schema\\\/logo\\\/image\\\/\"}}]}<\/script>\n<!-- \/ Yoast SEO plugin. -->","yoast_head_json":{"title":"BAFLE ELECTRO VOICE MOD. ZXA1-90 - Mexican Guitar Players","description":"Bafle activo de rango completo de 8\u201d pulgadas a 2 v\u00edas, potencia: 800 watts, transductor LF: woofer de 8\u201d pulgadas EV-8L, transductor HF de 1\u201d pulgada DH-2005 driver de compresi\u00f3n, dise\u00f1o biamplificado con protecci\u00f3n de transductor, frecuencia de crossover: 1.8 kHz, respuesta de frecuencia: 60 Hz - 20 kHz, rango de frecuencia: 48 Hz - 20 kHz, SPL m\u00e1ximo: 126 dB, cobertura: 90\u00b0 x 50\u00b0, una entrada XLR para micr\u00f3fono con control de ganancia, , una entrada de l\u00ednea XLR\/TRS combo y una salida XLR link, gabinete fabricado con pl\u00e1stico ABS, rejilla de acero 18GA con pintura en polvo negro, filtro pasa altos seleccionable para utilizar con subwoofers, \u00e1ngulo de monitor integran en el gabinete, montaje en poste incorporado, dimensiones: 457 x 282 x 264 mm, peso: 8.6 kg.","robots":{"index":"index","follow":"follow","max-snippet":"max-snippet:-1","max-image-preview":"max-image-preview:large","max-video-preview":"max-video-preview:-1"},"canonical":"https:\/\/www.mexicanguitarplayers.com\/en\/tienda\/sin categor\u00eda\/bafle-electro-voice-mod-zxa1-90\/","og_locale":"en_US","og_type":"article","og_title":"BAFLE ELECTRO VOICE MOD. ZXA1-90 - Mexican Guitar Players","og_description":"Bafle activo de rango completo de 8\u201d pulgadas a 2 v\u00edas, potencia: 800 watts, transductor LF: woofer de 8\u201d pulgadas EV-8L, transductor HF de 1\u201d pulgada DH-2005 driver de compresi\u00f3n, dise\u00f1o biamplificado con protecci\u00f3n de transductor, frecuencia de crossover: 1.8 kHz, respuesta de frecuencia: 60 Hz - 20 kHz, rango de frecuencia: 48 Hz - 20 kHz, SPL m\u00e1ximo: 126 dB, cobertura: 90\u00b0 x 50\u00b0, una entrada XLR para micr\u00f3fono con control de ganancia, , una entrada de l\u00ednea XLR\/TRS combo y una salida XLR link, gabinete fabricado con pl\u00e1stico ABS, rejilla de acero 18GA con pintura en polvo negro, filtro pasa altos seleccionable para utilizar con subwoofers, \u00e1ngulo de monitor integran en el gabinete, montaje en poste incorporado, dimensiones: 457 x 282 x 264 mm, peso: 8.6 kg.","og_url":"https:\/\/www.mexicanguitarplayers.com\/en\/tienda\/sin categor\u00eda\/bafle-electro-voice-mod-zxa1-90\/","og_site_name":"Mexican Guitar Players","twitter_card":"summary_large_image","twitter_misc":{"Est. reading time":"1 minute"},"schema":{"@context":"https:\/\/schema.org","@graph":[{"@type":["WebPage","ItemPage"],"@id":"https:\/\/www.mexicanguitarplayers.com\/tienda\/sin categor\u00eda\/bafle-electro-voice-mod-zxa1-90\/","url":"https:\/\/www.mexicanguitarplayers.com\/tienda\/sin categor\u00eda\/bafle-electro-voice-mod-zxa1-90\/","name":"BAFLE ELECTRO VOICE MOD. ZXA1-90 - Mexican Guitar Players","isPartOf":{"@id":"https:\/\/www.mexicanguitarplayers.com\/#website"},"primaryImageOfPage":{"@id":"https:\/\/www.mexicanguitarplayers.com\/tienda\/sin categor\u00eda\/bafle-electro-voice-mod-zxa1-90\/#primaryimage"},"image":{"@id":"https:\/\/www.mexicanguitarplayers.com\/tienda\/sin categor\u00eda\/bafle-electro-voice-mod-zxa1-90\/#primaryimage"},"thumbnailUrl":"https:\/\/www.mexicanguitarplayers.com\/wp-content\/uploads\/2025\/04\/IAEVOZXA190.jpg","datePublished":"2025-04-07T19:22:30+00:00","description":"Bafle activo de rango completo de 8\u201d pulgadas a 2 v\u00edas, potencia: 800 watts, transductor LF: woofer de 8\u201d pulgadas EV-8L, transductor HF de 1\u201d pulgada DH-2005 driver de compresi\u00f3n, dise\u00f1o biamplificado con protecci\u00f3n de transductor, frecuencia de crossover: 1.8 kHz, respuesta de frecuencia: 60 Hz - 20 kHz, rango de frecuencia: 48 Hz - 20 kHz, SPL m\u00e1ximo: 126 dB, cobertura: 90\u00b0 x 50\u00b0, una entrada XLR para micr\u00f3fono con control de ganancia, , una entrada de l\u00ednea XLR\/TRS combo y una salida XLR link, gabinete fabricado con pl\u00e1stico ABS, rejilla de acero 18GA con pintura en polvo negro, filtro pasa altos seleccionable para utilizar con subwoofers, \u00e1ngulo de monitor integran en el gabinete, montaje en poste incorporado, dimensiones: 457 x 282 x 264 mm, peso: 8.6 kg.","breadcrumb":{"@id":"https:\/\/www.mexicanguitarplayers.com\/tienda\/sin categor\u00eda\/bafle-electro-voice-mod-zxa1-90\/#breadcrumb"},"inLanguage":"en-US","potentialAction":[{"@type":"ReadAction","target":["https:\/\/www.mexicanguitarplayers.com\/tienda\/sin categor\u00eda\/bafle-electro-voice-mod-zxa1-90\/"]}]},{"@type":"ImageObject","inLanguage":"en-US","@id":"https:\/\/www.mexicanguitarplayers.com\/tienda\/sin categor\u00eda\/bafle-electro-voice-mod-zxa1-90\/#primaryimage","url":"https:\/\/www.mexicanguitarplayers.com\/wp-content\/uploads\/2025\/04\/IAEVOZXA190.jpg","contentUrl":"https:\/\/www.mexicanguitarplayers.com\/wp-content\/uploads\/2025\/04\/IAEVOZXA190.jpg","width":1200,"height":1200},{"@type":"BreadcrumbList","@id":"https:\/\/www.mexicanguitarplayers.com\/tienda\/sin categor\u00eda\/bafle-electro-voice-mod-zxa1-90\/#breadcrumb","itemListElement":[{"@type":"ListItem","position":1,"name":"Portada","item":"https:\/\/www.mexicanguitarplayers.com\/"},{"@type":"ListItem","position":2,"name":"Tienda","item":"https:\/\/www.mexicanguitarplayers.com\/tienda\/"},{"@type":"ListItem","position":3,"name":"BAFLE ELECTRO VOICE MOD. ZXA1-90"}]},{"@type":"WebSite","@id":"https:\/\/www.mexicanguitarplayers.com\/#website","url":"https:\/\/www.mexicanguitarplayers.com\/","name":"Mexican Guitar Players","description":"Website","publisher":{"@id":"https:\/\/www.mexicanguitarplayers.com\/#organization"},"potentialAction":[{"@type":"SearchAction","target":{"@type":"EntryPoint","urlTemplate":"https:\/\/www.mexicanguitarplayers.com\/?s={search_term_string}"},"query-input":{"@type":"PropertyValueSpecification","valueRequired":true,"valueName":"search_term_string"}}],"inLanguage":"en-US"},{"@type":"Organization","@id":"https:\/\/www.mexicanguitarplayers.com\/#organization","name":"Mexican Guitar Players","url":"https:\/\/www.mexicanguitarplayers.com\/","logo":{"@type":"ImageObject","inLanguage":"en-US","@id":"https:\/\/www.mexicanguitarplayers.com\/#\/schema\/logo\/image\/","url":"","contentUrl":"","caption":"Mexican Guitar Players"},"image":{"@id":"https:\/\/www.mexicanguitarplayers.com\/#\/schema\/logo\/image\/"}}]}},"brands":[{"id":535,"name":"ELECTROVOICE","slug":"electrovoice"}],"_links":{"self":[{"href":"https:\/\/www.mexicanguitarplayers.com\/en\/wp-json\/wp\/v2\/product\/27591","targetHints":{"allow":["GET"]}}],"collection":[{"href":"https:\/\/www.mexicanguitarplayers.com\/en\/wp-json\/wp\/v2\/product"}],"about":[{"href":"https:\/\/www.mexicanguitarplayers.com\/en\/wp-json\/wp\/v2\/types\/product"}],"replies":[{"embeddable":true,"href":"https:\/\/www.mexicanguitarplayers.com\/en\/wp-json\/wp\/v2\/comments?post=27591"}],"wp:featuredmedia":[{"embeddable":true,"href":"https:\/\/www.mexicanguitarplayers.com\/en\/wp-json\/wp\/v2\/media\/27588"}],"wp:attachment":[{"href":"https:\/\/www.mexicanguitarplayers.com\/en\/wp-json\/wp\/v2\/media?parent=27591"}],"wp:term":[{"taxonomy":"pwb-brand","embeddable":true,"href":"https:\/\/www.mexicanguitarplayers.com\/en\/wp-json\/wp\/v2\/pwb-brand?post=27591"},{"taxonomy":"product_brand","embeddable":true,"href":"https:\/\/www.mexicanguitarplayers.com\/en\/wp-json\/wp\/v2\/product_brand?post=27591"},{"taxonomy":"product_cat","embeddable":true,"href":"https:\/\/www.mexicanguitarplayers.com\/en\/wp-json\/wp\/v2\/product_cat?post=27591"},{"taxonomy":"product_tag","embeddable":true,"href":"https:\/\/www.mexicanguitarplayers.com\/en\/wp-json\/wp\/v2\/product_tag?post=27591"}],"curies":[{"name":"wp","href":"https:\/\/api.w.org\/{rel}","templated":true}]}}