{"id":27612,"date":"2025-04-07T13:23:43","date_gmt":"2025-04-07T19:23:43","guid":{"rendered":"https:\/\/www.mexicanguitarplayers.com\/tienda\/sin categor\u00eda\/pedal-board-gator-c-funda-gpt-pro\/"},"modified":"2026-05-01T07:27:29","modified_gmt":"2026-05-01T13:27:29","slug":"pedal-board-gator-c-funda-gpt-pro","status":"publish","type":"product","link":"https:\/\/www.mexicanguitarplayers.com\/en\/tienda\/accesorios\/estuches-y-fundas\/para-guitarra\/para-pedales-de-guitarra-y-bajo\/pedal-board-gator-c-funda-gpt-pro\/","title":{"rendered":"PEDAL BOARD GATOR C\/FUNDA GPT-PRO"},"content":{"rendered":"<div style=\"text-align: justify\">\n<div>\n<h3>Expande tu potencial sonor.<\/h3>\n<\/div>\n<div>La pedalera GPT-PRO de Gator mide 30&#8243; x 16&#8243; pulgadas, est\u00e1 fabricada con madera contrachapada cubierta de l\u00e1tex, cuenta con un asa de transporte que se desliza en un estuche de transporte acolchado de nylon resistente, orificios de acceso para cables, bolsillo exterior e incluye velcro para sujetar los pedales.<\/div>\n<div>\n<h4>Characteristics<\/h4>\n<\/div>\n<div>\n<ul style=\"margin: 0px 0px 0px 25px\">\n<li style=\"list-style-type: circle;margin: 5px\">Pedalera con funda.<\/li>\n<li style=\"list-style-type: circle;margin: 5px\">30&#8243; x 16&#8243; pulgadas.<\/li>\n<li style=\"list-style-type: circle;margin: 5px\">Madera contrachapada cubierta de l\u00e1tex.<\/li>\n<li style=\"list-style-type: circle;margin: 5px\">Asa de transporte.<\/li>\n<li style=\"list-style-type: circle;margin: 5px\">Acolchado de nylon resistente.<\/li>\n<li style=\"list-style-type: circle;margin: 5px\">Orificios de acceso para cables.<\/li>\n<li style=\"list-style-type: circle;margin: 5px\">Bolsillo exterior para cables.<\/li>\n<li style=\"list-style-type: circle;margin: 5px\">Cara cubierta con velcro para sujetar pedales, tambi\u00e9n incluye velcro de sujeci\u00f3n.<\/li>\n<\/ul>\n<\/div>\n<\/div>","protected":false},"excerpt":{"rendered":"<p>Pedalera con funda, 30\u201d x 16\u201d pulgadas, fabricada con madera contrachapada cubierta de l\u00e1tex, asa de transporte que se desliza en un estuche de transporte acolchado de nylon resistente, la placa cuenta con orificios de acceso para que los cables pasen por debajo de la pedalera para utilizar los 4 tornillos de montaje suministrados para Gator G-BUS y fuentes de alimentaci\u00f3n de salida m\u00faltiple de tama\u00f1o similar, bolsillo exterior para cables, la cara de la pedalera est\u00e1 cubierta con velcro para sujetar los pedales, tambi\u00e9n incluye velcro de sujeci\u00f3n.&hellip; <a class=\"kt-excerpt-readmore more-link\" href=\"https:\/\/www.mexicanguitarplayers.com\/en\/tienda\/accesorios\/estuches-y-fundas\/para-guitarra\/para-pedales-de-guitarra-y-bajo\/pedal-board-gator-c-funda-gpt-pro\/\">Read more<\/a><\/p>","protected":false},"featured_media":27598,"comment_status":"open","ping_status":"closed","template":"","meta":{"kt_blocks_editor_width":""},"pwb-brand":[572],"product_brand":[],"product_cat":[85,517,566,574],"product_tag":[],"class_list":{"0":"post-27612","1":"product","2":"type-product","3":"status-publish","4":"has-post-thumbnail","6":"pwb-brand-gator","7":"product_cat-accesorios","8":"product_cat-estuches-y-fundas","9":"product_cat-para-guitarra","10":"product_cat-para-pedales-de-guitarra-y-bajo","11":"product_shipping_class-5-10-kg","13":"first","14":"instock","15":"taxable","16":"shipping-taxable","17":"purchasable","18":"product-type-simple"},"yoast_head":"<!-- This site is optimized with the Yoast SEO plugin v27.5 - https:\/\/yoast.com\/product\/yoast-seo-wordpress\/ -->\n<title>PEDAL BOARD GATOR C\/FUNDA GPT-PRO - Mexican Guitar Players<\/title>\n<meta name=\"description\" content=\"Pedalera con funda, 30\u201d x 16\u201d pulgadas, fabricada con madera contrachapada cubierta de l\u00e1tex, asa de transporte que se desliza en un estuche de transporte acolchado de nylon resistente, la placa cuenta con orificios de acceso para que los cables pasen por debajo de la pedalera para utilizar los 4 tornillos de montaje suministrados para Gator G-BUS y fuentes de alimentaci\u00f3n de salida m\u00faltiple de tama\u00f1o similar, bolsillo exterior para cables, la cara de la pedalera est\u00e1 cubierta con velcro para sujetar los pedales, tambi\u00e9n incluye velcro de sujeci\u00f3n.\" \/>\n<meta name=\"robots\" content=\"index, follow, max-snippet:-1, max-image-preview:large, max-video-preview:-1\" \/>\n<link rel=\"canonical\" href=\"https:\/\/www.mexicanguitarplayers.com\/en\/tienda\/sin%20categor\u00eda\/pedal-board-gator-c-funda-gpt-pro\/\" \/>\n<meta property=\"og:locale\" content=\"en_US\" \/>\n<meta property=\"og:type\" content=\"article\" \/>\n<meta property=\"og:title\" content=\"PEDAL BOARD GATOR C\/FUNDA GPT-PRO - Mexican Guitar Players\" \/>\n<meta property=\"og:description\" content=\"Pedalera con funda, 30\u201d x 16\u201d pulgadas, fabricada con madera contrachapada cubierta de l\u00e1tex, asa de transporte que se desliza en un estuche de transporte acolchado de nylon resistente, la placa cuenta con orificios de acceso para que los cables pasen por debajo de la pedalera para utilizar los 4 tornillos de montaje suministrados para Gator G-BUS y fuentes de alimentaci\u00f3n de salida m\u00faltiple de tama\u00f1o similar, bolsillo exterior para cables, la cara de la pedalera est\u00e1 cubierta con velcro para sujetar los pedales, tambi\u00e9n incluye velcro de sujeci\u00f3n.\" \/>\n<meta property=\"og:url\" content=\"https:\/\/www.mexicanguitarplayers.com\/en\/tienda\/sin categor\u00eda\/pedal-board-gator-c-funda-gpt-pro\/\" \/>\n<meta property=\"og:site_name\" content=\"Mexican Guitar Players\" \/>\n<meta property=\"article:modified_time\" content=\"2026-05-01T13:27:29+00:00\" \/>\n<meta name=\"twitter:card\" content=\"summary_large_image\" \/>\n<script type=\"application\/ld+json\" class=\"yoast-schema-graph\">{\"@context\":\"https:\\\/\\\/schema.org\",\"@graph\":[{\"@type\":[\"WebPage\",\"ItemPage\"],\"@id\":\"https:\\\/\\\/www.mexicanguitarplayers.com\\\/tienda\\\/sin categor\u00eda\\\/pedal-board-gator-c-funda-gpt-pro\\\/\",\"url\":\"https:\\\/\\\/www.mexicanguitarplayers.com\\\/tienda\\\/sin categor\u00eda\\\/pedal-board-gator-c-funda-gpt-pro\\\/\",\"name\":\"PEDAL BOARD GATOR C\\\/FUNDA GPT-PRO - Mexican Guitar Players\",\"isPartOf\":{\"@id\":\"https:\\\/\\\/www.mexicanguitarplayers.com\\\/#website\"},\"primaryImageOfPage\":{\"@id\":\"https:\\\/\\\/www.mexicanguitarplayers.com\\\/tienda\\\/sin categor\u00eda\\\/pedal-board-gator-c-funda-gpt-pro\\\/#primaryimage\"},\"image\":{\"@id\":\"https:\\\/\\\/www.mexicanguitarplayers.com\\\/tienda\\\/sin categor\u00eda\\\/pedal-board-gator-c-funda-gpt-pro\\\/#primaryimage\"},\"thumbnailUrl\":\"https:\\\/\\\/www.mexicanguitarplayers.com\\\/wp-content\\\/uploads\\\/2025\\\/04\\\/VAGATGPTPRO.jpg\",\"datePublished\":\"2025-04-07T19:23:43+00:00\",\"dateModified\":\"2026-05-01T13:27:29+00:00\",\"description\":\"Pedalera con funda, 30\u201d x 16\u201d pulgadas, fabricada con madera contrachapada cubierta de l\u00e1tex, asa de transporte que se desliza en un estuche de transporte acolchado de nylon resistente, la placa cuenta con orificios de acceso para que los cables pasen por debajo de la pedalera para utilizar los 4 tornillos de montaje suministrados para Gator G-BUS y fuentes de alimentaci\u00f3n de salida m\u00faltiple de tama\u00f1o similar, bolsillo exterior para cables, la cara de la pedalera est\u00e1 cubierta con velcro para sujetar los pedales, tambi\u00e9n incluye velcro de sujeci\u00f3n.\",\"breadcrumb\":{\"@id\":\"https:\\\/\\\/www.mexicanguitarplayers.com\\\/tienda\\\/sin categor\u00eda\\\/pedal-board-gator-c-funda-gpt-pro\\\/#breadcrumb\"},\"inLanguage\":\"en-US\",\"potentialAction\":[{\"@type\":\"ReadAction\",\"target\":[\"https:\\\/\\\/www.mexicanguitarplayers.com\\\/tienda\\\/sin categor\u00eda\\\/pedal-board-gator-c-funda-gpt-pro\\\/\"]}]},{\"@type\":\"ImageObject\",\"inLanguage\":\"en-US\",\"@id\":\"https:\\\/\\\/www.mexicanguitarplayers.com\\\/tienda\\\/sin categor\u00eda\\\/pedal-board-gator-c-funda-gpt-pro\\\/#primaryimage\",\"url\":\"https:\\\/\\\/www.mexicanguitarplayers.com\\\/wp-content\\\/uploads\\\/2025\\\/04\\\/VAGATGPTPRO.jpg\",\"contentUrl\":\"https:\\\/\\\/www.mexicanguitarplayers.com\\\/wp-content\\\/uploads\\\/2025\\\/04\\\/VAGATGPTPRO.jpg\",\"width\":1200,\"height\":1200},{\"@type\":\"BreadcrumbList\",\"@id\":\"https:\\\/\\\/www.mexicanguitarplayers.com\\\/tienda\\\/sin categor\u00eda\\\/pedal-board-gator-c-funda-gpt-pro\\\/#breadcrumb\",\"itemListElement\":[{\"@type\":\"ListItem\",\"position\":1,\"name\":\"Portada\",\"item\":\"https:\\\/\\\/www.mexicanguitarplayers.com\\\/\"},{\"@type\":\"ListItem\",\"position\":2,\"name\":\"Tienda\",\"item\":\"https:\\\/\\\/www.mexicanguitarplayers.com\\\/tienda\\\/\"},{\"@type\":\"ListItem\",\"position\":3,\"name\":\"PEDAL BOARD GATOR C\\\/FUNDA GPT-PRO\"}]},{\"@type\":\"WebSite\",\"@id\":\"https:\\\/\\\/www.mexicanguitarplayers.com\\\/#website\",\"url\":\"https:\\\/\\\/www.mexicanguitarplayers.com\\\/\",\"name\":\"Mexican Guitar Players\",\"description\":\"Website\",\"publisher\":{\"@id\":\"https:\\\/\\\/www.mexicanguitarplayers.com\\\/#organization\"},\"potentialAction\":[{\"@type\":\"SearchAction\",\"target\":{\"@type\":\"EntryPoint\",\"urlTemplate\":\"https:\\\/\\\/www.mexicanguitarplayers.com\\\/?s={search_term_string}\"},\"query-input\":{\"@type\":\"PropertyValueSpecification\",\"valueRequired\":true,\"valueName\":\"search_term_string\"}}],\"inLanguage\":\"en-US\"},{\"@type\":\"Organization\",\"@id\":\"https:\\\/\\\/www.mexicanguitarplayers.com\\\/#organization\",\"name\":\"Mexican Guitar Players\",\"url\":\"https:\\\/\\\/www.mexicanguitarplayers.com\\\/\",\"logo\":{\"@type\":\"ImageObject\",\"inLanguage\":\"en-US\",\"@id\":\"https:\\\/\\\/www.mexicanguitarplayers.com\\\/#\\\/schema\\\/logo\\\/image\\\/\",\"url\":\"\",\"contentUrl\":\"\",\"caption\":\"Mexican Guitar Players\"},\"image\":{\"@id\":\"https:\\\/\\\/www.mexicanguitarplayers.com\\\/#\\\/schema\\\/logo\\\/image\\\/\"}}]}<\/script>\n<!-- \/ Yoast SEO plugin. -->","yoast_head_json":{"title":"PEDAL BOARD GATOR C\/FUNDA GPT-PRO - Mexican Guitar Players","description":"Pedalera con funda, 30\u201d x 16\u201d pulgadas, fabricada con madera contrachapada cubierta de l\u00e1tex, asa de transporte que se desliza en un estuche de transporte acolchado de nylon resistente, la placa cuenta con orificios de acceso para que los cables pasen por debajo de la pedalera para utilizar los 4 tornillos de montaje suministrados para Gator G-BUS y fuentes de alimentaci\u00f3n de salida m\u00faltiple de tama\u00f1o similar, bolsillo exterior para cables, la cara de la pedalera est\u00e1 cubierta con velcro para sujetar los pedales, tambi\u00e9n incluye velcro de sujeci\u00f3n.","robots":{"index":"index","follow":"follow","max-snippet":"max-snippet:-1","max-image-preview":"max-image-preview:large","max-video-preview":"max-video-preview:-1"},"canonical":"https:\/\/www.mexicanguitarplayers.com\/en\/tienda\/sin categor\u00eda\/pedal-board-gator-c-funda-gpt-pro\/","og_locale":"en_US","og_type":"article","og_title":"PEDAL BOARD GATOR C\/FUNDA GPT-PRO - Mexican Guitar Players","og_description":"Pedalera con funda, 30\u201d x 16\u201d pulgadas, fabricada con madera contrachapada cubierta de l\u00e1tex, asa de transporte que se desliza en un estuche de transporte acolchado de nylon resistente, la placa cuenta con orificios de acceso para que los cables pasen por debajo de la pedalera para utilizar los 4 tornillos de montaje suministrados para Gator G-BUS y fuentes de alimentaci\u00f3n de salida m\u00faltiple de tama\u00f1o similar, bolsillo exterior para cables, la cara de la pedalera est\u00e1 cubierta con velcro para sujetar los pedales, tambi\u00e9n incluye velcro de sujeci\u00f3n.","og_url":"https:\/\/www.mexicanguitarplayers.com\/en\/tienda\/sin categor\u00eda\/pedal-board-gator-c-funda-gpt-pro\/","og_site_name":"Mexican Guitar Players","article_modified_time":"2026-05-01T13:27:29+00:00","twitter_card":"summary_large_image","schema":{"@context":"https:\/\/schema.org","@graph":[{"@type":["WebPage","ItemPage"],"@id":"https:\/\/www.mexicanguitarplayers.com\/tienda\/sin categor\u00eda\/pedal-board-gator-c-funda-gpt-pro\/","url":"https:\/\/www.mexicanguitarplayers.com\/tienda\/sin categor\u00eda\/pedal-board-gator-c-funda-gpt-pro\/","name":"PEDAL BOARD GATOR C\/FUNDA GPT-PRO - Mexican Guitar Players","isPartOf":{"@id":"https:\/\/www.mexicanguitarplayers.com\/#website"},"primaryImageOfPage":{"@id":"https:\/\/www.mexicanguitarplayers.com\/tienda\/sin categor\u00eda\/pedal-board-gator-c-funda-gpt-pro\/#primaryimage"},"image":{"@id":"https:\/\/www.mexicanguitarplayers.com\/tienda\/sin categor\u00eda\/pedal-board-gator-c-funda-gpt-pro\/#primaryimage"},"thumbnailUrl":"https:\/\/www.mexicanguitarplayers.com\/wp-content\/uploads\/2025\/04\/VAGATGPTPRO.jpg","datePublished":"2025-04-07T19:23:43+00:00","dateModified":"2026-05-01T13:27:29+00:00","description":"Pedalera con funda, 30\u201d x 16\u201d pulgadas, fabricada con madera contrachapada cubierta de l\u00e1tex, asa de transporte que se desliza en un estuche de transporte acolchado de nylon resistente, la placa cuenta con orificios de acceso para que los cables pasen por debajo de la pedalera para utilizar los 4 tornillos de montaje suministrados para Gator G-BUS y fuentes de alimentaci\u00f3n de salida m\u00faltiple de tama\u00f1o similar, bolsillo exterior para cables, la cara de la pedalera est\u00e1 cubierta con velcro para sujetar los pedales, tambi\u00e9n incluye velcro de sujeci\u00f3n.","breadcrumb":{"@id":"https:\/\/www.mexicanguitarplayers.com\/tienda\/sin categor\u00eda\/pedal-board-gator-c-funda-gpt-pro\/#breadcrumb"},"inLanguage":"en-US","potentialAction":[{"@type":"ReadAction","target":["https:\/\/www.mexicanguitarplayers.com\/tienda\/sin categor\u00eda\/pedal-board-gator-c-funda-gpt-pro\/"]}]},{"@type":"ImageObject","inLanguage":"en-US","@id":"https:\/\/www.mexicanguitarplayers.com\/tienda\/sin categor\u00eda\/pedal-board-gator-c-funda-gpt-pro\/#primaryimage","url":"https:\/\/www.mexicanguitarplayers.com\/wp-content\/uploads\/2025\/04\/VAGATGPTPRO.jpg","contentUrl":"https:\/\/www.mexicanguitarplayers.com\/wp-content\/uploads\/2025\/04\/VAGATGPTPRO.jpg","width":1200,"height":1200},{"@type":"BreadcrumbList","@id":"https:\/\/www.mexicanguitarplayers.com\/tienda\/sin categor\u00eda\/pedal-board-gator-c-funda-gpt-pro\/#breadcrumb","itemListElement":[{"@type":"ListItem","position":1,"name":"Portada","item":"https:\/\/www.mexicanguitarplayers.com\/"},{"@type":"ListItem","position":2,"name":"Tienda","item":"https:\/\/www.mexicanguitarplayers.com\/tienda\/"},{"@type":"ListItem","position":3,"name":"PEDAL BOARD GATOR C\/FUNDA GPT-PRO"}]},{"@type":"WebSite","@id":"https:\/\/www.mexicanguitarplayers.com\/#website","url":"https:\/\/www.mexicanguitarplayers.com\/","name":"Mexican Guitar Players","description":"Website","publisher":{"@id":"https:\/\/www.mexicanguitarplayers.com\/#organization"},"potentialAction":[{"@type":"SearchAction","target":{"@type":"EntryPoint","urlTemplate":"https:\/\/www.mexicanguitarplayers.com\/?s={search_term_string}"},"query-input":{"@type":"PropertyValueSpecification","valueRequired":true,"valueName":"search_term_string"}}],"inLanguage":"en-US"},{"@type":"Organization","@id":"https:\/\/www.mexicanguitarplayers.com\/#organization","name":"Mexican Guitar Players","url":"https:\/\/www.mexicanguitarplayers.com\/","logo":{"@type":"ImageObject","inLanguage":"en-US","@id":"https:\/\/www.mexicanguitarplayers.com\/#\/schema\/logo\/image\/","url":"","contentUrl":"","caption":"Mexican Guitar Players"},"image":{"@id":"https:\/\/www.mexicanguitarplayers.com\/#\/schema\/logo\/image\/"}}]}},"brands":[{"id":572,"name":"GATOR","slug":"gator"}],"_links":{"self":[{"href":"https:\/\/www.mexicanguitarplayers.com\/en\/wp-json\/wp\/v2\/product\/27612","targetHints":{"allow":["GET"]}}],"collection":[{"href":"https:\/\/www.mexicanguitarplayers.com\/en\/wp-json\/wp\/v2\/product"}],"about":[{"href":"https:\/\/www.mexicanguitarplayers.com\/en\/wp-json\/wp\/v2\/types\/product"}],"replies":[{"embeddable":true,"href":"https:\/\/www.mexicanguitarplayers.com\/en\/wp-json\/wp\/v2\/comments?post=27612"}],"wp:featuredmedia":[{"embeddable":true,"href":"https:\/\/www.mexicanguitarplayers.com\/en\/wp-json\/wp\/v2\/media\/27598"}],"wp:attachment":[{"href":"https:\/\/www.mexicanguitarplayers.com\/en\/wp-json\/wp\/v2\/media?parent=27612"}],"wp:term":[{"taxonomy":"pwb-brand","embeddable":true,"href":"https:\/\/www.mexicanguitarplayers.com\/en\/wp-json\/wp\/v2\/pwb-brand?post=27612"},{"taxonomy":"product_brand","embeddable":true,"href":"https:\/\/www.mexicanguitarplayers.com\/en\/wp-json\/wp\/v2\/product_brand?post=27612"},{"taxonomy":"product_cat","embeddable":true,"href":"https:\/\/www.mexicanguitarplayers.com\/en\/wp-json\/wp\/v2\/product_cat?post=27612"},{"taxonomy":"product_tag","embeddable":true,"href":"https:\/\/www.mexicanguitarplayers.com\/en\/wp-json\/wp\/v2\/product_tag?post=27612"}],"curies":[{"name":"wp","href":"https:\/\/api.w.org\/{rel}","templated":true}]}}