{"id":27637,"date":"2025-04-07T13:25:44","date_gmt":"2025-04-07T19:25:44","guid":{"rendered":"https:\/\/www.mexicanguitarplayers.com\/tienda\/sin categor\u00eda\/guitarra-mars-electrica-rock-st-fm\/"},"modified":"2026-04-10T04:41:47","modified_gmt":"2026-04-10T10:41:47","slug":"guitarra-mars-electrica-rock-st-fm","status":"publish","type":"product","link":"https:\/\/www.mexicanguitarplayers.com\/en\/tienda\/cuerdas\/guitarras-cuerdas\/electricas\/guitarras-electricas-solidas\/guitarra-mars-electrica-rock-st-fm\/","title":{"rendered":"GUITARRA MARS ELECTRICA ROCK ST FM"},"content":{"rendered":"<div style=\"text-align: justify\">\n<div>\n<h3>\u00a1La guitarra para el rock!<\/h3>\n<\/div>\n<div>La guitarra el\u00e9ctrica Mars Rock ST FM cuenta con una tapa de maple flameado, cuerpo de basswood, brazo de maple y diapas\u00f3n de rosewood, 3 pickups single coil,  tremolo, 1 vol y 2 tonos, selector de 5 posiciones, 22 trastes, tr\u00e9molo y es ideal para rock cl\u00e1sico y blues.  MARS es una marca original, dise\u00f1ada y fabricada por Grupo Gonher con los mejores materiales y mano de obra y bajo un estricto control de calidad. Dise\u00f1ada y fabricada por Grupo Gonher con los mejores materiales y mano de obra y bajo un estricto control de calidad.<\/div>\n<div>\n<h4>Quick look<\/h4>\n<\/div>\n<ul style=\"margin: 0px 0px 0px 25px\">\n<li style=\"list-style-type: circle;margin: 5px\">Maquinaria diecast.<\/li>\n<li style=\"list-style-type: circle;margin: 5px\">Tremolo vintage.<\/li>\n<\/ul>\n<div>\n<div style=\"font-weight: bold\">Maquinaria diecast.<\/div>\n<div>\n<p>La maquinaria m\u00e1s precisa. Una afinaci\u00f3n perfecta y no tendr\u00e1s que preocuparte por afinar mientras est\u00e9s tocando.<\/p>\n<\/div>\n<div style=\"font-weight: bold\">Tremolo vintage.<\/div>\n<div>\n<p>Este tipo de tr\u00e9molo es el m\u00e1s recomendable, ya que tu afinaci\u00f3n ser\u00e1 m\u00e1s duradera y tu efecto de tr\u00e9molo tendr\u00e1 una mejor consistencia s\u00f3nica.<\/p>\n<\/div>\n<\/div>\n<div>\n<h4>Characteristics<\/h4>\n<\/div>\n<div>\n<ul style=\"margin: 0px 0px 0px 25px\">\n<li style=\"list-style-type: circle;margin: 5px\">3 pickups SC. <\/li>\n<li style=\"list-style-type: circle;margin: 5px\">22 trastes.<\/li>\n<\/ul>\n<\/div>\n<\/div>","protected":false},"excerpt":{"rendered":"<p>Guitarra el\u00e9ctrica Mars Rock ST FM cuenta con una tapa de maple flameado, cuerpo de basswood, brazo de maple y diapas\u00f3n de rosewood. Equipada con 3 pickups single coil, tr\u00e9molo y selector de 5 posiciones, ofrece versatilidad tonal. Con 22 trastes y controles de 1 volumen y 2 tonos, es perfecta para una amplia gama de estilos musicales.&hellip; <a class=\"kt-excerpt-readmore more-link\" href=\"https:\/\/www.mexicanguitarplayers.com\/en\/tienda\/cuerdas\/guitarras-cuerdas\/electricas\/guitarras-electricas-solidas\/guitarra-mars-electrica-rock-st-fm\/\">Read more<\/a><\/p>","protected":false},"featured_media":27628,"comment_status":"open","ping_status":"closed","template":"","meta":{"kt_blocks_editor_width":""},"pwb-brand":[332],"product_brand":[],"product_cat":[224,313,312,314],"product_tag":[],"class_list":{"0":"post-27637","1":"product","2":"type-product","3":"status-publish","4":"has-post-thumbnail","6":"pwb-brand-mars","7":"product_cat-cuerdas","8":"product_cat-electricas","9":"product_cat-guitarras-cuerdas","10":"product_cat-guitarras-electricas-solidas","11":"product_shipping_class-0-5-kg","13":"first","14":"outofstock","15":"taxable","16":"shipping-taxable","17":"purchasable","18":"product-type-simple"},"yoast_head":"<!-- This site is optimized with the Yoast SEO plugin v27.5 - https:\/\/yoast.com\/product\/yoast-seo-wordpress\/ -->\n<title>GUITARRA MARS ELECTRICA ROCK ST FM - Mexican Guitar Players<\/title>\n<meta name=\"description\" content=\"Guitarra el\u00e9ctrica Mars Rock ST FM cuenta con una tapa de maple flameado, cuerpo de basswood, brazo de maple y diapas\u00f3n de rosewood. Equipada con 3 pickups single coil, tr\u00e9molo y selector de 5 posiciones, ofrece versatilidad tonal. Con 22 trastes y controles de 1 volumen y 2 tonos, es perfecta para una amplia gama de estilos musicales.\" \/>\n<meta name=\"robots\" content=\"index, follow, max-snippet:-1, max-image-preview:large, max-video-preview:-1\" \/>\n<link rel=\"canonical\" href=\"https:\/\/www.mexicanguitarplayers.com\/en\/tienda\/sin%20categor\u00eda\/guitarra-mars-electrica-rock-st-fm\/\" \/>\n<meta property=\"og:locale\" content=\"en_US\" \/>\n<meta property=\"og:type\" content=\"article\" \/>\n<meta property=\"og:title\" content=\"GUITARRA MARS ELECTRICA ROCK ST FM - Mexican Guitar Players\" \/>\n<meta property=\"og:description\" content=\"Guitarra el\u00e9ctrica Mars Rock ST FM cuenta con una tapa de maple flameado, cuerpo de basswood, brazo de maple y diapas\u00f3n de rosewood. Equipada con 3 pickups single coil, tr\u00e9molo y selector de 5 posiciones, ofrece versatilidad tonal. Con 22 trastes y controles de 1 volumen y 2 tonos, es perfecta para una amplia gama de estilos musicales.\" \/>\n<meta property=\"og:url\" content=\"https:\/\/www.mexicanguitarplayers.com\/en\/tienda\/sin categor\u00eda\/guitarra-mars-electrica-rock-st-fm\/\" \/>\n<meta property=\"og:site_name\" content=\"Mexican Guitar Players\" \/>\n<meta property=\"article:modified_time\" content=\"2026-04-10T10:41:47+00:00\" \/>\n<meta name=\"twitter:card\" content=\"summary_large_image\" \/>\n<meta name=\"twitter:label1\" content=\"Est. reading time\" \/>\n\t<meta name=\"twitter:data1\" content=\"1 minute\" \/>\n<script type=\"application\/ld+json\" class=\"yoast-schema-graph\">{\"@context\":\"https:\\\/\\\/schema.org\",\"@graph\":[{\"@type\":[\"WebPage\",\"ItemPage\"],\"@id\":\"https:\\\/\\\/www.mexicanguitarplayers.com\\\/tienda\\\/sin categor\u00eda\\\/guitarra-mars-electrica-rock-st-fm\\\/\",\"url\":\"https:\\\/\\\/www.mexicanguitarplayers.com\\\/tienda\\\/sin categor\u00eda\\\/guitarra-mars-electrica-rock-st-fm\\\/\",\"name\":\"GUITARRA MARS ELECTRICA ROCK ST FM - Mexican Guitar Players\",\"isPartOf\":{\"@id\":\"https:\\\/\\\/www.mexicanguitarplayers.com\\\/#website\"},\"primaryImageOfPage\":{\"@id\":\"https:\\\/\\\/www.mexicanguitarplayers.com\\\/tienda\\\/sin categor\u00eda\\\/guitarra-mars-electrica-rock-st-fm\\\/#primaryimage\"},\"image\":{\"@id\":\"https:\\\/\\\/www.mexicanguitarplayers.com\\\/tienda\\\/sin categor\u00eda\\\/guitarra-mars-electrica-rock-st-fm\\\/#primaryimage\"},\"thumbnailUrl\":\"https:\\\/\\\/www.mexicanguitarplayers.com\\\/wp-content\\\/uploads\\\/2025\\\/04\\\/ISMASROCKSTFM.jpg\",\"datePublished\":\"2025-04-07T19:25:44+00:00\",\"dateModified\":\"2026-04-10T10:41:47+00:00\",\"description\":\"Guitarra el\u00e9ctrica Mars Rock ST FM cuenta con una tapa de maple flameado, cuerpo de basswood, brazo de maple y diapas\u00f3n de rosewood. Equipada con 3 pickups single coil, tr\u00e9molo y selector de 5 posiciones, ofrece versatilidad tonal. Con 22 trastes y controles de 1 volumen y 2 tonos, es perfecta para una amplia gama de estilos musicales.\",\"breadcrumb\":{\"@id\":\"https:\\\/\\\/www.mexicanguitarplayers.com\\\/tienda\\\/sin categor\u00eda\\\/guitarra-mars-electrica-rock-st-fm\\\/#breadcrumb\"},\"inLanguage\":\"en-US\",\"potentialAction\":[{\"@type\":\"ReadAction\",\"target\":[\"https:\\\/\\\/www.mexicanguitarplayers.com\\\/tienda\\\/sin categor\u00eda\\\/guitarra-mars-electrica-rock-st-fm\\\/\"]}]},{\"@type\":\"ImageObject\",\"inLanguage\":\"en-US\",\"@id\":\"https:\\\/\\\/www.mexicanguitarplayers.com\\\/tienda\\\/sin categor\u00eda\\\/guitarra-mars-electrica-rock-st-fm\\\/#primaryimage\",\"url\":\"https:\\\/\\\/www.mexicanguitarplayers.com\\\/wp-content\\\/uploads\\\/2025\\\/04\\\/ISMASROCKSTFM.jpg\",\"contentUrl\":\"https:\\\/\\\/www.mexicanguitarplayers.com\\\/wp-content\\\/uploads\\\/2025\\\/04\\\/ISMASROCKSTFM.jpg\",\"width\":800,\"height\":1600},{\"@type\":\"BreadcrumbList\",\"@id\":\"https:\\\/\\\/www.mexicanguitarplayers.com\\\/tienda\\\/sin categor\u00eda\\\/guitarra-mars-electrica-rock-st-fm\\\/#breadcrumb\",\"itemListElement\":[{\"@type\":\"ListItem\",\"position\":1,\"name\":\"Portada\",\"item\":\"https:\\\/\\\/www.mexicanguitarplayers.com\\\/\"},{\"@type\":\"ListItem\",\"position\":2,\"name\":\"Tienda\",\"item\":\"https:\\\/\\\/www.mexicanguitarplayers.com\\\/tienda\\\/\"},{\"@type\":\"ListItem\",\"position\":3,\"name\":\"GUITARRA MARS ELECTRICA ROCK ST FM\"}]},{\"@type\":\"WebSite\",\"@id\":\"https:\\\/\\\/www.mexicanguitarplayers.com\\\/#website\",\"url\":\"https:\\\/\\\/www.mexicanguitarplayers.com\\\/\",\"name\":\"Mexican Guitar Players\",\"description\":\"Website\",\"publisher\":{\"@id\":\"https:\\\/\\\/www.mexicanguitarplayers.com\\\/#organization\"},\"potentialAction\":[{\"@type\":\"SearchAction\",\"target\":{\"@type\":\"EntryPoint\",\"urlTemplate\":\"https:\\\/\\\/www.mexicanguitarplayers.com\\\/?s={search_term_string}\"},\"query-input\":{\"@type\":\"PropertyValueSpecification\",\"valueRequired\":true,\"valueName\":\"search_term_string\"}}],\"inLanguage\":\"en-US\"},{\"@type\":\"Organization\",\"@id\":\"https:\\\/\\\/www.mexicanguitarplayers.com\\\/#organization\",\"name\":\"Mexican Guitar Players\",\"url\":\"https:\\\/\\\/www.mexicanguitarplayers.com\\\/\",\"logo\":{\"@type\":\"ImageObject\",\"inLanguage\":\"en-US\",\"@id\":\"https:\\\/\\\/www.mexicanguitarplayers.com\\\/#\\\/schema\\\/logo\\\/image\\\/\",\"url\":\"\",\"contentUrl\":\"\",\"caption\":\"Mexican Guitar Players\"},\"image\":{\"@id\":\"https:\\\/\\\/www.mexicanguitarplayers.com\\\/#\\\/schema\\\/logo\\\/image\\\/\"}}]}<\/script>\n<!-- \/ Yoast SEO plugin. -->","yoast_head_json":{"title":"GUITARRA MARS ELECTRICA ROCK ST FM - Mexican Guitar Players","description":"Guitarra el\u00e9ctrica Mars Rock ST FM cuenta con una tapa de maple flameado, cuerpo de basswood, brazo de maple y diapas\u00f3n de rosewood. Equipada con 3 pickups single coil, tr\u00e9molo y selector de 5 posiciones, ofrece versatilidad tonal. Con 22 trastes y controles de 1 volumen y 2 tonos, es perfecta para una amplia gama de estilos musicales.","robots":{"index":"index","follow":"follow","max-snippet":"max-snippet:-1","max-image-preview":"max-image-preview:large","max-video-preview":"max-video-preview:-1"},"canonical":"https:\/\/www.mexicanguitarplayers.com\/en\/tienda\/sin categor\u00eda\/guitarra-mars-electrica-rock-st-fm\/","og_locale":"en_US","og_type":"article","og_title":"GUITARRA MARS ELECTRICA ROCK ST FM - Mexican Guitar Players","og_description":"Guitarra el\u00e9ctrica Mars Rock ST FM cuenta con una tapa de maple flameado, cuerpo de basswood, brazo de maple y diapas\u00f3n de rosewood. Equipada con 3 pickups single coil, tr\u00e9molo y selector de 5 posiciones, ofrece versatilidad tonal. Con 22 trastes y controles de 1 volumen y 2 tonos, es perfecta para una amplia gama de estilos musicales.","og_url":"https:\/\/www.mexicanguitarplayers.com\/en\/tienda\/sin categor\u00eda\/guitarra-mars-electrica-rock-st-fm\/","og_site_name":"Mexican Guitar Players","article_modified_time":"2026-04-10T10:41:47+00:00","twitter_card":"summary_large_image","twitter_misc":{"Est. reading time":"1 minute"},"schema":{"@context":"https:\/\/schema.org","@graph":[{"@type":["WebPage","ItemPage"],"@id":"https:\/\/www.mexicanguitarplayers.com\/tienda\/sin categor\u00eda\/guitarra-mars-electrica-rock-st-fm\/","url":"https:\/\/www.mexicanguitarplayers.com\/tienda\/sin categor\u00eda\/guitarra-mars-electrica-rock-st-fm\/","name":"GUITARRA MARS ELECTRICA ROCK ST FM - Mexican Guitar Players","isPartOf":{"@id":"https:\/\/www.mexicanguitarplayers.com\/#website"},"primaryImageOfPage":{"@id":"https:\/\/www.mexicanguitarplayers.com\/tienda\/sin categor\u00eda\/guitarra-mars-electrica-rock-st-fm\/#primaryimage"},"image":{"@id":"https:\/\/www.mexicanguitarplayers.com\/tienda\/sin categor\u00eda\/guitarra-mars-electrica-rock-st-fm\/#primaryimage"},"thumbnailUrl":"https:\/\/www.mexicanguitarplayers.com\/wp-content\/uploads\/2025\/04\/ISMASROCKSTFM.jpg","datePublished":"2025-04-07T19:25:44+00:00","dateModified":"2026-04-10T10:41:47+00:00","description":"Guitarra el\u00e9ctrica Mars Rock ST FM cuenta con una tapa de maple flameado, cuerpo de basswood, brazo de maple y diapas\u00f3n de rosewood. Equipada con 3 pickups single coil, tr\u00e9molo y selector de 5 posiciones, ofrece versatilidad tonal. Con 22 trastes y controles de 1 volumen y 2 tonos, es perfecta para una amplia gama de estilos musicales.","breadcrumb":{"@id":"https:\/\/www.mexicanguitarplayers.com\/tienda\/sin categor\u00eda\/guitarra-mars-electrica-rock-st-fm\/#breadcrumb"},"inLanguage":"en-US","potentialAction":[{"@type":"ReadAction","target":["https:\/\/www.mexicanguitarplayers.com\/tienda\/sin categor\u00eda\/guitarra-mars-electrica-rock-st-fm\/"]}]},{"@type":"ImageObject","inLanguage":"en-US","@id":"https:\/\/www.mexicanguitarplayers.com\/tienda\/sin categor\u00eda\/guitarra-mars-electrica-rock-st-fm\/#primaryimage","url":"https:\/\/www.mexicanguitarplayers.com\/wp-content\/uploads\/2025\/04\/ISMASROCKSTFM.jpg","contentUrl":"https:\/\/www.mexicanguitarplayers.com\/wp-content\/uploads\/2025\/04\/ISMASROCKSTFM.jpg","width":800,"height":1600},{"@type":"BreadcrumbList","@id":"https:\/\/www.mexicanguitarplayers.com\/tienda\/sin categor\u00eda\/guitarra-mars-electrica-rock-st-fm\/#breadcrumb","itemListElement":[{"@type":"ListItem","position":1,"name":"Portada","item":"https:\/\/www.mexicanguitarplayers.com\/"},{"@type":"ListItem","position":2,"name":"Tienda","item":"https:\/\/www.mexicanguitarplayers.com\/tienda\/"},{"@type":"ListItem","position":3,"name":"GUITARRA MARS ELECTRICA ROCK ST FM"}]},{"@type":"WebSite","@id":"https:\/\/www.mexicanguitarplayers.com\/#website","url":"https:\/\/www.mexicanguitarplayers.com\/","name":"Mexican Guitar Players","description":"Website","publisher":{"@id":"https:\/\/www.mexicanguitarplayers.com\/#organization"},"potentialAction":[{"@type":"SearchAction","target":{"@type":"EntryPoint","urlTemplate":"https:\/\/www.mexicanguitarplayers.com\/?s={search_term_string}"},"query-input":{"@type":"PropertyValueSpecification","valueRequired":true,"valueName":"search_term_string"}}],"inLanguage":"en-US"},{"@type":"Organization","@id":"https:\/\/www.mexicanguitarplayers.com\/#organization","name":"Mexican Guitar Players","url":"https:\/\/www.mexicanguitarplayers.com\/","logo":{"@type":"ImageObject","inLanguage":"en-US","@id":"https:\/\/www.mexicanguitarplayers.com\/#\/schema\/logo\/image\/","url":"","contentUrl":"","caption":"Mexican Guitar Players"},"image":{"@id":"https:\/\/www.mexicanguitarplayers.com\/#\/schema\/logo\/image\/"}}]}},"brands":[{"id":332,"name":"MARS","slug":"mars"}],"_links":{"self":[{"href":"https:\/\/www.mexicanguitarplayers.com\/en\/wp-json\/wp\/v2\/product\/27637","targetHints":{"allow":["GET"]}}],"collection":[{"href":"https:\/\/www.mexicanguitarplayers.com\/en\/wp-json\/wp\/v2\/product"}],"about":[{"href":"https:\/\/www.mexicanguitarplayers.com\/en\/wp-json\/wp\/v2\/types\/product"}],"replies":[{"embeddable":true,"href":"https:\/\/www.mexicanguitarplayers.com\/en\/wp-json\/wp\/v2\/comments?post=27637"}],"wp:featuredmedia":[{"embeddable":true,"href":"https:\/\/www.mexicanguitarplayers.com\/en\/wp-json\/wp\/v2\/media\/27628"}],"wp:attachment":[{"href":"https:\/\/www.mexicanguitarplayers.com\/en\/wp-json\/wp\/v2\/media?parent=27637"}],"wp:term":[{"taxonomy":"pwb-brand","embeddable":true,"href":"https:\/\/www.mexicanguitarplayers.com\/en\/wp-json\/wp\/v2\/pwb-brand?post=27637"},{"taxonomy":"product_brand","embeddable":true,"href":"https:\/\/www.mexicanguitarplayers.com\/en\/wp-json\/wp\/v2\/product_brand?post=27637"},{"taxonomy":"product_cat","embeddable":true,"href":"https:\/\/www.mexicanguitarplayers.com\/en\/wp-json\/wp\/v2\/product_cat?post=27637"},{"taxonomy":"product_tag","embeddable":true,"href":"https:\/\/www.mexicanguitarplayers.com\/en\/wp-json\/wp\/v2\/product_tag?post=27637"}],"curies":[{"name":"wp","href":"https:\/\/api.w.org\/{rel}","templated":true}]}}