{"id":27686,"date":"2025-04-07T13:28:58","date_gmt":"2025-04-07T19:28:58","guid":{"rendered":"https:\/\/www.mexicanguitarplayers.com\/tienda\/sin categor\u00eda\/procesador-behringer-mod-fbq100\/"},"modified":"2026-04-10T04:41:42","modified_gmt":"2026-04-10T10:41:42","slug":"procesador-behringer-mod-fbq100","status":"publish","type":"product","link":"https:\/\/www.mexicanguitarplayers.com\/en\/tienda\/audio\/procesadores\/procesador-de-frecuencia\/procesador-behringer-mod-fbq100\/","title":{"rendered":"PROCESADOR BEHRINGER  MOD. FBQ100"},"content":{"rendered":"<div style=\"text-align: justify\">\n<div>\n<h3>Elimina todas las frecuencias no deseadas.<\/h3>\n<\/div>\n<div>\u00bfBuscas un gran control de la retroalimentaci\u00f3n? Tal vez necesitas un compresor o un noise gate o una gran caja DI para instrumentos de nivel de l\u00ednea. Ya sea que lo utilices con micr\u00f3fonos, instrumentos ac\u00fasticos o como un delay-line para sistemas de altavoces de lugares grandes, el FBQ100 es una herramienta imprescindible para tu kit de estudio y en vivo. Gracias a su inteligente &#8220;Modo de Aprendizaje&#8221;, el FBQ100 puede igualar autom\u00e1ticamente tu PA y proteger tu sistema de sonido de la retroalimentaci\u00f3n. El algoritmo de b\u00fasqueda de Behringer garantiza que las frecuencias de retroalimentaci\u00f3n se aten\u00faan en una fracci\u00f3n de segundo, utilizando filtros estrechos de 1\/60 octava. Los filtros restantes act\u00faan autom\u00e1ticamente seg\u00fan sea necesario, ajustando s\u00f3lo las frecuencias espec\u00edficas que causan la retroalimentaci\u00f3n, por lo que la m\u00fasica se mantiene potente y viva. M\u00e1s all\u00e1 de la versatilidad. El preamp de micr\u00f3fono ajustable, con alimentaci\u00f3n phantom conmutable de +48V y tecnolog\u00eda de ruido ultra bajo, garantiza un sonido ultra-musical libre de ruido. Puedes elegir entre professional studio (+4 dB) o nivel de salida de micr\u00f3fono, por lo que el FBQ100 se puede conectar directamente a la entrada de micr\u00f3fono de un dispositivo de grabaci\u00f3n. Pr\u00e1cticamente cualquier tipo de se\u00f1al puede conectarse y convertirse. Gesti\u00f3n total de altavoces. Se requieren delay-lines para compensar las variaciones de tiempo resultantes del posicionamiento del altavoz en lugares grandes. El delay del FBQ100 se puede ajustar en metros, pues o milisegundos. El tiempo de delay m\u00e1ximo de 2.5 segundos corresponde a una distancia de 850 metros. La combinaci\u00f3n de varios FBQ100 con el kit opcional de montaje en rack pone un completo sistema de gesti\u00f3n de altavoces a tu alcance.<\/div>\n<div>\n<h4>Quick look<\/h4>\n<\/div>\n<ul style=\"margin: 0px 0px 0px 25px\">\n<li style=\"list-style-type: circle;margin: 5px\">Audio inputs.<\/li>\n<li style=\"list-style-type: circle;margin: 5px\">Audio outputs.<\/li>\n<li style=\"list-style-type: circle;margin: 5px\">Especificaciones del sistema<\/li>\n<li style=\"list-style-type: circle;margin: 5px\">Digital processing.<\/li>\n<li style=\"list-style-type: circle;margin: 5px\">Display.<\/li>\n<li style=\"list-style-type: circle;margin: 5px\">Power supply.<\/li>\n<li style=\"list-style-type: circle;margin: 5px\">Dimensions.<\/li>\n<li style=\"list-style-type: circle;margin: 5px\">Weight.<\/li>\n<\/ul>\n<div>\n<div style=\"font-weight: bold\">Audio inputs.<\/div>\n<div>\n<p>Conectores: XLR y TRS 1\/4&#8243;. Impedancia: 6 kilo-ohms balanceado y 3 kilo-ohms desbalanceado. Nivel de operaci\u00f3n nominal: Micr\u00f3fono o fuente de nivel de l\u00ednea (conmutable). Nivel de entrada m\u00e1ximo: +19 dBU a nivel de micr\u00f3fono o nivel de l\u00ednea.<\/p>\n<\/div>\n<div style=\"font-weight: bold\">Audio outputs.<\/div>\n<div>\n<p>Conectores: XLR y TRS 1\/4&#8243;. Impedancia: 60 ohms balanceado y 30 ohms ohms desbalanceado. Nivel de operaci\u00f3n nominal: Fuente de nivel de micr\u00f3fono o +4 dBu (conmutable). Nivel de entrada m\u00e1ximo: +20 dBU a +4 dBu en nivel nominal, -12 dBu a nivel de micr\u00f3fono.<\/p>\n<\/div>\n<div style=\"font-weight: bold\">Especificaciones del sistema<\/div>\n<div>\n<p>Respuesta de frecuencia: 10 Hz a 21 kHz. Ruido: &gt;92 dB a nivel de l\u00ednea, sin ponderar, 22 Hz a 22 kHz. &gt;89 dB a nivel de micr\u00f3fono, sin ponderar: 22 Hz a 22 kHz. THD: 0.007% t\u00edpico @ +4 dBu, 1 kHz, gain 1.<\/p>\n<\/div>\n<div style=\"font-weight: bold\">Digital processing.<\/div>\n<div>\n<p>Convertidores: 24 bit Sigma-Delta, 64\/128 times oversampling.<\/p>\n<\/div>\n<div style=\"font-weight: bold\">Display.<\/div>\n<div>\n<p>Tipo: Display LED num\u00e9rico de 4 d\u00edgitos.<\/p>\n<\/div>\n<div style=\"font-weight: bold\">Power supply.<\/div>\n<div>\n<p>120V60 Hz. Consumo de energ\u00eda: 19 watts.<\/p>\n<\/div>\n<div style=\"font-weight: bold\">Dimensions.<\/div>\n<div>\n<p>56 x 88 x 132 mm.<\/p>\n<\/div>\n<div style=\"font-weight: bold\">Weight.<\/div>\n<div>\n<p>0.38 kg.<\/p>\n<\/div>\n<\/div>\n<\/div>","protected":false},"excerpt":{"rendered":"<p>Procesador destructor de retroalimentaci\u00f3n SHARK FBQ100 con preamplificador d micr\u00f3fono integrado, delay line, noise gate y compresor, localiza y destruye autom\u00e1ticamente e inteligentemente hasta 8 frecuencias de retroalimentaci\u00f3n, filtros estrechos FBQ para una supresi\u00f3n de retroalimentaci\u00f3n extremadamente eficaz manteniendo la m\u00e1xima calidad de sonido, entrada de micr\u00f3fono\/l\u00ednea de ruido ultra bajo con control de ganancia y alimentaci\u00f3n phantom de +48V, delay line con hasta 2,5 segundos de delay ajustable en metros, pies o mseg, noise gate con ajustes par\u00e1metros autom\u00e1ticos y manuales, compresor autom\u00e1tico con densidad variable, filtro subs\u00f3nico con frecuencia de corte ajustable, entradas balanceadas y salidas servo-balanceadas con TRS 1\/4\u201d y conectores XLR chapados en oro, dimensiones: 56 x 88 x 132 mm, peso: 0.38 kg.&hellip; <a class=\"kt-excerpt-readmore more-link\" href=\"https:\/\/www.mexicanguitarplayers.com\/en\/tienda\/audio\/procesadores\/procesador-de-frecuencia\/procesador-behringer-mod-fbq100\/\">Read more<\/a><\/p>","protected":false},"featured_media":27682,"comment_status":"open","ping_status":"closed","template":"","meta":{"kt_blocks_editor_width":""},"pwb-brand":[171],"product_brand":[],"product_cat":[213,495,493],"product_tag":[],"class_list":{"0":"post-27686","1":"product","2":"type-product","3":"status-publish","4":"has-post-thumbnail","6":"pwb-brand-behringer","7":"product_cat-audio","8":"product_cat-procesador-de-frecuencia","9":"product_cat-procesadores","10":"product_shipping_class-0-5-kg","12":"first","13":"outofstock","14":"taxable","15":"shipping-taxable","16":"purchasable","17":"product-type-simple"},"yoast_head":"<!-- This site is optimized with the Yoast SEO plugin v27.6 - https:\/\/yoast.com\/product\/yoast-seo-wordpress\/ -->\n<title>PROCESADOR BEHRINGER MOD. FBQ100 - Mexican Guitar Players<\/title>\n<meta name=\"description\" content=\"Procesador destructor de retroalimentaci\u00f3n SHARK FBQ100 con preamplificador d micr\u00f3fono integrado, delay line, noise gate y compresor, localiza y destruye autom\u00e1ticamente e inteligentemente hasta 8 frecuencias de retroalimentaci\u00f3n, filtros estrechos FBQ para una supresi\u00f3n de retroalimentaci\u00f3n extremadamente eficaz manteniendo la m\u00e1xima calidad de sonido, entrada de micr\u00f3fono\/l\u00ednea de ruido ultra bajo con control de ganancia y alimentaci\u00f3n phantom de +48V, delay line con hasta 2,5 segundos de delay ajustable en metros, pies o mseg, noise gate con ajustes par\u00e1metros autom\u00e1ticos y manuales, compresor autom\u00e1tico con densidad variable, filtro subs\u00f3nico con frecuencia de corte ajustable, entradas balanceadas y salidas servo-balanceadas con TRS 1\/4\u201d y conectores XLR chapados en oro, dimensiones: 56 x 88 x 132 mm, peso: 0.38 kg.\" \/>\n<meta name=\"robots\" content=\"index, follow, max-snippet:-1, max-image-preview:large, max-video-preview:-1\" \/>\n<link rel=\"canonical\" href=\"https:\/\/www.mexicanguitarplayers.com\/en\/tienda\/sin%20categor\u00eda\/procesador-behringer-mod-fbq100\/\" \/>\n<meta property=\"og:locale\" content=\"en_US\" \/>\n<meta property=\"og:type\" content=\"article\" \/>\n<meta property=\"og:title\" content=\"PROCESADOR BEHRINGER MOD. FBQ100 - Mexican Guitar Players\" \/>\n<meta property=\"og:description\" content=\"Procesador destructor de retroalimentaci\u00f3n SHARK FBQ100 con preamplificador d micr\u00f3fono integrado, delay line, noise gate y compresor, localiza y destruye autom\u00e1ticamente e inteligentemente hasta 8 frecuencias de retroalimentaci\u00f3n, filtros estrechos FBQ para una supresi\u00f3n de retroalimentaci\u00f3n extremadamente eficaz manteniendo la m\u00e1xima calidad de sonido, entrada de micr\u00f3fono\/l\u00ednea de ruido ultra bajo con control de ganancia y alimentaci\u00f3n phantom de +48V, delay line con hasta 2,5 segundos de delay ajustable en metros, pies o mseg, noise gate con ajustes par\u00e1metros autom\u00e1ticos y manuales, compresor autom\u00e1tico con densidad variable, filtro subs\u00f3nico con frecuencia de corte ajustable, entradas balanceadas y salidas servo-balanceadas con TRS 1\/4\u201d y conectores XLR chapados en oro, dimensiones: 56 x 88 x 132 mm, peso: 0.38 kg.\" \/>\n<meta property=\"og:url\" content=\"https:\/\/www.mexicanguitarplayers.com\/en\/tienda\/sin categor\u00eda\/procesador-behringer-mod-fbq100\/\" \/>\n<meta property=\"og:site_name\" content=\"Mexican Guitar Players\" \/>\n<meta property=\"article:modified_time\" content=\"2026-04-10T10:41:42+00:00\" \/>\n<meta name=\"twitter:card\" content=\"summary_large_image\" \/>\n<meta name=\"twitter:label1\" content=\"Est. reading time\" \/>\n\t<meta name=\"twitter:data1\" content=\"2 minutes\" \/>\n<script type=\"application\/ld+json\" class=\"yoast-schema-graph\">{\"@context\":\"https:\\\/\\\/schema.org\",\"@graph\":[{\"@type\":[\"WebPage\",\"ItemPage\"],\"@id\":\"https:\\\/\\\/www.mexicanguitarplayers.com\\\/tienda\\\/sin categor\u00eda\\\/procesador-behringer-mod-fbq100\\\/\",\"url\":\"https:\\\/\\\/www.mexicanguitarplayers.com\\\/tienda\\\/sin categor\u00eda\\\/procesador-behringer-mod-fbq100\\\/\",\"name\":\"PROCESADOR BEHRINGER MOD. FBQ100 - Mexican Guitar Players\",\"isPartOf\":{\"@id\":\"https:\\\/\\\/www.mexicanguitarplayers.com\\\/#website\"},\"primaryImageOfPage\":{\"@id\":\"https:\\\/\\\/www.mexicanguitarplayers.com\\\/tienda\\\/sin categor\u00eda\\\/procesador-behringer-mod-fbq100\\\/#primaryimage\"},\"image\":{\"@id\":\"https:\\\/\\\/www.mexicanguitarplayers.com\\\/tienda\\\/sin categor\u00eda\\\/procesador-behringer-mod-fbq100\\\/#primaryimage\"},\"thumbnailUrl\":\"https:\\\/\\\/www.mexicanguitarplayers.com\\\/wp-content\\\/uploads\\\/2025\\\/04\\\/IABEHFBQ100.jpg\",\"datePublished\":\"2025-04-07T19:28:58+00:00\",\"dateModified\":\"2026-04-10T10:41:42+00:00\",\"description\":\"Procesador destructor de retroalimentaci\u00f3n SHARK FBQ100 con preamplificador d micr\u00f3fono integrado, delay line, noise gate y compresor, localiza y destruye autom\u00e1ticamente e inteligentemente hasta 8 frecuencias de retroalimentaci\u00f3n, filtros estrechos FBQ para una supresi\u00f3n de retroalimentaci\u00f3n extremadamente eficaz manteniendo la m\u00e1xima calidad de sonido, entrada de micr\u00f3fono\\\/l\u00ednea de ruido ultra bajo con control de ganancia y alimentaci\u00f3n phantom de +48V, delay line con hasta 2,5 segundos de delay ajustable en metros, pies o mseg, noise gate con ajustes par\u00e1metros autom\u00e1ticos y manuales, compresor autom\u00e1tico con densidad variable, filtro subs\u00f3nico con frecuencia de corte ajustable, entradas balanceadas y salidas servo-balanceadas con TRS 1\\\/4\u201d y conectores XLR chapados en oro, dimensiones: 56 x 88 x 132 mm, peso: 0.38 kg.\",\"breadcrumb\":{\"@id\":\"https:\\\/\\\/www.mexicanguitarplayers.com\\\/tienda\\\/sin categor\u00eda\\\/procesador-behringer-mod-fbq100\\\/#breadcrumb\"},\"inLanguage\":\"en-US\",\"potentialAction\":[{\"@type\":\"ReadAction\",\"target\":[\"https:\\\/\\\/www.mexicanguitarplayers.com\\\/tienda\\\/sin categor\u00eda\\\/procesador-behringer-mod-fbq100\\\/\"]}]},{\"@type\":\"ImageObject\",\"inLanguage\":\"en-US\",\"@id\":\"https:\\\/\\\/www.mexicanguitarplayers.com\\\/tienda\\\/sin categor\u00eda\\\/procesador-behringer-mod-fbq100\\\/#primaryimage\",\"url\":\"https:\\\/\\\/www.mexicanguitarplayers.com\\\/wp-content\\\/uploads\\\/2025\\\/04\\\/IABEHFBQ100.jpg\",\"contentUrl\":\"https:\\\/\\\/www.mexicanguitarplayers.com\\\/wp-content\\\/uploads\\\/2025\\\/04\\\/IABEHFBQ100.jpg\",\"width\":1200,\"height\":1200},{\"@type\":\"BreadcrumbList\",\"@id\":\"https:\\\/\\\/www.mexicanguitarplayers.com\\\/tienda\\\/sin categor\u00eda\\\/procesador-behringer-mod-fbq100\\\/#breadcrumb\",\"itemListElement\":[{\"@type\":\"ListItem\",\"position\":1,\"name\":\"Portada\",\"item\":\"https:\\\/\\\/www.mexicanguitarplayers.com\\\/\"},{\"@type\":\"ListItem\",\"position\":2,\"name\":\"Tienda\",\"item\":\"https:\\\/\\\/www.mexicanguitarplayers.com\\\/tienda\\\/\"},{\"@type\":\"ListItem\",\"position\":3,\"name\":\"PROCESADOR BEHRINGER MOD. FBQ100\"}]},{\"@type\":\"WebSite\",\"@id\":\"https:\\\/\\\/www.mexicanguitarplayers.com\\\/#website\",\"url\":\"https:\\\/\\\/www.mexicanguitarplayers.com\\\/\",\"name\":\"Mexican Guitar Players\",\"description\":\"Website\",\"publisher\":{\"@id\":\"https:\\\/\\\/www.mexicanguitarplayers.com\\\/#organization\"},\"potentialAction\":[{\"@type\":\"SearchAction\",\"target\":{\"@type\":\"EntryPoint\",\"urlTemplate\":\"https:\\\/\\\/www.mexicanguitarplayers.com\\\/?s={search_term_string}\"},\"query-input\":{\"@type\":\"PropertyValueSpecification\",\"valueRequired\":true,\"valueName\":\"search_term_string\"}}],\"inLanguage\":\"en-US\"},{\"@type\":\"Organization\",\"@id\":\"https:\\\/\\\/www.mexicanguitarplayers.com\\\/#organization\",\"name\":\"Mexican Guitar Players\",\"url\":\"https:\\\/\\\/www.mexicanguitarplayers.com\\\/\",\"logo\":{\"@type\":\"ImageObject\",\"inLanguage\":\"en-US\",\"@id\":\"https:\\\/\\\/www.mexicanguitarplayers.com\\\/#\\\/schema\\\/logo\\\/image\\\/\",\"url\":\"\",\"contentUrl\":\"\",\"caption\":\"Mexican Guitar Players\"},\"image\":{\"@id\":\"https:\\\/\\\/www.mexicanguitarplayers.com\\\/#\\\/schema\\\/logo\\\/image\\\/\"}}]}<\/script>\n<!-- \/ Yoast SEO plugin. -->","yoast_head_json":{"title":"PROCESADOR BEHRINGER MOD. FBQ100 - Mexican Guitar Players","description":"Procesador destructor de retroalimentaci\u00f3n SHARK FBQ100 con preamplificador d micr\u00f3fono integrado, delay line, noise gate y compresor, localiza y destruye autom\u00e1ticamente e inteligentemente hasta 8 frecuencias de retroalimentaci\u00f3n, filtros estrechos FBQ para una supresi\u00f3n de retroalimentaci\u00f3n extremadamente eficaz manteniendo la m\u00e1xima calidad de sonido, entrada de micr\u00f3fono\/l\u00ednea de ruido ultra bajo con control de ganancia y alimentaci\u00f3n phantom de +48V, delay line con hasta 2,5 segundos de delay ajustable en metros, pies o mseg, noise gate con ajustes par\u00e1metros autom\u00e1ticos y manuales, compresor autom\u00e1tico con densidad variable, filtro subs\u00f3nico con frecuencia de corte ajustable, entradas balanceadas y salidas servo-balanceadas con TRS 1\/4\u201d y conectores XLR chapados en oro, dimensiones: 56 x 88 x 132 mm, peso: 0.38 kg.","robots":{"index":"index","follow":"follow","max-snippet":"max-snippet:-1","max-image-preview":"max-image-preview:large","max-video-preview":"max-video-preview:-1"},"canonical":"https:\/\/www.mexicanguitarplayers.com\/en\/tienda\/sin categor\u00eda\/procesador-behringer-mod-fbq100\/","og_locale":"en_US","og_type":"article","og_title":"PROCESADOR BEHRINGER MOD. FBQ100 - Mexican Guitar Players","og_description":"Procesador destructor de retroalimentaci\u00f3n SHARK FBQ100 con preamplificador d micr\u00f3fono integrado, delay line, noise gate y compresor, localiza y destruye autom\u00e1ticamente e inteligentemente hasta 8 frecuencias de retroalimentaci\u00f3n, filtros estrechos FBQ para una supresi\u00f3n de retroalimentaci\u00f3n extremadamente eficaz manteniendo la m\u00e1xima calidad de sonido, entrada de micr\u00f3fono\/l\u00ednea de ruido ultra bajo con control de ganancia y alimentaci\u00f3n phantom de +48V, delay line con hasta 2,5 segundos de delay ajustable en metros, pies o mseg, noise gate con ajustes par\u00e1metros autom\u00e1ticos y manuales, compresor autom\u00e1tico con densidad variable, filtro subs\u00f3nico con frecuencia de corte ajustable, entradas balanceadas y salidas servo-balanceadas con TRS 1\/4\u201d y conectores XLR chapados en oro, dimensiones: 56 x 88 x 132 mm, peso: 0.38 kg.","og_url":"https:\/\/www.mexicanguitarplayers.com\/en\/tienda\/sin categor\u00eda\/procesador-behringer-mod-fbq100\/","og_site_name":"Mexican Guitar Players","article_modified_time":"2026-04-10T10:41:42+00:00","twitter_card":"summary_large_image","twitter_misc":{"Est. reading time":"2 minutes"},"schema":{"@context":"https:\/\/schema.org","@graph":[{"@type":["WebPage","ItemPage"],"@id":"https:\/\/www.mexicanguitarplayers.com\/tienda\/sin categor\u00eda\/procesador-behringer-mod-fbq100\/","url":"https:\/\/www.mexicanguitarplayers.com\/tienda\/sin categor\u00eda\/procesador-behringer-mod-fbq100\/","name":"PROCESADOR BEHRINGER MOD. FBQ100 - Mexican Guitar Players","isPartOf":{"@id":"https:\/\/www.mexicanguitarplayers.com\/#website"},"primaryImageOfPage":{"@id":"https:\/\/www.mexicanguitarplayers.com\/tienda\/sin categor\u00eda\/procesador-behringer-mod-fbq100\/#primaryimage"},"image":{"@id":"https:\/\/www.mexicanguitarplayers.com\/tienda\/sin categor\u00eda\/procesador-behringer-mod-fbq100\/#primaryimage"},"thumbnailUrl":"https:\/\/www.mexicanguitarplayers.com\/wp-content\/uploads\/2025\/04\/IABEHFBQ100.jpg","datePublished":"2025-04-07T19:28:58+00:00","dateModified":"2026-04-10T10:41:42+00:00","description":"Procesador destructor de retroalimentaci\u00f3n SHARK FBQ100 con preamplificador d micr\u00f3fono integrado, delay line, noise gate y compresor, localiza y destruye autom\u00e1ticamente e inteligentemente hasta 8 frecuencias de retroalimentaci\u00f3n, filtros estrechos FBQ para una supresi\u00f3n de retroalimentaci\u00f3n extremadamente eficaz manteniendo la m\u00e1xima calidad de sonido, entrada de micr\u00f3fono\/l\u00ednea de ruido ultra bajo con control de ganancia y alimentaci\u00f3n phantom de +48V, delay line con hasta 2,5 segundos de delay ajustable en metros, pies o mseg, noise gate con ajustes par\u00e1metros autom\u00e1ticos y manuales, compresor autom\u00e1tico con densidad variable, filtro subs\u00f3nico con frecuencia de corte ajustable, entradas balanceadas y salidas servo-balanceadas con TRS 1\/4\u201d y conectores XLR chapados en oro, dimensiones: 56 x 88 x 132 mm, peso: 0.38 kg.","breadcrumb":{"@id":"https:\/\/www.mexicanguitarplayers.com\/tienda\/sin categor\u00eda\/procesador-behringer-mod-fbq100\/#breadcrumb"},"inLanguage":"en-US","potentialAction":[{"@type":"ReadAction","target":["https:\/\/www.mexicanguitarplayers.com\/tienda\/sin categor\u00eda\/procesador-behringer-mod-fbq100\/"]}]},{"@type":"ImageObject","inLanguage":"en-US","@id":"https:\/\/www.mexicanguitarplayers.com\/tienda\/sin categor\u00eda\/procesador-behringer-mod-fbq100\/#primaryimage","url":"https:\/\/www.mexicanguitarplayers.com\/wp-content\/uploads\/2025\/04\/IABEHFBQ100.jpg","contentUrl":"https:\/\/www.mexicanguitarplayers.com\/wp-content\/uploads\/2025\/04\/IABEHFBQ100.jpg","width":1200,"height":1200},{"@type":"BreadcrumbList","@id":"https:\/\/www.mexicanguitarplayers.com\/tienda\/sin categor\u00eda\/procesador-behringer-mod-fbq100\/#breadcrumb","itemListElement":[{"@type":"ListItem","position":1,"name":"Portada","item":"https:\/\/www.mexicanguitarplayers.com\/"},{"@type":"ListItem","position":2,"name":"Tienda","item":"https:\/\/www.mexicanguitarplayers.com\/tienda\/"},{"@type":"ListItem","position":3,"name":"PROCESADOR BEHRINGER MOD. FBQ100"}]},{"@type":"WebSite","@id":"https:\/\/www.mexicanguitarplayers.com\/#website","url":"https:\/\/www.mexicanguitarplayers.com\/","name":"Mexican Guitar Players","description":"Website","publisher":{"@id":"https:\/\/www.mexicanguitarplayers.com\/#organization"},"potentialAction":[{"@type":"SearchAction","target":{"@type":"EntryPoint","urlTemplate":"https:\/\/www.mexicanguitarplayers.com\/?s={search_term_string}"},"query-input":{"@type":"PropertyValueSpecification","valueRequired":true,"valueName":"search_term_string"}}],"inLanguage":"en-US"},{"@type":"Organization","@id":"https:\/\/www.mexicanguitarplayers.com\/#organization","name":"Mexican Guitar Players","url":"https:\/\/www.mexicanguitarplayers.com\/","logo":{"@type":"ImageObject","inLanguage":"en-US","@id":"https:\/\/www.mexicanguitarplayers.com\/#\/schema\/logo\/image\/","url":"","contentUrl":"","caption":"Mexican Guitar Players"},"image":{"@id":"https:\/\/www.mexicanguitarplayers.com\/#\/schema\/logo\/image\/"}}]}},"brands":[{"id":171,"name":"BEHRINGER","slug":"behringer"}],"_links":{"self":[{"href":"https:\/\/www.mexicanguitarplayers.com\/en\/wp-json\/wp\/v2\/product\/27686","targetHints":{"allow":["GET"]}}],"collection":[{"href":"https:\/\/www.mexicanguitarplayers.com\/en\/wp-json\/wp\/v2\/product"}],"about":[{"href":"https:\/\/www.mexicanguitarplayers.com\/en\/wp-json\/wp\/v2\/types\/product"}],"replies":[{"embeddable":true,"href":"https:\/\/www.mexicanguitarplayers.com\/en\/wp-json\/wp\/v2\/comments?post=27686"}],"wp:featuredmedia":[{"embeddable":true,"href":"https:\/\/www.mexicanguitarplayers.com\/en\/wp-json\/wp\/v2\/media\/27682"}],"wp:attachment":[{"href":"https:\/\/www.mexicanguitarplayers.com\/en\/wp-json\/wp\/v2\/media?parent=27686"}],"wp:term":[{"taxonomy":"pwb-brand","embeddable":true,"href":"https:\/\/www.mexicanguitarplayers.com\/en\/wp-json\/wp\/v2\/pwb-brand?post=27686"},{"taxonomy":"product_brand","embeddable":true,"href":"https:\/\/www.mexicanguitarplayers.com\/en\/wp-json\/wp\/v2\/product_brand?post=27686"},{"taxonomy":"product_cat","embeddable":true,"href":"https:\/\/www.mexicanguitarplayers.com\/en\/wp-json\/wp\/v2\/product_cat?post=27686"},{"taxonomy":"product_tag","embeddable":true,"href":"https:\/\/www.mexicanguitarplayers.com\/en\/wp-json\/wp\/v2\/product_tag?post=27686"}],"curies":[{"name":"wp","href":"https:\/\/api.w.org\/{rel}","templated":true}]}}