{"id":27727,"date":"2025-04-07T13:32:24","date_gmt":"2025-04-07T19:32:24","guid":{"rendered":"https:\/\/www.mexicanguitarplayers.com\/tienda\/sin categor\u00eda\/bafle-audiocenter-modelo-sa315\/"},"modified":"2026-04-10T04:41:38","modified_gmt":"2026-04-10T10:41:38","slug":"bafle-audiocenter-modelo-sa315","status":"publish","type":"product","link":"https:\/\/www.mexicanguitarplayers.com\/en\/tienda\/audio\/bafles-y-bocinas\/bafles\/bafles-activos\/bafle-audiocenter-modelo-sa315\/","title":{"rendered":"BAFLE AUDIOCENTER MODELO SA315"},"content":{"rendered":"<div style=\"text-align: justify\">\n<div>\n<h3>Un gran sistema de audio.<\/h3>\n<\/div>\n<div>La serie SA3 de Audiocenter es el \u00faltimo altavoz activo controlado por DSP con alto rendimiento y una gran relaci\u00f3n entre calidad y precio. SA3 est\u00e1 construido con tecnolog\u00eda BrainCore, que analiza y procesa la se\u00f1al de entrada, el m\u00f3dulo DSP y el amplificador Clase D de manera \u00f3ptima, mejorando significativamente el rendimiento de audio del sistema. El Bluetooth incorporado hace que varios dispositivos Bluetooth puedan conectarse f\u00e1cilmente a los altavoces de la serie SA3 y obtener la salida de audio. SA3 est\u00e1 dise\u00f1ado tanto para instalaci\u00f3n fija y giras, as\u00ed como para salas de conferencias, salas multiusos, lugares de culto, museos, bodas, conferencias, DJ, monitores de escenario, etc. Dos entradas combo Canal A (XLR de 1 v\u00eda y conector mono de 6.3) est\u00e1n disponibles en el bafle SA315, las cuales pueden cambiarse entre entrada de l\u00ednea y entrada de micr\u00f3fono. El puerto de audio Canal B (Jack mono o puerto RCA) es para otros recursos de sonido, como MP3, reproductor de CD, etc. Hay un puerto de entrada de se\u00f1al de 1 v\u00eda para Bluetooth y el volumen es controlado por la terminal. La ganancia de la entrada de se\u00f1al Canal A\/B se controla mediante un mando independiente y un mando de control master de volumen de 1 v\u00eda. Las 4 diferentes fuentes de audio diferentes pueden ser de salida paralela con XLR de 1 v\u00eda despu\u00e9s de mezclarse internamente y luego enviarse a diferentes altavoces para distribuci\u00f3n de sonido. SA315 puede ser instalado por cable de acero. Tambi\u00e9n se puede colocar en el suelo mediante una barra de acoplamiento o un soporte de 3 pies. El poste de montaje es de 35 mm. Se ofrecen varios accesorios para el SA312 para cumplir con diferentes tipos de instalaciones.<\/div>\n<div>\n<h4>Quick look<\/h4>\n<\/div>\n<ul style=\"margin: 0px 0px 0px 25px\">\n<li style=\"list-style-type: circle;margin: 5px\">Kind.<\/li>\n<li style=\"list-style-type: circle;margin: 5px\">Respuesta de frecuencia (c\u00e1mara anecoica -6 dB).<\/li>\n<li style=\"list-style-type: circle;margin: 5px\">Maximum SPL.<\/li>\n<li style=\"list-style-type: circle;margin: 5px\">Driver LF.<\/li>\n<li style=\"list-style-type: circle;margin: 5px\">Driver HF.<\/li>\n<li style=\"list-style-type: circle;margin: 5px\">Cobertura horizontal.<\/li>\n<li style=\"list-style-type: circle;margin: 5px\">Cobertura vertical.<\/li>\n<li style=\"list-style-type: circle;margin: 5px\">Amplifier.<\/li>\n<li style=\"list-style-type: circle;margin: 5px\">DSP.<\/li>\n<li style=\"list-style-type: circle;margin: 5px\">Entrada\/Salida.<\/li>\n<li style=\"list-style-type: circle;margin: 5px\">Gabinete.<\/li>\n<li style=\"list-style-type: circle;margin: 5px\">Dimensions.<\/li>\n<li style=\"list-style-type: circle;margin: 5px\">Weight.<\/li>\n<\/ul>\n<div>\n<div style=\"font-weight: bold\">Kind.<\/div>\n<div>\n<p>Bafle activo de rango completo controlado por DSP.<\/p>\n<\/div>\n<div style=\"font-weight: bold\">Respuesta de frecuencia (c\u00e1mara anecoica -6 dB).<\/div>\n<div>\n<p>44 Hz &#8211; 20 kHz.<\/p>\n<\/div>\n<div style=\"font-weight: bold\">Maximum SPL.<\/div>\n<div>\n<p>134 dB.<\/p>\n<\/div>\n<div style=\"font-weight: bold\">Driver LF.<\/div>\n<div>\n<p>Altavoz Audiocenter personalizado de 15\u201d con im\u00e1n de ferrita y bobina m\u00f3vil de 3\u201d pulgadas.<\/p>\n<\/div>\n<div style=\"font-weight: bold\">Driver HF.<\/div>\n<div>\n<p>Driver Audiocenter personalizado con im\u00e1n de ferrita, salida de 1\u201d y bobina m\u00f3vil de 1.75\u201d.<\/p>\n<\/div>\n<div style=\"font-weight: bold\">Cobertura horizontal.<\/div>\n<div>\n<p>60\u00b0.<\/p>\n<\/div>\n<div style=\"font-weight: bold\">Cobertura vertical.<\/div>\n<div>\n<p>40\u00b0.<\/p>\n<\/div>\n<div style=\"font-weight: bold\">Amplifier.<\/div>\n<div>\n<p>Circuiter\u00eda del amplificador: Clase D. Potencia: 2000W pico. Respuesta de frecuencia de amplificador: (1W 8 ohms 2 canales): 20 Hz &#8211; 20 kHz (\u00b10.5 dB). Distorsi\u00f3n de intermodulaci\u00f3n: &lt;0.05% Distorsi\u00f3n arm\u00f3nica total: &lt;0.05% Protecci\u00f3n DC, corto circuito,  sobrecarga, sobrecarga de entrada, sobrecarga de salida, arranque suave, sobretensi\u00f3n y subtensi\u00f3n. Sistema de enfriamiento: Enfriamiento con ventiladores, convecci\u00f3n de aire.<\/p>\n<\/div>\n<div style=\"font-weight: bold\">DSP.<\/div>\n<div>\n<p>Procesador: 96 kHz frecuencia de muestreo de la se\u00f1al, precisi\u00f3n de 24 bits. Preajustes: Ajustable por medio de perillas en el panel posterior. Crossover: Controlado por DSP.<\/p>\n<\/div>\n<div style=\"font-weight: bold\">Entrada\/Salida.<\/div>\n<div>\n<p>Entrada de se\u00f1al: 1 XLR NEUTRIK hembra (Mono jack 6.35), 1 Mono jack 6.35 y un RCA, 1 Bluetooth. Salida de se\u00f1al: 1 XLR NEUTRIK\u00ae macho. Entrada de energ\u00eda: Plug de 3 pines. Voltaje de funcionamiento: 100V-130V\/60Hz o 220V-240V\/50Hz.<\/p>\n<\/div>\n<div style=\"font-weight: bold\">Gabinete.<\/div>\n<div>\n<p>Material del gabinete: CNC de excelente madera. Polo de montaje: F35 mm.<\/p>\n<\/div>\n<div style=\"font-weight: bold\">Dimensions.<\/div>\n<div>\n<p>439 \u00d7 760 \u00d7 454 mm.<\/p>\n<\/div>\n<div style=\"font-weight: bold\">Weight.<\/div>\n<div>\n<p>27 kg.<\/p>\n<\/div>\n<\/div>\n<\/div>","protected":false},"excerpt":{"rendered":"<p>Bafle activo de rango completo controlado por DSP, dise\u00f1ado con madera, altavoz LF AudioCenter personalizado de 15\u201d con im\u00e1n de ferrita, y bobina m\u00f3vil de 3\u201d, driver HF AudioCenter personalizado con im\u00e1n de ferrita, salida de 1\u201d y bobina m\u00f3vil de 1.75\u201d, amplificador clase D, potencia de 2000W pico, repuesta de frecuencia de 20 Hz &#8211; 20 kHz, dos entradas combo, en el canal A un conector XLR y conector mono 6.35, en el conector B un conector XLR y conector mono 6.35, cada uno de los canales cuenta con su control del ganancia independiente, adem\u00e1s de una puerto RCA, para otros recursos como lo son reproductores MP3, reproductores de CD etc, capacidad de usar las salidas con las que cuenta para interconectar m\u00e1s sistemas de la misma serie y cubrir m\u00e1s espacio, conexi\u00f3n bluetooth con su propio control de volumen y f\u00e1cil de emparejar dispositivos m\u00f3viles, opci\u00f3n a ser colocado en el suelo mediante una barra de acoplamiento o soporte tripie, se ofrecen varios accesorios extras para cubrir diferentes tipos de instalaciones, configurable con subwoofers de la misma serie SA3, voltaje de funcionamiento: 100V-130V\/60Hz o 220V-240V\/50Hz.&hellip; <a class=\"kt-excerpt-readmore more-link\" href=\"https:\/\/www.mexicanguitarplayers.com\/en\/tienda\/audio\/bafles-y-bocinas\/bafles\/bafles-activos\/bafle-audiocenter-modelo-sa315\/\">Read more<\/a><\/p>","protected":false},"featured_media":27725,"comment_status":"open","ping_status":"closed","template":"","meta":{"kt_blocks_editor_width":""},"pwb-brand":[525],"product_brand":[],"product_cat":[213,222,472,221],"product_tag":[],"class_list":{"0":"post-27727","1":"product","2":"type-product","3":"status-publish","4":"has-post-thumbnail","6":"pwb-brand-audiocenter","7":"product_cat-audio","8":"product_cat-bafles","9":"product_cat-bafles-activos","10":"product_cat-bafles-y-bocinas","11":"product_shipping_class-25-30-kg","13":"first","14":"outofstock","15":"taxable","16":"shipping-taxable","17":"purchasable","18":"product-type-simple"},"yoast_head":"<!-- This site is optimized with the Yoast SEO plugin v27.5 - https:\/\/yoast.com\/product\/yoast-seo-wordpress\/ -->\n<title>BAFLE AUDIOCENTER MODELO SA315 - Mexican Guitar Players<\/title>\n<meta name=\"description\" content=\"Bafle activo de rango completo controlado por DSP, dise\u00f1ado con madera, altavoz LF AudioCenter personalizado de 15\u201d con im\u00e1n de ferrita, y bobina m\u00f3vil de 3\u201d, driver HF AudioCenter personalizado con im\u00e1n de ferrita, salida de 1\u201d y bobina m\u00f3vil de 1.75\u201d, amplificador clase D, potencia de 2000W pico, repuesta de frecuencia de 20 Hz - 20 kHz, dos entradas combo, en el canal A un conector XLR y conector mono 6.35, en el conector B un conector XLR y conector mono 6.35, cada uno de los canales cuenta con su control del ganancia independiente, adem\u00e1s de una puerto RCA, para otros recursos como lo son reproductores MP3, reproductores de CD etc, capacidad de usar las salidas con las que cuenta para interconectar m\u00e1s sistemas de la misma serie y cubrir m\u00e1s espacio, conexi\u00f3n bluetooth con su propio control de volumen y f\u00e1cil de emparejar dispositivos m\u00f3viles, opci\u00f3n a ser colocado en el suelo mediante una barra de acoplamiento o soporte tripie, se ofrecen varios accesorios extras para cubrir diferentes tipos de instalaciones, configurable con subwoofers de la misma serie SA3, voltaje de funcionamiento: 100V-130V\/60Hz o 220V-240V\/50Hz.\" \/>\n<meta name=\"robots\" content=\"index, follow, max-snippet:-1, max-image-preview:large, max-video-preview:-1\" \/>\n<link rel=\"canonical\" href=\"https:\/\/www.mexicanguitarplayers.com\/en\/tienda\/sin%20categor\u00eda\/bafle-audiocenter-modelo-sa315\/\" \/>\n<meta property=\"og:locale\" content=\"en_US\" \/>\n<meta property=\"og:type\" content=\"article\" \/>\n<meta property=\"og:title\" content=\"BAFLE AUDIOCENTER MODELO SA315 - Mexican Guitar Players\" \/>\n<meta property=\"og:description\" content=\"Bafle activo de rango completo controlado por DSP, dise\u00f1ado con madera, altavoz LF AudioCenter personalizado de 15\u201d con im\u00e1n de ferrita, y bobina m\u00f3vil de 3\u201d, driver HF AudioCenter personalizado con im\u00e1n de ferrita, salida de 1\u201d y bobina m\u00f3vil de 1.75\u201d, amplificador clase D, potencia de 2000W pico, repuesta de frecuencia de 20 Hz - 20 kHz, dos entradas combo, en el canal A un conector XLR y conector mono 6.35, en el conector B un conector XLR y conector mono 6.35, cada uno de los canales cuenta con su control del ganancia independiente, adem\u00e1s de una puerto RCA, para otros recursos como lo son reproductores MP3, reproductores de CD etc, capacidad de usar las salidas con las que cuenta para interconectar m\u00e1s sistemas de la misma serie y cubrir m\u00e1s espacio, conexi\u00f3n bluetooth con su propio control de volumen y f\u00e1cil de emparejar dispositivos m\u00f3viles, opci\u00f3n a ser colocado en el suelo mediante una barra de acoplamiento o soporte tripie, se ofrecen varios accesorios extras para cubrir diferentes tipos de instalaciones, configurable con subwoofers de la misma serie SA3, voltaje de funcionamiento: 100V-130V\/60Hz o 220V-240V\/50Hz.\" \/>\n<meta property=\"og:url\" content=\"https:\/\/www.mexicanguitarplayers.com\/en\/tienda\/sin categor\u00eda\/bafle-audiocenter-modelo-sa315\/\" \/>\n<meta property=\"og:site_name\" content=\"Mexican Guitar Players\" \/>\n<meta property=\"article:modified_time\" content=\"2026-04-10T10:41:38+00:00\" \/>\n<meta name=\"twitter:card\" content=\"summary_large_image\" \/>\n<meta name=\"twitter:label1\" content=\"Est. reading time\" \/>\n\t<meta name=\"twitter:data1\" content=\"3 minutes\" \/>\n<script type=\"application\/ld+json\" class=\"yoast-schema-graph\">{\"@context\":\"https:\\\/\\\/schema.org\",\"@graph\":[{\"@type\":[\"WebPage\",\"ItemPage\"],\"@id\":\"https:\\\/\\\/www.mexicanguitarplayers.com\\\/tienda\\\/sin categor\u00eda\\\/bafle-audiocenter-modelo-sa315\\\/\",\"url\":\"https:\\\/\\\/www.mexicanguitarplayers.com\\\/tienda\\\/sin categor\u00eda\\\/bafle-audiocenter-modelo-sa315\\\/\",\"name\":\"BAFLE AUDIOCENTER MODELO SA315 - Mexican Guitar Players\",\"isPartOf\":{\"@id\":\"https:\\\/\\\/www.mexicanguitarplayers.com\\\/#website\"},\"primaryImageOfPage\":{\"@id\":\"https:\\\/\\\/www.mexicanguitarplayers.com\\\/tienda\\\/sin categor\u00eda\\\/bafle-audiocenter-modelo-sa315\\\/#primaryimage\"},\"image\":{\"@id\":\"https:\\\/\\\/www.mexicanguitarplayers.com\\\/tienda\\\/sin categor\u00eda\\\/bafle-audiocenter-modelo-sa315\\\/#primaryimage\"},\"thumbnailUrl\":\"https:\\\/\\\/www.mexicanguitarplayers.com\\\/wp-content\\\/uploads\\\/2025\\\/04\\\/IAACTSA315.jpg\",\"datePublished\":\"2025-04-07T19:32:24+00:00\",\"dateModified\":\"2026-04-10T10:41:38+00:00\",\"description\":\"Bafle activo de rango completo controlado por DSP, dise\u00f1ado con madera, altavoz LF AudioCenter personalizado de 15\u201d con im\u00e1n de ferrita, y bobina m\u00f3vil de 3\u201d, driver HF AudioCenter personalizado con im\u00e1n de ferrita, salida de 1\u201d y bobina m\u00f3vil de 1.75\u201d, amplificador clase D, potencia de 2000W pico, repuesta de frecuencia de 20 Hz - 20 kHz, dos entradas combo, en el canal A un conector XLR y conector mono 6.35, en el conector B un conector XLR y conector mono 6.35, cada uno de los canales cuenta con su control del ganancia independiente, adem\u00e1s de una puerto RCA, para otros recursos como lo son reproductores MP3, reproductores de CD etc, capacidad de usar las salidas con las que cuenta para interconectar m\u00e1s sistemas de la misma serie y cubrir m\u00e1s espacio, conexi\u00f3n bluetooth con su propio control de volumen y f\u00e1cil de emparejar dispositivos m\u00f3viles, opci\u00f3n a ser colocado en el suelo mediante una barra de acoplamiento o soporte tripie, se ofrecen varios accesorios extras para cubrir diferentes tipos de instalaciones, configurable con subwoofers de la misma serie SA3, voltaje de funcionamiento: 100V-130V\\\/60Hz o 220V-240V\\\/50Hz.\",\"breadcrumb\":{\"@id\":\"https:\\\/\\\/www.mexicanguitarplayers.com\\\/tienda\\\/sin categor\u00eda\\\/bafle-audiocenter-modelo-sa315\\\/#breadcrumb\"},\"inLanguage\":\"en-US\",\"potentialAction\":[{\"@type\":\"ReadAction\",\"target\":[\"https:\\\/\\\/www.mexicanguitarplayers.com\\\/tienda\\\/sin categor\u00eda\\\/bafle-audiocenter-modelo-sa315\\\/\"]}]},{\"@type\":\"ImageObject\",\"inLanguage\":\"en-US\",\"@id\":\"https:\\\/\\\/www.mexicanguitarplayers.com\\\/tienda\\\/sin categor\u00eda\\\/bafle-audiocenter-modelo-sa315\\\/#primaryimage\",\"url\":\"https:\\\/\\\/www.mexicanguitarplayers.com\\\/wp-content\\\/uploads\\\/2025\\\/04\\\/IAACTSA315.jpg\",\"contentUrl\":\"https:\\\/\\\/www.mexicanguitarplayers.com\\\/wp-content\\\/uploads\\\/2025\\\/04\\\/IAACTSA315.jpg\",\"width\":1200,\"height\":1200},{\"@type\":\"BreadcrumbList\",\"@id\":\"https:\\\/\\\/www.mexicanguitarplayers.com\\\/tienda\\\/sin categor\u00eda\\\/bafle-audiocenter-modelo-sa315\\\/#breadcrumb\",\"itemListElement\":[{\"@type\":\"ListItem\",\"position\":1,\"name\":\"Portada\",\"item\":\"https:\\\/\\\/www.mexicanguitarplayers.com\\\/\"},{\"@type\":\"ListItem\",\"position\":2,\"name\":\"Tienda\",\"item\":\"https:\\\/\\\/www.mexicanguitarplayers.com\\\/tienda\\\/\"},{\"@type\":\"ListItem\",\"position\":3,\"name\":\"BAFLE AUDIOCENTER MODELO SA315\"}]},{\"@type\":\"WebSite\",\"@id\":\"https:\\\/\\\/www.mexicanguitarplayers.com\\\/#website\",\"url\":\"https:\\\/\\\/www.mexicanguitarplayers.com\\\/\",\"name\":\"Mexican Guitar Players\",\"description\":\"Website\",\"publisher\":{\"@id\":\"https:\\\/\\\/www.mexicanguitarplayers.com\\\/#organization\"},\"potentialAction\":[{\"@type\":\"SearchAction\",\"target\":{\"@type\":\"EntryPoint\",\"urlTemplate\":\"https:\\\/\\\/www.mexicanguitarplayers.com\\\/?s={search_term_string}\"},\"query-input\":{\"@type\":\"PropertyValueSpecification\",\"valueRequired\":true,\"valueName\":\"search_term_string\"}}],\"inLanguage\":\"en-US\"},{\"@type\":\"Organization\",\"@id\":\"https:\\\/\\\/www.mexicanguitarplayers.com\\\/#organization\",\"name\":\"Mexican Guitar Players\",\"url\":\"https:\\\/\\\/www.mexicanguitarplayers.com\\\/\",\"logo\":{\"@type\":\"ImageObject\",\"inLanguage\":\"en-US\",\"@id\":\"https:\\\/\\\/www.mexicanguitarplayers.com\\\/#\\\/schema\\\/logo\\\/image\\\/\",\"url\":\"\",\"contentUrl\":\"\",\"caption\":\"Mexican Guitar Players\"},\"image\":{\"@id\":\"https:\\\/\\\/www.mexicanguitarplayers.com\\\/#\\\/schema\\\/logo\\\/image\\\/\"}}]}<\/script>\n<!-- \/ Yoast SEO plugin. -->","yoast_head_json":{"title":"BAFLE AUDIOCENTER MODELO SA315 - Mexican Guitar Players","description":"Bafle activo de rango completo controlado por DSP, dise\u00f1ado con madera, altavoz LF AudioCenter personalizado de 15\u201d con im\u00e1n de ferrita, y bobina m\u00f3vil de 3\u201d, driver HF AudioCenter personalizado con im\u00e1n de ferrita, salida de 1\u201d y bobina m\u00f3vil de 1.75\u201d, amplificador clase D, potencia de 2000W pico, repuesta de frecuencia de 20 Hz - 20 kHz, dos entradas combo, en el canal A un conector XLR y conector mono 6.35, en el conector B un conector XLR y conector mono 6.35, cada uno de los canales cuenta con su control del ganancia independiente, adem\u00e1s de una puerto RCA, para otros recursos como lo son reproductores MP3, reproductores de CD etc, capacidad de usar las salidas con las que cuenta para interconectar m\u00e1s sistemas de la misma serie y cubrir m\u00e1s espacio, conexi\u00f3n bluetooth con su propio control de volumen y f\u00e1cil de emparejar dispositivos m\u00f3viles, opci\u00f3n a ser colocado en el suelo mediante una barra de acoplamiento o soporte tripie, se ofrecen varios accesorios extras para cubrir diferentes tipos de instalaciones, configurable con subwoofers de la misma serie SA3, voltaje de funcionamiento: 100V-130V\/60Hz o 220V-240V\/50Hz.","robots":{"index":"index","follow":"follow","max-snippet":"max-snippet:-1","max-image-preview":"max-image-preview:large","max-video-preview":"max-video-preview:-1"},"canonical":"https:\/\/www.mexicanguitarplayers.com\/en\/tienda\/sin categor\u00eda\/bafle-audiocenter-modelo-sa315\/","og_locale":"en_US","og_type":"article","og_title":"BAFLE AUDIOCENTER MODELO SA315 - Mexican Guitar Players","og_description":"Bafle activo de rango completo controlado por DSP, dise\u00f1ado con madera, altavoz LF AudioCenter personalizado de 15\u201d con im\u00e1n de ferrita, y bobina m\u00f3vil de 3\u201d, driver HF AudioCenter personalizado con im\u00e1n de ferrita, salida de 1\u201d y bobina m\u00f3vil de 1.75\u201d, amplificador clase D, potencia de 2000W pico, repuesta de frecuencia de 20 Hz - 20 kHz, dos entradas combo, en el canal A un conector XLR y conector mono 6.35, en el conector B un conector XLR y conector mono 6.35, cada uno de los canales cuenta con su control del ganancia independiente, adem\u00e1s de una puerto RCA, para otros recursos como lo son reproductores MP3, reproductores de CD etc, capacidad de usar las salidas con las que cuenta para interconectar m\u00e1s sistemas de la misma serie y cubrir m\u00e1s espacio, conexi\u00f3n bluetooth con su propio control de volumen y f\u00e1cil de emparejar dispositivos m\u00f3viles, opci\u00f3n a ser colocado en el suelo mediante una barra de acoplamiento o soporte tripie, se ofrecen varios accesorios extras para cubrir diferentes tipos de instalaciones, configurable con subwoofers de la misma serie SA3, voltaje de funcionamiento: 100V-130V\/60Hz o 220V-240V\/50Hz.","og_url":"https:\/\/www.mexicanguitarplayers.com\/en\/tienda\/sin categor\u00eda\/bafle-audiocenter-modelo-sa315\/","og_site_name":"Mexican Guitar Players","article_modified_time":"2026-04-10T10:41:38+00:00","twitter_card":"summary_large_image","twitter_misc":{"Est. reading time":"3 minutes"},"schema":{"@context":"https:\/\/schema.org","@graph":[{"@type":["WebPage","ItemPage"],"@id":"https:\/\/www.mexicanguitarplayers.com\/tienda\/sin categor\u00eda\/bafle-audiocenter-modelo-sa315\/","url":"https:\/\/www.mexicanguitarplayers.com\/tienda\/sin categor\u00eda\/bafle-audiocenter-modelo-sa315\/","name":"BAFLE AUDIOCENTER MODELO SA315 - Mexican Guitar Players","isPartOf":{"@id":"https:\/\/www.mexicanguitarplayers.com\/#website"},"primaryImageOfPage":{"@id":"https:\/\/www.mexicanguitarplayers.com\/tienda\/sin categor\u00eda\/bafle-audiocenter-modelo-sa315\/#primaryimage"},"image":{"@id":"https:\/\/www.mexicanguitarplayers.com\/tienda\/sin categor\u00eda\/bafle-audiocenter-modelo-sa315\/#primaryimage"},"thumbnailUrl":"https:\/\/www.mexicanguitarplayers.com\/wp-content\/uploads\/2025\/04\/IAACTSA315.jpg","datePublished":"2025-04-07T19:32:24+00:00","dateModified":"2026-04-10T10:41:38+00:00","description":"Bafle activo de rango completo controlado por DSP, dise\u00f1ado con madera, altavoz LF AudioCenter personalizado de 15\u201d con im\u00e1n de ferrita, y bobina m\u00f3vil de 3\u201d, driver HF AudioCenter personalizado con im\u00e1n de ferrita, salida de 1\u201d y bobina m\u00f3vil de 1.75\u201d, amplificador clase D, potencia de 2000W pico, repuesta de frecuencia de 20 Hz - 20 kHz, dos entradas combo, en el canal A un conector XLR y conector mono 6.35, en el conector B un conector XLR y conector mono 6.35, cada uno de los canales cuenta con su control del ganancia independiente, adem\u00e1s de una puerto RCA, para otros recursos como lo son reproductores MP3, reproductores de CD etc, capacidad de usar las salidas con las que cuenta para interconectar m\u00e1s sistemas de la misma serie y cubrir m\u00e1s espacio, conexi\u00f3n bluetooth con su propio control de volumen y f\u00e1cil de emparejar dispositivos m\u00f3viles, opci\u00f3n a ser colocado en el suelo mediante una barra de acoplamiento o soporte tripie, se ofrecen varios accesorios extras para cubrir diferentes tipos de instalaciones, configurable con subwoofers de la misma serie SA3, voltaje de funcionamiento: 100V-130V\/60Hz o 220V-240V\/50Hz.","breadcrumb":{"@id":"https:\/\/www.mexicanguitarplayers.com\/tienda\/sin categor\u00eda\/bafle-audiocenter-modelo-sa315\/#breadcrumb"},"inLanguage":"en-US","potentialAction":[{"@type":"ReadAction","target":["https:\/\/www.mexicanguitarplayers.com\/tienda\/sin categor\u00eda\/bafle-audiocenter-modelo-sa315\/"]}]},{"@type":"ImageObject","inLanguage":"en-US","@id":"https:\/\/www.mexicanguitarplayers.com\/tienda\/sin categor\u00eda\/bafle-audiocenter-modelo-sa315\/#primaryimage","url":"https:\/\/www.mexicanguitarplayers.com\/wp-content\/uploads\/2025\/04\/IAACTSA315.jpg","contentUrl":"https:\/\/www.mexicanguitarplayers.com\/wp-content\/uploads\/2025\/04\/IAACTSA315.jpg","width":1200,"height":1200},{"@type":"BreadcrumbList","@id":"https:\/\/www.mexicanguitarplayers.com\/tienda\/sin categor\u00eda\/bafle-audiocenter-modelo-sa315\/#breadcrumb","itemListElement":[{"@type":"ListItem","position":1,"name":"Portada","item":"https:\/\/www.mexicanguitarplayers.com\/"},{"@type":"ListItem","position":2,"name":"Tienda","item":"https:\/\/www.mexicanguitarplayers.com\/tienda\/"},{"@type":"ListItem","position":3,"name":"BAFLE AUDIOCENTER MODELO SA315"}]},{"@type":"WebSite","@id":"https:\/\/www.mexicanguitarplayers.com\/#website","url":"https:\/\/www.mexicanguitarplayers.com\/","name":"Mexican Guitar Players","description":"Website","publisher":{"@id":"https:\/\/www.mexicanguitarplayers.com\/#organization"},"potentialAction":[{"@type":"SearchAction","target":{"@type":"EntryPoint","urlTemplate":"https:\/\/www.mexicanguitarplayers.com\/?s={search_term_string}"},"query-input":{"@type":"PropertyValueSpecification","valueRequired":true,"valueName":"search_term_string"}}],"inLanguage":"en-US"},{"@type":"Organization","@id":"https:\/\/www.mexicanguitarplayers.com\/#organization","name":"Mexican Guitar Players","url":"https:\/\/www.mexicanguitarplayers.com\/","logo":{"@type":"ImageObject","inLanguage":"en-US","@id":"https:\/\/www.mexicanguitarplayers.com\/#\/schema\/logo\/image\/","url":"","contentUrl":"","caption":"Mexican Guitar Players"},"image":{"@id":"https:\/\/www.mexicanguitarplayers.com\/#\/schema\/logo\/image\/"}}]}},"brands":[{"id":525,"name":"AUDIOCENTER","slug":"audiocenter"}],"_links":{"self":[{"href":"https:\/\/www.mexicanguitarplayers.com\/en\/wp-json\/wp\/v2\/product\/27727","targetHints":{"allow":["GET"]}}],"collection":[{"href":"https:\/\/www.mexicanguitarplayers.com\/en\/wp-json\/wp\/v2\/product"}],"about":[{"href":"https:\/\/www.mexicanguitarplayers.com\/en\/wp-json\/wp\/v2\/types\/product"}],"replies":[{"embeddable":true,"href":"https:\/\/www.mexicanguitarplayers.com\/en\/wp-json\/wp\/v2\/comments?post=27727"}],"wp:featuredmedia":[{"embeddable":true,"href":"https:\/\/www.mexicanguitarplayers.com\/en\/wp-json\/wp\/v2\/media\/27725"}],"wp:attachment":[{"href":"https:\/\/www.mexicanguitarplayers.com\/en\/wp-json\/wp\/v2\/media?parent=27727"}],"wp:term":[{"taxonomy":"pwb-brand","embeddable":true,"href":"https:\/\/www.mexicanguitarplayers.com\/en\/wp-json\/wp\/v2\/pwb-brand?post=27727"},{"taxonomy":"product_brand","embeddable":true,"href":"https:\/\/www.mexicanguitarplayers.com\/en\/wp-json\/wp\/v2\/product_brand?post=27727"},{"taxonomy":"product_cat","embeddable":true,"href":"https:\/\/www.mexicanguitarplayers.com\/en\/wp-json\/wp\/v2\/product_cat?post=27727"},{"taxonomy":"product_tag","embeddable":true,"href":"https:\/\/www.mexicanguitarplayers.com\/en\/wp-json\/wp\/v2\/product_tag?post=27727"}],"curies":[{"name":"wp","href":"https:\/\/api.w.org\/{rel}","templated":true}]}}