{"id":27739,"date":"2025-04-07T13:33:10","date_gmt":"2025-04-07T19:33:10","guid":{"rendered":"https:\/\/www.mexicanguitarplayers.com\/tienda\/sin categor\u00eda\/preamp-sd-activo-de-3-bandas-p-bajo-pasivo\/"},"modified":"2026-04-10T04:41:36","modified_gmt":"2026-04-10T10:41:36","slug":"preamp-sd-activo-de-3-bandas-p-bajo-pasivo","status":"publish","type":"product","link":"https:\/\/www.mexicanguitarplayers.com\/en\/tienda\/accesorios\/estuches-y-fundas\/para-bajo-estuches-y-fundas\/preamp-sd-activo-de-3-bandas-p-bajo-pasivo\/","title":{"rendered":"PREAMP SD ACTIVO DE 3 BANDAS P\/BAJO PASIVO"},"content":{"rendered":"<div style=\"text-align: justify\">\n<div>\n<h3>Active Bass\u2122 Preamp 3 Band for Passive<\/h3>\n<\/div>\n<div>Ofrecemos un preamplificador de ecualizador integrado activo de 3 bandas (STC-3P) de alto margen din\u00e1mico y bajo ruido para usar con pastillas pasivas. Cada preamplificador de bajo activo viene con potenci\u00f3metros de alta calidad en un arn\u00e9s precableado, clip de bater\u00eda y perillas estriadas estilo c\u00fapula negra.<\/div>\n<div>\n<h4>Characteristics<\/h4>\n<\/div>\n<div>\n<ul style=\"margin: 0px 0px 0px 25px\">\n<li style=\"list-style-type: circle;margin: 5px\">N\u00famero de pieza<\/li>\n<li style=\"list-style-type: circle;margin: 5px\">COLOR<\/li>\n<\/ul>\n<\/div>\n<\/div>","protected":false},"excerpt":{"rendered":"<p>El STC-3P, dise\u00f1ado para pastillas pasivas, proporciona controles conc\u00e9ntricos de graves y agudos, control de rango medio, volumen maestro, control de mezcla y nuestro interruptor Slap patentado. El control de agudos puede producir una amplia respuesta extremadamente \u00fatil que es brillante, pero suave sin ser quebradiza. El bajo se puede reducir para reforzar un instrumento retumbante, o se puede aumentar para agregar calidez y fuerza. El rango medio se puede ajustar para dar m\u00e1s fuerza o primicia para mayor claridad. El interruptor Slap es un bot\u00f3n push\/pull ubicado en el control de volumen. Al tirar hacia arriba de la perilla de volumen, se activar\u00e1 el contorno de ecualizaci\u00f3n especial expresado espec\u00edficamente para tocar slap. Los dos potenci\u00f3metros de ajuste peque\u00f1os en la placa de circuito se pueden ajustar para preestablecer el ecualizador de contorno de bofetada de la manera que desee. El control de tono STC-3P est\u00e1 dise\u00f1ado para funcionar en cualquier bajo que est\u00e9 equipado con dos pastillas activas y tiene espacio para 4 perillas de control (interruptor de volumen\/slap, controles de mezcla, medios, bajos conc\u00e9ntricos y agudos) y una sola bater\u00eda de 9v en el cavidad de mando. Se pueden conectar dos bater\u00edas de 9v juntas en serie para aumentar el espacio libre. Incluimos todo el hardware de montaje necesario potenci\u00f3metros de alta calidad en arn\u00e9s precableado; clip de bater\u00eda; y perillas anodizadas negras, moleteadas, estilo c\u00fapula.&hellip; <a class=\"kt-excerpt-readmore more-link\" href=\"https:\/\/www.mexicanguitarplayers.com\/en\/tienda\/accesorios\/estuches-y-fundas\/para-bajo-estuches-y-fundas\/preamp-sd-activo-de-3-bandas-p-bajo-pasivo\/\">Read more<\/a><\/p>","protected":false},"featured_media":27736,"comment_status":"open","ping_status":"closed","template":"","meta":{"kt_blocks_editor_width":""},"pwb-brand":[502],"product_brand":[],"product_cat":[85,578],"product_tag":[],"class_list":{"0":"post-27739","1":"product","2":"type-product","3":"status-publish","4":"has-post-thumbnail","6":"pwb-brand-seymour-duncan","7":"product_cat-accesorios","8":"product_cat-para-bajo-estuches-y-fundas","9":"product_shipping_class-0-5-kg","11":"first","12":"outofstock","13":"taxable","14":"shipping-taxable","15":"purchasable","16":"product-type-simple"},"yoast_head":"<!-- This site is optimized with the Yoast SEO plugin v27.5 - https:\/\/yoast.com\/product\/yoast-seo-wordpress\/ -->\n<title>PREAMP SD ACTIVO DE 3 BANDAS P\/BAJO PASIVO - Mexican Guitar Players<\/title>\n<meta name=\"description\" content=\"El STC-3P, dise\u00f1ado para pastillas pasivas, proporciona controles conc\u00e9ntricos de graves y agudos, control de rango medio, volumen maestro, control de mezcla y nuestro interruptor Slap patentado. El control de agudos puede producir una amplia respuesta extremadamente \u00fatil que es brillante, pero suave sin ser quebradiza. El bajo se puede reducir para reforzar un instrumento retumbante, o se puede aumentar para agregar calidez y fuerza. El rango medio se puede ajustar para dar m\u00e1s fuerza o primicia para mayor claridad. El interruptor Slap es un bot\u00f3n push\/pull ubicado en el control de volumen. Al tirar hacia arriba de la perilla de volumen, se activar\u00e1 el contorno de ecualizaci\u00f3n especial expresado espec\u00edficamente para tocar slap. Los dos potenci\u00f3metros de ajuste peque\u00f1os en la placa de circuito se pueden ajustar para preestablecer el ecualizador de contorno de bofetada de la manera que desee. El control de tono STC-3P est\u00e1 dise\u00f1ado para funcionar en cualquier bajo que est\u00e9 equipado con dos pastillas activas y tiene espacio para 4 perillas de control (interruptor de volumen\/slap, controles de mezcla, medios, bajos conc\u00e9ntricos y agudos) y una sola bater\u00eda de 9v en el cavidad de mando. Se pueden conectar dos bater\u00edas de 9v juntas en serie para aumentar el espacio libre. Incluimos todo el hardware de montaje necesario potenci\u00f3metros de alta calidad en arn\u00e9s precableado; clip de bater\u00eda; y perillas anodizadas negras, moleteadas, estilo c\u00fapula.\" \/>\n<meta name=\"robots\" content=\"index, follow, max-snippet:-1, max-image-preview:large, max-video-preview:-1\" \/>\n<link rel=\"canonical\" href=\"https:\/\/www.mexicanguitarplayers.com\/en\/tienda\/sin%20categor\u00eda\/preamp-sd-activo-de-3-bandas-p-bajo-pasivo\/\" \/>\n<meta property=\"og:locale\" content=\"en_US\" \/>\n<meta property=\"og:type\" content=\"article\" \/>\n<meta property=\"og:title\" content=\"PREAMP SD ACTIVO DE 3 BANDAS P\/BAJO PASIVO - Mexican Guitar Players\" \/>\n<meta property=\"og:description\" content=\"El STC-3P, dise\u00f1ado para pastillas pasivas, proporciona controles conc\u00e9ntricos de graves y agudos, control de rango medio, volumen maestro, control de mezcla y nuestro interruptor Slap patentado. El control de agudos puede producir una amplia respuesta extremadamente \u00fatil que es brillante, pero suave sin ser quebradiza. El bajo se puede reducir para reforzar un instrumento retumbante, o se puede aumentar para agregar calidez y fuerza. El rango medio se puede ajustar para dar m\u00e1s fuerza o primicia para mayor claridad. El interruptor Slap es un bot\u00f3n push\/pull ubicado en el control de volumen. Al tirar hacia arriba de la perilla de volumen, se activar\u00e1 el contorno de ecualizaci\u00f3n especial expresado espec\u00edficamente para tocar slap. Los dos potenci\u00f3metros de ajuste peque\u00f1os en la placa de circuito se pueden ajustar para preestablecer el ecualizador de contorno de bofetada de la manera que desee. El control de tono STC-3P est\u00e1 dise\u00f1ado para funcionar en cualquier bajo que est\u00e9 equipado con dos pastillas activas y tiene espacio para 4 perillas de control (interruptor de volumen\/slap, controles de mezcla, medios, bajos conc\u00e9ntricos y agudos) y una sola bater\u00eda de 9v en el cavidad de mando. Se pueden conectar dos bater\u00edas de 9v juntas en serie para aumentar el espacio libre. Incluimos todo el hardware de montaje necesario potenci\u00f3metros de alta calidad en arn\u00e9s precableado; clip de bater\u00eda; y perillas anodizadas negras, moleteadas, estilo c\u00fapula.\" \/>\n<meta property=\"og:url\" content=\"https:\/\/www.mexicanguitarplayers.com\/en\/tienda\/sin categor\u00eda\/preamp-sd-activo-de-3-bandas-p-bajo-pasivo\/\" \/>\n<meta property=\"og:site_name\" content=\"Mexican Guitar Players\" \/>\n<meta property=\"article:modified_time\" content=\"2026-04-10T10:41:36+00:00\" \/>\n<meta name=\"twitter:card\" content=\"summary_large_image\" \/>\n<script type=\"application\/ld+json\" class=\"yoast-schema-graph\">{\"@context\":\"https:\\\/\\\/schema.org\",\"@graph\":[{\"@type\":[\"WebPage\",\"ItemPage\"],\"@id\":\"https:\\\/\\\/www.mexicanguitarplayers.com\\\/tienda\\\/sin categor\u00eda\\\/preamp-sd-activo-de-3-bandas-p-bajo-pasivo\\\/\",\"url\":\"https:\\\/\\\/www.mexicanguitarplayers.com\\\/tienda\\\/sin categor\u00eda\\\/preamp-sd-activo-de-3-bandas-p-bajo-pasivo\\\/\",\"name\":\"PREAMP SD ACTIVO DE 3 BANDAS P\\\/BAJO PASIVO - Mexican Guitar Players\",\"isPartOf\":{\"@id\":\"https:\\\/\\\/www.mexicanguitarplayers.com\\\/#website\"},\"primaryImageOfPage\":{\"@id\":\"https:\\\/\\\/www.mexicanguitarplayers.com\\\/tienda\\\/sin categor\u00eda\\\/preamp-sd-activo-de-3-bandas-p-bajo-pasivo\\\/#primaryimage\"},\"image\":{\"@id\":\"https:\\\/\\\/www.mexicanguitarplayers.com\\\/tienda\\\/sin categor\u00eda\\\/preamp-sd-activo-de-3-bandas-p-bajo-pasivo\\\/#primaryimage\"},\"thumbnailUrl\":\"https:\\\/\\\/www.mexicanguitarplayers.com\\\/wp-content\\\/uploads\\\/2025\\\/04\\\/RASEOSTC3P3BND.jpg\",\"datePublished\":\"2025-04-07T19:33:10+00:00\",\"dateModified\":\"2026-04-10T10:41:36+00:00\",\"description\":\"El STC-3P, dise\u00f1ado para pastillas pasivas, proporciona controles conc\u00e9ntricos de graves y agudos, control de rango medio, volumen maestro, control de mezcla y nuestro interruptor Slap patentado. El control de agudos puede producir una amplia respuesta extremadamente \u00fatil que es brillante, pero suave sin ser quebradiza. El bajo se puede reducir para reforzar un instrumento retumbante, o se puede aumentar para agregar calidez y fuerza. El rango medio se puede ajustar para dar m\u00e1s fuerza o primicia para mayor claridad. El interruptor Slap es un bot\u00f3n push\\\/pull ubicado en el control de volumen. Al tirar hacia arriba de la perilla de volumen, se activar\u00e1 el contorno de ecualizaci\u00f3n especial expresado espec\u00edficamente para tocar slap. Los dos potenci\u00f3metros de ajuste peque\u00f1os en la placa de circuito se pueden ajustar para preestablecer el ecualizador de contorno de bofetada de la manera que desee. El control de tono STC-3P est\u00e1 dise\u00f1ado para funcionar en cualquier bajo que est\u00e9 equipado con dos pastillas activas y tiene espacio para 4 perillas de control (interruptor de volumen\\\/slap, controles de mezcla, medios, bajos conc\u00e9ntricos y agudos) y una sola bater\u00eda de 9v en el cavidad de mando. Se pueden conectar dos bater\u00edas de 9v juntas en serie para aumentar el espacio libre. Incluimos todo el hardware de montaje necesario potenci\u00f3metros de alta calidad en arn\u00e9s precableado; clip de bater\u00eda; y perillas anodizadas negras, moleteadas, estilo c\u00fapula.\",\"breadcrumb\":{\"@id\":\"https:\\\/\\\/www.mexicanguitarplayers.com\\\/tienda\\\/sin categor\u00eda\\\/preamp-sd-activo-de-3-bandas-p-bajo-pasivo\\\/#breadcrumb\"},\"inLanguage\":\"en-US\",\"potentialAction\":[{\"@type\":\"ReadAction\",\"target\":[\"https:\\\/\\\/www.mexicanguitarplayers.com\\\/tienda\\\/sin categor\u00eda\\\/preamp-sd-activo-de-3-bandas-p-bajo-pasivo\\\/\"]}]},{\"@type\":\"ImageObject\",\"inLanguage\":\"en-US\",\"@id\":\"https:\\\/\\\/www.mexicanguitarplayers.com\\\/tienda\\\/sin categor\u00eda\\\/preamp-sd-activo-de-3-bandas-p-bajo-pasivo\\\/#primaryimage\",\"url\":\"https:\\\/\\\/www.mexicanguitarplayers.com\\\/wp-content\\\/uploads\\\/2025\\\/04\\\/RASEOSTC3P3BND.jpg\",\"contentUrl\":\"https:\\\/\\\/www.mexicanguitarplayers.com\\\/wp-content\\\/uploads\\\/2025\\\/04\\\/RASEOSTC3P3BND.jpg\",\"width\":1600,\"height\":800},{\"@type\":\"BreadcrumbList\",\"@id\":\"https:\\\/\\\/www.mexicanguitarplayers.com\\\/tienda\\\/sin categor\u00eda\\\/preamp-sd-activo-de-3-bandas-p-bajo-pasivo\\\/#breadcrumb\",\"itemListElement\":[{\"@type\":\"ListItem\",\"position\":1,\"name\":\"Portada\",\"item\":\"https:\\\/\\\/www.mexicanguitarplayers.com\\\/\"},{\"@type\":\"ListItem\",\"position\":2,\"name\":\"Tienda\",\"item\":\"https:\\\/\\\/www.mexicanguitarplayers.com\\\/tienda\\\/\"},{\"@type\":\"ListItem\",\"position\":3,\"name\":\"PREAMP SD ACTIVO DE 3 BANDAS P\\\/BAJO PASIVO\"}]},{\"@type\":\"WebSite\",\"@id\":\"https:\\\/\\\/www.mexicanguitarplayers.com\\\/#website\",\"url\":\"https:\\\/\\\/www.mexicanguitarplayers.com\\\/\",\"name\":\"Mexican Guitar Players\",\"description\":\"Website\",\"publisher\":{\"@id\":\"https:\\\/\\\/www.mexicanguitarplayers.com\\\/#organization\"},\"potentialAction\":[{\"@type\":\"SearchAction\",\"target\":{\"@type\":\"EntryPoint\",\"urlTemplate\":\"https:\\\/\\\/www.mexicanguitarplayers.com\\\/?s={search_term_string}\"},\"query-input\":{\"@type\":\"PropertyValueSpecification\",\"valueRequired\":true,\"valueName\":\"search_term_string\"}}],\"inLanguage\":\"en-US\"},{\"@type\":\"Organization\",\"@id\":\"https:\\\/\\\/www.mexicanguitarplayers.com\\\/#organization\",\"name\":\"Mexican Guitar Players\",\"url\":\"https:\\\/\\\/www.mexicanguitarplayers.com\\\/\",\"logo\":{\"@type\":\"ImageObject\",\"inLanguage\":\"en-US\",\"@id\":\"https:\\\/\\\/www.mexicanguitarplayers.com\\\/#\\\/schema\\\/logo\\\/image\\\/\",\"url\":\"\",\"contentUrl\":\"\",\"caption\":\"Mexican Guitar Players\"},\"image\":{\"@id\":\"https:\\\/\\\/www.mexicanguitarplayers.com\\\/#\\\/schema\\\/logo\\\/image\\\/\"}}]}<\/script>\n<!-- \/ Yoast SEO plugin. -->","yoast_head_json":{"title":"PREAMP SD ACTIVO DE 3 BANDAS P\/BAJO PASIVO - Mexican Guitar Players","description":"El STC-3P, dise\u00f1ado para pastillas pasivas, proporciona controles conc\u00e9ntricos de graves y agudos, control de rango medio, volumen maestro, control de mezcla y nuestro interruptor Slap patentado. El control de agudos puede producir una amplia respuesta extremadamente \u00fatil que es brillante, pero suave sin ser quebradiza. El bajo se puede reducir para reforzar un instrumento retumbante, o se puede aumentar para agregar calidez y fuerza. El rango medio se puede ajustar para dar m\u00e1s fuerza o primicia para mayor claridad. El interruptor Slap es un bot\u00f3n push\/pull ubicado en el control de volumen. Al tirar hacia arriba de la perilla de volumen, se activar\u00e1 el contorno de ecualizaci\u00f3n especial expresado espec\u00edficamente para tocar slap. Los dos potenci\u00f3metros de ajuste peque\u00f1os en la placa de circuito se pueden ajustar para preestablecer el ecualizador de contorno de bofetada de la manera que desee. El control de tono STC-3P est\u00e1 dise\u00f1ado para funcionar en cualquier bajo que est\u00e9 equipado con dos pastillas activas y tiene espacio para 4 perillas de control (interruptor de volumen\/slap, controles de mezcla, medios, bajos conc\u00e9ntricos y agudos) y una sola bater\u00eda de 9v en el cavidad de mando. Se pueden conectar dos bater\u00edas de 9v juntas en serie para aumentar el espacio libre. Incluimos todo el hardware de montaje necesario potenci\u00f3metros de alta calidad en arn\u00e9s precableado; clip de bater\u00eda; y perillas anodizadas negras, moleteadas, estilo c\u00fapula.","robots":{"index":"index","follow":"follow","max-snippet":"max-snippet:-1","max-image-preview":"max-image-preview:large","max-video-preview":"max-video-preview:-1"},"canonical":"https:\/\/www.mexicanguitarplayers.com\/en\/tienda\/sin categor\u00eda\/preamp-sd-activo-de-3-bandas-p-bajo-pasivo\/","og_locale":"en_US","og_type":"article","og_title":"PREAMP SD ACTIVO DE 3 BANDAS P\/BAJO PASIVO - Mexican Guitar Players","og_description":"El STC-3P, dise\u00f1ado para pastillas pasivas, proporciona controles conc\u00e9ntricos de graves y agudos, control de rango medio, volumen maestro, control de mezcla y nuestro interruptor Slap patentado. El control de agudos puede producir una amplia respuesta extremadamente \u00fatil que es brillante, pero suave sin ser quebradiza. El bajo se puede reducir para reforzar un instrumento retumbante, o se puede aumentar para agregar calidez y fuerza. El rango medio se puede ajustar para dar m\u00e1s fuerza o primicia para mayor claridad. El interruptor Slap es un bot\u00f3n push\/pull ubicado en el control de volumen. Al tirar hacia arriba de la perilla de volumen, se activar\u00e1 el contorno de ecualizaci\u00f3n especial expresado espec\u00edficamente para tocar slap. Los dos potenci\u00f3metros de ajuste peque\u00f1os en la placa de circuito se pueden ajustar para preestablecer el ecualizador de contorno de bofetada de la manera que desee. El control de tono STC-3P est\u00e1 dise\u00f1ado para funcionar en cualquier bajo que est\u00e9 equipado con dos pastillas activas y tiene espacio para 4 perillas de control (interruptor de volumen\/slap, controles de mezcla, medios, bajos conc\u00e9ntricos y agudos) y una sola bater\u00eda de 9v en el cavidad de mando. Se pueden conectar dos bater\u00edas de 9v juntas en serie para aumentar el espacio libre. Incluimos todo el hardware de montaje necesario potenci\u00f3metros de alta calidad en arn\u00e9s precableado; clip de bater\u00eda; y perillas anodizadas negras, moleteadas, estilo c\u00fapula.","og_url":"https:\/\/www.mexicanguitarplayers.com\/en\/tienda\/sin categor\u00eda\/preamp-sd-activo-de-3-bandas-p-bajo-pasivo\/","og_site_name":"Mexican Guitar Players","article_modified_time":"2026-04-10T10:41:36+00:00","twitter_card":"summary_large_image","schema":{"@context":"https:\/\/schema.org","@graph":[{"@type":["WebPage","ItemPage"],"@id":"https:\/\/www.mexicanguitarplayers.com\/tienda\/sin categor\u00eda\/preamp-sd-activo-de-3-bandas-p-bajo-pasivo\/","url":"https:\/\/www.mexicanguitarplayers.com\/tienda\/sin categor\u00eda\/preamp-sd-activo-de-3-bandas-p-bajo-pasivo\/","name":"PREAMP SD ACTIVO DE 3 BANDAS P\/BAJO PASIVO - Mexican Guitar Players","isPartOf":{"@id":"https:\/\/www.mexicanguitarplayers.com\/#website"},"primaryImageOfPage":{"@id":"https:\/\/www.mexicanguitarplayers.com\/tienda\/sin categor\u00eda\/preamp-sd-activo-de-3-bandas-p-bajo-pasivo\/#primaryimage"},"image":{"@id":"https:\/\/www.mexicanguitarplayers.com\/tienda\/sin categor\u00eda\/preamp-sd-activo-de-3-bandas-p-bajo-pasivo\/#primaryimage"},"thumbnailUrl":"https:\/\/www.mexicanguitarplayers.com\/wp-content\/uploads\/2025\/04\/RASEOSTC3P3BND.jpg","datePublished":"2025-04-07T19:33:10+00:00","dateModified":"2026-04-10T10:41:36+00:00","description":"El STC-3P, dise\u00f1ado para pastillas pasivas, proporciona controles conc\u00e9ntricos de graves y agudos, control de rango medio, volumen maestro, control de mezcla y nuestro interruptor Slap patentado. El control de agudos puede producir una amplia respuesta extremadamente \u00fatil que es brillante, pero suave sin ser quebradiza. El bajo se puede reducir para reforzar un instrumento retumbante, o se puede aumentar para agregar calidez y fuerza. El rango medio se puede ajustar para dar m\u00e1s fuerza o primicia para mayor claridad. El interruptor Slap es un bot\u00f3n push\/pull ubicado en el control de volumen. Al tirar hacia arriba de la perilla de volumen, se activar\u00e1 el contorno de ecualizaci\u00f3n especial expresado espec\u00edficamente para tocar slap. Los dos potenci\u00f3metros de ajuste peque\u00f1os en la placa de circuito se pueden ajustar para preestablecer el ecualizador de contorno de bofetada de la manera que desee. El control de tono STC-3P est\u00e1 dise\u00f1ado para funcionar en cualquier bajo que est\u00e9 equipado con dos pastillas activas y tiene espacio para 4 perillas de control (interruptor de volumen\/slap, controles de mezcla, medios, bajos conc\u00e9ntricos y agudos) y una sola bater\u00eda de 9v en el cavidad de mando. Se pueden conectar dos bater\u00edas de 9v juntas en serie para aumentar el espacio libre. Incluimos todo el hardware de montaje necesario potenci\u00f3metros de alta calidad en arn\u00e9s precableado; clip de bater\u00eda; y perillas anodizadas negras, moleteadas, estilo c\u00fapula.","breadcrumb":{"@id":"https:\/\/www.mexicanguitarplayers.com\/tienda\/sin categor\u00eda\/preamp-sd-activo-de-3-bandas-p-bajo-pasivo\/#breadcrumb"},"inLanguage":"en-US","potentialAction":[{"@type":"ReadAction","target":["https:\/\/www.mexicanguitarplayers.com\/tienda\/sin categor\u00eda\/preamp-sd-activo-de-3-bandas-p-bajo-pasivo\/"]}]},{"@type":"ImageObject","inLanguage":"en-US","@id":"https:\/\/www.mexicanguitarplayers.com\/tienda\/sin categor\u00eda\/preamp-sd-activo-de-3-bandas-p-bajo-pasivo\/#primaryimage","url":"https:\/\/www.mexicanguitarplayers.com\/wp-content\/uploads\/2025\/04\/RASEOSTC3P3BND.jpg","contentUrl":"https:\/\/www.mexicanguitarplayers.com\/wp-content\/uploads\/2025\/04\/RASEOSTC3P3BND.jpg","width":1600,"height":800},{"@type":"BreadcrumbList","@id":"https:\/\/www.mexicanguitarplayers.com\/tienda\/sin categor\u00eda\/preamp-sd-activo-de-3-bandas-p-bajo-pasivo\/#breadcrumb","itemListElement":[{"@type":"ListItem","position":1,"name":"Portada","item":"https:\/\/www.mexicanguitarplayers.com\/"},{"@type":"ListItem","position":2,"name":"Tienda","item":"https:\/\/www.mexicanguitarplayers.com\/tienda\/"},{"@type":"ListItem","position":3,"name":"PREAMP SD ACTIVO DE 3 BANDAS P\/BAJO PASIVO"}]},{"@type":"WebSite","@id":"https:\/\/www.mexicanguitarplayers.com\/#website","url":"https:\/\/www.mexicanguitarplayers.com\/","name":"Mexican Guitar Players","description":"Website","publisher":{"@id":"https:\/\/www.mexicanguitarplayers.com\/#organization"},"potentialAction":[{"@type":"SearchAction","target":{"@type":"EntryPoint","urlTemplate":"https:\/\/www.mexicanguitarplayers.com\/?s={search_term_string}"},"query-input":{"@type":"PropertyValueSpecification","valueRequired":true,"valueName":"search_term_string"}}],"inLanguage":"en-US"},{"@type":"Organization","@id":"https:\/\/www.mexicanguitarplayers.com\/#organization","name":"Mexican Guitar Players","url":"https:\/\/www.mexicanguitarplayers.com\/","logo":{"@type":"ImageObject","inLanguage":"en-US","@id":"https:\/\/www.mexicanguitarplayers.com\/#\/schema\/logo\/image\/","url":"","contentUrl":"","caption":"Mexican Guitar Players"},"image":{"@id":"https:\/\/www.mexicanguitarplayers.com\/#\/schema\/logo\/image\/"}}]}},"brands":[{"id":502,"name":"SEYMOUR DUNCAN","slug":"seymour-duncan"}],"_links":{"self":[{"href":"https:\/\/www.mexicanguitarplayers.com\/en\/wp-json\/wp\/v2\/product\/27739","targetHints":{"allow":["GET"]}}],"collection":[{"href":"https:\/\/www.mexicanguitarplayers.com\/en\/wp-json\/wp\/v2\/product"}],"about":[{"href":"https:\/\/www.mexicanguitarplayers.com\/en\/wp-json\/wp\/v2\/types\/product"}],"replies":[{"embeddable":true,"href":"https:\/\/www.mexicanguitarplayers.com\/en\/wp-json\/wp\/v2\/comments?post=27739"}],"wp:featuredmedia":[{"embeddable":true,"href":"https:\/\/www.mexicanguitarplayers.com\/en\/wp-json\/wp\/v2\/media\/27736"}],"wp:attachment":[{"href":"https:\/\/www.mexicanguitarplayers.com\/en\/wp-json\/wp\/v2\/media?parent=27739"}],"wp:term":[{"taxonomy":"pwb-brand","embeddable":true,"href":"https:\/\/www.mexicanguitarplayers.com\/en\/wp-json\/wp\/v2\/pwb-brand?post=27739"},{"taxonomy":"product_brand","embeddable":true,"href":"https:\/\/www.mexicanguitarplayers.com\/en\/wp-json\/wp\/v2\/product_brand?post=27739"},{"taxonomy":"product_cat","embeddable":true,"href":"https:\/\/www.mexicanguitarplayers.com\/en\/wp-json\/wp\/v2\/product_cat?post=27739"},{"taxonomy":"product_tag","embeddable":true,"href":"https:\/\/www.mexicanguitarplayers.com\/en\/wp-json\/wp\/v2\/product_tag?post=27739"}],"curies":[{"name":"wp","href":"https:\/\/api.w.org\/{rel}","templated":true}]}}