{"id":27750,"date":"2025-04-07T13:33:49","date_gmt":"2025-04-07T19:33:49","guid":{"rendered":"https:\/\/www.mexicanguitarplayers.com\/tienda\/sin categor\u00eda\/combo-blackstar-p-guit-idcore-stereo10v4\/"},"modified":"2026-05-01T07:27:26","modified_gmt":"2026-05-01T13:27:26","slug":"combo-blackstar-p-guit-idcore-stereo10v4","status":"publish","type":"product","link":"https:\/\/www.mexicanguitarplayers.com\/en\/tienda\/audio\/bafles-y-bocinas\/bafles\/bafles-activos\/combo-blackstar-p-guit-idcore-stereo10v4\/","title":{"rendered":"COMBO BLACKSTAR P\/GUIT.IDCORE STEREO10V4"},"content":{"rendered":"<div style=\"text-align: justify\">\n<div>\n<h3>ID:CORE V4 Stereo 10<\/h3>\n<\/div>\n<div>Ya seas principiante o profesional, cuando juegas queremos que tengas la mejor experiencia de juego posible. Por eso el mismo equipo de I+D responsable de nuestros amplificadores profesionales tambi\u00e9n dise\u00f1\u00f3 el ID:CORE V4. Las innovaciones y la conectividad \u00fanicas brindan a los guitarristas el mejor sonido posible desde el primer momento en que se conectan. Tono incre\u00edble e inmersivo. Est\u00e9reo s\u00faper ancho El sonido inspirar\u00e1 tu interpretaci\u00f3n. Los controles f\u00e1ciles de usar para el guitarrista se combinan con el poder de la programabilidad para obtener una gama tonal incre\u00edblemente vers\u00e1til, desde una limpieza impecable hasta una ganancia alta. La transmisi\u00f3n en vivo a su tel\u00e9fono inteligente es f\u00e1cil usando un cable TRRS com\u00fan y la conectividad USB-C incorporada le permite grabar f\u00e1cilmente directamente en su computadora. Nuestro software Architect gratuito le brinda acceso a nuestro simulador de gabinete avanzado CabRig\u2122 Lite de \u00faltima generaci\u00f3n, junto con edici\u00f3n profunda y administraci\u00f3n de parches.<\/div>\n<div>\n<h4>Characteristics<\/h4>\n<\/div>\n<div>\n<ul style=\"margin: 0px 0px 0px 25px\">\n<li style=\"list-style-type: circle;margin: 5px\">MOTORA<\/li>\n<li style=\"list-style-type: circle;margin: 5px\">VOCES<\/li>\n<li style=\"list-style-type: circle;margin: 5px\">EQ<\/li>\n<li style=\"list-style-type: circle;margin: 5px\">EFECTOS<\/li>\n<li style=\"list-style-type: circle;margin: 5px\">PULSAR TEMPO<\/li>\n<li style=\"list-style-type: circle;margin: 5px\">UBICACIONES DE PARCHES<\/li>\n<li style=\"list-style-type: circle;margin: 5px\">SIMULADOR DE ALTAVOZ CABRIG Y SALIDA DE AURICULARES<\/li>\n<li style=\"list-style-type: circle;margin: 5px\">ENTRADA DE L\u00cdNEA\/TRANSMISI\u00d3N<\/li>\n<li style=\"list-style-type: circle;margin: 5px\">SINTONIZADOR<\/li>\n<li style=\"list-style-type: circle;margin: 5px\">USB<\/li>\n<li style=\"list-style-type: circle;margin: 5px\">CONMUTABLE POR PEDAL<\/li>\n<li style=\"list-style-type: circle;margin: 5px\">SPEAKER<\/li>\n<li style=\"list-style-type: circle;margin: 5px\">PESO (KG)<\/li>\n<li style=\"list-style-type: circle;margin: 5px\">DIMENSIONES (MM)<\/li>\n<\/ul>\n<\/div>\n<\/div>","protected":false},"excerpt":{"rendered":"<p>El Blackstar ID:CORE V4 es un amplificador dise\u00f1ado para ofrecer una experiencia de juego inmersiva y vers\u00e1til, con una potencia de 10W est\u00e9reo distribuida en dos altavoces de 3\u201d, seis voces de tono que van desde limpio c\u00e1lido hasta OD2, junto con una variedad de efectos de retardo, modulaci\u00f3n y reverberaci\u00f3n. Caracter\u00edsticas como el ISF patentado y la reducci\u00f3n de potencia hasta 1 vatio brindan un control tonal preciso y flexibilidad en cualquier situaci\u00f3n de juego, mientras que la conectividad USB-C integrada permite la grabaci\u00f3n directa en la computadora y la transmisi\u00f3n en vivo a trav\u00e9s de un cable TRRS, todo ello respaldado por el software Architect gratuito para una edici\u00f3n profunda y gesti\u00f3n de parches.&hellip; <a class=\"kt-excerpt-readmore more-link\" href=\"https:\/\/www.mexicanguitarplayers.com\/en\/tienda\/audio\/bafles-y-bocinas\/bafles\/bafles-activos\/combo-blackstar-p-guit-idcore-stereo10v4\/\">Read more<\/a><\/p>","protected":false},"featured_media":27746,"comment_status":"open","ping_status":"closed","template":"","meta":{"kt_blocks_editor_width":""},"pwb-brand":[172],"product_brand":[],"product_cat":[213,222,472,221],"product_tag":[],"class_list":{"0":"post-27750","1":"product","2":"type-product","3":"status-publish","4":"has-post-thumbnail","6":"pwb-brand-blackstar","7":"product_cat-audio","8":"product_cat-bafles","9":"product_cat-bafles-activos","10":"product_cat-bafles-y-bocinas","11":"product_shipping_class-5-10-kg","13":"first","14":"instock","15":"taxable","16":"shipping-taxable","17":"purchasable","18":"product-type-simple"},"yoast_head":"<!-- This site is optimized with the Yoast SEO plugin v27.5 - https:\/\/yoast.com\/product\/yoast-seo-wordpress\/ -->\n<title>COMBO BLACKSTAR P\/GUIT.IDCORE STEREO10V4 - Mexican Guitar Players<\/title>\n<meta name=\"description\" content=\"El Blackstar ID:CORE V4 es un amplificador dise\u00f1ado para ofrecer una experiencia de juego inmersiva y vers\u00e1til, con una potencia de 10W est\u00e9reo distribuida en dos altavoces de 3\u201d, seis voces de tono que van desde limpio c\u00e1lido hasta OD2, junto con una variedad de efectos de retardo, modulaci\u00f3n y reverberaci\u00f3n. Caracter\u00edsticas como el ISF patentado y la reducci\u00f3n de potencia hasta 1 vatio brindan un control tonal preciso y flexibilidad en cualquier situaci\u00f3n de juego, mientras que la conectividad USB-C integrada permite la grabaci\u00f3n directa en la computadora y la transmisi\u00f3n en vivo a trav\u00e9s de un cable TRRS, todo ello respaldado por el software Architect gratuito para una edici\u00f3n profunda y gesti\u00f3n de parches.\" \/>\n<meta name=\"robots\" content=\"index, follow, max-snippet:-1, max-image-preview:large, max-video-preview:-1\" \/>\n<link rel=\"canonical\" href=\"https:\/\/www.mexicanguitarplayers.com\/en\/tienda\/sin%20categor\u00eda\/combo-blackstar-p-guit-idcore-stereo10v4\/\" \/>\n<meta property=\"og:locale\" content=\"en_US\" \/>\n<meta property=\"og:type\" content=\"article\" \/>\n<meta property=\"og:title\" content=\"COMBO BLACKSTAR P\/GUIT.IDCORE STEREO10V4 - Mexican Guitar Players\" \/>\n<meta property=\"og:description\" content=\"El Blackstar ID:CORE V4 es un amplificador dise\u00f1ado para ofrecer una experiencia de juego inmersiva y vers\u00e1til, con una potencia de 10W est\u00e9reo distribuida en dos altavoces de 3\u201d, seis voces de tono que van desde limpio c\u00e1lido hasta OD2, junto con una variedad de efectos de retardo, modulaci\u00f3n y reverberaci\u00f3n. Caracter\u00edsticas como el ISF patentado y la reducci\u00f3n de potencia hasta 1 vatio brindan un control tonal preciso y flexibilidad en cualquier situaci\u00f3n de juego, mientras que la conectividad USB-C integrada permite la grabaci\u00f3n directa en la computadora y la transmisi\u00f3n en vivo a trav\u00e9s de un cable TRRS, todo ello respaldado por el software Architect gratuito para una edici\u00f3n profunda y gesti\u00f3n de parches.\" \/>\n<meta property=\"og:url\" content=\"https:\/\/www.mexicanguitarplayers.com\/en\/tienda\/sin categor\u00eda\/combo-blackstar-p-guit-idcore-stereo10v4\/\" \/>\n<meta property=\"og:site_name\" content=\"Mexican Guitar Players\" \/>\n<meta property=\"article:modified_time\" content=\"2026-05-01T13:27:26+00:00\" \/>\n<meta name=\"twitter:card\" content=\"summary_large_image\" \/>\n<meta name=\"twitter:label1\" content=\"Est. reading time\" \/>\n\t<meta name=\"twitter:data1\" content=\"1 minute\" \/>\n<script type=\"application\/ld+json\" class=\"yoast-schema-graph\">{\"@context\":\"https:\\\/\\\/schema.org\",\"@graph\":[{\"@type\":[\"WebPage\",\"ItemPage\"],\"@id\":\"https:\\\/\\\/www.mexicanguitarplayers.com\\\/tienda\\\/sin categor\u00eda\\\/combo-blackstar-p-guit-idcore-stereo10v4\\\/\",\"url\":\"https:\\\/\\\/www.mexicanguitarplayers.com\\\/tienda\\\/sin categor\u00eda\\\/combo-blackstar-p-guit-idcore-stereo10v4\\\/\",\"name\":\"COMBO BLACKSTAR P\\\/GUIT.IDCORE STEREO10V4 - Mexican Guitar Players\",\"isPartOf\":{\"@id\":\"https:\\\/\\\/www.mexicanguitarplayers.com\\\/#website\"},\"primaryImageOfPage\":{\"@id\":\"https:\\\/\\\/www.mexicanguitarplayers.com\\\/tienda\\\/sin categor\u00eda\\\/combo-blackstar-p-guit-idcore-stereo10v4\\\/#primaryimage\"},\"image\":{\"@id\":\"https:\\\/\\\/www.mexicanguitarplayers.com\\\/tienda\\\/sin categor\u00eda\\\/combo-blackstar-p-guit-idcore-stereo10v4\\\/#primaryimage\"},\"thumbnailUrl\":\"https:\\\/\\\/www.mexicanguitarplayers.com\\\/wp-content\\\/uploads\\\/2025\\\/04\\\/ICBLSIDCV410.jpg\",\"datePublished\":\"2025-04-07T19:33:49+00:00\",\"dateModified\":\"2026-05-01T13:27:26+00:00\",\"description\":\"El Blackstar ID:CORE V4 es un amplificador dise\u00f1ado para ofrecer una experiencia de juego inmersiva y vers\u00e1til, con una potencia de 10W est\u00e9reo distribuida en dos altavoces de 3\u201d, seis voces de tono que van desde limpio c\u00e1lido hasta OD2, junto con una variedad de efectos de retardo, modulaci\u00f3n y reverberaci\u00f3n. Caracter\u00edsticas como el ISF patentado y la reducci\u00f3n de potencia hasta 1 vatio brindan un control tonal preciso y flexibilidad en cualquier situaci\u00f3n de juego, mientras que la conectividad USB-C integrada permite la grabaci\u00f3n directa en la computadora y la transmisi\u00f3n en vivo a trav\u00e9s de un cable TRRS, todo ello respaldado por el software Architect gratuito para una edici\u00f3n profunda y gesti\u00f3n de parches.\",\"breadcrumb\":{\"@id\":\"https:\\\/\\\/www.mexicanguitarplayers.com\\\/tienda\\\/sin categor\u00eda\\\/combo-blackstar-p-guit-idcore-stereo10v4\\\/#breadcrumb\"},\"inLanguage\":\"en-US\",\"potentialAction\":[{\"@type\":\"ReadAction\",\"target\":[\"https:\\\/\\\/www.mexicanguitarplayers.com\\\/tienda\\\/sin categor\u00eda\\\/combo-blackstar-p-guit-idcore-stereo10v4\\\/\"]}]},{\"@type\":\"ImageObject\",\"inLanguage\":\"en-US\",\"@id\":\"https:\\\/\\\/www.mexicanguitarplayers.com\\\/tienda\\\/sin categor\u00eda\\\/combo-blackstar-p-guit-idcore-stereo10v4\\\/#primaryimage\",\"url\":\"https:\\\/\\\/www.mexicanguitarplayers.com\\\/wp-content\\\/uploads\\\/2025\\\/04\\\/ICBLSIDCV410.jpg\",\"contentUrl\":\"https:\\\/\\\/www.mexicanguitarplayers.com\\\/wp-content\\\/uploads\\\/2025\\\/04\\\/ICBLSIDCV410.jpg\",\"width\":1200,\"height\":1200},{\"@type\":\"BreadcrumbList\",\"@id\":\"https:\\\/\\\/www.mexicanguitarplayers.com\\\/tienda\\\/sin categor\u00eda\\\/combo-blackstar-p-guit-idcore-stereo10v4\\\/#breadcrumb\",\"itemListElement\":[{\"@type\":\"ListItem\",\"position\":1,\"name\":\"Portada\",\"item\":\"https:\\\/\\\/www.mexicanguitarplayers.com\\\/\"},{\"@type\":\"ListItem\",\"position\":2,\"name\":\"Tienda\",\"item\":\"https:\\\/\\\/www.mexicanguitarplayers.com\\\/tienda\\\/\"},{\"@type\":\"ListItem\",\"position\":3,\"name\":\"COMBO BLACKSTAR P\\\/GUIT.IDCORE STEREO10V4\"}]},{\"@type\":\"WebSite\",\"@id\":\"https:\\\/\\\/www.mexicanguitarplayers.com\\\/#website\",\"url\":\"https:\\\/\\\/www.mexicanguitarplayers.com\\\/\",\"name\":\"Mexican Guitar Players\",\"description\":\"Website\",\"publisher\":{\"@id\":\"https:\\\/\\\/www.mexicanguitarplayers.com\\\/#organization\"},\"potentialAction\":[{\"@type\":\"SearchAction\",\"target\":{\"@type\":\"EntryPoint\",\"urlTemplate\":\"https:\\\/\\\/www.mexicanguitarplayers.com\\\/?s={search_term_string}\"},\"query-input\":{\"@type\":\"PropertyValueSpecification\",\"valueRequired\":true,\"valueName\":\"search_term_string\"}}],\"inLanguage\":\"en-US\"},{\"@type\":\"Organization\",\"@id\":\"https:\\\/\\\/www.mexicanguitarplayers.com\\\/#organization\",\"name\":\"Mexican Guitar Players\",\"url\":\"https:\\\/\\\/www.mexicanguitarplayers.com\\\/\",\"logo\":{\"@type\":\"ImageObject\",\"inLanguage\":\"en-US\",\"@id\":\"https:\\\/\\\/www.mexicanguitarplayers.com\\\/#\\\/schema\\\/logo\\\/image\\\/\",\"url\":\"\",\"contentUrl\":\"\",\"caption\":\"Mexican Guitar Players\"},\"image\":{\"@id\":\"https:\\\/\\\/www.mexicanguitarplayers.com\\\/#\\\/schema\\\/logo\\\/image\\\/\"}}]}<\/script>\n<!-- \/ Yoast SEO plugin. -->","yoast_head_json":{"title":"COMBO BLACKSTAR P\/GUIT.IDCORE STEREO10V4 - Mexican Guitar Players","description":"El Blackstar ID:CORE V4 es un amplificador dise\u00f1ado para ofrecer una experiencia de juego inmersiva y vers\u00e1til, con una potencia de 10W est\u00e9reo distribuida en dos altavoces de 3\u201d, seis voces de tono que van desde limpio c\u00e1lido hasta OD2, junto con una variedad de efectos de retardo, modulaci\u00f3n y reverberaci\u00f3n. Caracter\u00edsticas como el ISF patentado y la reducci\u00f3n de potencia hasta 1 vatio brindan un control tonal preciso y flexibilidad en cualquier situaci\u00f3n de juego, mientras que la conectividad USB-C integrada permite la grabaci\u00f3n directa en la computadora y la transmisi\u00f3n en vivo a trav\u00e9s de un cable TRRS, todo ello respaldado por el software Architect gratuito para una edici\u00f3n profunda y gesti\u00f3n de parches.","robots":{"index":"index","follow":"follow","max-snippet":"max-snippet:-1","max-image-preview":"max-image-preview:large","max-video-preview":"max-video-preview:-1"},"canonical":"https:\/\/www.mexicanguitarplayers.com\/en\/tienda\/sin categor\u00eda\/combo-blackstar-p-guit-idcore-stereo10v4\/","og_locale":"en_US","og_type":"article","og_title":"COMBO BLACKSTAR P\/GUIT.IDCORE STEREO10V4 - Mexican Guitar Players","og_description":"El Blackstar ID:CORE V4 es un amplificador dise\u00f1ado para ofrecer una experiencia de juego inmersiva y vers\u00e1til, con una potencia de 10W est\u00e9reo distribuida en dos altavoces de 3\u201d, seis voces de tono que van desde limpio c\u00e1lido hasta OD2, junto con una variedad de efectos de retardo, modulaci\u00f3n y reverberaci\u00f3n. Caracter\u00edsticas como el ISF patentado y la reducci\u00f3n de potencia hasta 1 vatio brindan un control tonal preciso y flexibilidad en cualquier situaci\u00f3n de juego, mientras que la conectividad USB-C integrada permite la grabaci\u00f3n directa en la computadora y la transmisi\u00f3n en vivo a trav\u00e9s de un cable TRRS, todo ello respaldado por el software Architect gratuito para una edici\u00f3n profunda y gesti\u00f3n de parches.","og_url":"https:\/\/www.mexicanguitarplayers.com\/en\/tienda\/sin categor\u00eda\/combo-blackstar-p-guit-idcore-stereo10v4\/","og_site_name":"Mexican Guitar Players","article_modified_time":"2026-05-01T13:27:26+00:00","twitter_card":"summary_large_image","twitter_misc":{"Est. reading time":"1 minute"},"schema":{"@context":"https:\/\/schema.org","@graph":[{"@type":["WebPage","ItemPage"],"@id":"https:\/\/www.mexicanguitarplayers.com\/tienda\/sin categor\u00eda\/combo-blackstar-p-guit-idcore-stereo10v4\/","url":"https:\/\/www.mexicanguitarplayers.com\/tienda\/sin categor\u00eda\/combo-blackstar-p-guit-idcore-stereo10v4\/","name":"COMBO BLACKSTAR P\/GUIT.IDCORE STEREO10V4 - Mexican Guitar Players","isPartOf":{"@id":"https:\/\/www.mexicanguitarplayers.com\/#website"},"primaryImageOfPage":{"@id":"https:\/\/www.mexicanguitarplayers.com\/tienda\/sin categor\u00eda\/combo-blackstar-p-guit-idcore-stereo10v4\/#primaryimage"},"image":{"@id":"https:\/\/www.mexicanguitarplayers.com\/tienda\/sin categor\u00eda\/combo-blackstar-p-guit-idcore-stereo10v4\/#primaryimage"},"thumbnailUrl":"https:\/\/www.mexicanguitarplayers.com\/wp-content\/uploads\/2025\/04\/ICBLSIDCV410.jpg","datePublished":"2025-04-07T19:33:49+00:00","dateModified":"2026-05-01T13:27:26+00:00","description":"El Blackstar ID:CORE V4 es un amplificador dise\u00f1ado para ofrecer una experiencia de juego inmersiva y vers\u00e1til, con una potencia de 10W est\u00e9reo distribuida en dos altavoces de 3\u201d, seis voces de tono que van desde limpio c\u00e1lido hasta OD2, junto con una variedad de efectos de retardo, modulaci\u00f3n y reverberaci\u00f3n. Caracter\u00edsticas como el ISF patentado y la reducci\u00f3n de potencia hasta 1 vatio brindan un control tonal preciso y flexibilidad en cualquier situaci\u00f3n de juego, mientras que la conectividad USB-C integrada permite la grabaci\u00f3n directa en la computadora y la transmisi\u00f3n en vivo a trav\u00e9s de un cable TRRS, todo ello respaldado por el software Architect gratuito para una edici\u00f3n profunda y gesti\u00f3n de parches.","breadcrumb":{"@id":"https:\/\/www.mexicanguitarplayers.com\/tienda\/sin categor\u00eda\/combo-blackstar-p-guit-idcore-stereo10v4\/#breadcrumb"},"inLanguage":"en-US","potentialAction":[{"@type":"ReadAction","target":["https:\/\/www.mexicanguitarplayers.com\/tienda\/sin categor\u00eda\/combo-blackstar-p-guit-idcore-stereo10v4\/"]}]},{"@type":"ImageObject","inLanguage":"en-US","@id":"https:\/\/www.mexicanguitarplayers.com\/tienda\/sin categor\u00eda\/combo-blackstar-p-guit-idcore-stereo10v4\/#primaryimage","url":"https:\/\/www.mexicanguitarplayers.com\/wp-content\/uploads\/2025\/04\/ICBLSIDCV410.jpg","contentUrl":"https:\/\/www.mexicanguitarplayers.com\/wp-content\/uploads\/2025\/04\/ICBLSIDCV410.jpg","width":1200,"height":1200},{"@type":"BreadcrumbList","@id":"https:\/\/www.mexicanguitarplayers.com\/tienda\/sin categor\u00eda\/combo-blackstar-p-guit-idcore-stereo10v4\/#breadcrumb","itemListElement":[{"@type":"ListItem","position":1,"name":"Portada","item":"https:\/\/www.mexicanguitarplayers.com\/"},{"@type":"ListItem","position":2,"name":"Tienda","item":"https:\/\/www.mexicanguitarplayers.com\/tienda\/"},{"@type":"ListItem","position":3,"name":"COMBO BLACKSTAR P\/GUIT.IDCORE STEREO10V4"}]},{"@type":"WebSite","@id":"https:\/\/www.mexicanguitarplayers.com\/#website","url":"https:\/\/www.mexicanguitarplayers.com\/","name":"Mexican Guitar Players","description":"Website","publisher":{"@id":"https:\/\/www.mexicanguitarplayers.com\/#organization"},"potentialAction":[{"@type":"SearchAction","target":{"@type":"EntryPoint","urlTemplate":"https:\/\/www.mexicanguitarplayers.com\/?s={search_term_string}"},"query-input":{"@type":"PropertyValueSpecification","valueRequired":true,"valueName":"search_term_string"}}],"inLanguage":"en-US"},{"@type":"Organization","@id":"https:\/\/www.mexicanguitarplayers.com\/#organization","name":"Mexican Guitar Players","url":"https:\/\/www.mexicanguitarplayers.com\/","logo":{"@type":"ImageObject","inLanguage":"en-US","@id":"https:\/\/www.mexicanguitarplayers.com\/#\/schema\/logo\/image\/","url":"","contentUrl":"","caption":"Mexican Guitar Players"},"image":{"@id":"https:\/\/www.mexicanguitarplayers.com\/#\/schema\/logo\/image\/"}}]}},"brands":[{"id":172,"name":"BLACKSTAR","slug":"blackstar"}],"_links":{"self":[{"href":"https:\/\/www.mexicanguitarplayers.com\/en\/wp-json\/wp\/v2\/product\/27750","targetHints":{"allow":["GET"]}}],"collection":[{"href":"https:\/\/www.mexicanguitarplayers.com\/en\/wp-json\/wp\/v2\/product"}],"about":[{"href":"https:\/\/www.mexicanguitarplayers.com\/en\/wp-json\/wp\/v2\/types\/product"}],"replies":[{"embeddable":true,"href":"https:\/\/www.mexicanguitarplayers.com\/en\/wp-json\/wp\/v2\/comments?post=27750"}],"wp:featuredmedia":[{"embeddable":true,"href":"https:\/\/www.mexicanguitarplayers.com\/en\/wp-json\/wp\/v2\/media\/27746"}],"wp:attachment":[{"href":"https:\/\/www.mexicanguitarplayers.com\/en\/wp-json\/wp\/v2\/media?parent=27750"}],"wp:term":[{"taxonomy":"pwb-brand","embeddable":true,"href":"https:\/\/www.mexicanguitarplayers.com\/en\/wp-json\/wp\/v2\/pwb-brand?post=27750"},{"taxonomy":"product_brand","embeddable":true,"href":"https:\/\/www.mexicanguitarplayers.com\/en\/wp-json\/wp\/v2\/product_brand?post=27750"},{"taxonomy":"product_cat","embeddable":true,"href":"https:\/\/www.mexicanguitarplayers.com\/en\/wp-json\/wp\/v2\/product_cat?post=27750"},{"taxonomy":"product_tag","embeddable":true,"href":"https:\/\/www.mexicanguitarplayers.com\/en\/wp-json\/wp\/v2\/product_tag?post=27750"}],"curies":[{"name":"wp","href":"https:\/\/api.w.org\/{rel}","templated":true}]}}