{"id":27773,"date":"2025-04-07T13:35:16","date_gmt":"2025-04-07T19:35:16","guid":{"rendered":"https:\/\/www.mexicanguitarplayers.com\/tienda\/sin categor\u00eda\/microfono-sennheiser-mkh416\/"},"modified":"2026-04-15T04:21:13","modified_gmt":"2026-04-15T10:21:13","slug":"microfono-sennheiser-mkh416","status":"publish","type":"product","link":"https:\/\/www.mexicanguitarplayers.com\/en\/tienda\/audio\/microfonia\/microfonos-alambricos\/microfono-sennheiser-mkh416\/","title":{"rendered":"MICROFONO SENNHEISER MKH416"},"content":{"rendered":"<div style=\"text-align: justify\">\n<div>\n<h3>Un micr\u00f3fono profesional que suena muy bien.<\/h3>\n<\/div>\n<div>El venerable MKH 416 es un micr\u00f3fono compacto de gradiente de presi\u00f3n con tubo de interferencia corto, altamente inmune a la humedad debido a su dise\u00f1o de condensador de RF. Con alta directividad, bajo ruido propio, alta articulaci\u00f3n de consonantes y rechazo de retroalimentaci\u00f3n, el MKH 416 puede manejar condiciones dif\u00edciles de filmaci\u00f3n e informes en exteriores sin ninguna dificultad. Patr\u00f3n s\u00fapercardioide\/l\u00f3bulo, terminado en negro mate.<\/div>\n<div>\n<h4>Quick look<\/h4>\n<\/div>\n<ul style=\"margin: 0px 0px 0px 25px\">\n<li style=\"list-style-type: circle;margin: 5px\">Dimensions.<\/li>\n<li style=\"list-style-type: circle;margin: 5px\">Frequency response.<\/li>\n<li style=\"list-style-type: circle;margin: 5px\">Sensitivity in free field, no load (1 kHz).<\/li>\n<li style=\"list-style-type: circle;margin: 5px\">Nominal impedance.<\/li>\n<li style=\"list-style-type: circle;margin: 5px\">Minimum termination impedance.<\/li>\n<li style=\"list-style-type: circle;margin: 5px\">Equivalent noise level.<\/li>\n<li style=\"list-style-type: circle;margin: 5px\">Nivel de ruido equivalente ponderado seg\u00fan CCIR 468-3.<\/li>\n<li style=\"list-style-type: circle;margin: 5px\">SPL m\u00e1ximo (pasivo).<\/li>\n<li style=\"list-style-type: circle;margin: 5px\">Energy consumption.<\/li>\n<li style=\"list-style-type: circle;margin: 5px\">Feeding.<\/li>\n<li style=\"list-style-type: circle;margin: 5px\">Accessories included.<\/li>\n<\/ul>\n<div>\n<div style=\"font-weight: bold\">Dimensions.<\/div>\n<div>\n<p>\u00d8 19 x 250 mm.<\/p>\n<\/div>\n<div style=\"font-weight: bold\">Frequency response.<\/div>\n<div>\n<p>40 - 20,000 Hz.<\/p>\n<\/div>\n<div style=\"font-weight: bold\">Sensitivity in free field, no load (1 kHz).<\/div>\n<div>\n<p>25 mV\/Pa \u00b11 dB.<\/p>\n<\/div>\n<div style=\"font-weight: bold\">Nominal impedance.<\/div>\n<div>\n<p>25 ohms.<\/p>\n<\/div>\n<div style=\"font-weight: bold\">Minimum termination impedance.<\/div>\n<div>\n<p>800 ohms.<\/p>\n<\/div>\n<div style=\"font-weight: bold\">Equivalent noise level.<\/div>\n<div>\n<p>13 dB.<\/p>\n<\/div>\n<div style=\"font-weight: bold\">Nivel de ruido equivalente ponderado seg\u00fan CCIR 468-3.<\/div>\n<div>\n<p>24 dB.<\/p>\n<\/div>\n<div style=\"font-weight: bold\">SPL m\u00e1ximo (pasivo).<\/div>\n<div>\n<p>130 dB.<\/p>\n<\/div>\n<div style=\"font-weight: bold\">Energy consumption.<\/div>\n<div>\n<p>2 mA.<\/p>\n<\/div>\n<div style=\"font-weight: bold\">Feeding.<\/div>\n<div>\n<p>48 +- 4 V Phantom.<\/p>\n<\/div>\n<div style=\"font-weight: bold\">Accessories included.<\/div>\n<div>\n<p>1 parabrisas MZW 415. 1 clamp de micr\u00f3fono MZQ 100.<\/p>\n<\/div>\n<\/div>\n<\/div>","protected":false},"excerpt":{"rendered":"<p>Micr\u00f3fono shotgun corto de tubo de interferencia para cine, radio y televisi\u00f3n, especialmente dise\u00f1ado para aplicaciones exteriores, excelente directividad, dise\u00f1o compacto, receptor gradiente de presi\u00f3n, hipercardioide a baja y media frecuencia, por encima de los 2 kHz se aproxima al patr\u00f3n lobular, respuesta de frecuencia: 40 &#8211; 20,000 Hz, impedancia nominal: 25 ohms, impedancia m\u00ednima de terminaci\u00f3n: 800 ohms, nivel de ruido equivalente: 13 dB, SPL m\u00e1ximo: 130 dB, consumo de energ\u00eda: 2 mA, alimentaci\u00f3n phantom, incluye parabrisas y una abrazadera de micr\u00f3fono.&hellip; <a class=\"kt-excerpt-readmore more-link\" href=\"https:\/\/www.mexicanguitarplayers.com\/en\/tienda\/audio\/microfonia\/microfonos-alambricos\/microfono-sennheiser-mkh416\/\">Read more<\/a><\/p>","protected":false},"featured_media":27770,"comment_status":"open","ping_status":"closed","template":"","meta":{"kt_blocks_editor_width":""},"pwb-brand":[176],"product_brand":[],"product_cat":[213,214,215],"product_tag":[],"class_list":{"0":"post-27773","1":"product","2":"type-product","3":"status-publish","4":"has-post-thumbnail","6":"pwb-brand-sennheiser","7":"product_cat-audio","8":"product_cat-microfonia","9":"product_cat-microfonos-alambricos","10":"product_shipping_class-0-5-kg","12":"first","13":"outofstock","14":"taxable","15":"shipping-taxable","16":"purchasable","17":"product-type-simple"},"yoast_head":"<!-- This site is optimized with the Yoast SEO plugin v27.5 - https:\/\/yoast.com\/product\/yoast-seo-wordpress\/ -->\n<title>MICROFONO SENNHEISER MKH416 - Mexican Guitar Players<\/title>\n<meta name=\"description\" content=\"Micr\u00f3fono shotgun corto de tubo de interferencia para cine, radio y televisi\u00f3n, especialmente dise\u00f1ado para aplicaciones exteriores, excelente directividad, dise\u00f1o compacto, receptor gradiente de presi\u00f3n, hipercardioide a baja y media frecuencia, por encima de los 2 kHz se aproxima al patr\u00f3n lobular, respuesta de frecuencia: 40 - 20,000 Hz, impedancia nominal: 25 ohms, impedancia m\u00ednima de terminaci\u00f3n: 800 ohms, nivel de ruido equivalente: 13 dB, SPL m\u00e1ximo: 130 dB, consumo de energ\u00eda: 2 mA, alimentaci\u00f3n phantom, incluye parabrisas y una abrazadera de micr\u00f3fono.\" \/>\n<meta name=\"robots\" content=\"index, follow, max-snippet:-1, max-image-preview:large, max-video-preview:-1\" \/>\n<link rel=\"canonical\" href=\"https:\/\/www.mexicanguitarplayers.com\/en\/tienda\/sin%20categor\u00eda\/microfono-sennheiser-mkh416\/\" \/>\n<meta property=\"og:locale\" content=\"en_US\" \/>\n<meta property=\"og:type\" content=\"article\" \/>\n<meta property=\"og:title\" content=\"MICROFONO SENNHEISER MKH416 - Mexican Guitar Players\" \/>\n<meta property=\"og:description\" content=\"Micr\u00f3fono shotgun corto de tubo de interferencia para cine, radio y televisi\u00f3n, especialmente dise\u00f1ado para aplicaciones exteriores, excelente directividad, dise\u00f1o compacto, receptor gradiente de presi\u00f3n, hipercardioide a baja y media frecuencia, por encima de los 2 kHz se aproxima al patr\u00f3n lobular, respuesta de frecuencia: 40 - 20,000 Hz, impedancia nominal: 25 ohms, impedancia m\u00ednima de terminaci\u00f3n: 800 ohms, nivel de ruido equivalente: 13 dB, SPL m\u00e1ximo: 130 dB, consumo de energ\u00eda: 2 mA, alimentaci\u00f3n phantom, incluye parabrisas y una abrazadera de micr\u00f3fono.\" \/>\n<meta property=\"og:url\" content=\"https:\/\/www.mexicanguitarplayers.com\/en\/tienda\/sin categor\u00eda\/microfono-sennheiser-mkh416\/\" \/>\n<meta property=\"og:site_name\" content=\"Mexican Guitar Players\" \/>\n<meta property=\"article:modified_time\" content=\"2026-04-15T10:21:13+00:00\" \/>\n<meta name=\"twitter:card\" content=\"summary_large_image\" \/>\n<meta name=\"twitter:label1\" content=\"Est. reading time\" \/>\n\t<meta name=\"twitter:data1\" content=\"1 minute\" \/>\n<script type=\"application\/ld+json\" class=\"yoast-schema-graph\">{\"@context\":\"https:\\\/\\\/schema.org\",\"@graph\":[{\"@type\":[\"WebPage\",\"ItemPage\"],\"@id\":\"https:\\\/\\\/www.mexicanguitarplayers.com\\\/tienda\\\/sin categor\u00eda\\\/microfono-sennheiser-mkh416\\\/\",\"url\":\"https:\\\/\\\/www.mexicanguitarplayers.com\\\/tienda\\\/sin categor\u00eda\\\/microfono-sennheiser-mkh416\\\/\",\"name\":\"MICROFONO SENNHEISER MKH416 - Mexican Guitar Players\",\"isPartOf\":{\"@id\":\"https:\\\/\\\/www.mexicanguitarplayers.com\\\/#website\"},\"primaryImageOfPage\":{\"@id\":\"https:\\\/\\\/www.mexicanguitarplayers.com\\\/tienda\\\/sin categor\u00eda\\\/microfono-sennheiser-mkh416\\\/#primaryimage\"},\"image\":{\"@id\":\"https:\\\/\\\/www.mexicanguitarplayers.com\\\/tienda\\\/sin categor\u00eda\\\/microfono-sennheiser-mkh416\\\/#primaryimage\"},\"thumbnailUrl\":\"https:\\\/\\\/www.mexicanguitarplayers.com\\\/wp-content\\\/uploads\\\/2025\\\/04\\\/IASENMKH416P48.jpg\",\"datePublished\":\"2025-04-07T19:35:16+00:00\",\"dateModified\":\"2026-04-15T10:21:13+00:00\",\"description\":\"Micr\u00f3fono shotgun corto de tubo de interferencia para cine, radio y televisi\u00f3n, especialmente dise\u00f1ado para aplicaciones exteriores, excelente directividad, dise\u00f1o compacto, receptor gradiente de presi\u00f3n, hipercardioide a baja y media frecuencia, por encima de los 2 kHz se aproxima al patr\u00f3n lobular, respuesta de frecuencia: 40 - 20,000 Hz, impedancia nominal: 25 ohms, impedancia m\u00ednima de terminaci\u00f3n: 800 ohms, nivel de ruido equivalente: 13 dB, SPL m\u00e1ximo: 130 dB, consumo de energ\u00eda: 2 mA, alimentaci\u00f3n phantom, incluye parabrisas y una abrazadera de micr\u00f3fono.\",\"breadcrumb\":{\"@id\":\"https:\\\/\\\/www.mexicanguitarplayers.com\\\/tienda\\\/sin categor\u00eda\\\/microfono-sennheiser-mkh416\\\/#breadcrumb\"},\"inLanguage\":\"en-US\",\"potentialAction\":[{\"@type\":\"ReadAction\",\"target\":[\"https:\\\/\\\/www.mexicanguitarplayers.com\\\/tienda\\\/sin categor\u00eda\\\/microfono-sennheiser-mkh416\\\/\"]}]},{\"@type\":\"ImageObject\",\"inLanguage\":\"en-US\",\"@id\":\"https:\\\/\\\/www.mexicanguitarplayers.com\\\/tienda\\\/sin categor\u00eda\\\/microfono-sennheiser-mkh416\\\/#primaryimage\",\"url\":\"https:\\\/\\\/www.mexicanguitarplayers.com\\\/wp-content\\\/uploads\\\/2025\\\/04\\\/IASENMKH416P48.jpg\",\"contentUrl\":\"https:\\\/\\\/www.mexicanguitarplayers.com\\\/wp-content\\\/uploads\\\/2025\\\/04\\\/IASENMKH416P48.jpg\",\"width\":800,\"height\":1600},{\"@type\":\"BreadcrumbList\",\"@id\":\"https:\\\/\\\/www.mexicanguitarplayers.com\\\/tienda\\\/sin categor\u00eda\\\/microfono-sennheiser-mkh416\\\/#breadcrumb\",\"itemListElement\":[{\"@type\":\"ListItem\",\"position\":1,\"name\":\"Portada\",\"item\":\"https:\\\/\\\/www.mexicanguitarplayers.com\\\/\"},{\"@type\":\"ListItem\",\"position\":2,\"name\":\"Tienda\",\"item\":\"https:\\\/\\\/www.mexicanguitarplayers.com\\\/tienda\\\/\"},{\"@type\":\"ListItem\",\"position\":3,\"name\":\"MICROFONO SENNHEISER MKH416\"}]},{\"@type\":\"WebSite\",\"@id\":\"https:\\\/\\\/www.mexicanguitarplayers.com\\\/#website\",\"url\":\"https:\\\/\\\/www.mexicanguitarplayers.com\\\/\",\"name\":\"Mexican Guitar Players\",\"description\":\"Website\",\"publisher\":{\"@id\":\"https:\\\/\\\/www.mexicanguitarplayers.com\\\/#organization\"},\"potentialAction\":[{\"@type\":\"SearchAction\",\"target\":{\"@type\":\"EntryPoint\",\"urlTemplate\":\"https:\\\/\\\/www.mexicanguitarplayers.com\\\/?s={search_term_string}\"},\"query-input\":{\"@type\":\"PropertyValueSpecification\",\"valueRequired\":true,\"valueName\":\"search_term_string\"}}],\"inLanguage\":\"en-US\"},{\"@type\":\"Organization\",\"@id\":\"https:\\\/\\\/www.mexicanguitarplayers.com\\\/#organization\",\"name\":\"Mexican Guitar Players\",\"url\":\"https:\\\/\\\/www.mexicanguitarplayers.com\\\/\",\"logo\":{\"@type\":\"ImageObject\",\"inLanguage\":\"en-US\",\"@id\":\"https:\\\/\\\/www.mexicanguitarplayers.com\\\/#\\\/schema\\\/logo\\\/image\\\/\",\"url\":\"\",\"contentUrl\":\"\",\"caption\":\"Mexican Guitar Players\"},\"image\":{\"@id\":\"https:\\\/\\\/www.mexicanguitarplayers.com\\\/#\\\/schema\\\/logo\\\/image\\\/\"}}]}<\/script>\n<!-- \/ Yoast SEO plugin. -->","yoast_head_json":{"title":"MICROFONO SENNHEISER MKH416 - Mexican Guitar Players","description":"Micr\u00f3fono shotgun corto de tubo de interferencia para cine, radio y televisi\u00f3n, especialmente dise\u00f1ado para aplicaciones exteriores, excelente directividad, dise\u00f1o compacto, receptor gradiente de presi\u00f3n, hipercardioide a baja y media frecuencia, por encima de los 2 kHz se aproxima al patr\u00f3n lobular, respuesta de frecuencia: 40 - 20,000 Hz, impedancia nominal: 25 ohms, impedancia m\u00ednima de terminaci\u00f3n: 800 ohms, nivel de ruido equivalente: 13 dB, SPL m\u00e1ximo: 130 dB, consumo de energ\u00eda: 2 mA, alimentaci\u00f3n phantom, incluye parabrisas y una abrazadera de micr\u00f3fono.","robots":{"index":"index","follow":"follow","max-snippet":"max-snippet:-1","max-image-preview":"max-image-preview:large","max-video-preview":"max-video-preview:-1"},"canonical":"https:\/\/www.mexicanguitarplayers.com\/en\/tienda\/sin categor\u00eda\/microfono-sennheiser-mkh416\/","og_locale":"en_US","og_type":"article","og_title":"MICROFONO SENNHEISER MKH416 - Mexican Guitar Players","og_description":"Micr\u00f3fono shotgun corto de tubo de interferencia para cine, radio y televisi\u00f3n, especialmente dise\u00f1ado para aplicaciones exteriores, excelente directividad, dise\u00f1o compacto, receptor gradiente de presi\u00f3n, hipercardioide a baja y media frecuencia, por encima de los 2 kHz se aproxima al patr\u00f3n lobular, respuesta de frecuencia: 40 - 20,000 Hz, impedancia nominal: 25 ohms, impedancia m\u00ednima de terminaci\u00f3n: 800 ohms, nivel de ruido equivalente: 13 dB, SPL m\u00e1ximo: 130 dB, consumo de energ\u00eda: 2 mA, alimentaci\u00f3n phantom, incluye parabrisas y una abrazadera de micr\u00f3fono.","og_url":"https:\/\/www.mexicanguitarplayers.com\/en\/tienda\/sin categor\u00eda\/microfono-sennheiser-mkh416\/","og_site_name":"Mexican Guitar Players","article_modified_time":"2026-04-15T10:21:13+00:00","twitter_card":"summary_large_image","twitter_misc":{"Est. reading time":"1 minute"},"schema":{"@context":"https:\/\/schema.org","@graph":[{"@type":["WebPage","ItemPage"],"@id":"https:\/\/www.mexicanguitarplayers.com\/tienda\/sin categor\u00eda\/microfono-sennheiser-mkh416\/","url":"https:\/\/www.mexicanguitarplayers.com\/tienda\/sin categor\u00eda\/microfono-sennheiser-mkh416\/","name":"MICROFONO SENNHEISER MKH416 - Mexican Guitar Players","isPartOf":{"@id":"https:\/\/www.mexicanguitarplayers.com\/#website"},"primaryImageOfPage":{"@id":"https:\/\/www.mexicanguitarplayers.com\/tienda\/sin categor\u00eda\/microfono-sennheiser-mkh416\/#primaryimage"},"image":{"@id":"https:\/\/www.mexicanguitarplayers.com\/tienda\/sin categor\u00eda\/microfono-sennheiser-mkh416\/#primaryimage"},"thumbnailUrl":"https:\/\/www.mexicanguitarplayers.com\/wp-content\/uploads\/2025\/04\/IASENMKH416P48.jpg","datePublished":"2025-04-07T19:35:16+00:00","dateModified":"2026-04-15T10:21:13+00:00","description":"Micr\u00f3fono shotgun corto de tubo de interferencia para cine, radio y televisi\u00f3n, especialmente dise\u00f1ado para aplicaciones exteriores, excelente directividad, dise\u00f1o compacto, receptor gradiente de presi\u00f3n, hipercardioide a baja y media frecuencia, por encima de los 2 kHz se aproxima al patr\u00f3n lobular, respuesta de frecuencia: 40 - 20,000 Hz, impedancia nominal: 25 ohms, impedancia m\u00ednima de terminaci\u00f3n: 800 ohms, nivel de ruido equivalente: 13 dB, SPL m\u00e1ximo: 130 dB, consumo de energ\u00eda: 2 mA, alimentaci\u00f3n phantom, incluye parabrisas y una abrazadera de micr\u00f3fono.","breadcrumb":{"@id":"https:\/\/www.mexicanguitarplayers.com\/tienda\/sin categor\u00eda\/microfono-sennheiser-mkh416\/#breadcrumb"},"inLanguage":"en-US","potentialAction":[{"@type":"ReadAction","target":["https:\/\/www.mexicanguitarplayers.com\/tienda\/sin categor\u00eda\/microfono-sennheiser-mkh416\/"]}]},{"@type":"ImageObject","inLanguage":"en-US","@id":"https:\/\/www.mexicanguitarplayers.com\/tienda\/sin categor\u00eda\/microfono-sennheiser-mkh416\/#primaryimage","url":"https:\/\/www.mexicanguitarplayers.com\/wp-content\/uploads\/2025\/04\/IASENMKH416P48.jpg","contentUrl":"https:\/\/www.mexicanguitarplayers.com\/wp-content\/uploads\/2025\/04\/IASENMKH416P48.jpg","width":800,"height":1600},{"@type":"BreadcrumbList","@id":"https:\/\/www.mexicanguitarplayers.com\/tienda\/sin categor\u00eda\/microfono-sennheiser-mkh416\/#breadcrumb","itemListElement":[{"@type":"ListItem","position":1,"name":"Portada","item":"https:\/\/www.mexicanguitarplayers.com\/"},{"@type":"ListItem","position":2,"name":"Tienda","item":"https:\/\/www.mexicanguitarplayers.com\/tienda\/"},{"@type":"ListItem","position":3,"name":"MICROFONO SENNHEISER MKH416"}]},{"@type":"WebSite","@id":"https:\/\/www.mexicanguitarplayers.com\/#website","url":"https:\/\/www.mexicanguitarplayers.com\/","name":"Mexican Guitar Players","description":"Website","publisher":{"@id":"https:\/\/www.mexicanguitarplayers.com\/#organization"},"potentialAction":[{"@type":"SearchAction","target":{"@type":"EntryPoint","urlTemplate":"https:\/\/www.mexicanguitarplayers.com\/?s={search_term_string}"},"query-input":{"@type":"PropertyValueSpecification","valueRequired":true,"valueName":"search_term_string"}}],"inLanguage":"en-US"},{"@type":"Organization","@id":"https:\/\/www.mexicanguitarplayers.com\/#organization","name":"Mexican Guitar Players","url":"https:\/\/www.mexicanguitarplayers.com\/","logo":{"@type":"ImageObject","inLanguage":"en-US","@id":"https:\/\/www.mexicanguitarplayers.com\/#\/schema\/logo\/image\/","url":"","contentUrl":"","caption":"Mexican Guitar Players"},"image":{"@id":"https:\/\/www.mexicanguitarplayers.com\/#\/schema\/logo\/image\/"}}]}},"brands":[{"id":176,"name":"SENNHEISER","slug":"sennheiser"}],"_links":{"self":[{"href":"https:\/\/www.mexicanguitarplayers.com\/en\/wp-json\/wp\/v2\/product\/27773","targetHints":{"allow":["GET"]}}],"collection":[{"href":"https:\/\/www.mexicanguitarplayers.com\/en\/wp-json\/wp\/v2\/product"}],"about":[{"href":"https:\/\/www.mexicanguitarplayers.com\/en\/wp-json\/wp\/v2\/types\/product"}],"replies":[{"embeddable":true,"href":"https:\/\/www.mexicanguitarplayers.com\/en\/wp-json\/wp\/v2\/comments?post=27773"}],"wp:featuredmedia":[{"embeddable":true,"href":"https:\/\/www.mexicanguitarplayers.com\/en\/wp-json\/wp\/v2\/media\/27770"}],"wp:attachment":[{"href":"https:\/\/www.mexicanguitarplayers.com\/en\/wp-json\/wp\/v2\/media?parent=27773"}],"wp:term":[{"taxonomy":"pwb-brand","embeddable":true,"href":"https:\/\/www.mexicanguitarplayers.com\/en\/wp-json\/wp\/v2\/pwb-brand?post=27773"},{"taxonomy":"product_brand","embeddable":true,"href":"https:\/\/www.mexicanguitarplayers.com\/en\/wp-json\/wp\/v2\/product_brand?post=27773"},{"taxonomy":"product_cat","embeddable":true,"href":"https:\/\/www.mexicanguitarplayers.com\/en\/wp-json\/wp\/v2\/product_cat?post=27773"},{"taxonomy":"product_tag","embeddable":true,"href":"https:\/\/www.mexicanguitarplayers.com\/en\/wp-json\/wp\/v2\/product_tag?post=27773"}],"curies":[{"name":"wp","href":"https:\/\/api.w.org\/{rel}","templated":true}]}}