{"id":27792,"date":"2025-04-07T13:36:17","date_gmt":"2025-04-07T19:36:17","guid":{"rendered":"https:\/\/www.mexicanguitarplayers.com\/tienda\/sin categor\u00eda\/estuche-skb-p-soportes-1skb-h5020w\/"},"modified":"2026-04-10T04:41:32","modified_gmt":"2026-04-10T10:41:32","slug":"estuche-skb-p-soportes-1skb-h5020w","status":"publish","type":"product","link":"https:\/\/www.mexicanguitarplayers.com\/en\/tienda\/accesorios\/para-bateria\/estuche-skb-p-soportes-1skb-h5020w\/","title":{"rendered":"ESTUCHE SKB P\/SOPORTES 1SKB-H5020W"},"content":{"rendered":"<div style=\"text-align: justify\">\n<div>\n<h3>Estuches dise\u00f1ados especialmente.<\/h3>\n<\/div>\n<div>Nuestros estuches &#8220;Rail-Pack&#8221; est\u00e1n dise\u00f1ados espec\u00edficamente para el transporte seguro de soportes para micr\u00f3fono, atriles de bater\u00eda y equipo similar que requiera un sistema de transporte durable, pr\u00e1ctico y apropiado. Estos nuevos estuches &#8220;Rail-Pack&#8221; cuentan con una construcci\u00f3n de polietileno al vac\u00edo, ruedas robustas incorporadas, asas de caucho sobre moldeado acolchado, parachoques de protecci\u00f3n y cerraduras TSA de seguridad. Todos los estuches cuentan con certificaci\u00f3n ATA (Air Transport Association) Categor\u00eda 300, Categor\u00eda 1, el m\u00e1s alto est\u00e1ndar para contenedor de transporte a\u00e9reo, asegurando un m\u00ednimo de 100 viajes comunes.<\/div>\n<div>\n<h4>Quick look<\/h4>\n<\/div>\n<ul style=\"margin: 0px 0px 0px 25px\">\n<li style=\"list-style-type: circle;margin: 5px\">Longitud interior.<\/li>\n<li style=\"list-style-type: circle;margin: 5px\">Ancho interior.<\/li>\n<li style=\"list-style-type: circle;margin: 5px\">Profundidad interior.<\/li>\n<li style=\"list-style-type: circle;margin: 5px\">Weight.<\/li>\n<\/ul>\n<div>\n<div style=\"font-weight: bold\">Longitud interior.<\/div>\n<div>\n<p>126.37 cm.<\/p>\n<\/div>\n<div style=\"font-weight: bold\">Ancho interior.<\/div>\n<div>\n<p>50.80 cm.<\/p>\n<\/div>\n<div style=\"font-weight: bold\">Profundidad interior.<\/div>\n<div>\n<p>34.93 cm.<\/p>\n<\/div>\n<div style=\"font-weight: bold\">Weight.<\/div>\n<div>\n<p>10.43 kg.<\/p>\n<\/div>\n<\/div>\n<div>\n<h4>Characteristics<\/h4>\n<\/div>\n<div>\n<ul style=\"margin: 0px 0px 0px 25px\">\n<li style=\"list-style-type: circle;margin: 5px\">Pestillos, asas y ruedas reemplazables.<\/li>\n<li style=\"list-style-type: circle;margin: 5px\">Ruedas robustas incorporadas.<\/li>\n<li style=\"list-style-type: circle;margin: 5px\">Cerraduras TSA y pestillos de bloqueo.<\/li>\n<li style=\"list-style-type: circle;margin: 5px\">Asas de caucho sobre moldeado.<\/li>\n<\/ul>\n<\/div>\n<\/div>","protected":false},"excerpt":{"rendered":"<p>Estuche para transporte seguro de soportes de micr\u00f3fono, hardware de bater\u00eda y equipo similar, pestillos, asas y ruedas reemplazables, ruedas robustas incorporadas, cerraduras TSA de seguridad y pestillos de bloqueo, asas de caucho sobre moldeado, longitud interior: 126.37 cm, ancho interior: 50.80 cm, profundidad interior: 34.93 cm, peso: 10.43 kg.&hellip; <a class=\"kt-excerpt-readmore more-link\" href=\"https:\/\/www.mexicanguitarplayers.com\/en\/tienda\/accesorios\/para-bateria\/estuche-skb-p-soportes-1skb-h5020w\/\">Read more<\/a><\/p>","protected":false},"featured_media":27789,"comment_status":"open","ping_status":"closed","template":"","meta":{"kt_blocks_editor_width":""},"pwb-brand":[609],"product_brand":[],"product_cat":[85,517,306],"product_tag":[],"class_list":{"0":"post-27792","1":"product","2":"type-product","3":"status-publish","4":"has-post-thumbnail","6":"pwb-brand-skb","7":"product_cat-accesorios","8":"product_cat-estuches-y-fundas","9":"product_cat-para-bateria","10":"product_shipping_class-10-15-kg","12":"first","13":"outofstock","14":"taxable","15":"shipping-taxable","16":"purchasable","17":"product-type-simple"},"yoast_head":"<!-- This site is optimized with the Yoast SEO plugin v27.5 - https:\/\/yoast.com\/product\/yoast-seo-wordpress\/ -->\n<title>ESTUCHE SKB P\/SOPORTES 1SKB-H5020W - Mexican Guitar Players<\/title>\n<meta name=\"description\" content=\"Estuche para transporte seguro de soportes de micr\u00f3fono, hardware de bater\u00eda y equipo similar, pestillos, asas y ruedas reemplazables, ruedas robustas incorporadas, cerraduras TSA de seguridad y pestillos de bloqueo, asas de caucho sobre moldeado, longitud interior: 126.37 cm, ancho interior: 50.80 cm, profundidad interior: 34.93 cm, peso: 10.43 kg.\" \/>\n<meta name=\"robots\" content=\"index, follow, max-snippet:-1, max-image-preview:large, max-video-preview:-1\" \/>\n<link rel=\"canonical\" href=\"https:\/\/www.mexicanguitarplayers.com\/en\/tienda\/sin%20categor\u00eda\/estuche-skb-p-soportes-1skb-h5020w\/\" \/>\n<meta property=\"og:locale\" content=\"en_US\" \/>\n<meta property=\"og:type\" content=\"article\" \/>\n<meta property=\"og:title\" content=\"ESTUCHE SKB P\/SOPORTES 1SKB-H5020W - Mexican Guitar Players\" \/>\n<meta property=\"og:description\" content=\"Estuche para transporte seguro de soportes de micr\u00f3fono, hardware de bater\u00eda y equipo similar, pestillos, asas y ruedas reemplazables, ruedas robustas incorporadas, cerraduras TSA de seguridad y pestillos de bloqueo, asas de caucho sobre moldeado, longitud interior: 126.37 cm, ancho interior: 50.80 cm, profundidad interior: 34.93 cm, peso: 10.43 kg.\" \/>\n<meta property=\"og:url\" content=\"https:\/\/www.mexicanguitarplayers.com\/en\/tienda\/sin categor\u00eda\/estuche-skb-p-soportes-1skb-h5020w\/\" \/>\n<meta property=\"og:site_name\" content=\"Mexican Guitar Players\" \/>\n<meta property=\"article:modified_time\" content=\"2026-04-10T10:41:32+00:00\" \/>\n<meta name=\"twitter:card\" content=\"summary_large_image\" \/>\n<meta name=\"twitter:label1\" content=\"Est. reading time\" \/>\n\t<meta name=\"twitter:data1\" content=\"1 minute\" \/>\n<script type=\"application\/ld+json\" class=\"yoast-schema-graph\">{\"@context\":\"https:\\\/\\\/schema.org\",\"@graph\":[{\"@type\":[\"WebPage\",\"ItemPage\"],\"@id\":\"https:\\\/\\\/www.mexicanguitarplayers.com\\\/tienda\\\/sin categor\u00eda\\\/estuche-skb-p-soportes-1skb-h5020w\\\/\",\"url\":\"https:\\\/\\\/www.mexicanguitarplayers.com\\\/tienda\\\/sin categor\u00eda\\\/estuche-skb-p-soportes-1skb-h5020w\\\/\",\"name\":\"ESTUCHE SKB P\\\/SOPORTES 1SKB-H5020W - Mexican Guitar Players\",\"isPartOf\":{\"@id\":\"https:\\\/\\\/www.mexicanguitarplayers.com\\\/#website\"},\"primaryImageOfPage\":{\"@id\":\"https:\\\/\\\/www.mexicanguitarplayers.com\\\/tienda\\\/sin categor\u00eda\\\/estuche-skb-p-soportes-1skb-h5020w\\\/#primaryimage\"},\"image\":{\"@id\":\"https:\\\/\\\/www.mexicanguitarplayers.com\\\/tienda\\\/sin categor\u00eda\\\/estuche-skb-p-soportes-1skb-h5020w\\\/#primaryimage\"},\"thumbnailUrl\":\"https:\\\/\\\/www.mexicanguitarplayers.com\\\/wp-content\\\/uploads\\\/2025\\\/04\\\/VASKB1SH5020W.jpg\",\"datePublished\":\"2025-04-07T19:36:17+00:00\",\"dateModified\":\"2026-04-10T10:41:32+00:00\",\"description\":\"Estuche para transporte seguro de soportes de micr\u00f3fono, hardware de bater\u00eda y equipo similar, pestillos, asas y ruedas reemplazables, ruedas robustas incorporadas, cerraduras TSA de seguridad y pestillos de bloqueo, asas de caucho sobre moldeado, longitud interior: 126.37 cm, ancho interior: 50.80 cm, profundidad interior: 34.93 cm, peso: 10.43 kg.\",\"breadcrumb\":{\"@id\":\"https:\\\/\\\/www.mexicanguitarplayers.com\\\/tienda\\\/sin categor\u00eda\\\/estuche-skb-p-soportes-1skb-h5020w\\\/#breadcrumb\"},\"inLanguage\":\"en-US\",\"potentialAction\":[{\"@type\":\"ReadAction\",\"target\":[\"https:\\\/\\\/www.mexicanguitarplayers.com\\\/tienda\\\/sin categor\u00eda\\\/estuche-skb-p-soportes-1skb-h5020w\\\/\"]}]},{\"@type\":\"ImageObject\",\"inLanguage\":\"en-US\",\"@id\":\"https:\\\/\\\/www.mexicanguitarplayers.com\\\/tienda\\\/sin categor\u00eda\\\/estuche-skb-p-soportes-1skb-h5020w\\\/#primaryimage\",\"url\":\"https:\\\/\\\/www.mexicanguitarplayers.com\\\/wp-content\\\/uploads\\\/2025\\\/04\\\/VASKB1SH5020W.jpg\",\"contentUrl\":\"https:\\\/\\\/www.mexicanguitarplayers.com\\\/wp-content\\\/uploads\\\/2025\\\/04\\\/VASKB1SH5020W.jpg\",\"width\":1200,\"height\":1200},{\"@type\":\"BreadcrumbList\",\"@id\":\"https:\\\/\\\/www.mexicanguitarplayers.com\\\/tienda\\\/sin categor\u00eda\\\/estuche-skb-p-soportes-1skb-h5020w\\\/#breadcrumb\",\"itemListElement\":[{\"@type\":\"ListItem\",\"position\":1,\"name\":\"Portada\",\"item\":\"https:\\\/\\\/www.mexicanguitarplayers.com\\\/\"},{\"@type\":\"ListItem\",\"position\":2,\"name\":\"Tienda\",\"item\":\"https:\\\/\\\/www.mexicanguitarplayers.com\\\/tienda\\\/\"},{\"@type\":\"ListItem\",\"position\":3,\"name\":\"ESTUCHE SKB P\\\/SOPORTES 1SKB-H5020W\"}]},{\"@type\":\"WebSite\",\"@id\":\"https:\\\/\\\/www.mexicanguitarplayers.com\\\/#website\",\"url\":\"https:\\\/\\\/www.mexicanguitarplayers.com\\\/\",\"name\":\"Mexican Guitar Players\",\"description\":\"Website\",\"publisher\":{\"@id\":\"https:\\\/\\\/www.mexicanguitarplayers.com\\\/#organization\"},\"potentialAction\":[{\"@type\":\"SearchAction\",\"target\":{\"@type\":\"EntryPoint\",\"urlTemplate\":\"https:\\\/\\\/www.mexicanguitarplayers.com\\\/?s={search_term_string}\"},\"query-input\":{\"@type\":\"PropertyValueSpecification\",\"valueRequired\":true,\"valueName\":\"search_term_string\"}}],\"inLanguage\":\"en-US\"},{\"@type\":\"Organization\",\"@id\":\"https:\\\/\\\/www.mexicanguitarplayers.com\\\/#organization\",\"name\":\"Mexican Guitar Players\",\"url\":\"https:\\\/\\\/www.mexicanguitarplayers.com\\\/\",\"logo\":{\"@type\":\"ImageObject\",\"inLanguage\":\"en-US\",\"@id\":\"https:\\\/\\\/www.mexicanguitarplayers.com\\\/#\\\/schema\\\/logo\\\/image\\\/\",\"url\":\"\",\"contentUrl\":\"\",\"caption\":\"Mexican Guitar Players\"},\"image\":{\"@id\":\"https:\\\/\\\/www.mexicanguitarplayers.com\\\/#\\\/schema\\\/logo\\\/image\\\/\"}}]}<\/script>\n<!-- \/ Yoast SEO plugin. -->","yoast_head_json":{"title":"ESTUCHE SKB P\/SOPORTES 1SKB-H5020W - Mexican Guitar Players","description":"Estuche para transporte seguro de soportes de micr\u00f3fono, hardware de bater\u00eda y equipo similar, pestillos, asas y ruedas reemplazables, ruedas robustas incorporadas, cerraduras TSA de seguridad y pestillos de bloqueo, asas de caucho sobre moldeado, longitud interior: 126.37 cm, ancho interior: 50.80 cm, profundidad interior: 34.93 cm, peso: 10.43 kg.","robots":{"index":"index","follow":"follow","max-snippet":"max-snippet:-1","max-image-preview":"max-image-preview:large","max-video-preview":"max-video-preview:-1"},"canonical":"https:\/\/www.mexicanguitarplayers.com\/en\/tienda\/sin categor\u00eda\/estuche-skb-p-soportes-1skb-h5020w\/","og_locale":"en_US","og_type":"article","og_title":"ESTUCHE SKB P\/SOPORTES 1SKB-H5020W - Mexican Guitar Players","og_description":"Estuche para transporte seguro de soportes de micr\u00f3fono, hardware de bater\u00eda y equipo similar, pestillos, asas y ruedas reemplazables, ruedas robustas incorporadas, cerraduras TSA de seguridad y pestillos de bloqueo, asas de caucho sobre moldeado, longitud interior: 126.37 cm, ancho interior: 50.80 cm, profundidad interior: 34.93 cm, peso: 10.43 kg.","og_url":"https:\/\/www.mexicanguitarplayers.com\/en\/tienda\/sin categor\u00eda\/estuche-skb-p-soportes-1skb-h5020w\/","og_site_name":"Mexican Guitar Players","article_modified_time":"2026-04-10T10:41:32+00:00","twitter_card":"summary_large_image","twitter_misc":{"Est. reading time":"1 minute"},"schema":{"@context":"https:\/\/schema.org","@graph":[{"@type":["WebPage","ItemPage"],"@id":"https:\/\/www.mexicanguitarplayers.com\/tienda\/sin categor\u00eda\/estuche-skb-p-soportes-1skb-h5020w\/","url":"https:\/\/www.mexicanguitarplayers.com\/tienda\/sin categor\u00eda\/estuche-skb-p-soportes-1skb-h5020w\/","name":"ESTUCHE SKB P\/SOPORTES 1SKB-H5020W - Mexican Guitar Players","isPartOf":{"@id":"https:\/\/www.mexicanguitarplayers.com\/#website"},"primaryImageOfPage":{"@id":"https:\/\/www.mexicanguitarplayers.com\/tienda\/sin categor\u00eda\/estuche-skb-p-soportes-1skb-h5020w\/#primaryimage"},"image":{"@id":"https:\/\/www.mexicanguitarplayers.com\/tienda\/sin categor\u00eda\/estuche-skb-p-soportes-1skb-h5020w\/#primaryimage"},"thumbnailUrl":"https:\/\/www.mexicanguitarplayers.com\/wp-content\/uploads\/2025\/04\/VASKB1SH5020W.jpg","datePublished":"2025-04-07T19:36:17+00:00","dateModified":"2026-04-10T10:41:32+00:00","description":"Estuche para transporte seguro de soportes de micr\u00f3fono, hardware de bater\u00eda y equipo similar, pestillos, asas y ruedas reemplazables, ruedas robustas incorporadas, cerraduras TSA de seguridad y pestillos de bloqueo, asas de caucho sobre moldeado, longitud interior: 126.37 cm, ancho interior: 50.80 cm, profundidad interior: 34.93 cm, peso: 10.43 kg.","breadcrumb":{"@id":"https:\/\/www.mexicanguitarplayers.com\/tienda\/sin categor\u00eda\/estuche-skb-p-soportes-1skb-h5020w\/#breadcrumb"},"inLanguage":"en-US","potentialAction":[{"@type":"ReadAction","target":["https:\/\/www.mexicanguitarplayers.com\/tienda\/sin categor\u00eda\/estuche-skb-p-soportes-1skb-h5020w\/"]}]},{"@type":"ImageObject","inLanguage":"en-US","@id":"https:\/\/www.mexicanguitarplayers.com\/tienda\/sin categor\u00eda\/estuche-skb-p-soportes-1skb-h5020w\/#primaryimage","url":"https:\/\/www.mexicanguitarplayers.com\/wp-content\/uploads\/2025\/04\/VASKB1SH5020W.jpg","contentUrl":"https:\/\/www.mexicanguitarplayers.com\/wp-content\/uploads\/2025\/04\/VASKB1SH5020W.jpg","width":1200,"height":1200},{"@type":"BreadcrumbList","@id":"https:\/\/www.mexicanguitarplayers.com\/tienda\/sin categor\u00eda\/estuche-skb-p-soportes-1skb-h5020w\/#breadcrumb","itemListElement":[{"@type":"ListItem","position":1,"name":"Portada","item":"https:\/\/www.mexicanguitarplayers.com\/"},{"@type":"ListItem","position":2,"name":"Tienda","item":"https:\/\/www.mexicanguitarplayers.com\/tienda\/"},{"@type":"ListItem","position":3,"name":"ESTUCHE SKB P\/SOPORTES 1SKB-H5020W"}]},{"@type":"WebSite","@id":"https:\/\/www.mexicanguitarplayers.com\/#website","url":"https:\/\/www.mexicanguitarplayers.com\/","name":"Mexican Guitar Players","description":"Website","publisher":{"@id":"https:\/\/www.mexicanguitarplayers.com\/#organization"},"potentialAction":[{"@type":"SearchAction","target":{"@type":"EntryPoint","urlTemplate":"https:\/\/www.mexicanguitarplayers.com\/?s={search_term_string}"},"query-input":{"@type":"PropertyValueSpecification","valueRequired":true,"valueName":"search_term_string"}}],"inLanguage":"en-US"},{"@type":"Organization","@id":"https:\/\/www.mexicanguitarplayers.com\/#organization","name":"Mexican Guitar Players","url":"https:\/\/www.mexicanguitarplayers.com\/","logo":{"@type":"ImageObject","inLanguage":"en-US","@id":"https:\/\/www.mexicanguitarplayers.com\/#\/schema\/logo\/image\/","url":"","contentUrl":"","caption":"Mexican Guitar Players"},"image":{"@id":"https:\/\/www.mexicanguitarplayers.com\/#\/schema\/logo\/image\/"}}]}},"brands":[{"id":609,"name":"SKB","slug":"skb"}],"_links":{"self":[{"href":"https:\/\/www.mexicanguitarplayers.com\/en\/wp-json\/wp\/v2\/product\/27792","targetHints":{"allow":["GET"]}}],"collection":[{"href":"https:\/\/www.mexicanguitarplayers.com\/en\/wp-json\/wp\/v2\/product"}],"about":[{"href":"https:\/\/www.mexicanguitarplayers.com\/en\/wp-json\/wp\/v2\/types\/product"}],"replies":[{"embeddable":true,"href":"https:\/\/www.mexicanguitarplayers.com\/en\/wp-json\/wp\/v2\/comments?post=27792"}],"wp:featuredmedia":[{"embeddable":true,"href":"https:\/\/www.mexicanguitarplayers.com\/en\/wp-json\/wp\/v2\/media\/27789"}],"wp:attachment":[{"href":"https:\/\/www.mexicanguitarplayers.com\/en\/wp-json\/wp\/v2\/media?parent=27792"}],"wp:term":[{"taxonomy":"pwb-brand","embeddable":true,"href":"https:\/\/www.mexicanguitarplayers.com\/en\/wp-json\/wp\/v2\/pwb-brand?post=27792"},{"taxonomy":"product_brand","embeddable":true,"href":"https:\/\/www.mexicanguitarplayers.com\/en\/wp-json\/wp\/v2\/product_brand?post=27792"},{"taxonomy":"product_cat","embeddable":true,"href":"https:\/\/www.mexicanguitarplayers.com\/en\/wp-json\/wp\/v2\/product_cat?post=27792"},{"taxonomy":"product_tag","embeddable":true,"href":"https:\/\/www.mexicanguitarplayers.com\/en\/wp-json\/wp\/v2\/product_tag?post=27792"}],"curies":[{"name":"wp","href":"https:\/\/api.w.org\/{rel}","templated":true}]}}