{"id":27827,"date":"2025-04-07T13:38:13","date_gmt":"2025-04-07T19:38:13","guid":{"rendered":"https:\/\/www.mexicanguitarplayers.com\/tienda\/sin categor\u00eda\/rack-proel-7-espacios-mod-ppcase07\/"},"modified":"2026-05-01T07:27:21","modified_gmt":"2026-05-01T13:27:21","slug":"rack-proel-7-espacios-mod-ppcase07","status":"publish","type":"product","link":"https:\/\/www.mexicanguitarplayers.com\/en\/tienda\/accesorios\/estuches-y-fundas\/cases\/rack-proel-7-espacios-mod-ppcase07\/","title":{"rendered":"RACK PROEL 7 ESPACIOS MOD. PPCASE07"},"content":{"rendered":"<div style=\"text-align: justify\">\n<div>\n<h3>PPCASE07<\/h3>\n<\/div>\n<div>Estuche de polipropileno moldeado por inyecci\u00f3n. Los estuches de la serie PPCASE de Proel, construidas con altos est\u00e1ndares de calidad, han sido dise\u00f1adas y creadas para el transporte y la protecci\u00f3n de equipos delicados incluso en condiciones extremas. Todos los estuches est\u00e1n hechos de material compuesto de PP moldeado por inyecci\u00f3n que protege contra la oxidaci\u00f3n y la corrosi\u00f3n, son resistentes al agua, al polvo y est\u00e1n reforzados en cada esquina para una m\u00e1xima resistencia y durabilidad; tambi\u00e9n est\u00e1n equipados con una v\u00e1lvula para regular la presi\u00f3n interna y est\u00e1n dise\u00f1ados para cerrar con candado. Todos los estuches vienen con espuma &#8220;eggbox&#8221; en el interior de la tapa, mientras que la base, excepto los modelos con forma de guitarra, cuenta con cubos de espuma personalizables, lo que permite adaptar el interior a una amplia gama de equipos.<\/div>\n<div>\n<h4>Characteristics<\/h4>\n<\/div>\n<div>\n<ul style=\"margin: 0px 0px 0px 25px\">\n<li style=\"list-style-type: circle;margin: 5px\">Dimensiones externas<\/li>\n<li style=\"list-style-type: circle;margin: 5px\">Dimensiones interiores<\/li>\n<li style=\"list-style-type: circle;margin: 5px\">Altura de la base interior<\/li>\n<li style=\"list-style-type: circle;margin: 5px\">PESO<\/li>\n<li style=\"list-style-type: circle;margin: 5px\">Color<\/li>\n<li style=\"list-style-type: circle;margin: 5px\">CARACTERISTICAS<\/li>\n<\/ul>\n<\/div>\n<\/div>","protected":false},"excerpt":{"rendered":"<p>Estuche de polipropileno moldeado por inyecci\u00f3n Dimensiones externas: Anchura 465 mm x Profundidad 400 mm x Altura 290 mm \/ Dimensiones internas: Anchura 430 mm x Profundidad 340 mm x Altura 275 (230 + 45) mm. Color negro.&hellip; <a class=\"kt-excerpt-readmore more-link\" href=\"https:\/\/www.mexicanguitarplayers.com\/en\/tienda\/accesorios\/estuches-y-fundas\/cases\/rack-proel-7-espacios-mod-ppcase07\/\">Read more<\/a><\/p>","protected":false},"featured_media":27824,"comment_status":"open","ping_status":"closed","template":"","meta":{"kt_blocks_editor_width":""},"pwb-brand":[252],"product_brand":[],"product_cat":[85,564,517],"product_tag":[],"class_list":{"0":"post-27827","1":"product","2":"type-product","3":"status-publish","4":"has-post-thumbnail","6":"pwb-brand-proel","7":"product_cat-accesorios","8":"product_cat-cases","9":"product_cat-estuches-y-fundas","10":"product_shipping_class-0-5-kg","12":"first","13":"instock","14":"taxable","15":"shipping-taxable","16":"purchasable","17":"product-type-simple"},"yoast_head":"<!-- This site is optimized with the Yoast SEO plugin v27.5 - https:\/\/yoast.com\/product\/yoast-seo-wordpress\/ -->\n<title>RACK PROEL 7 ESPACIOS MOD. PPCASE07 - Mexican Guitar Players<\/title>\n<meta name=\"description\" content=\"Estuche de polipropileno moldeado por inyecci\u00f3n Dimensiones externas: Anchura 465 mm x Profundidad 400 mm x Altura 290 mm \/ Dimensiones internas: Anchura 430 mm x Profundidad 340 mm x Altura 275 (230 + 45) mm. Color negro.\" \/>\n<meta name=\"robots\" content=\"index, follow, max-snippet:-1, max-image-preview:large, max-video-preview:-1\" \/>\n<link rel=\"canonical\" href=\"https:\/\/www.mexicanguitarplayers.com\/en\/tienda\/sin%20categor\u00eda\/rack-proel-7-espacios-mod-ppcase07\/\" \/>\n<meta property=\"og:locale\" content=\"en_US\" \/>\n<meta property=\"og:type\" content=\"article\" \/>\n<meta property=\"og:title\" content=\"RACK PROEL 7 ESPACIOS MOD. PPCASE07 - Mexican Guitar Players\" \/>\n<meta property=\"og:description\" content=\"Estuche de polipropileno moldeado por inyecci\u00f3n Dimensiones externas: Anchura 465 mm x Profundidad 400 mm x Altura 290 mm \/ Dimensiones internas: Anchura 430 mm x Profundidad 340 mm x Altura 275 (230 + 45) mm. Color negro.\" \/>\n<meta property=\"og:url\" content=\"https:\/\/www.mexicanguitarplayers.com\/en\/tienda\/sin categor\u00eda\/rack-proel-7-espacios-mod-ppcase07\/\" \/>\n<meta property=\"og:site_name\" content=\"Mexican Guitar Players\" \/>\n<meta property=\"article:modified_time\" content=\"2026-05-01T13:27:21+00:00\" \/>\n<meta name=\"twitter:card\" content=\"summary_large_image\" \/>\n<meta name=\"twitter:label1\" content=\"Est. reading time\" \/>\n\t<meta name=\"twitter:data1\" content=\"1 minute\" \/>\n<script type=\"application\/ld+json\" class=\"yoast-schema-graph\">{\"@context\":\"https:\\\/\\\/schema.org\",\"@graph\":[{\"@type\":[\"WebPage\",\"ItemPage\"],\"@id\":\"https:\\\/\\\/www.mexicanguitarplayers.com\\\/tienda\\\/sin categor\u00eda\\\/rack-proel-7-espacios-mod-ppcase07\\\/\",\"url\":\"https:\\\/\\\/www.mexicanguitarplayers.com\\\/tienda\\\/sin categor\u00eda\\\/rack-proel-7-espacios-mod-ppcase07\\\/\",\"name\":\"RACK PROEL 7 ESPACIOS MOD. PPCASE07 - Mexican Guitar Players\",\"isPartOf\":{\"@id\":\"https:\\\/\\\/www.mexicanguitarplayers.com\\\/#website\"},\"primaryImageOfPage\":{\"@id\":\"https:\\\/\\\/www.mexicanguitarplayers.com\\\/tienda\\\/sin categor\u00eda\\\/rack-proel-7-espacios-mod-ppcase07\\\/#primaryimage\"},\"image\":{\"@id\":\"https:\\\/\\\/www.mexicanguitarplayers.com\\\/tienda\\\/sin categor\u00eda\\\/rack-proel-7-espacios-mod-ppcase07\\\/#primaryimage\"},\"thumbnailUrl\":\"https:\\\/\\\/www.mexicanguitarplayers.com\\\/wp-content\\\/uploads\\\/2025\\\/04\\\/VAPREPPCASE07.jpg\",\"datePublished\":\"2025-04-07T19:38:13+00:00\",\"dateModified\":\"2026-05-01T13:27:21+00:00\",\"description\":\"Estuche de polipropileno moldeado por inyecci\u00f3n Dimensiones externas: Anchura 465 mm x Profundidad 400 mm x Altura 290 mm \\\/ Dimensiones internas: Anchura 430 mm x Profundidad 340 mm x Altura 275 (230 + 45) mm. Color negro.\",\"breadcrumb\":{\"@id\":\"https:\\\/\\\/www.mexicanguitarplayers.com\\\/tienda\\\/sin categor\u00eda\\\/rack-proel-7-espacios-mod-ppcase07\\\/#breadcrumb\"},\"inLanguage\":\"en-US\",\"potentialAction\":[{\"@type\":\"ReadAction\",\"target\":[\"https:\\\/\\\/www.mexicanguitarplayers.com\\\/tienda\\\/sin categor\u00eda\\\/rack-proel-7-espacios-mod-ppcase07\\\/\"]}]},{\"@type\":\"ImageObject\",\"inLanguage\":\"en-US\",\"@id\":\"https:\\\/\\\/www.mexicanguitarplayers.com\\\/tienda\\\/sin categor\u00eda\\\/rack-proel-7-espacios-mod-ppcase07\\\/#primaryimage\",\"url\":\"https:\\\/\\\/www.mexicanguitarplayers.com\\\/wp-content\\\/uploads\\\/2025\\\/04\\\/VAPREPPCASE07.jpg\",\"contentUrl\":\"https:\\\/\\\/www.mexicanguitarplayers.com\\\/wp-content\\\/uploads\\\/2025\\\/04\\\/VAPREPPCASE07.jpg\",\"width\":1200,\"height\":1200},{\"@type\":\"BreadcrumbList\",\"@id\":\"https:\\\/\\\/www.mexicanguitarplayers.com\\\/tienda\\\/sin categor\u00eda\\\/rack-proel-7-espacios-mod-ppcase07\\\/#breadcrumb\",\"itemListElement\":[{\"@type\":\"ListItem\",\"position\":1,\"name\":\"Portada\",\"item\":\"https:\\\/\\\/www.mexicanguitarplayers.com\\\/\"},{\"@type\":\"ListItem\",\"position\":2,\"name\":\"Tienda\",\"item\":\"https:\\\/\\\/www.mexicanguitarplayers.com\\\/tienda\\\/\"},{\"@type\":\"ListItem\",\"position\":3,\"name\":\"RACK PROEL 7 ESPACIOS MOD. PPCASE07\"}]},{\"@type\":\"WebSite\",\"@id\":\"https:\\\/\\\/www.mexicanguitarplayers.com\\\/#website\",\"url\":\"https:\\\/\\\/www.mexicanguitarplayers.com\\\/\",\"name\":\"Mexican Guitar Players\",\"description\":\"Website\",\"publisher\":{\"@id\":\"https:\\\/\\\/www.mexicanguitarplayers.com\\\/#organization\"},\"potentialAction\":[{\"@type\":\"SearchAction\",\"target\":{\"@type\":\"EntryPoint\",\"urlTemplate\":\"https:\\\/\\\/www.mexicanguitarplayers.com\\\/?s={search_term_string}\"},\"query-input\":{\"@type\":\"PropertyValueSpecification\",\"valueRequired\":true,\"valueName\":\"search_term_string\"}}],\"inLanguage\":\"en-US\"},{\"@type\":\"Organization\",\"@id\":\"https:\\\/\\\/www.mexicanguitarplayers.com\\\/#organization\",\"name\":\"Mexican Guitar Players\",\"url\":\"https:\\\/\\\/www.mexicanguitarplayers.com\\\/\",\"logo\":{\"@type\":\"ImageObject\",\"inLanguage\":\"en-US\",\"@id\":\"https:\\\/\\\/www.mexicanguitarplayers.com\\\/#\\\/schema\\\/logo\\\/image\\\/\",\"url\":\"\",\"contentUrl\":\"\",\"caption\":\"Mexican Guitar Players\"},\"image\":{\"@id\":\"https:\\\/\\\/www.mexicanguitarplayers.com\\\/#\\\/schema\\\/logo\\\/image\\\/\"}}]}<\/script>\n<!-- \/ Yoast SEO plugin. -->","yoast_head_json":{"title":"RACK PROEL 7 ESPACIOS MOD. PPCASE07 - Mexican Guitar Players","description":"Estuche de polipropileno moldeado por inyecci\u00f3n Dimensiones externas: Anchura 465 mm x Profundidad 400 mm x Altura 290 mm \/ Dimensiones internas: Anchura 430 mm x Profundidad 340 mm x Altura 275 (230 + 45) mm. Color negro.","robots":{"index":"index","follow":"follow","max-snippet":"max-snippet:-1","max-image-preview":"max-image-preview:large","max-video-preview":"max-video-preview:-1"},"canonical":"https:\/\/www.mexicanguitarplayers.com\/en\/tienda\/sin categor\u00eda\/rack-proel-7-espacios-mod-ppcase07\/","og_locale":"en_US","og_type":"article","og_title":"RACK PROEL 7 ESPACIOS MOD. PPCASE07 - Mexican Guitar Players","og_description":"Estuche de polipropileno moldeado por inyecci\u00f3n Dimensiones externas: Anchura 465 mm x Profundidad 400 mm x Altura 290 mm \/ Dimensiones internas: Anchura 430 mm x Profundidad 340 mm x Altura 275 (230 + 45) mm. Color negro.","og_url":"https:\/\/www.mexicanguitarplayers.com\/en\/tienda\/sin categor\u00eda\/rack-proel-7-espacios-mod-ppcase07\/","og_site_name":"Mexican Guitar Players","article_modified_time":"2026-05-01T13:27:21+00:00","twitter_card":"summary_large_image","twitter_misc":{"Est. reading time":"1 minute"},"schema":{"@context":"https:\/\/schema.org","@graph":[{"@type":["WebPage","ItemPage"],"@id":"https:\/\/www.mexicanguitarplayers.com\/tienda\/sin categor\u00eda\/rack-proel-7-espacios-mod-ppcase07\/","url":"https:\/\/www.mexicanguitarplayers.com\/tienda\/sin categor\u00eda\/rack-proel-7-espacios-mod-ppcase07\/","name":"RACK PROEL 7 ESPACIOS MOD. PPCASE07 - Mexican Guitar Players","isPartOf":{"@id":"https:\/\/www.mexicanguitarplayers.com\/#website"},"primaryImageOfPage":{"@id":"https:\/\/www.mexicanguitarplayers.com\/tienda\/sin categor\u00eda\/rack-proel-7-espacios-mod-ppcase07\/#primaryimage"},"image":{"@id":"https:\/\/www.mexicanguitarplayers.com\/tienda\/sin categor\u00eda\/rack-proel-7-espacios-mod-ppcase07\/#primaryimage"},"thumbnailUrl":"https:\/\/www.mexicanguitarplayers.com\/wp-content\/uploads\/2025\/04\/VAPREPPCASE07.jpg","datePublished":"2025-04-07T19:38:13+00:00","dateModified":"2026-05-01T13:27:21+00:00","description":"Estuche de polipropileno moldeado por inyecci\u00f3n Dimensiones externas: Anchura 465 mm x Profundidad 400 mm x Altura 290 mm \/ Dimensiones internas: Anchura 430 mm x Profundidad 340 mm x Altura 275 (230 + 45) mm. Color negro.","breadcrumb":{"@id":"https:\/\/www.mexicanguitarplayers.com\/tienda\/sin categor\u00eda\/rack-proel-7-espacios-mod-ppcase07\/#breadcrumb"},"inLanguage":"en-US","potentialAction":[{"@type":"ReadAction","target":["https:\/\/www.mexicanguitarplayers.com\/tienda\/sin categor\u00eda\/rack-proel-7-espacios-mod-ppcase07\/"]}]},{"@type":"ImageObject","inLanguage":"en-US","@id":"https:\/\/www.mexicanguitarplayers.com\/tienda\/sin categor\u00eda\/rack-proel-7-espacios-mod-ppcase07\/#primaryimage","url":"https:\/\/www.mexicanguitarplayers.com\/wp-content\/uploads\/2025\/04\/VAPREPPCASE07.jpg","contentUrl":"https:\/\/www.mexicanguitarplayers.com\/wp-content\/uploads\/2025\/04\/VAPREPPCASE07.jpg","width":1200,"height":1200},{"@type":"BreadcrumbList","@id":"https:\/\/www.mexicanguitarplayers.com\/tienda\/sin categor\u00eda\/rack-proel-7-espacios-mod-ppcase07\/#breadcrumb","itemListElement":[{"@type":"ListItem","position":1,"name":"Portada","item":"https:\/\/www.mexicanguitarplayers.com\/"},{"@type":"ListItem","position":2,"name":"Tienda","item":"https:\/\/www.mexicanguitarplayers.com\/tienda\/"},{"@type":"ListItem","position":3,"name":"RACK PROEL 7 ESPACIOS MOD. PPCASE07"}]},{"@type":"WebSite","@id":"https:\/\/www.mexicanguitarplayers.com\/#website","url":"https:\/\/www.mexicanguitarplayers.com\/","name":"Mexican Guitar Players","description":"Website","publisher":{"@id":"https:\/\/www.mexicanguitarplayers.com\/#organization"},"potentialAction":[{"@type":"SearchAction","target":{"@type":"EntryPoint","urlTemplate":"https:\/\/www.mexicanguitarplayers.com\/?s={search_term_string}"},"query-input":{"@type":"PropertyValueSpecification","valueRequired":true,"valueName":"search_term_string"}}],"inLanguage":"en-US"},{"@type":"Organization","@id":"https:\/\/www.mexicanguitarplayers.com\/#organization","name":"Mexican Guitar Players","url":"https:\/\/www.mexicanguitarplayers.com\/","logo":{"@type":"ImageObject","inLanguage":"en-US","@id":"https:\/\/www.mexicanguitarplayers.com\/#\/schema\/logo\/image\/","url":"","contentUrl":"","caption":"Mexican Guitar Players"},"image":{"@id":"https:\/\/www.mexicanguitarplayers.com\/#\/schema\/logo\/image\/"}}]}},"brands":[{"id":252,"name":"PROEL","slug":"proel"}],"_links":{"self":[{"href":"https:\/\/www.mexicanguitarplayers.com\/en\/wp-json\/wp\/v2\/product\/27827","targetHints":{"allow":["GET"]}}],"collection":[{"href":"https:\/\/www.mexicanguitarplayers.com\/en\/wp-json\/wp\/v2\/product"}],"about":[{"href":"https:\/\/www.mexicanguitarplayers.com\/en\/wp-json\/wp\/v2\/types\/product"}],"replies":[{"embeddable":true,"href":"https:\/\/www.mexicanguitarplayers.com\/en\/wp-json\/wp\/v2\/comments?post=27827"}],"wp:featuredmedia":[{"embeddable":true,"href":"https:\/\/www.mexicanguitarplayers.com\/en\/wp-json\/wp\/v2\/media\/27824"}],"wp:attachment":[{"href":"https:\/\/www.mexicanguitarplayers.com\/en\/wp-json\/wp\/v2\/media?parent=27827"}],"wp:term":[{"taxonomy":"pwb-brand","embeddable":true,"href":"https:\/\/www.mexicanguitarplayers.com\/en\/wp-json\/wp\/v2\/pwb-brand?post=27827"},{"taxonomy":"product_brand","embeddable":true,"href":"https:\/\/www.mexicanguitarplayers.com\/en\/wp-json\/wp\/v2\/product_brand?post=27827"},{"taxonomy":"product_cat","embeddable":true,"href":"https:\/\/www.mexicanguitarplayers.com\/en\/wp-json\/wp\/v2\/product_cat?post=27827"},{"taxonomy":"product_tag","embeddable":true,"href":"https:\/\/www.mexicanguitarplayers.com\/en\/wp-json\/wp\/v2\/product_tag?post=27827"}],"curies":[{"name":"wp","href":"https:\/\/api.w.org\/{rel}","templated":true}]}}