{"id":27843,"date":"2025-04-07T13:39:11","date_gmt":"2025-04-07T19:39:11","guid":{"rendered":"https:\/\/www.mexicanguitarplayers.com\/tienda\/sin categor\u00eda\/combo-blackstar-p-guit-debut-100r-212\/"},"modified":"2026-05-01T07:27:20","modified_gmt":"2026-05-01T13:27:20","slug":"combo-blackstar-p-guit-debut-100r-212","status":"publish","type":"product","link":"https:\/\/www.mexicanguitarplayers.com\/en\/tienda\/accesorios\/estuches-y-fundas\/para-guitarra\/combo-blackstar-p-guit-debut-100r-212\/","title":{"rendered":"COMBO BLACKSTAR P\/GUIT DEBUT-100R-212"},"content":{"rendered":"<div style=\"text-align: justify\">\n<div>\n<h3>DEBUT\u00a0\u00a0100R <\/h3>\n<\/div>\n<div>El Debut 100R lleva la gama Debut al siguiente nivel desde el punto de referencia establecido por el galardonado Debut 50R. Ahora, el Debut tiene m\u00e1s espacio libre que nunca y es lo suficientemente fuerte como para llenar cualquier lugar. La gama Debut 100R es sencilla, elegante y de dise\u00f1o totalmente anal\u00f3gico. Ideal para pedalistas, el Debut 100R se centra en el tono y la usabilidad en lugar de &#8220;campanas y silbidos&#8221; no deseados. El Debut 100R cubre todas sus necesidades de pr\u00e1ctica y actuaci\u00f3n con un conjunto de funciones cuidadosamente seleccionadas, que incluyen dos canales conmutables por pedal, nuestro control de tono ISF patentado, reducci\u00f3n de potencia y reverberaci\u00f3n digital incorporada. Para ofrecer la respuesta de sonido natural de un amplificador de v\u00e1lvulas, nuestro equipo de dise\u00f1o con sede en Northampton ha implementado un preamplificador MOSFET discreto. Las caracter\u00edsticas de sobremarcha de los MOSFET son similares a las de las v\u00e1lvulas. El equipo de I+D ha ido m\u00e1s all\u00e1 de los dise\u00f1os MOSFET de otros fabricantes para ofrecer un dise\u00f1o de preamplificador que es pr\u00e1cticamente indistinguible de las referencias de v\u00e1lvulas elegidas. El Debut 100R viene en variantes combinadas de 1&#215;12 y 2&#215;12, as\u00ed como un cabezal con cabina vertical de 2&#215;12 a juego. El Debut 100R est\u00e1 disponible en dos hermosos estilos boutique: revestimiento crema con trastes color sangre o tejido de cesta negro y &#8220;galleta&#8221;.<\/div>\n<div>\n<h4>Characteristics<\/h4>\n<\/div>\n<div>\n<ul style=\"margin: 0px 0px 0px 25px\">\n<li style=\"list-style-type: circle;margin: 5px\">Canales:<\/li>\n<li style=\"list-style-type: circle;margin: 5px\">Conmutador<\/li>\n<li style=\"list-style-type: circle;margin: 5px\">Controles de Tono<\/li>\n<li style=\"list-style-type: circle;margin: 5px\">Reducci\u00f3n de Potencia<\/li>\n<li style=\"list-style-type: circle;margin: 5px\">Opciones de Reverberaci\u00f3n<\/li>\n<li style=\"list-style-type: circle;margin: 5px\">Bucle de Efectos<\/li>\n<li style=\"list-style-type: circle;margin: 5px\">Entrada de L\u00ednea<\/li>\n<li style=\"list-style-type: circle;margin: 5px\">Salida de L\u00ednea Emulada por Altavoz:<\/li>\n<li style=\"list-style-type: circle;margin: 5px\">Reproducci\u00f3n Est\u00e9reo<\/li>\n<li style=\"list-style-type: circle;margin: 5px\">Opciones de Color<\/li>\n<\/ul>\n<\/div>\n<\/div>","protected":false},"excerpt":{"rendered":"<p>El Debut 100R es un amplificador vers\u00e1til y potente con dos canales (limpio y overdrive) y un conmutador de canal limpio Bright. Incluye controles de tono Graves, Medios, Agudos y el patentado ISF. Ofrece reducci\u00f3n de potencia hasta 5W, opciones de reverberaci\u00f3n &#8216;Plate&#8217; y &#8216;Hall&#8217;, y un bucle de efectos en serie. Tambi\u00e9n cuenta con una entrada de l\u00ednea para tocar o escuchar m\u00fasica, salida de l\u00ednea emulada por altavoz para pr\u00e1ctica silenciosa con auriculares o grabaci\u00f3n, y reproducci\u00f3n est\u00e9reo de fuentes Line In a trav\u00e9s de auriculares. Est\u00e1 disponible en combinaciones de colores Crema\/Sangre de Buey o tejido de cesta negro\/galleta.&hellip; <a class=\"kt-excerpt-readmore more-link\" href=\"https:\/\/www.mexicanguitarplayers.com\/en\/tienda\/accesorios\/estuches-y-fundas\/para-guitarra\/combo-blackstar-p-guit-debut-100r-212\/\">Read more<\/a><\/p>","protected":false},"featured_media":27837,"comment_status":"open","ping_status":"closed","template":"","meta":{"kt_blocks_editor_width":""},"pwb-brand":[172],"product_brand":[],"product_cat":[213,221,474,566],"product_tag":[],"class_list":{"0":"post-27843","1":"product","2":"type-product","3":"status-publish","4":"has-post-thumbnail","6":"pwb-brand-blackstar","7":"product_cat-audio","8":"product_cat-bafles-y-bocinas","9":"product_cat-bocinas-y-componentes","10":"product_cat-para-guitarra","11":"product_shipping_class-15-20-kg","13":"first","14":"instock","15":"taxable","16":"shipping-taxable","17":"purchasable","18":"product-type-simple"},"yoast_head":"<!-- This site is optimized with the Yoast SEO plugin v27.6 - https:\/\/yoast.com\/product\/yoast-seo-wordpress\/ -->\n<title>COMBO BLACKSTAR P\/GUIT DEBUT-100R-212 - Mexican Guitar Players<\/title>\n<meta name=\"description\" content=\"El Debut 100R es un amplificador vers\u00e1til y potente con dos canales (limpio y overdrive) y un conmutador de canal limpio Bright. Incluye controles de tono Graves, Medios, Agudos y el patentado ISF. Ofrece reducci\u00f3n de potencia hasta 5W, opciones de reverberaci\u00f3n &#039;Plate&#039; y &#039;Hall&#039;, y un bucle de efectos en serie. Tambi\u00e9n cuenta con una entrada de l\u00ednea para tocar o escuchar m\u00fasica, salida de l\u00ednea emulada por altavoz para pr\u00e1ctica silenciosa con auriculares o grabaci\u00f3n, y reproducci\u00f3n est\u00e9reo de fuentes Line In a trav\u00e9s de auriculares. Est\u00e1 disponible en combinaciones de colores Crema\/Sangre de Buey o tejido de cesta negro\/galleta.\" \/>\n<meta name=\"robots\" content=\"index, follow, max-snippet:-1, max-image-preview:large, max-video-preview:-1\" \/>\n<link rel=\"canonical\" href=\"https:\/\/www.mexicanguitarplayers.com\/en\/tienda\/sin%20categor\u00eda\/combo-blackstar-p-guit-debut-100r-212\/\" \/>\n<meta property=\"og:locale\" content=\"en_US\" \/>\n<meta property=\"og:type\" content=\"article\" \/>\n<meta property=\"og:title\" content=\"COMBO BLACKSTAR P\/GUIT DEBUT-100R-212 - Mexican Guitar Players\" \/>\n<meta property=\"og:description\" content=\"El Debut 100R es un amplificador vers\u00e1til y potente con dos canales (limpio y overdrive) y un conmutador de canal limpio Bright. Incluye controles de tono Graves, Medios, Agudos y el patentado ISF. Ofrece reducci\u00f3n de potencia hasta 5W, opciones de reverberaci\u00f3n &#039;Plate&#039; y &#039;Hall&#039;, y un bucle de efectos en serie. Tambi\u00e9n cuenta con una entrada de l\u00ednea para tocar o escuchar m\u00fasica, salida de l\u00ednea emulada por altavoz para pr\u00e1ctica silenciosa con auriculares o grabaci\u00f3n, y reproducci\u00f3n est\u00e9reo de fuentes Line In a trav\u00e9s de auriculares. Est\u00e1 disponible en combinaciones de colores Crema\/Sangre de Buey o tejido de cesta negro\/galleta.\" \/>\n<meta property=\"og:url\" content=\"https:\/\/www.mexicanguitarplayers.com\/en\/tienda\/sin categor\u00eda\/combo-blackstar-p-guit-debut-100r-212\/\" \/>\n<meta property=\"og:site_name\" content=\"Mexican Guitar Players\" \/>\n<meta property=\"article:modified_time\" content=\"2026-05-01T13:27:20+00:00\" \/>\n<meta name=\"twitter:card\" content=\"summary_large_image\" \/>\n<meta name=\"twitter:label1\" content=\"Est. reading time\" \/>\n\t<meta name=\"twitter:data1\" content=\"1 minute\" \/>\n<script type=\"application\/ld+json\" class=\"yoast-schema-graph\">{\"@context\":\"https:\\\/\\\/schema.org\",\"@graph\":[{\"@type\":[\"WebPage\",\"ItemPage\"],\"@id\":\"https:\\\/\\\/www.mexicanguitarplayers.com\\\/tienda\\\/sin categor\u00eda\\\/combo-blackstar-p-guit-debut-100r-212\\\/\",\"url\":\"https:\\\/\\\/www.mexicanguitarplayers.com\\\/tienda\\\/sin categor\u00eda\\\/combo-blackstar-p-guit-debut-100r-212\\\/\",\"name\":\"COMBO BLACKSTAR P\\\/GUIT DEBUT-100R-212 - Mexican Guitar Players\",\"isPartOf\":{\"@id\":\"https:\\\/\\\/www.mexicanguitarplayers.com\\\/#website\"},\"primaryImageOfPage\":{\"@id\":\"https:\\\/\\\/www.mexicanguitarplayers.com\\\/tienda\\\/sin categor\u00eda\\\/combo-blackstar-p-guit-debut-100r-212\\\/#primaryimage\"},\"image\":{\"@id\":\"https:\\\/\\\/www.mexicanguitarplayers.com\\\/tienda\\\/sin categor\u00eda\\\/combo-blackstar-p-guit-debut-100r-212\\\/#primaryimage\"},\"thumbnailUrl\":\"https:\\\/\\\/www.mexicanguitarplayers.com\\\/wp-content\\\/uploads\\\/2025\\\/04\\\/ICBLSDEBUT1R2.jpg\",\"datePublished\":\"2025-04-07T19:39:11+00:00\",\"dateModified\":\"2026-05-01T13:27:20+00:00\",\"description\":\"El Debut 100R es un amplificador vers\u00e1til y potente con dos canales (limpio y overdrive) y un conmutador de canal limpio Bright. Incluye controles de tono Graves, Medios, Agudos y el patentado ISF. Ofrece reducci\u00f3n de potencia hasta 5W, opciones de reverberaci\u00f3n 'Plate' y 'Hall', y un bucle de efectos en serie. Tambi\u00e9n cuenta con una entrada de l\u00ednea para tocar o escuchar m\u00fasica, salida de l\u00ednea emulada por altavoz para pr\u00e1ctica silenciosa con auriculares o grabaci\u00f3n, y reproducci\u00f3n est\u00e9reo de fuentes Line In a trav\u00e9s de auriculares. Est\u00e1 disponible en combinaciones de colores Crema\\\/Sangre de Buey o tejido de cesta negro\\\/galleta.\",\"breadcrumb\":{\"@id\":\"https:\\\/\\\/www.mexicanguitarplayers.com\\\/tienda\\\/sin categor\u00eda\\\/combo-blackstar-p-guit-debut-100r-212\\\/#breadcrumb\"},\"inLanguage\":\"en-US\",\"potentialAction\":[{\"@type\":\"ReadAction\",\"target\":[\"https:\\\/\\\/www.mexicanguitarplayers.com\\\/tienda\\\/sin categor\u00eda\\\/combo-blackstar-p-guit-debut-100r-212\\\/\"]}]},{\"@type\":\"ImageObject\",\"inLanguage\":\"en-US\",\"@id\":\"https:\\\/\\\/www.mexicanguitarplayers.com\\\/tienda\\\/sin categor\u00eda\\\/combo-blackstar-p-guit-debut-100r-212\\\/#primaryimage\",\"url\":\"https:\\\/\\\/www.mexicanguitarplayers.com\\\/wp-content\\\/uploads\\\/2025\\\/04\\\/ICBLSDEBUT1R2.jpg\",\"contentUrl\":\"https:\\\/\\\/www.mexicanguitarplayers.com\\\/wp-content\\\/uploads\\\/2025\\\/04\\\/ICBLSDEBUT1R2.jpg\",\"width\":1200,\"height\":1200},{\"@type\":\"BreadcrumbList\",\"@id\":\"https:\\\/\\\/www.mexicanguitarplayers.com\\\/tienda\\\/sin categor\u00eda\\\/combo-blackstar-p-guit-debut-100r-212\\\/#breadcrumb\",\"itemListElement\":[{\"@type\":\"ListItem\",\"position\":1,\"name\":\"Portada\",\"item\":\"https:\\\/\\\/www.mexicanguitarplayers.com\\\/\"},{\"@type\":\"ListItem\",\"position\":2,\"name\":\"Tienda\",\"item\":\"https:\\\/\\\/www.mexicanguitarplayers.com\\\/tienda\\\/\"},{\"@type\":\"ListItem\",\"position\":3,\"name\":\"COMBO BLACKSTAR P\\\/GUIT DEBUT-100R-212\"}]},{\"@type\":\"WebSite\",\"@id\":\"https:\\\/\\\/www.mexicanguitarplayers.com\\\/#website\",\"url\":\"https:\\\/\\\/www.mexicanguitarplayers.com\\\/\",\"name\":\"Mexican Guitar Players\",\"description\":\"Website\",\"publisher\":{\"@id\":\"https:\\\/\\\/www.mexicanguitarplayers.com\\\/#organization\"},\"potentialAction\":[{\"@type\":\"SearchAction\",\"target\":{\"@type\":\"EntryPoint\",\"urlTemplate\":\"https:\\\/\\\/www.mexicanguitarplayers.com\\\/?s={search_term_string}\"},\"query-input\":{\"@type\":\"PropertyValueSpecification\",\"valueRequired\":true,\"valueName\":\"search_term_string\"}}],\"inLanguage\":\"en-US\"},{\"@type\":\"Organization\",\"@id\":\"https:\\\/\\\/www.mexicanguitarplayers.com\\\/#organization\",\"name\":\"Mexican Guitar Players\",\"url\":\"https:\\\/\\\/www.mexicanguitarplayers.com\\\/\",\"logo\":{\"@type\":\"ImageObject\",\"inLanguage\":\"en-US\",\"@id\":\"https:\\\/\\\/www.mexicanguitarplayers.com\\\/#\\\/schema\\\/logo\\\/image\\\/\",\"url\":\"\",\"contentUrl\":\"\",\"caption\":\"Mexican Guitar Players\"},\"image\":{\"@id\":\"https:\\\/\\\/www.mexicanguitarplayers.com\\\/#\\\/schema\\\/logo\\\/image\\\/\"}}]}<\/script>\n<!-- \/ Yoast SEO plugin. -->","yoast_head_json":{"title":"COMBO BLACKSTAR P\/GUIT DEBUT-100R-212 - Mexican Guitar Players","description":"El Debut 100R es un amplificador vers\u00e1til y potente con dos canales (limpio y overdrive) y un conmutador de canal limpio Bright. Incluye controles de tono Graves, Medios, Agudos y el patentado ISF. Ofrece reducci\u00f3n de potencia hasta 5W, opciones de reverberaci\u00f3n 'Plate' y 'Hall', y un bucle de efectos en serie. Tambi\u00e9n cuenta con una entrada de l\u00ednea para tocar o escuchar m\u00fasica, salida de l\u00ednea emulada por altavoz para pr\u00e1ctica silenciosa con auriculares o grabaci\u00f3n, y reproducci\u00f3n est\u00e9reo de fuentes Line In a trav\u00e9s de auriculares. Est\u00e1 disponible en combinaciones de colores Crema\/Sangre de Buey o tejido de cesta negro\/galleta.","robots":{"index":"index","follow":"follow","max-snippet":"max-snippet:-1","max-image-preview":"max-image-preview:large","max-video-preview":"max-video-preview:-1"},"canonical":"https:\/\/www.mexicanguitarplayers.com\/en\/tienda\/sin categor\u00eda\/combo-blackstar-p-guit-debut-100r-212\/","og_locale":"en_US","og_type":"article","og_title":"COMBO BLACKSTAR P\/GUIT DEBUT-100R-212 - Mexican Guitar Players","og_description":"El Debut 100R es un amplificador vers\u00e1til y potente con dos canales (limpio y overdrive) y un conmutador de canal limpio Bright. Incluye controles de tono Graves, Medios, Agudos y el patentado ISF. Ofrece reducci\u00f3n de potencia hasta 5W, opciones de reverberaci\u00f3n 'Plate' y 'Hall', y un bucle de efectos en serie. Tambi\u00e9n cuenta con una entrada de l\u00ednea para tocar o escuchar m\u00fasica, salida de l\u00ednea emulada por altavoz para pr\u00e1ctica silenciosa con auriculares o grabaci\u00f3n, y reproducci\u00f3n est\u00e9reo de fuentes Line In a trav\u00e9s de auriculares. Est\u00e1 disponible en combinaciones de colores Crema\/Sangre de Buey o tejido de cesta negro\/galleta.","og_url":"https:\/\/www.mexicanguitarplayers.com\/en\/tienda\/sin categor\u00eda\/combo-blackstar-p-guit-debut-100r-212\/","og_site_name":"Mexican Guitar Players","article_modified_time":"2026-05-01T13:27:20+00:00","twitter_card":"summary_large_image","twitter_misc":{"Est. reading time":"1 minute"},"schema":{"@context":"https:\/\/schema.org","@graph":[{"@type":["WebPage","ItemPage"],"@id":"https:\/\/www.mexicanguitarplayers.com\/tienda\/sin categor\u00eda\/combo-blackstar-p-guit-debut-100r-212\/","url":"https:\/\/www.mexicanguitarplayers.com\/tienda\/sin categor\u00eda\/combo-blackstar-p-guit-debut-100r-212\/","name":"COMBO BLACKSTAR P\/GUIT DEBUT-100R-212 - Mexican Guitar Players","isPartOf":{"@id":"https:\/\/www.mexicanguitarplayers.com\/#website"},"primaryImageOfPage":{"@id":"https:\/\/www.mexicanguitarplayers.com\/tienda\/sin categor\u00eda\/combo-blackstar-p-guit-debut-100r-212\/#primaryimage"},"image":{"@id":"https:\/\/www.mexicanguitarplayers.com\/tienda\/sin categor\u00eda\/combo-blackstar-p-guit-debut-100r-212\/#primaryimage"},"thumbnailUrl":"https:\/\/www.mexicanguitarplayers.com\/wp-content\/uploads\/2025\/04\/ICBLSDEBUT1R2.jpg","datePublished":"2025-04-07T19:39:11+00:00","dateModified":"2026-05-01T13:27:20+00:00","description":"El Debut 100R es un amplificador vers\u00e1til y potente con dos canales (limpio y overdrive) y un conmutador de canal limpio Bright. Incluye controles de tono Graves, Medios, Agudos y el patentado ISF. Ofrece reducci\u00f3n de potencia hasta 5W, opciones de reverberaci\u00f3n 'Plate' y 'Hall', y un bucle de efectos en serie. Tambi\u00e9n cuenta con una entrada de l\u00ednea para tocar o escuchar m\u00fasica, salida de l\u00ednea emulada por altavoz para pr\u00e1ctica silenciosa con auriculares o grabaci\u00f3n, y reproducci\u00f3n est\u00e9reo de fuentes Line In a trav\u00e9s de auriculares. Est\u00e1 disponible en combinaciones de colores Crema\/Sangre de Buey o tejido de cesta negro\/galleta.","breadcrumb":{"@id":"https:\/\/www.mexicanguitarplayers.com\/tienda\/sin categor\u00eda\/combo-blackstar-p-guit-debut-100r-212\/#breadcrumb"},"inLanguage":"en-US","potentialAction":[{"@type":"ReadAction","target":["https:\/\/www.mexicanguitarplayers.com\/tienda\/sin categor\u00eda\/combo-blackstar-p-guit-debut-100r-212\/"]}]},{"@type":"ImageObject","inLanguage":"en-US","@id":"https:\/\/www.mexicanguitarplayers.com\/tienda\/sin categor\u00eda\/combo-blackstar-p-guit-debut-100r-212\/#primaryimage","url":"https:\/\/www.mexicanguitarplayers.com\/wp-content\/uploads\/2025\/04\/ICBLSDEBUT1R2.jpg","contentUrl":"https:\/\/www.mexicanguitarplayers.com\/wp-content\/uploads\/2025\/04\/ICBLSDEBUT1R2.jpg","width":1200,"height":1200},{"@type":"BreadcrumbList","@id":"https:\/\/www.mexicanguitarplayers.com\/tienda\/sin categor\u00eda\/combo-blackstar-p-guit-debut-100r-212\/#breadcrumb","itemListElement":[{"@type":"ListItem","position":1,"name":"Portada","item":"https:\/\/www.mexicanguitarplayers.com\/"},{"@type":"ListItem","position":2,"name":"Tienda","item":"https:\/\/www.mexicanguitarplayers.com\/tienda\/"},{"@type":"ListItem","position":3,"name":"COMBO BLACKSTAR P\/GUIT DEBUT-100R-212"}]},{"@type":"WebSite","@id":"https:\/\/www.mexicanguitarplayers.com\/#website","url":"https:\/\/www.mexicanguitarplayers.com\/","name":"Mexican Guitar Players","description":"Website","publisher":{"@id":"https:\/\/www.mexicanguitarplayers.com\/#organization"},"potentialAction":[{"@type":"SearchAction","target":{"@type":"EntryPoint","urlTemplate":"https:\/\/www.mexicanguitarplayers.com\/?s={search_term_string}"},"query-input":{"@type":"PropertyValueSpecification","valueRequired":true,"valueName":"search_term_string"}}],"inLanguage":"en-US"},{"@type":"Organization","@id":"https:\/\/www.mexicanguitarplayers.com\/#organization","name":"Mexican Guitar Players","url":"https:\/\/www.mexicanguitarplayers.com\/","logo":{"@type":"ImageObject","inLanguage":"en-US","@id":"https:\/\/www.mexicanguitarplayers.com\/#\/schema\/logo\/image\/","url":"","contentUrl":"","caption":"Mexican Guitar Players"},"image":{"@id":"https:\/\/www.mexicanguitarplayers.com\/#\/schema\/logo\/image\/"}}]}},"brands":[{"id":172,"name":"BLACKSTAR","slug":"blackstar"}],"_links":{"self":[{"href":"https:\/\/www.mexicanguitarplayers.com\/en\/wp-json\/wp\/v2\/product\/27843","targetHints":{"allow":["GET"]}}],"collection":[{"href":"https:\/\/www.mexicanguitarplayers.com\/en\/wp-json\/wp\/v2\/product"}],"about":[{"href":"https:\/\/www.mexicanguitarplayers.com\/en\/wp-json\/wp\/v2\/types\/product"}],"replies":[{"embeddable":true,"href":"https:\/\/www.mexicanguitarplayers.com\/en\/wp-json\/wp\/v2\/comments?post=27843"}],"wp:featuredmedia":[{"embeddable":true,"href":"https:\/\/www.mexicanguitarplayers.com\/en\/wp-json\/wp\/v2\/media\/27837"}],"wp:attachment":[{"href":"https:\/\/www.mexicanguitarplayers.com\/en\/wp-json\/wp\/v2\/media?parent=27843"}],"wp:term":[{"taxonomy":"pwb-brand","embeddable":true,"href":"https:\/\/www.mexicanguitarplayers.com\/en\/wp-json\/wp\/v2\/pwb-brand?post=27843"},{"taxonomy":"product_brand","embeddable":true,"href":"https:\/\/www.mexicanguitarplayers.com\/en\/wp-json\/wp\/v2\/product_brand?post=27843"},{"taxonomy":"product_cat","embeddable":true,"href":"https:\/\/www.mexicanguitarplayers.com\/en\/wp-json\/wp\/v2\/product_cat?post=27843"},{"taxonomy":"product_tag","embeddable":true,"href":"https:\/\/www.mexicanguitarplayers.com\/en\/wp-json\/wp\/v2\/product_tag?post=27843"}],"curies":[{"name":"wp","href":"https:\/\/api.w.org\/{rel}","templated":true}]}}