{"id":27887,"date":"2025-04-07T13:41:54","date_gmt":"2025-04-07T19:41:54","guid":{"rendered":"https:\/\/www.mexicanguitarplayers.com\/tienda\/sin categor\u00eda\/bafle-electro-voice-mod-ekx-18s\/"},"modified":"2026-04-10T04:41:18","modified_gmt":"2026-04-10T10:41:18","slug":"bafle-electro-voice-mod-ekx-18s","status":"publish","type":"product","link":"https:\/\/www.mexicanguitarplayers.com\/en\/tienda\/audio\/bafles-y-bocinas\/bafles\/bafles-pasivos\/bafle-electro-voice-mod-ekx-18s\/","title":{"rendered":"BAFLE ELECTRO VOICE  MOD. EKX-18S"},"content":{"rendered":"<div style=\"text-align: justify\">\n<div>\n<h3>Dise\u00f1ados para una amplia gama de aplicaciones.<\/h3>\n<\/div>\n<div>La serie EKX es el nuevo miembro de la familia de altavoces port\u00e1tiles de Electro Voice y combina la legendaria calidad de sonido y fiabilidad de EV con las \u00faltimas tecnolog\u00edas, todo en un paquete compacto adecuado para una amplia gama de escenarios de refuerzo sonoro, incluyendo m\u00fasicos, DJ, bares y aplicaciones de instalaci\u00f3n. La serie EKX cuenta con 8 modelos (4 activos y 4 pasivos), incluyendo modelos de 2 v\u00edas de 12&#8243; y 15&#8243; y subwoofers de 15&#8243; y 18&#8243;. La serie EKX se coloca por encima de la serie ZLX y ELX y por debajo de la serie ETX. <\/div>\n<div>\n<h4>Quick look<\/h4>\n<\/div>\n<ul style=\"margin: 0px 0px 0px 25px\">\n<li style=\"list-style-type: circle;margin: 5px\">Transductores.<\/li>\n<li style=\"list-style-type: circle;margin: 5px\">Power.<\/li>\n<li style=\"list-style-type: circle;margin: 5px\">Nominal impedance.<\/li>\n<li style=\"list-style-type: circle;margin: 5px\">Frequency response.<\/li>\n<li style=\"list-style-type: circle;margin: 5px\">Maximum SPL.<\/li>\n<li style=\"list-style-type: circle;margin: 5px\">Sensitivity.<\/li>\n<li style=\"list-style-type: circle;margin: 5px\">Frecuencia de paso alto recomendada.<\/li>\n<li style=\"list-style-type: circle;margin: 5px\">Impedancia m\u00ednima.<\/li>\n<li style=\"list-style-type: circle;margin: 5px\">Connector<\/li>\n<li style=\"list-style-type: circle;margin: 5px\">Material del gabinete.<\/li>\n<li style=\"list-style-type: circle;margin: 5px\">Rejilla.<\/li>\n<li style=\"list-style-type: circle;margin: 5px\">Montaje en poste.<\/li>\n<li style=\"list-style-type: circle;margin: 5px\">Dimensions.<\/li>\n<li style=\"list-style-type: circle;margin: 5px\">Weight.<\/li>\n<\/ul>\n<div>\n<div style=\"font-weight: bold\">Transductores.<\/div>\n<div>\n<p>LF: EVS-18C, 18&#8243; pulgadas (457 mm).<\/p>\n<\/div>\n<div style=\"font-weight: bold\">Power.<\/div>\n<div>\n<p>Continuo: 400 watts. Pico: 1600 watts.<\/p>\n<\/div>\n<div style=\"font-weight: bold\">Nominal impedance.<\/div>\n<div>\n<p>8 ohms.<\/p>\n<\/div>\n<div style=\"font-weight: bold\">Frequency response.<\/div>\n<div>\n<p>(-3 dB): 50 Hz &#8211; 100 Hz medici\u00f3n espacio medio. (-10 dB): 35 Hz &#8211; 300 Hz medici\u00f3n medio espacio.<\/p>\n<\/div>\n<div style=\"font-weight: bold\">Maximum SPL.<\/div>\n<div>\n<p>134 dB.<\/p>\n<\/div>\n<div style=\"font-weight: bold\">Sensitivity.<\/div>\n<div>\n<p>96 dB.<\/p>\n<\/div>\n<div style=\"font-weight: bold\">Frecuencia de paso alto recomendada.<\/div>\n<div>\n<p>30 Hz.<\/p>\n<\/div>\n<div style=\"font-weight: bold\">Impedancia m\u00ednima.<\/div>\n<div>\n<p>7 ohms.<\/p>\n<\/div>\n<div style=\"font-weight: bold\">Connector<\/div>\n<div>\n<p>Dual NL4.<\/p>\n<\/div>\n<div style=\"font-weight: bold\">Material del gabinete.<\/div>\n<div>\n<p>Madera contrachapada de 15 mm con refuerzos internos y acabado EVCoat durable.<\/p>\n<\/div>\n<div style=\"font-weight: bold\">Rejilla.<\/div>\n<div>\n<p>Rejilla de acero 18 AWG con pintura en polvo. Dos barras met\u00e1licas de refuerzo.<\/p>\n<\/div>\n<div style=\"font-weight: bold\">Montaje en poste.<\/div>\n<div>\n<p>Rosca plana M20 para montaje en poste.<\/p>\n<\/div>\n<div style=\"font-weight: bold\">Dimensions.<\/div>\n<div>\n<p>520 x 606 x 612 mm.<\/p>\n<\/div>\n<div style=\"font-weight: bold\">Weight.<\/div>\n<div>\n<p>31.8 kg.<\/p>\n<\/div>\n<\/div>\n<\/div>","protected":false},"excerpt":{"rendered":"<p>Subwoofer pasivo de 18\u201d pulgadas, potencia continua: 400W, pico: 1600W, impedancia: 8 ohms, respuesta de frecuencia: (-3 dB): 50 Hz &#8211; 100 Hz, (-10 dB): 35 Hz &#8211; 300 Hz,SPL m\u00e1ximo: 134 dB, sensibilidad: 96 dB, conector Dual NL4, gabinete de maderacontrachapada de 15 mm con acabado EVCoat, rejilla de acero 18 AWG, dimensiones:520 x 606 x 612 mm, peso: 31.8 kg.&hellip; <a class=\"kt-excerpt-readmore more-link\" href=\"https:\/\/www.mexicanguitarplayers.com\/en\/tienda\/audio\/bafles-y-bocinas\/bafles\/bafles-pasivos\/bafle-electro-voice-mod-ekx-18s\/\">Read more<\/a><\/p>","protected":false},"featured_media":27883,"comment_status":"open","ping_status":"closed","template":"","meta":{"kt_blocks_editor_width":""},"pwb-brand":[535],"product_brand":[],"product_cat":[213,222,223,221],"product_tag":[],"class_list":{"0":"post-27887","1":"product","2":"type-product","3":"status-publish","4":"has-post-thumbnail","6":"pwb-brand-electrovoice","7":"product_cat-audio","8":"product_cat-bafles","9":"product_cat-bafles-pasivos","10":"product_cat-bafles-y-bocinas","12":"first","13":"outofstock","14":"taxable","15":"shipping-taxable","16":"purchasable","17":"product-type-simple"},"yoast_head":"<!-- This site is optimized with the Yoast SEO plugin v27.5 - https:\/\/yoast.com\/product\/yoast-seo-wordpress\/ -->\n<title>BAFLE ELECTRO VOICE MOD. EKX-18S - Mexican Guitar Players<\/title>\n<meta name=\"description\" content=\"Subwoofer pasivo de 18\u201d pulgadas, potencia continua: 400W, pico: 1600W, impedancia: 8 ohms, respuesta de frecuencia: (-3 dB): 50 Hz - 100 Hz, (-10 dB): 35 Hz - 300 Hz,SPL m\u00e1ximo: 134 dB, sensibilidad: 96 dB, conector Dual NL4, gabinete de maderacontrachapada de 15 mm con acabado EVCoat, rejilla de acero 18 AWG, dimensiones:520 x 606 x 612 mm, peso: 31.8 kg.\" \/>\n<meta name=\"robots\" content=\"index, follow, max-snippet:-1, max-image-preview:large, max-video-preview:-1\" \/>\n<link rel=\"canonical\" href=\"https:\/\/www.mexicanguitarplayers.com\/en\/tienda\/sin%20categor\u00eda\/bafle-electro-voice-mod-ekx-18s\/\" \/>\n<meta property=\"og:locale\" content=\"en_US\" \/>\n<meta property=\"og:type\" content=\"article\" \/>\n<meta property=\"og:title\" content=\"BAFLE ELECTRO VOICE MOD. EKX-18S - Mexican Guitar Players\" \/>\n<meta property=\"og:description\" content=\"Subwoofer pasivo de 18\u201d pulgadas, potencia continua: 400W, pico: 1600W, impedancia: 8 ohms, respuesta de frecuencia: (-3 dB): 50 Hz - 100 Hz, (-10 dB): 35 Hz - 300 Hz,SPL m\u00e1ximo: 134 dB, sensibilidad: 96 dB, conector Dual NL4, gabinete de maderacontrachapada de 15 mm con acabado EVCoat, rejilla de acero 18 AWG, dimensiones:520 x 606 x 612 mm, peso: 31.8 kg.\" \/>\n<meta property=\"og:url\" content=\"https:\/\/www.mexicanguitarplayers.com\/en\/tienda\/sin categor\u00eda\/bafle-electro-voice-mod-ekx-18s\/\" \/>\n<meta property=\"og:site_name\" content=\"Mexican Guitar Players\" \/>\n<meta property=\"article:modified_time\" content=\"2026-04-10T10:41:18+00:00\" \/>\n<meta name=\"twitter:card\" content=\"summary_large_image\" \/>\n<meta name=\"twitter:label1\" content=\"Est. reading time\" \/>\n\t<meta name=\"twitter:data1\" content=\"1 minute\" \/>\n<script type=\"application\/ld+json\" class=\"yoast-schema-graph\">{\"@context\":\"https:\\\/\\\/schema.org\",\"@graph\":[{\"@type\":[\"WebPage\",\"ItemPage\"],\"@id\":\"https:\\\/\\\/www.mexicanguitarplayers.com\\\/tienda\\\/sin categor\u00eda\\\/bafle-electro-voice-mod-ekx-18s\\\/\",\"url\":\"https:\\\/\\\/www.mexicanguitarplayers.com\\\/tienda\\\/sin categor\u00eda\\\/bafle-electro-voice-mod-ekx-18s\\\/\",\"name\":\"BAFLE ELECTRO VOICE MOD. EKX-18S - Mexican Guitar Players\",\"isPartOf\":{\"@id\":\"https:\\\/\\\/www.mexicanguitarplayers.com\\\/#website\"},\"primaryImageOfPage\":{\"@id\":\"https:\\\/\\\/www.mexicanguitarplayers.com\\\/tienda\\\/sin categor\u00eda\\\/bafle-electro-voice-mod-ekx-18s\\\/#primaryimage\"},\"image\":{\"@id\":\"https:\\\/\\\/www.mexicanguitarplayers.com\\\/tienda\\\/sin categor\u00eda\\\/bafle-electro-voice-mod-ekx-18s\\\/#primaryimage\"},\"thumbnailUrl\":\"https:\\\/\\\/www.mexicanguitarplayers.com\\\/wp-content\\\/uploads\\\/2025\\\/04\\\/IAEVOEKX18S.jpg\",\"datePublished\":\"2025-04-07T19:41:54+00:00\",\"dateModified\":\"2026-04-10T10:41:18+00:00\",\"description\":\"Subwoofer pasivo de 18\u201d pulgadas, potencia continua: 400W, pico: 1600W, impedancia: 8 ohms, respuesta de frecuencia: (-3 dB): 50 Hz - 100 Hz, (-10 dB): 35 Hz - 300 Hz,SPL m\u00e1ximo: 134 dB, sensibilidad: 96 dB, conector Dual NL4, gabinete de maderacontrachapada de 15 mm con acabado EVCoat, rejilla de acero 18 AWG, dimensiones:520 x 606 x 612 mm, peso: 31.8 kg.\",\"breadcrumb\":{\"@id\":\"https:\\\/\\\/www.mexicanguitarplayers.com\\\/tienda\\\/sin categor\u00eda\\\/bafle-electro-voice-mod-ekx-18s\\\/#breadcrumb\"},\"inLanguage\":\"en-US\",\"potentialAction\":[{\"@type\":\"ReadAction\",\"target\":[\"https:\\\/\\\/www.mexicanguitarplayers.com\\\/tienda\\\/sin categor\u00eda\\\/bafle-electro-voice-mod-ekx-18s\\\/\"]}]},{\"@type\":\"ImageObject\",\"inLanguage\":\"en-US\",\"@id\":\"https:\\\/\\\/www.mexicanguitarplayers.com\\\/tienda\\\/sin categor\u00eda\\\/bafle-electro-voice-mod-ekx-18s\\\/#primaryimage\",\"url\":\"https:\\\/\\\/www.mexicanguitarplayers.com\\\/wp-content\\\/uploads\\\/2025\\\/04\\\/IAEVOEKX18S.jpg\",\"contentUrl\":\"https:\\\/\\\/www.mexicanguitarplayers.com\\\/wp-content\\\/uploads\\\/2025\\\/04\\\/IAEVOEKX18S.jpg\",\"width\":1200,\"height\":1200},{\"@type\":\"BreadcrumbList\",\"@id\":\"https:\\\/\\\/www.mexicanguitarplayers.com\\\/tienda\\\/sin categor\u00eda\\\/bafle-electro-voice-mod-ekx-18s\\\/#breadcrumb\",\"itemListElement\":[{\"@type\":\"ListItem\",\"position\":1,\"name\":\"Portada\",\"item\":\"https:\\\/\\\/www.mexicanguitarplayers.com\\\/\"},{\"@type\":\"ListItem\",\"position\":2,\"name\":\"Tienda\",\"item\":\"https:\\\/\\\/www.mexicanguitarplayers.com\\\/tienda\\\/\"},{\"@type\":\"ListItem\",\"position\":3,\"name\":\"BAFLE ELECTRO VOICE MOD. EKX-18S\"}]},{\"@type\":\"WebSite\",\"@id\":\"https:\\\/\\\/www.mexicanguitarplayers.com\\\/#website\",\"url\":\"https:\\\/\\\/www.mexicanguitarplayers.com\\\/\",\"name\":\"Mexican Guitar Players\",\"description\":\"Website\",\"publisher\":{\"@id\":\"https:\\\/\\\/www.mexicanguitarplayers.com\\\/#organization\"},\"potentialAction\":[{\"@type\":\"SearchAction\",\"target\":{\"@type\":\"EntryPoint\",\"urlTemplate\":\"https:\\\/\\\/www.mexicanguitarplayers.com\\\/?s={search_term_string}\"},\"query-input\":{\"@type\":\"PropertyValueSpecification\",\"valueRequired\":true,\"valueName\":\"search_term_string\"}}],\"inLanguage\":\"en-US\"},{\"@type\":\"Organization\",\"@id\":\"https:\\\/\\\/www.mexicanguitarplayers.com\\\/#organization\",\"name\":\"Mexican Guitar Players\",\"url\":\"https:\\\/\\\/www.mexicanguitarplayers.com\\\/\",\"logo\":{\"@type\":\"ImageObject\",\"inLanguage\":\"en-US\",\"@id\":\"https:\\\/\\\/www.mexicanguitarplayers.com\\\/#\\\/schema\\\/logo\\\/image\\\/\",\"url\":\"\",\"contentUrl\":\"\",\"caption\":\"Mexican Guitar Players\"},\"image\":{\"@id\":\"https:\\\/\\\/www.mexicanguitarplayers.com\\\/#\\\/schema\\\/logo\\\/image\\\/\"}}]}<\/script>\n<!-- \/ Yoast SEO plugin. -->","yoast_head_json":{"title":"BAFLE ELECTRO VOICE MOD. EKX-18S - Mexican Guitar Players","description":"Subwoofer pasivo de 18\u201d pulgadas, potencia continua: 400W, pico: 1600W, impedancia: 8 ohms, respuesta de frecuencia: (-3 dB): 50 Hz - 100 Hz, (-10 dB): 35 Hz - 300 Hz,SPL m\u00e1ximo: 134 dB, sensibilidad: 96 dB, conector Dual NL4, gabinete de maderacontrachapada de 15 mm con acabado EVCoat, rejilla de acero 18 AWG, dimensiones:520 x 606 x 612 mm, peso: 31.8 kg.","robots":{"index":"index","follow":"follow","max-snippet":"max-snippet:-1","max-image-preview":"max-image-preview:large","max-video-preview":"max-video-preview:-1"},"canonical":"https:\/\/www.mexicanguitarplayers.com\/en\/tienda\/sin categor\u00eda\/bafle-electro-voice-mod-ekx-18s\/","og_locale":"en_US","og_type":"article","og_title":"BAFLE ELECTRO VOICE MOD. EKX-18S - Mexican Guitar Players","og_description":"Subwoofer pasivo de 18\u201d pulgadas, potencia continua: 400W, pico: 1600W, impedancia: 8 ohms, respuesta de frecuencia: (-3 dB): 50 Hz - 100 Hz, (-10 dB): 35 Hz - 300 Hz,SPL m\u00e1ximo: 134 dB, sensibilidad: 96 dB, conector Dual NL4, gabinete de maderacontrachapada de 15 mm con acabado EVCoat, rejilla de acero 18 AWG, dimensiones:520 x 606 x 612 mm, peso: 31.8 kg.","og_url":"https:\/\/www.mexicanguitarplayers.com\/en\/tienda\/sin categor\u00eda\/bafle-electro-voice-mod-ekx-18s\/","og_site_name":"Mexican Guitar Players","article_modified_time":"2026-04-10T10:41:18+00:00","twitter_card":"summary_large_image","twitter_misc":{"Est. reading time":"1 minute"},"schema":{"@context":"https:\/\/schema.org","@graph":[{"@type":["WebPage","ItemPage"],"@id":"https:\/\/www.mexicanguitarplayers.com\/tienda\/sin categor\u00eda\/bafle-electro-voice-mod-ekx-18s\/","url":"https:\/\/www.mexicanguitarplayers.com\/tienda\/sin categor\u00eda\/bafle-electro-voice-mod-ekx-18s\/","name":"BAFLE ELECTRO VOICE MOD. EKX-18S - Mexican Guitar Players","isPartOf":{"@id":"https:\/\/www.mexicanguitarplayers.com\/#website"},"primaryImageOfPage":{"@id":"https:\/\/www.mexicanguitarplayers.com\/tienda\/sin categor\u00eda\/bafle-electro-voice-mod-ekx-18s\/#primaryimage"},"image":{"@id":"https:\/\/www.mexicanguitarplayers.com\/tienda\/sin categor\u00eda\/bafle-electro-voice-mod-ekx-18s\/#primaryimage"},"thumbnailUrl":"https:\/\/www.mexicanguitarplayers.com\/wp-content\/uploads\/2025\/04\/IAEVOEKX18S.jpg","datePublished":"2025-04-07T19:41:54+00:00","dateModified":"2026-04-10T10:41:18+00:00","description":"Subwoofer pasivo de 18\u201d pulgadas, potencia continua: 400W, pico: 1600W, impedancia: 8 ohms, respuesta de frecuencia: (-3 dB): 50 Hz - 100 Hz, (-10 dB): 35 Hz - 300 Hz,SPL m\u00e1ximo: 134 dB, sensibilidad: 96 dB, conector Dual NL4, gabinete de maderacontrachapada de 15 mm con acabado EVCoat, rejilla de acero 18 AWG, dimensiones:520 x 606 x 612 mm, peso: 31.8 kg.","breadcrumb":{"@id":"https:\/\/www.mexicanguitarplayers.com\/tienda\/sin categor\u00eda\/bafle-electro-voice-mod-ekx-18s\/#breadcrumb"},"inLanguage":"en-US","potentialAction":[{"@type":"ReadAction","target":["https:\/\/www.mexicanguitarplayers.com\/tienda\/sin categor\u00eda\/bafle-electro-voice-mod-ekx-18s\/"]}]},{"@type":"ImageObject","inLanguage":"en-US","@id":"https:\/\/www.mexicanguitarplayers.com\/tienda\/sin categor\u00eda\/bafle-electro-voice-mod-ekx-18s\/#primaryimage","url":"https:\/\/www.mexicanguitarplayers.com\/wp-content\/uploads\/2025\/04\/IAEVOEKX18S.jpg","contentUrl":"https:\/\/www.mexicanguitarplayers.com\/wp-content\/uploads\/2025\/04\/IAEVOEKX18S.jpg","width":1200,"height":1200},{"@type":"BreadcrumbList","@id":"https:\/\/www.mexicanguitarplayers.com\/tienda\/sin categor\u00eda\/bafle-electro-voice-mod-ekx-18s\/#breadcrumb","itemListElement":[{"@type":"ListItem","position":1,"name":"Portada","item":"https:\/\/www.mexicanguitarplayers.com\/"},{"@type":"ListItem","position":2,"name":"Tienda","item":"https:\/\/www.mexicanguitarplayers.com\/tienda\/"},{"@type":"ListItem","position":3,"name":"BAFLE ELECTRO VOICE MOD. EKX-18S"}]},{"@type":"WebSite","@id":"https:\/\/www.mexicanguitarplayers.com\/#website","url":"https:\/\/www.mexicanguitarplayers.com\/","name":"Mexican Guitar Players","description":"Website","publisher":{"@id":"https:\/\/www.mexicanguitarplayers.com\/#organization"},"potentialAction":[{"@type":"SearchAction","target":{"@type":"EntryPoint","urlTemplate":"https:\/\/www.mexicanguitarplayers.com\/?s={search_term_string}"},"query-input":{"@type":"PropertyValueSpecification","valueRequired":true,"valueName":"search_term_string"}}],"inLanguage":"en-US"},{"@type":"Organization","@id":"https:\/\/www.mexicanguitarplayers.com\/#organization","name":"Mexican Guitar Players","url":"https:\/\/www.mexicanguitarplayers.com\/","logo":{"@type":"ImageObject","inLanguage":"en-US","@id":"https:\/\/www.mexicanguitarplayers.com\/#\/schema\/logo\/image\/","url":"","contentUrl":"","caption":"Mexican Guitar Players"},"image":{"@id":"https:\/\/www.mexicanguitarplayers.com\/#\/schema\/logo\/image\/"}}]}},"brands":[{"id":535,"name":"ELECTROVOICE","slug":"electrovoice"}],"_links":{"self":[{"href":"https:\/\/www.mexicanguitarplayers.com\/en\/wp-json\/wp\/v2\/product\/27887","targetHints":{"allow":["GET"]}}],"collection":[{"href":"https:\/\/www.mexicanguitarplayers.com\/en\/wp-json\/wp\/v2\/product"}],"about":[{"href":"https:\/\/www.mexicanguitarplayers.com\/en\/wp-json\/wp\/v2\/types\/product"}],"replies":[{"embeddable":true,"href":"https:\/\/www.mexicanguitarplayers.com\/en\/wp-json\/wp\/v2\/comments?post=27887"}],"wp:featuredmedia":[{"embeddable":true,"href":"https:\/\/www.mexicanguitarplayers.com\/en\/wp-json\/wp\/v2\/media\/27883"}],"wp:attachment":[{"href":"https:\/\/www.mexicanguitarplayers.com\/en\/wp-json\/wp\/v2\/media?parent=27887"}],"wp:term":[{"taxonomy":"pwb-brand","embeddable":true,"href":"https:\/\/www.mexicanguitarplayers.com\/en\/wp-json\/wp\/v2\/pwb-brand?post=27887"},{"taxonomy":"product_brand","embeddable":true,"href":"https:\/\/www.mexicanguitarplayers.com\/en\/wp-json\/wp\/v2\/product_brand?post=27887"},{"taxonomy":"product_cat","embeddable":true,"href":"https:\/\/www.mexicanguitarplayers.com\/en\/wp-json\/wp\/v2\/product_cat?post=27887"},{"taxonomy":"product_tag","embeddable":true,"href":"https:\/\/www.mexicanguitarplayers.com\/en\/wp-json\/wp\/v2\/product_tag?post=27887"}],"curies":[{"name":"wp","href":"https:\/\/api.w.org\/{rel}","templated":true}]}}