{"id":27917,"date":"2025-04-07T13:44:03","date_gmt":"2025-04-07T19:44:03","guid":{"rendered":"https:\/\/www.mexicanguitarplayers.com\/tienda\/sin categor\u00eda\/pedal-behringer-od300-overdrive-distort\/"},"modified":"2026-05-01T07:27:17","modified_gmt":"2026-05-01T13:27:17","slug":"pedal-behringer-od300-overdrive-distort","status":"publish","type":"product","link":"https:\/\/www.mexicanguitarplayers.com\/en\/tienda\/cuerdas\/efectos\/efectos-individuales\/pedal-behringer-od300-overdrive-distort\/","title":{"rendered":"PEDAL BEHRINGER OD300 OVERDRIVE\/DISTORT."},"content":{"rendered":"<div style=\"text-align: justify\">\n<div>\n<h3>The hard and powerful tones.<\/h3>\n<\/div>\n<div>Algunas canciones exigen una modernidad vanguardista. Otros llaman al sonido cl\u00e1sico de bulbos calientes y molestos, otros necesitan un poco de ambos. Este pedal tiene todas tus bases cubiertas permiti\u00e9ndote esculpir tu sonido con habilidad con los controles de Nivel, Tono, Drive y Modo. Camiones de tono. Gracias a sus controles, puedes girar Drive a la izquierda para un overdrive puro o hacia la derecha para una gran distorsi\u00f3n directa. A la mitad obtendr\u00e1s una infinidad de opciones para crear una mezcla perfecta de ambos. Con sus controles dedicados tendr\u00e1s a tus manos todo lo que necesitas para crear tu propio sonido. F\u00e1cil de usar. El LED te dice cuando tu pedal est\u00e1 haciendo magia y su interruptor On\/Off de alta calidad mantiene una excelente integridad de la se\u00f1al en modo bypass. Puedes alimentar tu pedal con una pila de 9V o con un adaptador de corriente PSU-SB DC de Behringer (no incluido).<\/div>\n<div>\n<h4>Quick look<\/h4>\n<\/div>\n<ul style=\"margin: 0px 0px 0px 25px\">\n<li style=\"list-style-type: circle;margin: 5px\">Entrance.<\/li>\n<li style=\"list-style-type: circle;margin: 5px\">Departure.<\/li>\n<li style=\"list-style-type: circle;margin: 5px\">Power supply.<\/li>\n<li style=\"list-style-type: circle;margin: 5px\">Dimensions.<\/li>\n<li style=\"list-style-type: circle;margin: 5px\">Weight.<\/li>\n<\/ul>\n<div>\n<div style=\"font-weight: bold\">Entrance.<\/div>\n<div>\n<p>Conector: Jack mono de 6.3 mm.Impedancia: 500 kohms.<\/p>\n<\/div>\n<div style=\"font-weight: bold\">Departure.<\/div>\n<div>\n<p>Conector: Jack mono de 6.3 mm.Impedancia: 1 kohm.<\/p>\n<\/div>\n<div style=\"font-weight: bold\">Power supply.<\/div>\n<div>\n<p>9V~, 100 mA regulada.120V~, 60 Hz.Conector de alimentaci\u00f3n: Jack DC de 2 mm, centro negativo.Bater\u00eda: 9V tipo 6LR61.Consumo de energ\u00eda: 30 mA.<\/p>\n<\/div>\n<div style=\"font-weight: bold\">Dimensions.<\/div>\n<div>\n<p>54 x 70 x 123 mm.<\/p>\n<\/div>\n<div style=\"font-weight: bold\">Weight.<\/div>\n<div>\n<p>0.33 kg.<\/p>\n<\/div>\n<\/div>\n<\/div>","protected":false},"excerpt":{"rendered":"<p>Pedal de efecto dual Overdrive \/ Distorsi\u00f3n, utiliza overdrive o distorsi\u00f3n porseparado o combina ambos efectos, controles dedicados de Nivel, Tono, Drive y Modo para una formaci\u00f3n formidable del sonido, LED de estado para activar y desactivar el efecto y para checar la bater\u00eda, funciona con una pila de 9V o con un adaptador de corriente PSU-SB DC de Behringer (no incluido), interruptor electr\u00f3nico On\/Off de primera clase para mayor integridad de la se\u00f1al en modo bypass, dimensiones: 54 x 70 x 123 mm, peso: 0.33 kg.&hellip; <a class=\"kt-excerpt-readmore more-link\" href=\"https:\/\/www.mexicanguitarplayers.com\/en\/tienda\/cuerdas\/efectos\/efectos-individuales\/pedal-behringer-od300-overdrive-distort\/\">Read more<\/a><\/p>","protected":false},"featured_media":27914,"comment_status":"open","ping_status":"closed","template":"","meta":{"kt_blocks_editor_width":""},"pwb-brand":[171],"product_brand":[],"product_cat":[224,241,504],"product_tag":[],"class_list":{"0":"post-27917","1":"product","2":"type-product","3":"status-publish","4":"has-post-thumbnail","6":"pwb-brand-behringer","7":"product_cat-cuerdas","8":"product_cat-efectos","9":"product_cat-efectos-individuales","10":"product_shipping_class-0-5-kg","12":"first","13":"instock","14":"taxable","15":"shipping-taxable","16":"purchasable","17":"product-type-simple"},"yoast_head":"<!-- This site is optimized with the Yoast SEO plugin v27.5 - https:\/\/yoast.com\/product\/yoast-seo-wordpress\/ -->\n<title>PEDAL BEHRINGER OD300 OVERDRIVE\/DISTORT. - Mexican Guitar Players<\/title>\n<meta name=\"description\" content=\"Pedal de efecto dual Overdrive \/ Distorsi\u00f3n, utiliza overdrive o distorsi\u00f3n porseparado o combina ambos efectos, controles dedicados de Nivel, Tono, Drive y Modo para una formaci\u00f3n formidable del sonido, LED de estado para activar y desactivar el efecto y para checar la bater\u00eda, funciona con una pila de 9V o con un adaptador de corriente PSU-SB DC de Behringer (no incluido), interruptor electr\u00f3nico On\/Off de primera clase para mayor integridad de la se\u00f1al en modo bypass, dimensiones: 54 x 70 x 123 mm, peso: 0.33 kg.\" \/>\n<meta name=\"robots\" content=\"index, follow, max-snippet:-1, max-image-preview:large, max-video-preview:-1\" \/>\n<link rel=\"canonical\" href=\"https:\/\/www.mexicanguitarplayers.com\/en\/tienda\/sin%20categor\u00eda\/pedal-behringer-od300-overdrive-distort\/\" \/>\n<meta property=\"og:locale\" content=\"en_US\" \/>\n<meta property=\"og:type\" content=\"article\" \/>\n<meta property=\"og:title\" content=\"PEDAL BEHRINGER OD300 OVERDRIVE\/DISTORT. - Mexican Guitar Players\" \/>\n<meta property=\"og:description\" content=\"Pedal de efecto dual Overdrive \/ Distorsi\u00f3n, utiliza overdrive o distorsi\u00f3n porseparado o combina ambos efectos, controles dedicados de Nivel, Tono, Drive y Modo para una formaci\u00f3n formidable del sonido, LED de estado para activar y desactivar el efecto y para checar la bater\u00eda, funciona con una pila de 9V o con un adaptador de corriente PSU-SB DC de Behringer (no incluido), interruptor electr\u00f3nico On\/Off de primera clase para mayor integridad de la se\u00f1al en modo bypass, dimensiones: 54 x 70 x 123 mm, peso: 0.33 kg.\" \/>\n<meta property=\"og:url\" content=\"https:\/\/www.mexicanguitarplayers.com\/en\/tienda\/sin categor\u00eda\/pedal-behringer-od300-overdrive-distort\/\" \/>\n<meta property=\"og:site_name\" content=\"Mexican Guitar Players\" \/>\n<meta property=\"article:modified_time\" content=\"2026-05-01T13:27:17+00:00\" \/>\n<meta name=\"twitter:card\" content=\"summary_large_image\" \/>\n<meta name=\"twitter:label1\" content=\"Est. reading time\" \/>\n\t<meta name=\"twitter:data1\" content=\"1 minute\" \/>\n<script type=\"application\/ld+json\" class=\"yoast-schema-graph\">{\"@context\":\"https:\\\/\\\/schema.org\",\"@graph\":[{\"@type\":[\"WebPage\",\"ItemPage\"],\"@id\":\"https:\\\/\\\/www.mexicanguitarplayers.com\\\/tienda\\\/sin categor\u00eda\\\/pedal-behringer-od300-overdrive-distort\\\/\",\"url\":\"https:\\\/\\\/www.mexicanguitarplayers.com\\\/tienda\\\/sin categor\u00eda\\\/pedal-behringer-od300-overdrive-distort\\\/\",\"name\":\"PEDAL BEHRINGER OD300 OVERDRIVE\\\/DISTORT. - Mexican Guitar Players\",\"isPartOf\":{\"@id\":\"https:\\\/\\\/www.mexicanguitarplayers.com\\\/#website\"},\"primaryImageOfPage\":{\"@id\":\"https:\\\/\\\/www.mexicanguitarplayers.com\\\/tienda\\\/sin categor\u00eda\\\/pedal-behringer-od300-overdrive-distort\\\/#primaryimage\"},\"image\":{\"@id\":\"https:\\\/\\\/www.mexicanguitarplayers.com\\\/tienda\\\/sin categor\u00eda\\\/pedal-behringer-od300-overdrive-distort\\\/#primaryimage\"},\"thumbnailUrl\":\"https:\\\/\\\/www.mexicanguitarplayers.com\\\/wp-content\\\/uploads\\\/2025\\\/04\\\/VABEHOD300.jpg\",\"datePublished\":\"2025-04-07T19:44:03+00:00\",\"dateModified\":\"2026-05-01T13:27:17+00:00\",\"description\":\"Pedal de efecto dual Overdrive \\\/ Distorsi\u00f3n, utiliza overdrive o distorsi\u00f3n porseparado o combina ambos efectos, controles dedicados de Nivel, Tono, Drive y Modo para una formaci\u00f3n formidable del sonido, LED de estado para activar y desactivar el efecto y para checar la bater\u00eda, funciona con una pila de 9V o con un adaptador de corriente PSU-SB DC de Behringer (no incluido), interruptor electr\u00f3nico On\\\/Off de primera clase para mayor integridad de la se\u00f1al en modo bypass, dimensiones: 54 x 70 x 123 mm, peso: 0.33 kg.\",\"breadcrumb\":{\"@id\":\"https:\\\/\\\/www.mexicanguitarplayers.com\\\/tienda\\\/sin categor\u00eda\\\/pedal-behringer-od300-overdrive-distort\\\/#breadcrumb\"},\"inLanguage\":\"en-US\",\"potentialAction\":[{\"@type\":\"ReadAction\",\"target\":[\"https:\\\/\\\/www.mexicanguitarplayers.com\\\/tienda\\\/sin categor\u00eda\\\/pedal-behringer-od300-overdrive-distort\\\/\"]}]},{\"@type\":\"ImageObject\",\"inLanguage\":\"en-US\",\"@id\":\"https:\\\/\\\/www.mexicanguitarplayers.com\\\/tienda\\\/sin categor\u00eda\\\/pedal-behringer-od300-overdrive-distort\\\/#primaryimage\",\"url\":\"https:\\\/\\\/www.mexicanguitarplayers.com\\\/wp-content\\\/uploads\\\/2025\\\/04\\\/VABEHOD300.jpg\",\"contentUrl\":\"https:\\\/\\\/www.mexicanguitarplayers.com\\\/wp-content\\\/uploads\\\/2025\\\/04\\\/VABEHOD300.jpg\",\"width\":1200,\"height\":1200},{\"@type\":\"BreadcrumbList\",\"@id\":\"https:\\\/\\\/www.mexicanguitarplayers.com\\\/tienda\\\/sin categor\u00eda\\\/pedal-behringer-od300-overdrive-distort\\\/#breadcrumb\",\"itemListElement\":[{\"@type\":\"ListItem\",\"position\":1,\"name\":\"Portada\",\"item\":\"https:\\\/\\\/www.mexicanguitarplayers.com\\\/\"},{\"@type\":\"ListItem\",\"position\":2,\"name\":\"Tienda\",\"item\":\"https:\\\/\\\/www.mexicanguitarplayers.com\\\/tienda\\\/\"},{\"@type\":\"ListItem\",\"position\":3,\"name\":\"PEDAL BEHRINGER OD300 OVERDRIVE\\\/DISTORT.\"}]},{\"@type\":\"WebSite\",\"@id\":\"https:\\\/\\\/www.mexicanguitarplayers.com\\\/#website\",\"url\":\"https:\\\/\\\/www.mexicanguitarplayers.com\\\/\",\"name\":\"Mexican Guitar Players\",\"description\":\"Website\",\"publisher\":{\"@id\":\"https:\\\/\\\/www.mexicanguitarplayers.com\\\/#organization\"},\"potentialAction\":[{\"@type\":\"SearchAction\",\"target\":{\"@type\":\"EntryPoint\",\"urlTemplate\":\"https:\\\/\\\/www.mexicanguitarplayers.com\\\/?s={search_term_string}\"},\"query-input\":{\"@type\":\"PropertyValueSpecification\",\"valueRequired\":true,\"valueName\":\"search_term_string\"}}],\"inLanguage\":\"en-US\"},{\"@type\":\"Organization\",\"@id\":\"https:\\\/\\\/www.mexicanguitarplayers.com\\\/#organization\",\"name\":\"Mexican Guitar Players\",\"url\":\"https:\\\/\\\/www.mexicanguitarplayers.com\\\/\",\"logo\":{\"@type\":\"ImageObject\",\"inLanguage\":\"en-US\",\"@id\":\"https:\\\/\\\/www.mexicanguitarplayers.com\\\/#\\\/schema\\\/logo\\\/image\\\/\",\"url\":\"\",\"contentUrl\":\"\",\"caption\":\"Mexican Guitar Players\"},\"image\":{\"@id\":\"https:\\\/\\\/www.mexicanguitarplayers.com\\\/#\\\/schema\\\/logo\\\/image\\\/\"}}]}<\/script>\n<!-- \/ Yoast SEO plugin. -->","yoast_head_json":{"title":"PEDAL BEHRINGER OD300 OVERDRIVE\/DISTORT. - Mexican Guitar Players","description":"Pedal de efecto dual Overdrive \/ Distorsi\u00f3n, utiliza overdrive o distorsi\u00f3n porseparado o combina ambos efectos, controles dedicados de Nivel, Tono, Drive y Modo para una formaci\u00f3n formidable del sonido, LED de estado para activar y desactivar el efecto y para checar la bater\u00eda, funciona con una pila de 9V o con un adaptador de corriente PSU-SB DC de Behringer (no incluido), interruptor electr\u00f3nico On\/Off de primera clase para mayor integridad de la se\u00f1al en modo bypass, dimensiones: 54 x 70 x 123 mm, peso: 0.33 kg.","robots":{"index":"index","follow":"follow","max-snippet":"max-snippet:-1","max-image-preview":"max-image-preview:large","max-video-preview":"max-video-preview:-1"},"canonical":"https:\/\/www.mexicanguitarplayers.com\/en\/tienda\/sin categor\u00eda\/pedal-behringer-od300-overdrive-distort\/","og_locale":"en_US","og_type":"article","og_title":"PEDAL BEHRINGER OD300 OVERDRIVE\/DISTORT. - Mexican Guitar Players","og_description":"Pedal de efecto dual Overdrive \/ Distorsi\u00f3n, utiliza overdrive o distorsi\u00f3n porseparado o combina ambos efectos, controles dedicados de Nivel, Tono, Drive y Modo para una formaci\u00f3n formidable del sonido, LED de estado para activar y desactivar el efecto y para checar la bater\u00eda, funciona con una pila de 9V o con un adaptador de corriente PSU-SB DC de Behringer (no incluido), interruptor electr\u00f3nico On\/Off de primera clase para mayor integridad de la se\u00f1al en modo bypass, dimensiones: 54 x 70 x 123 mm, peso: 0.33 kg.","og_url":"https:\/\/www.mexicanguitarplayers.com\/en\/tienda\/sin categor\u00eda\/pedal-behringer-od300-overdrive-distort\/","og_site_name":"Mexican Guitar Players","article_modified_time":"2026-05-01T13:27:17+00:00","twitter_card":"summary_large_image","twitter_misc":{"Est. reading time":"1 minute"},"schema":{"@context":"https:\/\/schema.org","@graph":[{"@type":["WebPage","ItemPage"],"@id":"https:\/\/www.mexicanguitarplayers.com\/tienda\/sin categor\u00eda\/pedal-behringer-od300-overdrive-distort\/","url":"https:\/\/www.mexicanguitarplayers.com\/tienda\/sin categor\u00eda\/pedal-behringer-od300-overdrive-distort\/","name":"PEDAL BEHRINGER OD300 OVERDRIVE\/DISTORT. - Mexican Guitar Players","isPartOf":{"@id":"https:\/\/www.mexicanguitarplayers.com\/#website"},"primaryImageOfPage":{"@id":"https:\/\/www.mexicanguitarplayers.com\/tienda\/sin categor\u00eda\/pedal-behringer-od300-overdrive-distort\/#primaryimage"},"image":{"@id":"https:\/\/www.mexicanguitarplayers.com\/tienda\/sin categor\u00eda\/pedal-behringer-od300-overdrive-distort\/#primaryimage"},"thumbnailUrl":"https:\/\/www.mexicanguitarplayers.com\/wp-content\/uploads\/2025\/04\/VABEHOD300.jpg","datePublished":"2025-04-07T19:44:03+00:00","dateModified":"2026-05-01T13:27:17+00:00","description":"Pedal de efecto dual Overdrive \/ Distorsi\u00f3n, utiliza overdrive o distorsi\u00f3n porseparado o combina ambos efectos, controles dedicados de Nivel, Tono, Drive y Modo para una formaci\u00f3n formidable del sonido, LED de estado para activar y desactivar el efecto y para checar la bater\u00eda, funciona con una pila de 9V o con un adaptador de corriente PSU-SB DC de Behringer (no incluido), interruptor electr\u00f3nico On\/Off de primera clase para mayor integridad de la se\u00f1al en modo bypass, dimensiones: 54 x 70 x 123 mm, peso: 0.33 kg.","breadcrumb":{"@id":"https:\/\/www.mexicanguitarplayers.com\/tienda\/sin categor\u00eda\/pedal-behringer-od300-overdrive-distort\/#breadcrumb"},"inLanguage":"en-US","potentialAction":[{"@type":"ReadAction","target":["https:\/\/www.mexicanguitarplayers.com\/tienda\/sin categor\u00eda\/pedal-behringer-od300-overdrive-distort\/"]}]},{"@type":"ImageObject","inLanguage":"en-US","@id":"https:\/\/www.mexicanguitarplayers.com\/tienda\/sin categor\u00eda\/pedal-behringer-od300-overdrive-distort\/#primaryimage","url":"https:\/\/www.mexicanguitarplayers.com\/wp-content\/uploads\/2025\/04\/VABEHOD300.jpg","contentUrl":"https:\/\/www.mexicanguitarplayers.com\/wp-content\/uploads\/2025\/04\/VABEHOD300.jpg","width":1200,"height":1200},{"@type":"BreadcrumbList","@id":"https:\/\/www.mexicanguitarplayers.com\/tienda\/sin categor\u00eda\/pedal-behringer-od300-overdrive-distort\/#breadcrumb","itemListElement":[{"@type":"ListItem","position":1,"name":"Portada","item":"https:\/\/www.mexicanguitarplayers.com\/"},{"@type":"ListItem","position":2,"name":"Tienda","item":"https:\/\/www.mexicanguitarplayers.com\/tienda\/"},{"@type":"ListItem","position":3,"name":"PEDAL BEHRINGER OD300 OVERDRIVE\/DISTORT."}]},{"@type":"WebSite","@id":"https:\/\/www.mexicanguitarplayers.com\/#website","url":"https:\/\/www.mexicanguitarplayers.com\/","name":"Mexican Guitar Players","description":"Website","publisher":{"@id":"https:\/\/www.mexicanguitarplayers.com\/#organization"},"potentialAction":[{"@type":"SearchAction","target":{"@type":"EntryPoint","urlTemplate":"https:\/\/www.mexicanguitarplayers.com\/?s={search_term_string}"},"query-input":{"@type":"PropertyValueSpecification","valueRequired":true,"valueName":"search_term_string"}}],"inLanguage":"en-US"},{"@type":"Organization","@id":"https:\/\/www.mexicanguitarplayers.com\/#organization","name":"Mexican Guitar Players","url":"https:\/\/www.mexicanguitarplayers.com\/","logo":{"@type":"ImageObject","inLanguage":"en-US","@id":"https:\/\/www.mexicanguitarplayers.com\/#\/schema\/logo\/image\/","url":"","contentUrl":"","caption":"Mexican Guitar Players"},"image":{"@id":"https:\/\/www.mexicanguitarplayers.com\/#\/schema\/logo\/image\/"}}]}},"brands":[{"id":171,"name":"BEHRINGER","slug":"behringer"}],"_links":{"self":[{"href":"https:\/\/www.mexicanguitarplayers.com\/en\/wp-json\/wp\/v2\/product\/27917","targetHints":{"allow":["GET"]}}],"collection":[{"href":"https:\/\/www.mexicanguitarplayers.com\/en\/wp-json\/wp\/v2\/product"}],"about":[{"href":"https:\/\/www.mexicanguitarplayers.com\/en\/wp-json\/wp\/v2\/types\/product"}],"replies":[{"embeddable":true,"href":"https:\/\/www.mexicanguitarplayers.com\/en\/wp-json\/wp\/v2\/comments?post=27917"}],"wp:featuredmedia":[{"embeddable":true,"href":"https:\/\/www.mexicanguitarplayers.com\/en\/wp-json\/wp\/v2\/media\/27914"}],"wp:attachment":[{"href":"https:\/\/www.mexicanguitarplayers.com\/en\/wp-json\/wp\/v2\/media?parent=27917"}],"wp:term":[{"taxonomy":"pwb-brand","embeddable":true,"href":"https:\/\/www.mexicanguitarplayers.com\/en\/wp-json\/wp\/v2\/pwb-brand?post=27917"},{"taxonomy":"product_brand","embeddable":true,"href":"https:\/\/www.mexicanguitarplayers.com\/en\/wp-json\/wp\/v2\/product_brand?post=27917"},{"taxonomy":"product_cat","embeddable":true,"href":"https:\/\/www.mexicanguitarplayers.com\/en\/wp-json\/wp\/v2\/product_cat?post=27917"},{"taxonomy":"product_tag","embeddable":true,"href":"https:\/\/www.mexicanguitarplayers.com\/en\/wp-json\/wp\/v2\/product_tag?post=27917"}],"curies":[{"name":"wp","href":"https:\/\/api.w.org\/{rel}","templated":true}]}}