{"id":27932,"date":"2025-04-07T13:45:14","date_gmt":"2025-04-07T19:45:14","guid":{"rendered":"https:\/\/www.mexicanguitarplayers.com\/tienda\/sin categor\u00eda\/soporte-gretsch-p-bateria-grg5pack-jgo\/"},"modified":"2026-05-04T04:15:12","modified_gmt":"2026-05-04T10:15:12","slug":"soporte-gretsch-p-bateria-grg5pack-jgo","status":"publish","type":"product","link":"https:\/\/www.mexicanguitarplayers.com\/en\/tienda\/accesorios\/para-bateria\/hardware-para-bateria\/atriles\/soporte-gretsch-p-bateria-grg5pack-jgo\/","title":{"rendered":"SOPORTE GRETSCH P\/BATERIA GRG5PACK (JGO)"},"content":{"rendered":"<div style=\"text-align: justify\">\n<div>\n<h3>Regresa el hardware de Gretsch.<\/h3>\n<\/div>\n<div>Desde 1912, Gretsch introdujo por primera vez un hardware con funciones y funciones modestas y desde entonces, (desde hace  m\u00e1s de 100 a\u00f1os), los entusiastas de Gretsch siempre estuvieron interesados en combinar sus kits Gretsch con hardware Gretsch. Nos complace ofrecer esta opci\u00f3n una vez m\u00e1s. El hardware Gretsch G5 ofrece una variedad de soportes recientemente dise\u00f1ados para bateristas y percusionistas para usar c\u00f3modamente en todo su kit o plataforma de percusi\u00f3n. Disponible como piezas individuales o en paquete, G5 incluye un soporte para platillos recto, soporte para platillos de aguil\u00f3n, soporte Hi-Hat, soporte de tarola y pedal de bombo de cadena doble. Tambi\u00e9n hay disponible un soporte G5 doble para tom (se vende por separado).<\/div>\n<div>\n<h4>Quick look<\/h4>\n<\/div>\n<ul style=\"margin: 0px 0px 0px 25px\">\n<li style=\"list-style-type: circle;margin: 5px\">Juego de hardware.<\/li>\n<\/ul>\n<div>\n<div style=\"font-weight: bold\">Juego de hardware.<\/div>\n<div>\n<p>Atril recto para platillo, atril de boom para platillo, atril de contratiempos, atril de tarola y pedal de bombo.<\/p>\n<\/div>\n<\/div>\n<div>\n<h4>Characteristics<\/h4>\n<\/div>\n<div>\n<ul style=\"margin: 0px 0px 0px 25px\">\n<li style=\"list-style-type: circle;margin: 5px\">Terminado cromado.<\/li>\n<li style=\"list-style-type: circle;margin: 5px\">Altura ajustable de 3 segmentos con acci\u00f3n de suave desplazamiento y ajuste.<\/li>\n<li style=\"list-style-type: circle;margin: 5px\">Dise\u00f1o tr\u00edpode reforzado de doble solera de 4 mm.<\/li>\n<li style=\"list-style-type: circle;margin: 5px\">Mariposas en forma de T.<\/li>\n<li style=\"list-style-type: circle;margin: 5px\">Seguros de memoria de compuesto de fibra de nylon.<\/li>\n<li style=\"list-style-type: circle;margin: 5px\">Patas de goma.<\/li>\n<\/ul>\n<\/div>\n<\/div>","protected":false},"excerpt":{"rendered":"<p>Juego de hardware Gretsch para bater\u00eda, incluye un atril recto para platillo, un atril de boom para platillo, un atril de contratiempos, un atril de tarola y pedal de bombo, terminado cromado, altura ajustable de 3 segmentos con acci\u00f3n de suave desplazamiento y ajuste, dise\u00f1o tr\u00edpode reforzado de doble solera de 4 mm, mariposas en forma de T, seguros de memoria de compuesto de fibra de nylon, patas de goma&hellip; <a class=\"kt-excerpt-readmore more-link\" href=\"https:\/\/www.mexicanguitarplayers.com\/en\/tienda\/accesorios\/para-bateria\/hardware-para-bateria\/atriles\/soporte-gretsch-p-bateria-grg5pack-jgo\/\">Read more<\/a><\/p>","protected":false},"featured_media":27931,"comment_status":"open","ping_status":"closed","template":"","meta":{"kt_blocks_editor_width":""},"pwb-brand":[275],"product_brand":[],"product_cat":[85,515,435,306],"product_tag":[],"class_list":{"0":"post-27932","1":"product","2":"type-product","3":"status-publish","4":"has-post-thumbnail","6":"pwb-brand-gretsch","7":"product_cat-accesorios","8":"product_cat-atriles","9":"product_cat-hardware-para-bateria","10":"product_cat-para-bateria","11":"product_shipping_class-20-25-kg","13":"first","14":"instock","15":"taxable","16":"shipping-taxable","17":"purchasable","18":"product-type-simple"},"yoast_head":"<!-- This site is optimized with the Yoast SEO plugin v27.6 - https:\/\/yoast.com\/product\/yoast-seo-wordpress\/ -->\n<title>SOPORTE GRETSCH P\/BATERIA GRG5PACK (JGO) - Mexican Guitar Players<\/title>\n<meta name=\"description\" content=\"Juego de hardware Gretsch para bater\u00eda, incluye un atril recto para platillo, un atril de boom para platillo, un atril de contratiempos, un atril de tarola y pedal de bombo, terminado cromado, altura ajustable de 3 segmentos con acci\u00f3n de suave desplazamiento y ajuste, dise\u00f1o tr\u00edpode reforzado de doble solera de 4 mm, mariposas en forma de T, seguros de memoria de compuesto de fibra de nylon, patas de goma\" \/>\n<meta name=\"robots\" content=\"index, follow, max-snippet:-1, max-image-preview:large, max-video-preview:-1\" \/>\n<link rel=\"canonical\" href=\"https:\/\/www.mexicanguitarplayers.com\/en\/tienda\/sin%20categor\u00eda\/soporte-gretsch-p-bateria-grg5pack-jgo\/\" \/>\n<meta property=\"og:locale\" content=\"en_US\" \/>\n<meta property=\"og:type\" content=\"article\" \/>\n<meta property=\"og:title\" content=\"SOPORTE GRETSCH P\/BATERIA GRG5PACK (JGO) - Mexican Guitar Players\" \/>\n<meta property=\"og:description\" content=\"Juego de hardware Gretsch para bater\u00eda, incluye un atril recto para platillo, un atril de boom para platillo, un atril de contratiempos, un atril de tarola y pedal de bombo, terminado cromado, altura ajustable de 3 segmentos con acci\u00f3n de suave desplazamiento y ajuste, dise\u00f1o tr\u00edpode reforzado de doble solera de 4 mm, mariposas en forma de T, seguros de memoria de compuesto de fibra de nylon, patas de goma\" \/>\n<meta property=\"og:url\" content=\"https:\/\/www.mexicanguitarplayers.com\/en\/tienda\/sin categor\u00eda\/soporte-gretsch-p-bateria-grg5pack-jgo\/\" \/>\n<meta property=\"og:site_name\" content=\"Mexican Guitar Players\" \/>\n<meta property=\"article:modified_time\" content=\"2026-05-04T10:15:12+00:00\" \/>\n<meta name=\"twitter:card\" content=\"summary_large_image\" \/>\n<meta name=\"twitter:label1\" content=\"Est. reading time\" \/>\n\t<meta name=\"twitter:data1\" content=\"1 minute\" \/>\n<script type=\"application\/ld+json\" class=\"yoast-schema-graph\">{\"@context\":\"https:\\\/\\\/schema.org\",\"@graph\":[{\"@type\":[\"WebPage\",\"ItemPage\"],\"@id\":\"https:\\\/\\\/www.mexicanguitarplayers.com\\\/tienda\\\/sin categor\u00eda\\\/soporte-gretsch-p-bateria-grg5pack-jgo\\\/\",\"url\":\"https:\\\/\\\/www.mexicanguitarplayers.com\\\/tienda\\\/sin categor\u00eda\\\/soporte-gretsch-p-bateria-grg5pack-jgo\\\/\",\"name\":\"SOPORTE GRETSCH P\\\/BATERIA GRG5PACK (JGO) - Mexican Guitar Players\",\"isPartOf\":{\"@id\":\"https:\\\/\\\/www.mexicanguitarplayers.com\\\/#website\"},\"primaryImageOfPage\":{\"@id\":\"https:\\\/\\\/www.mexicanguitarplayers.com\\\/tienda\\\/sin categor\u00eda\\\/soporte-gretsch-p-bateria-grg5pack-jgo\\\/#primaryimage\"},\"image\":{\"@id\":\"https:\\\/\\\/www.mexicanguitarplayers.com\\\/tienda\\\/sin categor\u00eda\\\/soporte-gretsch-p-bateria-grg5pack-jgo\\\/#primaryimage\"},\"thumbnailUrl\":\"https:\\\/\\\/www.mexicanguitarplayers.com\\\/wp-content\\\/uploads\\\/2025\\\/04\\\/VAGRTGRG5PACK.jpg\",\"datePublished\":\"2025-04-07T19:45:14+00:00\",\"dateModified\":\"2026-05-04T10:15:12+00:00\",\"description\":\"Juego de hardware Gretsch para bater\u00eda, incluye un atril recto para platillo, un atril de boom para platillo, un atril de contratiempos, un atril de tarola y pedal de bombo, terminado cromado, altura ajustable de 3 segmentos con acci\u00f3n de suave desplazamiento y ajuste, dise\u00f1o tr\u00edpode reforzado de doble solera de 4 mm, mariposas en forma de T, seguros de memoria de compuesto de fibra de nylon, patas de goma\",\"breadcrumb\":{\"@id\":\"https:\\\/\\\/www.mexicanguitarplayers.com\\\/tienda\\\/sin categor\u00eda\\\/soporte-gretsch-p-bateria-grg5pack-jgo\\\/#breadcrumb\"},\"inLanguage\":\"en-US\",\"potentialAction\":[{\"@type\":\"ReadAction\",\"target\":[\"https:\\\/\\\/www.mexicanguitarplayers.com\\\/tienda\\\/sin categor\u00eda\\\/soporte-gretsch-p-bateria-grg5pack-jgo\\\/\"]}]},{\"@type\":\"ImageObject\",\"inLanguage\":\"en-US\",\"@id\":\"https:\\\/\\\/www.mexicanguitarplayers.com\\\/tienda\\\/sin categor\u00eda\\\/soporte-gretsch-p-bateria-grg5pack-jgo\\\/#primaryimage\",\"url\":\"https:\\\/\\\/www.mexicanguitarplayers.com\\\/wp-content\\\/uploads\\\/2025\\\/04\\\/VAGRTGRG5PACK.jpg\",\"contentUrl\":\"https:\\\/\\\/www.mexicanguitarplayers.com\\\/wp-content\\\/uploads\\\/2025\\\/04\\\/VAGRTGRG5PACK.jpg\",\"width\":1200,\"height\":1200},{\"@type\":\"BreadcrumbList\",\"@id\":\"https:\\\/\\\/www.mexicanguitarplayers.com\\\/tienda\\\/sin categor\u00eda\\\/soporte-gretsch-p-bateria-grg5pack-jgo\\\/#breadcrumb\",\"itemListElement\":[{\"@type\":\"ListItem\",\"position\":1,\"name\":\"Portada\",\"item\":\"https:\\\/\\\/www.mexicanguitarplayers.com\\\/\"},{\"@type\":\"ListItem\",\"position\":2,\"name\":\"Tienda\",\"item\":\"https:\\\/\\\/www.mexicanguitarplayers.com\\\/tienda\\\/\"},{\"@type\":\"ListItem\",\"position\":3,\"name\":\"SOPORTE GRETSCH P\\\/BATERIA GRG5PACK (JGO)\"}]},{\"@type\":\"WebSite\",\"@id\":\"https:\\\/\\\/www.mexicanguitarplayers.com\\\/#website\",\"url\":\"https:\\\/\\\/www.mexicanguitarplayers.com\\\/\",\"name\":\"Mexican Guitar Players\",\"description\":\"Website\",\"publisher\":{\"@id\":\"https:\\\/\\\/www.mexicanguitarplayers.com\\\/#organization\"},\"potentialAction\":[{\"@type\":\"SearchAction\",\"target\":{\"@type\":\"EntryPoint\",\"urlTemplate\":\"https:\\\/\\\/www.mexicanguitarplayers.com\\\/?s={search_term_string}\"},\"query-input\":{\"@type\":\"PropertyValueSpecification\",\"valueRequired\":true,\"valueName\":\"search_term_string\"}}],\"inLanguage\":\"en-US\"},{\"@type\":\"Organization\",\"@id\":\"https:\\\/\\\/www.mexicanguitarplayers.com\\\/#organization\",\"name\":\"Mexican Guitar Players\",\"url\":\"https:\\\/\\\/www.mexicanguitarplayers.com\\\/\",\"logo\":{\"@type\":\"ImageObject\",\"inLanguage\":\"en-US\",\"@id\":\"https:\\\/\\\/www.mexicanguitarplayers.com\\\/#\\\/schema\\\/logo\\\/image\\\/\",\"url\":\"\",\"contentUrl\":\"\",\"caption\":\"Mexican Guitar Players\"},\"image\":{\"@id\":\"https:\\\/\\\/www.mexicanguitarplayers.com\\\/#\\\/schema\\\/logo\\\/image\\\/\"}}]}<\/script>\n<!-- \/ Yoast SEO plugin. -->","yoast_head_json":{"title":"SOPORTE GRETSCH P\/BATERIA GRG5PACK (JGO) - Mexican Guitar Players","description":"Juego de hardware Gretsch para bater\u00eda, incluye un atril recto para platillo, un atril de boom para platillo, un atril de contratiempos, un atril de tarola y pedal de bombo, terminado cromado, altura ajustable de 3 segmentos con acci\u00f3n de suave desplazamiento y ajuste, dise\u00f1o tr\u00edpode reforzado de doble solera de 4 mm, mariposas en forma de T, seguros de memoria de compuesto de fibra de nylon, patas de goma","robots":{"index":"index","follow":"follow","max-snippet":"max-snippet:-1","max-image-preview":"max-image-preview:large","max-video-preview":"max-video-preview:-1"},"canonical":"https:\/\/www.mexicanguitarplayers.com\/en\/tienda\/sin categor\u00eda\/soporte-gretsch-p-bateria-grg5pack-jgo\/","og_locale":"en_US","og_type":"article","og_title":"SOPORTE GRETSCH P\/BATERIA GRG5PACK (JGO) - Mexican Guitar Players","og_description":"Juego de hardware Gretsch para bater\u00eda, incluye un atril recto para platillo, un atril de boom para platillo, un atril de contratiempos, un atril de tarola y pedal de bombo, terminado cromado, altura ajustable de 3 segmentos con acci\u00f3n de suave desplazamiento y ajuste, dise\u00f1o tr\u00edpode reforzado de doble solera de 4 mm, mariposas en forma de T, seguros de memoria de compuesto de fibra de nylon, patas de goma","og_url":"https:\/\/www.mexicanguitarplayers.com\/en\/tienda\/sin categor\u00eda\/soporte-gretsch-p-bateria-grg5pack-jgo\/","og_site_name":"Mexican Guitar Players","article_modified_time":"2026-05-04T10:15:12+00:00","twitter_card":"summary_large_image","twitter_misc":{"Est. reading time":"1 minute"},"schema":{"@context":"https:\/\/schema.org","@graph":[{"@type":["WebPage","ItemPage"],"@id":"https:\/\/www.mexicanguitarplayers.com\/tienda\/sin categor\u00eda\/soporte-gretsch-p-bateria-grg5pack-jgo\/","url":"https:\/\/www.mexicanguitarplayers.com\/tienda\/sin categor\u00eda\/soporte-gretsch-p-bateria-grg5pack-jgo\/","name":"SOPORTE GRETSCH P\/BATERIA GRG5PACK (JGO) - Mexican Guitar Players","isPartOf":{"@id":"https:\/\/www.mexicanguitarplayers.com\/#website"},"primaryImageOfPage":{"@id":"https:\/\/www.mexicanguitarplayers.com\/tienda\/sin categor\u00eda\/soporte-gretsch-p-bateria-grg5pack-jgo\/#primaryimage"},"image":{"@id":"https:\/\/www.mexicanguitarplayers.com\/tienda\/sin categor\u00eda\/soporte-gretsch-p-bateria-grg5pack-jgo\/#primaryimage"},"thumbnailUrl":"https:\/\/www.mexicanguitarplayers.com\/wp-content\/uploads\/2025\/04\/VAGRTGRG5PACK.jpg","datePublished":"2025-04-07T19:45:14+00:00","dateModified":"2026-05-04T10:15:12+00:00","description":"Juego de hardware Gretsch para bater\u00eda, incluye un atril recto para platillo, un atril de boom para platillo, un atril de contratiempos, un atril de tarola y pedal de bombo, terminado cromado, altura ajustable de 3 segmentos con acci\u00f3n de suave desplazamiento y ajuste, dise\u00f1o tr\u00edpode reforzado de doble solera de 4 mm, mariposas en forma de T, seguros de memoria de compuesto de fibra de nylon, patas de goma","breadcrumb":{"@id":"https:\/\/www.mexicanguitarplayers.com\/tienda\/sin categor\u00eda\/soporte-gretsch-p-bateria-grg5pack-jgo\/#breadcrumb"},"inLanguage":"en-US","potentialAction":[{"@type":"ReadAction","target":["https:\/\/www.mexicanguitarplayers.com\/tienda\/sin categor\u00eda\/soporte-gretsch-p-bateria-grg5pack-jgo\/"]}]},{"@type":"ImageObject","inLanguage":"en-US","@id":"https:\/\/www.mexicanguitarplayers.com\/tienda\/sin categor\u00eda\/soporte-gretsch-p-bateria-grg5pack-jgo\/#primaryimage","url":"https:\/\/www.mexicanguitarplayers.com\/wp-content\/uploads\/2025\/04\/VAGRTGRG5PACK.jpg","contentUrl":"https:\/\/www.mexicanguitarplayers.com\/wp-content\/uploads\/2025\/04\/VAGRTGRG5PACK.jpg","width":1200,"height":1200},{"@type":"BreadcrumbList","@id":"https:\/\/www.mexicanguitarplayers.com\/tienda\/sin categor\u00eda\/soporte-gretsch-p-bateria-grg5pack-jgo\/#breadcrumb","itemListElement":[{"@type":"ListItem","position":1,"name":"Portada","item":"https:\/\/www.mexicanguitarplayers.com\/"},{"@type":"ListItem","position":2,"name":"Tienda","item":"https:\/\/www.mexicanguitarplayers.com\/tienda\/"},{"@type":"ListItem","position":3,"name":"SOPORTE GRETSCH P\/BATERIA GRG5PACK (JGO)"}]},{"@type":"WebSite","@id":"https:\/\/www.mexicanguitarplayers.com\/#website","url":"https:\/\/www.mexicanguitarplayers.com\/","name":"Mexican Guitar Players","description":"Website","publisher":{"@id":"https:\/\/www.mexicanguitarplayers.com\/#organization"},"potentialAction":[{"@type":"SearchAction","target":{"@type":"EntryPoint","urlTemplate":"https:\/\/www.mexicanguitarplayers.com\/?s={search_term_string}"},"query-input":{"@type":"PropertyValueSpecification","valueRequired":true,"valueName":"search_term_string"}}],"inLanguage":"en-US"},{"@type":"Organization","@id":"https:\/\/www.mexicanguitarplayers.com\/#organization","name":"Mexican Guitar Players","url":"https:\/\/www.mexicanguitarplayers.com\/","logo":{"@type":"ImageObject","inLanguage":"en-US","@id":"https:\/\/www.mexicanguitarplayers.com\/#\/schema\/logo\/image\/","url":"","contentUrl":"","caption":"Mexican Guitar Players"},"image":{"@id":"https:\/\/www.mexicanguitarplayers.com\/#\/schema\/logo\/image\/"}}]}},"brands":[{"id":275,"name":"GRETSCH","slug":"gretsch"}],"_links":{"self":[{"href":"https:\/\/www.mexicanguitarplayers.com\/en\/wp-json\/wp\/v2\/product\/27932","targetHints":{"allow":["GET"]}}],"collection":[{"href":"https:\/\/www.mexicanguitarplayers.com\/en\/wp-json\/wp\/v2\/product"}],"about":[{"href":"https:\/\/www.mexicanguitarplayers.com\/en\/wp-json\/wp\/v2\/types\/product"}],"replies":[{"embeddable":true,"href":"https:\/\/www.mexicanguitarplayers.com\/en\/wp-json\/wp\/v2\/comments?post=27932"}],"wp:featuredmedia":[{"embeddable":true,"href":"https:\/\/www.mexicanguitarplayers.com\/en\/wp-json\/wp\/v2\/media\/27931"}],"wp:attachment":[{"href":"https:\/\/www.mexicanguitarplayers.com\/en\/wp-json\/wp\/v2\/media?parent=27932"}],"wp:term":[{"taxonomy":"pwb-brand","embeddable":true,"href":"https:\/\/www.mexicanguitarplayers.com\/en\/wp-json\/wp\/v2\/pwb-brand?post=27932"},{"taxonomy":"product_brand","embeddable":true,"href":"https:\/\/www.mexicanguitarplayers.com\/en\/wp-json\/wp\/v2\/product_brand?post=27932"},{"taxonomy":"product_cat","embeddable":true,"href":"https:\/\/www.mexicanguitarplayers.com\/en\/wp-json\/wp\/v2\/product_cat?post=27932"},{"taxonomy":"product_tag","embeddable":true,"href":"https:\/\/www.mexicanguitarplayers.com\/en\/wp-json\/wp\/v2\/product_tag?post=27932"}],"curies":[{"name":"wp","href":"https:\/\/api.w.org\/{rel}","templated":true}]}}