{"id":27935,"date":"2025-04-07T13:45:25","date_gmt":"2025-04-07T19:45:25","guid":{"rendered":"https:\/\/www.mexicanguitarplayers.com\/tienda\/sin categor\u00eda\/bafle-proel-c-poder-net-15a\/"},"modified":"2026-04-10T04:41:13","modified_gmt":"2026-04-10T10:41:13","slug":"bafle-proel-c-poder-net-15a","status":"publish","type":"product","link":"https:\/\/www.mexicanguitarplayers.com\/en\/tienda\/audio\/bafles-y-bocinas\/bafles\/bafles-activos\/bafle-proel-c-poder-net-15a\/","title":{"rendered":"BAFLE PROEL      C\/PODER   NET-15A"},"content":{"rendered":"<div style=\"text-align: justify\">\n<div>\n<h3>Alta potencia y gran fidelidad.<\/h3>\n<\/div>\n<div>La serie NET de bafles de Proel es una nueva l\u00ednea de gabinetes en donde alto valor y m\u00e1xima comodidad se mezclan para ofrecer un producto asegurado entre los que el refuerzo de sonido es su pasi\u00f3n y profesi\u00f3n. Ya sea para bandas en vivo o sesiones de DJ, aplicaciones de voz o vigilancia, en instalaciones m\u00f3viles o fijas, la serie NET asegura el bafle que necesitas al precio que deseas, sin sacrificios en t\u00e9rminos de calidad o durabilidad. Los gabinetes de la serie NET est\u00e1n fabricados con MDF de 15 mm o 18 mm y rejillas met\u00e1licas de 1.5 mm de espesor. Cuentan con drivers Celestion y aparecen versiones activas y pasivas. Las unidades tambi\u00e9n cuentan con sistemas de protecci\u00f3n y enfriamiento, as\u00ed como circuitos limitadores independientes para cada secci\u00f3n de los amplificadores.<\/div>\n<div>\n<h4>Quick look<\/h4>\n<\/div>\n<ul style=\"margin: 0px 0px 0px 25px\">\n<li style=\"list-style-type: circle;margin: 5px\">Tipo de sistema.<\/li>\n<li style=\"list-style-type: circle;margin: 5px\">Power.<\/li>\n<li style=\"list-style-type: circle;margin: 5px\">Input impedance.<\/li>\n<li style=\"list-style-type: circle;margin: 5px\">Frequency response.<\/li>\n<li style=\"list-style-type: circle;margin: 5px\">Sensibilidad de entrada.<\/li>\n<li style=\"list-style-type: circle;margin: 5px\">Maximum SPL.<\/li>\n<li style=\"list-style-type: circle;margin: 5px\">Dispositivo de baja frecuencia.<\/li>\n<li style=\"list-style-type: circle;margin: 5px\">Dispositivo de alta frecuencia.<\/li>\n<li style=\"list-style-type: circle;margin: 5px\">Frecuencia de crossover.<\/li>\n<li style=\"list-style-type: circle;margin: 5px\">Dispersi\u00f3n.<\/li>\n<li style=\"list-style-type: circle;margin: 5px\">\u00c1ngulo trapezoidal.<\/li>\n<li style=\"list-style-type: circle;margin: 5px\">Power supply.<\/li>\n<li style=\"list-style-type: circle;margin: 5px\">Energy consumption.<\/li>\n<li style=\"list-style-type: circle;margin: 5px\">Consumo m\u00e1ximo de energ\u00eda.<\/li>\n<li style=\"list-style-type: circle;margin: 5px\">Enfriamiento.<\/li>\n<li style=\"list-style-type: circle;margin: 5px\">Connectors.<\/li>\n<li style=\"list-style-type: circle;margin: 5px\">Construcci\u00f3n.<\/li>\n<li style=\"list-style-type: circle;margin: 5px\">Montaje en poste.<\/li>\n<li style=\"list-style-type: circle;margin: 5px\">Sistema de suspensi\u00f3n.<\/li>\n<li style=\"list-style-type: circle;margin: 5px\">Weight.<\/li>\n<li style=\"list-style-type: circle;margin: 5px\">Dimensions.<\/li>\n<li style=\"list-style-type: circle;margin: 5px\">Controls<\/li>\n<\/ul>\n<div>\n<div style=\"font-weight: bold\">Tipo de sistema.<\/div>\n<div>\n<p>Altavoz activo biamplificado de 2 v\u00edas.<\/p>\n<\/div>\n<div style=\"font-weight: bold\">Power.<\/div>\n<div>\n<p>Continua: 500 W + 100 W bi-amp.<\/p>\n<\/div>\n<div style=\"font-weight: bold\">Input impedance.<\/div>\n<div>\n<p>L\u00ednea: 20 kohms balanceada, 10 kohms desbalanceado.<\/p>\n<\/div>\n<div style=\"font-weight: bold\">Frequency response.<\/div>\n<div>\n<p>55 Hz &#8211; 20 kHz.<\/p>\n<\/div>\n<div style=\"font-weight: bold\">Sensibilidad de entrada.<\/div>\n<div>\n<p>L\u00ednea: 0 dBu \/ 0,775 V.<\/p>\n<\/div>\n<div style=\"font-weight: bold\">Maximum SPL.<\/div>\n<div>\n<p>128 dB.<\/p>\n<\/div>\n<div style=\"font-weight: bold\">Dispositivo de baja frecuencia.<\/div>\n<div>\n<p>Woofer de 15\u201d pulgadas.<\/p>\n<\/div>\n<div style=\"font-weight: bold\">Dispositivo de alta frecuencia.<\/div>\n<div>\n<p>Driver de compresi\u00f3n de 1\u201d pulgada.<\/p>\n<\/div>\n<div style=\"font-weight: bold\">Frecuencia de crossover.<\/div>\n<div>\n<p>2000 Hz.<\/p>\n<\/div>\n<div style=\"font-weight: bold\">Dispersi\u00f3n.<\/div>\n<div>\n<p>90\u00b0 H x 60\u00b0 V trompeta de cobertura constante.<\/p>\n<\/div>\n<div style=\"font-weight: bold\">\u00c1ngulo trapezoidal.<\/div>\n<div>\n<p>8\u00b0.<\/p>\n<\/div>\n<div style=\"font-weight: bold\">Power supply.<\/div>\n<div>\n<p>230 VAC 50 Hz o 117 V CA 60 Hz.<\/p>\n<\/div>\n<div style=\"font-weight: bold\">Energy consumption.<\/div>\n<div>\n<p>150 VA.<\/p>\n<\/div>\n<div style=\"font-weight: bold\">Consumo m\u00e1ximo de energ\u00eda.<\/div>\n<div>\n<p>700 VA.<\/p>\n<\/div>\n<div style=\"font-weight: bold\">Enfriamiento.<\/div>\n<div>\n<p>Por convecci\u00f3n natural.<\/p>\n<\/div>\n<div style=\"font-weight: bold\">Connectors.<\/div>\n<div>\n<p>Combo XLR &#8211; XLR macho.<\/p>\n<\/div>\n<div style=\"font-weight: bold\">Construcci\u00f3n.<\/div>\n<div>\n<p>MDF de 15 mm.<\/p>\n<\/div>\n<div style=\"font-weight: bold\">Montaje en poste.<\/div>\n<div>\n<p>1 abajo.<\/p>\n<\/div>\n<div style=\"font-weight: bold\">Sistema de suspensi\u00f3n.<\/div>\n<div>\n<p>4 x M10 &#8211; parte superior, parte inferior, parte trasera.<\/p>\n<\/div>\n<div style=\"font-weight: bold\">Weight.<\/div>\n<div>\n<p>27.5 Kg.<\/p>\n<\/div>\n<div style=\"font-weight: bold\">Dimensions.<\/div>\n<div>\n<p>47 x 72 x 43 cm.<\/p>\n<\/div>\n<div style=\"font-weight: bold\">Controls<\/div>\n<div>\n<p>Nivel, GND\/LIFT, VIVO \/ M\u00daSICA. Presets duales optimizados.<\/p>\n<\/div>\n<\/div>\n<\/div>","protected":false},"excerpt":{"rendered":"<p>Bafle activo profesional bi-amplificado de 2 v\u00edas, potencia continua de 500 watts en woofer + 100 watts en tweeter, woofer de 15\u201d pulgadas con bobina de 2\u201d pulgadas, driver de compresi\u00f3n de 1\u201d pulgada con diafragma de titanio, frecuencia de crossover: 2000 Hz, respuesta de frecuencia: 50 Hz &#8211; 20 kHz, fabricado con madera contrachapada de abedul de 15 mm, dimensiones: 47 x 72 x 43 cm, peso: 27.5 kg.&hellip; <a class=\"kt-excerpt-readmore more-link\" href=\"https:\/\/www.mexicanguitarplayers.com\/en\/tienda\/audio\/bafles-y-bocinas\/bafles\/bafles-activos\/bafle-proel-c-poder-net-15a\/\">Read more<\/a><\/p>","protected":false},"featured_media":27933,"comment_status":"open","ping_status":"closed","template":"","meta":{"kt_blocks_editor_width":""},"pwb-brand":[252],"product_brand":[],"product_cat":[213,222,472,221],"product_tag":[],"class_list":{"0":"post-27935","1":"product","2":"type-product","3":"status-publish","4":"has-post-thumbnail","6":"pwb-brand-proel","7":"product_cat-audio","8":"product_cat-bafles","9":"product_cat-bafles-activos","10":"product_cat-bafles-y-bocinas","11":"product_shipping_class-0-5-kg","13":"first","14":"outofstock","15":"taxable","16":"shipping-taxable","17":"purchasable","18":"product-type-simple"},"yoast_head":"<!-- This site is optimized with the Yoast SEO plugin v27.5 - https:\/\/yoast.com\/product\/yoast-seo-wordpress\/ -->\n<title>BAFLE PROEL   C\/PODER  NET-15A - Mexican Guitar Players<\/title>\n<meta name=\"description\" content=\"Bafle activo profesional bi-amplificado de 2 v\u00edas, potencia continua de 500 watts en woofer + 100 watts en tweeter, woofer de 15\u201d pulgadas con bobina de 2\u201d pulgadas, driver de compresi\u00f3n de 1\u201d pulgada con diafragma de titanio, frecuencia de crossover: 2000 Hz, respuesta de frecuencia: 50 Hz - 20 kHz, fabricado con madera contrachapada de abedul de 15 mm, dimensiones: 47 x 72 x 43 cm, peso: 27.5 kg.\" \/>\n<meta name=\"robots\" content=\"index, follow, max-snippet:-1, max-image-preview:large, max-video-preview:-1\" \/>\n<link rel=\"canonical\" href=\"https:\/\/www.mexicanguitarplayers.com\/en\/tienda\/sin%20categor\u00eda\/bafle-proel-c-poder-net-15a\/\" \/>\n<meta property=\"og:locale\" content=\"en_US\" \/>\n<meta property=\"og:type\" content=\"article\" \/>\n<meta property=\"og:title\" content=\"BAFLE PROEL   C\/PODER  NET-15A - Mexican Guitar Players\" \/>\n<meta property=\"og:description\" content=\"Bafle activo profesional bi-amplificado de 2 v\u00edas, potencia continua de 500 watts en woofer + 100 watts en tweeter, woofer de 15\u201d pulgadas con bobina de 2\u201d pulgadas, driver de compresi\u00f3n de 1\u201d pulgada con diafragma de titanio, frecuencia de crossover: 2000 Hz, respuesta de frecuencia: 50 Hz - 20 kHz, fabricado con madera contrachapada de abedul de 15 mm, dimensiones: 47 x 72 x 43 cm, peso: 27.5 kg.\" \/>\n<meta property=\"og:url\" content=\"https:\/\/www.mexicanguitarplayers.com\/en\/tienda\/sin categor\u00eda\/bafle-proel-c-poder-net-15a\/\" \/>\n<meta property=\"og:site_name\" content=\"Mexican Guitar Players\" \/>\n<meta property=\"article:modified_time\" content=\"2026-04-10T10:41:13+00:00\" \/>\n<meta name=\"twitter:card\" content=\"summary_large_image\" \/>\n<meta name=\"twitter:label1\" content=\"Est. reading time\" \/>\n\t<meta name=\"twitter:data1\" content=\"2 minutes\" \/>\n<script type=\"application\/ld+json\" class=\"yoast-schema-graph\">{\"@context\":\"https:\\\/\\\/schema.org\",\"@graph\":[{\"@type\":[\"WebPage\",\"ItemPage\"],\"@id\":\"https:\\\/\\\/www.mexicanguitarplayers.com\\\/tienda\\\/sin categor\u00eda\\\/bafle-proel-c-poder-net-15a\\\/\",\"url\":\"https:\\\/\\\/www.mexicanguitarplayers.com\\\/tienda\\\/sin categor\u00eda\\\/bafle-proel-c-poder-net-15a\\\/\",\"name\":\"BAFLE PROEL C\\\/PODER NET-15A - Mexican Guitar Players\",\"isPartOf\":{\"@id\":\"https:\\\/\\\/www.mexicanguitarplayers.com\\\/#website\"},\"primaryImageOfPage\":{\"@id\":\"https:\\\/\\\/www.mexicanguitarplayers.com\\\/tienda\\\/sin categor\u00eda\\\/bafle-proel-c-poder-net-15a\\\/#primaryimage\"},\"image\":{\"@id\":\"https:\\\/\\\/www.mexicanguitarplayers.com\\\/tienda\\\/sin categor\u00eda\\\/bafle-proel-c-poder-net-15a\\\/#primaryimage\"},\"thumbnailUrl\":\"https:\\\/\\\/www.mexicanguitarplayers.com\\\/wp-content\\\/uploads\\\/2025\\\/04\\\/IAPRENET15A.jpg\",\"datePublished\":\"2025-04-07T19:45:25+00:00\",\"dateModified\":\"2026-04-10T10:41:13+00:00\",\"description\":\"Bafle activo profesional bi-amplificado de 2 v\u00edas, potencia continua de 500 watts en woofer + 100 watts en tweeter, woofer de 15\u201d pulgadas con bobina de 2\u201d pulgadas, driver de compresi\u00f3n de 1\u201d pulgada con diafragma de titanio, frecuencia de crossover: 2000 Hz, respuesta de frecuencia: 50 Hz - 20 kHz, fabricado con madera contrachapada de abedul de 15 mm, dimensiones: 47 x 72 x 43 cm, peso: 27.5 kg.\",\"breadcrumb\":{\"@id\":\"https:\\\/\\\/www.mexicanguitarplayers.com\\\/tienda\\\/sin categor\u00eda\\\/bafle-proel-c-poder-net-15a\\\/#breadcrumb\"},\"inLanguage\":\"en-US\",\"potentialAction\":[{\"@type\":\"ReadAction\",\"target\":[\"https:\\\/\\\/www.mexicanguitarplayers.com\\\/tienda\\\/sin categor\u00eda\\\/bafle-proel-c-poder-net-15a\\\/\"]}]},{\"@type\":\"ImageObject\",\"inLanguage\":\"en-US\",\"@id\":\"https:\\\/\\\/www.mexicanguitarplayers.com\\\/tienda\\\/sin categor\u00eda\\\/bafle-proel-c-poder-net-15a\\\/#primaryimage\",\"url\":\"https:\\\/\\\/www.mexicanguitarplayers.com\\\/wp-content\\\/uploads\\\/2025\\\/04\\\/IAPRENET15A.jpg\",\"contentUrl\":\"https:\\\/\\\/www.mexicanguitarplayers.com\\\/wp-content\\\/uploads\\\/2025\\\/04\\\/IAPRENET15A.jpg\",\"width\":1200,\"height\":1200},{\"@type\":\"BreadcrumbList\",\"@id\":\"https:\\\/\\\/www.mexicanguitarplayers.com\\\/tienda\\\/sin categor\u00eda\\\/bafle-proel-c-poder-net-15a\\\/#breadcrumb\",\"itemListElement\":[{\"@type\":\"ListItem\",\"position\":1,\"name\":\"Portada\",\"item\":\"https:\\\/\\\/www.mexicanguitarplayers.com\\\/\"},{\"@type\":\"ListItem\",\"position\":2,\"name\":\"Tienda\",\"item\":\"https:\\\/\\\/www.mexicanguitarplayers.com\\\/tienda\\\/\"},{\"@type\":\"ListItem\",\"position\":3,\"name\":\"BAFLE PROEL C\\\/PODER NET-15A\"}]},{\"@type\":\"WebSite\",\"@id\":\"https:\\\/\\\/www.mexicanguitarplayers.com\\\/#website\",\"url\":\"https:\\\/\\\/www.mexicanguitarplayers.com\\\/\",\"name\":\"Mexican Guitar Players\",\"description\":\"Website\",\"publisher\":{\"@id\":\"https:\\\/\\\/www.mexicanguitarplayers.com\\\/#organization\"},\"potentialAction\":[{\"@type\":\"SearchAction\",\"target\":{\"@type\":\"EntryPoint\",\"urlTemplate\":\"https:\\\/\\\/www.mexicanguitarplayers.com\\\/?s={search_term_string}\"},\"query-input\":{\"@type\":\"PropertyValueSpecification\",\"valueRequired\":true,\"valueName\":\"search_term_string\"}}],\"inLanguage\":\"en-US\"},{\"@type\":\"Organization\",\"@id\":\"https:\\\/\\\/www.mexicanguitarplayers.com\\\/#organization\",\"name\":\"Mexican Guitar Players\",\"url\":\"https:\\\/\\\/www.mexicanguitarplayers.com\\\/\",\"logo\":{\"@type\":\"ImageObject\",\"inLanguage\":\"en-US\",\"@id\":\"https:\\\/\\\/www.mexicanguitarplayers.com\\\/#\\\/schema\\\/logo\\\/image\\\/\",\"url\":\"\",\"contentUrl\":\"\",\"caption\":\"Mexican Guitar Players\"},\"image\":{\"@id\":\"https:\\\/\\\/www.mexicanguitarplayers.com\\\/#\\\/schema\\\/logo\\\/image\\\/\"}}]}<\/script>\n<!-- \/ Yoast SEO plugin. -->","yoast_head_json":{"title":"BAFLE PROEL   C\/PODER  NET-15A - Mexican Guitar Players","description":"Bafle activo profesional bi-amplificado de 2 v\u00edas, potencia continua de 500 watts en woofer + 100 watts en tweeter, woofer de 15\u201d pulgadas con bobina de 2\u201d pulgadas, driver de compresi\u00f3n de 1\u201d pulgada con diafragma de titanio, frecuencia de crossover: 2000 Hz, respuesta de frecuencia: 50 Hz - 20 kHz, fabricado con madera contrachapada de abedul de 15 mm, dimensiones: 47 x 72 x 43 cm, peso: 27.5 kg.","robots":{"index":"index","follow":"follow","max-snippet":"max-snippet:-1","max-image-preview":"max-image-preview:large","max-video-preview":"max-video-preview:-1"},"canonical":"https:\/\/www.mexicanguitarplayers.com\/en\/tienda\/sin categor\u00eda\/bafle-proel-c-poder-net-15a\/","og_locale":"en_US","og_type":"article","og_title":"BAFLE PROEL   C\/PODER  NET-15A - Mexican Guitar Players","og_description":"Bafle activo profesional bi-amplificado de 2 v\u00edas, potencia continua de 500 watts en woofer + 100 watts en tweeter, woofer de 15\u201d pulgadas con bobina de 2\u201d pulgadas, driver de compresi\u00f3n de 1\u201d pulgada con diafragma de titanio, frecuencia de crossover: 2000 Hz, respuesta de frecuencia: 50 Hz - 20 kHz, fabricado con madera contrachapada de abedul de 15 mm, dimensiones: 47 x 72 x 43 cm, peso: 27.5 kg.","og_url":"https:\/\/www.mexicanguitarplayers.com\/en\/tienda\/sin categor\u00eda\/bafle-proel-c-poder-net-15a\/","og_site_name":"Mexican Guitar Players","article_modified_time":"2026-04-10T10:41:13+00:00","twitter_card":"summary_large_image","twitter_misc":{"Est. reading time":"2 minutes"},"schema":{"@context":"https:\/\/schema.org","@graph":[{"@type":["WebPage","ItemPage"],"@id":"https:\/\/www.mexicanguitarplayers.com\/tienda\/sin categor\u00eda\/bafle-proel-c-poder-net-15a\/","url":"https:\/\/www.mexicanguitarplayers.com\/tienda\/sin categor\u00eda\/bafle-proel-c-poder-net-15a\/","name":"BAFLE PROEL C\/PODER NET-15A - Mexican Guitar Players","isPartOf":{"@id":"https:\/\/www.mexicanguitarplayers.com\/#website"},"primaryImageOfPage":{"@id":"https:\/\/www.mexicanguitarplayers.com\/tienda\/sin categor\u00eda\/bafle-proel-c-poder-net-15a\/#primaryimage"},"image":{"@id":"https:\/\/www.mexicanguitarplayers.com\/tienda\/sin categor\u00eda\/bafle-proel-c-poder-net-15a\/#primaryimage"},"thumbnailUrl":"https:\/\/www.mexicanguitarplayers.com\/wp-content\/uploads\/2025\/04\/IAPRENET15A.jpg","datePublished":"2025-04-07T19:45:25+00:00","dateModified":"2026-04-10T10:41:13+00:00","description":"Bafle activo profesional bi-amplificado de 2 v\u00edas, potencia continua de 500 watts en woofer + 100 watts en tweeter, woofer de 15\u201d pulgadas con bobina de 2\u201d pulgadas, driver de compresi\u00f3n de 1\u201d pulgada con diafragma de titanio, frecuencia de crossover: 2000 Hz, respuesta de frecuencia: 50 Hz - 20 kHz, fabricado con madera contrachapada de abedul de 15 mm, dimensiones: 47 x 72 x 43 cm, peso: 27.5 kg.","breadcrumb":{"@id":"https:\/\/www.mexicanguitarplayers.com\/tienda\/sin categor\u00eda\/bafle-proel-c-poder-net-15a\/#breadcrumb"},"inLanguage":"en-US","potentialAction":[{"@type":"ReadAction","target":["https:\/\/www.mexicanguitarplayers.com\/tienda\/sin categor\u00eda\/bafle-proel-c-poder-net-15a\/"]}]},{"@type":"ImageObject","inLanguage":"en-US","@id":"https:\/\/www.mexicanguitarplayers.com\/tienda\/sin categor\u00eda\/bafle-proel-c-poder-net-15a\/#primaryimage","url":"https:\/\/www.mexicanguitarplayers.com\/wp-content\/uploads\/2025\/04\/IAPRENET15A.jpg","contentUrl":"https:\/\/www.mexicanguitarplayers.com\/wp-content\/uploads\/2025\/04\/IAPRENET15A.jpg","width":1200,"height":1200},{"@type":"BreadcrumbList","@id":"https:\/\/www.mexicanguitarplayers.com\/tienda\/sin categor\u00eda\/bafle-proel-c-poder-net-15a\/#breadcrumb","itemListElement":[{"@type":"ListItem","position":1,"name":"Portada","item":"https:\/\/www.mexicanguitarplayers.com\/"},{"@type":"ListItem","position":2,"name":"Tienda","item":"https:\/\/www.mexicanguitarplayers.com\/tienda\/"},{"@type":"ListItem","position":3,"name":"BAFLE PROEL C\/PODER NET-15A"}]},{"@type":"WebSite","@id":"https:\/\/www.mexicanguitarplayers.com\/#website","url":"https:\/\/www.mexicanguitarplayers.com\/","name":"Mexican Guitar Players","description":"Website","publisher":{"@id":"https:\/\/www.mexicanguitarplayers.com\/#organization"},"potentialAction":[{"@type":"SearchAction","target":{"@type":"EntryPoint","urlTemplate":"https:\/\/www.mexicanguitarplayers.com\/?s={search_term_string}"},"query-input":{"@type":"PropertyValueSpecification","valueRequired":true,"valueName":"search_term_string"}}],"inLanguage":"en-US"},{"@type":"Organization","@id":"https:\/\/www.mexicanguitarplayers.com\/#organization","name":"Mexican Guitar Players","url":"https:\/\/www.mexicanguitarplayers.com\/","logo":{"@type":"ImageObject","inLanguage":"en-US","@id":"https:\/\/www.mexicanguitarplayers.com\/#\/schema\/logo\/image\/","url":"","contentUrl":"","caption":"Mexican Guitar Players"},"image":{"@id":"https:\/\/www.mexicanguitarplayers.com\/#\/schema\/logo\/image\/"}}]}},"brands":[{"id":252,"name":"PROEL","slug":"proel"}],"_links":{"self":[{"href":"https:\/\/www.mexicanguitarplayers.com\/en\/wp-json\/wp\/v2\/product\/27935","targetHints":{"allow":["GET"]}}],"collection":[{"href":"https:\/\/www.mexicanguitarplayers.com\/en\/wp-json\/wp\/v2\/product"}],"about":[{"href":"https:\/\/www.mexicanguitarplayers.com\/en\/wp-json\/wp\/v2\/types\/product"}],"replies":[{"embeddable":true,"href":"https:\/\/www.mexicanguitarplayers.com\/en\/wp-json\/wp\/v2\/comments?post=27935"}],"wp:featuredmedia":[{"embeddable":true,"href":"https:\/\/www.mexicanguitarplayers.com\/en\/wp-json\/wp\/v2\/media\/27933"}],"wp:attachment":[{"href":"https:\/\/www.mexicanguitarplayers.com\/en\/wp-json\/wp\/v2\/media?parent=27935"}],"wp:term":[{"taxonomy":"pwb-brand","embeddable":true,"href":"https:\/\/www.mexicanguitarplayers.com\/en\/wp-json\/wp\/v2\/pwb-brand?post=27935"},{"taxonomy":"product_brand","embeddable":true,"href":"https:\/\/www.mexicanguitarplayers.com\/en\/wp-json\/wp\/v2\/product_brand?post=27935"},{"taxonomy":"product_cat","embeddable":true,"href":"https:\/\/www.mexicanguitarplayers.com\/en\/wp-json\/wp\/v2\/product_cat?post=27935"},{"taxonomy":"product_tag","embeddable":true,"href":"https:\/\/www.mexicanguitarplayers.com\/en\/wp-json\/wp\/v2\/product_tag?post=27935"}],"curies":[{"name":"wp","href":"https:\/\/api.w.org\/{rel}","templated":true}]}}