{"id":27979,"date":"2025-04-08T08:15:17","date_gmt":"2025-04-08T14:15:17","guid":{"rendered":"https:\/\/www.mexicanguitarplayers.com\/tienda\/sin categor\u00eda\/platillo-meinl-20-mod-b-20jbar\/"},"modified":"2026-01-17T04:48:51","modified_gmt":"2026-01-17T10:48:51","slug":"platillo-meinl-20-mod-b-20jbar","status":"publish","type":"product","link":"https:\/\/www.mexicanguitarplayers.com\/en\/tienda\/percusiones\/platillos\/rides\/platillo-meinl-20-mod-b-20jbar\/","title":{"rendered":"PLATILLO MEINL  20   MOD. B-20JBAR"},"content":{"rendered":"<div style=\"text-align: justify\">\n<div>\n<h3>El platillo de Nueva York.<\/h3>\n<\/div>\n<div>Este ride est\u00e1 especialmente desarrollado para cumplir con los requerimientos de la tradicional m\u00fasica de jazz de la vieja escuela. Una campana m\u00e1s peque\u00f1a y un gran arco distintivo ofrecen un sonido dulce con cuerpo y un largo sustain. La ciudad de Nueva York, mejor conocida como la Gran Manzana (Big Apple), el epicentro del Jazz, ha tenido una historia legendaria de amor con este g\u00e9nero. Fue por eso la inspiraci\u00f3n perfecta para el Byzance Jazz Big Apple Series, un platillo que captura la historia, la cultura y la tradici\u00f3n de todos los grandes bateristas de Jazz que han pasado el tiempo en la Gran Manzana.<\/div>\n<div>\n<h4>Quick look<\/h4>\n<\/div>\n<ul style=\"margin: 0px 0px 0px 25px\">\n<li style=\"list-style-type: circle;margin: 5px\">Timbre.<\/li>\n<li style=\"list-style-type: circle;margin: 5px\">Car\u00e1cter.<\/li>\n<li style=\"list-style-type: circle;margin: 5px\">Tono.<\/li>\n<li style=\"list-style-type: circle;margin: 5px\">Volumen.<\/li>\n<li style=\"list-style-type: circle;margin: 5px\">Sustain.<\/li>\n<li style=\"list-style-type: circle;margin: 5px\">Weight.<\/li>\n<li style=\"list-style-type: circle;margin: 5px\">Terminado.<\/li>\n<li style=\"list-style-type: circle;margin: 5px\">Material.<\/li>\n<li style=\"list-style-type: circle;margin: 5px\">Torno.<\/li>\n<li style=\"list-style-type: circle;margin: 5px\">Estilos.<\/li>\n<\/ul>\n<div>\n<div style=\"font-weight: bold\">Timbre.<\/div>\n<div>\n<p>Oscuro.<\/p>\n<\/div>\n<div style=\"font-weight: bold\">Car\u00e1cter.<\/div>\n<div>\n<p>Complejo, musical.<\/p>\n<\/div>\n<div style=\"font-weight: bold\">Tono.<\/div>\n<div>\n<p>Grave.<\/p>\n<\/div>\n<div style=\"font-weight: bold\">Volumen.<\/div>\n<div>\n<p>Bajo.<\/p>\n<\/div>\n<div style=\"font-weight: bold\">Sustain.<\/div>\n<div>\n<p>Corto.<\/p>\n<\/div>\n<div style=\"font-weight: bold\">Weight.<\/div>\n<div>\n<p>Delgado.<\/p>\n<\/div>\n<div style=\"font-weight: bold\">Terminado.<\/div>\n<div>\n<p>Tradicional.<\/p>\n<\/div>\n<div style=\"font-weight: bold\">Material.<\/div>\n<div>\n<p>Aleaci\u00f3n de bronce B20.20% esta\u00f1o y 80% cobre.<\/p>\n<\/div>\n<div style=\"font-weight: bold\">Torno.<\/div>\n<div>\n<p>Cuchilla estrecha.<\/p>\n<\/div>\n<div style=\"font-weight: bold\">Estilos.<\/div>\n<div>\n<p>Jazz, Funk, Reggae, Studio, World, Electro.<\/p>\n<\/div>\n<\/div>\n<\/div>","protected":false},"excerpt":{"rendered":"<p>Platillo ride de 20\u201d pulgadas, modelo Big Ride, serie Byzance, fabricado con aleaci\u00f3n de bronce B20, timbre oscuro, sustain corto, terminado tradicional.&hellip; <a class=\"kt-excerpt-readmore more-link\" href=\"https:\/\/www.mexicanguitarplayers.com\/en\/tienda\/percusiones\/platillos\/rides\/platillo-meinl-20-mod-b-20jbar\/\">Read more<\/a><\/p>","protected":false},"featured_media":27973,"comment_status":"open","ping_status":"closed","template":"","meta":{"kt_blocks_editor_width":""},"pwb-brand":[290],"product_brand":[],"product_cat":[208,260,286],"product_tag":[],"class_list":{"0":"post-27979","1":"product","2":"type-product","3":"status-publish","4":"has-post-thumbnail","6":"pwb-brand-meinl","7":"product_cat-percusiones","8":"product_cat-platillos","9":"product_cat-rides","10":"product_shipping_class-0-5-kg","12":"first","13":"outofstock","14":"taxable","15":"shipping-taxable","16":"purchasable","17":"product-type-simple"},"yoast_head":"<!-- This site is optimized with the Yoast SEO plugin v27.3 - https:\/\/yoast.com\/product\/yoast-seo-wordpress\/ -->\n<title>PLATILLO MEINL 20  MOD. B-20JBAR - Mexican Guitar Players<\/title>\n<meta name=\"description\" content=\"Platillo ride de 20\u201d pulgadas, modelo Big Ride, serie Byzance, fabricado con aleaci\u00f3n de bronce B20, timbre oscuro, sustain corto, terminado tradicional.\" \/>\n<meta name=\"robots\" content=\"index, follow, max-snippet:-1, max-image-preview:large, max-video-preview:-1\" \/>\n<link rel=\"canonical\" href=\"https:\/\/www.mexicanguitarplayers.com\/en\/tienda\/sin%20categor\u00eda\/platillo-meinl-20-mod-b-20jbar\/\" \/>\n<meta property=\"og:locale\" content=\"en_US\" \/>\n<meta property=\"og:type\" content=\"article\" \/>\n<meta property=\"og:title\" content=\"PLATILLO MEINL 20  MOD. B-20JBAR - Mexican Guitar Players\" \/>\n<meta property=\"og:description\" content=\"Platillo ride de 20\u201d pulgadas, modelo Big Ride, serie Byzance, fabricado con aleaci\u00f3n de bronce B20, timbre oscuro, sustain corto, terminado tradicional.\" \/>\n<meta property=\"og:url\" content=\"https:\/\/www.mexicanguitarplayers.com\/en\/tienda\/sin categor\u00eda\/platillo-meinl-20-mod-b-20jbar\/\" \/>\n<meta property=\"og:site_name\" content=\"Mexican Guitar Players\" \/>\n<meta property=\"article:modified_time\" content=\"2026-01-17T10:48:51+00:00\" \/>\n<meta name=\"twitter:card\" content=\"summary_large_image\" \/>\n<meta name=\"twitter:label1\" content=\"Est. reading time\" \/>\n\t<meta name=\"twitter:data1\" content=\"1 minute\" \/>\n<script type=\"application\/ld+json\" class=\"yoast-schema-graph\">{\"@context\":\"https:\\\/\\\/schema.org\",\"@graph\":[{\"@type\":[\"WebPage\",\"ItemPage\"],\"@id\":\"https:\\\/\\\/www.mexicanguitarplayers.com\\\/tienda\\\/sin categor\u00eda\\\/platillo-meinl-20-mod-b-20jbar\\\/\",\"url\":\"https:\\\/\\\/www.mexicanguitarplayers.com\\\/tienda\\\/sin categor\u00eda\\\/platillo-meinl-20-mod-b-20jbar\\\/\",\"name\":\"PLATILLO MEINL 20 MOD. B-20JBAR - Mexican Guitar Players\",\"isPartOf\":{\"@id\":\"https:\\\/\\\/www.mexicanguitarplayers.com\\\/#website\"},\"primaryImageOfPage\":{\"@id\":\"https:\\\/\\\/www.mexicanguitarplayers.com\\\/tienda\\\/sin categor\u00eda\\\/platillo-meinl-20-mod-b-20jbar\\\/#primaryimage\"},\"image\":{\"@id\":\"https:\\\/\\\/www.mexicanguitarplayers.com\\\/tienda\\\/sin categor\u00eda\\\/platillo-meinl-20-mod-b-20jbar\\\/#primaryimage\"},\"thumbnailUrl\":\"https:\\\/\\\/www.mexicanguitarplayers.com\\\/wp-content\\\/uploads\\\/2025\\\/04\\\/IPMEIB20JBAR.jpg\",\"datePublished\":\"2025-04-08T14:15:17+00:00\",\"dateModified\":\"2026-01-17T10:48:51+00:00\",\"description\":\"Platillo ride de 20\u201d pulgadas, modelo Big Ride, serie Byzance, fabricado con aleaci\u00f3n de bronce B20, timbre oscuro, sustain corto, terminado tradicional.\",\"breadcrumb\":{\"@id\":\"https:\\\/\\\/www.mexicanguitarplayers.com\\\/tienda\\\/sin categor\u00eda\\\/platillo-meinl-20-mod-b-20jbar\\\/#breadcrumb\"},\"inLanguage\":\"en-US\",\"potentialAction\":[{\"@type\":\"ReadAction\",\"target\":[\"https:\\\/\\\/www.mexicanguitarplayers.com\\\/tienda\\\/sin categor\u00eda\\\/platillo-meinl-20-mod-b-20jbar\\\/\"]}]},{\"@type\":\"ImageObject\",\"inLanguage\":\"en-US\",\"@id\":\"https:\\\/\\\/www.mexicanguitarplayers.com\\\/tienda\\\/sin categor\u00eda\\\/platillo-meinl-20-mod-b-20jbar\\\/#primaryimage\",\"url\":\"https:\\\/\\\/www.mexicanguitarplayers.com\\\/wp-content\\\/uploads\\\/2025\\\/04\\\/IPMEIB20JBAR.jpg\",\"contentUrl\":\"https:\\\/\\\/www.mexicanguitarplayers.com\\\/wp-content\\\/uploads\\\/2025\\\/04\\\/IPMEIB20JBAR.jpg\",\"width\":1200,\"height\":1200},{\"@type\":\"BreadcrumbList\",\"@id\":\"https:\\\/\\\/www.mexicanguitarplayers.com\\\/tienda\\\/sin categor\u00eda\\\/platillo-meinl-20-mod-b-20jbar\\\/#breadcrumb\",\"itemListElement\":[{\"@type\":\"ListItem\",\"position\":1,\"name\":\"Portada\",\"item\":\"https:\\\/\\\/www.mexicanguitarplayers.com\\\/\"},{\"@type\":\"ListItem\",\"position\":2,\"name\":\"Tienda\",\"item\":\"https:\\\/\\\/www.mexicanguitarplayers.com\\\/tienda\\\/\"},{\"@type\":\"ListItem\",\"position\":3,\"name\":\"PLATILLO MEINL 20 MOD. B-20JBAR\"}]},{\"@type\":\"WebSite\",\"@id\":\"https:\\\/\\\/www.mexicanguitarplayers.com\\\/#website\",\"url\":\"https:\\\/\\\/www.mexicanguitarplayers.com\\\/\",\"name\":\"Mexican Guitar Players\",\"description\":\"Website\",\"publisher\":{\"@id\":\"https:\\\/\\\/www.mexicanguitarplayers.com\\\/#organization\"},\"potentialAction\":[{\"@type\":\"SearchAction\",\"target\":{\"@type\":\"EntryPoint\",\"urlTemplate\":\"https:\\\/\\\/www.mexicanguitarplayers.com\\\/?s={search_term_string}\"},\"query-input\":{\"@type\":\"PropertyValueSpecification\",\"valueRequired\":true,\"valueName\":\"search_term_string\"}}],\"inLanguage\":\"en-US\"},{\"@type\":\"Organization\",\"@id\":\"https:\\\/\\\/www.mexicanguitarplayers.com\\\/#organization\",\"name\":\"Mexican Guitar Players\",\"url\":\"https:\\\/\\\/www.mexicanguitarplayers.com\\\/\",\"logo\":{\"@type\":\"ImageObject\",\"inLanguage\":\"en-US\",\"@id\":\"https:\\\/\\\/www.mexicanguitarplayers.com\\\/#\\\/schema\\\/logo\\\/image\\\/\",\"url\":\"\",\"contentUrl\":\"\",\"caption\":\"Mexican Guitar Players\"},\"image\":{\"@id\":\"https:\\\/\\\/www.mexicanguitarplayers.com\\\/#\\\/schema\\\/logo\\\/image\\\/\"}}]}<\/script>\n<!-- \/ Yoast SEO plugin. -->","yoast_head_json":{"title":"PLATILLO MEINL 20  MOD. B-20JBAR - Mexican Guitar Players","description":"Platillo ride de 20\u201d pulgadas, modelo Big Ride, serie Byzance, fabricado con aleaci\u00f3n de bronce B20, timbre oscuro, sustain corto, terminado tradicional.","robots":{"index":"index","follow":"follow","max-snippet":"max-snippet:-1","max-image-preview":"max-image-preview:large","max-video-preview":"max-video-preview:-1"},"canonical":"https:\/\/www.mexicanguitarplayers.com\/en\/tienda\/sin categor\u00eda\/platillo-meinl-20-mod-b-20jbar\/","og_locale":"en_US","og_type":"article","og_title":"PLATILLO MEINL 20  MOD. B-20JBAR - Mexican Guitar Players","og_description":"Platillo ride de 20\u201d pulgadas, modelo Big Ride, serie Byzance, fabricado con aleaci\u00f3n de bronce B20, timbre oscuro, sustain corto, terminado tradicional.","og_url":"https:\/\/www.mexicanguitarplayers.com\/en\/tienda\/sin categor\u00eda\/platillo-meinl-20-mod-b-20jbar\/","og_site_name":"Mexican Guitar Players","article_modified_time":"2026-01-17T10:48:51+00:00","twitter_card":"summary_large_image","twitter_misc":{"Est. reading time":"1 minute"},"schema":{"@context":"https:\/\/schema.org","@graph":[{"@type":["WebPage","ItemPage"],"@id":"https:\/\/www.mexicanguitarplayers.com\/tienda\/sin categor\u00eda\/platillo-meinl-20-mod-b-20jbar\/","url":"https:\/\/www.mexicanguitarplayers.com\/tienda\/sin categor\u00eda\/platillo-meinl-20-mod-b-20jbar\/","name":"PLATILLO MEINL 20 MOD. B-20JBAR - Mexican Guitar Players","isPartOf":{"@id":"https:\/\/www.mexicanguitarplayers.com\/#website"},"primaryImageOfPage":{"@id":"https:\/\/www.mexicanguitarplayers.com\/tienda\/sin categor\u00eda\/platillo-meinl-20-mod-b-20jbar\/#primaryimage"},"image":{"@id":"https:\/\/www.mexicanguitarplayers.com\/tienda\/sin categor\u00eda\/platillo-meinl-20-mod-b-20jbar\/#primaryimage"},"thumbnailUrl":"https:\/\/www.mexicanguitarplayers.com\/wp-content\/uploads\/2025\/04\/IPMEIB20JBAR.jpg","datePublished":"2025-04-08T14:15:17+00:00","dateModified":"2026-01-17T10:48:51+00:00","description":"Platillo ride de 20\u201d pulgadas, modelo Big Ride, serie Byzance, fabricado con aleaci\u00f3n de bronce B20, timbre oscuro, sustain corto, terminado tradicional.","breadcrumb":{"@id":"https:\/\/www.mexicanguitarplayers.com\/tienda\/sin categor\u00eda\/platillo-meinl-20-mod-b-20jbar\/#breadcrumb"},"inLanguage":"en-US","potentialAction":[{"@type":"ReadAction","target":["https:\/\/www.mexicanguitarplayers.com\/tienda\/sin categor\u00eda\/platillo-meinl-20-mod-b-20jbar\/"]}]},{"@type":"ImageObject","inLanguage":"en-US","@id":"https:\/\/www.mexicanguitarplayers.com\/tienda\/sin categor\u00eda\/platillo-meinl-20-mod-b-20jbar\/#primaryimage","url":"https:\/\/www.mexicanguitarplayers.com\/wp-content\/uploads\/2025\/04\/IPMEIB20JBAR.jpg","contentUrl":"https:\/\/www.mexicanguitarplayers.com\/wp-content\/uploads\/2025\/04\/IPMEIB20JBAR.jpg","width":1200,"height":1200},{"@type":"BreadcrumbList","@id":"https:\/\/www.mexicanguitarplayers.com\/tienda\/sin categor\u00eda\/platillo-meinl-20-mod-b-20jbar\/#breadcrumb","itemListElement":[{"@type":"ListItem","position":1,"name":"Portada","item":"https:\/\/www.mexicanguitarplayers.com\/"},{"@type":"ListItem","position":2,"name":"Tienda","item":"https:\/\/www.mexicanguitarplayers.com\/tienda\/"},{"@type":"ListItem","position":3,"name":"PLATILLO MEINL 20 MOD. B-20JBAR"}]},{"@type":"WebSite","@id":"https:\/\/www.mexicanguitarplayers.com\/#website","url":"https:\/\/www.mexicanguitarplayers.com\/","name":"Mexican Guitar Players","description":"Website","publisher":{"@id":"https:\/\/www.mexicanguitarplayers.com\/#organization"},"potentialAction":[{"@type":"SearchAction","target":{"@type":"EntryPoint","urlTemplate":"https:\/\/www.mexicanguitarplayers.com\/?s={search_term_string}"},"query-input":{"@type":"PropertyValueSpecification","valueRequired":true,"valueName":"search_term_string"}}],"inLanguage":"en-US"},{"@type":"Organization","@id":"https:\/\/www.mexicanguitarplayers.com\/#organization","name":"Mexican Guitar Players","url":"https:\/\/www.mexicanguitarplayers.com\/","logo":{"@type":"ImageObject","inLanguage":"en-US","@id":"https:\/\/www.mexicanguitarplayers.com\/#\/schema\/logo\/image\/","url":"","contentUrl":"","caption":"Mexican Guitar Players"},"image":{"@id":"https:\/\/www.mexicanguitarplayers.com\/#\/schema\/logo\/image\/"}}]}},"brands":[{"id":290,"name":"MEINL","slug":"meinl"}],"_links":{"self":[{"href":"https:\/\/www.mexicanguitarplayers.com\/en\/wp-json\/wp\/v2\/product\/27979","targetHints":{"allow":["GET"]}}],"collection":[{"href":"https:\/\/www.mexicanguitarplayers.com\/en\/wp-json\/wp\/v2\/product"}],"about":[{"href":"https:\/\/www.mexicanguitarplayers.com\/en\/wp-json\/wp\/v2\/types\/product"}],"replies":[{"embeddable":true,"href":"https:\/\/www.mexicanguitarplayers.com\/en\/wp-json\/wp\/v2\/comments?post=27979"}],"wp:featuredmedia":[{"embeddable":true,"href":"https:\/\/www.mexicanguitarplayers.com\/en\/wp-json\/wp\/v2\/media\/27973"}],"wp:attachment":[{"href":"https:\/\/www.mexicanguitarplayers.com\/en\/wp-json\/wp\/v2\/media?parent=27979"}],"wp:term":[{"taxonomy":"pwb-brand","embeddable":true,"href":"https:\/\/www.mexicanguitarplayers.com\/en\/wp-json\/wp\/v2\/pwb-brand?post=27979"},{"taxonomy":"product_brand","embeddable":true,"href":"https:\/\/www.mexicanguitarplayers.com\/en\/wp-json\/wp\/v2\/product_brand?post=27979"},{"taxonomy":"product_cat","embeddable":true,"href":"https:\/\/www.mexicanguitarplayers.com\/en\/wp-json\/wp\/v2\/product_cat?post=27979"},{"taxonomy":"product_tag","embeddable":true,"href":"https:\/\/www.mexicanguitarplayers.com\/en\/wp-json\/wp\/v2\/product_tag?post=27979"}],"curies":[{"name":"wp","href":"https:\/\/api.w.org\/{rel}","templated":true}]}}