{"id":27999,"date":"2025-04-08T08:19:40","date_gmt":"2025-04-08T14:19:40","guid":{"rendered":"https:\/\/www.mexicanguitarplayers.com\/tienda\/sin categor\u00eda\/controlador-fishman-mod-pro-trp-301\/"},"modified":"2026-04-10T04:41:07","modified_gmt":"2026-04-10T10:41:07","slug":"controlador-fishman-mod-pro-trp-301","status":"publish","type":"product","link":"https:\/\/www.mexicanguitarplayers.com\/en\/tienda\/accesorios\/varios\/controlador-fishman-mod-pro-trp-301\/","title":{"rendered":"CONTROLADOR FISHMAN MOD. PRO-TRP-301"},"content":{"rendered":"<div style=\"text-align: justify\">\n<div>\n<h3>Tocar la guitarra ahora es m\u00e1s divertido!<\/h3>\n<\/div>\n<div>TriplePlay es el control inal\u00e1mbrico de guitarra del futuro. Su dise\u00f1o pro ultradelgado y el paquete de software intuitivo de Fishman permite configurar y trabajar r\u00e1pidamente. Desbloquea el potencial de tu guitarra y descubre una capacidad de sonido potente y sin l\u00edmites a tu disposici\u00f3n, todo con la libertad del control inal\u00e1mbrico. \u2022 COMPONER &#8211; Abre nuevas opciones creativas sin l\u00edmites con todos los instrumentos posibles a su disposici\u00f3n. La notaci\u00f3n exacta: te permite compartir su m\u00fasica con los miembros de tu banda. Si usted es un principiante, las transcripciones precisas nota por nota te ayudar\u00e1 a aprender m\u00e1s r\u00e1pido y  m\u00e1s intuitivamente. \u2022 TOCAR &#8211; Integrar la guitarra con cualquier instrumento virtual o hardware sintetizador para proporcionar un acceso directo e inmediato a una serie ilimitada de instrumentos, sampleos y sonidos. \u2022 GRABAR &#8211; La mejor soluci\u00f3n para integrar tu guitarra con tu DAW favorito en un PC, Mac \u00ae o iPad \u00ae como herramienta completa de grabaci\u00f3n y producci\u00f3n musical. Crear un proyecto completo desde las bater\u00edas al bajo, agregar teclados, alientosy cuerdas, todo ello desde el controlador de guitarra inal\u00e1mbrico TriplePlay. Montaje y desmontaje sencillo TriplePlay se puede instalar o retirar r\u00e1pidamente en casi cualquier guitarra el\u00e9ctrica, sin necesidad de unainstalaci\u00f3n permanente. Hardware de montaje incluido. Completo paquete de software incluido TriplePlay se completa con todo el software que necesitas para grabar, editar y reproducir tu m\u00fasica. Obt\u00e9n el m\u00e1ximo provecho de las potentes funciones MIDI con tu guitarra. Con todas sus ventajas podr\u00e1s crear, grabar y mezclar tu m\u00fasica de manera f\u00e1cil y r\u00e1pida. Incluye versiones completas de: Native Instruments &#8211; KOMPLETE Elements y GuitarRig LE Notion Music &#8211; PROGRESSION 2 IK Multimedia &#8211; SampleTank 2 XT y AmpliTube Custom Shop PreSonus &#8211; Studio One Artist TriplePlay Edition<\/div>\n<div>\n<h4>Quick look<\/h4>\n<\/div>\n<ul style=\"margin: 0px 0px 0px 25px\">\n<li style=\"list-style-type: circle;margin: 5px\">Gran universalidad.<\/li>\n<li style=\"list-style-type: circle;margin: 5px\">S\u00faper Pro.<\/li>\n<li style=\"list-style-type: circle;margin: 5px\">C\u00f3modo, pr\u00e1ctico y discreto.<\/li>\n<li style=\"list-style-type: circle;margin: 5px\">Gran alcance inal\u00e1mbrico.<\/li>\n<\/ul>\n<div>\n<div style=\"font-weight: bold\">Gran universalidad.<\/div>\n<div>\n<p>Funciona con los secuenciadores DAW e Instrumentos Virtuales est\u00e1ndar de la industria.<\/p>\n<\/div>\n<div style=\"font-weight: bold\">S\u00faper Pro.<\/div>\n<div>\n<p>Funci\u00f3n exclusiva de \u201chold\u201d y divisi\u00f3n por cuerda o traste con m\u00faltiples instrumentos.<\/p>\n<\/div>\n<div style=\"font-weight: bold\">C\u00f3modo, pr\u00e1ctico y discreto.<\/div>\n<div>\n<p>F\u00e1cil instalaci\u00f3n en la guitarra el\u00e9ctrica, se puede quitar f\u00e1cilmente. Dise\u00f1o de bajo perfil (menos de 0.5&#8243; pulgadas) Puedes dejarlo en la guitarra y \u00e9sta seguir\u00e1 cabiendo en el estuche.<\/p>\n<\/div>\n<div style=\"font-weight: bold\">Gran alcance inal\u00e1mbrico.<\/div>\n<div>\n<p>Por encima de los 30 metros.<\/p>\n<\/div>\n<\/div>\n<div>\n<h4>Characteristics<\/h4>\n<\/div>\n<div>\n<ul style=\"margin: 0px 0px 0px 25px\">\n<li style=\"list-style-type: circle;margin: 5px\">Funciona con bater\u00edas recargables de iones de litio (incluidas).<\/li>\n<li style=\"list-style-type: circle;margin: 5px\">Controles de men\u00fa de navegaci\u00f3n.<\/li>\n<li style=\"list-style-type: circle;margin: 5px\">Interruptor de f\u00e1cil acceso a Guitarra, Mix, Synth durante la interpretaci\u00f3n.<\/li>\n<li style=\"list-style-type: circle;margin: 5px\">Control de volumen del sintetizador de guitarra.<\/li>\n<\/ul>\n<\/div>\n<\/div>","protected":false},"excerpt":{"rendered":"<p>Controlador MIDI inal\u00e1mbrico para guitarra y sensor, modelo TRIPLE PLAY, pastilla Hexaphonic, receptor Inal\u00e1mbrico USB , funciona con Windows, Mac e Ipad.&hellip; <a class=\"kt-excerpt-readmore more-link\" href=\"https:\/\/www.mexicanguitarplayers.com\/en\/tienda\/accesorios\/varios\/controlador-fishman-mod-pro-trp-301\/\">Read more<\/a><\/p>","protected":false},"featured_media":27992,"comment_status":"open","ping_status":"closed","template":"","meta":{"kt_blocks_editor_width":""},"pwb-brand":[248],"product_brand":[],"product_cat":[85,336,249],"product_tag":[],"class_list":{"0":"post-27999","1":"product","2":"type-product","3":"status-publish","4":"has-post-thumbnail","6":"pwb-brand-fishman","7":"product_cat-accesorios","8":"product_cat-para-guitarras","9":"product_cat-varios","10":"product_shipping_class-0-5-kg","12":"first","13":"outofstock","14":"taxable","15":"shipping-taxable","16":"purchasable","17":"product-type-simple"},"yoast_head":"<!-- This site is optimized with the Yoast SEO plugin v27.6 - https:\/\/yoast.com\/product\/yoast-seo-wordpress\/ -->\n<title>CONTROLADOR FISHMAN MOD. PRO-TRP-301 - Mexican Guitar Players<\/title>\n<meta name=\"description\" content=\"Controlador MIDI inal\u00e1mbrico para guitarra y sensor, modelo TRIPLE PLAY, pastilla Hexaphonic, receptor Inal\u00e1mbrico USB , funciona con Windows, Mac e Ipad.\" \/>\n<meta name=\"robots\" content=\"index, follow, max-snippet:-1, max-image-preview:large, max-video-preview:-1\" \/>\n<link rel=\"canonical\" href=\"https:\/\/www.mexicanguitarplayers.com\/en\/tienda\/sin%20categor\u00eda\/controlador-fishman-mod-pro-trp-301\/\" \/>\n<meta property=\"og:locale\" content=\"en_US\" \/>\n<meta property=\"og:type\" content=\"article\" \/>\n<meta property=\"og:title\" content=\"CONTROLADOR FISHMAN MOD. PRO-TRP-301 - Mexican Guitar Players\" \/>\n<meta property=\"og:description\" content=\"Controlador MIDI inal\u00e1mbrico para guitarra y sensor, modelo TRIPLE PLAY, pastilla Hexaphonic, receptor Inal\u00e1mbrico USB , funciona con Windows, Mac e Ipad.\" \/>\n<meta property=\"og:url\" content=\"https:\/\/www.mexicanguitarplayers.com\/en\/tienda\/sin categor\u00eda\/controlador-fishman-mod-pro-trp-301\/\" \/>\n<meta property=\"og:site_name\" content=\"Mexican Guitar Players\" \/>\n<meta property=\"article:modified_time\" content=\"2026-04-10T10:41:07+00:00\" \/>\n<meta name=\"twitter:card\" content=\"summary_large_image\" \/>\n<meta name=\"twitter:label1\" content=\"Est. reading time\" \/>\n\t<meta name=\"twitter:data1\" content=\"2 minutes\" \/>\n<script type=\"application\/ld+json\" class=\"yoast-schema-graph\">{\"@context\":\"https:\\\/\\\/schema.org\",\"@graph\":[{\"@type\":[\"WebPage\",\"ItemPage\"],\"@id\":\"https:\\\/\\\/www.mexicanguitarplayers.com\\\/tienda\\\/sin categor\u00eda\\\/controlador-fishman-mod-pro-trp-301\\\/\",\"url\":\"https:\\\/\\\/www.mexicanguitarplayers.com\\\/tienda\\\/sin categor\u00eda\\\/controlador-fishman-mod-pro-trp-301\\\/\",\"name\":\"CONTROLADOR FISHMAN MOD. PRO-TRP-301 - Mexican Guitar Players\",\"isPartOf\":{\"@id\":\"https:\\\/\\\/www.mexicanguitarplayers.com\\\/#website\"},\"primaryImageOfPage\":{\"@id\":\"https:\\\/\\\/www.mexicanguitarplayers.com\\\/tienda\\\/sin categor\u00eda\\\/controlador-fishman-mod-pro-trp-301\\\/#primaryimage\"},\"image\":{\"@id\":\"https:\\\/\\\/www.mexicanguitarplayers.com\\\/tienda\\\/sin categor\u00eda\\\/controlador-fishman-mod-pro-trp-301\\\/#primaryimage\"},\"thumbnailUrl\":\"https:\\\/\\\/www.mexicanguitarplayers.com\\\/wp-content\\\/uploads\\\/2025\\\/04\\\/IAFISPROTRP301.jpg\",\"datePublished\":\"2025-04-08T14:19:40+00:00\",\"dateModified\":\"2026-04-10T10:41:07+00:00\",\"description\":\"Controlador MIDI inal\u00e1mbrico para guitarra y sensor, modelo TRIPLE PLAY, pastilla Hexaphonic, receptor Inal\u00e1mbrico USB , funciona con Windows, Mac e Ipad.\",\"breadcrumb\":{\"@id\":\"https:\\\/\\\/www.mexicanguitarplayers.com\\\/tienda\\\/sin categor\u00eda\\\/controlador-fishman-mod-pro-trp-301\\\/#breadcrumb\"},\"inLanguage\":\"en-US\",\"potentialAction\":[{\"@type\":\"ReadAction\",\"target\":[\"https:\\\/\\\/www.mexicanguitarplayers.com\\\/tienda\\\/sin categor\u00eda\\\/controlador-fishman-mod-pro-trp-301\\\/\"]}]},{\"@type\":\"ImageObject\",\"inLanguage\":\"en-US\",\"@id\":\"https:\\\/\\\/www.mexicanguitarplayers.com\\\/tienda\\\/sin categor\u00eda\\\/controlador-fishman-mod-pro-trp-301\\\/#primaryimage\",\"url\":\"https:\\\/\\\/www.mexicanguitarplayers.com\\\/wp-content\\\/uploads\\\/2025\\\/04\\\/IAFISPROTRP301.jpg\",\"contentUrl\":\"https:\\\/\\\/www.mexicanguitarplayers.com\\\/wp-content\\\/uploads\\\/2025\\\/04\\\/IAFISPROTRP301.jpg\",\"width\":1200,\"height\":1200},{\"@type\":\"BreadcrumbList\",\"@id\":\"https:\\\/\\\/www.mexicanguitarplayers.com\\\/tienda\\\/sin categor\u00eda\\\/controlador-fishman-mod-pro-trp-301\\\/#breadcrumb\",\"itemListElement\":[{\"@type\":\"ListItem\",\"position\":1,\"name\":\"Portada\",\"item\":\"https:\\\/\\\/www.mexicanguitarplayers.com\\\/\"},{\"@type\":\"ListItem\",\"position\":2,\"name\":\"Tienda\",\"item\":\"https:\\\/\\\/www.mexicanguitarplayers.com\\\/tienda\\\/\"},{\"@type\":\"ListItem\",\"position\":3,\"name\":\"CONTROLADOR FISHMAN MOD. PRO-TRP-301\"}]},{\"@type\":\"WebSite\",\"@id\":\"https:\\\/\\\/www.mexicanguitarplayers.com\\\/#website\",\"url\":\"https:\\\/\\\/www.mexicanguitarplayers.com\\\/\",\"name\":\"Mexican Guitar Players\",\"description\":\"Website\",\"publisher\":{\"@id\":\"https:\\\/\\\/www.mexicanguitarplayers.com\\\/#organization\"},\"potentialAction\":[{\"@type\":\"SearchAction\",\"target\":{\"@type\":\"EntryPoint\",\"urlTemplate\":\"https:\\\/\\\/www.mexicanguitarplayers.com\\\/?s={search_term_string}\"},\"query-input\":{\"@type\":\"PropertyValueSpecification\",\"valueRequired\":true,\"valueName\":\"search_term_string\"}}],\"inLanguage\":\"en-US\"},{\"@type\":\"Organization\",\"@id\":\"https:\\\/\\\/www.mexicanguitarplayers.com\\\/#organization\",\"name\":\"Mexican Guitar Players\",\"url\":\"https:\\\/\\\/www.mexicanguitarplayers.com\\\/\",\"logo\":{\"@type\":\"ImageObject\",\"inLanguage\":\"en-US\",\"@id\":\"https:\\\/\\\/www.mexicanguitarplayers.com\\\/#\\\/schema\\\/logo\\\/image\\\/\",\"url\":\"\",\"contentUrl\":\"\",\"caption\":\"Mexican Guitar Players\"},\"image\":{\"@id\":\"https:\\\/\\\/www.mexicanguitarplayers.com\\\/#\\\/schema\\\/logo\\\/image\\\/\"}}]}<\/script>\n<!-- \/ Yoast SEO plugin. -->","yoast_head_json":{"title":"CONTROLADOR FISHMAN MOD. PRO-TRP-301 - Mexican Guitar Players","description":"Controlador MIDI inal\u00e1mbrico para guitarra y sensor, modelo TRIPLE PLAY, pastilla Hexaphonic, receptor Inal\u00e1mbrico USB , funciona con Windows, Mac e Ipad.","robots":{"index":"index","follow":"follow","max-snippet":"max-snippet:-1","max-image-preview":"max-image-preview:large","max-video-preview":"max-video-preview:-1"},"canonical":"https:\/\/www.mexicanguitarplayers.com\/en\/tienda\/sin categor\u00eda\/controlador-fishman-mod-pro-trp-301\/","og_locale":"en_US","og_type":"article","og_title":"CONTROLADOR FISHMAN MOD. PRO-TRP-301 - Mexican Guitar Players","og_description":"Controlador MIDI inal\u00e1mbrico para guitarra y sensor, modelo TRIPLE PLAY, pastilla Hexaphonic, receptor Inal\u00e1mbrico USB , funciona con Windows, Mac e Ipad.","og_url":"https:\/\/www.mexicanguitarplayers.com\/en\/tienda\/sin categor\u00eda\/controlador-fishman-mod-pro-trp-301\/","og_site_name":"Mexican Guitar Players","article_modified_time":"2026-04-10T10:41:07+00:00","twitter_card":"summary_large_image","twitter_misc":{"Est. reading time":"2 minutes"},"schema":{"@context":"https:\/\/schema.org","@graph":[{"@type":["WebPage","ItemPage"],"@id":"https:\/\/www.mexicanguitarplayers.com\/tienda\/sin categor\u00eda\/controlador-fishman-mod-pro-trp-301\/","url":"https:\/\/www.mexicanguitarplayers.com\/tienda\/sin categor\u00eda\/controlador-fishman-mod-pro-trp-301\/","name":"CONTROLADOR FISHMAN MOD. PRO-TRP-301 - Mexican Guitar Players","isPartOf":{"@id":"https:\/\/www.mexicanguitarplayers.com\/#website"},"primaryImageOfPage":{"@id":"https:\/\/www.mexicanguitarplayers.com\/tienda\/sin categor\u00eda\/controlador-fishman-mod-pro-trp-301\/#primaryimage"},"image":{"@id":"https:\/\/www.mexicanguitarplayers.com\/tienda\/sin categor\u00eda\/controlador-fishman-mod-pro-trp-301\/#primaryimage"},"thumbnailUrl":"https:\/\/www.mexicanguitarplayers.com\/wp-content\/uploads\/2025\/04\/IAFISPROTRP301.jpg","datePublished":"2025-04-08T14:19:40+00:00","dateModified":"2026-04-10T10:41:07+00:00","description":"Controlador MIDI inal\u00e1mbrico para guitarra y sensor, modelo TRIPLE PLAY, pastilla Hexaphonic, receptor Inal\u00e1mbrico USB , funciona con Windows, Mac e Ipad.","breadcrumb":{"@id":"https:\/\/www.mexicanguitarplayers.com\/tienda\/sin categor\u00eda\/controlador-fishman-mod-pro-trp-301\/#breadcrumb"},"inLanguage":"en-US","potentialAction":[{"@type":"ReadAction","target":["https:\/\/www.mexicanguitarplayers.com\/tienda\/sin categor\u00eda\/controlador-fishman-mod-pro-trp-301\/"]}]},{"@type":"ImageObject","inLanguage":"en-US","@id":"https:\/\/www.mexicanguitarplayers.com\/tienda\/sin categor\u00eda\/controlador-fishman-mod-pro-trp-301\/#primaryimage","url":"https:\/\/www.mexicanguitarplayers.com\/wp-content\/uploads\/2025\/04\/IAFISPROTRP301.jpg","contentUrl":"https:\/\/www.mexicanguitarplayers.com\/wp-content\/uploads\/2025\/04\/IAFISPROTRP301.jpg","width":1200,"height":1200},{"@type":"BreadcrumbList","@id":"https:\/\/www.mexicanguitarplayers.com\/tienda\/sin categor\u00eda\/controlador-fishman-mod-pro-trp-301\/#breadcrumb","itemListElement":[{"@type":"ListItem","position":1,"name":"Portada","item":"https:\/\/www.mexicanguitarplayers.com\/"},{"@type":"ListItem","position":2,"name":"Tienda","item":"https:\/\/www.mexicanguitarplayers.com\/tienda\/"},{"@type":"ListItem","position":3,"name":"CONTROLADOR FISHMAN MOD. PRO-TRP-301"}]},{"@type":"WebSite","@id":"https:\/\/www.mexicanguitarplayers.com\/#website","url":"https:\/\/www.mexicanguitarplayers.com\/","name":"Mexican Guitar Players","description":"Website","publisher":{"@id":"https:\/\/www.mexicanguitarplayers.com\/#organization"},"potentialAction":[{"@type":"SearchAction","target":{"@type":"EntryPoint","urlTemplate":"https:\/\/www.mexicanguitarplayers.com\/?s={search_term_string}"},"query-input":{"@type":"PropertyValueSpecification","valueRequired":true,"valueName":"search_term_string"}}],"inLanguage":"en-US"},{"@type":"Organization","@id":"https:\/\/www.mexicanguitarplayers.com\/#organization","name":"Mexican Guitar Players","url":"https:\/\/www.mexicanguitarplayers.com\/","logo":{"@type":"ImageObject","inLanguage":"en-US","@id":"https:\/\/www.mexicanguitarplayers.com\/#\/schema\/logo\/image\/","url":"","contentUrl":"","caption":"Mexican Guitar Players"},"image":{"@id":"https:\/\/www.mexicanguitarplayers.com\/#\/schema\/logo\/image\/"}}]}},"brands":[{"id":248,"name":"FISHMAN","slug":"fishman"}],"_links":{"self":[{"href":"https:\/\/www.mexicanguitarplayers.com\/en\/wp-json\/wp\/v2\/product\/27999","targetHints":{"allow":["GET"]}}],"collection":[{"href":"https:\/\/www.mexicanguitarplayers.com\/en\/wp-json\/wp\/v2\/product"}],"about":[{"href":"https:\/\/www.mexicanguitarplayers.com\/en\/wp-json\/wp\/v2\/types\/product"}],"replies":[{"embeddable":true,"href":"https:\/\/www.mexicanguitarplayers.com\/en\/wp-json\/wp\/v2\/comments?post=27999"}],"wp:featuredmedia":[{"embeddable":true,"href":"https:\/\/www.mexicanguitarplayers.com\/en\/wp-json\/wp\/v2\/media\/27992"}],"wp:attachment":[{"href":"https:\/\/www.mexicanguitarplayers.com\/en\/wp-json\/wp\/v2\/media?parent=27999"}],"wp:term":[{"taxonomy":"pwb-brand","embeddable":true,"href":"https:\/\/www.mexicanguitarplayers.com\/en\/wp-json\/wp\/v2\/pwb-brand?post=27999"},{"taxonomy":"product_brand","embeddable":true,"href":"https:\/\/www.mexicanguitarplayers.com\/en\/wp-json\/wp\/v2\/product_brand?post=27999"},{"taxonomy":"product_cat","embeddable":true,"href":"https:\/\/www.mexicanguitarplayers.com\/en\/wp-json\/wp\/v2\/product_cat?post=27999"},{"taxonomy":"product_tag","embeddable":true,"href":"https:\/\/www.mexicanguitarplayers.com\/en\/wp-json\/wp\/v2\/product_tag?post=27999"}],"curies":[{"name":"wp","href":"https:\/\/api.w.org\/{rel}","templated":true}]}}