{"id":28030,"date":"2025-04-08T08:20:18","date_gmt":"2025-04-08T14:20:18","guid":{"rendered":"https:\/\/www.mexicanguitarplayers.com\/tienda\/sin categor\u00eda\/afinador-planet-wave-mod-pw-ct-17cbk\/"},"modified":"2026-02-17T19:16:53","modified_gmt":"2026-02-18T01:16:53","slug":"afinador-planet-wave-mod-pw-ct-17cbk","status":"publish","type":"product","link":"https:\/\/www.mexicanguitarplayers.com\/en\/tienda\/accesorios\/afinadores-y-metronomos\/afinadores\/afinadores-cromaticos\/afinador-planet-wave-mod-pw-ct-17cbk\/","title":{"rendered":"AFINADOR PLANET WAVE    MOD. PW-CT-17CBK"},"content":{"rendered":"<div style=\"text-align: justify\">\n<div>\n<h3>Asequibilidad ya no significa compromiso.<\/h3>\n<\/div>\n<div>Esta es la presentaci\u00f3n del nuevo afinador Eclipse de D\u2019Addario para violonchelo o contrabajo. Un afinador de bajo costo con el rendimiento de uno de gran precio. El Eclipse es un afinador crom\u00e1tico que ofrece una afinaci\u00f3n r\u00e1pida y precisa fuera del escenario. Cuenta con una pantalla a todo color, apagado autom\u00e1tico y calibraci\u00f3n de pitch en un dise\u00f1o discreto y compacto. La orientaci\u00f3n vertical de la pantalla cuenta con una visualizaci\u00f3n intuitiva para la referencia del tono, pantalla giratoria doble permite un \u00e1ngulo de visi\u00f3n perfecto y puede ser montado delante o detr\u00e1s del cabezal de instrumentos diestros o zurdos.<\/div>\n<div>\n<h4>Characteristics<\/h4>\n<\/div>\n<div>\n<ul style=\"margin: 0px 0px 0px 25px\">\n<li style=\"list-style-type: circle;margin: 5px\">Afinador para violonchelo o contrabajo.<\/li>\n<li style=\"list-style-type: circle;margin: 5px\">Afinaci\u00f3n r\u00e1pida y precisa.<\/li>\n<li style=\"list-style-type: circle;margin: 5px\">Pantalla a todo color.<\/li>\n<li style=\"list-style-type: circle;margin: 5px\">Orientaci\u00f3n vertical.<\/li>\n<li style=\"list-style-type: circle;margin: 5px\">Apagado autom\u00e1tico.<\/li>\n<li style=\"list-style-type: circle;margin: 5px\">Calibraci\u00f3n de pitch.<\/li>\n<li style=\"list-style-type: circle;margin: 5px\">Dise\u00f1o discreto y compacto.<\/li>\n<li style=\"list-style-type: circle;margin: 5px\">Ideal para instrumentos diestros o zurdos.<\/li>\n<\/ul>\n<\/div>\n<\/div>","protected":false},"excerpt":{"rendered":"<p>Afinador para violonchelo o contrabajo, modelo Eclipse, afinaci\u00f3n r\u00e1pida y precisa, pantalla a todo color, orientaci\u00f3n vertical, apagado autom\u00e1tico y calibraci\u00f3n de pitch, dise\u00f1o discreto y compacto, puede ser montado delante o detr\u00e1s del cabezal de instrumentos diestros o zurdos.&hellip; <a class=\"kt-excerpt-readmore more-link\" href=\"https:\/\/www.mexicanguitarplayers.com\/en\/tienda\/accesorios\/afinadores-y-metronomos\/afinadores\/afinadores-cromaticos\/afinador-planet-wave-mod-pw-ct-17cbk\/\">Read more<\/a><\/p>","protected":false},"featured_media":28027,"comment_status":"open","ping_status":"closed","template":"","meta":{"kt_blocks_editor_width":""},"pwb-brand":[604],"product_brand":[],"product_cat":[85,423,424,422],"product_tag":[],"class_list":{"0":"post-28030","1":"product","2":"type-product","3":"status-publish","4":"has-post-thumbnail","6":"pwb-brand-planet-waves","7":"product_cat-accesorios","8":"product_cat-afinadores","9":"product_cat-afinadores-cromaticos","10":"product_cat-afinadores-y-metronomos","11":"product_shipping_class-0-5-kg","13":"first","14":"instock","15":"taxable","16":"shipping-taxable","17":"purchasable","18":"product-type-simple"},"yoast_head":"<!-- This site is optimized with the Yoast SEO plugin v27.3 - https:\/\/yoast.com\/product\/yoast-seo-wordpress\/ -->\n<title>AFINADOR PLANET WAVE  MOD. PW-CT-17CBK - Mexican Guitar Players<\/title>\n<meta name=\"description\" content=\"Afinador para violonchelo o contrabajo, modelo Eclipse, afinaci\u00f3n r\u00e1pida y precisa, pantalla a todo color, orientaci\u00f3n vertical, apagado autom\u00e1tico y calibraci\u00f3n de pitch, dise\u00f1o discreto y compacto, puede ser montado delante o detr\u00e1s del cabezal de instrumentos diestros o zurdos.\" \/>\n<meta name=\"robots\" content=\"index, follow, max-snippet:-1, max-image-preview:large, max-video-preview:-1\" \/>\n<link rel=\"canonical\" href=\"https:\/\/www.mexicanguitarplayers.com\/en\/tienda\/sin%20categor\u00eda\/afinador-planet-wave-mod-pw-ct-17cbk\/\" \/>\n<meta property=\"og:locale\" content=\"en_US\" \/>\n<meta property=\"og:type\" content=\"article\" \/>\n<meta property=\"og:title\" content=\"AFINADOR PLANET WAVE  MOD. PW-CT-17CBK - Mexican Guitar Players\" \/>\n<meta property=\"og:description\" content=\"Afinador para violonchelo o contrabajo, modelo Eclipse, afinaci\u00f3n r\u00e1pida y precisa, pantalla a todo color, orientaci\u00f3n vertical, apagado autom\u00e1tico y calibraci\u00f3n de pitch, dise\u00f1o discreto y compacto, puede ser montado delante o detr\u00e1s del cabezal de instrumentos diestros o zurdos.\" \/>\n<meta property=\"og:url\" content=\"https:\/\/www.mexicanguitarplayers.com\/en\/tienda\/sin categor\u00eda\/afinador-planet-wave-mod-pw-ct-17cbk\/\" \/>\n<meta property=\"og:site_name\" content=\"Mexican Guitar Players\" \/>\n<meta property=\"article:modified_time\" content=\"2026-02-18T01:16:53+00:00\" \/>\n<meta name=\"twitter:card\" content=\"summary_large_image\" \/>\n<meta name=\"twitter:label1\" content=\"Est. reading time\" \/>\n\t<meta name=\"twitter:data1\" content=\"1 minute\" \/>\n<script type=\"application\/ld+json\" class=\"yoast-schema-graph\">{\"@context\":\"https:\\\/\\\/schema.org\",\"@graph\":[{\"@type\":[\"WebPage\",\"ItemPage\"],\"@id\":\"https:\\\/\\\/www.mexicanguitarplayers.com\\\/tienda\\\/sin categor\u00eda\\\/afinador-planet-wave-mod-pw-ct-17cbk\\\/\",\"url\":\"https:\\\/\\\/www.mexicanguitarplayers.com\\\/tienda\\\/sin categor\u00eda\\\/afinador-planet-wave-mod-pw-ct-17cbk\\\/\",\"name\":\"AFINADOR PLANET WAVE MOD. PW-CT-17CBK - Mexican Guitar Players\",\"isPartOf\":{\"@id\":\"https:\\\/\\\/www.mexicanguitarplayers.com\\\/#website\"},\"primaryImageOfPage\":{\"@id\":\"https:\\\/\\\/www.mexicanguitarplayers.com\\\/tienda\\\/sin categor\u00eda\\\/afinador-planet-wave-mod-pw-ct-17cbk\\\/#primaryimage\"},\"image\":{\"@id\":\"https:\\\/\\\/www.mexicanguitarplayers.com\\\/tienda\\\/sin categor\u00eda\\\/afinador-planet-wave-mod-pw-ct-17cbk\\\/#primaryimage\"},\"thumbnailUrl\":\"https:\\\/\\\/www.mexicanguitarplayers.com\\\/wp-content\\\/uploads\\\/2025\\\/04\\\/RAPWAPWCT17CBK.jpg\",\"datePublished\":\"2025-04-08T14:20:18+00:00\",\"dateModified\":\"2026-02-18T01:16:53+00:00\",\"description\":\"Afinador para violonchelo o contrabajo, modelo Eclipse, afinaci\u00f3n r\u00e1pida y precisa, pantalla a todo color, orientaci\u00f3n vertical, apagado autom\u00e1tico y calibraci\u00f3n de pitch, dise\u00f1o discreto y compacto, puede ser montado delante o detr\u00e1s del cabezal de instrumentos diestros o zurdos.\",\"breadcrumb\":{\"@id\":\"https:\\\/\\\/www.mexicanguitarplayers.com\\\/tienda\\\/sin categor\u00eda\\\/afinador-planet-wave-mod-pw-ct-17cbk\\\/#breadcrumb\"},\"inLanguage\":\"en-US\",\"potentialAction\":[{\"@type\":\"ReadAction\",\"target\":[\"https:\\\/\\\/www.mexicanguitarplayers.com\\\/tienda\\\/sin categor\u00eda\\\/afinador-planet-wave-mod-pw-ct-17cbk\\\/\"]}]},{\"@type\":\"ImageObject\",\"inLanguage\":\"en-US\",\"@id\":\"https:\\\/\\\/www.mexicanguitarplayers.com\\\/tienda\\\/sin categor\u00eda\\\/afinador-planet-wave-mod-pw-ct-17cbk\\\/#primaryimage\",\"url\":\"https:\\\/\\\/www.mexicanguitarplayers.com\\\/wp-content\\\/uploads\\\/2025\\\/04\\\/RAPWAPWCT17CBK.jpg\",\"contentUrl\":\"https:\\\/\\\/www.mexicanguitarplayers.com\\\/wp-content\\\/uploads\\\/2025\\\/04\\\/RAPWAPWCT17CBK.jpg\",\"width\":1200,\"height\":1200},{\"@type\":\"BreadcrumbList\",\"@id\":\"https:\\\/\\\/www.mexicanguitarplayers.com\\\/tienda\\\/sin categor\u00eda\\\/afinador-planet-wave-mod-pw-ct-17cbk\\\/#breadcrumb\",\"itemListElement\":[{\"@type\":\"ListItem\",\"position\":1,\"name\":\"Portada\",\"item\":\"https:\\\/\\\/www.mexicanguitarplayers.com\\\/\"},{\"@type\":\"ListItem\",\"position\":2,\"name\":\"Tienda\",\"item\":\"https:\\\/\\\/www.mexicanguitarplayers.com\\\/tienda\\\/\"},{\"@type\":\"ListItem\",\"position\":3,\"name\":\"AFINADOR PLANET WAVE MOD. PW-CT-17CBK\"}]},{\"@type\":\"WebSite\",\"@id\":\"https:\\\/\\\/www.mexicanguitarplayers.com\\\/#website\",\"url\":\"https:\\\/\\\/www.mexicanguitarplayers.com\\\/\",\"name\":\"Mexican Guitar Players\",\"description\":\"Website\",\"publisher\":{\"@id\":\"https:\\\/\\\/www.mexicanguitarplayers.com\\\/#organization\"},\"potentialAction\":[{\"@type\":\"SearchAction\",\"target\":{\"@type\":\"EntryPoint\",\"urlTemplate\":\"https:\\\/\\\/www.mexicanguitarplayers.com\\\/?s={search_term_string}\"},\"query-input\":{\"@type\":\"PropertyValueSpecification\",\"valueRequired\":true,\"valueName\":\"search_term_string\"}}],\"inLanguage\":\"en-US\"},{\"@type\":\"Organization\",\"@id\":\"https:\\\/\\\/www.mexicanguitarplayers.com\\\/#organization\",\"name\":\"Mexican Guitar Players\",\"url\":\"https:\\\/\\\/www.mexicanguitarplayers.com\\\/\",\"logo\":{\"@type\":\"ImageObject\",\"inLanguage\":\"en-US\",\"@id\":\"https:\\\/\\\/www.mexicanguitarplayers.com\\\/#\\\/schema\\\/logo\\\/image\\\/\",\"url\":\"\",\"contentUrl\":\"\",\"caption\":\"Mexican Guitar Players\"},\"image\":{\"@id\":\"https:\\\/\\\/www.mexicanguitarplayers.com\\\/#\\\/schema\\\/logo\\\/image\\\/\"}}]}<\/script>\n<!-- \/ Yoast SEO plugin. -->","yoast_head_json":{"title":"AFINADOR PLANET WAVE  MOD. PW-CT-17CBK - Mexican Guitar Players","description":"Afinador para violonchelo o contrabajo, modelo Eclipse, afinaci\u00f3n r\u00e1pida y precisa, pantalla a todo color, orientaci\u00f3n vertical, apagado autom\u00e1tico y calibraci\u00f3n de pitch, dise\u00f1o discreto y compacto, puede ser montado delante o detr\u00e1s del cabezal de instrumentos diestros o zurdos.","robots":{"index":"index","follow":"follow","max-snippet":"max-snippet:-1","max-image-preview":"max-image-preview:large","max-video-preview":"max-video-preview:-1"},"canonical":"https:\/\/www.mexicanguitarplayers.com\/en\/tienda\/sin categor\u00eda\/afinador-planet-wave-mod-pw-ct-17cbk\/","og_locale":"en_US","og_type":"article","og_title":"AFINADOR PLANET WAVE  MOD. PW-CT-17CBK - Mexican Guitar Players","og_description":"Afinador para violonchelo o contrabajo, modelo Eclipse, afinaci\u00f3n r\u00e1pida y precisa, pantalla a todo color, orientaci\u00f3n vertical, apagado autom\u00e1tico y calibraci\u00f3n de pitch, dise\u00f1o discreto y compacto, puede ser montado delante o detr\u00e1s del cabezal de instrumentos diestros o zurdos.","og_url":"https:\/\/www.mexicanguitarplayers.com\/en\/tienda\/sin categor\u00eda\/afinador-planet-wave-mod-pw-ct-17cbk\/","og_site_name":"Mexican Guitar Players","article_modified_time":"2026-02-18T01:16:53+00:00","twitter_card":"summary_large_image","twitter_misc":{"Est. reading time":"1 minute"},"schema":{"@context":"https:\/\/schema.org","@graph":[{"@type":["WebPage","ItemPage"],"@id":"https:\/\/www.mexicanguitarplayers.com\/tienda\/sin categor\u00eda\/afinador-planet-wave-mod-pw-ct-17cbk\/","url":"https:\/\/www.mexicanguitarplayers.com\/tienda\/sin categor\u00eda\/afinador-planet-wave-mod-pw-ct-17cbk\/","name":"AFINADOR PLANET WAVE MOD. PW-CT-17CBK - Mexican Guitar Players","isPartOf":{"@id":"https:\/\/www.mexicanguitarplayers.com\/#website"},"primaryImageOfPage":{"@id":"https:\/\/www.mexicanguitarplayers.com\/tienda\/sin categor\u00eda\/afinador-planet-wave-mod-pw-ct-17cbk\/#primaryimage"},"image":{"@id":"https:\/\/www.mexicanguitarplayers.com\/tienda\/sin categor\u00eda\/afinador-planet-wave-mod-pw-ct-17cbk\/#primaryimage"},"thumbnailUrl":"https:\/\/www.mexicanguitarplayers.com\/wp-content\/uploads\/2025\/04\/RAPWAPWCT17CBK.jpg","datePublished":"2025-04-08T14:20:18+00:00","dateModified":"2026-02-18T01:16:53+00:00","description":"Afinador para violonchelo o contrabajo, modelo Eclipse, afinaci\u00f3n r\u00e1pida y precisa, pantalla a todo color, orientaci\u00f3n vertical, apagado autom\u00e1tico y calibraci\u00f3n de pitch, dise\u00f1o discreto y compacto, puede ser montado delante o detr\u00e1s del cabezal de instrumentos diestros o zurdos.","breadcrumb":{"@id":"https:\/\/www.mexicanguitarplayers.com\/tienda\/sin categor\u00eda\/afinador-planet-wave-mod-pw-ct-17cbk\/#breadcrumb"},"inLanguage":"en-US","potentialAction":[{"@type":"ReadAction","target":["https:\/\/www.mexicanguitarplayers.com\/tienda\/sin categor\u00eda\/afinador-planet-wave-mod-pw-ct-17cbk\/"]}]},{"@type":"ImageObject","inLanguage":"en-US","@id":"https:\/\/www.mexicanguitarplayers.com\/tienda\/sin categor\u00eda\/afinador-planet-wave-mod-pw-ct-17cbk\/#primaryimage","url":"https:\/\/www.mexicanguitarplayers.com\/wp-content\/uploads\/2025\/04\/RAPWAPWCT17CBK.jpg","contentUrl":"https:\/\/www.mexicanguitarplayers.com\/wp-content\/uploads\/2025\/04\/RAPWAPWCT17CBK.jpg","width":1200,"height":1200},{"@type":"BreadcrumbList","@id":"https:\/\/www.mexicanguitarplayers.com\/tienda\/sin categor\u00eda\/afinador-planet-wave-mod-pw-ct-17cbk\/#breadcrumb","itemListElement":[{"@type":"ListItem","position":1,"name":"Portada","item":"https:\/\/www.mexicanguitarplayers.com\/"},{"@type":"ListItem","position":2,"name":"Tienda","item":"https:\/\/www.mexicanguitarplayers.com\/tienda\/"},{"@type":"ListItem","position":3,"name":"AFINADOR PLANET WAVE MOD. PW-CT-17CBK"}]},{"@type":"WebSite","@id":"https:\/\/www.mexicanguitarplayers.com\/#website","url":"https:\/\/www.mexicanguitarplayers.com\/","name":"Mexican Guitar Players","description":"Website","publisher":{"@id":"https:\/\/www.mexicanguitarplayers.com\/#organization"},"potentialAction":[{"@type":"SearchAction","target":{"@type":"EntryPoint","urlTemplate":"https:\/\/www.mexicanguitarplayers.com\/?s={search_term_string}"},"query-input":{"@type":"PropertyValueSpecification","valueRequired":true,"valueName":"search_term_string"}}],"inLanguage":"en-US"},{"@type":"Organization","@id":"https:\/\/www.mexicanguitarplayers.com\/#organization","name":"Mexican Guitar Players","url":"https:\/\/www.mexicanguitarplayers.com\/","logo":{"@type":"ImageObject","inLanguage":"en-US","@id":"https:\/\/www.mexicanguitarplayers.com\/#\/schema\/logo\/image\/","url":"","contentUrl":"","caption":"Mexican Guitar Players"},"image":{"@id":"https:\/\/www.mexicanguitarplayers.com\/#\/schema\/logo\/image\/"}}]}},"brands":[{"id":604,"name":"PLANET WAVES","slug":"planet-waves"}],"_links":{"self":[{"href":"https:\/\/www.mexicanguitarplayers.com\/en\/wp-json\/wp\/v2\/product\/28030","targetHints":{"allow":["GET"]}}],"collection":[{"href":"https:\/\/www.mexicanguitarplayers.com\/en\/wp-json\/wp\/v2\/product"}],"about":[{"href":"https:\/\/www.mexicanguitarplayers.com\/en\/wp-json\/wp\/v2\/types\/product"}],"replies":[{"embeddable":true,"href":"https:\/\/www.mexicanguitarplayers.com\/en\/wp-json\/wp\/v2\/comments?post=28030"}],"wp:featuredmedia":[{"embeddable":true,"href":"https:\/\/www.mexicanguitarplayers.com\/en\/wp-json\/wp\/v2\/media\/28027"}],"wp:attachment":[{"href":"https:\/\/www.mexicanguitarplayers.com\/en\/wp-json\/wp\/v2\/media?parent=28030"}],"wp:term":[{"taxonomy":"pwb-brand","embeddable":true,"href":"https:\/\/www.mexicanguitarplayers.com\/en\/wp-json\/wp\/v2\/pwb-brand?post=28030"},{"taxonomy":"product_brand","embeddable":true,"href":"https:\/\/www.mexicanguitarplayers.com\/en\/wp-json\/wp\/v2\/product_brand?post=28030"},{"taxonomy":"product_cat","embeddable":true,"href":"https:\/\/www.mexicanguitarplayers.com\/en\/wp-json\/wp\/v2\/product_cat?post=28030"},{"taxonomy":"product_tag","embeddable":true,"href":"https:\/\/www.mexicanguitarplayers.com\/en\/wp-json\/wp\/v2\/product_tag?post=28030"}],"curies":[{"name":"wp","href":"https:\/\/api.w.org\/{rel}","templated":true}]}}