{"id":28057,"date":"2025-04-08T08:20:53","date_gmt":"2025-04-08T14:20:53","guid":{"rendered":"https:\/\/www.mexicanguitarplayers.com\/tienda\/sin categor\u00eda\/bateria-new-beat-digital-nb-edk200usb\/"},"modified":"2026-05-04T04:15:12","modified_gmt":"2026-05-04T10:15:12","slug":"bateria-new-beat-digital-nb-edk200usb","status":"publish","type":"product","link":"https:\/\/www.mexicanguitarplayers.com\/en\/tienda\/percusiones\/baterias\/baterias-electronicas\/bateria-new-beat-digital-nb-edk200usb\/","title":{"rendered":"BATERIA NEW BEAT DIGITAL    NB-EDK200USB"},"content":{"rendered":"<div style=\"text-align: justify\">\n<div>\n<h3>Una nueva generaci\u00f3n de bater\u00edas electr\u00f3nicas.<\/h3>\n<\/div>\n<div>New Beat ha desarrollado una nueva serie de bater\u00edas electr\u00f3nicas de alta calidad, tomando en cuenta la gran importancia de la calidad e innovaci\u00f3n en nuestros productos. Nuestras bater\u00edas electr\u00f3nicas son diferentes en comparaci\u00f3n con otras bater\u00edas en el mercado, tienen un sistema de sensor sin contacto que se fija en la parte inferior del tambor en lugar de instalarse junto al parche. Este sistema proporciona un sonido ecualizado de alta velocidad y una respuesta m\u00e1s precisa al baqueteo. Con la construcci\u00f3n \u00fanica de parches de malla, la elasticidad del parche est\u00e1 m\u00e1s cerca de sentirse como un tambor ac\u00fastico y su rango din\u00e1mico es tambi\u00e9n mucho m\u00e1s amplio que otros.<\/div>\n<div>\n<h4>Quick look<\/h4>\n<\/div>\n<ul style=\"margin: 0px 0px 0px 25px\">\n<li style=\"list-style-type: circle;margin: 5px\">M\u00f3dulo.<\/li>\n<li style=\"list-style-type: circle;margin: 5px\">Tarola.<\/li>\n<li style=\"list-style-type: circle;margin: 5px\">Toms.<\/li>\n<li style=\"list-style-type: circle;margin: 5px\">Bombo.<\/li>\n<li style=\"list-style-type: circle;margin: 5px\">Hi-Hats.<\/li>\n<li style=\"list-style-type: circle;margin: 5px\">Platillos.<\/li>\n<li style=\"list-style-type: circle;margin: 5px\">sounds.<\/li>\n<li style=\"list-style-type: circle;margin: 5px\">Drum kits.<\/li>\n<li style=\"list-style-type: circle;margin: 5px\">Ajustes.<\/li>\n<li style=\"list-style-type: circle;margin: 5px\">Grabaci\u00f3n y reproducci\u00f3n.<\/li>\n<li style=\"list-style-type: circle;margin: 5px\">MIDI-USB.<\/li>\n<li style=\"list-style-type: circle;margin: 5px\">Canciones.<\/li>\n<li style=\"list-style-type: circle;margin: 5px\">Metr\u00f3nomo.<\/li>\n<\/ul>\n<div>\n<div style=\"font-weight: bold\">M\u00f3dulo.<\/div>\n<div>\n<p>SM-110.<\/p>\n<\/div>\n<div style=\"font-weight: bold\">Tarola.<\/div>\n<div>\n<p>8&#8243; pulgadas con parche de malla.<\/p>\n<\/div>\n<div style=\"font-weight: bold\">Toms.<\/div>\n<div>\n<p>3 toms de 7.5&#8243; pulgadas con parches de malla.<\/p>\n<\/div>\n<div style=\"font-weight: bold\">Bombo.<\/div>\n<div>\n<p>Pad de bombo de 7.5&#8243; pulgadas. Pedal controlador de bombo.<\/p>\n<\/div>\n<div style=\"font-weight: bold\">Hi-Hats.<\/div>\n<div>\n<p>Pad de hihats de 10&#8243; pulgadas. Pedal controlador de hihats.<\/p>\n<\/div>\n<div style=\"font-weight: bold\">Platillos.<\/div>\n<div>\n<p>2 pads de platillo de 10&#8243; pulgadas.<\/p>\n<\/div>\n<div style=\"font-weight: bold\">sounds.<\/div>\n<div>\n<p>227 sonidos.<\/p>\n<\/div>\n<div style=\"font-weight: bold\">Drum kits.<\/div>\n<div>\n<p>15 drum kits.<\/p>\n<\/div>\n<div style=\"font-weight: bold\">Ajustes.<\/div>\n<div>\n<p>Puedes ajustar el volumen de cada tambor y platillo, par\u00e1metros MIDI y ajustes de trigger.<\/p>\n<\/div>\n<div style=\"font-weight: bold\">Grabaci\u00f3n y reproducci\u00f3n.<\/div>\n<div>\n<p>Soporte para grabaci\u00f3n, reproducci\u00f3n y loop.<\/p>\n<\/div>\n<div style=\"font-weight: bold\">MIDI-USB.<\/div>\n<div>\n<p>Soporta MIDI USB.<\/p>\n<\/div>\n<div style=\"font-weight: bold\">Canciones.<\/div>\n<div>\n<p>Incluye 15 canciones de acompa\u00f1amiento por defecto.<\/p>\n<\/div>\n<div style=\"font-weight: bold\">Metr\u00f3nomo.<\/div>\n<div>\n<p>Incluye asistente de metr\u00f3nomo que te har\u00e1 un maestro del ritmo.<\/p>\n<\/div>\n<\/div>\n<\/div>","protected":false},"excerpt":{"rendered":"<p>Bater\u00eda electr\u00f3nica de 8 piezas con 227 sonidos, 15 drumsets, incluye un m\u00f3dulo SM-110, una tarola de 8\u201d pulgadas con parche de malla, 3 toms de 7.5\u201d pulgadas con parches de malla, pad de bombo de 7.5\u201d pulgadas, pedal controlador de bombo, pad de hihats de 10\u201d pulgadas con pedal controlador de hihats, 2 pads de platillo de 10\u201d pulgadas, puedes ajustar el volumen de cada tambor y platillo, par\u00e1metros MIDI y ajustes de trigger, soporte para grabaci\u00f3n, reproducci\u00f3n y loop, soporta MIDI USB, incluye 15 canciones de acompa\u00f1amiento por defecto y asistente de metr\u00f3nomo.&hellip; <a class=\"kt-excerpt-readmore more-link\" href=\"https:\/\/www.mexicanguitarplayers.com\/en\/tienda\/percusiones\/baterias\/baterias-electronicas\/bateria-new-beat-digital-nb-edk200usb\/\">Read more<\/a><\/p>","protected":false},"featured_media":28051,"comment_status":"open","ping_status":"closed","template":"","meta":{"kt_blocks_editor_width":""},"pwb-brand":[303],"product_brand":[],"product_cat":[209,262,208],"product_tag":[],"class_list":{"0":"post-28057","1":"product","2":"type-product","3":"status-publish","4":"has-post-thumbnail","6":"pwb-brand-new-beat","7":"product_cat-baterias","8":"product_cat-baterias-electronicas","9":"product_cat-percusiones","10":"product_shipping_class-20-25-kg","12":"first","13":"outofstock","14":"taxable","15":"shipping-taxable","16":"purchasable","17":"product-type-simple"},"yoast_head":"<!-- This site is optimized with the Yoast SEO plugin v27.6 - https:\/\/yoast.com\/product\/yoast-seo-wordpress\/ -->\n<title>BATERIA NEW BEAT DIGITAL  NB-EDK200USB - Mexican Guitar Players<\/title>\n<meta name=\"description\" content=\"Bater\u00eda electr\u00f3nica de 8 piezas con 227 sonidos, 15 drumsets, incluye un m\u00f3dulo SM-110, una tarola de 8\u201d pulgadas con parche de malla, 3 toms de 7.5\u201d pulgadas con parches de malla, pad de bombo de 7.5\u201d pulgadas, pedal controlador de bombo, pad de hihats de 10\u201d pulgadas con pedal controlador de hihats, 2 pads de platillo de 10\u201d pulgadas, puedes ajustar el volumen de cada tambor y platillo, par\u00e1metros MIDI y ajustes de trigger, soporte para grabaci\u00f3n, reproducci\u00f3n y loop, soporta MIDI USB, incluye 15 canciones de acompa\u00f1amiento por defecto y asistente de metr\u00f3nomo.\" \/>\n<meta name=\"robots\" content=\"index, follow, max-snippet:-1, max-image-preview:large, max-video-preview:-1\" \/>\n<link rel=\"canonical\" href=\"https:\/\/www.mexicanguitarplayers.com\/en\/tienda\/sin%20categor\u00eda\/bateria-new-beat-digital-nb-edk200usb\/\" \/>\n<meta property=\"og:locale\" content=\"en_US\" \/>\n<meta property=\"og:type\" content=\"article\" \/>\n<meta property=\"og:title\" content=\"BATERIA NEW BEAT DIGITAL  NB-EDK200USB - Mexican Guitar Players\" \/>\n<meta property=\"og:description\" content=\"Bater\u00eda electr\u00f3nica de 8 piezas con 227 sonidos, 15 drumsets, incluye un m\u00f3dulo SM-110, una tarola de 8\u201d pulgadas con parche de malla, 3 toms de 7.5\u201d pulgadas con parches de malla, pad de bombo de 7.5\u201d pulgadas, pedal controlador de bombo, pad de hihats de 10\u201d pulgadas con pedal controlador de hihats, 2 pads de platillo de 10\u201d pulgadas, puedes ajustar el volumen de cada tambor y platillo, par\u00e1metros MIDI y ajustes de trigger, soporte para grabaci\u00f3n, reproducci\u00f3n y loop, soporta MIDI USB, incluye 15 canciones de acompa\u00f1amiento por defecto y asistente de metr\u00f3nomo.\" \/>\n<meta property=\"og:url\" content=\"https:\/\/www.mexicanguitarplayers.com\/en\/tienda\/sin categor\u00eda\/bateria-new-beat-digital-nb-edk200usb\/\" \/>\n<meta property=\"og:site_name\" content=\"Mexican Guitar Players\" \/>\n<meta property=\"article:modified_time\" content=\"2026-05-04T10:15:12+00:00\" \/>\n<meta name=\"twitter:card\" content=\"summary_large_image\" \/>\n<meta name=\"twitter:label1\" content=\"Est. reading time\" \/>\n\t<meta name=\"twitter:data1\" content=\"1 minute\" \/>\n<script type=\"application\/ld+json\" class=\"yoast-schema-graph\">{\"@context\":\"https:\\\/\\\/schema.org\",\"@graph\":[{\"@type\":[\"WebPage\",\"ItemPage\"],\"@id\":\"https:\\\/\\\/www.mexicanguitarplayers.com\\\/tienda\\\/sin categor\u00eda\\\/bateria-new-beat-digital-nb-edk200usb\\\/\",\"url\":\"https:\\\/\\\/www.mexicanguitarplayers.com\\\/tienda\\\/sin categor\u00eda\\\/bateria-new-beat-digital-nb-edk200usb\\\/\",\"name\":\"BATERIA NEW BEAT DIGITAL NB-EDK200USB - Mexican Guitar Players\",\"isPartOf\":{\"@id\":\"https:\\\/\\\/www.mexicanguitarplayers.com\\\/#website\"},\"primaryImageOfPage\":{\"@id\":\"https:\\\/\\\/www.mexicanguitarplayers.com\\\/tienda\\\/sin categor\u00eda\\\/bateria-new-beat-digital-nb-edk200usb\\\/#primaryimage\"},\"image\":{\"@id\":\"https:\\\/\\\/www.mexicanguitarplayers.com\\\/tienda\\\/sin categor\u00eda\\\/bateria-new-beat-digital-nb-edk200usb\\\/#primaryimage\"},\"thumbnailUrl\":\"https:\\\/\\\/www.mexicanguitarplayers.com\\\/wp-content\\\/uploads\\\/2025\\\/04\\\/IPNEWNBEDK2USB.jpg\",\"datePublished\":\"2025-04-08T14:20:53+00:00\",\"dateModified\":\"2026-05-04T10:15:12+00:00\",\"description\":\"Bater\u00eda electr\u00f3nica de 8 piezas con 227 sonidos, 15 drumsets, incluye un m\u00f3dulo SM-110, una tarola de 8\u201d pulgadas con parche de malla, 3 toms de 7.5\u201d pulgadas con parches de malla, pad de bombo de 7.5\u201d pulgadas, pedal controlador de bombo, pad de hihats de 10\u201d pulgadas con pedal controlador de hihats, 2 pads de platillo de 10\u201d pulgadas, puedes ajustar el volumen de cada tambor y platillo, par\u00e1metros MIDI y ajustes de trigger, soporte para grabaci\u00f3n, reproducci\u00f3n y loop, soporta MIDI USB, incluye 15 canciones de acompa\u00f1amiento por defecto y asistente de metr\u00f3nomo.\",\"breadcrumb\":{\"@id\":\"https:\\\/\\\/www.mexicanguitarplayers.com\\\/tienda\\\/sin categor\u00eda\\\/bateria-new-beat-digital-nb-edk200usb\\\/#breadcrumb\"},\"inLanguage\":\"en-US\",\"potentialAction\":[{\"@type\":\"ReadAction\",\"target\":[\"https:\\\/\\\/www.mexicanguitarplayers.com\\\/tienda\\\/sin categor\u00eda\\\/bateria-new-beat-digital-nb-edk200usb\\\/\"]}]},{\"@type\":\"ImageObject\",\"inLanguage\":\"en-US\",\"@id\":\"https:\\\/\\\/www.mexicanguitarplayers.com\\\/tienda\\\/sin categor\u00eda\\\/bateria-new-beat-digital-nb-edk200usb\\\/#primaryimage\",\"url\":\"https:\\\/\\\/www.mexicanguitarplayers.com\\\/wp-content\\\/uploads\\\/2025\\\/04\\\/IPNEWNBEDK2USB.jpg\",\"contentUrl\":\"https:\\\/\\\/www.mexicanguitarplayers.com\\\/wp-content\\\/uploads\\\/2025\\\/04\\\/IPNEWNBEDK2USB.jpg\",\"width\":1200,\"height\":1200},{\"@type\":\"BreadcrumbList\",\"@id\":\"https:\\\/\\\/www.mexicanguitarplayers.com\\\/tienda\\\/sin categor\u00eda\\\/bateria-new-beat-digital-nb-edk200usb\\\/#breadcrumb\",\"itemListElement\":[{\"@type\":\"ListItem\",\"position\":1,\"name\":\"Portada\",\"item\":\"https:\\\/\\\/www.mexicanguitarplayers.com\\\/\"},{\"@type\":\"ListItem\",\"position\":2,\"name\":\"Tienda\",\"item\":\"https:\\\/\\\/www.mexicanguitarplayers.com\\\/tienda\\\/\"},{\"@type\":\"ListItem\",\"position\":3,\"name\":\"BATERIA NEW BEAT DIGITAL NB-EDK200USB\"}]},{\"@type\":\"WebSite\",\"@id\":\"https:\\\/\\\/www.mexicanguitarplayers.com\\\/#website\",\"url\":\"https:\\\/\\\/www.mexicanguitarplayers.com\\\/\",\"name\":\"Mexican Guitar Players\",\"description\":\"Website\",\"publisher\":{\"@id\":\"https:\\\/\\\/www.mexicanguitarplayers.com\\\/#organization\"},\"potentialAction\":[{\"@type\":\"SearchAction\",\"target\":{\"@type\":\"EntryPoint\",\"urlTemplate\":\"https:\\\/\\\/www.mexicanguitarplayers.com\\\/?s={search_term_string}\"},\"query-input\":{\"@type\":\"PropertyValueSpecification\",\"valueRequired\":true,\"valueName\":\"search_term_string\"}}],\"inLanguage\":\"en-US\"},{\"@type\":\"Organization\",\"@id\":\"https:\\\/\\\/www.mexicanguitarplayers.com\\\/#organization\",\"name\":\"Mexican Guitar Players\",\"url\":\"https:\\\/\\\/www.mexicanguitarplayers.com\\\/\",\"logo\":{\"@type\":\"ImageObject\",\"inLanguage\":\"en-US\",\"@id\":\"https:\\\/\\\/www.mexicanguitarplayers.com\\\/#\\\/schema\\\/logo\\\/image\\\/\",\"url\":\"\",\"contentUrl\":\"\",\"caption\":\"Mexican Guitar Players\"},\"image\":{\"@id\":\"https:\\\/\\\/www.mexicanguitarplayers.com\\\/#\\\/schema\\\/logo\\\/image\\\/\"}}]}<\/script>\n<!-- \/ Yoast SEO plugin. -->","yoast_head_json":{"title":"BATERIA NEW BEAT DIGITAL  NB-EDK200USB - Mexican Guitar Players","description":"Bater\u00eda electr\u00f3nica de 8 piezas con 227 sonidos, 15 drumsets, incluye un m\u00f3dulo SM-110, una tarola de 8\u201d pulgadas con parche de malla, 3 toms de 7.5\u201d pulgadas con parches de malla, pad de bombo de 7.5\u201d pulgadas, pedal controlador de bombo, pad de hihats de 10\u201d pulgadas con pedal controlador de hihats, 2 pads de platillo de 10\u201d pulgadas, puedes ajustar el volumen de cada tambor y platillo, par\u00e1metros MIDI y ajustes de trigger, soporte para grabaci\u00f3n, reproducci\u00f3n y loop, soporta MIDI USB, incluye 15 canciones de acompa\u00f1amiento por defecto y asistente de metr\u00f3nomo.","robots":{"index":"index","follow":"follow","max-snippet":"max-snippet:-1","max-image-preview":"max-image-preview:large","max-video-preview":"max-video-preview:-1"},"canonical":"https:\/\/www.mexicanguitarplayers.com\/en\/tienda\/sin categor\u00eda\/bateria-new-beat-digital-nb-edk200usb\/","og_locale":"en_US","og_type":"article","og_title":"BATERIA NEW BEAT DIGITAL  NB-EDK200USB - Mexican Guitar Players","og_description":"Bater\u00eda electr\u00f3nica de 8 piezas con 227 sonidos, 15 drumsets, incluye un m\u00f3dulo SM-110, una tarola de 8\u201d pulgadas con parche de malla, 3 toms de 7.5\u201d pulgadas con parches de malla, pad de bombo de 7.5\u201d pulgadas, pedal controlador de bombo, pad de hihats de 10\u201d pulgadas con pedal controlador de hihats, 2 pads de platillo de 10\u201d pulgadas, puedes ajustar el volumen de cada tambor y platillo, par\u00e1metros MIDI y ajustes de trigger, soporte para grabaci\u00f3n, reproducci\u00f3n y loop, soporta MIDI USB, incluye 15 canciones de acompa\u00f1amiento por defecto y asistente de metr\u00f3nomo.","og_url":"https:\/\/www.mexicanguitarplayers.com\/en\/tienda\/sin categor\u00eda\/bateria-new-beat-digital-nb-edk200usb\/","og_site_name":"Mexican Guitar Players","article_modified_time":"2026-05-04T10:15:12+00:00","twitter_card":"summary_large_image","twitter_misc":{"Est. reading time":"1 minute"},"schema":{"@context":"https:\/\/schema.org","@graph":[{"@type":["WebPage","ItemPage"],"@id":"https:\/\/www.mexicanguitarplayers.com\/tienda\/sin categor\u00eda\/bateria-new-beat-digital-nb-edk200usb\/","url":"https:\/\/www.mexicanguitarplayers.com\/tienda\/sin categor\u00eda\/bateria-new-beat-digital-nb-edk200usb\/","name":"BATERIA NEW BEAT DIGITAL NB-EDK200USB - Mexican Guitar Players","isPartOf":{"@id":"https:\/\/www.mexicanguitarplayers.com\/#website"},"primaryImageOfPage":{"@id":"https:\/\/www.mexicanguitarplayers.com\/tienda\/sin categor\u00eda\/bateria-new-beat-digital-nb-edk200usb\/#primaryimage"},"image":{"@id":"https:\/\/www.mexicanguitarplayers.com\/tienda\/sin categor\u00eda\/bateria-new-beat-digital-nb-edk200usb\/#primaryimage"},"thumbnailUrl":"https:\/\/www.mexicanguitarplayers.com\/wp-content\/uploads\/2025\/04\/IPNEWNBEDK2USB.jpg","datePublished":"2025-04-08T14:20:53+00:00","dateModified":"2026-05-04T10:15:12+00:00","description":"Bater\u00eda electr\u00f3nica de 8 piezas con 227 sonidos, 15 drumsets, incluye un m\u00f3dulo SM-110, una tarola de 8\u201d pulgadas con parche de malla, 3 toms de 7.5\u201d pulgadas con parches de malla, pad de bombo de 7.5\u201d pulgadas, pedal controlador de bombo, pad de hihats de 10\u201d pulgadas con pedal controlador de hihats, 2 pads de platillo de 10\u201d pulgadas, puedes ajustar el volumen de cada tambor y platillo, par\u00e1metros MIDI y ajustes de trigger, soporte para grabaci\u00f3n, reproducci\u00f3n y loop, soporta MIDI USB, incluye 15 canciones de acompa\u00f1amiento por defecto y asistente de metr\u00f3nomo.","breadcrumb":{"@id":"https:\/\/www.mexicanguitarplayers.com\/tienda\/sin categor\u00eda\/bateria-new-beat-digital-nb-edk200usb\/#breadcrumb"},"inLanguage":"en-US","potentialAction":[{"@type":"ReadAction","target":["https:\/\/www.mexicanguitarplayers.com\/tienda\/sin categor\u00eda\/bateria-new-beat-digital-nb-edk200usb\/"]}]},{"@type":"ImageObject","inLanguage":"en-US","@id":"https:\/\/www.mexicanguitarplayers.com\/tienda\/sin categor\u00eda\/bateria-new-beat-digital-nb-edk200usb\/#primaryimage","url":"https:\/\/www.mexicanguitarplayers.com\/wp-content\/uploads\/2025\/04\/IPNEWNBEDK2USB.jpg","contentUrl":"https:\/\/www.mexicanguitarplayers.com\/wp-content\/uploads\/2025\/04\/IPNEWNBEDK2USB.jpg","width":1200,"height":1200},{"@type":"BreadcrumbList","@id":"https:\/\/www.mexicanguitarplayers.com\/tienda\/sin categor\u00eda\/bateria-new-beat-digital-nb-edk200usb\/#breadcrumb","itemListElement":[{"@type":"ListItem","position":1,"name":"Portada","item":"https:\/\/www.mexicanguitarplayers.com\/"},{"@type":"ListItem","position":2,"name":"Tienda","item":"https:\/\/www.mexicanguitarplayers.com\/tienda\/"},{"@type":"ListItem","position":3,"name":"BATERIA NEW BEAT DIGITAL NB-EDK200USB"}]},{"@type":"WebSite","@id":"https:\/\/www.mexicanguitarplayers.com\/#website","url":"https:\/\/www.mexicanguitarplayers.com\/","name":"Mexican Guitar Players","description":"Website","publisher":{"@id":"https:\/\/www.mexicanguitarplayers.com\/#organization"},"potentialAction":[{"@type":"SearchAction","target":{"@type":"EntryPoint","urlTemplate":"https:\/\/www.mexicanguitarplayers.com\/?s={search_term_string}"},"query-input":{"@type":"PropertyValueSpecification","valueRequired":true,"valueName":"search_term_string"}}],"inLanguage":"en-US"},{"@type":"Organization","@id":"https:\/\/www.mexicanguitarplayers.com\/#organization","name":"Mexican Guitar Players","url":"https:\/\/www.mexicanguitarplayers.com\/","logo":{"@type":"ImageObject","inLanguage":"en-US","@id":"https:\/\/www.mexicanguitarplayers.com\/#\/schema\/logo\/image\/","url":"","contentUrl":"","caption":"Mexican Guitar Players"},"image":{"@id":"https:\/\/www.mexicanguitarplayers.com\/#\/schema\/logo\/image\/"}}]}},"brands":[{"id":303,"name":"NEW BEAT","slug":"new-beat"}],"_links":{"self":[{"href":"https:\/\/www.mexicanguitarplayers.com\/en\/wp-json\/wp\/v2\/product\/28057","targetHints":{"allow":["GET"]}}],"collection":[{"href":"https:\/\/www.mexicanguitarplayers.com\/en\/wp-json\/wp\/v2\/product"}],"about":[{"href":"https:\/\/www.mexicanguitarplayers.com\/en\/wp-json\/wp\/v2\/types\/product"}],"replies":[{"embeddable":true,"href":"https:\/\/www.mexicanguitarplayers.com\/en\/wp-json\/wp\/v2\/comments?post=28057"}],"wp:featuredmedia":[{"embeddable":true,"href":"https:\/\/www.mexicanguitarplayers.com\/en\/wp-json\/wp\/v2\/media\/28051"}],"wp:attachment":[{"href":"https:\/\/www.mexicanguitarplayers.com\/en\/wp-json\/wp\/v2\/media?parent=28057"}],"wp:term":[{"taxonomy":"pwb-brand","embeddable":true,"href":"https:\/\/www.mexicanguitarplayers.com\/en\/wp-json\/wp\/v2\/pwb-brand?post=28057"},{"taxonomy":"product_brand","embeddable":true,"href":"https:\/\/www.mexicanguitarplayers.com\/en\/wp-json\/wp\/v2\/product_brand?post=28057"},{"taxonomy":"product_cat","embeddable":true,"href":"https:\/\/www.mexicanguitarplayers.com\/en\/wp-json\/wp\/v2\/product_cat?post=28057"},{"taxonomy":"product_tag","embeddable":true,"href":"https:\/\/www.mexicanguitarplayers.com\/en\/wp-json\/wp\/v2\/product_tag?post=28057"}],"curies":[{"name":"wp","href":"https:\/\/api.w.org\/{rel}","templated":true}]}}