{"id":28151,"date":"2025-04-08T08:22:41","date_gmt":"2025-04-08T14:22:41","guid":{"rendered":"https:\/\/www.mexicanguitarplayers.com\/tienda\/sin categor\u00eda\/distribuidor-behringer-senal-mod-ds2800\/"},"modified":"2026-05-13T10:15:05","modified_gmt":"2026-05-13T16:15:05","slug":"distribuidor-behringer-senal-mod-ds2800","status":"publish","type":"product","link":"https:\/\/www.mexicanguitarplayers.com\/en\/tienda\/audio\/procesadores\/distribuidor-behringer-senal-mod-ds2800\/","title":{"rendered":"DISTRIBUIDOR BEHRINGER SE\u00d1AL MOD. DS2800"},"content":{"rendered":"<div style=\"text-align: justify\">\n<div>\n<h3>La mejor forma de manejar tu sistema de sonido comercial.<\/h3>\n<\/div>\n<div>Cuando se trata de proporcionar distribuci\u00f3n de se\u00f1al en aplicaciones de audio comercial, el divisor de distribuci\u00f3n DS2800 Professional de 2 entradas y 8 salidas es el l\u00edder en su clase. Extremadamente flexible y f\u00e1cil de usar, el DS2800 presenta dos modos de operaci\u00f3n que te permiten enviar 2 se\u00f1ales de audio a 4 zonas separadas o una sola se\u00f1al a un m\u00e1ximo de 8. Este nivel de versatilidad hace que el DS2800 sea la elecci\u00f3n ideal para una amplia gama de aplicaciones que, incluye desde estudios de grabaci\u00f3n hasta tiendas, restaurantes y m\u00e1s. Modo de operaci\u00f3n dual. En el estudio de grabaci\u00f3n, las opciones de monitoreo son cruciales tanto para los m\u00fasicos como para los ingenieros, por lo que el modo de 2 entradas y 4 salidas permite de forma f\u00e1cil cambiar entre varios sistemas de altavoces y aud\u00edfonos. Para aplicaciones tales como restaurantes, y similares, la ejecuci\u00f3n de zonas separadas te permite establecer niveles de volumen individuales para adaptarte mejor a las necesidades de tus clientes. El switch de selecci\u00f3n se encuentra en el panel posterior y los indicadores LED en el frente te permiten saber qu\u00e9 modo se ha seleccionado. Ruido ultra bajo. Las entradas de l\u00ednea XLR de DS2800 cuentan con amplificadores operacionales con nivel de ruido ultra para el m\u00e1ximo rendimiento pr\u00edstino de sonido. Adem\u00e1s de las entradas, se proporcionan jacks Link Output XLR para la conexi\u00f3n en cascada de dispositivos DS2800 adicionales, por lo que tu sistema puede crecer a medida que tus necesidades vayan cambiando. Todos los conectores XLR de entrada y salida est\u00e1n chapados en oro para la una integridad m\u00e1s alta de la se\u00f1al. 8 salidas. Cada una de las 8 salidas del DS2800 viene con su propio control de nivel y medidor LED de 5 segmentos, por lo que puedes ver si hay se\u00f1al presente e instant\u00e1neamente ajustar el volumen ideal para cada zona sin el menor indicio de distorsi\u00f3n. El DS2800 hace que sea m\u00e1s sencillo dar seguimiento a lo que est\u00e1 sucediendo a lo largo de tu sistema en un solo vistazo.<\/div>\n<div>\n<h4>Characteristics<\/h4>\n<\/div>\n<div>\n<ul style=\"margin: 0px 0px 0px 25px\">\n<li style=\"list-style-type: circle;margin: 5px\">Splitter de distribuci\u00f3n profesional.<\/li>\n<li style=\"list-style-type: circle;margin: 5px\">2 entradas y 8 salidas.<\/li>\n<li style=\"list-style-type: circle;margin: 5px\">Ideal para audio comercial.<\/li>\n<li style=\"list-style-type: circle;margin: 5px\">Operaci\u00f3n en modo dual (2 In \/ 4 Out o 1 In \/ 8 Out).<\/li>\n<li style=\"list-style-type: circle;margin: 5px\">2 entradas de l\u00ednea de ruido ultra bajo.<\/li>\n<li style=\"list-style-type: circle;margin: 5px\">8 canales de salida cada uno con control de nivel independiente.<\/li>\n<li style=\"list-style-type: circle;margin: 5px\">Medidores LED de 5 segmentos en cada salida.<\/li>\n<li style=\"list-style-type: circle;margin: 5px\">Fuente de alimentaci\u00f3n conmutada interna.<\/li>\n<\/ul>\n<\/div>\n<\/div>","protected":false},"excerpt":{"rendered":"<p>Distribuidor de se\u00f1al de 2 entradas y 8 salidas, ultra flexible y f\u00e1cil de usar, ideal para aplicaciones de audio comercial, operaci\u00f3n en modo dual (2 In \/ 4 Out o 1 In \/ 8 Out), 2 entradas de l\u00ednea de ruido ultra bajo con conectores de salida link por separado, 8 canales de salida cada uno con control de nivel independiente, medidores LED de 5 segmentos en cada salida que indican se\u00f1al de actividad, entradas y salidas servo-balanceadas con conectores XLR dorados, fuente de alimentaci\u00f3n conmutada interna (100-240V) para audio sin ruido y bajo consumo de energ\u00eda.&hellip; <a class=\"kt-excerpt-readmore more-link\" href=\"https:\/\/www.mexicanguitarplayers.com\/en\/tienda\/audio\/procesadores\/distribuidor-behringer-senal-mod-ds2800\/\">Read more<\/a><\/p>","protected":false},"featured_media":28147,"comment_status":"open","ping_status":"closed","template":"","meta":{"kt_blocks_editor_width":""},"pwb-brand":[171],"product_brand":[],"product_cat":[213,493],"product_tag":[],"class_list":{"0":"post-28151","1":"product","2":"type-product","3":"status-publish","4":"has-post-thumbnail","6":"pwb-brand-behringer","7":"product_cat-audio","8":"product_cat-procesadores","9":"product_shipping_class-0-5-kg","11":"first","12":"outofstock","13":"taxable","14":"shipping-taxable","15":"purchasable","16":"product-type-simple"},"yoast_head":"<!-- This site is optimized with the Yoast SEO plugin v27.6 - https:\/\/yoast.com\/product\/yoast-seo-wordpress\/ -->\n<title>DISTRIBUIDOR BEHRINGER SE\u00d1AL MOD. DS2800 - Mexican Guitar Players<\/title>\n<meta name=\"description\" content=\"Distribuidor de se\u00f1al de 2 entradas y 8 salidas, ultra flexible y f\u00e1cil de usar, ideal para aplicaciones de audio comercial, operaci\u00f3n en modo dual (2 In \/ 4 Out o 1 In \/ 8 Out), 2 entradas de l\u00ednea de ruido ultra bajo con conectores de salida link por separado, 8 canales de salida cada uno con control de nivel independiente, medidores LED de 5 segmentos en cada salida que indican se\u00f1al de actividad, entradas y salidas servo-balanceadas con conectores XLR dorados, fuente de alimentaci\u00f3n conmutada interna (100-240V) para audio sin ruido y bajo consumo de energ\u00eda.\" \/>\n<meta name=\"robots\" content=\"index, follow, max-snippet:-1, max-image-preview:large, max-video-preview:-1\" \/>\n<link rel=\"canonical\" href=\"https:\/\/www.mexicanguitarplayers.com\/en\/tienda\/sin%20categor\u00eda\/distribuidor-behringer-senal-mod-ds2800\/\" \/>\n<meta property=\"og:locale\" content=\"en_US\" \/>\n<meta property=\"og:type\" content=\"article\" \/>\n<meta property=\"og:title\" content=\"DISTRIBUIDOR BEHRINGER SE\u00d1AL MOD. DS2800 - Mexican Guitar Players\" \/>\n<meta property=\"og:description\" content=\"Distribuidor de se\u00f1al de 2 entradas y 8 salidas, ultra flexible y f\u00e1cil de usar, ideal para aplicaciones de audio comercial, operaci\u00f3n en modo dual (2 In \/ 4 Out o 1 In \/ 8 Out), 2 entradas de l\u00ednea de ruido ultra bajo con conectores de salida link por separado, 8 canales de salida cada uno con control de nivel independiente, medidores LED de 5 segmentos en cada salida que indican se\u00f1al de actividad, entradas y salidas servo-balanceadas con conectores XLR dorados, fuente de alimentaci\u00f3n conmutada interna (100-240V) para audio sin ruido y bajo consumo de energ\u00eda.\" \/>\n<meta property=\"og:url\" content=\"https:\/\/www.mexicanguitarplayers.com\/en\/tienda\/sin categor\u00eda\/distribuidor-behringer-senal-mod-ds2800\/\" \/>\n<meta property=\"og:site_name\" content=\"Mexican Guitar Players\" \/>\n<meta property=\"article:modified_time\" content=\"2026-05-13T16:15:05+00:00\" \/>\n<meta name=\"twitter:card\" content=\"summary_large_image\" \/>\n<meta name=\"twitter:label1\" content=\"Est. reading time\" \/>\n\t<meta name=\"twitter:data1\" content=\"2 minutes\" \/>\n<script type=\"application\/ld+json\" class=\"yoast-schema-graph\">{\"@context\":\"https:\\\/\\\/schema.org\",\"@graph\":[{\"@type\":[\"WebPage\",\"ItemPage\"],\"@id\":\"https:\\\/\\\/www.mexicanguitarplayers.com\\\/tienda\\\/sin categor\u00eda\\\/distribuidor-behringer-senal-mod-ds2800\\\/\",\"url\":\"https:\\\/\\\/www.mexicanguitarplayers.com\\\/tienda\\\/sin categor\u00eda\\\/distribuidor-behringer-senal-mod-ds2800\\\/\",\"name\":\"DISTRIBUIDOR BEHRINGER SE\u00d1AL MOD. DS2800 - Mexican Guitar Players\",\"isPartOf\":{\"@id\":\"https:\\\/\\\/www.mexicanguitarplayers.com\\\/#website\"},\"primaryImageOfPage\":{\"@id\":\"https:\\\/\\\/www.mexicanguitarplayers.com\\\/tienda\\\/sin categor\u00eda\\\/distribuidor-behringer-senal-mod-ds2800\\\/#primaryimage\"},\"image\":{\"@id\":\"https:\\\/\\\/www.mexicanguitarplayers.com\\\/tienda\\\/sin categor\u00eda\\\/distribuidor-behringer-senal-mod-ds2800\\\/#primaryimage\"},\"thumbnailUrl\":\"https:\\\/\\\/www.mexicanguitarplayers.com\\\/wp-content\\\/uploads\\\/2025\\\/04\\\/IABEHDS2800.jpg\",\"datePublished\":\"2025-04-08T14:22:41+00:00\",\"dateModified\":\"2026-05-13T16:15:05+00:00\",\"description\":\"Distribuidor de se\u00f1al de 2 entradas y 8 salidas, ultra flexible y f\u00e1cil de usar, ideal para aplicaciones de audio comercial, operaci\u00f3n en modo dual (2 In \\\/ 4 Out o 1 In \\\/ 8 Out), 2 entradas de l\u00ednea de ruido ultra bajo con conectores de salida link por separado, 8 canales de salida cada uno con control de nivel independiente, medidores LED de 5 segmentos en cada salida que indican se\u00f1al de actividad, entradas y salidas servo-balanceadas con conectores XLR dorados, fuente de alimentaci\u00f3n conmutada interna (100-240V) para audio sin ruido y bajo consumo de energ\u00eda.\",\"breadcrumb\":{\"@id\":\"https:\\\/\\\/www.mexicanguitarplayers.com\\\/tienda\\\/sin categor\u00eda\\\/distribuidor-behringer-senal-mod-ds2800\\\/#breadcrumb\"},\"inLanguage\":\"en-US\",\"potentialAction\":[{\"@type\":\"ReadAction\",\"target\":[\"https:\\\/\\\/www.mexicanguitarplayers.com\\\/tienda\\\/sin categor\u00eda\\\/distribuidor-behringer-senal-mod-ds2800\\\/\"]}]},{\"@type\":\"ImageObject\",\"inLanguage\":\"en-US\",\"@id\":\"https:\\\/\\\/www.mexicanguitarplayers.com\\\/tienda\\\/sin categor\u00eda\\\/distribuidor-behringer-senal-mod-ds2800\\\/#primaryimage\",\"url\":\"https:\\\/\\\/www.mexicanguitarplayers.com\\\/wp-content\\\/uploads\\\/2025\\\/04\\\/IABEHDS2800.jpg\",\"contentUrl\":\"https:\\\/\\\/www.mexicanguitarplayers.com\\\/wp-content\\\/uploads\\\/2025\\\/04\\\/IABEHDS2800.jpg\",\"width\":1600,\"height\":800},{\"@type\":\"BreadcrumbList\",\"@id\":\"https:\\\/\\\/www.mexicanguitarplayers.com\\\/tienda\\\/sin categor\u00eda\\\/distribuidor-behringer-senal-mod-ds2800\\\/#breadcrumb\",\"itemListElement\":[{\"@type\":\"ListItem\",\"position\":1,\"name\":\"Portada\",\"item\":\"https:\\\/\\\/www.mexicanguitarplayers.com\\\/\"},{\"@type\":\"ListItem\",\"position\":2,\"name\":\"Tienda\",\"item\":\"https:\\\/\\\/www.mexicanguitarplayers.com\\\/tienda\\\/\"},{\"@type\":\"ListItem\",\"position\":3,\"name\":\"DISTRIBUIDOR BEHRINGER SE\u00d1AL MOD. DS2800\"}]},{\"@type\":\"WebSite\",\"@id\":\"https:\\\/\\\/www.mexicanguitarplayers.com\\\/#website\",\"url\":\"https:\\\/\\\/www.mexicanguitarplayers.com\\\/\",\"name\":\"Mexican Guitar Players\",\"description\":\"Website\",\"publisher\":{\"@id\":\"https:\\\/\\\/www.mexicanguitarplayers.com\\\/#organization\"},\"potentialAction\":[{\"@type\":\"SearchAction\",\"target\":{\"@type\":\"EntryPoint\",\"urlTemplate\":\"https:\\\/\\\/www.mexicanguitarplayers.com\\\/?s={search_term_string}\"},\"query-input\":{\"@type\":\"PropertyValueSpecification\",\"valueRequired\":true,\"valueName\":\"search_term_string\"}}],\"inLanguage\":\"en-US\"},{\"@type\":\"Organization\",\"@id\":\"https:\\\/\\\/www.mexicanguitarplayers.com\\\/#organization\",\"name\":\"Mexican Guitar Players\",\"url\":\"https:\\\/\\\/www.mexicanguitarplayers.com\\\/\",\"logo\":{\"@type\":\"ImageObject\",\"inLanguage\":\"en-US\",\"@id\":\"https:\\\/\\\/www.mexicanguitarplayers.com\\\/#\\\/schema\\\/logo\\\/image\\\/\",\"url\":\"\",\"contentUrl\":\"\",\"caption\":\"Mexican Guitar Players\"},\"image\":{\"@id\":\"https:\\\/\\\/www.mexicanguitarplayers.com\\\/#\\\/schema\\\/logo\\\/image\\\/\"}}]}<\/script>\n<!-- \/ Yoast SEO plugin. -->","yoast_head_json":{"title":"DISTRIBUIDOR BEHRINGER SE\u00d1AL MOD. DS2800 - Mexican Guitar Players","description":"Distribuidor de se\u00f1al de 2 entradas y 8 salidas, ultra flexible y f\u00e1cil de usar, ideal para aplicaciones de audio comercial, operaci\u00f3n en modo dual (2 In \/ 4 Out o 1 In \/ 8 Out), 2 entradas de l\u00ednea de ruido ultra bajo con conectores de salida link por separado, 8 canales de salida cada uno con control de nivel independiente, medidores LED de 5 segmentos en cada salida que indican se\u00f1al de actividad, entradas y salidas servo-balanceadas con conectores XLR dorados, fuente de alimentaci\u00f3n conmutada interna (100-240V) para audio sin ruido y bajo consumo de energ\u00eda.","robots":{"index":"index","follow":"follow","max-snippet":"max-snippet:-1","max-image-preview":"max-image-preview:large","max-video-preview":"max-video-preview:-1"},"canonical":"https:\/\/www.mexicanguitarplayers.com\/en\/tienda\/sin categor\u00eda\/distribuidor-behringer-senal-mod-ds2800\/","og_locale":"en_US","og_type":"article","og_title":"DISTRIBUIDOR BEHRINGER SE\u00d1AL MOD. DS2800 - Mexican Guitar Players","og_description":"Distribuidor de se\u00f1al de 2 entradas y 8 salidas, ultra flexible y f\u00e1cil de usar, ideal para aplicaciones de audio comercial, operaci\u00f3n en modo dual (2 In \/ 4 Out o 1 In \/ 8 Out), 2 entradas de l\u00ednea de ruido ultra bajo con conectores de salida link por separado, 8 canales de salida cada uno con control de nivel independiente, medidores LED de 5 segmentos en cada salida que indican se\u00f1al de actividad, entradas y salidas servo-balanceadas con conectores XLR dorados, fuente de alimentaci\u00f3n conmutada interna (100-240V) para audio sin ruido y bajo consumo de energ\u00eda.","og_url":"https:\/\/www.mexicanguitarplayers.com\/en\/tienda\/sin categor\u00eda\/distribuidor-behringer-senal-mod-ds2800\/","og_site_name":"Mexican Guitar Players","article_modified_time":"2026-05-13T16:15:05+00:00","twitter_card":"summary_large_image","twitter_misc":{"Est. reading time":"2 minutes"},"schema":{"@context":"https:\/\/schema.org","@graph":[{"@type":["WebPage","ItemPage"],"@id":"https:\/\/www.mexicanguitarplayers.com\/tienda\/sin categor\u00eda\/distribuidor-behringer-senal-mod-ds2800\/","url":"https:\/\/www.mexicanguitarplayers.com\/tienda\/sin categor\u00eda\/distribuidor-behringer-senal-mod-ds2800\/","name":"DISTRIBUIDOR BEHRINGER SE\u00d1AL MOD. DS2800 - Mexican Guitar Players","isPartOf":{"@id":"https:\/\/www.mexicanguitarplayers.com\/#website"},"primaryImageOfPage":{"@id":"https:\/\/www.mexicanguitarplayers.com\/tienda\/sin categor\u00eda\/distribuidor-behringer-senal-mod-ds2800\/#primaryimage"},"image":{"@id":"https:\/\/www.mexicanguitarplayers.com\/tienda\/sin categor\u00eda\/distribuidor-behringer-senal-mod-ds2800\/#primaryimage"},"thumbnailUrl":"https:\/\/www.mexicanguitarplayers.com\/wp-content\/uploads\/2025\/04\/IABEHDS2800.jpg","datePublished":"2025-04-08T14:22:41+00:00","dateModified":"2026-05-13T16:15:05+00:00","description":"Distribuidor de se\u00f1al de 2 entradas y 8 salidas, ultra flexible y f\u00e1cil de usar, ideal para aplicaciones de audio comercial, operaci\u00f3n en modo dual (2 In \/ 4 Out o 1 In \/ 8 Out), 2 entradas de l\u00ednea de ruido ultra bajo con conectores de salida link por separado, 8 canales de salida cada uno con control de nivel independiente, medidores LED de 5 segmentos en cada salida que indican se\u00f1al de actividad, entradas y salidas servo-balanceadas con conectores XLR dorados, fuente de alimentaci\u00f3n conmutada interna (100-240V) para audio sin ruido y bajo consumo de energ\u00eda.","breadcrumb":{"@id":"https:\/\/www.mexicanguitarplayers.com\/tienda\/sin categor\u00eda\/distribuidor-behringer-senal-mod-ds2800\/#breadcrumb"},"inLanguage":"en-US","potentialAction":[{"@type":"ReadAction","target":["https:\/\/www.mexicanguitarplayers.com\/tienda\/sin categor\u00eda\/distribuidor-behringer-senal-mod-ds2800\/"]}]},{"@type":"ImageObject","inLanguage":"en-US","@id":"https:\/\/www.mexicanguitarplayers.com\/tienda\/sin categor\u00eda\/distribuidor-behringer-senal-mod-ds2800\/#primaryimage","url":"https:\/\/www.mexicanguitarplayers.com\/wp-content\/uploads\/2025\/04\/IABEHDS2800.jpg","contentUrl":"https:\/\/www.mexicanguitarplayers.com\/wp-content\/uploads\/2025\/04\/IABEHDS2800.jpg","width":1600,"height":800},{"@type":"BreadcrumbList","@id":"https:\/\/www.mexicanguitarplayers.com\/tienda\/sin categor\u00eda\/distribuidor-behringer-senal-mod-ds2800\/#breadcrumb","itemListElement":[{"@type":"ListItem","position":1,"name":"Portada","item":"https:\/\/www.mexicanguitarplayers.com\/"},{"@type":"ListItem","position":2,"name":"Tienda","item":"https:\/\/www.mexicanguitarplayers.com\/tienda\/"},{"@type":"ListItem","position":3,"name":"DISTRIBUIDOR BEHRINGER SE\u00d1AL MOD. DS2800"}]},{"@type":"WebSite","@id":"https:\/\/www.mexicanguitarplayers.com\/#website","url":"https:\/\/www.mexicanguitarplayers.com\/","name":"Mexican Guitar Players","description":"Website","publisher":{"@id":"https:\/\/www.mexicanguitarplayers.com\/#organization"},"potentialAction":[{"@type":"SearchAction","target":{"@type":"EntryPoint","urlTemplate":"https:\/\/www.mexicanguitarplayers.com\/?s={search_term_string}"},"query-input":{"@type":"PropertyValueSpecification","valueRequired":true,"valueName":"search_term_string"}}],"inLanguage":"en-US"},{"@type":"Organization","@id":"https:\/\/www.mexicanguitarplayers.com\/#organization","name":"Mexican Guitar Players","url":"https:\/\/www.mexicanguitarplayers.com\/","logo":{"@type":"ImageObject","inLanguage":"en-US","@id":"https:\/\/www.mexicanguitarplayers.com\/#\/schema\/logo\/image\/","url":"","contentUrl":"","caption":"Mexican Guitar Players"},"image":{"@id":"https:\/\/www.mexicanguitarplayers.com\/#\/schema\/logo\/image\/"}}]}},"brands":[{"id":171,"name":"BEHRINGER","slug":"behringer"}],"_links":{"self":[{"href":"https:\/\/www.mexicanguitarplayers.com\/en\/wp-json\/wp\/v2\/product\/28151","targetHints":{"allow":["GET"]}}],"collection":[{"href":"https:\/\/www.mexicanguitarplayers.com\/en\/wp-json\/wp\/v2\/product"}],"about":[{"href":"https:\/\/www.mexicanguitarplayers.com\/en\/wp-json\/wp\/v2\/types\/product"}],"replies":[{"embeddable":true,"href":"https:\/\/www.mexicanguitarplayers.com\/en\/wp-json\/wp\/v2\/comments?post=28151"}],"wp:featuredmedia":[{"embeddable":true,"href":"https:\/\/www.mexicanguitarplayers.com\/en\/wp-json\/wp\/v2\/media\/28147"}],"wp:attachment":[{"href":"https:\/\/www.mexicanguitarplayers.com\/en\/wp-json\/wp\/v2\/media?parent=28151"}],"wp:term":[{"taxonomy":"pwb-brand","embeddable":true,"href":"https:\/\/www.mexicanguitarplayers.com\/en\/wp-json\/wp\/v2\/pwb-brand?post=28151"},{"taxonomy":"product_brand","embeddable":true,"href":"https:\/\/www.mexicanguitarplayers.com\/en\/wp-json\/wp\/v2\/product_brand?post=28151"},{"taxonomy":"product_cat","embeddable":true,"href":"https:\/\/www.mexicanguitarplayers.com\/en\/wp-json\/wp\/v2\/product_cat?post=28151"},{"taxonomy":"product_tag","embeddable":true,"href":"https:\/\/www.mexicanguitarplayers.com\/en\/wp-json\/wp\/v2\/product_tag?post=28151"}],"curies":[{"name":"wp","href":"https:\/\/api.w.org\/{rel}","templated":true}]}}