{"id":28159,"date":"2025-04-08T08:22:50","date_gmt":"2025-04-08T14:22:50","guid":{"rendered":"https:\/\/www.mexicanguitarplayers.com\/tienda\/sin categor\u00eda\/bafle-behringer-c-poder-mod-b110d\/"},"modified":"2026-05-01T07:27:01","modified_gmt":"2026-05-01T13:27:01","slug":"bafle-behringer-c-poder-mod-b110d","status":"publish","type":"product","link":"https:\/\/www.mexicanguitarplayers.com\/en\/tienda\/audio\/bafles-y-bocinas\/bafles\/bafles-activos\/bafle-behringer-c-poder-mod-b110d\/","title":{"rendered":"BAFLE BEHRINGER C\/PODER MOD. B110D"},"content":{"rendered":"<div style=\"text-align: justify\">\n<div>\n<h3>El refuerzo de sonido nunca fue tan f\u00e1cil.<\/h3>\n<\/div>\n<div>El Eurolive B110D es un altavoz s\u00faper compacto de refuerzo de sonido de 2 v\u00edas y 300 watts de potencia, con opci\u00f3n inal\u00e1mbrica, ideal para audio aplicaciones en vivo, PA portable, monitor y casas de culto.  Este altavoz activo incre\u00edblemente vers\u00e1til es ultra ligero gracias a su revolucionario amplificador con tecnolog\u00eda Clase D y viene listo para usar de forma inal\u00e1mbrica con el incre\u00edble sistema ULM Digital de microfon\u00eda inal\u00e1mbrica. Una l\u00ednea de salida permite conectar varios altavoces B108D o cualquier altavoz activo de alta calidad de esta serie. <\/div>\n<div>\n<h4>Quick look<\/h4>\n<\/div>\n<ul style=\"margin: 0px 0px 0px 25px\">\n<li style=\"list-style-type: circle;margin: 5px\">Tipo de sistema.<\/li>\n<li style=\"list-style-type: circle;margin: 5px\">Drivers.<\/li>\n<li style=\"list-style-type: circle;margin: 5px\">Amplifier.<\/li>\n<li style=\"list-style-type: circle;margin: 5px\">Power.<\/li>\n<li style=\"list-style-type: circle;margin: 5px\">Rango de frecuencia.<\/li>\n<li style=\"list-style-type: circle;margin: 5px\">Frecuencia de crossover.<\/li>\n<li style=\"list-style-type: circle;margin: 5px\">Gabinete.<\/li>\n<li style=\"list-style-type: circle;margin: 5px\">Montaje.<\/li>\n<li style=\"list-style-type: circle;margin: 5px\">Tickets.<\/li>\n<li style=\"list-style-type: circle;margin: 5px\">Departures.<\/li>\n<li style=\"list-style-type: circle;margin: 5px\">Dimensions.<\/li>\n<li style=\"list-style-type: circle;margin: 5px\">Weight.<\/li>\n<\/ul>\n<div>\n<div style=\"font-weight: bold\">Tipo de sistema.<\/div>\n<div>\n<p>Bafle biamplificado de 2 v\u00edas.<\/p>\n<\/div>\n<div style=\"font-weight: bold\">Drivers.<\/div>\n<div>\n<p>LF: 10&#8243; pulgadas HF: 1&#8243; pulgada.<\/p>\n<\/div>\n<div style=\"font-weight: bold\">Amplifier.<\/div>\n<div>\n<p>Clase D.<\/p>\n<\/div>\n<div style=\"font-weight: bold\">Power.<\/div>\n<div>\n<p>300 watts.<\/p>\n<\/div>\n<div style=\"font-weight: bold\">Rango de frecuencia.<\/div>\n<div>\n<p>45 Hz &#8211; 20 kHz (-10 dB).<\/p>\n<\/div>\n<div style=\"font-weight: bold\">Frecuencia de crossover.<\/div>\n<div>\n<p>2.2 kHz.<\/p>\n<\/div>\n<div style=\"font-weight: bold\">Gabinete.<\/div>\n<div>\n<p>Trapezoidal compuesto pl\u00e1stico.<\/p>\n<\/div>\n<div style=\"font-weight: bold\">Montaje.<\/div>\n<div>\n<p>Montaje en poste.<\/p>\n<\/div>\n<div style=\"font-weight: bold\">Tickets.<\/div>\n<div>\n<p>1 x 1\/4&#8243;, 1 x XLR.<\/p>\n<\/div>\n<div style=\"font-weight: bold\">Departures.<\/div>\n<div>\n<p>1 x XLR.<\/p>\n<\/div>\n<div style=\"font-weight: bold\">Dimensions.<\/div>\n<div>\n<p>Altura: 482.60 mm. Ancho: 251.46 mm. Profundidad: 299.72 mm.<\/p>\n<\/div>\n<div style=\"font-weight: bold\">Weight.<\/div>\n<div>\n<p>8.11 kg.<\/p>\n<\/div>\n<\/div>\n<\/div>","protected":false},"excerpt":{"rendered":"<p>Bafle activo biamplificado de 2 v\u00edas, drivers LF: 10\u201d pulgadas, HF: 1\u201d pulgada, amplificador Clase D, potencia: 300 watts, rango de frecuencia: 45 Hz &#8211; 20 kHz (-10 dB), frecuencia de crossover: 2.2 kHz, gabinete trapezoidal compuesto pl\u00e1stico, montaje en poste, entradas: 1 x 1\/4\u201d, 1 x XLR, salidas: 1 x XLR, dimensiones: altura: 482.60 mm, ancho: 251.46 mm, profundo: 299.72 mm, peso: 8.11 kg.&hellip; <a class=\"kt-excerpt-readmore more-link\" href=\"https:\/\/www.mexicanguitarplayers.com\/en\/tienda\/audio\/bafles-y-bocinas\/bafles\/bafles-activos\/bafle-behringer-c-poder-mod-b110d\/\">Read more<\/a><\/p>","protected":false},"featured_media":28154,"comment_status":"open","ping_status":"closed","template":"","meta":{"kt_blocks_editor_width":""},"pwb-brand":[171],"product_brand":[],"product_cat":[213,222,472,221],"product_tag":[],"class_list":{"0":"post-28159","1":"product","2":"type-product","3":"status-publish","4":"has-post-thumbnail","6":"pwb-brand-behringer","7":"product_cat-audio","8":"product_cat-bafles","9":"product_cat-bafles-activos","10":"product_cat-bafles-y-bocinas","11":"product_shipping_class-5-10-kg","13":"first","14":"instock","15":"taxable","16":"shipping-taxable","17":"purchasable","18":"product-type-simple"},"yoast_head":"<!-- This site is optimized with the Yoast SEO plugin v27.5 - https:\/\/yoast.com\/product\/yoast-seo-wordpress\/ -->\n<title>BAFLE BEHRINGER C\/PODER MOD. B110D - Mexican Guitar Players<\/title>\n<meta name=\"description\" content=\"Bafle activo biamplificado de 2 v\u00edas, drivers LF: 10\u201d pulgadas, HF: 1\u201d pulgada, amplificador Clase D, potencia: 300 watts, rango de frecuencia: 45 Hz - 20 kHz (-10 dB), frecuencia de crossover: 2.2 kHz, gabinete trapezoidal compuesto pl\u00e1stico, montaje en poste, entradas: 1 x 1\/4\u201d, 1 x XLR, salidas: 1 x XLR, dimensiones: altura: 482.60 mm, ancho: 251.46 mm, profundo: 299.72 mm, peso: 8.11 kg.\" \/>\n<meta name=\"robots\" content=\"index, follow, max-snippet:-1, max-image-preview:large, max-video-preview:-1\" \/>\n<link rel=\"canonical\" href=\"https:\/\/www.mexicanguitarplayers.com\/en\/tienda\/sin%20categor\u00eda\/bafle-behringer-c-poder-mod-b110d\/\" \/>\n<meta property=\"og:locale\" content=\"en_US\" \/>\n<meta property=\"og:type\" content=\"article\" \/>\n<meta property=\"og:title\" content=\"BAFLE BEHRINGER C\/PODER MOD. B110D - Mexican Guitar Players\" \/>\n<meta property=\"og:description\" content=\"Bafle activo biamplificado de 2 v\u00edas, drivers LF: 10\u201d pulgadas, HF: 1\u201d pulgada, amplificador Clase D, potencia: 300 watts, rango de frecuencia: 45 Hz - 20 kHz (-10 dB), frecuencia de crossover: 2.2 kHz, gabinete trapezoidal compuesto pl\u00e1stico, montaje en poste, entradas: 1 x 1\/4\u201d, 1 x XLR, salidas: 1 x XLR, dimensiones: altura: 482.60 mm, ancho: 251.46 mm, profundo: 299.72 mm, peso: 8.11 kg.\" \/>\n<meta property=\"og:url\" content=\"https:\/\/www.mexicanguitarplayers.com\/en\/tienda\/sin categor\u00eda\/bafle-behringer-c-poder-mod-b110d\/\" \/>\n<meta property=\"og:site_name\" content=\"Mexican Guitar Players\" \/>\n<meta property=\"article:modified_time\" content=\"2026-05-01T13:27:01+00:00\" \/>\n<meta name=\"twitter:card\" content=\"summary_large_image\" \/>\n<meta name=\"twitter:label1\" content=\"Est. reading time\" \/>\n\t<meta name=\"twitter:data1\" content=\"1 minute\" \/>\n<script type=\"application\/ld+json\" class=\"yoast-schema-graph\">{\"@context\":\"https:\\\/\\\/schema.org\",\"@graph\":[{\"@type\":[\"WebPage\",\"ItemPage\"],\"@id\":\"https:\\\/\\\/www.mexicanguitarplayers.com\\\/tienda\\\/sin categor\u00eda\\\/bafle-behringer-c-poder-mod-b110d\\\/\",\"url\":\"https:\\\/\\\/www.mexicanguitarplayers.com\\\/tienda\\\/sin categor\u00eda\\\/bafle-behringer-c-poder-mod-b110d\\\/\",\"name\":\"BAFLE BEHRINGER C\\\/PODER MOD. B110D - Mexican Guitar Players\",\"isPartOf\":{\"@id\":\"https:\\\/\\\/www.mexicanguitarplayers.com\\\/#website\"},\"primaryImageOfPage\":{\"@id\":\"https:\\\/\\\/www.mexicanguitarplayers.com\\\/tienda\\\/sin categor\u00eda\\\/bafle-behringer-c-poder-mod-b110d\\\/#primaryimage\"},\"image\":{\"@id\":\"https:\\\/\\\/www.mexicanguitarplayers.com\\\/tienda\\\/sin categor\u00eda\\\/bafle-behringer-c-poder-mod-b110d\\\/#primaryimage\"},\"thumbnailUrl\":\"https:\\\/\\\/www.mexicanguitarplayers.com\\\/wp-content\\\/uploads\\\/2025\\\/04\\\/IABEHB110D.jpg\",\"datePublished\":\"2025-04-08T14:22:50+00:00\",\"dateModified\":\"2026-05-01T13:27:01+00:00\",\"description\":\"Bafle activo biamplificado de 2 v\u00edas, drivers LF: 10\u201d pulgadas, HF: 1\u201d pulgada, amplificador Clase D, potencia: 300 watts, rango de frecuencia: 45 Hz - 20 kHz (-10 dB), frecuencia de crossover: 2.2 kHz, gabinete trapezoidal compuesto pl\u00e1stico, montaje en poste, entradas: 1 x 1\\\/4\u201d, 1 x XLR, salidas: 1 x XLR, dimensiones: altura: 482.60 mm, ancho: 251.46 mm, profundo: 299.72 mm, peso: 8.11 kg.\",\"breadcrumb\":{\"@id\":\"https:\\\/\\\/www.mexicanguitarplayers.com\\\/tienda\\\/sin categor\u00eda\\\/bafle-behringer-c-poder-mod-b110d\\\/#breadcrumb\"},\"inLanguage\":\"en-US\",\"potentialAction\":[{\"@type\":\"ReadAction\",\"target\":[\"https:\\\/\\\/www.mexicanguitarplayers.com\\\/tienda\\\/sin categor\u00eda\\\/bafle-behringer-c-poder-mod-b110d\\\/\"]}]},{\"@type\":\"ImageObject\",\"inLanguage\":\"en-US\",\"@id\":\"https:\\\/\\\/www.mexicanguitarplayers.com\\\/tienda\\\/sin categor\u00eda\\\/bafle-behringer-c-poder-mod-b110d\\\/#primaryimage\",\"url\":\"https:\\\/\\\/www.mexicanguitarplayers.com\\\/wp-content\\\/uploads\\\/2025\\\/04\\\/IABEHB110D.jpg\",\"contentUrl\":\"https:\\\/\\\/www.mexicanguitarplayers.com\\\/wp-content\\\/uploads\\\/2025\\\/04\\\/IABEHB110D.jpg\",\"width\":1200,\"height\":1200},{\"@type\":\"BreadcrumbList\",\"@id\":\"https:\\\/\\\/www.mexicanguitarplayers.com\\\/tienda\\\/sin categor\u00eda\\\/bafle-behringer-c-poder-mod-b110d\\\/#breadcrumb\",\"itemListElement\":[{\"@type\":\"ListItem\",\"position\":1,\"name\":\"Portada\",\"item\":\"https:\\\/\\\/www.mexicanguitarplayers.com\\\/\"},{\"@type\":\"ListItem\",\"position\":2,\"name\":\"Tienda\",\"item\":\"https:\\\/\\\/www.mexicanguitarplayers.com\\\/tienda\\\/\"},{\"@type\":\"ListItem\",\"position\":3,\"name\":\"BAFLE BEHRINGER C\\\/PODER MOD. B110D\"}]},{\"@type\":\"WebSite\",\"@id\":\"https:\\\/\\\/www.mexicanguitarplayers.com\\\/#website\",\"url\":\"https:\\\/\\\/www.mexicanguitarplayers.com\\\/\",\"name\":\"Mexican Guitar Players\",\"description\":\"Website\",\"publisher\":{\"@id\":\"https:\\\/\\\/www.mexicanguitarplayers.com\\\/#organization\"},\"potentialAction\":[{\"@type\":\"SearchAction\",\"target\":{\"@type\":\"EntryPoint\",\"urlTemplate\":\"https:\\\/\\\/www.mexicanguitarplayers.com\\\/?s={search_term_string}\"},\"query-input\":{\"@type\":\"PropertyValueSpecification\",\"valueRequired\":true,\"valueName\":\"search_term_string\"}}],\"inLanguage\":\"en-US\"},{\"@type\":\"Organization\",\"@id\":\"https:\\\/\\\/www.mexicanguitarplayers.com\\\/#organization\",\"name\":\"Mexican Guitar Players\",\"url\":\"https:\\\/\\\/www.mexicanguitarplayers.com\\\/\",\"logo\":{\"@type\":\"ImageObject\",\"inLanguage\":\"en-US\",\"@id\":\"https:\\\/\\\/www.mexicanguitarplayers.com\\\/#\\\/schema\\\/logo\\\/image\\\/\",\"url\":\"\",\"contentUrl\":\"\",\"caption\":\"Mexican Guitar Players\"},\"image\":{\"@id\":\"https:\\\/\\\/www.mexicanguitarplayers.com\\\/#\\\/schema\\\/logo\\\/image\\\/\"}}]}<\/script>\n<!-- \/ Yoast SEO plugin. -->","yoast_head_json":{"title":"BAFLE BEHRINGER C\/PODER MOD. B110D - Mexican Guitar Players","description":"Bafle activo biamplificado de 2 v\u00edas, drivers LF: 10\u201d pulgadas, HF: 1\u201d pulgada, amplificador Clase D, potencia: 300 watts, rango de frecuencia: 45 Hz - 20 kHz (-10 dB), frecuencia de crossover: 2.2 kHz, gabinete trapezoidal compuesto pl\u00e1stico, montaje en poste, entradas: 1 x 1\/4\u201d, 1 x XLR, salidas: 1 x XLR, dimensiones: altura: 482.60 mm, ancho: 251.46 mm, profundo: 299.72 mm, peso: 8.11 kg.","robots":{"index":"index","follow":"follow","max-snippet":"max-snippet:-1","max-image-preview":"max-image-preview:large","max-video-preview":"max-video-preview:-1"},"canonical":"https:\/\/www.mexicanguitarplayers.com\/en\/tienda\/sin categor\u00eda\/bafle-behringer-c-poder-mod-b110d\/","og_locale":"en_US","og_type":"article","og_title":"BAFLE BEHRINGER C\/PODER MOD. B110D - Mexican Guitar Players","og_description":"Bafle activo biamplificado de 2 v\u00edas, drivers LF: 10\u201d pulgadas, HF: 1\u201d pulgada, amplificador Clase D, potencia: 300 watts, rango de frecuencia: 45 Hz - 20 kHz (-10 dB), frecuencia de crossover: 2.2 kHz, gabinete trapezoidal compuesto pl\u00e1stico, montaje en poste, entradas: 1 x 1\/4\u201d, 1 x XLR, salidas: 1 x XLR, dimensiones: altura: 482.60 mm, ancho: 251.46 mm, profundo: 299.72 mm, peso: 8.11 kg.","og_url":"https:\/\/www.mexicanguitarplayers.com\/en\/tienda\/sin categor\u00eda\/bafle-behringer-c-poder-mod-b110d\/","og_site_name":"Mexican Guitar Players","article_modified_time":"2026-05-01T13:27:01+00:00","twitter_card":"summary_large_image","twitter_misc":{"Est. reading time":"1 minute"},"schema":{"@context":"https:\/\/schema.org","@graph":[{"@type":["WebPage","ItemPage"],"@id":"https:\/\/www.mexicanguitarplayers.com\/tienda\/sin categor\u00eda\/bafle-behringer-c-poder-mod-b110d\/","url":"https:\/\/www.mexicanguitarplayers.com\/tienda\/sin categor\u00eda\/bafle-behringer-c-poder-mod-b110d\/","name":"BAFLE BEHRINGER C\/PODER MOD. B110D - Mexican Guitar Players","isPartOf":{"@id":"https:\/\/www.mexicanguitarplayers.com\/#website"},"primaryImageOfPage":{"@id":"https:\/\/www.mexicanguitarplayers.com\/tienda\/sin categor\u00eda\/bafle-behringer-c-poder-mod-b110d\/#primaryimage"},"image":{"@id":"https:\/\/www.mexicanguitarplayers.com\/tienda\/sin categor\u00eda\/bafle-behringer-c-poder-mod-b110d\/#primaryimage"},"thumbnailUrl":"https:\/\/www.mexicanguitarplayers.com\/wp-content\/uploads\/2025\/04\/IABEHB110D.jpg","datePublished":"2025-04-08T14:22:50+00:00","dateModified":"2026-05-01T13:27:01+00:00","description":"Bafle activo biamplificado de 2 v\u00edas, drivers LF: 10\u201d pulgadas, HF: 1\u201d pulgada, amplificador Clase D, potencia: 300 watts, rango de frecuencia: 45 Hz - 20 kHz (-10 dB), frecuencia de crossover: 2.2 kHz, gabinete trapezoidal compuesto pl\u00e1stico, montaje en poste, entradas: 1 x 1\/4\u201d, 1 x XLR, salidas: 1 x XLR, dimensiones: altura: 482.60 mm, ancho: 251.46 mm, profundo: 299.72 mm, peso: 8.11 kg.","breadcrumb":{"@id":"https:\/\/www.mexicanguitarplayers.com\/tienda\/sin categor\u00eda\/bafle-behringer-c-poder-mod-b110d\/#breadcrumb"},"inLanguage":"en-US","potentialAction":[{"@type":"ReadAction","target":["https:\/\/www.mexicanguitarplayers.com\/tienda\/sin categor\u00eda\/bafle-behringer-c-poder-mod-b110d\/"]}]},{"@type":"ImageObject","inLanguage":"en-US","@id":"https:\/\/www.mexicanguitarplayers.com\/tienda\/sin categor\u00eda\/bafle-behringer-c-poder-mod-b110d\/#primaryimage","url":"https:\/\/www.mexicanguitarplayers.com\/wp-content\/uploads\/2025\/04\/IABEHB110D.jpg","contentUrl":"https:\/\/www.mexicanguitarplayers.com\/wp-content\/uploads\/2025\/04\/IABEHB110D.jpg","width":1200,"height":1200},{"@type":"BreadcrumbList","@id":"https:\/\/www.mexicanguitarplayers.com\/tienda\/sin categor\u00eda\/bafle-behringer-c-poder-mod-b110d\/#breadcrumb","itemListElement":[{"@type":"ListItem","position":1,"name":"Portada","item":"https:\/\/www.mexicanguitarplayers.com\/"},{"@type":"ListItem","position":2,"name":"Tienda","item":"https:\/\/www.mexicanguitarplayers.com\/tienda\/"},{"@type":"ListItem","position":3,"name":"BAFLE BEHRINGER C\/PODER MOD. B110D"}]},{"@type":"WebSite","@id":"https:\/\/www.mexicanguitarplayers.com\/#website","url":"https:\/\/www.mexicanguitarplayers.com\/","name":"Mexican Guitar Players","description":"Website","publisher":{"@id":"https:\/\/www.mexicanguitarplayers.com\/#organization"},"potentialAction":[{"@type":"SearchAction","target":{"@type":"EntryPoint","urlTemplate":"https:\/\/www.mexicanguitarplayers.com\/?s={search_term_string}"},"query-input":{"@type":"PropertyValueSpecification","valueRequired":true,"valueName":"search_term_string"}}],"inLanguage":"en-US"},{"@type":"Organization","@id":"https:\/\/www.mexicanguitarplayers.com\/#organization","name":"Mexican Guitar Players","url":"https:\/\/www.mexicanguitarplayers.com\/","logo":{"@type":"ImageObject","inLanguage":"en-US","@id":"https:\/\/www.mexicanguitarplayers.com\/#\/schema\/logo\/image\/","url":"","contentUrl":"","caption":"Mexican Guitar Players"},"image":{"@id":"https:\/\/www.mexicanguitarplayers.com\/#\/schema\/logo\/image\/"}}]}},"brands":[{"id":171,"name":"BEHRINGER","slug":"behringer"}],"_links":{"self":[{"href":"https:\/\/www.mexicanguitarplayers.com\/en\/wp-json\/wp\/v2\/product\/28159","targetHints":{"allow":["GET"]}}],"collection":[{"href":"https:\/\/www.mexicanguitarplayers.com\/en\/wp-json\/wp\/v2\/product"}],"about":[{"href":"https:\/\/www.mexicanguitarplayers.com\/en\/wp-json\/wp\/v2\/types\/product"}],"replies":[{"embeddable":true,"href":"https:\/\/www.mexicanguitarplayers.com\/en\/wp-json\/wp\/v2\/comments?post=28159"}],"wp:featuredmedia":[{"embeddable":true,"href":"https:\/\/www.mexicanguitarplayers.com\/en\/wp-json\/wp\/v2\/media\/28154"}],"wp:attachment":[{"href":"https:\/\/www.mexicanguitarplayers.com\/en\/wp-json\/wp\/v2\/media?parent=28159"}],"wp:term":[{"taxonomy":"pwb-brand","embeddable":true,"href":"https:\/\/www.mexicanguitarplayers.com\/en\/wp-json\/wp\/v2\/pwb-brand?post=28159"},{"taxonomy":"product_brand","embeddable":true,"href":"https:\/\/www.mexicanguitarplayers.com\/en\/wp-json\/wp\/v2\/product_brand?post=28159"},{"taxonomy":"product_cat","embeddable":true,"href":"https:\/\/www.mexicanguitarplayers.com\/en\/wp-json\/wp\/v2\/product_cat?post=28159"},{"taxonomy":"product_tag","embeddable":true,"href":"https:\/\/www.mexicanguitarplayers.com\/en\/wp-json\/wp\/v2\/product_tag?post=28159"}],"curies":[{"name":"wp","href":"https:\/\/api.w.org\/{rel}","templated":true}]}}