{"id":28175,"date":"2025-04-08T08:23:05","date_gmt":"2025-04-08T14:23:05","guid":{"rendered":"https:\/\/www.mexicanguitarplayers.com\/tienda\/sin categor\u00eda\/cable-proel-p-microfono-dhs240lu6\/"},"modified":"2026-01-17T04:48:34","modified_gmt":"2026-01-17T10:48:34","slug":"cable-proel-p-microfono-dhs240lu6","status":"publish","type":"product","link":"https:\/\/www.mexicanguitarplayers.com\/en\/tienda\/audio\/cables\/cables-armados\/cables-para-microfono\/cable-proel-p-microfono-dhs240lu6\/","title":{"rendered":"CABLE PROEL P\/MICROFONO    DHS240LU6"},"content":{"rendered":"<div style=\"text-align: justify\">\n<div>\n<h3>No pierdas la conexi\u00f3n.<\/h3>\n<\/div>\n<div>Cable profesional balanceado con conectores Die Hard ONEHERO de XLR hembra de 3 pines a XLR macho de 3 pines. ONEHERO es una nueva serie de cables y conectores pre-fabricados con un dise\u00f1o \u00fanico y exclusivo, el resultado de PROEL R&amp;D que una vez m\u00e1s, opt\u00f3 por invertir recursos en el dise\u00f1o de herramientas innovadoras y profesionales dedicadas a las crecientes demandas del mercado.<\/div>\n<div>\n<h4>Characteristics<\/h4>\n<\/div>\n<div>\n<ul style=\"margin: 0px 0px 0px 25px\">\n<li style=\"list-style-type: circle;margin: 5px\">Cable profesional balanceado.<\/li>\n<li style=\"list-style-type: circle;margin: 5px\">Conectores XLR hembra de 3 pines a XLR macho de 3 pines.<\/li>\n<li style=\"list-style-type: circle;margin: 5px\">Cubierta general de PVC de 7 mm de alta conductividad.<\/li>\n<li style=\"list-style-type: circle;margin: 5px\">Dos conductores de cobre desnudo de 0.34 mm2.<\/li>\n<li style=\"list-style-type: circle;margin: 5px\">Primer blindaje de PVC DH de alto grado.<\/li>\n<li style=\"list-style-type: circle;margin: 5px\">Segundo blindaje de cable de cobre esta\u00f1ado denso trenzado de 128 x 0.10.<\/li>\n<li style=\"list-style-type: circle;margin: 5px\">Longitud del cable: 6 metros.<\/li>\n<\/ul>\n<\/div>\n<\/div>","protected":false},"excerpt":{"rendered":"<p>Cable profesional balanceado Die Hard ONEHERO con conectores de XLR hembra de 3 pines a XLR macho de 3 pines, cubierta general de PVC de 7 mm de alta conductividad, dos conductores de cobre desnudo de 0.34 mm2, primer blindaje de PVC DH de alto grado y segundo blindaje de cable de cobre esta\u00f1ado denso trenzado de 128 x 0.10, longitud del cable: 6 metros.&hellip; <a class=\"kt-excerpt-readmore more-link\" href=\"https:\/\/www.mexicanguitarplayers.com\/en\/tienda\/audio\/cables\/cables-armados\/cables-para-microfono\/cable-proel-p-microfono-dhs240lu6\/\">Read more<\/a><\/p>","protected":false},"featured_media":28174,"comment_status":"open","ping_status":"closed","template":"","meta":{"kt_blocks_editor_width":""},"pwb-brand":[252],"product_brand":[],"product_cat":[213,358,499,562],"product_tag":[],"class_list":{"0":"post-28175","1":"product","2":"type-product","3":"status-publish","4":"has-post-thumbnail","6":"pwb-brand-proel","7":"product_cat-audio","8":"product_cat-cables","9":"product_cat-cables-bulk","10":"product_cat-cables-para-microfono","11":"product_shipping_class-0-5-kg","13":"first","14":"instock","15":"taxable","16":"shipping-taxable","17":"purchasable","18":"product-type-simple"},"yoast_head":"<!-- This site is optimized with the Yoast SEO plugin v27.3 - https:\/\/yoast.com\/product\/yoast-seo-wordpress\/ -->\n<title>CABLE PROEL P\/MICROFONO  DHS240LU6 - Mexican Guitar Players<\/title>\n<meta name=\"description\" content=\"Cable profesional balanceado Die Hard ONEHERO con conectores de XLR hembra de 3 pines a XLR macho de 3 pines, cubierta general de PVC de 7 mm de alta conductividad, dos conductores de cobre desnudo de 0.34 mm2, primer blindaje de PVC DH de alto grado y segundo blindaje de cable de cobre esta\u00f1ado denso trenzado de 128 x 0.10, longitud del cable: 6 metros.\" \/>\n<meta name=\"robots\" content=\"index, follow, max-snippet:-1, max-image-preview:large, max-video-preview:-1\" \/>\n<link rel=\"canonical\" href=\"https:\/\/www.mexicanguitarplayers.com\/en\/tienda\/sin%20categor\u00eda\/cable-proel-p-microfono-dhs240lu6\/\" \/>\n<meta property=\"og:locale\" content=\"en_US\" \/>\n<meta property=\"og:type\" content=\"article\" \/>\n<meta property=\"og:title\" content=\"CABLE PROEL P\/MICROFONO  DHS240LU6 - Mexican Guitar Players\" \/>\n<meta property=\"og:description\" content=\"Cable profesional balanceado Die Hard ONEHERO con conectores de XLR hembra de 3 pines a XLR macho de 3 pines, cubierta general de PVC de 7 mm de alta conductividad, dos conductores de cobre desnudo de 0.34 mm2, primer blindaje de PVC DH de alto grado y segundo blindaje de cable de cobre esta\u00f1ado denso trenzado de 128 x 0.10, longitud del cable: 6 metros.\" \/>\n<meta property=\"og:url\" content=\"https:\/\/www.mexicanguitarplayers.com\/en\/tienda\/sin categor\u00eda\/cable-proel-p-microfono-dhs240lu6\/\" \/>\n<meta property=\"og:site_name\" content=\"Mexican Guitar Players\" \/>\n<meta property=\"article:modified_time\" content=\"2026-01-17T10:48:34+00:00\" \/>\n<meta name=\"twitter:card\" content=\"summary_large_image\" \/>\n<meta name=\"twitter:label1\" content=\"Est. reading time\" \/>\n\t<meta name=\"twitter:data1\" content=\"1 minute\" \/>\n<script type=\"application\/ld+json\" class=\"yoast-schema-graph\">{\"@context\":\"https:\\\/\\\/schema.org\",\"@graph\":[{\"@type\":[\"WebPage\",\"ItemPage\"],\"@id\":\"https:\\\/\\\/www.mexicanguitarplayers.com\\\/tienda\\\/sin categor\u00eda\\\/cable-proel-p-microfono-dhs240lu6\\\/\",\"url\":\"https:\\\/\\\/www.mexicanguitarplayers.com\\\/tienda\\\/sin categor\u00eda\\\/cable-proel-p-microfono-dhs240lu6\\\/\",\"name\":\"CABLE PROEL P\\\/MICROFONO DHS240LU6 - Mexican Guitar Players\",\"isPartOf\":{\"@id\":\"https:\\\/\\\/www.mexicanguitarplayers.com\\\/#website\"},\"primaryImageOfPage\":{\"@id\":\"https:\\\/\\\/www.mexicanguitarplayers.com\\\/tienda\\\/sin categor\u00eda\\\/cable-proel-p-microfono-dhs240lu6\\\/#primaryimage\"},\"image\":{\"@id\":\"https:\\\/\\\/www.mexicanguitarplayers.com\\\/tienda\\\/sin categor\u00eda\\\/cable-proel-p-microfono-dhs240lu6\\\/#primaryimage\"},\"thumbnailUrl\":\"https:\\\/\\\/www.mexicanguitarplayers.com\\\/wp-content\\\/uploads\\\/2025\\\/04\\\/RAPREDHS240LU6.jpg\",\"datePublished\":\"2025-04-08T14:23:05+00:00\",\"dateModified\":\"2026-01-17T10:48:34+00:00\",\"description\":\"Cable profesional balanceado Die Hard ONEHERO con conectores de XLR hembra de 3 pines a XLR macho de 3 pines, cubierta general de PVC de 7 mm de alta conductividad, dos conductores de cobre desnudo de 0.34 mm2, primer blindaje de PVC DH de alto grado y segundo blindaje de cable de cobre esta\u00f1ado denso trenzado de 128 x 0.10, longitud del cable: 6 metros.\",\"breadcrumb\":{\"@id\":\"https:\\\/\\\/www.mexicanguitarplayers.com\\\/tienda\\\/sin categor\u00eda\\\/cable-proel-p-microfono-dhs240lu6\\\/#breadcrumb\"},\"inLanguage\":\"en-US\",\"potentialAction\":[{\"@type\":\"ReadAction\",\"target\":[\"https:\\\/\\\/www.mexicanguitarplayers.com\\\/tienda\\\/sin categor\u00eda\\\/cable-proel-p-microfono-dhs240lu6\\\/\"]}]},{\"@type\":\"ImageObject\",\"inLanguage\":\"en-US\",\"@id\":\"https:\\\/\\\/www.mexicanguitarplayers.com\\\/tienda\\\/sin categor\u00eda\\\/cable-proel-p-microfono-dhs240lu6\\\/#primaryimage\",\"url\":\"https:\\\/\\\/www.mexicanguitarplayers.com\\\/wp-content\\\/uploads\\\/2025\\\/04\\\/RAPREDHS240LU6.jpg\",\"contentUrl\":\"https:\\\/\\\/www.mexicanguitarplayers.com\\\/wp-content\\\/uploads\\\/2025\\\/04\\\/RAPREDHS240LU6.jpg\",\"width\":1600,\"height\":800},{\"@type\":\"BreadcrumbList\",\"@id\":\"https:\\\/\\\/www.mexicanguitarplayers.com\\\/tienda\\\/sin categor\u00eda\\\/cable-proel-p-microfono-dhs240lu6\\\/#breadcrumb\",\"itemListElement\":[{\"@type\":\"ListItem\",\"position\":1,\"name\":\"Portada\",\"item\":\"https:\\\/\\\/www.mexicanguitarplayers.com\\\/\"},{\"@type\":\"ListItem\",\"position\":2,\"name\":\"Tienda\",\"item\":\"https:\\\/\\\/www.mexicanguitarplayers.com\\\/tienda\\\/\"},{\"@type\":\"ListItem\",\"position\":3,\"name\":\"CABLE PROEL P\\\/MICROFONO DHS240LU6\"}]},{\"@type\":\"WebSite\",\"@id\":\"https:\\\/\\\/www.mexicanguitarplayers.com\\\/#website\",\"url\":\"https:\\\/\\\/www.mexicanguitarplayers.com\\\/\",\"name\":\"Mexican Guitar Players\",\"description\":\"Website\",\"publisher\":{\"@id\":\"https:\\\/\\\/www.mexicanguitarplayers.com\\\/#organization\"},\"potentialAction\":[{\"@type\":\"SearchAction\",\"target\":{\"@type\":\"EntryPoint\",\"urlTemplate\":\"https:\\\/\\\/www.mexicanguitarplayers.com\\\/?s={search_term_string}\"},\"query-input\":{\"@type\":\"PropertyValueSpecification\",\"valueRequired\":true,\"valueName\":\"search_term_string\"}}],\"inLanguage\":\"en-US\"},{\"@type\":\"Organization\",\"@id\":\"https:\\\/\\\/www.mexicanguitarplayers.com\\\/#organization\",\"name\":\"Mexican Guitar Players\",\"url\":\"https:\\\/\\\/www.mexicanguitarplayers.com\\\/\",\"logo\":{\"@type\":\"ImageObject\",\"inLanguage\":\"en-US\",\"@id\":\"https:\\\/\\\/www.mexicanguitarplayers.com\\\/#\\\/schema\\\/logo\\\/image\\\/\",\"url\":\"\",\"contentUrl\":\"\",\"caption\":\"Mexican Guitar Players\"},\"image\":{\"@id\":\"https:\\\/\\\/www.mexicanguitarplayers.com\\\/#\\\/schema\\\/logo\\\/image\\\/\"}}]}<\/script>\n<!-- \/ Yoast SEO plugin. -->","yoast_head_json":{"title":"CABLE PROEL P\/MICROFONO  DHS240LU6 - Mexican Guitar Players","description":"Cable profesional balanceado Die Hard ONEHERO con conectores de XLR hembra de 3 pines a XLR macho de 3 pines, cubierta general de PVC de 7 mm de alta conductividad, dos conductores de cobre desnudo de 0.34 mm2, primer blindaje de PVC DH de alto grado y segundo blindaje de cable de cobre esta\u00f1ado denso trenzado de 128 x 0.10, longitud del cable: 6 metros.","robots":{"index":"index","follow":"follow","max-snippet":"max-snippet:-1","max-image-preview":"max-image-preview:large","max-video-preview":"max-video-preview:-1"},"canonical":"https:\/\/www.mexicanguitarplayers.com\/en\/tienda\/sin categor\u00eda\/cable-proel-p-microfono-dhs240lu6\/","og_locale":"en_US","og_type":"article","og_title":"CABLE PROEL P\/MICROFONO  DHS240LU6 - Mexican Guitar Players","og_description":"Cable profesional balanceado Die Hard ONEHERO con conectores de XLR hembra de 3 pines a XLR macho de 3 pines, cubierta general de PVC de 7 mm de alta conductividad, dos conductores de cobre desnudo de 0.34 mm2, primer blindaje de PVC DH de alto grado y segundo blindaje de cable de cobre esta\u00f1ado denso trenzado de 128 x 0.10, longitud del cable: 6 metros.","og_url":"https:\/\/www.mexicanguitarplayers.com\/en\/tienda\/sin categor\u00eda\/cable-proel-p-microfono-dhs240lu6\/","og_site_name":"Mexican Guitar Players","article_modified_time":"2026-01-17T10:48:34+00:00","twitter_card":"summary_large_image","twitter_misc":{"Est. reading time":"1 minute"},"schema":{"@context":"https:\/\/schema.org","@graph":[{"@type":["WebPage","ItemPage"],"@id":"https:\/\/www.mexicanguitarplayers.com\/tienda\/sin categor\u00eda\/cable-proel-p-microfono-dhs240lu6\/","url":"https:\/\/www.mexicanguitarplayers.com\/tienda\/sin categor\u00eda\/cable-proel-p-microfono-dhs240lu6\/","name":"CABLE PROEL P\/MICROFONO DHS240LU6 - Mexican Guitar Players","isPartOf":{"@id":"https:\/\/www.mexicanguitarplayers.com\/#website"},"primaryImageOfPage":{"@id":"https:\/\/www.mexicanguitarplayers.com\/tienda\/sin categor\u00eda\/cable-proel-p-microfono-dhs240lu6\/#primaryimage"},"image":{"@id":"https:\/\/www.mexicanguitarplayers.com\/tienda\/sin categor\u00eda\/cable-proel-p-microfono-dhs240lu6\/#primaryimage"},"thumbnailUrl":"https:\/\/www.mexicanguitarplayers.com\/wp-content\/uploads\/2025\/04\/RAPREDHS240LU6.jpg","datePublished":"2025-04-08T14:23:05+00:00","dateModified":"2026-01-17T10:48:34+00:00","description":"Cable profesional balanceado Die Hard ONEHERO con conectores de XLR hembra de 3 pines a XLR macho de 3 pines, cubierta general de PVC de 7 mm de alta conductividad, dos conductores de cobre desnudo de 0.34 mm2, primer blindaje de PVC DH de alto grado y segundo blindaje de cable de cobre esta\u00f1ado denso trenzado de 128 x 0.10, longitud del cable: 6 metros.","breadcrumb":{"@id":"https:\/\/www.mexicanguitarplayers.com\/tienda\/sin categor\u00eda\/cable-proel-p-microfono-dhs240lu6\/#breadcrumb"},"inLanguage":"en-US","potentialAction":[{"@type":"ReadAction","target":["https:\/\/www.mexicanguitarplayers.com\/tienda\/sin categor\u00eda\/cable-proel-p-microfono-dhs240lu6\/"]}]},{"@type":"ImageObject","inLanguage":"en-US","@id":"https:\/\/www.mexicanguitarplayers.com\/tienda\/sin categor\u00eda\/cable-proel-p-microfono-dhs240lu6\/#primaryimage","url":"https:\/\/www.mexicanguitarplayers.com\/wp-content\/uploads\/2025\/04\/RAPREDHS240LU6.jpg","contentUrl":"https:\/\/www.mexicanguitarplayers.com\/wp-content\/uploads\/2025\/04\/RAPREDHS240LU6.jpg","width":1600,"height":800},{"@type":"BreadcrumbList","@id":"https:\/\/www.mexicanguitarplayers.com\/tienda\/sin categor\u00eda\/cable-proel-p-microfono-dhs240lu6\/#breadcrumb","itemListElement":[{"@type":"ListItem","position":1,"name":"Portada","item":"https:\/\/www.mexicanguitarplayers.com\/"},{"@type":"ListItem","position":2,"name":"Tienda","item":"https:\/\/www.mexicanguitarplayers.com\/tienda\/"},{"@type":"ListItem","position":3,"name":"CABLE PROEL P\/MICROFONO DHS240LU6"}]},{"@type":"WebSite","@id":"https:\/\/www.mexicanguitarplayers.com\/#website","url":"https:\/\/www.mexicanguitarplayers.com\/","name":"Mexican Guitar Players","description":"Website","publisher":{"@id":"https:\/\/www.mexicanguitarplayers.com\/#organization"},"potentialAction":[{"@type":"SearchAction","target":{"@type":"EntryPoint","urlTemplate":"https:\/\/www.mexicanguitarplayers.com\/?s={search_term_string}"},"query-input":{"@type":"PropertyValueSpecification","valueRequired":true,"valueName":"search_term_string"}}],"inLanguage":"en-US"},{"@type":"Organization","@id":"https:\/\/www.mexicanguitarplayers.com\/#organization","name":"Mexican Guitar Players","url":"https:\/\/www.mexicanguitarplayers.com\/","logo":{"@type":"ImageObject","inLanguage":"en-US","@id":"https:\/\/www.mexicanguitarplayers.com\/#\/schema\/logo\/image\/","url":"","contentUrl":"","caption":"Mexican Guitar Players"},"image":{"@id":"https:\/\/www.mexicanguitarplayers.com\/#\/schema\/logo\/image\/"}}]}},"brands":[{"id":252,"name":"PROEL","slug":"proel"}],"_links":{"self":[{"href":"https:\/\/www.mexicanguitarplayers.com\/en\/wp-json\/wp\/v2\/product\/28175","targetHints":{"allow":["GET"]}}],"collection":[{"href":"https:\/\/www.mexicanguitarplayers.com\/en\/wp-json\/wp\/v2\/product"}],"about":[{"href":"https:\/\/www.mexicanguitarplayers.com\/en\/wp-json\/wp\/v2\/types\/product"}],"replies":[{"embeddable":true,"href":"https:\/\/www.mexicanguitarplayers.com\/en\/wp-json\/wp\/v2\/comments?post=28175"}],"wp:featuredmedia":[{"embeddable":true,"href":"https:\/\/www.mexicanguitarplayers.com\/en\/wp-json\/wp\/v2\/media\/28174"}],"wp:attachment":[{"href":"https:\/\/www.mexicanguitarplayers.com\/en\/wp-json\/wp\/v2\/media?parent=28175"}],"wp:term":[{"taxonomy":"pwb-brand","embeddable":true,"href":"https:\/\/www.mexicanguitarplayers.com\/en\/wp-json\/wp\/v2\/pwb-brand?post=28175"},{"taxonomy":"product_brand","embeddable":true,"href":"https:\/\/www.mexicanguitarplayers.com\/en\/wp-json\/wp\/v2\/product_brand?post=28175"},{"taxonomy":"product_cat","embeddable":true,"href":"https:\/\/www.mexicanguitarplayers.com\/en\/wp-json\/wp\/v2\/product_cat?post=28175"},{"taxonomy":"product_tag","embeddable":true,"href":"https:\/\/www.mexicanguitarplayers.com\/en\/wp-json\/wp\/v2\/product_tag?post=28175"}],"curies":[{"name":"wp","href":"https:\/\/api.w.org\/{rel}","templated":true}]}}