{"id":28186,"date":"2025-04-08T08:23:19","date_gmt":"2025-04-08T14:23:19","guid":{"rendered":"https:\/\/www.mexicanguitarplayers.com\/tienda\/sin categor\u00eda\/ukelele-flight-soprano-mod-tus55-mango\/"},"modified":"2025-12-11T01:17:11","modified_gmt":"2025-12-11T07:17:11","slug":"ukelele-flight-soprano-mod-tus55-mango","status":"publish","type":"product","link":"https:\/\/www.mexicanguitarplayers.com\/en\/tienda\/cuerdas\/folkloricos-y-regionales\/ukelele-flight-soprano-mod-tus55-mango\/","title":{"rendered":"UKELELE FLIGHT SOPRANO MOD. TUS55 MANGO"},"content":{"rendered":"<div style=\"text-align: justify\">\n<div>\n<h3>Un sonido tradicional y robusto.<\/h3>\n<\/div>\n<div>Los ukeleles Flight Travel han demostrado ser uno de los mejores y m\u00e1s robustos ukeleles que puedes comprar y Flight contin\u00faa ampliando la cantidad de opciones disponibles en la serie. El ukelele Flight TUS55 Mango Soprano cuenta con una tapa de mango laminada que responder\u00e1 a cualquier estilo de ejecuci\u00f3n y agregar\u00e1 un &#8220;aspecto&#8221; tradicional al hacerlo. El mango es un material popular tanto por su apariencia como por su sonido. Ofrece un tono claro brillante y el grano claro y oscuro del mango har\u00e1 que lo mires tanto como lo toques. El mango a menudo crece en arboledas alrededor del agua, por lo que este ukelele se sentir\u00e1 como en casa cuando est\u00e9s tocando con las olas golpeando tus pies.<\/div>\n<div>\n<h4>Quick look<\/h4>\n<\/div>\n<ul style=\"margin: 0px 0px 0px 25px\">\n<li style=\"list-style-type: circle;margin: 5px\">Un twist en el cl\u00e1sico: Tutti frutti.<\/li>\n<li style=\"list-style-type: circle;margin: 5px\">Vamos a tocar.<\/li>\n<li style=\"list-style-type: circle;margin: 5px\">Tono de calidad perfecta.<\/li>\n<li style=\"list-style-type: circle;margin: 5px\">Abr\u00f3chense los cinturones de seguridad.<\/li>\n<li style=\"list-style-type: circle;margin: 5px\">Todo comienza con el cabezal.<\/li>\n<li style=\"list-style-type: circle;margin: 5px\">Estilo Denim.<\/li>\n<li style=\"list-style-type: circle;margin: 5px\">Folleto instruccional.<\/li>\n<\/ul>\n<div>\n<div style=\"font-weight: bold\">Un twist en el cl\u00e1sico: Tutti frutti.<\/div>\n<div>\n<p>Generalmente ofrecemos nuestra serie de ukeleles Travel con colores fr\u00edos o dise\u00f1os gr\u00e1ficos impresionantes, pero el ukelele Flight Travel TUS55 Mango Soprano ofrece un gui\u00f1o al dise\u00f1o cl\u00e1sico del ukelele mediante el uso de mango laminado. El mango proporciona un tono claro brillante y el gran claro y oscuro del mango har\u00e1 que lo mires tanto como lo toques.<\/p>\n<\/div>\n<div style=\"font-weight: bold\">Vamos a tocar.<\/div>\n<div>\n<p>El brazo y el diapas\u00f3n de este ukelele est\u00e1n hechos de pl\u00e1stico ABS. Esta es una soluci\u00f3n perfecta para los ukeleles de primera clase, ya que no es propenso a los cambios clim\u00e1ticos. Nunca experimentar\u00e1s un traste agudo o un brazo doblado en nuestros ukeleles Travel. El brazo tiene una textura de madera que ayuda a que el instrumento se sienta diferente a un ukelele de pl\u00e1stico mientras lo tocas.<\/p>\n<\/div>\n<div style=\"font-weight: bold\">Tono de calidad perfecta.<\/div>\n<div>\n<p>Nuestros ukeleles Travel utilizan traste cero y una montura ajustable, lo que mantiene la acci\u00f3n de las cuerdas baja y la entonaci\u00f3n en el punto. Dado que es pl\u00e1stico no reacciona a las condiciones clim\u00e1ticas como un ukelele de madera, nunca deber\u00edas tener que lidiar con ning\u00fan ajuste futuro en la montura.<\/p>\n<\/div>\n<div style=\"font-weight: bold\">Abr\u00f3chense los cinturones de seguridad.<\/div>\n<div>\n<p>Los ukeleles Flight Travel tienen la parte trasera redondeada, lo que puede hacerlos m\u00e1s dif\u00edciles de sostener para algunos m\u00fasicos. Agregamos un s\u00f3lo bot\u00f3n de tahal\u00ed a la serie Travel para que sean m\u00e1s f\u00e1ciles de sostener. Ofrecemos una selecci\u00f3n de tahal\u00edes para ukelele Flight que ser\u00edan un gran accesorio para tu uke.<\/p>\n<\/div>\n<div style=\"font-weight: bold\">Todo comienza con el cabezal.<\/div>\n<div>\n<p>Atractivo y f\u00e1cil de afinar. El dise\u00f1o del cabezal es una parte integral de nuestra identidad. La chapa del clavijero est\u00e1 hecha de mango laminado y combina con la placa de sonido del ukelele. Todos los ukeleles Flight cuentan con un cabezal cuidadosamente dise\u00f1ado, equipado con afinadores engranados que siempre mantendr\u00e1n su afinaci\u00f3n (una vez afinados).<\/p>\n<\/div>\n<div style=\"font-weight: bold\">Estilo Denim.<\/div>\n<div>\n<p>Siempre listos para llevar. Cada ukelele Flight incluye una funda. Si bien la serie Travel no necesita mucha protecci\u00f3n, una funda protege las cuerdas y hace que el ukelele sea m\u00e1s f\u00e1cil de llevar. Elegimos un color de mezclilla azul para agregar un poco de estilo y tambi\u00e9n para hacer que la funda se destaque de la funda negra est\u00e1ndar que a todos los dem\u00e1s parece favorecer.<\/p>\n<\/div>\n<div style=\"font-weight: bold\">Folleto instruccional.<\/div>\n<div>\n<p>Cada ukelele Flight incluye una gu\u00eda para principiantes y un juego de stickers de Flight. La gu\u00eda de principiante de 8 p\u00e1ginas contiene toda la informaci\u00f3n que necesitas para comenzar a tocar, incluyendo tablas de acordes, patrones de rasgueo y progresiones de acordes para tus primeros ejercicios. Y puedes usar los stickers para mostrar tu orgullo por tener un ukelele Flight.<\/p>\n<\/div>\n<\/div>\n<\/div>","protected":false},"excerpt":{"rendered":"<p>Ukelele soprano, tapa de mango laminado, aros y fondo de pl\u00e1stico ABS, puente de pl\u00e1stico ABS, terminado patr\u00f3n de madera de mango, bot\u00f3n de tahal\u00ed, brazo de pl\u00e1stico ABS, 15 trastes, diapas\u00f3n de pl\u00e1stico ABS, cejuela y montura de pl\u00e1stico ABS, ancho de la cejuela de 35.6 mm, marcadores de posici\u00f3n en los trastes 5, 7, 10 y 12, traste cero, espalda arqueada, afinadores de engranajes abiertos, diapas\u00f3n de pl\u00e1stico ABS, incluye funda acolchada y folleto de instrucciones.&hellip; <a class=\"kt-excerpt-readmore more-link\" href=\"https:\/\/www.mexicanguitarplayers.com\/en\/tienda\/cuerdas\/folkloricos-y-regionales\/ukelele-flight-soprano-mod-tus55-mango\/\">Read more<\/a><\/p>","protected":false},"featured_media":28176,"comment_status":"open","ping_status":"closed","template":"","meta":{"kt_blocks_editor_width":""},"pwb-brand":[322],"product_brand":[],"product_cat":[224,320],"product_tag":[],"class_list":{"0":"post-28186","1":"product","2":"type-product","3":"status-publish","4":"has-post-thumbnail","6":"pwb-brand-flight","7":"product_cat-cuerdas","8":"product_cat-folkloricos-y-regionales","9":"product_shipping_class-0-5-kg","11":"first","12":"outofstock","13":"taxable","14":"shipping-taxable","15":"purchasable","16":"product-type-simple"},"yoast_head":"<!-- This site is optimized with the Yoast SEO plugin v27.3 - https:\/\/yoast.com\/product\/yoast-seo-wordpress\/ -->\n<title>UKELELE FLIGHT SOPRANO MOD. TUS55 MANGO - Mexican Guitar Players<\/title>\n<meta name=\"description\" content=\"Ukelele soprano, tapa de mango laminado, aros y fondo de pl\u00e1stico ABS, puente de pl\u00e1stico ABS, terminado patr\u00f3n de madera de mango, bot\u00f3n de tahal\u00ed, brazo de pl\u00e1stico ABS, 15 trastes, diapas\u00f3n de pl\u00e1stico ABS, cejuela y montura de pl\u00e1stico ABS, ancho de la cejuela de 35.6 mm, marcadores de posici\u00f3n en los trastes 5, 7, 10 y 12, traste cero, espalda arqueada, afinadores de engranajes abiertos, diapas\u00f3n de pl\u00e1stico ABS, incluye funda acolchada y folleto de instrucciones.\" \/>\n<meta name=\"robots\" content=\"index, follow, max-snippet:-1, max-image-preview:large, max-video-preview:-1\" \/>\n<link rel=\"canonical\" href=\"https:\/\/www.mexicanguitarplayers.com\/en\/tienda\/sin%20categor\u00eda\/ukelele-flight-soprano-mod-tus55-mango\/\" \/>\n<meta property=\"og:locale\" content=\"en_US\" \/>\n<meta property=\"og:type\" content=\"article\" \/>\n<meta property=\"og:title\" content=\"UKELELE FLIGHT SOPRANO MOD. TUS55 MANGO - Mexican Guitar Players\" \/>\n<meta property=\"og:description\" content=\"Ukelele soprano, tapa de mango laminado, aros y fondo de pl\u00e1stico ABS, puente de pl\u00e1stico ABS, terminado patr\u00f3n de madera de mango, bot\u00f3n de tahal\u00ed, brazo de pl\u00e1stico ABS, 15 trastes, diapas\u00f3n de pl\u00e1stico ABS, cejuela y montura de pl\u00e1stico ABS, ancho de la cejuela de 35.6 mm, marcadores de posici\u00f3n en los trastes 5, 7, 10 y 12, traste cero, espalda arqueada, afinadores de engranajes abiertos, diapas\u00f3n de pl\u00e1stico ABS, incluye funda acolchada y folleto de instrucciones.\" \/>\n<meta property=\"og:url\" content=\"https:\/\/www.mexicanguitarplayers.com\/en\/tienda\/sin categor\u00eda\/ukelele-flight-soprano-mod-tus55-mango\/\" \/>\n<meta property=\"og:site_name\" content=\"Mexican Guitar Players\" \/>\n<meta property=\"article:modified_time\" content=\"2025-12-11T07:17:11+00:00\" \/>\n<meta name=\"twitter:card\" content=\"summary_large_image\" \/>\n<meta name=\"twitter:label1\" content=\"Est. reading time\" \/>\n\t<meta name=\"twitter:data1\" content=\"3 minutes\" \/>\n<script type=\"application\/ld+json\" class=\"yoast-schema-graph\">{\"@context\":\"https:\\\/\\\/schema.org\",\"@graph\":[{\"@type\":[\"WebPage\",\"ItemPage\"],\"@id\":\"https:\\\/\\\/www.mexicanguitarplayers.com\\\/tienda\\\/sin categor\u00eda\\\/ukelele-flight-soprano-mod-tus55-mango\\\/\",\"url\":\"https:\\\/\\\/www.mexicanguitarplayers.com\\\/tienda\\\/sin categor\u00eda\\\/ukelele-flight-soprano-mod-tus55-mango\\\/\",\"name\":\"UKELELE FLIGHT SOPRANO MOD. TUS55 MANGO - Mexican Guitar Players\",\"isPartOf\":{\"@id\":\"https:\\\/\\\/www.mexicanguitarplayers.com\\\/#website\"},\"primaryImageOfPage\":{\"@id\":\"https:\\\/\\\/www.mexicanguitarplayers.com\\\/tienda\\\/sin categor\u00eda\\\/ukelele-flight-soprano-mod-tus55-mango\\\/#primaryimage\"},\"image\":{\"@id\":\"https:\\\/\\\/www.mexicanguitarplayers.com\\\/tienda\\\/sin categor\u00eda\\\/ukelele-flight-soprano-mod-tus55-mango\\\/#primaryimage\"},\"thumbnailUrl\":\"https:\\\/\\\/www.mexicanguitarplayers.com\\\/wp-content\\\/uploads\\\/2025\\\/04\\\/ISFLITUS55MANG.jpg\",\"datePublished\":\"2025-04-08T14:23:19+00:00\",\"dateModified\":\"2025-12-11T07:17:11+00:00\",\"description\":\"Ukelele soprano, tapa de mango laminado, aros y fondo de pl\u00e1stico ABS, puente de pl\u00e1stico ABS, terminado patr\u00f3n de madera de mango, bot\u00f3n de tahal\u00ed, brazo de pl\u00e1stico ABS, 15 trastes, diapas\u00f3n de pl\u00e1stico ABS, cejuela y montura de pl\u00e1stico ABS, ancho de la cejuela de 35.6 mm, marcadores de posici\u00f3n en los trastes 5, 7, 10 y 12, traste cero, espalda arqueada, afinadores de engranajes abiertos, diapas\u00f3n de pl\u00e1stico ABS, incluye funda acolchada y folleto de instrucciones.\",\"breadcrumb\":{\"@id\":\"https:\\\/\\\/www.mexicanguitarplayers.com\\\/tienda\\\/sin categor\u00eda\\\/ukelele-flight-soprano-mod-tus55-mango\\\/#breadcrumb\"},\"inLanguage\":\"en-US\",\"potentialAction\":[{\"@type\":\"ReadAction\",\"target\":[\"https:\\\/\\\/www.mexicanguitarplayers.com\\\/tienda\\\/sin categor\u00eda\\\/ukelele-flight-soprano-mod-tus55-mango\\\/\"]}]},{\"@type\":\"ImageObject\",\"inLanguage\":\"en-US\",\"@id\":\"https:\\\/\\\/www.mexicanguitarplayers.com\\\/tienda\\\/sin categor\u00eda\\\/ukelele-flight-soprano-mod-tus55-mango\\\/#primaryimage\",\"url\":\"https:\\\/\\\/www.mexicanguitarplayers.com\\\/wp-content\\\/uploads\\\/2025\\\/04\\\/ISFLITUS55MANG.jpg\",\"contentUrl\":\"https:\\\/\\\/www.mexicanguitarplayers.com\\\/wp-content\\\/uploads\\\/2025\\\/04\\\/ISFLITUS55MANG.jpg\",\"width\":1200,\"height\":1200},{\"@type\":\"BreadcrumbList\",\"@id\":\"https:\\\/\\\/www.mexicanguitarplayers.com\\\/tienda\\\/sin categor\u00eda\\\/ukelele-flight-soprano-mod-tus55-mango\\\/#breadcrumb\",\"itemListElement\":[{\"@type\":\"ListItem\",\"position\":1,\"name\":\"Portada\",\"item\":\"https:\\\/\\\/www.mexicanguitarplayers.com\\\/\"},{\"@type\":\"ListItem\",\"position\":2,\"name\":\"Tienda\",\"item\":\"https:\\\/\\\/www.mexicanguitarplayers.com\\\/tienda\\\/\"},{\"@type\":\"ListItem\",\"position\":3,\"name\":\"UKELELE FLIGHT SOPRANO MOD. TUS55 MANGO\"}]},{\"@type\":\"WebSite\",\"@id\":\"https:\\\/\\\/www.mexicanguitarplayers.com\\\/#website\",\"url\":\"https:\\\/\\\/www.mexicanguitarplayers.com\\\/\",\"name\":\"Mexican Guitar Players\",\"description\":\"Website\",\"publisher\":{\"@id\":\"https:\\\/\\\/www.mexicanguitarplayers.com\\\/#organization\"},\"potentialAction\":[{\"@type\":\"SearchAction\",\"target\":{\"@type\":\"EntryPoint\",\"urlTemplate\":\"https:\\\/\\\/www.mexicanguitarplayers.com\\\/?s={search_term_string}\"},\"query-input\":{\"@type\":\"PropertyValueSpecification\",\"valueRequired\":true,\"valueName\":\"search_term_string\"}}],\"inLanguage\":\"en-US\"},{\"@type\":\"Organization\",\"@id\":\"https:\\\/\\\/www.mexicanguitarplayers.com\\\/#organization\",\"name\":\"Mexican Guitar Players\",\"url\":\"https:\\\/\\\/www.mexicanguitarplayers.com\\\/\",\"logo\":{\"@type\":\"ImageObject\",\"inLanguage\":\"en-US\",\"@id\":\"https:\\\/\\\/www.mexicanguitarplayers.com\\\/#\\\/schema\\\/logo\\\/image\\\/\",\"url\":\"\",\"contentUrl\":\"\",\"caption\":\"Mexican Guitar Players\"},\"image\":{\"@id\":\"https:\\\/\\\/www.mexicanguitarplayers.com\\\/#\\\/schema\\\/logo\\\/image\\\/\"}}]}<\/script>\n<!-- \/ Yoast SEO plugin. -->","yoast_head_json":{"title":"UKELELE FLIGHT SOPRANO MOD. TUS55 MANGO - Mexican Guitar Players","description":"Ukelele soprano, tapa de mango laminado, aros y fondo de pl\u00e1stico ABS, puente de pl\u00e1stico ABS, terminado patr\u00f3n de madera de mango, bot\u00f3n de tahal\u00ed, brazo de pl\u00e1stico ABS, 15 trastes, diapas\u00f3n de pl\u00e1stico ABS, cejuela y montura de pl\u00e1stico ABS, ancho de la cejuela de 35.6 mm, marcadores de posici\u00f3n en los trastes 5, 7, 10 y 12, traste cero, espalda arqueada, afinadores de engranajes abiertos, diapas\u00f3n de pl\u00e1stico ABS, incluye funda acolchada y folleto de instrucciones.","robots":{"index":"index","follow":"follow","max-snippet":"max-snippet:-1","max-image-preview":"max-image-preview:large","max-video-preview":"max-video-preview:-1"},"canonical":"https:\/\/www.mexicanguitarplayers.com\/en\/tienda\/sin categor\u00eda\/ukelele-flight-soprano-mod-tus55-mango\/","og_locale":"en_US","og_type":"article","og_title":"UKELELE FLIGHT SOPRANO MOD. TUS55 MANGO - Mexican Guitar Players","og_description":"Ukelele soprano, tapa de mango laminado, aros y fondo de pl\u00e1stico ABS, puente de pl\u00e1stico ABS, terminado patr\u00f3n de madera de mango, bot\u00f3n de tahal\u00ed, brazo de pl\u00e1stico ABS, 15 trastes, diapas\u00f3n de pl\u00e1stico ABS, cejuela y montura de pl\u00e1stico ABS, ancho de la cejuela de 35.6 mm, marcadores de posici\u00f3n en los trastes 5, 7, 10 y 12, traste cero, espalda arqueada, afinadores de engranajes abiertos, diapas\u00f3n de pl\u00e1stico ABS, incluye funda acolchada y folleto de instrucciones.","og_url":"https:\/\/www.mexicanguitarplayers.com\/en\/tienda\/sin categor\u00eda\/ukelele-flight-soprano-mod-tus55-mango\/","og_site_name":"Mexican Guitar Players","article_modified_time":"2025-12-11T07:17:11+00:00","twitter_card":"summary_large_image","twitter_misc":{"Est. reading time":"3 minutes"},"schema":{"@context":"https:\/\/schema.org","@graph":[{"@type":["WebPage","ItemPage"],"@id":"https:\/\/www.mexicanguitarplayers.com\/tienda\/sin categor\u00eda\/ukelele-flight-soprano-mod-tus55-mango\/","url":"https:\/\/www.mexicanguitarplayers.com\/tienda\/sin categor\u00eda\/ukelele-flight-soprano-mod-tus55-mango\/","name":"UKELELE FLIGHT SOPRANO MOD. TUS55 MANGO - Mexican Guitar Players","isPartOf":{"@id":"https:\/\/www.mexicanguitarplayers.com\/#website"},"primaryImageOfPage":{"@id":"https:\/\/www.mexicanguitarplayers.com\/tienda\/sin categor\u00eda\/ukelele-flight-soprano-mod-tus55-mango\/#primaryimage"},"image":{"@id":"https:\/\/www.mexicanguitarplayers.com\/tienda\/sin categor\u00eda\/ukelele-flight-soprano-mod-tus55-mango\/#primaryimage"},"thumbnailUrl":"https:\/\/www.mexicanguitarplayers.com\/wp-content\/uploads\/2025\/04\/ISFLITUS55MANG.jpg","datePublished":"2025-04-08T14:23:19+00:00","dateModified":"2025-12-11T07:17:11+00:00","description":"Ukelele soprano, tapa de mango laminado, aros y fondo de pl\u00e1stico ABS, puente de pl\u00e1stico ABS, terminado patr\u00f3n de madera de mango, bot\u00f3n de tahal\u00ed, brazo de pl\u00e1stico ABS, 15 trastes, diapas\u00f3n de pl\u00e1stico ABS, cejuela y montura de pl\u00e1stico ABS, ancho de la cejuela de 35.6 mm, marcadores de posici\u00f3n en los trastes 5, 7, 10 y 12, traste cero, espalda arqueada, afinadores de engranajes abiertos, diapas\u00f3n de pl\u00e1stico ABS, incluye funda acolchada y folleto de instrucciones.","breadcrumb":{"@id":"https:\/\/www.mexicanguitarplayers.com\/tienda\/sin categor\u00eda\/ukelele-flight-soprano-mod-tus55-mango\/#breadcrumb"},"inLanguage":"en-US","potentialAction":[{"@type":"ReadAction","target":["https:\/\/www.mexicanguitarplayers.com\/tienda\/sin categor\u00eda\/ukelele-flight-soprano-mod-tus55-mango\/"]}]},{"@type":"ImageObject","inLanguage":"en-US","@id":"https:\/\/www.mexicanguitarplayers.com\/tienda\/sin categor\u00eda\/ukelele-flight-soprano-mod-tus55-mango\/#primaryimage","url":"https:\/\/www.mexicanguitarplayers.com\/wp-content\/uploads\/2025\/04\/ISFLITUS55MANG.jpg","contentUrl":"https:\/\/www.mexicanguitarplayers.com\/wp-content\/uploads\/2025\/04\/ISFLITUS55MANG.jpg","width":1200,"height":1200},{"@type":"BreadcrumbList","@id":"https:\/\/www.mexicanguitarplayers.com\/tienda\/sin categor\u00eda\/ukelele-flight-soprano-mod-tus55-mango\/#breadcrumb","itemListElement":[{"@type":"ListItem","position":1,"name":"Portada","item":"https:\/\/www.mexicanguitarplayers.com\/"},{"@type":"ListItem","position":2,"name":"Tienda","item":"https:\/\/www.mexicanguitarplayers.com\/tienda\/"},{"@type":"ListItem","position":3,"name":"UKELELE FLIGHT SOPRANO MOD. TUS55 MANGO"}]},{"@type":"WebSite","@id":"https:\/\/www.mexicanguitarplayers.com\/#website","url":"https:\/\/www.mexicanguitarplayers.com\/","name":"Mexican Guitar Players","description":"Website","publisher":{"@id":"https:\/\/www.mexicanguitarplayers.com\/#organization"},"potentialAction":[{"@type":"SearchAction","target":{"@type":"EntryPoint","urlTemplate":"https:\/\/www.mexicanguitarplayers.com\/?s={search_term_string}"},"query-input":{"@type":"PropertyValueSpecification","valueRequired":true,"valueName":"search_term_string"}}],"inLanguage":"en-US"},{"@type":"Organization","@id":"https:\/\/www.mexicanguitarplayers.com\/#organization","name":"Mexican Guitar Players","url":"https:\/\/www.mexicanguitarplayers.com\/","logo":{"@type":"ImageObject","inLanguage":"en-US","@id":"https:\/\/www.mexicanguitarplayers.com\/#\/schema\/logo\/image\/","url":"","contentUrl":"","caption":"Mexican Guitar Players"},"image":{"@id":"https:\/\/www.mexicanguitarplayers.com\/#\/schema\/logo\/image\/"}}]}},"brands":[{"id":322,"name":"FLIGHT","slug":"flight"}],"_links":{"self":[{"href":"https:\/\/www.mexicanguitarplayers.com\/en\/wp-json\/wp\/v2\/product\/28186","targetHints":{"allow":["GET"]}}],"collection":[{"href":"https:\/\/www.mexicanguitarplayers.com\/en\/wp-json\/wp\/v2\/product"}],"about":[{"href":"https:\/\/www.mexicanguitarplayers.com\/en\/wp-json\/wp\/v2\/types\/product"}],"replies":[{"embeddable":true,"href":"https:\/\/www.mexicanguitarplayers.com\/en\/wp-json\/wp\/v2\/comments?post=28186"}],"wp:featuredmedia":[{"embeddable":true,"href":"https:\/\/www.mexicanguitarplayers.com\/en\/wp-json\/wp\/v2\/media\/28176"}],"wp:attachment":[{"href":"https:\/\/www.mexicanguitarplayers.com\/en\/wp-json\/wp\/v2\/media?parent=28186"}],"wp:term":[{"taxonomy":"pwb-brand","embeddable":true,"href":"https:\/\/www.mexicanguitarplayers.com\/en\/wp-json\/wp\/v2\/pwb-brand?post=28186"},{"taxonomy":"product_brand","embeddable":true,"href":"https:\/\/www.mexicanguitarplayers.com\/en\/wp-json\/wp\/v2\/product_brand?post=28186"},{"taxonomy":"product_cat","embeddable":true,"href":"https:\/\/www.mexicanguitarplayers.com\/en\/wp-json\/wp\/v2\/product_cat?post=28186"},{"taxonomy":"product_tag","embeddable":true,"href":"https:\/\/www.mexicanguitarplayers.com\/en\/wp-json\/wp\/v2\/product_tag?post=28186"}],"curies":[{"name":"wp","href":"https:\/\/api.w.org\/{rel}","templated":true}]}}