{"id":28199,"date":"2025-04-08T08:23:34","date_gmt":"2025-04-08T14:23:34","guid":{"rendered":"https:\/\/www.mexicanguitarplayers.com\/tienda\/sin categor\u00eda\/microfono-behringer-mod-video-mic\/"},"modified":"2026-05-01T07:26:57","modified_gmt":"2026-05-01T13:26:57","slug":"microfono-behringer-mod-video-mic","status":"publish","type":"product","link":"https:\/\/www.mexicanguitarplayers.com\/en\/tienda\/audio\/microfonia\/microfonos-alambricos\/de-escritorio\/microfono-behringer-mod-video-mic\/","title":{"rendered":"MICROFONO BEHRINGER MOD. VIDEO MIC"},"content":{"rendered":"<div style=\"text-align: justify\">\n<div>\n<h3>Un micr\u00f3fono premium y vers\u00e1til para tu c\u00e1mara.<\/h3>\n<\/div>\n<div>Ya seas un periodista, un podcaster o un vlogger, el VIDEO MIX satisface tu necesidad de un micr\u00f3fono de montaje en c\u00e1mara que sea muy capaz. El VIDEO MIC es un micr\u00f3fono compacto, ultra delgado y liviano que te permite grabar videos con audio de alta calidad. El VIDEO MIX tiene una c\u00e1psula de condensador de alta calidad con un patr\u00f3n de captaci\u00f3n cardioide que coincide con la vista frente a la c\u00e1mara mientras aten\u00faa los sonidos que distraen en las inmediaciones. La carcasa del VIDEO MIC est\u00e1 hecha de aleaci\u00f3n de cobre de alta calidad para mayor durabilidad y un alto nivel de rechazo de RF. El VIDEO MIC funciona con c\u00e1maras DSRL (Digital Single Lens Reflex), c\u00e1maras de video, smartphones y la mayor\u00eda de las grabadoras de audio y brinda una interpretaci\u00f3n vocal de alta calidad a un precio accesible que se ajusta al presupuesto de cualquier persona. Con un dise\u00f1o de tubo de resonancia de alta calidad, el VIDEO MIX funciona mejor que muchos otros micr\u00f3fonos y captura un sonido m\u00e1s natural. La corta longitud del VIDEO MIX hace que sea muy pr\u00e1ctico de llevar. Un shock-mount de c\u00e1mara de alto rendimiento elimina el ruido de manejo. La junta de r\u00f3tula axial es \u00fatil para un posicionamiento preciso hacia la fuente de audio. El discreto parabrisas tambi\u00e9n elimina el ruido del viento durante las grabaciones al aire libre.<\/div>\n<div>\n<h4>Quick look<\/h4>\n<\/div>\n<ul style=\"margin: 0px 0px 0px 25px\">\n<li style=\"list-style-type: circle;margin: 5px\">Kind.<\/li>\n<li style=\"list-style-type: circle;margin: 5px\">Frequency response.<\/li>\n<li style=\"list-style-type: circle;margin: 5px\">Maximum SPL.<\/li>\n<li style=\"list-style-type: circle;margin: 5px\">Directividad.<\/li>\n<li style=\"list-style-type: circle;margin: 5px\">Sensitivity.<\/li>\n<li style=\"list-style-type: circle;margin: 5px\">Power supply.<\/li>\n<\/ul>\n<div>\n<div style=\"font-weight: bold\">Kind.<\/div>\n<div>\n<p>Condensador.<\/p>\n<\/div>\n<div style=\"font-weight: bold\">Frequency response.<\/div>\n<div>\n<p>40 Hz a 16 kHz.<\/p>\n<\/div>\n<div style=\"font-weight: bold\">Maximum SPL.<\/div>\n<div>\n<p>120 dB.<\/p>\n<\/div>\n<div style=\"font-weight: bold\">Directividad.<\/div>\n<div>\n<p>Unidireccional.<\/p>\n<\/div>\n<div style=\"font-weight: bold\">Sensitivity.<\/div>\n<div>\n<p>-38 dB \u00b13 dB @ 1kHz (3.2mV\/Pa).<\/p>\n<\/div>\n<div style=\"font-weight: bold\">Power supply.<\/div>\n<div>\n<p>1.5 V externo.<\/p>\n<\/div>\n<\/div>\n<\/div>","protected":false},"excerpt":{"rendered":"<p>Micr\u00f3fono de condensador tipo shotgun para aplicaciones de c\u00e1mara de video, calidad de transmisi\u00f3n con respuesta de audio superior para DSLR, c\u00e1maras de video, smartphones y la mayor\u00eda de las grabadoras de audio, excelente opci\u00f3n para periodistas profesionales, podcasters, vloggers y producci\u00f3n de videos y pel\u00edculas, el patr\u00f3n de captaci\u00f3n cardioide minimiza el ruido de fondo y la retroalimentaci\u00f3n,  r\u00f3tula axial y r\u00f3tula para un posicionamiento preciso, conector TRRS chapado en oro de 3.5 mm (1\/8\u201d) para una m\u00e1xima integridad de la se\u00f1al, construcci\u00f3n ligera ultra resistente con cuerpo de metal fundido a presi\u00f3n, shock-mount especialmente dise\u00f1ado con adaptador de zapata de c\u00e1mara, cable de extensi\u00f3n para smartphones, parabrisas de espuma y bolsa de transporte protectora incluidos.&hellip; <a class=\"kt-excerpt-readmore more-link\" href=\"https:\/\/www.mexicanguitarplayers.com\/en\/tienda\/audio\/microfonia\/microfonos-alambricos\/de-escritorio\/microfono-behringer-mod-video-mic\/\">Read more<\/a><\/p>","protected":false},"featured_media":28192,"comment_status":"open","ping_status":"closed","template":"","meta":{"kt_blocks_editor_width":""},"pwb-brand":[171],"product_brand":[],"product_cat":[213,217,214,215],"product_tag":[],"class_list":{"0":"post-28199","1":"product","2":"type-product","3":"status-publish","4":"has-post-thumbnail","6":"pwb-brand-behringer","7":"product_cat-audio","8":"product_cat-de-escritorio","9":"product_cat-microfonia","10":"product_cat-microfonos-alambricos","11":"product_shipping_class-0-5-kg","13":"first","14":"instock","15":"taxable","16":"shipping-taxable","17":"purchasable","18":"product-type-simple"},"yoast_head":"<!-- This site is optimized with the Yoast SEO plugin v27.5 - https:\/\/yoast.com\/product\/yoast-seo-wordpress\/ -->\n<title>MICROFONO BEHRINGER MOD. VIDEO MIC - Mexican Guitar Players<\/title>\n<meta name=\"description\" content=\"Micr\u00f3fono de condensador tipo shotgun para aplicaciones de c\u00e1mara de video, calidad de transmisi\u00f3n con respuesta de audio superior para DSLR, c\u00e1maras de video, smartphones y la mayor\u00eda de las grabadoras de audio, excelente opci\u00f3n para periodistas profesionales, podcasters, vloggers y producci\u00f3n de videos y pel\u00edculas, el patr\u00f3n de captaci\u00f3n cardioide minimiza el ruido de fondo y la retroalimentaci\u00f3n, r\u00f3tula axial y r\u00f3tula para un posicionamiento preciso, conector TRRS chapado en oro de 3.5 mm (1\/8\u201d) para una m\u00e1xima integridad de la se\u00f1al, construcci\u00f3n ligera ultra resistente con cuerpo de metal fundido a presi\u00f3n, shock-mount especialmente dise\u00f1ado con adaptador de zapata de c\u00e1mara, cable de extensi\u00f3n para smartphones, parabrisas de espuma y bolsa de transporte protectora incluidos.\" \/>\n<meta name=\"robots\" content=\"index, follow, max-snippet:-1, max-image-preview:large, max-video-preview:-1\" \/>\n<link rel=\"canonical\" href=\"https:\/\/www.mexicanguitarplayers.com\/en\/tienda\/sin%20categor\u00eda\/microfono-behringer-mod-video-mic\/\" \/>\n<meta property=\"og:locale\" content=\"en_US\" \/>\n<meta property=\"og:type\" content=\"article\" \/>\n<meta property=\"og:title\" content=\"MICROFONO BEHRINGER MOD. VIDEO MIC - Mexican Guitar Players\" \/>\n<meta property=\"og:description\" content=\"Micr\u00f3fono de condensador tipo shotgun para aplicaciones de c\u00e1mara de video, calidad de transmisi\u00f3n con respuesta de audio superior para DSLR, c\u00e1maras de video, smartphones y la mayor\u00eda de las grabadoras de audio, excelente opci\u00f3n para periodistas profesionales, podcasters, vloggers y producci\u00f3n de videos y pel\u00edculas, el patr\u00f3n de captaci\u00f3n cardioide minimiza el ruido de fondo y la retroalimentaci\u00f3n, r\u00f3tula axial y r\u00f3tula para un posicionamiento preciso, conector TRRS chapado en oro de 3.5 mm (1\/8\u201d) para una m\u00e1xima integridad de la se\u00f1al, construcci\u00f3n ligera ultra resistente con cuerpo de metal fundido a presi\u00f3n, shock-mount especialmente dise\u00f1ado con adaptador de zapata de c\u00e1mara, cable de extensi\u00f3n para smartphones, parabrisas de espuma y bolsa de transporte protectora incluidos.\" \/>\n<meta property=\"og:url\" content=\"https:\/\/www.mexicanguitarplayers.com\/en\/tienda\/sin categor\u00eda\/microfono-behringer-mod-video-mic\/\" \/>\n<meta property=\"og:site_name\" content=\"Mexican Guitar Players\" \/>\n<meta property=\"article:modified_time\" content=\"2026-05-01T13:26:57+00:00\" \/>\n<meta name=\"twitter:card\" content=\"summary_large_image\" \/>\n<meta name=\"twitter:label1\" content=\"Est. reading time\" \/>\n\t<meta name=\"twitter:data1\" content=\"2 minutes\" \/>\n<script type=\"application\/ld+json\" class=\"yoast-schema-graph\">{\"@context\":\"https:\\\/\\\/schema.org\",\"@graph\":[{\"@type\":[\"WebPage\",\"ItemPage\"],\"@id\":\"https:\\\/\\\/www.mexicanguitarplayers.com\\\/tienda\\\/sin categor\u00eda\\\/microfono-behringer-mod-video-mic\\\/\",\"url\":\"https:\\\/\\\/www.mexicanguitarplayers.com\\\/tienda\\\/sin categor\u00eda\\\/microfono-behringer-mod-video-mic\\\/\",\"name\":\"MICROFONO BEHRINGER MOD. VIDEO MIC - Mexican Guitar Players\",\"isPartOf\":{\"@id\":\"https:\\\/\\\/www.mexicanguitarplayers.com\\\/#website\"},\"primaryImageOfPage\":{\"@id\":\"https:\\\/\\\/www.mexicanguitarplayers.com\\\/tienda\\\/sin categor\u00eda\\\/microfono-behringer-mod-video-mic\\\/#primaryimage\"},\"image\":{\"@id\":\"https:\\\/\\\/www.mexicanguitarplayers.com\\\/tienda\\\/sin categor\u00eda\\\/microfono-behringer-mod-video-mic\\\/#primaryimage\"},\"thumbnailUrl\":\"https:\\\/\\\/www.mexicanguitarplayers.com\\\/wp-content\\\/uploads\\\/2025\\\/04\\\/IABEHVIDEOMIC.jpg\",\"datePublished\":\"2025-04-08T14:23:34+00:00\",\"dateModified\":\"2026-05-01T13:26:57+00:00\",\"description\":\"Micr\u00f3fono de condensador tipo shotgun para aplicaciones de c\u00e1mara de video, calidad de transmisi\u00f3n con respuesta de audio superior para DSLR, c\u00e1maras de video, smartphones y la mayor\u00eda de las grabadoras de audio, excelente opci\u00f3n para periodistas profesionales, podcasters, vloggers y producci\u00f3n de videos y pel\u00edculas, el patr\u00f3n de captaci\u00f3n cardioide minimiza el ruido de fondo y la retroalimentaci\u00f3n, r\u00f3tula axial y r\u00f3tula para un posicionamiento preciso, conector TRRS chapado en oro de 3.5 mm (1\\\/8\u201d) para una m\u00e1xima integridad de la se\u00f1al, construcci\u00f3n ligera ultra resistente con cuerpo de metal fundido a presi\u00f3n, shock-mount especialmente dise\u00f1ado con adaptador de zapata de c\u00e1mara, cable de extensi\u00f3n para smartphones, parabrisas de espuma y bolsa de transporte protectora incluidos.\",\"breadcrumb\":{\"@id\":\"https:\\\/\\\/www.mexicanguitarplayers.com\\\/tienda\\\/sin categor\u00eda\\\/microfono-behringer-mod-video-mic\\\/#breadcrumb\"},\"inLanguage\":\"en-US\",\"potentialAction\":[{\"@type\":\"ReadAction\",\"target\":[\"https:\\\/\\\/www.mexicanguitarplayers.com\\\/tienda\\\/sin categor\u00eda\\\/microfono-behringer-mod-video-mic\\\/\"]}]},{\"@type\":\"ImageObject\",\"inLanguage\":\"en-US\",\"@id\":\"https:\\\/\\\/www.mexicanguitarplayers.com\\\/tienda\\\/sin categor\u00eda\\\/microfono-behringer-mod-video-mic\\\/#primaryimage\",\"url\":\"https:\\\/\\\/www.mexicanguitarplayers.com\\\/wp-content\\\/uploads\\\/2025\\\/04\\\/IABEHVIDEOMIC.jpg\",\"contentUrl\":\"https:\\\/\\\/www.mexicanguitarplayers.com\\\/wp-content\\\/uploads\\\/2025\\\/04\\\/IABEHVIDEOMIC.jpg\",\"width\":1600,\"height\":800},{\"@type\":\"BreadcrumbList\",\"@id\":\"https:\\\/\\\/www.mexicanguitarplayers.com\\\/tienda\\\/sin categor\u00eda\\\/microfono-behringer-mod-video-mic\\\/#breadcrumb\",\"itemListElement\":[{\"@type\":\"ListItem\",\"position\":1,\"name\":\"Portada\",\"item\":\"https:\\\/\\\/www.mexicanguitarplayers.com\\\/\"},{\"@type\":\"ListItem\",\"position\":2,\"name\":\"Tienda\",\"item\":\"https:\\\/\\\/www.mexicanguitarplayers.com\\\/tienda\\\/\"},{\"@type\":\"ListItem\",\"position\":3,\"name\":\"MICROFONO BEHRINGER MOD. VIDEO MIC\"}]},{\"@type\":\"WebSite\",\"@id\":\"https:\\\/\\\/www.mexicanguitarplayers.com\\\/#website\",\"url\":\"https:\\\/\\\/www.mexicanguitarplayers.com\\\/\",\"name\":\"Mexican Guitar Players\",\"description\":\"Website\",\"publisher\":{\"@id\":\"https:\\\/\\\/www.mexicanguitarplayers.com\\\/#organization\"},\"potentialAction\":[{\"@type\":\"SearchAction\",\"target\":{\"@type\":\"EntryPoint\",\"urlTemplate\":\"https:\\\/\\\/www.mexicanguitarplayers.com\\\/?s={search_term_string}\"},\"query-input\":{\"@type\":\"PropertyValueSpecification\",\"valueRequired\":true,\"valueName\":\"search_term_string\"}}],\"inLanguage\":\"en-US\"},{\"@type\":\"Organization\",\"@id\":\"https:\\\/\\\/www.mexicanguitarplayers.com\\\/#organization\",\"name\":\"Mexican Guitar Players\",\"url\":\"https:\\\/\\\/www.mexicanguitarplayers.com\\\/\",\"logo\":{\"@type\":\"ImageObject\",\"inLanguage\":\"en-US\",\"@id\":\"https:\\\/\\\/www.mexicanguitarplayers.com\\\/#\\\/schema\\\/logo\\\/image\\\/\",\"url\":\"\",\"contentUrl\":\"\",\"caption\":\"Mexican Guitar Players\"},\"image\":{\"@id\":\"https:\\\/\\\/www.mexicanguitarplayers.com\\\/#\\\/schema\\\/logo\\\/image\\\/\"}}]}<\/script>\n<!-- \/ Yoast SEO plugin. -->","yoast_head_json":{"title":"MICROFONO BEHRINGER MOD. VIDEO MIC - Mexican Guitar Players","description":"Micr\u00f3fono de condensador tipo shotgun para aplicaciones de c\u00e1mara de video, calidad de transmisi\u00f3n con respuesta de audio superior para DSLR, c\u00e1maras de video, smartphones y la mayor\u00eda de las grabadoras de audio, excelente opci\u00f3n para periodistas profesionales, podcasters, vloggers y producci\u00f3n de videos y pel\u00edculas, el patr\u00f3n de captaci\u00f3n cardioide minimiza el ruido de fondo y la retroalimentaci\u00f3n, r\u00f3tula axial y r\u00f3tula para un posicionamiento preciso, conector TRRS chapado en oro de 3.5 mm (1\/8\u201d) para una m\u00e1xima integridad de la se\u00f1al, construcci\u00f3n ligera ultra resistente con cuerpo de metal fundido a presi\u00f3n, shock-mount especialmente dise\u00f1ado con adaptador de zapata de c\u00e1mara, cable de extensi\u00f3n para smartphones, parabrisas de espuma y bolsa de transporte protectora incluidos.","robots":{"index":"index","follow":"follow","max-snippet":"max-snippet:-1","max-image-preview":"max-image-preview:large","max-video-preview":"max-video-preview:-1"},"canonical":"https:\/\/www.mexicanguitarplayers.com\/en\/tienda\/sin categor\u00eda\/microfono-behringer-mod-video-mic\/","og_locale":"en_US","og_type":"article","og_title":"MICROFONO BEHRINGER MOD. VIDEO MIC - Mexican Guitar Players","og_description":"Micr\u00f3fono de condensador tipo shotgun para aplicaciones de c\u00e1mara de video, calidad de transmisi\u00f3n con respuesta de audio superior para DSLR, c\u00e1maras de video, smartphones y la mayor\u00eda de las grabadoras de audio, excelente opci\u00f3n para periodistas profesionales, podcasters, vloggers y producci\u00f3n de videos y pel\u00edculas, el patr\u00f3n de captaci\u00f3n cardioide minimiza el ruido de fondo y la retroalimentaci\u00f3n, r\u00f3tula axial y r\u00f3tula para un posicionamiento preciso, conector TRRS chapado en oro de 3.5 mm (1\/8\u201d) para una m\u00e1xima integridad de la se\u00f1al, construcci\u00f3n ligera ultra resistente con cuerpo de metal fundido a presi\u00f3n, shock-mount especialmente dise\u00f1ado con adaptador de zapata de c\u00e1mara, cable de extensi\u00f3n para smartphones, parabrisas de espuma y bolsa de transporte protectora incluidos.","og_url":"https:\/\/www.mexicanguitarplayers.com\/en\/tienda\/sin categor\u00eda\/microfono-behringer-mod-video-mic\/","og_site_name":"Mexican Guitar Players","article_modified_time":"2026-05-01T13:26:57+00:00","twitter_card":"summary_large_image","twitter_misc":{"Est. reading time":"2 minutes"},"schema":{"@context":"https:\/\/schema.org","@graph":[{"@type":["WebPage","ItemPage"],"@id":"https:\/\/www.mexicanguitarplayers.com\/tienda\/sin categor\u00eda\/microfono-behringer-mod-video-mic\/","url":"https:\/\/www.mexicanguitarplayers.com\/tienda\/sin categor\u00eda\/microfono-behringer-mod-video-mic\/","name":"MICROFONO BEHRINGER MOD. VIDEO MIC - Mexican Guitar Players","isPartOf":{"@id":"https:\/\/www.mexicanguitarplayers.com\/#website"},"primaryImageOfPage":{"@id":"https:\/\/www.mexicanguitarplayers.com\/tienda\/sin categor\u00eda\/microfono-behringer-mod-video-mic\/#primaryimage"},"image":{"@id":"https:\/\/www.mexicanguitarplayers.com\/tienda\/sin categor\u00eda\/microfono-behringer-mod-video-mic\/#primaryimage"},"thumbnailUrl":"https:\/\/www.mexicanguitarplayers.com\/wp-content\/uploads\/2025\/04\/IABEHVIDEOMIC.jpg","datePublished":"2025-04-08T14:23:34+00:00","dateModified":"2026-05-01T13:26:57+00:00","description":"Micr\u00f3fono de condensador tipo shotgun para aplicaciones de c\u00e1mara de video, calidad de transmisi\u00f3n con respuesta de audio superior para DSLR, c\u00e1maras de video, smartphones y la mayor\u00eda de las grabadoras de audio, excelente opci\u00f3n para periodistas profesionales, podcasters, vloggers y producci\u00f3n de videos y pel\u00edculas, el patr\u00f3n de captaci\u00f3n cardioide minimiza el ruido de fondo y la retroalimentaci\u00f3n, r\u00f3tula axial y r\u00f3tula para un posicionamiento preciso, conector TRRS chapado en oro de 3.5 mm (1\/8\u201d) para una m\u00e1xima integridad de la se\u00f1al, construcci\u00f3n ligera ultra resistente con cuerpo de metal fundido a presi\u00f3n, shock-mount especialmente dise\u00f1ado con adaptador de zapata de c\u00e1mara, cable de extensi\u00f3n para smartphones, parabrisas de espuma y bolsa de transporte protectora incluidos.","breadcrumb":{"@id":"https:\/\/www.mexicanguitarplayers.com\/tienda\/sin categor\u00eda\/microfono-behringer-mod-video-mic\/#breadcrumb"},"inLanguage":"en-US","potentialAction":[{"@type":"ReadAction","target":["https:\/\/www.mexicanguitarplayers.com\/tienda\/sin categor\u00eda\/microfono-behringer-mod-video-mic\/"]}]},{"@type":"ImageObject","inLanguage":"en-US","@id":"https:\/\/www.mexicanguitarplayers.com\/tienda\/sin categor\u00eda\/microfono-behringer-mod-video-mic\/#primaryimage","url":"https:\/\/www.mexicanguitarplayers.com\/wp-content\/uploads\/2025\/04\/IABEHVIDEOMIC.jpg","contentUrl":"https:\/\/www.mexicanguitarplayers.com\/wp-content\/uploads\/2025\/04\/IABEHVIDEOMIC.jpg","width":1600,"height":800},{"@type":"BreadcrumbList","@id":"https:\/\/www.mexicanguitarplayers.com\/tienda\/sin categor\u00eda\/microfono-behringer-mod-video-mic\/#breadcrumb","itemListElement":[{"@type":"ListItem","position":1,"name":"Portada","item":"https:\/\/www.mexicanguitarplayers.com\/"},{"@type":"ListItem","position":2,"name":"Tienda","item":"https:\/\/www.mexicanguitarplayers.com\/tienda\/"},{"@type":"ListItem","position":3,"name":"MICROFONO BEHRINGER MOD. VIDEO MIC"}]},{"@type":"WebSite","@id":"https:\/\/www.mexicanguitarplayers.com\/#website","url":"https:\/\/www.mexicanguitarplayers.com\/","name":"Mexican Guitar Players","description":"Website","publisher":{"@id":"https:\/\/www.mexicanguitarplayers.com\/#organization"},"potentialAction":[{"@type":"SearchAction","target":{"@type":"EntryPoint","urlTemplate":"https:\/\/www.mexicanguitarplayers.com\/?s={search_term_string}"},"query-input":{"@type":"PropertyValueSpecification","valueRequired":true,"valueName":"search_term_string"}}],"inLanguage":"en-US"},{"@type":"Organization","@id":"https:\/\/www.mexicanguitarplayers.com\/#organization","name":"Mexican Guitar Players","url":"https:\/\/www.mexicanguitarplayers.com\/","logo":{"@type":"ImageObject","inLanguage":"en-US","@id":"https:\/\/www.mexicanguitarplayers.com\/#\/schema\/logo\/image\/","url":"","contentUrl":"","caption":"Mexican Guitar Players"},"image":{"@id":"https:\/\/www.mexicanguitarplayers.com\/#\/schema\/logo\/image\/"}}]}},"brands":[{"id":171,"name":"BEHRINGER","slug":"behringer"}],"_links":{"self":[{"href":"https:\/\/www.mexicanguitarplayers.com\/en\/wp-json\/wp\/v2\/product\/28199","targetHints":{"allow":["GET"]}}],"collection":[{"href":"https:\/\/www.mexicanguitarplayers.com\/en\/wp-json\/wp\/v2\/product"}],"about":[{"href":"https:\/\/www.mexicanguitarplayers.com\/en\/wp-json\/wp\/v2\/types\/product"}],"replies":[{"embeddable":true,"href":"https:\/\/www.mexicanguitarplayers.com\/en\/wp-json\/wp\/v2\/comments?post=28199"}],"wp:featuredmedia":[{"embeddable":true,"href":"https:\/\/www.mexicanguitarplayers.com\/en\/wp-json\/wp\/v2\/media\/28192"}],"wp:attachment":[{"href":"https:\/\/www.mexicanguitarplayers.com\/en\/wp-json\/wp\/v2\/media?parent=28199"}],"wp:term":[{"taxonomy":"pwb-brand","embeddable":true,"href":"https:\/\/www.mexicanguitarplayers.com\/en\/wp-json\/wp\/v2\/pwb-brand?post=28199"},{"taxonomy":"product_brand","embeddable":true,"href":"https:\/\/www.mexicanguitarplayers.com\/en\/wp-json\/wp\/v2\/product_brand?post=28199"},{"taxonomy":"product_cat","embeddable":true,"href":"https:\/\/www.mexicanguitarplayers.com\/en\/wp-json\/wp\/v2\/product_cat?post=28199"},{"taxonomy":"product_tag","embeddable":true,"href":"https:\/\/www.mexicanguitarplayers.com\/en\/wp-json\/wp\/v2\/product_tag?post=28199"}],"curies":[{"name":"wp","href":"https:\/\/api.w.org\/{rel}","templated":true}]}}