{"id":28247,"date":"2025-04-08T08:24:41","date_gmt":"2025-04-08T14:24:41","guid":{"rendered":"https:\/\/www.mexicanguitarplayers.com\/tienda\/sin categor\u00eda\/bafle-gk-p-bajo-mod-410glx\/"},"modified":"2026-04-10T04:40:39","modified_gmt":"2026-04-10T10:40:39","slug":"bafle-gk-p-bajo-mod-410glx","status":"publish","type":"product","link":"https:\/\/www.mexicanguitarplayers.com\/en\/tienda\/cuerdas\/bafles-cuerdas\/bafles-para-bajo\/bafle-gk-p-bajo-mod-410glx\/","title":{"rendered":"BAFLE GK P\/BAJO MOD. 410GLX"},"content":{"rendered":"<div style=\"text-align: justify\">\n<div>\n<h3>Bafles GLX Gallien-Krueger, el mejor complemento para tu ampli Goldenline-<\/h3>\n<\/div>\n<div>Bafle GK mod. 410GLX. Serie Goldline. Bafle para bajo. 400W a 8 ohms, 4 altavoces Paragon de 10&#8243; con cono de aluminio dorado. Entrada de 1\/4&#8243;, parrilla de acero y manijas retr\u00e1ctiles. T\u00fanel de sinton\u00eda frontal. Forro de alfombra negra. Gran sonido con graves profundos y medios suaves. <\/div>\n<div>\n<h4>Quick look<\/h4>\n<\/div>\n<ul style=\"margin: 0px 0px 0px 25px\">\n<li style=\"list-style-type: circle;margin: 5px\">4 X 10<\/li>\n<li style=\"list-style-type: circle;margin: 5px\">400W a 8 ohms<\/li>\n<\/ul>\n<div>\n<div style=\"font-weight: bold\">4 X 10<\/div>\n<div>\n<p>4 altavoces Paragon de 10&#8243; con cono de aluminio dorado<\/p>\n<\/div>\n<div style=\"font-weight: bold\">400W a 8 ohms<\/div>\n<div>\n<p>Gran manejo de potencia sin distorsion ni problemas<\/p>\n<\/div>\n<\/div>\n<div>\n<h4>Characteristics<\/h4>\n<\/div>\n<div>\n<ul style=\"margin: 0px 0px 0px 25px\">\n<li style=\"list-style-type: circle;margin: 5px\">Construcci\u00f3n r\u00edgida<\/li>\n<li style=\"list-style-type: circle;margin: 5px\">Entrada de plug de 1\/4&#8243;<\/li>\n<li style=\"list-style-type: circle;margin: 5px\">Manijas retr\u00e1ctiles<\/li>\n<\/ul>\n<\/div>\n<\/div>","protected":false},"excerpt":{"rendered":"<p>Bafle GK mod. 410GLX. Serie Goldline. Bafle para bajo. 400W a 8 ohms, 4 altavoces Paragon de 10\u201d con cono de aluminio dorado. Entrada de 1\/4\u201d, parrilla de aceroy manijas retr\u00e1ctiles.&hellip; <a class=\"kt-excerpt-readmore more-link\" href=\"https:\/\/www.mexicanguitarplayers.com\/en\/tienda\/cuerdas\/bafles-cuerdas\/bafles-para-bajo\/bafle-gk-p-bajo-mod-410glx\/\">Read more<\/a><\/p>","protected":false},"featured_media":28246,"comment_status":"open","ping_status":"closed","template":"","meta":{"kt_blocks_editor_width":""},"pwb-brand":[265],"product_brand":[],"product_cat":[222,251,224],"product_tag":[],"class_list":{"0":"post-28247","1":"product","2":"type-product","3":"status-publish","4":"has-post-thumbnail","6":"pwb-brand-gallien-krueger","7":"product_cat-bafles","8":"product_cat-bafles-para-bajo","9":"product_cat-cuerdas","11":"first","12":"outofstock","13":"taxable","14":"shipping-taxable","15":"purchasable","16":"product-type-simple"},"yoast_head":"<!-- This site is optimized with the Yoast SEO plugin v27.5 - https:\/\/yoast.com\/product\/yoast-seo-wordpress\/ -->\n<title>BAFLE GK P\/BAJO MOD. 410GLX - Mexican Guitar Players<\/title>\n<meta name=\"description\" content=\"Bafle GK mod. 410GLX. Serie Goldline. Bafle para bajo. 400W a 8 ohms, 4 altavoces Paragon de 10\u201d con cono de aluminio dorado. Entrada de 1\/4\u201d, parrilla de aceroy manijas retr\u00e1ctiles.\" \/>\n<meta name=\"robots\" content=\"index, follow, max-snippet:-1, max-image-preview:large, max-video-preview:-1\" \/>\n<link rel=\"canonical\" href=\"https:\/\/www.mexicanguitarplayers.com\/en\/tienda\/sin%20categor\u00eda\/bafle-gk-p-bajo-mod-410glx\/\" \/>\n<meta property=\"og:locale\" content=\"en_US\" \/>\n<meta property=\"og:type\" content=\"article\" \/>\n<meta property=\"og:title\" content=\"BAFLE GK P\/BAJO MOD. 410GLX - Mexican Guitar Players\" \/>\n<meta property=\"og:description\" content=\"Bafle GK mod. 410GLX. Serie Goldline. Bafle para bajo. 400W a 8 ohms, 4 altavoces Paragon de 10\u201d con cono de aluminio dorado. Entrada de 1\/4\u201d, parrilla de aceroy manijas retr\u00e1ctiles.\" \/>\n<meta property=\"og:url\" content=\"https:\/\/www.mexicanguitarplayers.com\/en\/tienda\/sin categor\u00eda\/bafle-gk-p-bajo-mod-410glx\/\" \/>\n<meta property=\"og:site_name\" content=\"Mexican Guitar Players\" \/>\n<meta property=\"article:modified_time\" content=\"2026-04-10T10:40:39+00:00\" \/>\n<meta name=\"twitter:card\" content=\"summary_large_image\" \/>\n<script type=\"application\/ld+json\" class=\"yoast-schema-graph\">{\"@context\":\"https:\\\/\\\/schema.org\",\"@graph\":[{\"@type\":[\"WebPage\",\"ItemPage\"],\"@id\":\"https:\\\/\\\/www.mexicanguitarplayers.com\\\/tienda\\\/sin categor\u00eda\\\/bafle-gk-p-bajo-mod-410glx\\\/\",\"url\":\"https:\\\/\\\/www.mexicanguitarplayers.com\\\/tienda\\\/sin categor\u00eda\\\/bafle-gk-p-bajo-mod-410glx\\\/\",\"name\":\"BAFLE GK P\\\/BAJO MOD. 410GLX - Mexican Guitar Players\",\"isPartOf\":{\"@id\":\"https:\\\/\\\/www.mexicanguitarplayers.com\\\/#website\"},\"primaryImageOfPage\":{\"@id\":\"https:\\\/\\\/www.mexicanguitarplayers.com\\\/tienda\\\/sin categor\u00eda\\\/bafle-gk-p-bajo-mod-410glx\\\/#primaryimage\"},\"image\":{\"@id\":\"https:\\\/\\\/www.mexicanguitarplayers.com\\\/tienda\\\/sin categor\u00eda\\\/bafle-gk-p-bajo-mod-410glx\\\/#primaryimage\"},\"thumbnailUrl\":\"https:\\\/\\\/www.mexicanguitarplayers.com\\\/wp-content\\\/uploads\\\/2025\\\/04\\\/ICGKR410GLX.jpg\",\"datePublished\":\"2025-04-08T14:24:41+00:00\",\"dateModified\":\"2026-04-10T10:40:39+00:00\",\"description\":\"Bafle GK mod. 410GLX. Serie Goldline. Bafle para bajo. 400W a 8 ohms, 4 altavoces Paragon de 10\u201d con cono de aluminio dorado. Entrada de 1\\\/4\u201d, parrilla de aceroy manijas retr\u00e1ctiles.\",\"breadcrumb\":{\"@id\":\"https:\\\/\\\/www.mexicanguitarplayers.com\\\/tienda\\\/sin categor\u00eda\\\/bafle-gk-p-bajo-mod-410glx\\\/#breadcrumb\"},\"inLanguage\":\"en-US\",\"potentialAction\":[{\"@type\":\"ReadAction\",\"target\":[\"https:\\\/\\\/www.mexicanguitarplayers.com\\\/tienda\\\/sin categor\u00eda\\\/bafle-gk-p-bajo-mod-410glx\\\/\"]}]},{\"@type\":\"ImageObject\",\"inLanguage\":\"en-US\",\"@id\":\"https:\\\/\\\/www.mexicanguitarplayers.com\\\/tienda\\\/sin categor\u00eda\\\/bafle-gk-p-bajo-mod-410glx\\\/#primaryimage\",\"url\":\"https:\\\/\\\/www.mexicanguitarplayers.com\\\/wp-content\\\/uploads\\\/2025\\\/04\\\/ICGKR410GLX.jpg\",\"contentUrl\":\"https:\\\/\\\/www.mexicanguitarplayers.com\\\/wp-content\\\/uploads\\\/2025\\\/04\\\/ICGKR410GLX.jpg\",\"width\":300,\"height\":300},{\"@type\":\"BreadcrumbList\",\"@id\":\"https:\\\/\\\/www.mexicanguitarplayers.com\\\/tienda\\\/sin categor\u00eda\\\/bafle-gk-p-bajo-mod-410glx\\\/#breadcrumb\",\"itemListElement\":[{\"@type\":\"ListItem\",\"position\":1,\"name\":\"Portada\",\"item\":\"https:\\\/\\\/www.mexicanguitarplayers.com\\\/\"},{\"@type\":\"ListItem\",\"position\":2,\"name\":\"Tienda\",\"item\":\"https:\\\/\\\/www.mexicanguitarplayers.com\\\/tienda\\\/\"},{\"@type\":\"ListItem\",\"position\":3,\"name\":\"BAFLE GK P\\\/BAJO MOD. 410GLX\"}]},{\"@type\":\"WebSite\",\"@id\":\"https:\\\/\\\/www.mexicanguitarplayers.com\\\/#website\",\"url\":\"https:\\\/\\\/www.mexicanguitarplayers.com\\\/\",\"name\":\"Mexican Guitar Players\",\"description\":\"Website\",\"publisher\":{\"@id\":\"https:\\\/\\\/www.mexicanguitarplayers.com\\\/#organization\"},\"potentialAction\":[{\"@type\":\"SearchAction\",\"target\":{\"@type\":\"EntryPoint\",\"urlTemplate\":\"https:\\\/\\\/www.mexicanguitarplayers.com\\\/?s={search_term_string}\"},\"query-input\":{\"@type\":\"PropertyValueSpecification\",\"valueRequired\":true,\"valueName\":\"search_term_string\"}}],\"inLanguage\":\"en-US\"},{\"@type\":\"Organization\",\"@id\":\"https:\\\/\\\/www.mexicanguitarplayers.com\\\/#organization\",\"name\":\"Mexican Guitar Players\",\"url\":\"https:\\\/\\\/www.mexicanguitarplayers.com\\\/\",\"logo\":{\"@type\":\"ImageObject\",\"inLanguage\":\"en-US\",\"@id\":\"https:\\\/\\\/www.mexicanguitarplayers.com\\\/#\\\/schema\\\/logo\\\/image\\\/\",\"url\":\"\",\"contentUrl\":\"\",\"caption\":\"Mexican Guitar Players\"},\"image\":{\"@id\":\"https:\\\/\\\/www.mexicanguitarplayers.com\\\/#\\\/schema\\\/logo\\\/image\\\/\"}}]}<\/script>\n<!-- \/ Yoast SEO plugin. -->","yoast_head_json":{"title":"BAFLE GK P\/BAJO MOD. 410GLX - Mexican Guitar Players","description":"Bafle GK mod. 410GLX. Serie Goldline. Bafle para bajo. 400W a 8 ohms, 4 altavoces Paragon de 10\u201d con cono de aluminio dorado. Entrada de 1\/4\u201d, parrilla de aceroy manijas retr\u00e1ctiles.","robots":{"index":"index","follow":"follow","max-snippet":"max-snippet:-1","max-image-preview":"max-image-preview:large","max-video-preview":"max-video-preview:-1"},"canonical":"https:\/\/www.mexicanguitarplayers.com\/en\/tienda\/sin categor\u00eda\/bafle-gk-p-bajo-mod-410glx\/","og_locale":"en_US","og_type":"article","og_title":"BAFLE GK P\/BAJO MOD. 410GLX - Mexican Guitar Players","og_description":"Bafle GK mod. 410GLX. Serie Goldline. Bafle para bajo. 400W a 8 ohms, 4 altavoces Paragon de 10\u201d con cono de aluminio dorado. Entrada de 1\/4\u201d, parrilla de aceroy manijas retr\u00e1ctiles.","og_url":"https:\/\/www.mexicanguitarplayers.com\/en\/tienda\/sin categor\u00eda\/bafle-gk-p-bajo-mod-410glx\/","og_site_name":"Mexican Guitar Players","article_modified_time":"2026-04-10T10:40:39+00:00","twitter_card":"summary_large_image","schema":{"@context":"https:\/\/schema.org","@graph":[{"@type":["WebPage","ItemPage"],"@id":"https:\/\/www.mexicanguitarplayers.com\/tienda\/sin categor\u00eda\/bafle-gk-p-bajo-mod-410glx\/","url":"https:\/\/www.mexicanguitarplayers.com\/tienda\/sin categor\u00eda\/bafle-gk-p-bajo-mod-410glx\/","name":"BAFLE GK P\/BAJO MOD. 410GLX - Mexican Guitar Players","isPartOf":{"@id":"https:\/\/www.mexicanguitarplayers.com\/#website"},"primaryImageOfPage":{"@id":"https:\/\/www.mexicanguitarplayers.com\/tienda\/sin categor\u00eda\/bafle-gk-p-bajo-mod-410glx\/#primaryimage"},"image":{"@id":"https:\/\/www.mexicanguitarplayers.com\/tienda\/sin categor\u00eda\/bafle-gk-p-bajo-mod-410glx\/#primaryimage"},"thumbnailUrl":"https:\/\/www.mexicanguitarplayers.com\/wp-content\/uploads\/2025\/04\/ICGKR410GLX.jpg","datePublished":"2025-04-08T14:24:41+00:00","dateModified":"2026-04-10T10:40:39+00:00","description":"Bafle GK mod. 410GLX. Serie Goldline. Bafle para bajo. 400W a 8 ohms, 4 altavoces Paragon de 10\u201d con cono de aluminio dorado. Entrada de 1\/4\u201d, parrilla de aceroy manijas retr\u00e1ctiles.","breadcrumb":{"@id":"https:\/\/www.mexicanguitarplayers.com\/tienda\/sin categor\u00eda\/bafle-gk-p-bajo-mod-410glx\/#breadcrumb"},"inLanguage":"en-US","potentialAction":[{"@type":"ReadAction","target":["https:\/\/www.mexicanguitarplayers.com\/tienda\/sin categor\u00eda\/bafle-gk-p-bajo-mod-410glx\/"]}]},{"@type":"ImageObject","inLanguage":"en-US","@id":"https:\/\/www.mexicanguitarplayers.com\/tienda\/sin categor\u00eda\/bafle-gk-p-bajo-mod-410glx\/#primaryimage","url":"https:\/\/www.mexicanguitarplayers.com\/wp-content\/uploads\/2025\/04\/ICGKR410GLX.jpg","contentUrl":"https:\/\/www.mexicanguitarplayers.com\/wp-content\/uploads\/2025\/04\/ICGKR410GLX.jpg","width":300,"height":300},{"@type":"BreadcrumbList","@id":"https:\/\/www.mexicanguitarplayers.com\/tienda\/sin categor\u00eda\/bafle-gk-p-bajo-mod-410glx\/#breadcrumb","itemListElement":[{"@type":"ListItem","position":1,"name":"Portada","item":"https:\/\/www.mexicanguitarplayers.com\/"},{"@type":"ListItem","position":2,"name":"Tienda","item":"https:\/\/www.mexicanguitarplayers.com\/tienda\/"},{"@type":"ListItem","position":3,"name":"BAFLE GK P\/BAJO MOD. 410GLX"}]},{"@type":"WebSite","@id":"https:\/\/www.mexicanguitarplayers.com\/#website","url":"https:\/\/www.mexicanguitarplayers.com\/","name":"Mexican Guitar Players","description":"Website","publisher":{"@id":"https:\/\/www.mexicanguitarplayers.com\/#organization"},"potentialAction":[{"@type":"SearchAction","target":{"@type":"EntryPoint","urlTemplate":"https:\/\/www.mexicanguitarplayers.com\/?s={search_term_string}"},"query-input":{"@type":"PropertyValueSpecification","valueRequired":true,"valueName":"search_term_string"}}],"inLanguage":"en-US"},{"@type":"Organization","@id":"https:\/\/www.mexicanguitarplayers.com\/#organization","name":"Mexican Guitar Players","url":"https:\/\/www.mexicanguitarplayers.com\/","logo":{"@type":"ImageObject","inLanguage":"en-US","@id":"https:\/\/www.mexicanguitarplayers.com\/#\/schema\/logo\/image\/","url":"","contentUrl":"","caption":"Mexican Guitar Players"},"image":{"@id":"https:\/\/www.mexicanguitarplayers.com\/#\/schema\/logo\/image\/"}}]}},"brands":[{"id":265,"name":"GALLIEN-KRUEGER","slug":"gallien-krueger"}],"_links":{"self":[{"href":"https:\/\/www.mexicanguitarplayers.com\/en\/wp-json\/wp\/v2\/product\/28247","targetHints":{"allow":["GET"]}}],"collection":[{"href":"https:\/\/www.mexicanguitarplayers.com\/en\/wp-json\/wp\/v2\/product"}],"about":[{"href":"https:\/\/www.mexicanguitarplayers.com\/en\/wp-json\/wp\/v2\/types\/product"}],"replies":[{"embeddable":true,"href":"https:\/\/www.mexicanguitarplayers.com\/en\/wp-json\/wp\/v2\/comments?post=28247"}],"wp:featuredmedia":[{"embeddable":true,"href":"https:\/\/www.mexicanguitarplayers.com\/en\/wp-json\/wp\/v2\/media\/28246"}],"wp:attachment":[{"href":"https:\/\/www.mexicanguitarplayers.com\/en\/wp-json\/wp\/v2\/media?parent=28247"}],"wp:term":[{"taxonomy":"pwb-brand","embeddable":true,"href":"https:\/\/www.mexicanguitarplayers.com\/en\/wp-json\/wp\/v2\/pwb-brand?post=28247"},{"taxonomy":"product_brand","embeddable":true,"href":"https:\/\/www.mexicanguitarplayers.com\/en\/wp-json\/wp\/v2\/product_brand?post=28247"},{"taxonomy":"product_cat","embeddable":true,"href":"https:\/\/www.mexicanguitarplayers.com\/en\/wp-json\/wp\/v2\/product_cat?post=28247"},{"taxonomy":"product_tag","embeddable":true,"href":"https:\/\/www.mexicanguitarplayers.com\/en\/wp-json\/wp\/v2\/product_tag?post=28247"}],"curies":[{"name":"wp","href":"https:\/\/api.w.org\/{rel}","templated":true}]}}