{"id":28254,"date":"2025-04-08T08:24:50","date_gmt":"2025-04-08T14:24:50","guid":{"rendered":"https:\/\/www.mexicanguitarplayers.com\/tienda\/sin categor\u00eda\/bafle-behringer-subwoofer-vq1500d\/"},"modified":"2026-05-01T07:26:53","modified_gmt":"2026-05-01T13:26:53","slug":"bafle-behringer-subwoofer-vq1500d","status":"publish","type":"product","link":"https:\/\/www.mexicanguitarplayers.com\/en\/tienda\/audio\/bafles-y-bocinas\/bafles\/bafles-activos\/bafle-behringer-subwoofer-vq1500d\/","title":{"rendered":"BAFLE BEHRINGER SUBWOOFER VQ1500D"},"content":{"rendered":"<div style=\"text-align: justify\">\n<div>\n<h3>Estilo y gran calidad de sonido.<\/h3>\n<\/div>\n<div>Nuestro subwoofer activo EUROLIVE VQ1500D de 500 watts proporciona lo \u00faltimo en reproducci\u00f3n de baja frecuencia y su crossover est\u00e9reo incorporado lo hace ideal para usar con cualquiera de nuestros altavoces activos de 2 v\u00edas. Equipado con un potente amplificador de Clase D de 500 watts, transductor de baja frecuencia de 15&#8243; pulgadas de larga excursi\u00f3n (LF) y una incre\u00edble variedad de caracter\u00edsticas profesionales, el VQ1500D produce niveles extremos de punch grave con definici\u00f3n y claridad t\u00edpicamente reservada para sistemas mucho m\u00e1s grandes. En pocas palabras, estos sistemas de funcionamiento en fr\u00edo son mucho m\u00e1s ligeros, haci\u00e9ndolos ultra f\u00e1ciles de transportar y configurar y nuestro dise\u00f1o sin compromiso significa que obtiene un grave incre\u00edblemente profundo y fuerte, lo que mantendr\u00e1 la fiesta durante toda la noche. Gracias a su revolucionaria tecnolog\u00eda Clase D, podemos ofrecerte una enorme potencia y un incre\u00edble rendimiento sonoro en un paquete f\u00e1cil de usar, ultra port\u00e1til y muy ligero. La amplificaci\u00f3n Clase D hace toda la diferencia, ofreciendo lo \u00faltimo en eficiencia energ\u00e9tica y eliminando la necesidad de fuentes de alimentaci\u00f3n pesadas y disipadores masivos de calor. Esta sorprendente tecnolog\u00eda hace posible dise\u00f1ar y construir productos extremadamente potentes, significativamente m\u00e1s ligeros en peso que sus contrapartes tradicionales, al mismo tiempo que utiliza menos energ\u00eda y protege el ambiente.<\/div>\n<div>\n<h4>Quick look<\/h4>\n<\/div>\n<ul style=\"margin: 0px 0px 0px 25px\">\n<li style=\"list-style-type: circle;margin: 5px\">Amplifier.<\/li>\n<li style=\"list-style-type: circle;margin: 5px\">Audio inputs.<\/li>\n<li style=\"list-style-type: circle;margin: 5px\">Audio outputs.<\/li>\n<li style=\"list-style-type: circle;margin: 5px\">Controls<\/li>\n<li style=\"list-style-type: circle;margin: 5px\">Datos del sistema.<\/li>\n<li style=\"list-style-type: circle;margin: 5px\">Indicadores.<\/li>\n<li style=\"list-style-type: circle;margin: 5px\">Protecci\u00f3n de circuitos.<\/li>\n<li style=\"list-style-type: circle;margin: 5px\">Alimentaci\u00f3n \/ Voltaje (Fusible).<\/li>\n<li style=\"list-style-type: circle;margin: 5px\">Dimensions.<\/li>\n<li style=\"list-style-type: circle;margin: 5px\">Weight.<\/li>\n<\/ul>\n<div>\n<div style=\"font-weight: bold\">Amplifier.<\/div>\n<div>\n<p>Potencia m\u00e1xima de salida: 500 watts.<\/p>\n<\/div>\n<div style=\"font-weight: bold\">Audio inputs.<\/div>\n<div>\n<p>Input A\/B: XLR servo balanceado.Sensibilidad: +4 dBu @ 0 dB (posici\u00f3n central) para m\u00e1xima potencia media,Impedancia de entrada: 12 kohms desbalanceado, 24 kohms balanceado.<\/p>\n<\/div>\n<div style=\"font-weight: bold\">Audio outputs.<\/div>\n<div>\n<p>Thru A\/B: XLR servo balanceado.Output A\/B: XLR servo balanceado.Impedancia de salida: 300 ohms desbalanceado, 600 ohms balanceado.Filtro pasa altos: 100 Hz, Butterworth, 18 dB pendiente.<\/p>\n<\/div>\n<div style=\"font-weight: bold\">Controls<\/div>\n<div>\n<p>Nivel: Infinito a +6 dB.Frecuencia de realce: 40 Hz &#8211; 90 Hz; +10 dB.Realce: Conmutable.Corte de agudos: 70 &#8211; 150 Hz, Butterworth, 24 dB pendiente.Fase: Conmutable.<\/p>\n<\/div>\n<div style=\"font-weight: bold\">Datos del sistema.<\/div>\n<div>\n<p>Rango de frecuencia: 40 Hz &#8211; 200 Hz (-10 dB).Respuesta de frecuencia: 65 Hz &#8211; 150 Hz (+\/-3 dB).Relaci\u00f3n se\u00f1al a ruido (20 Hz &#8211; 20 kHz): &gt;100 dB.Nivel de presi\u00f3n sonora (semi espacio): m\u00e1ximo 122 dB @ 1m.Woofer: 15&#8243; pulgadas (387 mm) a 8 ohms.Limitador: \u00d3ptico.<\/p>\n<\/div>\n<div style=\"font-weight: bold\">Indicadores.<\/div>\n<div>\n<p>LED de se\u00f1al: Verde.LED limitador: Rojo.LED de encendido: Naranja.<\/p>\n<\/div>\n<div style=\"font-weight: bold\">Protecci\u00f3n de circuitos.<\/div>\n<div>\n<p>Protecci\u00f3n de amplificador: Corto circuito, circuito abierto y protecci\u00f3n t\u00e9rmica.<\/p>\n<\/div>\n<div style=\"font-weight: bold\">Alimentaci\u00f3n \/ Voltaje (Fusible).<\/div>\n<div>\n<p>120V~, 60 Hz (T 6,3 A H 250 V).Consumo @ 1\/8 de potencia m\u00e1xima: 110 watts.Conexi\u00f3n a red: Recept\u00e1culo IEC est\u00e1ndar.<\/p>\n<\/div>\n<div style=\"font-weight: bold\">Dimensions.<\/div>\n<div>\n<p>616 x 490 x 528 mm.<\/p>\n<\/div>\n<div style=\"font-weight: bold\">Weight.<\/div>\n<div>\n<p>33.1 kg.<\/p>\n<\/div>\n<\/div>\n<\/div>","protected":false},"excerpt":{"rendered":"<p>Subwoofer activo con crossover est\u00e9reo incorporado, ideal para aplicaciones de PA, potente transductor de 15\u201d pulgadas de larga excursi\u00f3n con bobina m\u00f3vil de alta temperatura, reproducci\u00f3n precisa de frecuencias ultra bajas, amplificador Clase D de \u00faltima generaci\u00f3n de 500 watts con protecci\u00f3n de sobre excursi\u00f3n, t\u00e9rmica y clip, crossover que proporciona salidas filtradas de paso alto para altavoces de gama completa, Bass Bost conmutable y regulable e interruptor de Phase para un gran rendimiento de baja frecuencia, control variable High Cut para una alineaci\u00f3n perfecta del sonido, control de nivel de subwoofer para ajustar el balance entre el subwoofer y los altavoces de gama completa, LED de encendido, se\u00f1aly clip para una supervisi\u00f3n perfecta, limitador inteligente para un m\u00e1ximo rendimiento de sonido y protecci\u00f3n para el woofer, fuente de alimentaci\u00f3n conmutada interna para audio sin ruidos, respuesta transitoria superior y muy bajo consumode energ\u00eda, polo para montaje con postes espaciadores comerciales, mangos ergon\u00f3micos para facilitar el transporte, rejilla de acero resistente para una protecci\u00f3n \u00f3ptima de altavoces, dimensiones: 616 x 490 x 528, peso: 33.1 kg.&hellip; <a class=\"kt-excerpt-readmore more-link\" href=\"https:\/\/www.mexicanguitarplayers.com\/en\/tienda\/audio\/bafles-y-bocinas\/bafles\/bafles-activos\/bafle-behringer-subwoofer-vq1500d\/\">Read more<\/a><\/p>","protected":false},"featured_media":28252,"comment_status":"open","ping_status":"closed","template":"","meta":{"kt_blocks_editor_width":""},"pwb-brand":[171],"product_brand":[],"product_cat":[213,222,472,221],"product_tag":[],"class_list":{"0":"post-28254","1":"product","2":"type-product","3":"status-publish","4":"has-post-thumbnail","6":"pwb-brand-behringer","7":"product_cat-audio","8":"product_cat-bafles","9":"product_cat-bafles-activos","10":"product_cat-bafles-y-bocinas","12":"first","13":"instock","14":"taxable","15":"shipping-taxable","16":"purchasable","17":"product-type-simple"},"yoast_head":"<!-- This site is optimized with the Yoast SEO plugin v27.5 - https:\/\/yoast.com\/product\/yoast-seo-wordpress\/ -->\n<title>BAFLE BEHRINGER SUBWOOFER VQ1500D - Mexican Guitar Players<\/title>\n<meta name=\"description\" content=\"Subwoofer activo con crossover est\u00e9reo incorporado, ideal para aplicaciones de PA, potente transductor de 15\u201d pulgadas de larga excursi\u00f3n con bobina m\u00f3vil de alta temperatura, reproducci\u00f3n precisa de frecuencias ultra bajas, amplificador Clase D de \u00faltima generaci\u00f3n de 500 watts con protecci\u00f3n de sobre excursi\u00f3n, t\u00e9rmica y clip, crossover que proporciona salidas filtradas de paso alto para altavoces de gama completa, Bass Bost conmutable y regulable e interruptor de Phase para un gran rendimiento de baja frecuencia, control variable High Cut para una alineaci\u00f3n perfecta del sonido, control de nivel de subwoofer para ajustar el balance entre el subwoofer y los altavoces de gama completa, LED de encendido, se\u00f1aly clip para una supervisi\u00f3n perfecta, limitador inteligente para un m\u00e1ximo rendimiento de sonido y protecci\u00f3n para el woofer, fuente de alimentaci\u00f3n conmutada interna para audio sin ruidos, respuesta transitoria superior y muy bajo consumode energ\u00eda, polo para montaje con postes espaciadores comerciales, mangos ergon\u00f3micos para facilitar el transporte, rejilla de acero resistente para una protecci\u00f3n \u00f3ptima de altavoces, dimensiones: 616 x 490 x 528, peso: 33.1 kg.\" \/>\n<meta name=\"robots\" content=\"index, follow, max-snippet:-1, max-image-preview:large, max-video-preview:-1\" \/>\n<link rel=\"canonical\" href=\"https:\/\/www.mexicanguitarplayers.com\/en\/tienda\/sin%20categor\u00eda\/bafle-behringer-subwoofer-vq1500d\/\" \/>\n<meta property=\"og:locale\" content=\"en_US\" \/>\n<meta property=\"og:type\" content=\"article\" \/>\n<meta property=\"og:title\" content=\"BAFLE BEHRINGER SUBWOOFER VQ1500D - Mexican Guitar Players\" \/>\n<meta property=\"og:description\" content=\"Subwoofer activo con crossover est\u00e9reo incorporado, ideal para aplicaciones de PA, potente transductor de 15\u201d pulgadas de larga excursi\u00f3n con bobina m\u00f3vil de alta temperatura, reproducci\u00f3n precisa de frecuencias ultra bajas, amplificador Clase D de \u00faltima generaci\u00f3n de 500 watts con protecci\u00f3n de sobre excursi\u00f3n, t\u00e9rmica y clip, crossover que proporciona salidas filtradas de paso alto para altavoces de gama completa, Bass Bost conmutable y regulable e interruptor de Phase para un gran rendimiento de baja frecuencia, control variable High Cut para una alineaci\u00f3n perfecta del sonido, control de nivel de subwoofer para ajustar el balance entre el subwoofer y los altavoces de gama completa, LED de encendido, se\u00f1aly clip para una supervisi\u00f3n perfecta, limitador inteligente para un m\u00e1ximo rendimiento de sonido y protecci\u00f3n para el woofer, fuente de alimentaci\u00f3n conmutada interna para audio sin ruidos, respuesta transitoria superior y muy bajo consumode energ\u00eda, polo para montaje con postes espaciadores comerciales, mangos ergon\u00f3micos para facilitar el transporte, rejilla de acero resistente para una protecci\u00f3n \u00f3ptima de altavoces, dimensiones: 616 x 490 x 528, peso: 33.1 kg.\" \/>\n<meta property=\"og:url\" content=\"https:\/\/www.mexicanguitarplayers.com\/en\/tienda\/sin categor\u00eda\/bafle-behringer-subwoofer-vq1500d\/\" \/>\n<meta property=\"og:site_name\" content=\"Mexican Guitar Players\" \/>\n<meta property=\"article:modified_time\" content=\"2026-05-01T13:26:53+00:00\" \/>\n<meta name=\"twitter:card\" content=\"summary_large_image\" \/>\n<meta name=\"twitter:label1\" content=\"Est. reading time\" \/>\n\t<meta name=\"twitter:data1\" content=\"2 minutes\" \/>\n<script type=\"application\/ld+json\" class=\"yoast-schema-graph\">{\"@context\":\"https:\\\/\\\/schema.org\",\"@graph\":[{\"@type\":[\"WebPage\",\"ItemPage\"],\"@id\":\"https:\\\/\\\/www.mexicanguitarplayers.com\\\/tienda\\\/sin categor\u00eda\\\/bafle-behringer-subwoofer-vq1500d\\\/\",\"url\":\"https:\\\/\\\/www.mexicanguitarplayers.com\\\/tienda\\\/sin categor\u00eda\\\/bafle-behringer-subwoofer-vq1500d\\\/\",\"name\":\"BAFLE BEHRINGER SUBWOOFER VQ1500D - Mexican Guitar Players\",\"isPartOf\":{\"@id\":\"https:\\\/\\\/www.mexicanguitarplayers.com\\\/#website\"},\"primaryImageOfPage\":{\"@id\":\"https:\\\/\\\/www.mexicanguitarplayers.com\\\/tienda\\\/sin categor\u00eda\\\/bafle-behringer-subwoofer-vq1500d\\\/#primaryimage\"},\"image\":{\"@id\":\"https:\\\/\\\/www.mexicanguitarplayers.com\\\/tienda\\\/sin categor\u00eda\\\/bafle-behringer-subwoofer-vq1500d\\\/#primaryimage\"},\"thumbnailUrl\":\"https:\\\/\\\/www.mexicanguitarplayers.com\\\/wp-content\\\/uploads\\\/2025\\\/04\\\/IABEHVQ1500D.jpg\",\"datePublished\":\"2025-04-08T14:24:50+00:00\",\"dateModified\":\"2026-05-01T13:26:53+00:00\",\"description\":\"Subwoofer activo con crossover est\u00e9reo incorporado, ideal para aplicaciones de PA, potente transductor de 15\u201d pulgadas de larga excursi\u00f3n con bobina m\u00f3vil de alta temperatura, reproducci\u00f3n precisa de frecuencias ultra bajas, amplificador Clase D de \u00faltima generaci\u00f3n de 500 watts con protecci\u00f3n de sobre excursi\u00f3n, t\u00e9rmica y clip, crossover que proporciona salidas filtradas de paso alto para altavoces de gama completa, Bass Bost conmutable y regulable e interruptor de Phase para un gran rendimiento de baja frecuencia, control variable High Cut para una alineaci\u00f3n perfecta del sonido, control de nivel de subwoofer para ajustar el balance entre el subwoofer y los altavoces de gama completa, LED de encendido, se\u00f1aly clip para una supervisi\u00f3n perfecta, limitador inteligente para un m\u00e1ximo rendimiento de sonido y protecci\u00f3n para el woofer, fuente de alimentaci\u00f3n conmutada interna para audio sin ruidos, respuesta transitoria superior y muy bajo consumode energ\u00eda, polo para montaje con postes espaciadores comerciales, mangos ergon\u00f3micos para facilitar el transporte, rejilla de acero resistente para una protecci\u00f3n \u00f3ptima de altavoces, dimensiones: 616 x 490 x 528, peso: 33.1 kg.\",\"breadcrumb\":{\"@id\":\"https:\\\/\\\/www.mexicanguitarplayers.com\\\/tienda\\\/sin categor\u00eda\\\/bafle-behringer-subwoofer-vq1500d\\\/#breadcrumb\"},\"inLanguage\":\"en-US\",\"potentialAction\":[{\"@type\":\"ReadAction\",\"target\":[\"https:\\\/\\\/www.mexicanguitarplayers.com\\\/tienda\\\/sin categor\u00eda\\\/bafle-behringer-subwoofer-vq1500d\\\/\"]}]},{\"@type\":\"ImageObject\",\"inLanguage\":\"en-US\",\"@id\":\"https:\\\/\\\/www.mexicanguitarplayers.com\\\/tienda\\\/sin categor\u00eda\\\/bafle-behringer-subwoofer-vq1500d\\\/#primaryimage\",\"url\":\"https:\\\/\\\/www.mexicanguitarplayers.com\\\/wp-content\\\/uploads\\\/2025\\\/04\\\/IABEHVQ1500D.jpg\",\"contentUrl\":\"https:\\\/\\\/www.mexicanguitarplayers.com\\\/wp-content\\\/uploads\\\/2025\\\/04\\\/IABEHVQ1500D.jpg\",\"width\":1200,\"height\":1200},{\"@type\":\"BreadcrumbList\",\"@id\":\"https:\\\/\\\/www.mexicanguitarplayers.com\\\/tienda\\\/sin categor\u00eda\\\/bafle-behringer-subwoofer-vq1500d\\\/#breadcrumb\",\"itemListElement\":[{\"@type\":\"ListItem\",\"position\":1,\"name\":\"Portada\",\"item\":\"https:\\\/\\\/www.mexicanguitarplayers.com\\\/\"},{\"@type\":\"ListItem\",\"position\":2,\"name\":\"Tienda\",\"item\":\"https:\\\/\\\/www.mexicanguitarplayers.com\\\/tienda\\\/\"},{\"@type\":\"ListItem\",\"position\":3,\"name\":\"BAFLE BEHRINGER SUBWOOFER VQ1500D\"}]},{\"@type\":\"WebSite\",\"@id\":\"https:\\\/\\\/www.mexicanguitarplayers.com\\\/#website\",\"url\":\"https:\\\/\\\/www.mexicanguitarplayers.com\\\/\",\"name\":\"Mexican Guitar Players\",\"description\":\"Website\",\"publisher\":{\"@id\":\"https:\\\/\\\/www.mexicanguitarplayers.com\\\/#organization\"},\"potentialAction\":[{\"@type\":\"SearchAction\",\"target\":{\"@type\":\"EntryPoint\",\"urlTemplate\":\"https:\\\/\\\/www.mexicanguitarplayers.com\\\/?s={search_term_string}\"},\"query-input\":{\"@type\":\"PropertyValueSpecification\",\"valueRequired\":true,\"valueName\":\"search_term_string\"}}],\"inLanguage\":\"en-US\"},{\"@type\":\"Organization\",\"@id\":\"https:\\\/\\\/www.mexicanguitarplayers.com\\\/#organization\",\"name\":\"Mexican Guitar Players\",\"url\":\"https:\\\/\\\/www.mexicanguitarplayers.com\\\/\",\"logo\":{\"@type\":\"ImageObject\",\"inLanguage\":\"en-US\",\"@id\":\"https:\\\/\\\/www.mexicanguitarplayers.com\\\/#\\\/schema\\\/logo\\\/image\\\/\",\"url\":\"\",\"contentUrl\":\"\",\"caption\":\"Mexican Guitar Players\"},\"image\":{\"@id\":\"https:\\\/\\\/www.mexicanguitarplayers.com\\\/#\\\/schema\\\/logo\\\/image\\\/\"}}]}<\/script>\n<!-- \/ Yoast SEO plugin. -->","yoast_head_json":{"title":"BAFLE BEHRINGER SUBWOOFER VQ1500D - Mexican Guitar Players","description":"Subwoofer activo con crossover est\u00e9reo incorporado, ideal para aplicaciones de PA, potente transductor de 15\u201d pulgadas de larga excursi\u00f3n con bobina m\u00f3vil de alta temperatura, reproducci\u00f3n precisa de frecuencias ultra bajas, amplificador Clase D de \u00faltima generaci\u00f3n de 500 watts con protecci\u00f3n de sobre excursi\u00f3n, t\u00e9rmica y clip, crossover que proporciona salidas filtradas de paso alto para altavoces de gama completa, Bass Bost conmutable y regulable e interruptor de Phase para un gran rendimiento de baja frecuencia, control variable High Cut para una alineaci\u00f3n perfecta del sonido, control de nivel de subwoofer para ajustar el balance entre el subwoofer y los altavoces de gama completa, LED de encendido, se\u00f1aly clip para una supervisi\u00f3n perfecta, limitador inteligente para un m\u00e1ximo rendimiento de sonido y protecci\u00f3n para el woofer, fuente de alimentaci\u00f3n conmutada interna para audio sin ruidos, respuesta transitoria superior y muy bajo consumode energ\u00eda, polo para montaje con postes espaciadores comerciales, mangos ergon\u00f3micos para facilitar el transporte, rejilla de acero resistente para una protecci\u00f3n \u00f3ptima de altavoces, dimensiones: 616 x 490 x 528, peso: 33.1 kg.","robots":{"index":"index","follow":"follow","max-snippet":"max-snippet:-1","max-image-preview":"max-image-preview:large","max-video-preview":"max-video-preview:-1"},"canonical":"https:\/\/www.mexicanguitarplayers.com\/en\/tienda\/sin categor\u00eda\/bafle-behringer-subwoofer-vq1500d\/","og_locale":"en_US","og_type":"article","og_title":"BAFLE BEHRINGER SUBWOOFER VQ1500D - Mexican Guitar Players","og_description":"Subwoofer activo con crossover est\u00e9reo incorporado, ideal para aplicaciones de PA, potente transductor de 15\u201d pulgadas de larga excursi\u00f3n con bobina m\u00f3vil de alta temperatura, reproducci\u00f3n precisa de frecuencias ultra bajas, amplificador Clase D de \u00faltima generaci\u00f3n de 500 watts con protecci\u00f3n de sobre excursi\u00f3n, t\u00e9rmica y clip, crossover que proporciona salidas filtradas de paso alto para altavoces de gama completa, Bass Bost conmutable y regulable e interruptor de Phase para un gran rendimiento de baja frecuencia, control variable High Cut para una alineaci\u00f3n perfecta del sonido, control de nivel de subwoofer para ajustar el balance entre el subwoofer y los altavoces de gama completa, LED de encendido, se\u00f1aly clip para una supervisi\u00f3n perfecta, limitador inteligente para un m\u00e1ximo rendimiento de sonido y protecci\u00f3n para el woofer, fuente de alimentaci\u00f3n conmutada interna para audio sin ruidos, respuesta transitoria superior y muy bajo consumode energ\u00eda, polo para montaje con postes espaciadores comerciales, mangos ergon\u00f3micos para facilitar el transporte, rejilla de acero resistente para una protecci\u00f3n \u00f3ptima de altavoces, dimensiones: 616 x 490 x 528, peso: 33.1 kg.","og_url":"https:\/\/www.mexicanguitarplayers.com\/en\/tienda\/sin categor\u00eda\/bafle-behringer-subwoofer-vq1500d\/","og_site_name":"Mexican Guitar Players","article_modified_time":"2026-05-01T13:26:53+00:00","twitter_card":"summary_large_image","twitter_misc":{"Est. reading time":"2 minutes"},"schema":{"@context":"https:\/\/schema.org","@graph":[{"@type":["WebPage","ItemPage"],"@id":"https:\/\/www.mexicanguitarplayers.com\/tienda\/sin categor\u00eda\/bafle-behringer-subwoofer-vq1500d\/","url":"https:\/\/www.mexicanguitarplayers.com\/tienda\/sin categor\u00eda\/bafle-behringer-subwoofer-vq1500d\/","name":"BAFLE BEHRINGER SUBWOOFER VQ1500D - Mexican Guitar Players","isPartOf":{"@id":"https:\/\/www.mexicanguitarplayers.com\/#website"},"primaryImageOfPage":{"@id":"https:\/\/www.mexicanguitarplayers.com\/tienda\/sin categor\u00eda\/bafle-behringer-subwoofer-vq1500d\/#primaryimage"},"image":{"@id":"https:\/\/www.mexicanguitarplayers.com\/tienda\/sin categor\u00eda\/bafle-behringer-subwoofer-vq1500d\/#primaryimage"},"thumbnailUrl":"https:\/\/www.mexicanguitarplayers.com\/wp-content\/uploads\/2025\/04\/IABEHVQ1500D.jpg","datePublished":"2025-04-08T14:24:50+00:00","dateModified":"2026-05-01T13:26:53+00:00","description":"Subwoofer activo con crossover est\u00e9reo incorporado, ideal para aplicaciones de PA, potente transductor de 15\u201d pulgadas de larga excursi\u00f3n con bobina m\u00f3vil de alta temperatura, reproducci\u00f3n precisa de frecuencias ultra bajas, amplificador Clase D de \u00faltima generaci\u00f3n de 500 watts con protecci\u00f3n de sobre excursi\u00f3n, t\u00e9rmica y clip, crossover que proporciona salidas filtradas de paso alto para altavoces de gama completa, Bass Bost conmutable y regulable e interruptor de Phase para un gran rendimiento de baja frecuencia, control variable High Cut para una alineaci\u00f3n perfecta del sonido, control de nivel de subwoofer para ajustar el balance entre el subwoofer y los altavoces de gama completa, LED de encendido, se\u00f1aly clip para una supervisi\u00f3n perfecta, limitador inteligente para un m\u00e1ximo rendimiento de sonido y protecci\u00f3n para el woofer, fuente de alimentaci\u00f3n conmutada interna para audio sin ruidos, respuesta transitoria superior y muy bajo consumode energ\u00eda, polo para montaje con postes espaciadores comerciales, mangos ergon\u00f3micos para facilitar el transporte, rejilla de acero resistente para una protecci\u00f3n \u00f3ptima de altavoces, dimensiones: 616 x 490 x 528, peso: 33.1 kg.","breadcrumb":{"@id":"https:\/\/www.mexicanguitarplayers.com\/tienda\/sin categor\u00eda\/bafle-behringer-subwoofer-vq1500d\/#breadcrumb"},"inLanguage":"en-US","potentialAction":[{"@type":"ReadAction","target":["https:\/\/www.mexicanguitarplayers.com\/tienda\/sin categor\u00eda\/bafle-behringer-subwoofer-vq1500d\/"]}]},{"@type":"ImageObject","inLanguage":"en-US","@id":"https:\/\/www.mexicanguitarplayers.com\/tienda\/sin categor\u00eda\/bafle-behringer-subwoofer-vq1500d\/#primaryimage","url":"https:\/\/www.mexicanguitarplayers.com\/wp-content\/uploads\/2025\/04\/IABEHVQ1500D.jpg","contentUrl":"https:\/\/www.mexicanguitarplayers.com\/wp-content\/uploads\/2025\/04\/IABEHVQ1500D.jpg","width":1200,"height":1200},{"@type":"BreadcrumbList","@id":"https:\/\/www.mexicanguitarplayers.com\/tienda\/sin categor\u00eda\/bafle-behringer-subwoofer-vq1500d\/#breadcrumb","itemListElement":[{"@type":"ListItem","position":1,"name":"Portada","item":"https:\/\/www.mexicanguitarplayers.com\/"},{"@type":"ListItem","position":2,"name":"Tienda","item":"https:\/\/www.mexicanguitarplayers.com\/tienda\/"},{"@type":"ListItem","position":3,"name":"BAFLE BEHRINGER SUBWOOFER VQ1500D"}]},{"@type":"WebSite","@id":"https:\/\/www.mexicanguitarplayers.com\/#website","url":"https:\/\/www.mexicanguitarplayers.com\/","name":"Mexican Guitar Players","description":"Website","publisher":{"@id":"https:\/\/www.mexicanguitarplayers.com\/#organization"},"potentialAction":[{"@type":"SearchAction","target":{"@type":"EntryPoint","urlTemplate":"https:\/\/www.mexicanguitarplayers.com\/?s={search_term_string}"},"query-input":{"@type":"PropertyValueSpecification","valueRequired":true,"valueName":"search_term_string"}}],"inLanguage":"en-US"},{"@type":"Organization","@id":"https:\/\/www.mexicanguitarplayers.com\/#organization","name":"Mexican Guitar Players","url":"https:\/\/www.mexicanguitarplayers.com\/","logo":{"@type":"ImageObject","inLanguage":"en-US","@id":"https:\/\/www.mexicanguitarplayers.com\/#\/schema\/logo\/image\/","url":"","contentUrl":"","caption":"Mexican Guitar Players"},"image":{"@id":"https:\/\/www.mexicanguitarplayers.com\/#\/schema\/logo\/image\/"}}]}},"brands":[{"id":171,"name":"BEHRINGER","slug":"behringer"}],"_links":{"self":[{"href":"https:\/\/www.mexicanguitarplayers.com\/en\/wp-json\/wp\/v2\/product\/28254","targetHints":{"allow":["GET"]}}],"collection":[{"href":"https:\/\/www.mexicanguitarplayers.com\/en\/wp-json\/wp\/v2\/product"}],"about":[{"href":"https:\/\/www.mexicanguitarplayers.com\/en\/wp-json\/wp\/v2\/types\/product"}],"replies":[{"embeddable":true,"href":"https:\/\/www.mexicanguitarplayers.com\/en\/wp-json\/wp\/v2\/comments?post=28254"}],"wp:featuredmedia":[{"embeddable":true,"href":"https:\/\/www.mexicanguitarplayers.com\/en\/wp-json\/wp\/v2\/media\/28252"}],"wp:attachment":[{"href":"https:\/\/www.mexicanguitarplayers.com\/en\/wp-json\/wp\/v2\/media?parent=28254"}],"wp:term":[{"taxonomy":"pwb-brand","embeddable":true,"href":"https:\/\/www.mexicanguitarplayers.com\/en\/wp-json\/wp\/v2\/pwb-brand?post=28254"},{"taxonomy":"product_brand","embeddable":true,"href":"https:\/\/www.mexicanguitarplayers.com\/en\/wp-json\/wp\/v2\/product_brand?post=28254"},{"taxonomy":"product_cat","embeddable":true,"href":"https:\/\/www.mexicanguitarplayers.com\/en\/wp-json\/wp\/v2\/product_cat?post=28254"},{"taxonomy":"product_tag","embeddable":true,"href":"https:\/\/www.mexicanguitarplayers.com\/en\/wp-json\/wp\/v2\/product_tag?post=28254"}],"curies":[{"name":"wp","href":"https:\/\/api.w.org\/{rel}","templated":true}]}}