{"id":28273,"date":"2025-04-08T08:25:19","date_gmt":"2025-04-08T14:25:19","guid":{"rendered":"https:\/\/www.mexicanguitarplayers.com\/tienda\/sin categor\u00eda\/llave-meinl-p-bateria-mod-sb501\/"},"modified":"2026-04-10T04:40:37","modified_gmt":"2026-04-10T10:40:37","slug":"llave-meinl-p-bateria-mod-sb501","status":"publish","type":"product","link":"https:\/\/www.mexicanguitarplayers.com\/en\/tienda\/accesorios\/para-bateria\/llaves\/llave-meinl-p-bateria-mod-sb501\/","title":{"rendered":"LLAVE MEINL P\/BATERIA MOD. SB501"},"content":{"rendered":"<div style=\"text-align: justify\">\n<div>\n<h3>Los aditamentos m\u00e1s necesarios.<\/h3>\n<\/div>\n<div>Esta llave de bater\u00eda es esencial para cualquier baterista, ya sea para ajustar el hardware, cambiar los parches y para afinar.  Con 75 gramos, la llave Meinl Kinetic es una de las m\u00e1s pesadas del mercado. La masa agregada le permite permanecer en su posici\u00f3n mientras permite cambios r\u00e1pidos de parches.<\/div>\n<div>\n<h4>Quick look<\/h4>\n<\/div>\n<ul style=\"margin: 0px 0px 0px 25px\">\n<li style=\"list-style-type: circle;margin: 5px\">Llave de afinaci\u00f3n.<\/li>\n<\/ul>\n<div>\n<div style=\"font-weight: bold\">Llave de afinaci\u00f3n.<\/div>\n<div>\n<p>Una llave de afinaci\u00f3n es uno de los aditamentos m\u00e1s importantes de tu set, ya que para obtener el mejor sonido, la bater\u00eda debe de estar siempre afinada.<\/p>\n<\/div>\n<\/div>\n<div>\n<h4>Characteristics<\/h4>\n<\/div>\n<div>\n<ul style=\"margin: 0px 0px 0px 25px\">\n<li style=\"list-style-type: circle;margin: 5px\">Mango de gran tama\u00f1o.<\/li>\n<li style=\"list-style-type: circle;margin: 5px\">Funciona con la mayor\u00eda de los taladros el\u00e9ctricos est\u00e1ndar.<\/li>\n<li style=\"list-style-type: circle;margin: 5px\">Permite cambios r\u00e1pidos de parches.<\/li>\n<\/ul>\n<\/div>\n<\/div>","protected":false},"excerpt":{"rendered":"<p>Llave para bater\u00eda, niquelada, mango de gran tama\u00f1o, funciona con la mayor\u00eda de los taladros el\u00e9ctricos est\u00e1ndar, permite cambios r\u00e1pidos de parches, aplicable para tornillos de presi\u00f3n.&hellip; <a class=\"kt-excerpt-readmore more-link\" href=\"https:\/\/www.mexicanguitarplayers.com\/en\/tienda\/accesorios\/para-bateria\/llaves\/llave-meinl-p-bateria-mod-sb501\/\">Read more<\/a><\/p>","protected":false},"featured_media":28271,"comment_status":"open","ping_status":"closed","template":"","meta":{"kt_blocks_editor_width":""},"pwb-brand":[290],"product_brand":[],"product_cat":[85,430,306],"product_tag":[],"class_list":{"0":"post-28273","1":"product","2":"type-product","3":"status-publish","4":"has-post-thumbnail","6":"pwb-brand-meinl","7":"product_cat-accesorios","8":"product_cat-llaves","9":"product_cat-para-bateria","10":"product_shipping_class-0-5-kg","12":"first","13":"outofstock","14":"taxable","15":"shipping-taxable","16":"purchasable","17":"product-type-simple"},"yoast_head":"<!-- This site is optimized with the Yoast SEO plugin v27.6 - https:\/\/yoast.com\/product\/yoast-seo-wordpress\/ -->\n<title>LLAVE MEINL P\/BATERIA MOD. SB501 - Mexican Guitar Players<\/title>\n<meta name=\"description\" content=\"Llave para bater\u00eda, niquelada, mango de gran tama\u00f1o, funciona con la mayor\u00eda de los taladros el\u00e9ctricos est\u00e1ndar, permite cambios r\u00e1pidos de parches, aplicable para tornillos de presi\u00f3n.\" \/>\n<meta name=\"robots\" content=\"index, follow, max-snippet:-1, max-image-preview:large, max-video-preview:-1\" \/>\n<link rel=\"canonical\" href=\"https:\/\/www.mexicanguitarplayers.com\/en\/tienda\/sin%20categor\u00eda\/llave-meinl-p-bateria-mod-sb501\/\" \/>\n<meta property=\"og:locale\" content=\"en_US\" \/>\n<meta property=\"og:type\" content=\"article\" \/>\n<meta property=\"og:title\" content=\"LLAVE MEINL P\/BATERIA MOD. SB501 - Mexican Guitar Players\" \/>\n<meta property=\"og:description\" content=\"Llave para bater\u00eda, niquelada, mango de gran tama\u00f1o, funciona con la mayor\u00eda de los taladros el\u00e9ctricos est\u00e1ndar, permite cambios r\u00e1pidos de parches, aplicable para tornillos de presi\u00f3n.\" \/>\n<meta property=\"og:url\" content=\"https:\/\/www.mexicanguitarplayers.com\/en\/tienda\/sin categor\u00eda\/llave-meinl-p-bateria-mod-sb501\/\" \/>\n<meta property=\"og:site_name\" content=\"Mexican Guitar Players\" \/>\n<meta property=\"article:modified_time\" content=\"2026-04-10T10:40:37+00:00\" \/>\n<meta name=\"twitter:card\" content=\"summary_large_image\" \/>\n<meta name=\"twitter:label1\" content=\"Est. reading time\" \/>\n\t<meta name=\"twitter:data1\" content=\"1 minute\" \/>\n<script type=\"application\/ld+json\" class=\"yoast-schema-graph\">{\"@context\":\"https:\\\/\\\/schema.org\",\"@graph\":[{\"@type\":[\"WebPage\",\"ItemPage\"],\"@id\":\"https:\\\/\\\/www.mexicanguitarplayers.com\\\/tienda\\\/sin categor\u00eda\\\/llave-meinl-p-bateria-mod-sb501\\\/\",\"url\":\"https:\\\/\\\/www.mexicanguitarplayers.com\\\/tienda\\\/sin categor\u00eda\\\/llave-meinl-p-bateria-mod-sb501\\\/\",\"name\":\"LLAVE MEINL P\\\/BATERIA MOD. SB501 - Mexican Guitar Players\",\"isPartOf\":{\"@id\":\"https:\\\/\\\/www.mexicanguitarplayers.com\\\/#website\"},\"primaryImageOfPage\":{\"@id\":\"https:\\\/\\\/www.mexicanguitarplayers.com\\\/tienda\\\/sin categor\u00eda\\\/llave-meinl-p-bateria-mod-sb501\\\/#primaryimage\"},\"image\":{\"@id\":\"https:\\\/\\\/www.mexicanguitarplayers.com\\\/tienda\\\/sin categor\u00eda\\\/llave-meinl-p-bateria-mod-sb501\\\/#primaryimage\"},\"thumbnailUrl\":\"https:\\\/\\\/www.mexicanguitarplayers.com\\\/wp-content\\\/uploads\\\/2025\\\/04\\\/RAMEISB501.jpg\",\"datePublished\":\"2025-04-08T14:25:19+00:00\",\"dateModified\":\"2026-04-10T10:40:37+00:00\",\"description\":\"Llave para bater\u00eda, niquelada, mango de gran tama\u00f1o, funciona con la mayor\u00eda de los taladros el\u00e9ctricos est\u00e1ndar, permite cambios r\u00e1pidos de parches, aplicable para tornillos de presi\u00f3n.\",\"breadcrumb\":{\"@id\":\"https:\\\/\\\/www.mexicanguitarplayers.com\\\/tienda\\\/sin categor\u00eda\\\/llave-meinl-p-bateria-mod-sb501\\\/#breadcrumb\"},\"inLanguage\":\"en-US\",\"potentialAction\":[{\"@type\":\"ReadAction\",\"target\":[\"https:\\\/\\\/www.mexicanguitarplayers.com\\\/tienda\\\/sin categor\u00eda\\\/llave-meinl-p-bateria-mod-sb501\\\/\"]}]},{\"@type\":\"ImageObject\",\"inLanguage\":\"en-US\",\"@id\":\"https:\\\/\\\/www.mexicanguitarplayers.com\\\/tienda\\\/sin categor\u00eda\\\/llave-meinl-p-bateria-mod-sb501\\\/#primaryimage\",\"url\":\"https:\\\/\\\/www.mexicanguitarplayers.com\\\/wp-content\\\/uploads\\\/2025\\\/04\\\/RAMEISB501.jpg\",\"contentUrl\":\"https:\\\/\\\/www.mexicanguitarplayers.com\\\/wp-content\\\/uploads\\\/2025\\\/04\\\/RAMEISB501.jpg\",\"width\":1200,\"height\":1200},{\"@type\":\"BreadcrumbList\",\"@id\":\"https:\\\/\\\/www.mexicanguitarplayers.com\\\/tienda\\\/sin categor\u00eda\\\/llave-meinl-p-bateria-mod-sb501\\\/#breadcrumb\",\"itemListElement\":[{\"@type\":\"ListItem\",\"position\":1,\"name\":\"Portada\",\"item\":\"https:\\\/\\\/www.mexicanguitarplayers.com\\\/\"},{\"@type\":\"ListItem\",\"position\":2,\"name\":\"Tienda\",\"item\":\"https:\\\/\\\/www.mexicanguitarplayers.com\\\/tienda\\\/\"},{\"@type\":\"ListItem\",\"position\":3,\"name\":\"LLAVE MEINL P\\\/BATERIA MOD. SB501\"}]},{\"@type\":\"WebSite\",\"@id\":\"https:\\\/\\\/www.mexicanguitarplayers.com\\\/#website\",\"url\":\"https:\\\/\\\/www.mexicanguitarplayers.com\\\/\",\"name\":\"Mexican Guitar Players\",\"description\":\"Website\",\"publisher\":{\"@id\":\"https:\\\/\\\/www.mexicanguitarplayers.com\\\/#organization\"},\"potentialAction\":[{\"@type\":\"SearchAction\",\"target\":{\"@type\":\"EntryPoint\",\"urlTemplate\":\"https:\\\/\\\/www.mexicanguitarplayers.com\\\/?s={search_term_string}\"},\"query-input\":{\"@type\":\"PropertyValueSpecification\",\"valueRequired\":true,\"valueName\":\"search_term_string\"}}],\"inLanguage\":\"en-US\"},{\"@type\":\"Organization\",\"@id\":\"https:\\\/\\\/www.mexicanguitarplayers.com\\\/#organization\",\"name\":\"Mexican Guitar Players\",\"url\":\"https:\\\/\\\/www.mexicanguitarplayers.com\\\/\",\"logo\":{\"@type\":\"ImageObject\",\"inLanguage\":\"en-US\",\"@id\":\"https:\\\/\\\/www.mexicanguitarplayers.com\\\/#\\\/schema\\\/logo\\\/image\\\/\",\"url\":\"\",\"contentUrl\":\"\",\"caption\":\"Mexican Guitar Players\"},\"image\":{\"@id\":\"https:\\\/\\\/www.mexicanguitarplayers.com\\\/#\\\/schema\\\/logo\\\/image\\\/\"}}]}<\/script>\n<!-- \/ Yoast SEO plugin. -->","yoast_head_json":{"title":"LLAVE MEINL P\/BATERIA MOD. SB501 - Mexican Guitar Players","description":"Llave para bater\u00eda, niquelada, mango de gran tama\u00f1o, funciona con la mayor\u00eda de los taladros el\u00e9ctricos est\u00e1ndar, permite cambios r\u00e1pidos de parches, aplicable para tornillos de presi\u00f3n.","robots":{"index":"index","follow":"follow","max-snippet":"max-snippet:-1","max-image-preview":"max-image-preview:large","max-video-preview":"max-video-preview:-1"},"canonical":"https:\/\/www.mexicanguitarplayers.com\/en\/tienda\/sin categor\u00eda\/llave-meinl-p-bateria-mod-sb501\/","og_locale":"en_US","og_type":"article","og_title":"LLAVE MEINL P\/BATERIA MOD. SB501 - Mexican Guitar Players","og_description":"Llave para bater\u00eda, niquelada, mango de gran tama\u00f1o, funciona con la mayor\u00eda de los taladros el\u00e9ctricos est\u00e1ndar, permite cambios r\u00e1pidos de parches, aplicable para tornillos de presi\u00f3n.","og_url":"https:\/\/www.mexicanguitarplayers.com\/en\/tienda\/sin categor\u00eda\/llave-meinl-p-bateria-mod-sb501\/","og_site_name":"Mexican Guitar Players","article_modified_time":"2026-04-10T10:40:37+00:00","twitter_card":"summary_large_image","twitter_misc":{"Est. reading time":"1 minute"},"schema":{"@context":"https:\/\/schema.org","@graph":[{"@type":["WebPage","ItemPage"],"@id":"https:\/\/www.mexicanguitarplayers.com\/tienda\/sin categor\u00eda\/llave-meinl-p-bateria-mod-sb501\/","url":"https:\/\/www.mexicanguitarplayers.com\/tienda\/sin categor\u00eda\/llave-meinl-p-bateria-mod-sb501\/","name":"LLAVE MEINL P\/BATERIA MOD. SB501 - Mexican Guitar Players","isPartOf":{"@id":"https:\/\/www.mexicanguitarplayers.com\/#website"},"primaryImageOfPage":{"@id":"https:\/\/www.mexicanguitarplayers.com\/tienda\/sin categor\u00eda\/llave-meinl-p-bateria-mod-sb501\/#primaryimage"},"image":{"@id":"https:\/\/www.mexicanguitarplayers.com\/tienda\/sin categor\u00eda\/llave-meinl-p-bateria-mod-sb501\/#primaryimage"},"thumbnailUrl":"https:\/\/www.mexicanguitarplayers.com\/wp-content\/uploads\/2025\/04\/RAMEISB501.jpg","datePublished":"2025-04-08T14:25:19+00:00","dateModified":"2026-04-10T10:40:37+00:00","description":"Llave para bater\u00eda, niquelada, mango de gran tama\u00f1o, funciona con la mayor\u00eda de los taladros el\u00e9ctricos est\u00e1ndar, permite cambios r\u00e1pidos de parches, aplicable para tornillos de presi\u00f3n.","breadcrumb":{"@id":"https:\/\/www.mexicanguitarplayers.com\/tienda\/sin categor\u00eda\/llave-meinl-p-bateria-mod-sb501\/#breadcrumb"},"inLanguage":"en-US","potentialAction":[{"@type":"ReadAction","target":["https:\/\/www.mexicanguitarplayers.com\/tienda\/sin categor\u00eda\/llave-meinl-p-bateria-mod-sb501\/"]}]},{"@type":"ImageObject","inLanguage":"en-US","@id":"https:\/\/www.mexicanguitarplayers.com\/tienda\/sin categor\u00eda\/llave-meinl-p-bateria-mod-sb501\/#primaryimage","url":"https:\/\/www.mexicanguitarplayers.com\/wp-content\/uploads\/2025\/04\/RAMEISB501.jpg","contentUrl":"https:\/\/www.mexicanguitarplayers.com\/wp-content\/uploads\/2025\/04\/RAMEISB501.jpg","width":1200,"height":1200},{"@type":"BreadcrumbList","@id":"https:\/\/www.mexicanguitarplayers.com\/tienda\/sin categor\u00eda\/llave-meinl-p-bateria-mod-sb501\/#breadcrumb","itemListElement":[{"@type":"ListItem","position":1,"name":"Portada","item":"https:\/\/www.mexicanguitarplayers.com\/"},{"@type":"ListItem","position":2,"name":"Tienda","item":"https:\/\/www.mexicanguitarplayers.com\/tienda\/"},{"@type":"ListItem","position":3,"name":"LLAVE MEINL P\/BATERIA MOD. SB501"}]},{"@type":"WebSite","@id":"https:\/\/www.mexicanguitarplayers.com\/#website","url":"https:\/\/www.mexicanguitarplayers.com\/","name":"Mexican Guitar Players","description":"Website","publisher":{"@id":"https:\/\/www.mexicanguitarplayers.com\/#organization"},"potentialAction":[{"@type":"SearchAction","target":{"@type":"EntryPoint","urlTemplate":"https:\/\/www.mexicanguitarplayers.com\/?s={search_term_string}"},"query-input":{"@type":"PropertyValueSpecification","valueRequired":true,"valueName":"search_term_string"}}],"inLanguage":"en-US"},{"@type":"Organization","@id":"https:\/\/www.mexicanguitarplayers.com\/#organization","name":"Mexican Guitar Players","url":"https:\/\/www.mexicanguitarplayers.com\/","logo":{"@type":"ImageObject","inLanguage":"en-US","@id":"https:\/\/www.mexicanguitarplayers.com\/#\/schema\/logo\/image\/","url":"","contentUrl":"","caption":"Mexican Guitar Players"},"image":{"@id":"https:\/\/www.mexicanguitarplayers.com\/#\/schema\/logo\/image\/"}}]}},"brands":[{"id":290,"name":"MEINL","slug":"meinl"}],"_links":{"self":[{"href":"https:\/\/www.mexicanguitarplayers.com\/en\/wp-json\/wp\/v2\/product\/28273","targetHints":{"allow":["GET"]}}],"collection":[{"href":"https:\/\/www.mexicanguitarplayers.com\/en\/wp-json\/wp\/v2\/product"}],"about":[{"href":"https:\/\/www.mexicanguitarplayers.com\/en\/wp-json\/wp\/v2\/types\/product"}],"replies":[{"embeddable":true,"href":"https:\/\/www.mexicanguitarplayers.com\/en\/wp-json\/wp\/v2\/comments?post=28273"}],"wp:featuredmedia":[{"embeddable":true,"href":"https:\/\/www.mexicanguitarplayers.com\/en\/wp-json\/wp\/v2\/media\/28271"}],"wp:attachment":[{"href":"https:\/\/www.mexicanguitarplayers.com\/en\/wp-json\/wp\/v2\/media?parent=28273"}],"wp:term":[{"taxonomy":"pwb-brand","embeddable":true,"href":"https:\/\/www.mexicanguitarplayers.com\/en\/wp-json\/wp\/v2\/pwb-brand?post=28273"},{"taxonomy":"product_brand","embeddable":true,"href":"https:\/\/www.mexicanguitarplayers.com\/en\/wp-json\/wp\/v2\/product_brand?post=28273"},{"taxonomy":"product_cat","embeddable":true,"href":"https:\/\/www.mexicanguitarplayers.com\/en\/wp-json\/wp\/v2\/product_cat?post=28273"},{"taxonomy":"product_tag","embeddable":true,"href":"https:\/\/www.mexicanguitarplayers.com\/en\/wp-json\/wp\/v2\/product_tag?post=28273"}],"curies":[{"name":"wp","href":"https:\/\/api.w.org\/{rel}","templated":true}]}}