{"id":28297,"date":"2025-04-08T08:25:49","date_gmt":"2025-04-08T14:25:49","guid":{"rendered":"https:\/\/www.mexicanguitarplayers.com\/tienda\/sin categor\u00eda\/armonica-hohner-98-115-weekender-24\/"},"modified":"2025-04-08T08:25:49","modified_gmt":"2025-04-08T14:25:49","slug":"armonica-hohner-98-115-weekender-24","status":"publish","type":"product","link":"https:\/\/www.mexicanguitarplayers.com\/en\/tienda\/alientos\/armonicas\/armonica-hohner-98-115-weekender-24\/","title":{"rendered":"ARMONICA HOHNER 98-115    WEEKENDER-24"},"content":{"rendered":"<div style=\"text-align: justify\">\n<div>\n<h3>El sonido cl\u00e1sico del blues.<\/h3>\n<\/div>\n<div>La arm\u00f3nica Weekender 24 Tremolo de Hohner es excelente para los principiantes que buscan crear efectos de tr\u00e9molo que normalmente vienen solo para los armonicistas m\u00e1s experimentados. Afinada en tono de C, el secreto de esta arm\u00f3nica es su doble fila de 12 celdas cada una, todo en un peine suave de pl\u00e1stico.  Como tener dos vocalistas, estas dos filas de celdas crean un vibrato exuberante, que funciona bien en muchos g\u00e9neros musicales, desde Gospel hasta Folk. La Weekender tambi\u00e9n puede ser un gran regalo para cualquier persona que pueda disfrutar de hacer un sonido suave y exuberante.<\/div>\n<div>\n<h4>Characteristics<\/h4>\n<\/div>\n<div>\n<ul style=\"margin: 0px 0px 0px 25px\">\n<li style=\"list-style-type: circle;margin: 5px\">2 filas con 12 celdas cada una. <\/li>\n<li style=\"list-style-type: circle;margin: 5px\">Arm\u00f3nica de tr\u00e9molo. <\/li>\n<li style=\"list-style-type: circle;margin: 5px\">Peine de pl\u00e1stico. <\/li>\n<li style=\"list-style-type: circle;margin: 5px\">Nota: C. <\/li>\n<li style=\"list-style-type: circle;margin: 5px\">Cuerpo de pl\u00e1stico.<\/li>\n<\/ul>\n<\/div>\n<\/div>","protected":false},"excerpt":{"rendered":"<p>Arm\u00f3nica Hohner 98-115. Modelo: WEEKENDER-24. 2 filas con 12 celdas cada una. Arm\u00f3nica de tr\u00e9molo. Peine de pl\u00e1stico. Nota: C. Cuerpo de pl\u00e1stico.&hellip; <a class=\"kt-excerpt-readmore more-link\" href=\"https:\/\/www.mexicanguitarplayers.com\/en\/tienda\/alientos\/armonicas\/armonica-hohner-98-115-weekender-24\/\">Read more<\/a><\/p>","protected":false},"featured_media":28294,"comment_status":"open","ping_status":"closed","template":"","meta":{"kt_blocks_editor_width":""},"pwb-brand":[395],"product_brand":[],"product_cat":[388,401],"product_tag":[],"class_list":{"0":"post-28297","1":"product","2":"type-product","3":"status-publish","4":"has-post-thumbnail","6":"pwb-brand-hohner","7":"product_cat-alientos","8":"product_cat-armonicas","9":"product_shipping_class-0-5-kg","11":"first","12":"outofstock","13":"taxable","14":"shipping-taxable","15":"purchasable","16":"product-type-simple"},"yoast_head":"<!-- This site is optimized with the Yoast SEO plugin v27.3 - https:\/\/yoast.com\/product\/yoast-seo-wordpress\/ -->\n<title>ARMONICA HOHNER 98-115  WEEKENDER-24 - Mexican Guitar Players<\/title>\n<meta name=\"description\" content=\"Arm\u00f3nica Hohner 98-115. Modelo: WEEKENDER-24. 2 filas con 12 celdas cada una. Arm\u00f3nica de tr\u00e9molo. Peine de pl\u00e1stico. Nota: C. Cuerpo de pl\u00e1stico.\" \/>\n<meta name=\"robots\" content=\"index, follow, max-snippet:-1, max-image-preview:large, max-video-preview:-1\" \/>\n<link rel=\"canonical\" href=\"https:\/\/www.mexicanguitarplayers.com\/en\/tienda\/sin%20categor\u00eda\/armonica-hohner-98-115-weekender-24\/\" \/>\n<meta property=\"og:locale\" content=\"en_US\" \/>\n<meta property=\"og:type\" content=\"article\" \/>\n<meta property=\"og:title\" content=\"ARMONICA HOHNER 98-115  WEEKENDER-24 - Mexican Guitar Players\" \/>\n<meta property=\"og:description\" content=\"Arm\u00f3nica Hohner 98-115. Modelo: WEEKENDER-24. 2 filas con 12 celdas cada una. Arm\u00f3nica de tr\u00e9molo. Peine de pl\u00e1stico. Nota: C. Cuerpo de pl\u00e1stico.\" \/>\n<meta property=\"og:url\" content=\"https:\/\/www.mexicanguitarplayers.com\/en\/tienda\/sin categor\u00eda\/armonica-hohner-98-115-weekender-24\/\" \/>\n<meta property=\"og:site_name\" content=\"Mexican Guitar Players\" \/>\n<meta name=\"twitter:card\" content=\"summary_large_image\" \/>\n<meta name=\"twitter:label1\" content=\"Est. reading time\" \/>\n\t<meta name=\"twitter:data1\" content=\"1 minute\" \/>\n<script type=\"application\/ld+json\" class=\"yoast-schema-graph\">{\"@context\":\"https:\\\/\\\/schema.org\",\"@graph\":[{\"@type\":[\"WebPage\",\"ItemPage\"],\"@id\":\"https:\\\/\\\/www.mexicanguitarplayers.com\\\/tienda\\\/sin categor\u00eda\\\/armonica-hohner-98-115-weekender-24\\\/\",\"url\":\"https:\\\/\\\/www.mexicanguitarplayers.com\\\/tienda\\\/sin categor\u00eda\\\/armonica-hohner-98-115-weekender-24\\\/\",\"name\":\"ARMONICA HOHNER 98-115 WEEKENDER-24 - Mexican Guitar Players\",\"isPartOf\":{\"@id\":\"https:\\\/\\\/www.mexicanguitarplayers.com\\\/#website\"},\"primaryImageOfPage\":{\"@id\":\"https:\\\/\\\/www.mexicanguitarplayers.com\\\/tienda\\\/sin categor\u00eda\\\/armonica-hohner-98-115-weekender-24\\\/#primaryimage\"},\"image\":{\"@id\":\"https:\\\/\\\/www.mexicanguitarplayers.com\\\/tienda\\\/sin categor\u00eda\\\/armonica-hohner-98-115-weekender-24\\\/#primaryimage\"},\"thumbnailUrl\":\"https:\\\/\\\/www.mexicanguitarplayers.com\\\/wp-content\\\/uploads\\\/2025\\\/04\\\/IVHOH98115.jpg\",\"datePublished\":\"2025-04-08T14:25:49+00:00\",\"description\":\"Arm\u00f3nica Hohner 98-115. Modelo: WEEKENDER-24. 2 filas con 12 celdas cada una. Arm\u00f3nica de tr\u00e9molo. Peine de pl\u00e1stico. Nota: C. Cuerpo de pl\u00e1stico.\",\"breadcrumb\":{\"@id\":\"https:\\\/\\\/www.mexicanguitarplayers.com\\\/tienda\\\/sin categor\u00eda\\\/armonica-hohner-98-115-weekender-24\\\/#breadcrumb\"},\"inLanguage\":\"en-US\",\"potentialAction\":[{\"@type\":\"ReadAction\",\"target\":[\"https:\\\/\\\/www.mexicanguitarplayers.com\\\/tienda\\\/sin categor\u00eda\\\/armonica-hohner-98-115-weekender-24\\\/\"]}]},{\"@type\":\"ImageObject\",\"inLanguage\":\"en-US\",\"@id\":\"https:\\\/\\\/www.mexicanguitarplayers.com\\\/tienda\\\/sin categor\u00eda\\\/armonica-hohner-98-115-weekender-24\\\/#primaryimage\",\"url\":\"https:\\\/\\\/www.mexicanguitarplayers.com\\\/wp-content\\\/uploads\\\/2025\\\/04\\\/IVHOH98115.jpg\",\"contentUrl\":\"https:\\\/\\\/www.mexicanguitarplayers.com\\\/wp-content\\\/uploads\\\/2025\\\/04\\\/IVHOH98115.jpg\",\"width\":1200,\"height\":1200},{\"@type\":\"BreadcrumbList\",\"@id\":\"https:\\\/\\\/www.mexicanguitarplayers.com\\\/tienda\\\/sin categor\u00eda\\\/armonica-hohner-98-115-weekender-24\\\/#breadcrumb\",\"itemListElement\":[{\"@type\":\"ListItem\",\"position\":1,\"name\":\"Portada\",\"item\":\"https:\\\/\\\/www.mexicanguitarplayers.com\\\/\"},{\"@type\":\"ListItem\",\"position\":2,\"name\":\"Tienda\",\"item\":\"https:\\\/\\\/www.mexicanguitarplayers.com\\\/tienda\\\/\"},{\"@type\":\"ListItem\",\"position\":3,\"name\":\"ARMONICA HOHNER 98-115 WEEKENDER-24\"}]},{\"@type\":\"WebSite\",\"@id\":\"https:\\\/\\\/www.mexicanguitarplayers.com\\\/#website\",\"url\":\"https:\\\/\\\/www.mexicanguitarplayers.com\\\/\",\"name\":\"Mexican Guitar Players\",\"description\":\"Website\",\"publisher\":{\"@id\":\"https:\\\/\\\/www.mexicanguitarplayers.com\\\/#organization\"},\"potentialAction\":[{\"@type\":\"SearchAction\",\"target\":{\"@type\":\"EntryPoint\",\"urlTemplate\":\"https:\\\/\\\/www.mexicanguitarplayers.com\\\/?s={search_term_string}\"},\"query-input\":{\"@type\":\"PropertyValueSpecification\",\"valueRequired\":true,\"valueName\":\"search_term_string\"}}],\"inLanguage\":\"en-US\"},{\"@type\":\"Organization\",\"@id\":\"https:\\\/\\\/www.mexicanguitarplayers.com\\\/#organization\",\"name\":\"Mexican Guitar Players\",\"url\":\"https:\\\/\\\/www.mexicanguitarplayers.com\\\/\",\"logo\":{\"@type\":\"ImageObject\",\"inLanguage\":\"en-US\",\"@id\":\"https:\\\/\\\/www.mexicanguitarplayers.com\\\/#\\\/schema\\\/logo\\\/image\\\/\",\"url\":\"\",\"contentUrl\":\"\",\"caption\":\"Mexican Guitar Players\"},\"image\":{\"@id\":\"https:\\\/\\\/www.mexicanguitarplayers.com\\\/#\\\/schema\\\/logo\\\/image\\\/\"}}]}<\/script>\n<!-- \/ Yoast SEO plugin. -->","yoast_head_json":{"title":"ARMONICA HOHNER 98-115  WEEKENDER-24 - Mexican Guitar Players","description":"Arm\u00f3nica Hohner 98-115. Modelo: WEEKENDER-24. 2 filas con 12 celdas cada una. Arm\u00f3nica de tr\u00e9molo. Peine de pl\u00e1stico. Nota: C. Cuerpo de pl\u00e1stico.","robots":{"index":"index","follow":"follow","max-snippet":"max-snippet:-1","max-image-preview":"max-image-preview:large","max-video-preview":"max-video-preview:-1"},"canonical":"https:\/\/www.mexicanguitarplayers.com\/en\/tienda\/sin categor\u00eda\/armonica-hohner-98-115-weekender-24\/","og_locale":"en_US","og_type":"article","og_title":"ARMONICA HOHNER 98-115  WEEKENDER-24 - Mexican Guitar Players","og_description":"Arm\u00f3nica Hohner 98-115. Modelo: WEEKENDER-24. 2 filas con 12 celdas cada una. Arm\u00f3nica de tr\u00e9molo. Peine de pl\u00e1stico. Nota: C. Cuerpo de pl\u00e1stico.","og_url":"https:\/\/www.mexicanguitarplayers.com\/en\/tienda\/sin categor\u00eda\/armonica-hohner-98-115-weekender-24\/","og_site_name":"Mexican Guitar Players","twitter_card":"summary_large_image","twitter_misc":{"Est. reading time":"1 minute"},"schema":{"@context":"https:\/\/schema.org","@graph":[{"@type":["WebPage","ItemPage"],"@id":"https:\/\/www.mexicanguitarplayers.com\/tienda\/sin categor\u00eda\/armonica-hohner-98-115-weekender-24\/","url":"https:\/\/www.mexicanguitarplayers.com\/tienda\/sin categor\u00eda\/armonica-hohner-98-115-weekender-24\/","name":"ARMONICA HOHNER 98-115 WEEKENDER-24 - Mexican Guitar Players","isPartOf":{"@id":"https:\/\/www.mexicanguitarplayers.com\/#website"},"primaryImageOfPage":{"@id":"https:\/\/www.mexicanguitarplayers.com\/tienda\/sin categor\u00eda\/armonica-hohner-98-115-weekender-24\/#primaryimage"},"image":{"@id":"https:\/\/www.mexicanguitarplayers.com\/tienda\/sin categor\u00eda\/armonica-hohner-98-115-weekender-24\/#primaryimage"},"thumbnailUrl":"https:\/\/www.mexicanguitarplayers.com\/wp-content\/uploads\/2025\/04\/IVHOH98115.jpg","datePublished":"2025-04-08T14:25:49+00:00","description":"Arm\u00f3nica Hohner 98-115. Modelo: WEEKENDER-24. 2 filas con 12 celdas cada una. Arm\u00f3nica de tr\u00e9molo. Peine de pl\u00e1stico. Nota: C. Cuerpo de pl\u00e1stico.","breadcrumb":{"@id":"https:\/\/www.mexicanguitarplayers.com\/tienda\/sin categor\u00eda\/armonica-hohner-98-115-weekender-24\/#breadcrumb"},"inLanguage":"en-US","potentialAction":[{"@type":"ReadAction","target":["https:\/\/www.mexicanguitarplayers.com\/tienda\/sin categor\u00eda\/armonica-hohner-98-115-weekender-24\/"]}]},{"@type":"ImageObject","inLanguage":"en-US","@id":"https:\/\/www.mexicanguitarplayers.com\/tienda\/sin categor\u00eda\/armonica-hohner-98-115-weekender-24\/#primaryimage","url":"https:\/\/www.mexicanguitarplayers.com\/wp-content\/uploads\/2025\/04\/IVHOH98115.jpg","contentUrl":"https:\/\/www.mexicanguitarplayers.com\/wp-content\/uploads\/2025\/04\/IVHOH98115.jpg","width":1200,"height":1200},{"@type":"BreadcrumbList","@id":"https:\/\/www.mexicanguitarplayers.com\/tienda\/sin categor\u00eda\/armonica-hohner-98-115-weekender-24\/#breadcrumb","itemListElement":[{"@type":"ListItem","position":1,"name":"Portada","item":"https:\/\/www.mexicanguitarplayers.com\/"},{"@type":"ListItem","position":2,"name":"Tienda","item":"https:\/\/www.mexicanguitarplayers.com\/tienda\/"},{"@type":"ListItem","position":3,"name":"ARMONICA HOHNER 98-115 WEEKENDER-24"}]},{"@type":"WebSite","@id":"https:\/\/www.mexicanguitarplayers.com\/#website","url":"https:\/\/www.mexicanguitarplayers.com\/","name":"Mexican Guitar Players","description":"Website","publisher":{"@id":"https:\/\/www.mexicanguitarplayers.com\/#organization"},"potentialAction":[{"@type":"SearchAction","target":{"@type":"EntryPoint","urlTemplate":"https:\/\/www.mexicanguitarplayers.com\/?s={search_term_string}"},"query-input":{"@type":"PropertyValueSpecification","valueRequired":true,"valueName":"search_term_string"}}],"inLanguage":"en-US"},{"@type":"Organization","@id":"https:\/\/www.mexicanguitarplayers.com\/#organization","name":"Mexican Guitar Players","url":"https:\/\/www.mexicanguitarplayers.com\/","logo":{"@type":"ImageObject","inLanguage":"en-US","@id":"https:\/\/www.mexicanguitarplayers.com\/#\/schema\/logo\/image\/","url":"","contentUrl":"","caption":"Mexican Guitar Players"},"image":{"@id":"https:\/\/www.mexicanguitarplayers.com\/#\/schema\/logo\/image\/"}}]}},"brands":[{"id":395,"name":"HOHNER","slug":"hohner"}],"_links":{"self":[{"href":"https:\/\/www.mexicanguitarplayers.com\/en\/wp-json\/wp\/v2\/product\/28297","targetHints":{"allow":["GET"]}}],"collection":[{"href":"https:\/\/www.mexicanguitarplayers.com\/en\/wp-json\/wp\/v2\/product"}],"about":[{"href":"https:\/\/www.mexicanguitarplayers.com\/en\/wp-json\/wp\/v2\/types\/product"}],"replies":[{"embeddable":true,"href":"https:\/\/www.mexicanguitarplayers.com\/en\/wp-json\/wp\/v2\/comments?post=28297"}],"wp:featuredmedia":[{"embeddable":true,"href":"https:\/\/www.mexicanguitarplayers.com\/en\/wp-json\/wp\/v2\/media\/28294"}],"wp:attachment":[{"href":"https:\/\/www.mexicanguitarplayers.com\/en\/wp-json\/wp\/v2\/media?parent=28297"}],"wp:term":[{"taxonomy":"pwb-brand","embeddable":true,"href":"https:\/\/www.mexicanguitarplayers.com\/en\/wp-json\/wp\/v2\/pwb-brand?post=28297"},{"taxonomy":"product_brand","embeddable":true,"href":"https:\/\/www.mexicanguitarplayers.com\/en\/wp-json\/wp\/v2\/product_brand?post=28297"},{"taxonomy":"product_cat","embeddable":true,"href":"https:\/\/www.mexicanguitarplayers.com\/en\/wp-json\/wp\/v2\/product_cat?post=28297"},{"taxonomy":"product_tag","embeddable":true,"href":"https:\/\/www.mexicanguitarplayers.com\/en\/wp-json\/wp\/v2\/product_tag?post=28297"}],"curies":[{"name":"wp","href":"https:\/\/api.w.org\/{rel}","templated":true}]}}