{"id":28306,"date":"2025-04-08T08:26:02","date_gmt":"2025-04-08T14:26:02","guid":{"rendered":"https:\/\/www.mexicanguitarplayers.com\/tienda\/sin categor\u00eda\/funda-gator-p-guitarra-gbe-classic\/"},"modified":"2026-05-01T07:26:51","modified_gmt":"2026-05-01T13:26:51","slug":"funda-gator-p-guitarra-gbe-classic","status":"publish","type":"product","link":"https:\/\/www.mexicanguitarplayers.com\/en\/tienda\/accesorios\/estuches-y-fundas\/para-guitarra\/para-guitarra-clasica\/funda-gator-p-guitarra-gbe-classic\/","title":{"rendered":"FUNDA GATOR P\/GUITARRA GBE-CLASSIC"},"content":{"rendered":"<div style=\"text-align: justify\">\n<div>\n<h3>Mant\u00e9n tu guitarra cl\u00e1sica segura con esta gran funda.<\/h3>\n<\/div>\n<div>La funda ligera de Gator para guitarras el\u00e9ctricas (GBE-CLASSIC) ofrece la protecci\u00f3n rudimentaria de una funda de caparaz\u00f3n blando, as\u00ed como la durabilidad de un estuche Gator. El exterior de nylon es resistente a rasgaduras, ara\u00f1azos y humedad, mientras que un cierre lateral de arriba hacia abajo de alta resistencia permite una entrada y salida f\u00e1cil del instrumento. Por dentro, cuenta con 10 mm de relleno de n\u00facleo de espuma, lo que proporciona una protecci\u00f3n adicional. Un \u00fanico bolsillo exterior con cierre proporciona un amplio espacio para tus cuerdas, p\u00faes y accesorios favoritos.<\/div>\n<div>\n<h4>Quick look<\/h4>\n<\/div>\n<ul style=\"margin: 0px 0px 0px 25px\">\n<li style=\"list-style-type: circle;margin: 5px\">Dimensiones interiores.<\/li>\n<li style=\"list-style-type: circle;margin: 5px\">Dimensiones exteriores.<\/li>\n<li style=\"list-style-type: circle;margin: 5px\">Weight.<\/li>\n<\/ul>\n<div>\n<div style=\"font-weight: bold\">Dimensiones interiores.<\/div>\n<div>\n<p>Altura interior: 4.7&#8243; (119.38 mm). Longitud del cuerpo: 17.7&#8243; (449.58 mm). Altura del cuerpo: 4.7&#8243; (119.38 mm). Ancho de la parte inferior: 15.1&#8243; (383.54 mm). Ancho de la parte del medio: 12.8&#8243; (325.12 mm). Ancho de la parte superior: 11.6&#8243; (294.64 mm). Longitud total: 40.2&#8243; (1021.08 mm).<\/p>\n<\/div>\n<div style=\"font-weight: bold\">Dimensiones exteriores.<\/div>\n<div>\n<p>Longitud exterior: 40.9&#8243; (1038.86 mm). Ancho exterior: 15.7&#8243; (144.78 mm). Altura exterior: 5.2&#8243; (132.08 mm).<\/p>\n<\/div>\n<div style=\"font-weight: bold\">Weight.<\/div>\n<div>\n<p>0.7 kg.<\/p>\n<\/div>\n<\/div>\n<div>\n<h4>Characteristics<\/h4>\n<\/div>\n<div>\n<ul style=\"margin: 0px 0px 0px 25px\">\n<li style=\"list-style-type: circle;margin: 5px\">Funda para guitarra cl\u00e1sica.<\/li>\n<li style=\"list-style-type: circle;margin: 5px\">Exterior de nylon Denier 600.<\/li>\n<li style=\"list-style-type: circle;margin: 5px\">Duradero y resistente al agua.<\/li>\n<li style=\"list-style-type: circle;margin: 5px\">Denso acolchado de n\u00facleo de espuma de 10 mm.<\/li>\n<li style=\"list-style-type: circle;margin: 5px\">Soporte reforzado de cabezal y brazo.<\/li>\n<li style=\"list-style-type: circle;margin: 5px\">Espacioso bolsillo exterior de almacenamiento.<\/li>\n<li style=\"list-style-type: circle;margin: 5px\">Asa de transporte de nylon.<\/li>\n<li style=\"list-style-type: circle;margin: 5px\">Correas ajustables tipo mochila.<\/li>\n<li style=\"list-style-type: circle;margin: 5px\">Orangewood Guitars<\/li>\n<li style=\"list-style-type: circle;margin: 5px\">Taylor<\/li>\n<\/ul>\n<\/div>\n<\/div>","protected":false},"excerpt":{"rendered":"<p>Funda para guitarra cl\u00e1sica, exterior de nylon Denier 600 que forma un escudo exterior duradero y resistente al agua, denso acolchado de n\u00facleo de espuma de 10 mm que mantiene tu instrumento a salvo de golpes y ara\u00f1azos, soporte reforzado de cabezal y brazo para proteger tu instrumento en su punto m\u00e1s vulnerable, espacioso bolsillo exterior de almacenamiento que mantiene organizadas tus cuerdas o accesorios, asa de transporte de nylon resistente que proporciona un agarre firme, correas ajustables tipo mochila para hacerlo m\u00e1s f\u00e1cil de llevar.&hellip; <a class=\"kt-excerpt-readmore more-link\" href=\"https:\/\/www.mexicanguitarplayers.com\/en\/tienda\/accesorios\/estuches-y-fundas\/para-guitarra\/para-guitarra-clasica\/funda-gator-p-guitarra-gbe-classic\/\">Read more<\/a><\/p>","protected":false},"featured_media":28298,"comment_status":"open","ping_status":"closed","template":"","meta":{"kt_blocks_editor_width":""},"pwb-brand":[572],"product_brand":[],"product_cat":[85,517,566,577],"product_tag":[],"class_list":{"0":"post-28306","1":"product","2":"type-product","3":"status-publish","4":"has-post-thumbnail","6":"pwb-brand-gator","7":"product_cat-accesorios","8":"product_cat-estuches-y-fundas","9":"product_cat-para-guitarra","10":"product_cat-para-guitarra-clasica","11":"product_shipping_class-0-5-kg","13":"first","14":"instock","15":"taxable","16":"shipping-taxable","17":"purchasable","18":"product-type-simple"},"yoast_head":"<!-- This site is optimized with the Yoast SEO plugin v27.5 - https:\/\/yoast.com\/product\/yoast-seo-wordpress\/ -->\n<title>FUNDA GATOR P\/GUITARRA GBE-CLASSIC - Mexican Guitar Players<\/title>\n<meta name=\"description\" content=\"Funda para guitarra cl\u00e1sica, exterior de nylon Denier 600 que forma un escudo exterior duradero y resistente al agua, denso acolchado de n\u00facleo de espuma de 10 mm que mantiene tu instrumento a salvo de golpes y ara\u00f1azos, soporte reforzado de cabezal y brazo para proteger tu instrumento en su punto m\u00e1s vulnerable, espacioso bolsillo exterior de almacenamiento que mantiene organizadas tus cuerdas o accesorios, asa de transporte de nylon resistente que proporciona un agarre firme, correas ajustables tipo mochila para hacerlo m\u00e1s f\u00e1cil de llevar.\" \/>\n<meta name=\"robots\" content=\"index, follow, max-snippet:-1, max-image-preview:large, max-video-preview:-1\" \/>\n<link rel=\"canonical\" href=\"https:\/\/www.mexicanguitarplayers.com\/en\/tienda\/sin%20categor\u00eda\/funda-gator-p-guitarra-gbe-classic\/\" \/>\n<meta property=\"og:locale\" content=\"en_US\" \/>\n<meta property=\"og:type\" content=\"article\" \/>\n<meta property=\"og:title\" content=\"FUNDA GATOR P\/GUITARRA GBE-CLASSIC - Mexican Guitar Players\" \/>\n<meta property=\"og:description\" content=\"Funda para guitarra cl\u00e1sica, exterior de nylon Denier 600 que forma un escudo exterior duradero y resistente al agua, denso acolchado de n\u00facleo de espuma de 10 mm que mantiene tu instrumento a salvo de golpes y ara\u00f1azos, soporte reforzado de cabezal y brazo para proteger tu instrumento en su punto m\u00e1s vulnerable, espacioso bolsillo exterior de almacenamiento que mantiene organizadas tus cuerdas o accesorios, asa de transporte de nylon resistente que proporciona un agarre firme, correas ajustables tipo mochila para hacerlo m\u00e1s f\u00e1cil de llevar.\" \/>\n<meta property=\"og:url\" content=\"https:\/\/www.mexicanguitarplayers.com\/en\/tienda\/sin categor\u00eda\/funda-gator-p-guitarra-gbe-classic\/\" \/>\n<meta property=\"og:site_name\" content=\"Mexican Guitar Players\" \/>\n<meta property=\"article:modified_time\" content=\"2026-05-01T13:26:51+00:00\" \/>\n<meta name=\"twitter:card\" content=\"summary_large_image\" \/>\n<meta name=\"twitter:label1\" content=\"Est. reading time\" \/>\n\t<meta name=\"twitter:data1\" content=\"1 minute\" \/>\n<script type=\"application\/ld+json\" class=\"yoast-schema-graph\">{\"@context\":\"https:\\\/\\\/schema.org\",\"@graph\":[{\"@type\":[\"WebPage\",\"ItemPage\"],\"@id\":\"https:\\\/\\\/www.mexicanguitarplayers.com\\\/tienda\\\/sin categor\u00eda\\\/funda-gator-p-guitarra-gbe-classic\\\/\",\"url\":\"https:\\\/\\\/www.mexicanguitarplayers.com\\\/tienda\\\/sin categor\u00eda\\\/funda-gator-p-guitarra-gbe-classic\\\/\",\"name\":\"FUNDA GATOR P\\\/GUITARRA GBE-CLASSIC - Mexican Guitar Players\",\"isPartOf\":{\"@id\":\"https:\\\/\\\/www.mexicanguitarplayers.com\\\/#website\"},\"primaryImageOfPage\":{\"@id\":\"https:\\\/\\\/www.mexicanguitarplayers.com\\\/tienda\\\/sin categor\u00eda\\\/funda-gator-p-guitarra-gbe-classic\\\/#primaryimage\"},\"image\":{\"@id\":\"https:\\\/\\\/www.mexicanguitarplayers.com\\\/tienda\\\/sin categor\u00eda\\\/funda-gator-p-guitarra-gbe-classic\\\/#primaryimage\"},\"thumbnailUrl\":\"https:\\\/\\\/www.mexicanguitarplayers.com\\\/wp-content\\\/uploads\\\/2025\\\/04\\\/VAGATGBECLASSI.jpg\",\"datePublished\":\"2025-04-08T14:26:02+00:00\",\"dateModified\":\"2026-05-01T13:26:51+00:00\",\"description\":\"Funda para guitarra cl\u00e1sica, exterior de nylon Denier 600 que forma un escudo exterior duradero y resistente al agua, denso acolchado de n\u00facleo de espuma de 10 mm que mantiene tu instrumento a salvo de golpes y ara\u00f1azos, soporte reforzado de cabezal y brazo para proteger tu instrumento en su punto m\u00e1s vulnerable, espacioso bolsillo exterior de almacenamiento que mantiene organizadas tus cuerdas o accesorios, asa de transporte de nylon resistente que proporciona un agarre firme, correas ajustables tipo mochila para hacerlo m\u00e1s f\u00e1cil de llevar.\",\"breadcrumb\":{\"@id\":\"https:\\\/\\\/www.mexicanguitarplayers.com\\\/tienda\\\/sin categor\u00eda\\\/funda-gator-p-guitarra-gbe-classic\\\/#breadcrumb\"},\"inLanguage\":\"en-US\",\"potentialAction\":[{\"@type\":\"ReadAction\",\"target\":[\"https:\\\/\\\/www.mexicanguitarplayers.com\\\/tienda\\\/sin categor\u00eda\\\/funda-gator-p-guitarra-gbe-classic\\\/\"]}]},{\"@type\":\"ImageObject\",\"inLanguage\":\"en-US\",\"@id\":\"https:\\\/\\\/www.mexicanguitarplayers.com\\\/tienda\\\/sin categor\u00eda\\\/funda-gator-p-guitarra-gbe-classic\\\/#primaryimage\",\"url\":\"https:\\\/\\\/www.mexicanguitarplayers.com\\\/wp-content\\\/uploads\\\/2025\\\/04\\\/VAGATGBECLASSI.jpg\",\"contentUrl\":\"https:\\\/\\\/www.mexicanguitarplayers.com\\\/wp-content\\\/uploads\\\/2025\\\/04\\\/VAGATGBECLASSI.jpg\",\"width\":800,\"height\":1600},{\"@type\":\"BreadcrumbList\",\"@id\":\"https:\\\/\\\/www.mexicanguitarplayers.com\\\/tienda\\\/sin categor\u00eda\\\/funda-gator-p-guitarra-gbe-classic\\\/#breadcrumb\",\"itemListElement\":[{\"@type\":\"ListItem\",\"position\":1,\"name\":\"Portada\",\"item\":\"https:\\\/\\\/www.mexicanguitarplayers.com\\\/\"},{\"@type\":\"ListItem\",\"position\":2,\"name\":\"Tienda\",\"item\":\"https:\\\/\\\/www.mexicanguitarplayers.com\\\/tienda\\\/\"},{\"@type\":\"ListItem\",\"position\":3,\"name\":\"FUNDA GATOR P\\\/GUITARRA GBE-CLASSIC\"}]},{\"@type\":\"WebSite\",\"@id\":\"https:\\\/\\\/www.mexicanguitarplayers.com\\\/#website\",\"url\":\"https:\\\/\\\/www.mexicanguitarplayers.com\\\/\",\"name\":\"Mexican Guitar Players\",\"description\":\"Website\",\"publisher\":{\"@id\":\"https:\\\/\\\/www.mexicanguitarplayers.com\\\/#organization\"},\"potentialAction\":[{\"@type\":\"SearchAction\",\"target\":{\"@type\":\"EntryPoint\",\"urlTemplate\":\"https:\\\/\\\/www.mexicanguitarplayers.com\\\/?s={search_term_string}\"},\"query-input\":{\"@type\":\"PropertyValueSpecification\",\"valueRequired\":true,\"valueName\":\"search_term_string\"}}],\"inLanguage\":\"en-US\"},{\"@type\":\"Organization\",\"@id\":\"https:\\\/\\\/www.mexicanguitarplayers.com\\\/#organization\",\"name\":\"Mexican Guitar Players\",\"url\":\"https:\\\/\\\/www.mexicanguitarplayers.com\\\/\",\"logo\":{\"@type\":\"ImageObject\",\"inLanguage\":\"en-US\",\"@id\":\"https:\\\/\\\/www.mexicanguitarplayers.com\\\/#\\\/schema\\\/logo\\\/image\\\/\",\"url\":\"\",\"contentUrl\":\"\",\"caption\":\"Mexican Guitar Players\"},\"image\":{\"@id\":\"https:\\\/\\\/www.mexicanguitarplayers.com\\\/#\\\/schema\\\/logo\\\/image\\\/\"}}]}<\/script>\n<!-- \/ Yoast SEO plugin. -->","yoast_head_json":{"title":"FUNDA GATOR P\/GUITARRA GBE-CLASSIC - Mexican Guitar Players","description":"Funda para guitarra cl\u00e1sica, exterior de nylon Denier 600 que forma un escudo exterior duradero y resistente al agua, denso acolchado de n\u00facleo de espuma de 10 mm que mantiene tu instrumento a salvo de golpes y ara\u00f1azos, soporte reforzado de cabezal y brazo para proteger tu instrumento en su punto m\u00e1s vulnerable, espacioso bolsillo exterior de almacenamiento que mantiene organizadas tus cuerdas o accesorios, asa de transporte de nylon resistente que proporciona un agarre firme, correas ajustables tipo mochila para hacerlo m\u00e1s f\u00e1cil de llevar.","robots":{"index":"index","follow":"follow","max-snippet":"max-snippet:-1","max-image-preview":"max-image-preview:large","max-video-preview":"max-video-preview:-1"},"canonical":"https:\/\/www.mexicanguitarplayers.com\/en\/tienda\/sin categor\u00eda\/funda-gator-p-guitarra-gbe-classic\/","og_locale":"en_US","og_type":"article","og_title":"FUNDA GATOR P\/GUITARRA GBE-CLASSIC - Mexican Guitar Players","og_description":"Funda para guitarra cl\u00e1sica, exterior de nylon Denier 600 que forma un escudo exterior duradero y resistente al agua, denso acolchado de n\u00facleo de espuma de 10 mm que mantiene tu instrumento a salvo de golpes y ara\u00f1azos, soporte reforzado de cabezal y brazo para proteger tu instrumento en su punto m\u00e1s vulnerable, espacioso bolsillo exterior de almacenamiento que mantiene organizadas tus cuerdas o accesorios, asa de transporte de nylon resistente que proporciona un agarre firme, correas ajustables tipo mochila para hacerlo m\u00e1s f\u00e1cil de llevar.","og_url":"https:\/\/www.mexicanguitarplayers.com\/en\/tienda\/sin categor\u00eda\/funda-gator-p-guitarra-gbe-classic\/","og_site_name":"Mexican Guitar Players","article_modified_time":"2026-05-01T13:26:51+00:00","twitter_card":"summary_large_image","twitter_misc":{"Est. reading time":"1 minute"},"schema":{"@context":"https:\/\/schema.org","@graph":[{"@type":["WebPage","ItemPage"],"@id":"https:\/\/www.mexicanguitarplayers.com\/tienda\/sin categor\u00eda\/funda-gator-p-guitarra-gbe-classic\/","url":"https:\/\/www.mexicanguitarplayers.com\/tienda\/sin categor\u00eda\/funda-gator-p-guitarra-gbe-classic\/","name":"FUNDA GATOR P\/GUITARRA GBE-CLASSIC - Mexican Guitar Players","isPartOf":{"@id":"https:\/\/www.mexicanguitarplayers.com\/#website"},"primaryImageOfPage":{"@id":"https:\/\/www.mexicanguitarplayers.com\/tienda\/sin categor\u00eda\/funda-gator-p-guitarra-gbe-classic\/#primaryimage"},"image":{"@id":"https:\/\/www.mexicanguitarplayers.com\/tienda\/sin categor\u00eda\/funda-gator-p-guitarra-gbe-classic\/#primaryimage"},"thumbnailUrl":"https:\/\/www.mexicanguitarplayers.com\/wp-content\/uploads\/2025\/04\/VAGATGBECLASSI.jpg","datePublished":"2025-04-08T14:26:02+00:00","dateModified":"2026-05-01T13:26:51+00:00","description":"Funda para guitarra cl\u00e1sica, exterior de nylon Denier 600 que forma un escudo exterior duradero y resistente al agua, denso acolchado de n\u00facleo de espuma de 10 mm que mantiene tu instrumento a salvo de golpes y ara\u00f1azos, soporte reforzado de cabezal y brazo para proteger tu instrumento en su punto m\u00e1s vulnerable, espacioso bolsillo exterior de almacenamiento que mantiene organizadas tus cuerdas o accesorios, asa de transporte de nylon resistente que proporciona un agarre firme, correas ajustables tipo mochila para hacerlo m\u00e1s f\u00e1cil de llevar.","breadcrumb":{"@id":"https:\/\/www.mexicanguitarplayers.com\/tienda\/sin categor\u00eda\/funda-gator-p-guitarra-gbe-classic\/#breadcrumb"},"inLanguage":"en-US","potentialAction":[{"@type":"ReadAction","target":["https:\/\/www.mexicanguitarplayers.com\/tienda\/sin categor\u00eda\/funda-gator-p-guitarra-gbe-classic\/"]}]},{"@type":"ImageObject","inLanguage":"en-US","@id":"https:\/\/www.mexicanguitarplayers.com\/tienda\/sin categor\u00eda\/funda-gator-p-guitarra-gbe-classic\/#primaryimage","url":"https:\/\/www.mexicanguitarplayers.com\/wp-content\/uploads\/2025\/04\/VAGATGBECLASSI.jpg","contentUrl":"https:\/\/www.mexicanguitarplayers.com\/wp-content\/uploads\/2025\/04\/VAGATGBECLASSI.jpg","width":800,"height":1600},{"@type":"BreadcrumbList","@id":"https:\/\/www.mexicanguitarplayers.com\/tienda\/sin categor\u00eda\/funda-gator-p-guitarra-gbe-classic\/#breadcrumb","itemListElement":[{"@type":"ListItem","position":1,"name":"Portada","item":"https:\/\/www.mexicanguitarplayers.com\/"},{"@type":"ListItem","position":2,"name":"Tienda","item":"https:\/\/www.mexicanguitarplayers.com\/tienda\/"},{"@type":"ListItem","position":3,"name":"FUNDA GATOR P\/GUITARRA GBE-CLASSIC"}]},{"@type":"WebSite","@id":"https:\/\/www.mexicanguitarplayers.com\/#website","url":"https:\/\/www.mexicanguitarplayers.com\/","name":"Mexican Guitar Players","description":"Website","publisher":{"@id":"https:\/\/www.mexicanguitarplayers.com\/#organization"},"potentialAction":[{"@type":"SearchAction","target":{"@type":"EntryPoint","urlTemplate":"https:\/\/www.mexicanguitarplayers.com\/?s={search_term_string}"},"query-input":{"@type":"PropertyValueSpecification","valueRequired":true,"valueName":"search_term_string"}}],"inLanguage":"en-US"},{"@type":"Organization","@id":"https:\/\/www.mexicanguitarplayers.com\/#organization","name":"Mexican Guitar Players","url":"https:\/\/www.mexicanguitarplayers.com\/","logo":{"@type":"ImageObject","inLanguage":"en-US","@id":"https:\/\/www.mexicanguitarplayers.com\/#\/schema\/logo\/image\/","url":"","contentUrl":"","caption":"Mexican Guitar Players"},"image":{"@id":"https:\/\/www.mexicanguitarplayers.com\/#\/schema\/logo\/image\/"}}]}},"brands":[{"id":572,"name":"GATOR","slug":"gator"}],"_links":{"self":[{"href":"https:\/\/www.mexicanguitarplayers.com\/en\/wp-json\/wp\/v2\/product\/28306","targetHints":{"allow":["GET"]}}],"collection":[{"href":"https:\/\/www.mexicanguitarplayers.com\/en\/wp-json\/wp\/v2\/product"}],"about":[{"href":"https:\/\/www.mexicanguitarplayers.com\/en\/wp-json\/wp\/v2\/types\/product"}],"replies":[{"embeddable":true,"href":"https:\/\/www.mexicanguitarplayers.com\/en\/wp-json\/wp\/v2\/comments?post=28306"}],"wp:featuredmedia":[{"embeddable":true,"href":"https:\/\/www.mexicanguitarplayers.com\/en\/wp-json\/wp\/v2\/media\/28298"}],"wp:attachment":[{"href":"https:\/\/www.mexicanguitarplayers.com\/en\/wp-json\/wp\/v2\/media?parent=28306"}],"wp:term":[{"taxonomy":"pwb-brand","embeddable":true,"href":"https:\/\/www.mexicanguitarplayers.com\/en\/wp-json\/wp\/v2\/pwb-brand?post=28306"},{"taxonomy":"product_brand","embeddable":true,"href":"https:\/\/www.mexicanguitarplayers.com\/en\/wp-json\/wp\/v2\/product_brand?post=28306"},{"taxonomy":"product_cat","embeddable":true,"href":"https:\/\/www.mexicanguitarplayers.com\/en\/wp-json\/wp\/v2\/product_cat?post=28306"},{"taxonomy":"product_tag","embeddable":true,"href":"https:\/\/www.mexicanguitarplayers.com\/en\/wp-json\/wp\/v2\/product_tag?post=28306"}],"curies":[{"name":"wp","href":"https:\/\/api.w.org\/{rel}","templated":true}]}}