{"id":28324,"date":"2025-04-08T08:26:25","date_gmt":"2025-04-08T14:26:25","guid":{"rendered":"https:\/\/www.mexicanguitarplayers.com\/tienda\/sin categor\u00eda\/piano-nux-digital-npk-10\/"},"modified":"2026-01-17T04:48:23","modified_gmt":"2026-01-17T10:48:23","slug":"piano-nux-digital-npk-10","status":"publish","type":"product","link":"https:\/\/www.mexicanguitarplayers.com\/en\/tienda\/teclas\/pianos\/stage-piano\/piano-nux-digital-npk-10\/","title":{"rendered":"PIANO NUX DIGITAL    NPK-10"},"content":{"rendered":"<div style=\"text-align: justify\">\n<div>\n<h3>Flexible y vers\u00e1til.<\/h3>\n<\/div>\n<div>Para proporcionar la sensaci\u00f3n de piano m\u00e1s aut\u00e9ntica, el NPK-10 de NUX est\u00e1 equipado con funciones de teclado avanzadas, los sensores triples superiores WKJ-03, acci\u00f3n de martillo escalonada, teclas de escape y tacto de marfil y 5 tipos de sensibilidad t\u00e1ctil para adaptarse a diferentes estilos. Es raro entre productos de precio similar, pero el NPK-10 comprende su deseo por el toque m\u00e1s fino y la expresi\u00f3n m\u00e1s delicada. Cuenta con un sonido de piano din\u00e1mico y rico junto con amplias posibilidades para explorar varios estilos musicales. El NPK-10 proporciona 12 sonidos de alta calidad, incluyendo un notable piano ac\u00fastico de cola y otros tonos expresivos como Marimba, Clavic\u00e9mbalo, Cuerdas, \u00d3rgano, Pad y m\u00e1s. Al reproducir diferentes canciones y estilos, puede modificar a\u00fan m\u00e1s el brillo, agregar dos tonos en capas o ajustar 5 tipos de efectos de ambiente, hasta que encuentres el sonido perfecto. Tambi\u00e9n es muy f\u00e1cil guardar tus configuraciones favoritas y recuperarlas r\u00e1pidamente m\u00e1s tarde. \u00bfQuieres unirte a la banda? Puedes transmitir tus canciones favoritas desde tu tel\u00e9fono a trav\u00e9s de Bluetooth y tocar o dejar que los 12 tipos de reproducci\u00f3n de ritmos incorporados te den el sabor o graba y reproduce en loop tu propia interpretaci\u00f3n en el NPK-10. Este piano tambi\u00e9n ofrece una amplia gama de funciones como transposici\u00f3n, teclado d\u00fao, metr\u00f3nomo y tutor\u00eda mediante la aplicaci\u00f3n &#8220;Piano Mate&#8221;. Sus poderosas capacidades de conectividad, que incluyen USB MIDI, AUX IN&amp;OUT, 2 jacks de aud\u00edfonos y conexi\u00f3n para pedal\/3-pedales, brindas a\u00fan m\u00e1s posibilidades para ti. Se adapta perfectamente a tu habitaci\u00f3n, a la vez que es vers\u00e1til para diversas ocasiones. El NPK-10 puede adaptarse f\u00e1cilmente a cualquier decoraci\u00f3n y espacio, con su dise\u00f1o exterior contempor\u00e1neo, <\/div>\n<div>\n<h4>Quick look<\/h4>\n<\/div>\n<ul style=\"margin: 0px 0px 0px 25px\">\n<li style=\"list-style-type: circle;margin: 5px\">Teclado.<\/li>\n<li style=\"list-style-type: circle;margin: 5px\">Sonido.<\/li>\n<li style=\"list-style-type: circle;margin: 5px\">Efectos\/Funciones.<\/li>\n<li style=\"list-style-type: circle;margin: 5px\">Funciones.<\/li>\n<li style=\"list-style-type: circle;margin: 5px\">Pedal.<\/li>\n<li style=\"list-style-type: circle;margin: 5px\">Connectivity<\/li>\n<li style=\"list-style-type: circle;margin: 5px\">Amplificadores y altavoces.<\/li>\n<li style=\"list-style-type: circle;margin: 5px\">Power supply.<\/li>\n<li style=\"list-style-type: circle;margin: 5px\">Dimensions.<\/li>\n<li style=\"list-style-type: circle;margin: 5px\">Weight.<\/li>\n<\/ul>\n<div>\n<div style=\"font-weight: bold\">Teclado.<\/div>\n<div>\n<p>88 teclas. Teclado de acci\u00f3n de martillo a escala de triple sensor (con escape y sensaci\u00f3n de marfil). Sensibilidad t\u00e1ctil: 5 tipos (s\u00faper ligero, ligero, medio, fuerte y s\u00faper fuerte).<\/p>\n<\/div>\n<div style=\"font-weight: bold\">Sonido.<\/div>\n<div>\n<p>Chip de sonido: Dream 5708 DSP. Polifon\u00eda m\u00e1xima: 189. 12 tonos incorporados.<\/p>\n<\/div>\n<div style=\"font-weight: bold\">Efectos\/Funciones.<\/div>\n<div>\n<p>Reverb y delay: 5 tipos (Hall \/ Church \/ Plate \/ Stage \/ Delay; profundidad de reverb ajustable). Chorus: 4 niveles de profundidad: Brillantez de tono: 5 niveles. Dual\/Layer: S\u00ed (mezcla de balance ajustable). Piano Twin: S\u00ed (Punto de divisi\u00f3n ajustable, cambio de octava individual y selecci\u00f3n de tono). Cambio de octava: S\u00ed (-1 a +1 octavas).<\/p>\n<\/div>\n<div style=\"font-weight: bold\">Funciones.<\/div>\n<div>\n<p>Bluetooth: MIDI y audio. Transposici\u00f3n: -6 a +5 en semitonos. Ritmo: 12 patrones de bater\u00eda. 30 canciones demo. Metr\u00f3nomo: 9 beats, rango de tempo  de 20 a 280 bpm. Grabaci\u00f3n: Una canci\u00f3n, aproximadamente 18,000 notas. Rango de afinaci\u00f3n master: 415 Hz a 460 Hz. Preajustes de usuario: 2 bancos de memoria. Funci\u00f3n de auto apagado.<\/p>\n<\/div>\n<div style=\"font-weight: bold\">Pedal.<\/div>\n<div>\n<p>Damper (incluido). Pedal de 3 unidades opcional (no incluido).<\/p>\n<\/div>\n<div style=\"font-weight: bold\">Connectivity<\/div>\n<div>\n<p>USB MIDI, AUX IN, LINE OUT, 2 salidas de aud\u00edfonos, Damper Pedal Jack y conector para pedal de 3 unidades.<\/p>\n<\/div>\n<div style=\"font-weight: bold\">Amplificadores y altavoces.<\/div>\n<div>\n<p>Preamp: Tl Preamp Chip. 2 altavoces ovalados de 3\u201d x 6\u201d de 10W.<\/p>\n<\/div>\n<div style=\"font-weight: bold\">Power supply.<\/div>\n<div>\n<p>DC 12V\/2A.<\/p>\n<\/div>\n<div style=\"font-weight: bold\">Dimensions.<\/div>\n<div>\n<p>1,300 x 270 x 135 mm.<\/p>\n<\/div>\n<div style=\"font-weight: bold\">Weight.<\/div>\n<div>\n<p>12.2 kg.<\/p>\n<\/div>\n<\/div>\n<\/div>","protected":false},"excerpt":{"rendered":"<p>Piano digital de 88 teclas de acci\u00f3n de martillo a escala de triple sensor (con escape y sensaci\u00f3n de marfil), 5 tipos de sensibilidad (s\u00faper ligero, ligero, medio, fuerte y s\u00faper fuerte), chip de sonido: Dream 5708 DSP, polifon\u00eda m\u00e1xima: 189, 12 tonos incorporados, reverb y delay 5 tipos (Hall \/ Church \/ Plate \/ Stage \/ Delay; profundidad de reverb ajustable), 4 niveles de profundidad de chorus, 5 niveles de brillo de tono, dual\/layer (balance de mezcla ajustable), funci\u00f3n twin piano (punto de divisi\u00f3n ajustable, cambio de octava individual y selecci\u00f3n de tono), cambio de octava (-1 a +1 octavas), bluetooth (MIDI y audio), transposici\u00f3n (-6 a +5 en semitonos), 12 patrones de rimo, 30 canciones demo, metr\u00f3nomo (9 beats, rango de tempo 20 a 280 bpm), grabaci\u00f3n (una canci\u00f3n, aproximadamente 18,000 notas en total), rango de afinaci\u00f3n master (415 Hz a 460 Hz), preajustes de usuario (2 bancos de memoria), funci\u00f3n de auto apagado, pedal damper incluido y compatible con pedal de 3 unidades (se vende por separado), conectividad: USB MIDI, AUX IN, LINE OUT, 2 salidas de aud\u00edfonos, jack de pedal damper y conector para pedal de 3 unidades), preamplificador Tl Preamp Chip, dos altavoces ovalados de 3\u201d x 6\u201d de 10W, fuente de alimentaci\u00f3n: DC 12V\/2A, dimensiones: 1,300 x 270 x 135 mm, peso: 12.2 kg, (stand no incluido).&hellip; <a class=\"kt-excerpt-readmore more-link\" href=\"https:\/\/www.mexicanguitarplayers.com\/en\/tienda\/teclas\/pianos\/stage-piano\/piano-nux-digital-npk-10\/\">Read more<\/a><\/p>","protected":false},"featured_media":28319,"comment_status":"open","ping_status":"closed","template":"","meta":{"kt_blocks_editor_width":""},"pwb-brand":[177],"product_brand":[],"product_cat":[377,379,376],"product_tag":[],"class_list":{"0":"post-28324","1":"product","2":"type-product","3":"status-publish","4":"has-post-thumbnail","6":"pwb-brand-nux","7":"product_cat-pianos","8":"product_cat-stage-piano","9":"product_cat-teclas","10":"product_shipping_class-15-20-kg","12":"first","13":"instock","14":"taxable","15":"shipping-taxable","16":"purchasable","17":"product-type-simple"},"yoast_head":"<!-- This site is optimized with the Yoast SEO plugin v27.3 - https:\/\/yoast.com\/product\/yoast-seo-wordpress\/ -->\n<title>PIANO NUX DIGITAL  NPK-10 - Mexican Guitar Players<\/title>\n<meta name=\"description\" content=\"Piano digital de 88 teclas de acci\u00f3n de martillo a escala de triple sensor (con escape y sensaci\u00f3n de marfil), 5 tipos de sensibilidad (s\u00faper ligero, ligero, medio, fuerte y s\u00faper fuerte), chip de sonido: Dream 5708 DSP, polifon\u00eda m\u00e1xima: 189, 12 tonos incorporados, reverb y delay 5 tipos (Hall \/ Church \/ Plate \/ Stage \/ Delay; profundidad de reverb ajustable), 4 niveles de profundidad de chorus, 5 niveles de brillo de tono, dual\/layer (balance de mezcla ajustable), funci\u00f3n twin piano (punto de divisi\u00f3n ajustable, cambio de octava individual y selecci\u00f3n de tono), cambio de octava (-1 a +1 octavas), bluetooth (MIDI y audio), transposici\u00f3n (-6 a +5 en semitonos), 12 patrones de rimo, 30 canciones demo, metr\u00f3nomo (9 beats, rango de tempo 20 a 280 bpm), grabaci\u00f3n (una canci\u00f3n, aproximadamente 18,000 notas en total), rango de afinaci\u00f3n master (415 Hz a 460 Hz), preajustes de usuario (2 bancos de memoria), funci\u00f3n de auto apagado, pedal damper incluido y compatible con pedal de 3 unidades (se vende por separado), conectividad: USB MIDI, AUX IN, LINE OUT, 2 salidas de aud\u00edfonos, jack de pedal damper y conector para pedal de 3 unidades), preamplificador Tl Preamp Chip, dos altavoces ovalados de 3\u201d x 6\u201d de 10W, fuente de alimentaci\u00f3n: DC 12V\/2A, dimensiones: 1,300 x 270 x 135 mm, peso: 12.2 kg, (stand no incluido).\" \/>\n<meta name=\"robots\" content=\"index, follow, max-snippet:-1, max-image-preview:large, max-video-preview:-1\" \/>\n<link rel=\"canonical\" href=\"https:\/\/www.mexicanguitarplayers.com\/en\/tienda\/sin%20categor\u00eda\/piano-nux-digital-npk-10\/\" \/>\n<meta property=\"og:locale\" content=\"en_US\" \/>\n<meta property=\"og:type\" content=\"article\" \/>\n<meta property=\"og:title\" content=\"PIANO NUX DIGITAL  NPK-10 - Mexican Guitar Players\" \/>\n<meta property=\"og:description\" content=\"Piano digital de 88 teclas de acci\u00f3n de martillo a escala de triple sensor (con escape y sensaci\u00f3n de marfil), 5 tipos de sensibilidad (s\u00faper ligero, ligero, medio, fuerte y s\u00faper fuerte), chip de sonido: Dream 5708 DSP, polifon\u00eda m\u00e1xima: 189, 12 tonos incorporados, reverb y delay 5 tipos (Hall \/ Church \/ Plate \/ Stage \/ Delay; profundidad de reverb ajustable), 4 niveles de profundidad de chorus, 5 niveles de brillo de tono, dual\/layer (balance de mezcla ajustable), funci\u00f3n twin piano (punto de divisi\u00f3n ajustable, cambio de octava individual y selecci\u00f3n de tono), cambio de octava (-1 a +1 octavas), bluetooth (MIDI y audio), transposici\u00f3n (-6 a +5 en semitonos), 12 patrones de rimo, 30 canciones demo, metr\u00f3nomo (9 beats, rango de tempo 20 a 280 bpm), grabaci\u00f3n (una canci\u00f3n, aproximadamente 18,000 notas en total), rango de afinaci\u00f3n master (415 Hz a 460 Hz), preajustes de usuario (2 bancos de memoria), funci\u00f3n de auto apagado, pedal damper incluido y compatible con pedal de 3 unidades (se vende por separado), conectividad: USB MIDI, AUX IN, LINE OUT, 2 salidas de aud\u00edfonos, jack de pedal damper y conector para pedal de 3 unidades), preamplificador Tl Preamp Chip, dos altavoces ovalados de 3\u201d x 6\u201d de 10W, fuente de alimentaci\u00f3n: DC 12V\/2A, dimensiones: 1,300 x 270 x 135 mm, peso: 12.2 kg, (stand no incluido).\" \/>\n<meta property=\"og:url\" content=\"https:\/\/www.mexicanguitarplayers.com\/en\/tienda\/sin categor\u00eda\/piano-nux-digital-npk-10\/\" \/>\n<meta property=\"og:site_name\" content=\"Mexican Guitar Players\" \/>\n<meta property=\"article:modified_time\" content=\"2026-01-17T10:48:23+00:00\" \/>\n<meta name=\"twitter:card\" content=\"summary_large_image\" \/>\n<meta name=\"twitter:label1\" content=\"Est. reading time\" \/>\n\t<meta name=\"twitter:data1\" content=\"3 minutes\" \/>\n<script type=\"application\/ld+json\" class=\"yoast-schema-graph\">{\"@context\":\"https:\\\/\\\/schema.org\",\"@graph\":[{\"@type\":[\"WebPage\",\"ItemPage\"],\"@id\":\"https:\\\/\\\/www.mexicanguitarplayers.com\\\/tienda\\\/sin categor\u00eda\\\/piano-nux-digital-npk-10\\\/\",\"url\":\"https:\\\/\\\/www.mexicanguitarplayers.com\\\/tienda\\\/sin categor\u00eda\\\/piano-nux-digital-npk-10\\\/\",\"name\":\"PIANO NUX DIGITAL NPK-10 - Mexican Guitar Players\",\"isPartOf\":{\"@id\":\"https:\\\/\\\/www.mexicanguitarplayers.com\\\/#website\"},\"primaryImageOfPage\":{\"@id\":\"https:\\\/\\\/www.mexicanguitarplayers.com\\\/tienda\\\/sin categor\u00eda\\\/piano-nux-digital-npk-10\\\/#primaryimage\"},\"image\":{\"@id\":\"https:\\\/\\\/www.mexicanguitarplayers.com\\\/tienda\\\/sin categor\u00eda\\\/piano-nux-digital-npk-10\\\/#primaryimage\"},\"thumbnailUrl\":\"https:\\\/\\\/www.mexicanguitarplayers.com\\\/wp-content\\\/uploads\\\/2025\\\/04\\\/ITNUXNPK10.jpg\",\"datePublished\":\"2025-04-08T14:26:25+00:00\",\"dateModified\":\"2026-01-17T10:48:23+00:00\",\"description\":\"Piano digital de 88 teclas de acci\u00f3n de martillo a escala de triple sensor (con escape y sensaci\u00f3n de marfil), 5 tipos de sensibilidad (s\u00faper ligero, ligero, medio, fuerte y s\u00faper fuerte), chip de sonido: Dream 5708 DSP, polifon\u00eda m\u00e1xima: 189, 12 tonos incorporados, reverb y delay 5 tipos (Hall \\\/ Church \\\/ Plate \\\/ Stage \\\/ Delay; profundidad de reverb ajustable), 4 niveles de profundidad de chorus, 5 niveles de brillo de tono, dual\\\/layer (balance de mezcla ajustable), funci\u00f3n twin piano (punto de divisi\u00f3n ajustable, cambio de octava individual y selecci\u00f3n de tono), cambio de octava (-1 a +1 octavas), bluetooth (MIDI y audio), transposici\u00f3n (-6 a +5 en semitonos), 12 patrones de rimo, 30 canciones demo, metr\u00f3nomo (9 beats, rango de tempo 20 a 280 bpm), grabaci\u00f3n (una canci\u00f3n, aproximadamente 18,000 notas en total), rango de afinaci\u00f3n master (415 Hz a 460 Hz), preajustes de usuario (2 bancos de memoria), funci\u00f3n de auto apagado, pedal damper incluido y compatible con pedal de 3 unidades (se vende por separado), conectividad: USB MIDI, AUX IN, LINE OUT, 2 salidas de aud\u00edfonos, jack de pedal damper y conector para pedal de 3 unidades), preamplificador Tl Preamp Chip, dos altavoces ovalados de 3\u201d x 6\u201d de 10W, fuente de alimentaci\u00f3n: DC 12V\\\/2A, dimensiones: 1,300 x 270 x 135 mm, peso: 12.2 kg, (stand no incluido).\",\"breadcrumb\":{\"@id\":\"https:\\\/\\\/www.mexicanguitarplayers.com\\\/tienda\\\/sin categor\u00eda\\\/piano-nux-digital-npk-10\\\/#breadcrumb\"},\"inLanguage\":\"en-US\",\"potentialAction\":[{\"@type\":\"ReadAction\",\"target\":[\"https:\\\/\\\/www.mexicanguitarplayers.com\\\/tienda\\\/sin categor\u00eda\\\/piano-nux-digital-npk-10\\\/\"]}]},{\"@type\":\"ImageObject\",\"inLanguage\":\"en-US\",\"@id\":\"https:\\\/\\\/www.mexicanguitarplayers.com\\\/tienda\\\/sin categor\u00eda\\\/piano-nux-digital-npk-10\\\/#primaryimage\",\"url\":\"https:\\\/\\\/www.mexicanguitarplayers.com\\\/wp-content\\\/uploads\\\/2025\\\/04\\\/ITNUXNPK10.jpg\",\"contentUrl\":\"https:\\\/\\\/www.mexicanguitarplayers.com\\\/wp-content\\\/uploads\\\/2025\\\/04\\\/ITNUXNPK10.jpg\",\"width\":1200,\"height\":1200},{\"@type\":\"BreadcrumbList\",\"@id\":\"https:\\\/\\\/www.mexicanguitarplayers.com\\\/tienda\\\/sin categor\u00eda\\\/piano-nux-digital-npk-10\\\/#breadcrumb\",\"itemListElement\":[{\"@type\":\"ListItem\",\"position\":1,\"name\":\"Portada\",\"item\":\"https:\\\/\\\/www.mexicanguitarplayers.com\\\/\"},{\"@type\":\"ListItem\",\"position\":2,\"name\":\"Tienda\",\"item\":\"https:\\\/\\\/www.mexicanguitarplayers.com\\\/tienda\\\/\"},{\"@type\":\"ListItem\",\"position\":3,\"name\":\"PIANO NUX DIGITAL NPK-10\"}]},{\"@type\":\"WebSite\",\"@id\":\"https:\\\/\\\/www.mexicanguitarplayers.com\\\/#website\",\"url\":\"https:\\\/\\\/www.mexicanguitarplayers.com\\\/\",\"name\":\"Mexican Guitar Players\",\"description\":\"Website\",\"publisher\":{\"@id\":\"https:\\\/\\\/www.mexicanguitarplayers.com\\\/#organization\"},\"potentialAction\":[{\"@type\":\"SearchAction\",\"target\":{\"@type\":\"EntryPoint\",\"urlTemplate\":\"https:\\\/\\\/www.mexicanguitarplayers.com\\\/?s={search_term_string}\"},\"query-input\":{\"@type\":\"PropertyValueSpecification\",\"valueRequired\":true,\"valueName\":\"search_term_string\"}}],\"inLanguage\":\"en-US\"},{\"@type\":\"Organization\",\"@id\":\"https:\\\/\\\/www.mexicanguitarplayers.com\\\/#organization\",\"name\":\"Mexican Guitar Players\",\"url\":\"https:\\\/\\\/www.mexicanguitarplayers.com\\\/\",\"logo\":{\"@type\":\"ImageObject\",\"inLanguage\":\"en-US\",\"@id\":\"https:\\\/\\\/www.mexicanguitarplayers.com\\\/#\\\/schema\\\/logo\\\/image\\\/\",\"url\":\"\",\"contentUrl\":\"\",\"caption\":\"Mexican Guitar Players\"},\"image\":{\"@id\":\"https:\\\/\\\/www.mexicanguitarplayers.com\\\/#\\\/schema\\\/logo\\\/image\\\/\"}}]}<\/script>\n<!-- \/ Yoast SEO plugin. -->","yoast_head_json":{"title":"PIANO NUX DIGITAL  NPK-10 - Mexican Guitar Players","description":"Piano digital de 88 teclas de acci\u00f3n de martillo a escala de triple sensor (con escape y sensaci\u00f3n de marfil), 5 tipos de sensibilidad (s\u00faper ligero, ligero, medio, fuerte y s\u00faper fuerte), chip de sonido: Dream 5708 DSP, polifon\u00eda m\u00e1xima: 189, 12 tonos incorporados, reverb y delay 5 tipos (Hall \/ Church \/ Plate \/ Stage \/ Delay; profundidad de reverb ajustable), 4 niveles de profundidad de chorus, 5 niveles de brillo de tono, dual\/layer (balance de mezcla ajustable), funci\u00f3n twin piano (punto de divisi\u00f3n ajustable, cambio de octava individual y selecci\u00f3n de tono), cambio de octava (-1 a +1 octavas), bluetooth (MIDI y audio), transposici\u00f3n (-6 a +5 en semitonos), 12 patrones de rimo, 30 canciones demo, metr\u00f3nomo (9 beats, rango de tempo 20 a 280 bpm), grabaci\u00f3n (una canci\u00f3n, aproximadamente 18,000 notas en total), rango de afinaci\u00f3n master (415 Hz a 460 Hz), preajustes de usuario (2 bancos de memoria), funci\u00f3n de auto apagado, pedal damper incluido y compatible con pedal de 3 unidades (se vende por separado), conectividad: USB MIDI, AUX IN, LINE OUT, 2 salidas de aud\u00edfonos, jack de pedal damper y conector para pedal de 3 unidades), preamplificador Tl Preamp Chip, dos altavoces ovalados de 3\u201d x 6\u201d de 10W, fuente de alimentaci\u00f3n: DC 12V\/2A, dimensiones: 1,300 x 270 x 135 mm, peso: 12.2 kg, (stand no incluido).","robots":{"index":"index","follow":"follow","max-snippet":"max-snippet:-1","max-image-preview":"max-image-preview:large","max-video-preview":"max-video-preview:-1"},"canonical":"https:\/\/www.mexicanguitarplayers.com\/en\/tienda\/sin categor\u00eda\/piano-nux-digital-npk-10\/","og_locale":"en_US","og_type":"article","og_title":"PIANO NUX DIGITAL  NPK-10 - Mexican Guitar Players","og_description":"Piano digital de 88 teclas de acci\u00f3n de martillo a escala de triple sensor (con escape y sensaci\u00f3n de marfil), 5 tipos de sensibilidad (s\u00faper ligero, ligero, medio, fuerte y s\u00faper fuerte), chip de sonido: Dream 5708 DSP, polifon\u00eda m\u00e1xima: 189, 12 tonos incorporados, reverb y delay 5 tipos (Hall \/ Church \/ Plate \/ Stage \/ Delay; profundidad de reverb ajustable), 4 niveles de profundidad de chorus, 5 niveles de brillo de tono, dual\/layer (balance de mezcla ajustable), funci\u00f3n twin piano (punto de divisi\u00f3n ajustable, cambio de octava individual y selecci\u00f3n de tono), cambio de octava (-1 a +1 octavas), bluetooth (MIDI y audio), transposici\u00f3n (-6 a +5 en semitonos), 12 patrones de rimo, 30 canciones demo, metr\u00f3nomo (9 beats, rango de tempo 20 a 280 bpm), grabaci\u00f3n (una canci\u00f3n, aproximadamente 18,000 notas en total), rango de afinaci\u00f3n master (415 Hz a 460 Hz), preajustes de usuario (2 bancos de memoria), funci\u00f3n de auto apagado, pedal damper incluido y compatible con pedal de 3 unidades (se vende por separado), conectividad: USB MIDI, AUX IN, LINE OUT, 2 salidas de aud\u00edfonos, jack de pedal damper y conector para pedal de 3 unidades), preamplificador Tl Preamp Chip, dos altavoces ovalados de 3\u201d x 6\u201d de 10W, fuente de alimentaci\u00f3n: DC 12V\/2A, dimensiones: 1,300 x 270 x 135 mm, peso: 12.2 kg, (stand no incluido).","og_url":"https:\/\/www.mexicanguitarplayers.com\/en\/tienda\/sin categor\u00eda\/piano-nux-digital-npk-10\/","og_site_name":"Mexican Guitar Players","article_modified_time":"2026-01-17T10:48:23+00:00","twitter_card":"summary_large_image","twitter_misc":{"Est. reading time":"3 minutes"},"schema":{"@context":"https:\/\/schema.org","@graph":[{"@type":["WebPage","ItemPage"],"@id":"https:\/\/www.mexicanguitarplayers.com\/tienda\/sin categor\u00eda\/piano-nux-digital-npk-10\/","url":"https:\/\/www.mexicanguitarplayers.com\/tienda\/sin categor\u00eda\/piano-nux-digital-npk-10\/","name":"PIANO NUX DIGITAL NPK-10 - Mexican Guitar Players","isPartOf":{"@id":"https:\/\/www.mexicanguitarplayers.com\/#website"},"primaryImageOfPage":{"@id":"https:\/\/www.mexicanguitarplayers.com\/tienda\/sin categor\u00eda\/piano-nux-digital-npk-10\/#primaryimage"},"image":{"@id":"https:\/\/www.mexicanguitarplayers.com\/tienda\/sin categor\u00eda\/piano-nux-digital-npk-10\/#primaryimage"},"thumbnailUrl":"https:\/\/www.mexicanguitarplayers.com\/wp-content\/uploads\/2025\/04\/ITNUXNPK10.jpg","datePublished":"2025-04-08T14:26:25+00:00","dateModified":"2026-01-17T10:48:23+00:00","description":"Piano digital de 88 teclas de acci\u00f3n de martillo a escala de triple sensor (con escape y sensaci\u00f3n de marfil), 5 tipos de sensibilidad (s\u00faper ligero, ligero, medio, fuerte y s\u00faper fuerte), chip de sonido: Dream 5708 DSP, polifon\u00eda m\u00e1xima: 189, 12 tonos incorporados, reverb y delay 5 tipos (Hall \/ Church \/ Plate \/ Stage \/ Delay; profundidad de reverb ajustable), 4 niveles de profundidad de chorus, 5 niveles de brillo de tono, dual\/layer (balance de mezcla ajustable), funci\u00f3n twin piano (punto de divisi\u00f3n ajustable, cambio de octava individual y selecci\u00f3n de tono), cambio de octava (-1 a +1 octavas), bluetooth (MIDI y audio), transposici\u00f3n (-6 a +5 en semitonos), 12 patrones de rimo, 30 canciones demo, metr\u00f3nomo (9 beats, rango de tempo 20 a 280 bpm), grabaci\u00f3n (una canci\u00f3n, aproximadamente 18,000 notas en total), rango de afinaci\u00f3n master (415 Hz a 460 Hz), preajustes de usuario (2 bancos de memoria), funci\u00f3n de auto apagado, pedal damper incluido y compatible con pedal de 3 unidades (se vende por separado), conectividad: USB MIDI, AUX IN, LINE OUT, 2 salidas de aud\u00edfonos, jack de pedal damper y conector para pedal de 3 unidades), preamplificador Tl Preamp Chip, dos altavoces ovalados de 3\u201d x 6\u201d de 10W, fuente de alimentaci\u00f3n: DC 12V\/2A, dimensiones: 1,300 x 270 x 135 mm, peso: 12.2 kg, (stand no incluido).","breadcrumb":{"@id":"https:\/\/www.mexicanguitarplayers.com\/tienda\/sin categor\u00eda\/piano-nux-digital-npk-10\/#breadcrumb"},"inLanguage":"en-US","potentialAction":[{"@type":"ReadAction","target":["https:\/\/www.mexicanguitarplayers.com\/tienda\/sin categor\u00eda\/piano-nux-digital-npk-10\/"]}]},{"@type":"ImageObject","inLanguage":"en-US","@id":"https:\/\/www.mexicanguitarplayers.com\/tienda\/sin categor\u00eda\/piano-nux-digital-npk-10\/#primaryimage","url":"https:\/\/www.mexicanguitarplayers.com\/wp-content\/uploads\/2025\/04\/ITNUXNPK10.jpg","contentUrl":"https:\/\/www.mexicanguitarplayers.com\/wp-content\/uploads\/2025\/04\/ITNUXNPK10.jpg","width":1200,"height":1200},{"@type":"BreadcrumbList","@id":"https:\/\/www.mexicanguitarplayers.com\/tienda\/sin categor\u00eda\/piano-nux-digital-npk-10\/#breadcrumb","itemListElement":[{"@type":"ListItem","position":1,"name":"Portada","item":"https:\/\/www.mexicanguitarplayers.com\/"},{"@type":"ListItem","position":2,"name":"Tienda","item":"https:\/\/www.mexicanguitarplayers.com\/tienda\/"},{"@type":"ListItem","position":3,"name":"PIANO NUX DIGITAL NPK-10"}]},{"@type":"WebSite","@id":"https:\/\/www.mexicanguitarplayers.com\/#website","url":"https:\/\/www.mexicanguitarplayers.com\/","name":"Mexican Guitar Players","description":"Website","publisher":{"@id":"https:\/\/www.mexicanguitarplayers.com\/#organization"},"potentialAction":[{"@type":"SearchAction","target":{"@type":"EntryPoint","urlTemplate":"https:\/\/www.mexicanguitarplayers.com\/?s={search_term_string}"},"query-input":{"@type":"PropertyValueSpecification","valueRequired":true,"valueName":"search_term_string"}}],"inLanguage":"en-US"},{"@type":"Organization","@id":"https:\/\/www.mexicanguitarplayers.com\/#organization","name":"Mexican Guitar Players","url":"https:\/\/www.mexicanguitarplayers.com\/","logo":{"@type":"ImageObject","inLanguage":"en-US","@id":"https:\/\/www.mexicanguitarplayers.com\/#\/schema\/logo\/image\/","url":"","contentUrl":"","caption":"Mexican Guitar Players"},"image":{"@id":"https:\/\/www.mexicanguitarplayers.com\/#\/schema\/logo\/image\/"}}]}},"brands":[{"id":177,"name":"NUX","slug":"nux"}],"_links":{"self":[{"href":"https:\/\/www.mexicanguitarplayers.com\/en\/wp-json\/wp\/v2\/product\/28324","targetHints":{"allow":["GET"]}}],"collection":[{"href":"https:\/\/www.mexicanguitarplayers.com\/en\/wp-json\/wp\/v2\/product"}],"about":[{"href":"https:\/\/www.mexicanguitarplayers.com\/en\/wp-json\/wp\/v2\/types\/product"}],"replies":[{"embeddable":true,"href":"https:\/\/www.mexicanguitarplayers.com\/en\/wp-json\/wp\/v2\/comments?post=28324"}],"wp:featuredmedia":[{"embeddable":true,"href":"https:\/\/www.mexicanguitarplayers.com\/en\/wp-json\/wp\/v2\/media\/28319"}],"wp:attachment":[{"href":"https:\/\/www.mexicanguitarplayers.com\/en\/wp-json\/wp\/v2\/media?parent=28324"}],"wp:term":[{"taxonomy":"pwb-brand","embeddable":true,"href":"https:\/\/www.mexicanguitarplayers.com\/en\/wp-json\/wp\/v2\/pwb-brand?post=28324"},{"taxonomy":"product_brand","embeddable":true,"href":"https:\/\/www.mexicanguitarplayers.com\/en\/wp-json\/wp\/v2\/product_brand?post=28324"},{"taxonomy":"product_cat","embeddable":true,"href":"https:\/\/www.mexicanguitarplayers.com\/en\/wp-json\/wp\/v2\/product_cat?post=28324"},{"taxonomy":"product_tag","embeddable":true,"href":"https:\/\/www.mexicanguitarplayers.com\/en\/wp-json\/wp\/v2\/product_tag?post=28324"}],"curies":[{"name":"wp","href":"https:\/\/api.w.org\/{rel}","templated":true}]}}