{"id":28339,"date":"2025-04-08T08:26:41","date_gmt":"2025-04-08T14:26:41","guid":{"rendered":"https:\/\/www.mexicanguitarplayers.com\/tienda\/sin categor\u00eda\/guitarra-washburn-e-acustica-ag40ce\/"},"modified":"2026-04-15T04:20:56","modified_gmt":"2026-04-15T10:20:56","slug":"guitarra-washburn-e-acustica-ag40ce","status":"publish","type":"product","link":"https:\/\/www.mexicanguitarplayers.com\/en\/tienda\/cuerdas\/guitarras-cuerdas\/acusticas\/guitarras-electro-acusticas\/guitarra-washburn-e-acustica-ag40ce\/","title":{"rendered":"GUITARRA WASHBURN E\/ACUSTICA AG40CE"},"content":{"rendered":"<div style=\"text-align: justify\">\n<div>\n<h3>Aprende con un gran sonido.<\/h3>\n<\/div>\n<div>La serie Apprentice de guitarras de Washburn es ideal para el principiante serie que quiere una guitarra que suene bien, que toque bien y que le sirva a medida que vaya progresando. El modelo AG40CE es una guitarra tama\u00f1o Grand Auditorium estilo ac\u00fastico que cuenta con resaque y una pastilla personalizada Barcus-Berry LX4 con afinador que ofrece un tono ac\u00fastico suprior cuando se conecta. Una tapa de abeto seleccionado y aros y fondo de maple flameado te proporcionan una gran proyecci\u00f3n tonal. El brazo de caoba cuenta con un diapas\u00f3n con incrustaciones de puntos en offset y cabezal de maple flameado con afinadores diecast cromados. La pastilla Barcus Berry LX4 cuenta con un ecualizador de 3 bandas, control Presence y un afinador integrado para una afinaci\u00f3n precisa.<\/div>\n<div>\n<h4>Quick look<\/h4>\n<\/div>\n<ul style=\"margin: 0px 0px 0px 25px\">\n<li style=\"list-style-type: circle;margin: 5px\">Cuerpo.<\/li>\n<li style=\"list-style-type: circle;margin: 5px\">Electr\u00f3nicos.<\/li>\n<li style=\"list-style-type: circle;margin: 5px\">Otros.<\/li>\n<li style=\"list-style-type: circle;margin: 5px\">Arm.<\/li>\n<li style=\"list-style-type: circle;margin: 5px\">Hardware.<\/li>\n<\/ul>\n<div>\n<div style=\"font-weight: bold\">Cuerpo.<\/div>\n<div>\n<p>Tapa de abeto seleccionado. Aros y fondo de maple flameado. Roseta personalizada Apprentice. Tama\u00f1o Grand Auditorium. Resaque.<\/p>\n<\/div>\n<div style=\"font-weight: bold\">Electr\u00f3nicos.<\/div>\n<div>\n<p>Control de volumen, afinador integrado, Bass\/Mid\/Treble, Notch\/Presence. Preamplificador Barcus-Berry LX4.<\/p>\n<\/div>\n<div style=\"font-weight: bold\">Otros.<\/div>\n<div>\n<p>Color natural. Terminado al alto brillo. Cuerdas D&#8217;Addario EXP-16 light set phospher bronze.<\/p>\n<\/div>\n<div style=\"font-weight: bold\">Arm.<\/div>\n<div>\n<p>Brazo de caoba. Diapas\u00f3n de madera de ingenier\u00eda. 20 trastes. Incrustaciones de puntos offset. Cejuela de ABS de 1-11\/16 de ancho. Escala: 25.5\u201d.<\/p>\n<\/div>\n<div style=\"font-weight: bold\">Hardware.<\/div>\n<div>\n<p>Hardware cromado. Puente de madera de ingenier\u00eda. Maquinaria cromada die-cast con botones negros.<\/p>\n<\/div>\n<\/div>\n<\/div>","protected":false},"excerpt":{"rendered":"<p>Guitarra electroac\u00fastica tama\u00f1o Grand Auditorium, color natural, terminado brillante, resaque, tapa de abeto seleccionado, aros y fondo de maple flameado, roseta personalizada Apprentice, brazo de caoba, diapas\u00f3n de madera de ingenier\u00eda, 20 trastes, incrustaciones: puntos, cejuela de ABS de 1-11\/16 de ancho, escala: 25.5\u201d, hardware cromado, puente de madera de ingenier\u00eda, maquinaria die-cast cromada con botones negros, controles: volumen, afinador integrado, Bass\/Mid\/Treble, Notch\/Presence, preamplificador Barcus-Berry LX4, cuerdas D&#8217;Addario EXP-16 light set phospher bronze.&hellip; <a class=\"kt-excerpt-readmore more-link\" href=\"https:\/\/www.mexicanguitarplayers.com\/en\/tienda\/cuerdas\/guitarras-cuerdas\/acusticas\/guitarras-electro-acusticas\/guitarra-washburn-e-acustica-ag40ce\/\">Read more<\/a><\/p>","protected":false},"featured_media":28336,"comment_status":"open","ping_status":"closed","template":"","meta":{"kt_blocks_editor_width":""},"pwb-brand":[178],"product_brand":[],"product_cat":[315,224,312,316],"product_tag":[],"class_list":{"0":"post-28339","1":"product","2":"type-product","3":"status-publish","4":"has-post-thumbnail","6":"pwb-brand-washburn","7":"product_cat-acusticas","8":"product_cat-cuerdas","9":"product_cat-guitarras-cuerdas","10":"product_cat-guitarras-electro-acusticas","11":"product_shipping_class-0-5-kg","13":"first","14":"instock","15":"taxable","16":"shipping-taxable","17":"purchasable","18":"product-type-simple"},"yoast_head":"<!-- This site is optimized with the Yoast SEO plugin v27.5 - https:\/\/yoast.com\/product\/yoast-seo-wordpress\/ -->\n<title>GUITARRA WASHBURN E\/ACUSTICA AG40CE - Mexican Guitar Players<\/title>\n<meta name=\"description\" content=\"Guitarra electroac\u00fastica tama\u00f1o Grand Auditorium, color natural, terminado brillante, resaque, tapa de abeto seleccionado, aros y fondo de maple flameado, roseta personalizada Apprentice, brazo de caoba, diapas\u00f3n de madera de ingenier\u00eda, 20 trastes, incrustaciones: puntos, cejuela de ABS de 1-11\/16 de ancho, escala: 25.5\u201d, hardware cromado, puente de madera de ingenier\u00eda, maquinaria die-cast cromada con botones negros, controles: volumen, afinador integrado, Bass\/Mid\/Treble, Notch\/Presence, preamplificador Barcus-Berry LX4, cuerdas D&#039;Addario EXP-16 light set phospher bronze.\" \/>\n<meta name=\"robots\" content=\"index, follow, max-snippet:-1, max-image-preview:large, max-video-preview:-1\" \/>\n<link rel=\"canonical\" href=\"https:\/\/www.mexicanguitarplayers.com\/en\/tienda\/sin%20categor\u00eda\/guitarra-washburn-e-acustica-ag40ce\/\" \/>\n<meta property=\"og:locale\" content=\"en_US\" \/>\n<meta property=\"og:type\" content=\"article\" \/>\n<meta property=\"og:title\" content=\"GUITARRA WASHBURN E\/ACUSTICA AG40CE - Mexican Guitar Players\" \/>\n<meta property=\"og:description\" content=\"Guitarra electroac\u00fastica tama\u00f1o Grand Auditorium, color natural, terminado brillante, resaque, tapa de abeto seleccionado, aros y fondo de maple flameado, roseta personalizada Apprentice, brazo de caoba, diapas\u00f3n de madera de ingenier\u00eda, 20 trastes, incrustaciones: puntos, cejuela de ABS de 1-11\/16 de ancho, escala: 25.5\u201d, hardware cromado, puente de madera de ingenier\u00eda, maquinaria die-cast cromada con botones negros, controles: volumen, afinador integrado, Bass\/Mid\/Treble, Notch\/Presence, preamplificador Barcus-Berry LX4, cuerdas D&#039;Addario EXP-16 light set phospher bronze.\" \/>\n<meta property=\"og:url\" content=\"https:\/\/www.mexicanguitarplayers.com\/en\/tienda\/sin categor\u00eda\/guitarra-washburn-e-acustica-ag40ce\/\" \/>\n<meta property=\"og:site_name\" content=\"Mexican Guitar Players\" \/>\n<meta property=\"article:modified_time\" content=\"2026-04-15T10:20:56+00:00\" \/>\n<meta name=\"twitter:card\" content=\"summary_large_image\" \/>\n<meta name=\"twitter:label1\" content=\"Est. reading time\" \/>\n\t<meta name=\"twitter:data1\" content=\"1 minute\" \/>\n<script type=\"application\/ld+json\" class=\"yoast-schema-graph\">{\"@context\":\"https:\\\/\\\/schema.org\",\"@graph\":[{\"@type\":[\"WebPage\",\"ItemPage\"],\"@id\":\"https:\\\/\\\/www.mexicanguitarplayers.com\\\/tienda\\\/sin categor\u00eda\\\/guitarra-washburn-e-acustica-ag40ce\\\/\",\"url\":\"https:\\\/\\\/www.mexicanguitarplayers.com\\\/tienda\\\/sin categor\u00eda\\\/guitarra-washburn-e-acustica-ag40ce\\\/\",\"name\":\"GUITARRA WASHBURN E\\\/ACUSTICA AG40CE - Mexican Guitar Players\",\"isPartOf\":{\"@id\":\"https:\\\/\\\/www.mexicanguitarplayers.com\\\/#website\"},\"primaryImageOfPage\":{\"@id\":\"https:\\\/\\\/www.mexicanguitarplayers.com\\\/tienda\\\/sin categor\u00eda\\\/guitarra-washburn-e-acustica-ag40ce\\\/#primaryimage\"},\"image\":{\"@id\":\"https:\\\/\\\/www.mexicanguitarplayers.com\\\/tienda\\\/sin categor\u00eda\\\/guitarra-washburn-e-acustica-ag40ce\\\/#primaryimage\"},\"thumbnailUrl\":\"https:\\\/\\\/www.mexicanguitarplayers.com\\\/wp-content\\\/uploads\\\/2025\\\/04\\\/ISWASAG40CE.jpg\",\"datePublished\":\"2025-04-08T14:26:41+00:00\",\"dateModified\":\"2026-04-15T10:20:56+00:00\",\"description\":\"Guitarra electroac\u00fastica tama\u00f1o Grand Auditorium, color natural, terminado brillante, resaque, tapa de abeto seleccionado, aros y fondo de maple flameado, roseta personalizada Apprentice, brazo de caoba, diapas\u00f3n de madera de ingenier\u00eda, 20 trastes, incrustaciones: puntos, cejuela de ABS de 1-11\\\/16 de ancho, escala: 25.5\u201d, hardware cromado, puente de madera de ingenier\u00eda, maquinaria die-cast cromada con botones negros, controles: volumen, afinador integrado, Bass\\\/Mid\\\/Treble, Notch\\\/Presence, preamplificador Barcus-Berry LX4, cuerdas D'Addario EXP-16 light set phospher bronze.\",\"breadcrumb\":{\"@id\":\"https:\\\/\\\/www.mexicanguitarplayers.com\\\/tienda\\\/sin categor\u00eda\\\/guitarra-washburn-e-acustica-ag40ce\\\/#breadcrumb\"},\"inLanguage\":\"en-US\",\"potentialAction\":[{\"@type\":\"ReadAction\",\"target\":[\"https:\\\/\\\/www.mexicanguitarplayers.com\\\/tienda\\\/sin categor\u00eda\\\/guitarra-washburn-e-acustica-ag40ce\\\/\"]}]},{\"@type\":\"ImageObject\",\"inLanguage\":\"en-US\",\"@id\":\"https:\\\/\\\/www.mexicanguitarplayers.com\\\/tienda\\\/sin categor\u00eda\\\/guitarra-washburn-e-acustica-ag40ce\\\/#primaryimage\",\"url\":\"https:\\\/\\\/www.mexicanguitarplayers.com\\\/wp-content\\\/uploads\\\/2025\\\/04\\\/ISWASAG40CE.jpg\",\"contentUrl\":\"https:\\\/\\\/www.mexicanguitarplayers.com\\\/wp-content\\\/uploads\\\/2025\\\/04\\\/ISWASAG40CE.jpg\",\"width\":800,\"height\":1600},{\"@type\":\"BreadcrumbList\",\"@id\":\"https:\\\/\\\/www.mexicanguitarplayers.com\\\/tienda\\\/sin categor\u00eda\\\/guitarra-washburn-e-acustica-ag40ce\\\/#breadcrumb\",\"itemListElement\":[{\"@type\":\"ListItem\",\"position\":1,\"name\":\"Portada\",\"item\":\"https:\\\/\\\/www.mexicanguitarplayers.com\\\/\"},{\"@type\":\"ListItem\",\"position\":2,\"name\":\"Tienda\",\"item\":\"https:\\\/\\\/www.mexicanguitarplayers.com\\\/tienda\\\/\"},{\"@type\":\"ListItem\",\"position\":3,\"name\":\"GUITARRA WASHBURN E\\\/ACUSTICA AG40CE\"}]},{\"@type\":\"WebSite\",\"@id\":\"https:\\\/\\\/www.mexicanguitarplayers.com\\\/#website\",\"url\":\"https:\\\/\\\/www.mexicanguitarplayers.com\\\/\",\"name\":\"Mexican Guitar Players\",\"description\":\"Website\",\"publisher\":{\"@id\":\"https:\\\/\\\/www.mexicanguitarplayers.com\\\/#organization\"},\"potentialAction\":[{\"@type\":\"SearchAction\",\"target\":{\"@type\":\"EntryPoint\",\"urlTemplate\":\"https:\\\/\\\/www.mexicanguitarplayers.com\\\/?s={search_term_string}\"},\"query-input\":{\"@type\":\"PropertyValueSpecification\",\"valueRequired\":true,\"valueName\":\"search_term_string\"}}],\"inLanguage\":\"en-US\"},{\"@type\":\"Organization\",\"@id\":\"https:\\\/\\\/www.mexicanguitarplayers.com\\\/#organization\",\"name\":\"Mexican Guitar Players\",\"url\":\"https:\\\/\\\/www.mexicanguitarplayers.com\\\/\",\"logo\":{\"@type\":\"ImageObject\",\"inLanguage\":\"en-US\",\"@id\":\"https:\\\/\\\/www.mexicanguitarplayers.com\\\/#\\\/schema\\\/logo\\\/image\\\/\",\"url\":\"\",\"contentUrl\":\"\",\"caption\":\"Mexican Guitar Players\"},\"image\":{\"@id\":\"https:\\\/\\\/www.mexicanguitarplayers.com\\\/#\\\/schema\\\/logo\\\/image\\\/\"}}]}<\/script>\n<!-- \/ Yoast SEO plugin. -->","yoast_head_json":{"title":"GUITARRA WASHBURN E\/ACUSTICA AG40CE - Mexican Guitar Players","description":"Guitarra electroac\u00fastica tama\u00f1o Grand Auditorium, color natural, terminado brillante, resaque, tapa de abeto seleccionado, aros y fondo de maple flameado, roseta personalizada Apprentice, brazo de caoba, diapas\u00f3n de madera de ingenier\u00eda, 20 trastes, incrustaciones: puntos, cejuela de ABS de 1-11\/16 de ancho, escala: 25.5\u201d, hardware cromado, puente de madera de ingenier\u00eda, maquinaria die-cast cromada con botones negros, controles: volumen, afinador integrado, Bass\/Mid\/Treble, Notch\/Presence, preamplificador Barcus-Berry LX4, cuerdas D'Addario EXP-16 light set phospher bronze.","robots":{"index":"index","follow":"follow","max-snippet":"max-snippet:-1","max-image-preview":"max-image-preview:large","max-video-preview":"max-video-preview:-1"},"canonical":"https:\/\/www.mexicanguitarplayers.com\/en\/tienda\/sin categor\u00eda\/guitarra-washburn-e-acustica-ag40ce\/","og_locale":"en_US","og_type":"article","og_title":"GUITARRA WASHBURN E\/ACUSTICA AG40CE - Mexican Guitar Players","og_description":"Guitarra electroac\u00fastica tama\u00f1o Grand Auditorium, color natural, terminado brillante, resaque, tapa de abeto seleccionado, aros y fondo de maple flameado, roseta personalizada Apprentice, brazo de caoba, diapas\u00f3n de madera de ingenier\u00eda, 20 trastes, incrustaciones: puntos, cejuela de ABS de 1-11\/16 de ancho, escala: 25.5\u201d, hardware cromado, puente de madera de ingenier\u00eda, maquinaria die-cast cromada con botones negros, controles: volumen, afinador integrado, Bass\/Mid\/Treble, Notch\/Presence, preamplificador Barcus-Berry LX4, cuerdas D'Addario EXP-16 light set phospher bronze.","og_url":"https:\/\/www.mexicanguitarplayers.com\/en\/tienda\/sin categor\u00eda\/guitarra-washburn-e-acustica-ag40ce\/","og_site_name":"Mexican Guitar Players","article_modified_time":"2026-04-15T10:20:56+00:00","twitter_card":"summary_large_image","twitter_misc":{"Est. reading time":"1 minute"},"schema":{"@context":"https:\/\/schema.org","@graph":[{"@type":["WebPage","ItemPage"],"@id":"https:\/\/www.mexicanguitarplayers.com\/tienda\/sin categor\u00eda\/guitarra-washburn-e-acustica-ag40ce\/","url":"https:\/\/www.mexicanguitarplayers.com\/tienda\/sin categor\u00eda\/guitarra-washburn-e-acustica-ag40ce\/","name":"GUITARRA WASHBURN E\/ACUSTICA AG40CE - Mexican Guitar Players","isPartOf":{"@id":"https:\/\/www.mexicanguitarplayers.com\/#website"},"primaryImageOfPage":{"@id":"https:\/\/www.mexicanguitarplayers.com\/tienda\/sin categor\u00eda\/guitarra-washburn-e-acustica-ag40ce\/#primaryimage"},"image":{"@id":"https:\/\/www.mexicanguitarplayers.com\/tienda\/sin categor\u00eda\/guitarra-washburn-e-acustica-ag40ce\/#primaryimage"},"thumbnailUrl":"https:\/\/www.mexicanguitarplayers.com\/wp-content\/uploads\/2025\/04\/ISWASAG40CE.jpg","datePublished":"2025-04-08T14:26:41+00:00","dateModified":"2026-04-15T10:20:56+00:00","description":"Guitarra electroac\u00fastica tama\u00f1o Grand Auditorium, color natural, terminado brillante, resaque, tapa de abeto seleccionado, aros y fondo de maple flameado, roseta personalizada Apprentice, brazo de caoba, diapas\u00f3n de madera de ingenier\u00eda, 20 trastes, incrustaciones: puntos, cejuela de ABS de 1-11\/16 de ancho, escala: 25.5\u201d, hardware cromado, puente de madera de ingenier\u00eda, maquinaria die-cast cromada con botones negros, controles: volumen, afinador integrado, Bass\/Mid\/Treble, Notch\/Presence, preamplificador Barcus-Berry LX4, cuerdas D'Addario EXP-16 light set phospher bronze.","breadcrumb":{"@id":"https:\/\/www.mexicanguitarplayers.com\/tienda\/sin categor\u00eda\/guitarra-washburn-e-acustica-ag40ce\/#breadcrumb"},"inLanguage":"en-US","potentialAction":[{"@type":"ReadAction","target":["https:\/\/www.mexicanguitarplayers.com\/tienda\/sin categor\u00eda\/guitarra-washburn-e-acustica-ag40ce\/"]}]},{"@type":"ImageObject","inLanguage":"en-US","@id":"https:\/\/www.mexicanguitarplayers.com\/tienda\/sin categor\u00eda\/guitarra-washburn-e-acustica-ag40ce\/#primaryimage","url":"https:\/\/www.mexicanguitarplayers.com\/wp-content\/uploads\/2025\/04\/ISWASAG40CE.jpg","contentUrl":"https:\/\/www.mexicanguitarplayers.com\/wp-content\/uploads\/2025\/04\/ISWASAG40CE.jpg","width":800,"height":1600},{"@type":"BreadcrumbList","@id":"https:\/\/www.mexicanguitarplayers.com\/tienda\/sin categor\u00eda\/guitarra-washburn-e-acustica-ag40ce\/#breadcrumb","itemListElement":[{"@type":"ListItem","position":1,"name":"Portada","item":"https:\/\/www.mexicanguitarplayers.com\/"},{"@type":"ListItem","position":2,"name":"Tienda","item":"https:\/\/www.mexicanguitarplayers.com\/tienda\/"},{"@type":"ListItem","position":3,"name":"GUITARRA WASHBURN E\/ACUSTICA AG40CE"}]},{"@type":"WebSite","@id":"https:\/\/www.mexicanguitarplayers.com\/#website","url":"https:\/\/www.mexicanguitarplayers.com\/","name":"Mexican Guitar Players","description":"Website","publisher":{"@id":"https:\/\/www.mexicanguitarplayers.com\/#organization"},"potentialAction":[{"@type":"SearchAction","target":{"@type":"EntryPoint","urlTemplate":"https:\/\/www.mexicanguitarplayers.com\/?s={search_term_string}"},"query-input":{"@type":"PropertyValueSpecification","valueRequired":true,"valueName":"search_term_string"}}],"inLanguage":"en-US"},{"@type":"Organization","@id":"https:\/\/www.mexicanguitarplayers.com\/#organization","name":"Mexican Guitar Players","url":"https:\/\/www.mexicanguitarplayers.com\/","logo":{"@type":"ImageObject","inLanguage":"en-US","@id":"https:\/\/www.mexicanguitarplayers.com\/#\/schema\/logo\/image\/","url":"","contentUrl":"","caption":"Mexican Guitar Players"},"image":{"@id":"https:\/\/www.mexicanguitarplayers.com\/#\/schema\/logo\/image\/"}}]}},"brands":[{"id":178,"name":"WASHBURN","slug":"washburn"}],"_links":{"self":[{"href":"https:\/\/www.mexicanguitarplayers.com\/en\/wp-json\/wp\/v2\/product\/28339","targetHints":{"allow":["GET"]}}],"collection":[{"href":"https:\/\/www.mexicanguitarplayers.com\/en\/wp-json\/wp\/v2\/product"}],"about":[{"href":"https:\/\/www.mexicanguitarplayers.com\/en\/wp-json\/wp\/v2\/types\/product"}],"replies":[{"embeddable":true,"href":"https:\/\/www.mexicanguitarplayers.com\/en\/wp-json\/wp\/v2\/comments?post=28339"}],"wp:featuredmedia":[{"embeddable":true,"href":"https:\/\/www.mexicanguitarplayers.com\/en\/wp-json\/wp\/v2\/media\/28336"}],"wp:attachment":[{"href":"https:\/\/www.mexicanguitarplayers.com\/en\/wp-json\/wp\/v2\/media?parent=28339"}],"wp:term":[{"taxonomy":"pwb-brand","embeddable":true,"href":"https:\/\/www.mexicanguitarplayers.com\/en\/wp-json\/wp\/v2\/pwb-brand?post=28339"},{"taxonomy":"product_brand","embeddable":true,"href":"https:\/\/www.mexicanguitarplayers.com\/en\/wp-json\/wp\/v2\/product_brand?post=28339"},{"taxonomy":"product_cat","embeddable":true,"href":"https:\/\/www.mexicanguitarplayers.com\/en\/wp-json\/wp\/v2\/product_cat?post=28339"},{"taxonomy":"product_tag","embeddable":true,"href":"https:\/\/www.mexicanguitarplayers.com\/en\/wp-json\/wp\/v2\/product_tag?post=28339"}],"curies":[{"name":"wp","href":"https:\/\/api.w.org\/{rel}","templated":true}]}}