{"id":28344,"date":"2025-04-08T08:26:47","date_gmt":"2025-04-08T14:26:47","guid":{"rendered":"https:\/\/www.mexicanguitarplayers.com\/tienda\/sin categor\u00eda\/microfono-sennheiser-p-video-cam-mke440\/"},"modified":"2026-04-15T04:20:56","modified_gmt":"2026-04-15T10:20:56","slug":"microfono-sennheiser-p-video-cam-mke440","status":"publish","type":"product","link":"https:\/\/www.mexicanguitarplayers.com\/en\/tienda\/audio\/microfonia\/microfonos-alambricos\/de-escritorio\/microfono-sennheiser-p-video-cam-mke440\/","title":{"rendered":"MICROFONO SENNHEISER P\/VIDEO CAM. MKE440"},"content":{"rendered":"<div style=\"text-align: justify\">\n<div>\n<h3>Un est\u00e9reo perfecto sin efectos secundarios.<\/h3>\n<\/div>\n<div>El MKE 440 tiene dos micr\u00f3fonos de pistola alineados y combinados para asegurar que el MKE 440 capture todo el audio que desees. La micro red de acero inoxidable proporciona protecci\u00f3n contra el viento, reduce el ruido del viento y protege los detalles finos de alta frecuencia en tu sonido. El MKE 440 proporciona una ambientaci\u00f3n de sonido est\u00e9reo agradablemente balanceado y amplifica la fuente de sonido en frente de tu c\u00e1mara. Mejorando tu audio DSLR Un nuevo dise\u00f1o patentado en forma de V de dos micr\u00f3fonos de pistola es la fant\u00e1stica soluci\u00f3n de Sennheiser para obtener sonido est\u00e9reo capturado por los micr\u00f3fonos montados en una c\u00e1mara. Esta configuraci\u00f3n brinda una cobertura de amplitud est\u00e9reo equivalente a la imagen creada por los populares lentes de c\u00e1mara de 35 mm. La dispersi\u00f3n es muy uniforme y brinda una alta inteligibilidad del discurso en su enfoque. Lo que ves es lo que escuchas Para generar sonido est\u00e9reo, una situaci\u00f3n en donde se requiere de dos micr\u00f3fonos, no es muy com\u00fan utilizar micr\u00f3fonos de pistola. Por ello, muchos videos con sonido est\u00e9reo suenan un poco distantes y reverberantes, al mismo tiempo que se captura sonido no deseado fuera de foco que no logra suprimirse. Micr\u00f3fono \u00fanico y altamente direccional: est\u00e9reo en forma de V Nuestra soluci\u00f3n es nuevo dise\u00f1o patentado en forma de V de dos micr\u00f3fonos de pistola. Esta configuraci\u00f3n brinda una cobertura de amplitud est\u00e9reo equivalente a la imagen creada por los populares lentes de c\u00e1mara de 35 mm. La dispersi\u00f3n es muy uniforme y brinda una alta inteligibilidad del discurso en su enfoque. Soporte de impacto patentado contra el ruido de manejo Los micr\u00f3fonos son susceptibles de crear ruido de estructura inherente cuando se manejan; por ejemplo, cuando la c\u00e1mara en la que est\u00e1n montados se est\u00e1 moviendo. Es por eso que el micr\u00f3fono MKE 440 est\u00e1 equipado con un soporte de impacto patentado y espec\u00edficamente desarrollado para este fin. Se ajusta perfectamente al peso y a las dimensiones del tubo del micr\u00f3fono de pistola, por lo que asegura un rechazo \u00f3ptimo del ruido por manejo. La suspensi\u00f3n de hule est\u00e1 asegurada dentro de la red de metal protectora. Un dise\u00f1o resistente Una micro red de acero inoxidable resistente y durable protege a los micr\u00f3fonos y proporciona una supresi\u00f3n de ruido del viento. Contrario a lo que hacen las pantallas de viento regulares hechas de espuma, la red de metal no influir\u00e1 en el sonido al atenuar la claridad del sonido de alta frecuencia. Electr\u00f3nicos con alta din\u00e1mica Con la energ\u00eda de una bater\u00eda, el circuito electr\u00f3nico integrado de alta din\u00e1mica combina con la se\u00f1al de salida del MKE 440 con la sensibilidad de entrada de la c\u00e1mara. Por lo tanto, este micr\u00f3fono puede manejar un rango din\u00e1mico desde los sonidos m\u00e1s delicados hasta la ruidosa m\u00fasica de rock con gritos. El filtro low-cut reduce el ruido inherente por estructura y el ruido del viento de baja frecuencia. El micr\u00f3fono MKE 440 ofrece un tiempo de funcionamiento mayor a 100 horas con tan s\u00f3lo un par de bater\u00edas AAA, y brinda un rendimiento total de audio cuando se utiliza con poca bater\u00eda.<\/div>\n<div>\n<h4>Quick look<\/h4>\n<\/div>\n<ul style=\"margin: 0px 0px 0px 25px\">\n<li style=\"list-style-type: circle;margin: 5px\">Connector<\/li>\n<li style=\"list-style-type: circle;margin: 5px\">Respuesta de frecuencia,<\/li>\n<li style=\"list-style-type: circle;margin: 5px\">Maximum SPL.<\/li>\n<li style=\"list-style-type: circle;margin: 5px\">Pick-up pattern.<\/li>\n<li style=\"list-style-type: circle;margin: 5px\">Rango de temperatura (en funcionamiento).<\/li>\n<li style=\"list-style-type: circle;margin: 5px\">Tiempo de operaci\u00f3n.<\/li>\n<li style=\"list-style-type: circle;margin: 5px\">Fuente de poder.<\/li>\n<li style=\"list-style-type: circle;margin: 5px\">Filtro de corte de bajos,<\/li>\n<li style=\"list-style-type: circle;margin: 5px\">Sensitivity.<\/li>\n<li style=\"list-style-type: circle;margin: 5px\">Dimensions.<\/li>\n<li style=\"list-style-type: circle;margin: 5px\">Approximate weight.<\/li>\n<\/ul>\n<div>\n<div style=\"font-weight: bold\">Connector<\/div>\n<div>\n<p>3.5 mm jack plug.<\/p>\n<\/div>\n<div style=\"font-weight: bold\">Respuesta de frecuencia,<\/div>\n<div>\n<p>50 Hz a 20 kHz.<\/p>\n<\/div>\n<div style=\"font-weight: bold\">Maximum SPL.<\/div>\n<div>\n<p>132 dB.<\/p>\n<\/div>\n<div style=\"font-weight: bold\">Pick-up pattern.<\/div>\n<div>\n<p>Est\u00e9reo s\u00faper cardioide.<\/p>\n<\/div>\n<div style=\"font-weight: bold\">Rango de temperatura (en funcionamiento).<\/div>\n<div>\n<p>-10 \u00b0C a +55 \u00b0C.<\/p>\n<\/div>\n<div style=\"font-weight: bold\">Tiempo de operaci\u00f3n.<\/div>\n<div>\n<p>&gt;100 h.<\/p>\n<\/div>\n<div style=\"font-weight: bold\">Fuente de poder.<\/div>\n<div>\n<p>2 x AAA<\/p>\n<\/div>\n<div style=\"font-weight: bold\">Filtro de corte de bajos,<\/div>\n<div>\n<p>Conmutable.<\/p>\n<\/div>\n<div style=\"font-weight: bold\">Sensitivity.<\/div>\n<div>\n<p>Conmutable.<\/p>\n<\/div>\n<div style=\"font-weight: bold\">Dimensions.<\/div>\n<div>\n<p>67 x 106 x 128 mm.<\/p>\n<\/div>\n<div style=\"font-weight: bold\">Approximate weight.<\/div>\n<div>\n<p>165 g (sin pilas).<\/p>\n<\/div>\n<\/div>\n<\/div>","protected":false},"excerpt":{"rendered":"<p>Compacto micr\u00f3fono est\u00e9reo de pistola para c\u00e1maras con zapato para montar luz y entrada para micr\u00f3fono externo, m\u00e1ximo rechazo de ruido lateral, resistente armaz\u00f3n de acero inoxidable que proporciona protecci\u00f3n contra el viento, reduce el ruido del viento y protege los detalles finos de alta frecuencia, conector 3.5 mm jack plug, patr\u00f3n de captaci\u00f3n est\u00e9reo s\u00faper \u2013cardioide, utiliza 2 pilas AAA, dimensiones: 67 x 106 x 128 mm, peso aproximado: 165 g (sin pilas).&hellip; <a class=\"kt-excerpt-readmore more-link\" href=\"https:\/\/www.mexicanguitarplayers.com\/en\/tienda\/audio\/microfonia\/microfonos-alambricos\/de-escritorio\/microfono-sennheiser-p-video-cam-mke440\/\">Read more<\/a><\/p>","protected":false},"featured_media":28343,"comment_status":"open","ping_status":"closed","template":"","meta":{"kt_blocks_editor_width":""},"pwb-brand":[176],"product_brand":[],"product_cat":[213,217,214,215],"product_tag":[],"class_list":{"0":"post-28344","1":"product","2":"type-product","3":"status-publish","4":"has-post-thumbnail","6":"pwb-brand-sennheiser","7":"product_cat-audio","8":"product_cat-de-escritorio","9":"product_cat-microfonia","10":"product_cat-microfonos-alambricos","11":"product_shipping_class-0-5-kg","13":"first","14":"outofstock","15":"taxable","16":"shipping-taxable","17":"purchasable","18":"product-type-simple"},"yoast_head":"<!-- This site is optimized with the Yoast SEO plugin v27.5 - https:\/\/yoast.com\/product\/yoast-seo-wordpress\/ -->\n<title>MICROFONO SENNHEISER P\/VIDEO CAM. MKE440 - Mexican Guitar Players<\/title>\n<meta name=\"description\" content=\"Compacto micr\u00f3fono est\u00e9reo de pistola para c\u00e1maras con zapato para montar luz y entrada para micr\u00f3fono externo, m\u00e1ximo rechazo de ruido lateral, resistente armaz\u00f3n de acero inoxidable que proporciona protecci\u00f3n contra el viento, reduce el ruido del viento y protege los detalles finos de alta frecuencia, conector 3.5 mm jack plug, patr\u00f3n de captaci\u00f3n est\u00e9reo s\u00faper \u2013cardioide, utiliza 2 pilas AAA, dimensiones: 67 x 106 x 128 mm, peso aproximado: 165 g (sin pilas).\" \/>\n<meta name=\"robots\" content=\"index, follow, max-snippet:-1, max-image-preview:large, max-video-preview:-1\" \/>\n<link rel=\"canonical\" href=\"https:\/\/www.mexicanguitarplayers.com\/en\/tienda\/sin%20categor\u00eda\/microfono-sennheiser-p-video-cam-mke440\/\" \/>\n<meta property=\"og:locale\" content=\"en_US\" \/>\n<meta property=\"og:type\" content=\"article\" \/>\n<meta property=\"og:title\" content=\"MICROFONO SENNHEISER P\/VIDEO CAM. MKE440 - Mexican Guitar Players\" \/>\n<meta property=\"og:description\" content=\"Compacto micr\u00f3fono est\u00e9reo de pistola para c\u00e1maras con zapato para montar luz y entrada para micr\u00f3fono externo, m\u00e1ximo rechazo de ruido lateral, resistente armaz\u00f3n de acero inoxidable que proporciona protecci\u00f3n contra el viento, reduce el ruido del viento y protege los detalles finos de alta frecuencia, conector 3.5 mm jack plug, patr\u00f3n de captaci\u00f3n est\u00e9reo s\u00faper \u2013cardioide, utiliza 2 pilas AAA, dimensiones: 67 x 106 x 128 mm, peso aproximado: 165 g (sin pilas).\" \/>\n<meta property=\"og:url\" content=\"https:\/\/www.mexicanguitarplayers.com\/en\/tienda\/sin categor\u00eda\/microfono-sennheiser-p-video-cam-mke440\/\" \/>\n<meta property=\"og:site_name\" content=\"Mexican Guitar Players\" \/>\n<meta property=\"article:modified_time\" content=\"2026-04-15T10:20:56+00:00\" \/>\n<meta name=\"twitter:card\" content=\"summary_large_image\" \/>\n<meta name=\"twitter:label1\" content=\"Est. reading time\" \/>\n\t<meta name=\"twitter:data1\" content=\"3 minutes\" \/>\n<script type=\"application\/ld+json\" class=\"yoast-schema-graph\">{\"@context\":\"https:\\\/\\\/schema.org\",\"@graph\":[{\"@type\":[\"WebPage\",\"ItemPage\"],\"@id\":\"https:\\\/\\\/www.mexicanguitarplayers.com\\\/tienda\\\/sin categor\u00eda\\\/microfono-sennheiser-p-video-cam-mke440\\\/\",\"url\":\"https:\\\/\\\/www.mexicanguitarplayers.com\\\/tienda\\\/sin categor\u00eda\\\/microfono-sennheiser-p-video-cam-mke440\\\/\",\"name\":\"MICROFONO SENNHEISER P\\\/VIDEO CAM. MKE440 - Mexican Guitar Players\",\"isPartOf\":{\"@id\":\"https:\\\/\\\/www.mexicanguitarplayers.com\\\/#website\"},\"primaryImageOfPage\":{\"@id\":\"https:\\\/\\\/www.mexicanguitarplayers.com\\\/tienda\\\/sin categor\u00eda\\\/microfono-sennheiser-p-video-cam-mke440\\\/#primaryimage\"},\"image\":{\"@id\":\"https:\\\/\\\/www.mexicanguitarplayers.com\\\/tienda\\\/sin categor\u00eda\\\/microfono-sennheiser-p-video-cam-mke440\\\/#primaryimage\"},\"thumbnailUrl\":\"https:\\\/\\\/www.mexicanguitarplayers.com\\\/wp-content\\\/uploads\\\/2025\\\/04\\\/IASENMKE440.jpg\",\"datePublished\":\"2025-04-08T14:26:47+00:00\",\"dateModified\":\"2026-04-15T10:20:56+00:00\",\"description\":\"Compacto micr\u00f3fono est\u00e9reo de pistola para c\u00e1maras con zapato para montar luz y entrada para micr\u00f3fono externo, m\u00e1ximo rechazo de ruido lateral, resistente armaz\u00f3n de acero inoxidable que proporciona protecci\u00f3n contra el viento, reduce el ruido del viento y protege los detalles finos de alta frecuencia, conector 3.5 mm jack plug, patr\u00f3n de captaci\u00f3n est\u00e9reo s\u00faper \u2013cardioide, utiliza 2 pilas AAA, dimensiones: 67 x 106 x 128 mm, peso aproximado: 165 g (sin pilas).\",\"breadcrumb\":{\"@id\":\"https:\\\/\\\/www.mexicanguitarplayers.com\\\/tienda\\\/sin categor\u00eda\\\/microfono-sennheiser-p-video-cam-mke440\\\/#breadcrumb\"},\"inLanguage\":\"en-US\",\"potentialAction\":[{\"@type\":\"ReadAction\",\"target\":[\"https:\\\/\\\/www.mexicanguitarplayers.com\\\/tienda\\\/sin categor\u00eda\\\/microfono-sennheiser-p-video-cam-mke440\\\/\"]}]},{\"@type\":\"ImageObject\",\"inLanguage\":\"en-US\",\"@id\":\"https:\\\/\\\/www.mexicanguitarplayers.com\\\/tienda\\\/sin categor\u00eda\\\/microfono-sennheiser-p-video-cam-mke440\\\/#primaryimage\",\"url\":\"https:\\\/\\\/www.mexicanguitarplayers.com\\\/wp-content\\\/uploads\\\/2025\\\/04\\\/IASENMKE440.jpg\",\"contentUrl\":\"https:\\\/\\\/www.mexicanguitarplayers.com\\\/wp-content\\\/uploads\\\/2025\\\/04\\\/IASENMKE440.jpg\",\"width\":1600,\"height\":800},{\"@type\":\"BreadcrumbList\",\"@id\":\"https:\\\/\\\/www.mexicanguitarplayers.com\\\/tienda\\\/sin categor\u00eda\\\/microfono-sennheiser-p-video-cam-mke440\\\/#breadcrumb\",\"itemListElement\":[{\"@type\":\"ListItem\",\"position\":1,\"name\":\"Portada\",\"item\":\"https:\\\/\\\/www.mexicanguitarplayers.com\\\/\"},{\"@type\":\"ListItem\",\"position\":2,\"name\":\"Tienda\",\"item\":\"https:\\\/\\\/www.mexicanguitarplayers.com\\\/tienda\\\/\"},{\"@type\":\"ListItem\",\"position\":3,\"name\":\"MICROFONO SENNHEISER P\\\/VIDEO CAM. MKE440\"}]},{\"@type\":\"WebSite\",\"@id\":\"https:\\\/\\\/www.mexicanguitarplayers.com\\\/#website\",\"url\":\"https:\\\/\\\/www.mexicanguitarplayers.com\\\/\",\"name\":\"Mexican Guitar Players\",\"description\":\"Website\",\"publisher\":{\"@id\":\"https:\\\/\\\/www.mexicanguitarplayers.com\\\/#organization\"},\"potentialAction\":[{\"@type\":\"SearchAction\",\"target\":{\"@type\":\"EntryPoint\",\"urlTemplate\":\"https:\\\/\\\/www.mexicanguitarplayers.com\\\/?s={search_term_string}\"},\"query-input\":{\"@type\":\"PropertyValueSpecification\",\"valueRequired\":true,\"valueName\":\"search_term_string\"}}],\"inLanguage\":\"en-US\"},{\"@type\":\"Organization\",\"@id\":\"https:\\\/\\\/www.mexicanguitarplayers.com\\\/#organization\",\"name\":\"Mexican Guitar Players\",\"url\":\"https:\\\/\\\/www.mexicanguitarplayers.com\\\/\",\"logo\":{\"@type\":\"ImageObject\",\"inLanguage\":\"en-US\",\"@id\":\"https:\\\/\\\/www.mexicanguitarplayers.com\\\/#\\\/schema\\\/logo\\\/image\\\/\",\"url\":\"\",\"contentUrl\":\"\",\"caption\":\"Mexican Guitar Players\"},\"image\":{\"@id\":\"https:\\\/\\\/www.mexicanguitarplayers.com\\\/#\\\/schema\\\/logo\\\/image\\\/\"}}]}<\/script>\n<!-- \/ Yoast SEO plugin. -->","yoast_head_json":{"title":"MICROFONO SENNHEISER P\/VIDEO CAM. MKE440 - Mexican Guitar Players","description":"Compacto micr\u00f3fono est\u00e9reo de pistola para c\u00e1maras con zapato para montar luz y entrada para micr\u00f3fono externo, m\u00e1ximo rechazo de ruido lateral, resistente armaz\u00f3n de acero inoxidable que proporciona protecci\u00f3n contra el viento, reduce el ruido del viento y protege los detalles finos de alta frecuencia, conector 3.5 mm jack plug, patr\u00f3n de captaci\u00f3n est\u00e9reo s\u00faper \u2013cardioide, utiliza 2 pilas AAA, dimensiones: 67 x 106 x 128 mm, peso aproximado: 165 g (sin pilas).","robots":{"index":"index","follow":"follow","max-snippet":"max-snippet:-1","max-image-preview":"max-image-preview:large","max-video-preview":"max-video-preview:-1"},"canonical":"https:\/\/www.mexicanguitarplayers.com\/en\/tienda\/sin categor\u00eda\/microfono-sennheiser-p-video-cam-mke440\/","og_locale":"en_US","og_type":"article","og_title":"MICROFONO SENNHEISER P\/VIDEO CAM. MKE440 - Mexican Guitar Players","og_description":"Compacto micr\u00f3fono est\u00e9reo de pistola para c\u00e1maras con zapato para montar luz y entrada para micr\u00f3fono externo, m\u00e1ximo rechazo de ruido lateral, resistente armaz\u00f3n de acero inoxidable que proporciona protecci\u00f3n contra el viento, reduce el ruido del viento y protege los detalles finos de alta frecuencia, conector 3.5 mm jack plug, patr\u00f3n de captaci\u00f3n est\u00e9reo s\u00faper \u2013cardioide, utiliza 2 pilas AAA, dimensiones: 67 x 106 x 128 mm, peso aproximado: 165 g (sin pilas).","og_url":"https:\/\/www.mexicanguitarplayers.com\/en\/tienda\/sin categor\u00eda\/microfono-sennheiser-p-video-cam-mke440\/","og_site_name":"Mexican Guitar Players","article_modified_time":"2026-04-15T10:20:56+00:00","twitter_card":"summary_large_image","twitter_misc":{"Est. reading time":"3 minutes"},"schema":{"@context":"https:\/\/schema.org","@graph":[{"@type":["WebPage","ItemPage"],"@id":"https:\/\/www.mexicanguitarplayers.com\/tienda\/sin categor\u00eda\/microfono-sennheiser-p-video-cam-mke440\/","url":"https:\/\/www.mexicanguitarplayers.com\/tienda\/sin categor\u00eda\/microfono-sennheiser-p-video-cam-mke440\/","name":"MICROFONO SENNHEISER P\/VIDEO CAM. MKE440 - Mexican Guitar Players","isPartOf":{"@id":"https:\/\/www.mexicanguitarplayers.com\/#website"},"primaryImageOfPage":{"@id":"https:\/\/www.mexicanguitarplayers.com\/tienda\/sin categor\u00eda\/microfono-sennheiser-p-video-cam-mke440\/#primaryimage"},"image":{"@id":"https:\/\/www.mexicanguitarplayers.com\/tienda\/sin categor\u00eda\/microfono-sennheiser-p-video-cam-mke440\/#primaryimage"},"thumbnailUrl":"https:\/\/www.mexicanguitarplayers.com\/wp-content\/uploads\/2025\/04\/IASENMKE440.jpg","datePublished":"2025-04-08T14:26:47+00:00","dateModified":"2026-04-15T10:20:56+00:00","description":"Compacto micr\u00f3fono est\u00e9reo de pistola para c\u00e1maras con zapato para montar luz y entrada para micr\u00f3fono externo, m\u00e1ximo rechazo de ruido lateral, resistente armaz\u00f3n de acero inoxidable que proporciona protecci\u00f3n contra el viento, reduce el ruido del viento y protege los detalles finos de alta frecuencia, conector 3.5 mm jack plug, patr\u00f3n de captaci\u00f3n est\u00e9reo s\u00faper \u2013cardioide, utiliza 2 pilas AAA, dimensiones: 67 x 106 x 128 mm, peso aproximado: 165 g (sin pilas).","breadcrumb":{"@id":"https:\/\/www.mexicanguitarplayers.com\/tienda\/sin categor\u00eda\/microfono-sennheiser-p-video-cam-mke440\/#breadcrumb"},"inLanguage":"en-US","potentialAction":[{"@type":"ReadAction","target":["https:\/\/www.mexicanguitarplayers.com\/tienda\/sin categor\u00eda\/microfono-sennheiser-p-video-cam-mke440\/"]}]},{"@type":"ImageObject","inLanguage":"en-US","@id":"https:\/\/www.mexicanguitarplayers.com\/tienda\/sin categor\u00eda\/microfono-sennheiser-p-video-cam-mke440\/#primaryimage","url":"https:\/\/www.mexicanguitarplayers.com\/wp-content\/uploads\/2025\/04\/IASENMKE440.jpg","contentUrl":"https:\/\/www.mexicanguitarplayers.com\/wp-content\/uploads\/2025\/04\/IASENMKE440.jpg","width":1600,"height":800},{"@type":"BreadcrumbList","@id":"https:\/\/www.mexicanguitarplayers.com\/tienda\/sin categor\u00eda\/microfono-sennheiser-p-video-cam-mke440\/#breadcrumb","itemListElement":[{"@type":"ListItem","position":1,"name":"Portada","item":"https:\/\/www.mexicanguitarplayers.com\/"},{"@type":"ListItem","position":2,"name":"Tienda","item":"https:\/\/www.mexicanguitarplayers.com\/tienda\/"},{"@type":"ListItem","position":3,"name":"MICROFONO SENNHEISER P\/VIDEO CAM. MKE440"}]},{"@type":"WebSite","@id":"https:\/\/www.mexicanguitarplayers.com\/#website","url":"https:\/\/www.mexicanguitarplayers.com\/","name":"Mexican Guitar Players","description":"Website","publisher":{"@id":"https:\/\/www.mexicanguitarplayers.com\/#organization"},"potentialAction":[{"@type":"SearchAction","target":{"@type":"EntryPoint","urlTemplate":"https:\/\/www.mexicanguitarplayers.com\/?s={search_term_string}"},"query-input":{"@type":"PropertyValueSpecification","valueRequired":true,"valueName":"search_term_string"}}],"inLanguage":"en-US"},{"@type":"Organization","@id":"https:\/\/www.mexicanguitarplayers.com\/#organization","name":"Mexican Guitar Players","url":"https:\/\/www.mexicanguitarplayers.com\/","logo":{"@type":"ImageObject","inLanguage":"en-US","@id":"https:\/\/www.mexicanguitarplayers.com\/#\/schema\/logo\/image\/","url":"","contentUrl":"","caption":"Mexican Guitar Players"},"image":{"@id":"https:\/\/www.mexicanguitarplayers.com\/#\/schema\/logo\/image\/"}}]}},"brands":[{"id":176,"name":"SENNHEISER","slug":"sennheiser"}],"_links":{"self":[{"href":"https:\/\/www.mexicanguitarplayers.com\/en\/wp-json\/wp\/v2\/product\/28344","targetHints":{"allow":["GET"]}}],"collection":[{"href":"https:\/\/www.mexicanguitarplayers.com\/en\/wp-json\/wp\/v2\/product"}],"about":[{"href":"https:\/\/www.mexicanguitarplayers.com\/en\/wp-json\/wp\/v2\/types\/product"}],"replies":[{"embeddable":true,"href":"https:\/\/www.mexicanguitarplayers.com\/en\/wp-json\/wp\/v2\/comments?post=28344"}],"wp:featuredmedia":[{"embeddable":true,"href":"https:\/\/www.mexicanguitarplayers.com\/en\/wp-json\/wp\/v2\/media\/28343"}],"wp:attachment":[{"href":"https:\/\/www.mexicanguitarplayers.com\/en\/wp-json\/wp\/v2\/media?parent=28344"}],"wp:term":[{"taxonomy":"pwb-brand","embeddable":true,"href":"https:\/\/www.mexicanguitarplayers.com\/en\/wp-json\/wp\/v2\/pwb-brand?post=28344"},{"taxonomy":"product_brand","embeddable":true,"href":"https:\/\/www.mexicanguitarplayers.com\/en\/wp-json\/wp\/v2\/product_brand?post=28344"},{"taxonomy":"product_cat","embeddable":true,"href":"https:\/\/www.mexicanguitarplayers.com\/en\/wp-json\/wp\/v2\/product_cat?post=28344"},{"taxonomy":"product_tag","embeddable":true,"href":"https:\/\/www.mexicanguitarplayers.com\/en\/wp-json\/wp\/v2\/product_tag?post=28344"}],"curies":[{"name":"wp","href":"https:\/\/api.w.org\/{rel}","templated":true}]}}