{"id":28346,"date":"2025-04-08T08:26:49","date_gmt":"2025-04-08T14:26:49","guid":{"rendered":"https:\/\/www.mexicanguitarplayers.com\/tienda\/sin categor\u00eda\/reproductor-stanton-cd-mezclador-cm203\/"},"modified":"2026-01-22T04:22:16","modified_gmt":"2026-01-22T10:22:16","slug":"reproductor-stanton-cd-mezclador-cm203","status":"publish","type":"product","link":"https:\/\/www.mexicanguitarplayers.com\/en\/tienda\/audio\/equipo-de-dj\/reproductor-stanton-cd-mezclador-cm203\/","title":{"rendered":"REPRODUCTOR STANTON CD \/ MEZCLADOR CM203"},"content":{"rendered":"<div style=\"text-align: justify\">\n<div>\n<h3>Que no pare de sonar.<\/h3>\n<\/div>\n<div>El CM203 de Stanton es la mezcladora de CD perfecta para el DJ que busca simplicidad respaldada por calidad profesional en equipo de DJ. Esta unidad cuenta con caracter\u00edsticas muy vers\u00e1tiles, dos reproductores de CD y entradas de l\u00ednea para iPod y otros dispositivos portables para que puedas acceder f\u00e1cilmente a una gran variedad de fuentes musicales. El CM203 hace que sea sencillo complacer a la multitud en pr\u00e1cticamente cualquier lugar, desde clubes, bares y restaurantes hasta estudios de baile y conciertos m\u00f3viles.<\/div>\n<div>\n<h4>Quick look<\/h4>\n<\/div>\n<ul style=\"margin: 0px 0px 0px 25px\">\n<li style=\"list-style-type: circle;margin: 5px\">Secci\u00f3n de mezcladora.<\/li>\n<li style=\"list-style-type: circle;margin: 5px\">Secci\u00f3n de CD<\/li>\n<li style=\"list-style-type: circle;margin: 5px\">Micr\u00f3fono.<\/li>\n<li style=\"list-style-type: circle;margin: 5px\">Entrada\/Salida.<\/li>\n<li style=\"list-style-type: circle;margin: 5px\">General.<\/li>\n<li style=\"list-style-type: circle;margin: 5px\">Caracter\u00edsticas f\u00edsicas.<\/li>\n<\/ul>\n<div>\n<div style=\"font-weight: bold\">Secci\u00f3n de mezcladora.<\/div>\n<div>\n<p>2 entradas de l\u00ednea para conectar iPod, otro dispositivo de MP3 o m\u00e1s reproductores de CD.Ganancia y ecualizador de 3 bandas (+9\/-26) por canal.Crossfader reemplazable por el usuario.Entrada de micr\u00f3fono de 1\/4&#8243; con control de volumen.Salida de aud\u00edfonos con cue pan.Listo para iPod.THD+N (l\u00ednea): 0.01% a 1 kHz.Relaci\u00f3n se\u00f1al \/ ruido: (Rango din\u00e1mico): &gt;90 dB.Ruido de piso (l\u00ednea de entrada a cualquier l\u00ednea de salida): &lt; -85 dBV.Fader Kill de canal: &lt; -85 dB @ 1 kHz.Crossfader Kill: 90 dB a 1kHz, 0 dB.Ecualizador de canal: Hi +9 dB, -16 dB @ 13 Hz, Mid +9 dB, -23 dB @ 1Hz, Low +9 dB, -23 dB @ 70 Hz.<\/p>\n<\/div>\n<div style=\"font-weight: bold\">Secci\u00f3n de CD<\/div>\n<div>\n<p>Pitch control de 8% con pitch bend.Fader start.Relay play.Respuesta de frecuencia (CD a salida maestra): 20 Hz a 20 kHz +\/- 2.0 dB.THD+N con 20 KHz filtro de paso bajo: 0.05% a 1 kHz.Relaci\u00f3n se\u00f1al \/ ruido (ref: Escala completa): &gt;85 dB.<\/p>\n<\/div>\n<div style=\"font-weight: bold\">Micr\u00f3fono.<\/div>\n<div>\n<p>Respuesta de frecuencia (Micr\u00f3fono a salida maestra): 20 Hz a 20 kHz +\/- 2.0 dB.THD+N con 20 KHz filtro de paso bajo: 0.05% a 1 kHz.Relaci\u00f3n se\u00f1al \/ ruido (ref: Escala completa): &gt;110 dB.<\/p>\n<\/div>\n<div style=\"font-weight: bold\">Entrada\/Salida.<\/div>\n<div>\n<p>Entradas de l\u00ednea: 2 x Est\u00e9reo RCA -14 dBV \/ nivel de l\u00ednea nominal 18 kohms desbalanceado.Entrada de micr\u00f3fono: 1x TRS -54 dBV \/ nivel de entrada nominal  10 kohms balanceado.Salida maestra: 2x RCA carga nominal desbalanceada 10 kohms.Salida de grabaci\u00f3n: 2x RCA desbalanceado -10 dBV dentro de 10 kohms de carga.Salida de aud\u00edfonos: 1x 1\/4&#8243; Phone Jack 1 x 1\/4&#8243; Phone Jack carga m\u00e1xima  32 ohms, 1x 1\/8&#8243; Mini Phone Jack.<\/p>\n<\/div>\n<div style=\"font-weight: bold\">General.<\/div>\n<div>\n<p>Sistema: Audio de disco compacto digital.Carga de disco: Top Loading.Display: Display LCD de 11 d\u00edgitos.Rango de control de pitch: Dentro de +\/- 8%.Pitch Bend: +\/- 8%.Precisi\u00f3n de pitch: +\/-0.15%.<\/p>\n<\/div>\n<div style=\"font-weight: bold\">Caracter\u00edsticas f\u00edsicas.<\/div>\n<div>\n<p>Dimensiones: 440 mm x 266 mm x 110.5 mm.Peso: 4.4 Kg.Temperatura de operaci\u00f3n: 0\u00b0 C a 40\u00b0 C.Temperatura de almacenamiento: -20\u00b0 C a 50\u00b0 C.Fuente de alimentaci\u00f3n: 120 V, 60 Hz, AC 14 W.<\/p>\n<\/div>\n<\/div>\n<\/div>","protected":false},"excerpt":{"rendered":"<p>Reproductor Stanton sencillo para CD. Modelo: CM.203. Pitch control de 8% con pitch bend. Fader start. Relay play. 2 entradas de l\u00ednea para conectar iPod, otrodispositivo de MP3 o m\u00e1s reproductores de CD. Ganancia y ecualizador de 3 bandas(+9\/-26) por canal. Crossfader reemplazable por el usuario. Entrada de micr\u00f3fono de 1\/4\u201d con control de volumen. Salida de aud\u00edfonos con cue pan. Listo para iPod.&hellip; <a class=\"kt-excerpt-readmore more-link\" href=\"https:\/\/www.mexicanguitarplayers.com\/en\/tienda\/audio\/equipo-de-dj\/reproductor-stanton-cd-mezclador-cm203\/\">Read more<\/a><\/p>","protected":false},"featured_media":28345,"comment_status":"open","ping_status":"closed","template":"","meta":{"kt_blocks_editor_width":""},"pwb-brand":[554],"product_brand":[],"product_cat":[213,483],"product_tag":[],"class_list":{"0":"post-28346","1":"product","2":"type-product","3":"status-publish","4":"has-post-thumbnail","6":"pwb-brand-stanton","7":"product_cat-audio","8":"product_cat-equipo-de-dj","9":"product_shipping_class-5-10-kg","11":"first","12":"outofstock","13":"taxable","14":"shipping-taxable","15":"purchasable","16":"product-type-simple"},"yoast_head":"<!-- This site is optimized with the Yoast SEO plugin v27.3 - https:\/\/yoast.com\/product\/yoast-seo-wordpress\/ -->\n<title>REPRODUCTOR STANTON CD \/ MEZCLADOR CM203 - Mexican Guitar Players<\/title>\n<meta name=\"description\" content=\"Reproductor Stanton sencillo para CD. Modelo: CM.203. Pitch control de 8% con pitch bend. Fader start. Relay play. 2 entradas de l\u00ednea para conectar iPod, otrodispositivo de MP3 o m\u00e1s reproductores de CD. Ganancia y ecualizador de 3 bandas(+9\/-26) por canal. Crossfader reemplazable por el usuario. Entrada de micr\u00f3fono de 1\/4\u201d con control de volumen. Salida de aud\u00edfonos con cue pan. Listo para iPod.\" \/>\n<meta name=\"robots\" content=\"index, follow, max-snippet:-1, max-image-preview:large, max-video-preview:-1\" \/>\n<link rel=\"canonical\" href=\"https:\/\/www.mexicanguitarplayers.com\/en\/tienda\/sin%20categor\u00eda\/reproductor-stanton-cd-mezclador-cm203\/\" \/>\n<meta property=\"og:locale\" content=\"en_US\" \/>\n<meta property=\"og:type\" content=\"article\" \/>\n<meta property=\"og:title\" content=\"REPRODUCTOR STANTON CD \/ MEZCLADOR CM203 - Mexican Guitar Players\" \/>\n<meta property=\"og:description\" content=\"Reproductor Stanton sencillo para CD. Modelo: CM.203. Pitch control de 8% con pitch bend. Fader start. Relay play. 2 entradas de l\u00ednea para conectar iPod, otrodispositivo de MP3 o m\u00e1s reproductores de CD. Ganancia y ecualizador de 3 bandas(+9\/-26) por canal. Crossfader reemplazable por el usuario. Entrada de micr\u00f3fono de 1\/4\u201d con control de volumen. Salida de aud\u00edfonos con cue pan. Listo para iPod.\" \/>\n<meta property=\"og:url\" content=\"https:\/\/www.mexicanguitarplayers.com\/en\/tienda\/sin categor\u00eda\/reproductor-stanton-cd-mezclador-cm203\/\" \/>\n<meta property=\"og:site_name\" content=\"Mexican Guitar Players\" \/>\n<meta property=\"article:modified_time\" content=\"2026-01-22T10:22:16+00:00\" \/>\n<meta name=\"twitter:card\" content=\"summary_large_image\" \/>\n<meta name=\"twitter:label1\" content=\"Est. reading time\" \/>\n\t<meta name=\"twitter:data1\" content=\"2 minutes\" \/>\n<script type=\"application\/ld+json\" class=\"yoast-schema-graph\">{\"@context\":\"https:\\\/\\\/schema.org\",\"@graph\":[{\"@type\":[\"WebPage\",\"ItemPage\"],\"@id\":\"https:\\\/\\\/www.mexicanguitarplayers.com\\\/tienda\\\/sin categor\u00eda\\\/reproductor-stanton-cd-mezclador-cm203\\\/\",\"url\":\"https:\\\/\\\/www.mexicanguitarplayers.com\\\/tienda\\\/sin categor\u00eda\\\/reproductor-stanton-cd-mezclador-cm203\\\/\",\"name\":\"REPRODUCTOR STANTON CD \\\/ MEZCLADOR CM203 - Mexican Guitar Players\",\"isPartOf\":{\"@id\":\"https:\\\/\\\/www.mexicanguitarplayers.com\\\/#website\"},\"primaryImageOfPage\":{\"@id\":\"https:\\\/\\\/www.mexicanguitarplayers.com\\\/tienda\\\/sin categor\u00eda\\\/reproductor-stanton-cd-mezclador-cm203\\\/#primaryimage\"},\"image\":{\"@id\":\"https:\\\/\\\/www.mexicanguitarplayers.com\\\/tienda\\\/sin categor\u00eda\\\/reproductor-stanton-cd-mezclador-cm203\\\/#primaryimage\"},\"thumbnailUrl\":\"https:\\\/\\\/www.mexicanguitarplayers.com\\\/wp-content\\\/uploads\\\/2025\\\/04\\\/IASTNCM203.jpg\",\"datePublished\":\"2025-04-08T14:26:49+00:00\",\"dateModified\":\"2026-01-22T10:22:16+00:00\",\"description\":\"Reproductor Stanton sencillo para CD. Modelo: CM.203. Pitch control de 8% con pitch bend. Fader start. Relay play. 2 entradas de l\u00ednea para conectar iPod, otrodispositivo de MP3 o m\u00e1s reproductores de CD. Ganancia y ecualizador de 3 bandas(+9\\\/-26) por canal. Crossfader reemplazable por el usuario. Entrada de micr\u00f3fono de 1\\\/4\u201d con control de volumen. Salida de aud\u00edfonos con cue pan. Listo para iPod.\",\"breadcrumb\":{\"@id\":\"https:\\\/\\\/www.mexicanguitarplayers.com\\\/tienda\\\/sin categor\u00eda\\\/reproductor-stanton-cd-mezclador-cm203\\\/#breadcrumb\"},\"inLanguage\":\"en-US\",\"potentialAction\":[{\"@type\":\"ReadAction\",\"target\":[\"https:\\\/\\\/www.mexicanguitarplayers.com\\\/tienda\\\/sin categor\u00eda\\\/reproductor-stanton-cd-mezclador-cm203\\\/\"]}]},{\"@type\":\"ImageObject\",\"inLanguage\":\"en-US\",\"@id\":\"https:\\\/\\\/www.mexicanguitarplayers.com\\\/tienda\\\/sin categor\u00eda\\\/reproductor-stanton-cd-mezclador-cm203\\\/#primaryimage\",\"url\":\"https:\\\/\\\/www.mexicanguitarplayers.com\\\/wp-content\\\/uploads\\\/2025\\\/04\\\/IASTNCM203.jpg\",\"contentUrl\":\"https:\\\/\\\/www.mexicanguitarplayers.com\\\/wp-content\\\/uploads\\\/2025\\\/04\\\/IASTNCM203.jpg\",\"width\":1600,\"height\":800},{\"@type\":\"BreadcrumbList\",\"@id\":\"https:\\\/\\\/www.mexicanguitarplayers.com\\\/tienda\\\/sin categor\u00eda\\\/reproductor-stanton-cd-mezclador-cm203\\\/#breadcrumb\",\"itemListElement\":[{\"@type\":\"ListItem\",\"position\":1,\"name\":\"Portada\",\"item\":\"https:\\\/\\\/www.mexicanguitarplayers.com\\\/\"},{\"@type\":\"ListItem\",\"position\":2,\"name\":\"Tienda\",\"item\":\"https:\\\/\\\/www.mexicanguitarplayers.com\\\/tienda\\\/\"},{\"@type\":\"ListItem\",\"position\":3,\"name\":\"REPRODUCTOR STANTON CD \\\/ MEZCLADOR CM203\"}]},{\"@type\":\"WebSite\",\"@id\":\"https:\\\/\\\/www.mexicanguitarplayers.com\\\/#website\",\"url\":\"https:\\\/\\\/www.mexicanguitarplayers.com\\\/\",\"name\":\"Mexican Guitar Players\",\"description\":\"Website\",\"publisher\":{\"@id\":\"https:\\\/\\\/www.mexicanguitarplayers.com\\\/#organization\"},\"potentialAction\":[{\"@type\":\"SearchAction\",\"target\":{\"@type\":\"EntryPoint\",\"urlTemplate\":\"https:\\\/\\\/www.mexicanguitarplayers.com\\\/?s={search_term_string}\"},\"query-input\":{\"@type\":\"PropertyValueSpecification\",\"valueRequired\":true,\"valueName\":\"search_term_string\"}}],\"inLanguage\":\"en-US\"},{\"@type\":\"Organization\",\"@id\":\"https:\\\/\\\/www.mexicanguitarplayers.com\\\/#organization\",\"name\":\"Mexican Guitar Players\",\"url\":\"https:\\\/\\\/www.mexicanguitarplayers.com\\\/\",\"logo\":{\"@type\":\"ImageObject\",\"inLanguage\":\"en-US\",\"@id\":\"https:\\\/\\\/www.mexicanguitarplayers.com\\\/#\\\/schema\\\/logo\\\/image\\\/\",\"url\":\"\",\"contentUrl\":\"\",\"caption\":\"Mexican Guitar Players\"},\"image\":{\"@id\":\"https:\\\/\\\/www.mexicanguitarplayers.com\\\/#\\\/schema\\\/logo\\\/image\\\/\"}}]}<\/script>\n<!-- \/ Yoast SEO plugin. -->","yoast_head_json":{"title":"REPRODUCTOR STANTON CD \/ MEZCLADOR CM203 - Mexican Guitar Players","description":"Reproductor Stanton sencillo para CD. Modelo: CM.203. Pitch control de 8% con pitch bend. Fader start. Relay play. 2 entradas de l\u00ednea para conectar iPod, otrodispositivo de MP3 o m\u00e1s reproductores de CD. Ganancia y ecualizador de 3 bandas(+9\/-26) por canal. Crossfader reemplazable por el usuario. Entrada de micr\u00f3fono de 1\/4\u201d con control de volumen. Salida de aud\u00edfonos con cue pan. Listo para iPod.","robots":{"index":"index","follow":"follow","max-snippet":"max-snippet:-1","max-image-preview":"max-image-preview:large","max-video-preview":"max-video-preview:-1"},"canonical":"https:\/\/www.mexicanguitarplayers.com\/en\/tienda\/sin categor\u00eda\/reproductor-stanton-cd-mezclador-cm203\/","og_locale":"en_US","og_type":"article","og_title":"REPRODUCTOR STANTON CD \/ MEZCLADOR CM203 - Mexican Guitar Players","og_description":"Reproductor Stanton sencillo para CD. Modelo: CM.203. Pitch control de 8% con pitch bend. Fader start. Relay play. 2 entradas de l\u00ednea para conectar iPod, otrodispositivo de MP3 o m\u00e1s reproductores de CD. Ganancia y ecualizador de 3 bandas(+9\/-26) por canal. Crossfader reemplazable por el usuario. Entrada de micr\u00f3fono de 1\/4\u201d con control de volumen. Salida de aud\u00edfonos con cue pan. Listo para iPod.","og_url":"https:\/\/www.mexicanguitarplayers.com\/en\/tienda\/sin categor\u00eda\/reproductor-stanton-cd-mezclador-cm203\/","og_site_name":"Mexican Guitar Players","article_modified_time":"2026-01-22T10:22:16+00:00","twitter_card":"summary_large_image","twitter_misc":{"Est. reading time":"2 minutes"},"schema":{"@context":"https:\/\/schema.org","@graph":[{"@type":["WebPage","ItemPage"],"@id":"https:\/\/www.mexicanguitarplayers.com\/tienda\/sin categor\u00eda\/reproductor-stanton-cd-mezclador-cm203\/","url":"https:\/\/www.mexicanguitarplayers.com\/tienda\/sin categor\u00eda\/reproductor-stanton-cd-mezclador-cm203\/","name":"REPRODUCTOR STANTON CD \/ MEZCLADOR CM203 - Mexican Guitar Players","isPartOf":{"@id":"https:\/\/www.mexicanguitarplayers.com\/#website"},"primaryImageOfPage":{"@id":"https:\/\/www.mexicanguitarplayers.com\/tienda\/sin categor\u00eda\/reproductor-stanton-cd-mezclador-cm203\/#primaryimage"},"image":{"@id":"https:\/\/www.mexicanguitarplayers.com\/tienda\/sin categor\u00eda\/reproductor-stanton-cd-mezclador-cm203\/#primaryimage"},"thumbnailUrl":"https:\/\/www.mexicanguitarplayers.com\/wp-content\/uploads\/2025\/04\/IASTNCM203.jpg","datePublished":"2025-04-08T14:26:49+00:00","dateModified":"2026-01-22T10:22:16+00:00","description":"Reproductor Stanton sencillo para CD. Modelo: CM.203. Pitch control de 8% con pitch bend. Fader start. Relay play. 2 entradas de l\u00ednea para conectar iPod, otrodispositivo de MP3 o m\u00e1s reproductores de CD. Ganancia y ecualizador de 3 bandas(+9\/-26) por canal. Crossfader reemplazable por el usuario. Entrada de micr\u00f3fono de 1\/4\u201d con control de volumen. Salida de aud\u00edfonos con cue pan. Listo para iPod.","breadcrumb":{"@id":"https:\/\/www.mexicanguitarplayers.com\/tienda\/sin categor\u00eda\/reproductor-stanton-cd-mezclador-cm203\/#breadcrumb"},"inLanguage":"en-US","potentialAction":[{"@type":"ReadAction","target":["https:\/\/www.mexicanguitarplayers.com\/tienda\/sin categor\u00eda\/reproductor-stanton-cd-mezclador-cm203\/"]}]},{"@type":"ImageObject","inLanguage":"en-US","@id":"https:\/\/www.mexicanguitarplayers.com\/tienda\/sin categor\u00eda\/reproductor-stanton-cd-mezclador-cm203\/#primaryimage","url":"https:\/\/www.mexicanguitarplayers.com\/wp-content\/uploads\/2025\/04\/IASTNCM203.jpg","contentUrl":"https:\/\/www.mexicanguitarplayers.com\/wp-content\/uploads\/2025\/04\/IASTNCM203.jpg","width":1600,"height":800},{"@type":"BreadcrumbList","@id":"https:\/\/www.mexicanguitarplayers.com\/tienda\/sin categor\u00eda\/reproductor-stanton-cd-mezclador-cm203\/#breadcrumb","itemListElement":[{"@type":"ListItem","position":1,"name":"Portada","item":"https:\/\/www.mexicanguitarplayers.com\/"},{"@type":"ListItem","position":2,"name":"Tienda","item":"https:\/\/www.mexicanguitarplayers.com\/tienda\/"},{"@type":"ListItem","position":3,"name":"REPRODUCTOR STANTON CD \/ MEZCLADOR CM203"}]},{"@type":"WebSite","@id":"https:\/\/www.mexicanguitarplayers.com\/#website","url":"https:\/\/www.mexicanguitarplayers.com\/","name":"Mexican Guitar Players","description":"Website","publisher":{"@id":"https:\/\/www.mexicanguitarplayers.com\/#organization"},"potentialAction":[{"@type":"SearchAction","target":{"@type":"EntryPoint","urlTemplate":"https:\/\/www.mexicanguitarplayers.com\/?s={search_term_string}"},"query-input":{"@type":"PropertyValueSpecification","valueRequired":true,"valueName":"search_term_string"}}],"inLanguage":"en-US"},{"@type":"Organization","@id":"https:\/\/www.mexicanguitarplayers.com\/#organization","name":"Mexican Guitar Players","url":"https:\/\/www.mexicanguitarplayers.com\/","logo":{"@type":"ImageObject","inLanguage":"en-US","@id":"https:\/\/www.mexicanguitarplayers.com\/#\/schema\/logo\/image\/","url":"","contentUrl":"","caption":"Mexican Guitar Players"},"image":{"@id":"https:\/\/www.mexicanguitarplayers.com\/#\/schema\/logo\/image\/"}}]}},"brands":[{"id":554,"name":"STANTON","slug":"stanton"}],"_links":{"self":[{"href":"https:\/\/www.mexicanguitarplayers.com\/en\/wp-json\/wp\/v2\/product\/28346","targetHints":{"allow":["GET"]}}],"collection":[{"href":"https:\/\/www.mexicanguitarplayers.com\/en\/wp-json\/wp\/v2\/product"}],"about":[{"href":"https:\/\/www.mexicanguitarplayers.com\/en\/wp-json\/wp\/v2\/types\/product"}],"replies":[{"embeddable":true,"href":"https:\/\/www.mexicanguitarplayers.com\/en\/wp-json\/wp\/v2\/comments?post=28346"}],"wp:featuredmedia":[{"embeddable":true,"href":"https:\/\/www.mexicanguitarplayers.com\/en\/wp-json\/wp\/v2\/media\/28345"}],"wp:attachment":[{"href":"https:\/\/www.mexicanguitarplayers.com\/en\/wp-json\/wp\/v2\/media?parent=28346"}],"wp:term":[{"taxonomy":"pwb-brand","embeddable":true,"href":"https:\/\/www.mexicanguitarplayers.com\/en\/wp-json\/wp\/v2\/pwb-brand?post=28346"},{"taxonomy":"product_brand","embeddable":true,"href":"https:\/\/www.mexicanguitarplayers.com\/en\/wp-json\/wp\/v2\/product_brand?post=28346"},{"taxonomy":"product_cat","embeddable":true,"href":"https:\/\/www.mexicanguitarplayers.com\/en\/wp-json\/wp\/v2\/product_cat?post=28346"},{"taxonomy":"product_tag","embeddable":true,"href":"https:\/\/www.mexicanguitarplayers.com\/en\/wp-json\/wp\/v2\/product_tag?post=28346"}],"curies":[{"name":"wp","href":"https:\/\/api.w.org\/{rel}","templated":true}]}}