{"id":28371,"date":"2025-04-08T08:27:25","date_gmt":"2025-04-08T14:27:25","guid":{"rendered":"https:\/\/www.mexicanguitarplayers.com\/tienda\/sin categor\u00eda\/microfono-behringer-mod-ta5212\/"},"modified":"2026-04-10T04:40:26","modified_gmt":"2026-04-10T10:40:26","slug":"microfono-behringer-mod-ta5212","status":"publish","type":"product","link":"https:\/\/www.mexicanguitarplayers.com\/en\/tienda\/audio\/microfonia\/microfonos-alambricos\/de-escritorio\/microfono-behringer-mod-ta5212\/","title":{"rendered":"MICROFONO BEHRINGER MOD. TA5212"},"content":{"rendered":"<div style=\"text-align: justify\">\n<div>\n<h3>MICROFONO BEHRINGER MOD. TA5212<\/h3>\n<\/div>\n<div>El TA5212 es un micr\u00f3fono de intercomunicaci\u00f3n profesional que garantiza vocales transparentes en un amplio rango din\u00e1mico, ideal para grabaciones o conferencias. Su patr\u00f3n polar supercardioide proporciona un aislamiento m\u00e1ximo del sonido ambiente, mientras que el filtro de corte bajo conmutable mejora la claridad vocal en entornos ruidosos. El dise\u00f1o especial del eje flexible del cuello de ganso permite un ajuste f\u00e1cil del &#8220;punto \u00f3ptimo&#8221; para una comunicaci\u00f3n sin esfuerzo. Adem\u00e1s, su instalaci\u00f3n r\u00e1pida con conector XLR hembra y mecanismo de bloqueo lo hace ideal para un uso diario sin complicaciones.<\/div>\n<div>\n<h4>Characteristics<\/h4>\n<\/div>\n<div>\n<ul style=\"margin: 0px 0px 0px 25px\">\n<li style=\"list-style-type: circle;margin: 5px\">Kind<\/li>\n<li style=\"list-style-type: circle;margin: 5px\">Respuesta frecuente<\/li>\n<li style=\"list-style-type: circle;margin: 5px\">Impedancia<\/li>\n<li style=\"list-style-type: circle;margin: 5px\">patr\u00f3n polar<\/li>\n<li style=\"list-style-type: circle;margin: 5px\">Sensibilidad<\/li>\n<li style=\"list-style-type: circle;margin: 5px\">Power supply<\/li>\n<\/ul>\n<\/div>\n<\/div>","protected":false},"excerpt":{"rendered":"<p>El TA5212 es un micr\u00f3fono de condensador profesional con cuello de ganso dise\u00f1ado para proyecciones vocales transparentes. Ideal como micr\u00f3fono de intercomunicaci\u00f3n en estudios, podios y conferencias, su caracter\u00edstica supercardioide proporciona un aislamiento m\u00e1ximo de otras fuentes de sonido. El eje flexible del cuello de ganso permite posicionarlo f\u00e1cilmente en el punto \u00f3ptimo para una calidad de sonido \u00f3ptima. Con un interruptor de atenuaci\u00f3n de baja frecuencia conmutable, garantiza grabaciones de voz claras. Adem\u00e1s, su construcci\u00f3n resistente de metal fundido garantiza durabilidad, mientras que el conector de salida XLR de 3 clavijas chapado en oro asegura la m\u00e1xima integridad de la se\u00f1al. Se incluye un filtro efectivo contra el ruido de viento y pop para una calidad de audio a\u00fan m\u00e1s limpia.&hellip; <a class=\"kt-excerpt-readmore more-link\" href=\"https:\/\/www.mexicanguitarplayers.com\/en\/tienda\/audio\/microfonia\/microfonos-alambricos\/de-escritorio\/microfono-behringer-mod-ta5212\/\">Read more<\/a><\/p>","protected":false},"featured_media":28362,"comment_status":"open","ping_status":"closed","template":"","meta":{"kt_blocks_editor_width":""},"pwb-brand":[171],"product_brand":[],"product_cat":[213,217,214,215],"product_tag":[],"class_list":{"0":"post-28371","1":"product","2":"type-product","3":"status-publish","4":"has-post-thumbnail","6":"pwb-brand-behringer","7":"product_cat-audio","8":"product_cat-de-escritorio","9":"product_cat-microfonia","10":"product_cat-microfonos-alambricos","11":"product_shipping_class-0-5-kg","13":"first","14":"outofstock","15":"taxable","16":"shipping-taxable","17":"purchasable","18":"product-type-simple"},"yoast_head":"<!-- This site is optimized with the Yoast SEO plugin v27.5 - https:\/\/yoast.com\/product\/yoast-seo-wordpress\/ -->\n<title>MICROFONO BEHRINGER MOD. TA5212 - Mexican Guitar Players<\/title>\n<meta name=\"description\" content=\"El TA5212 es un micr\u00f3fono de condensador profesional con cuello de ganso dise\u00f1ado para proyecciones vocales transparentes. Ideal como micr\u00f3fono de intercomunicaci\u00f3n en estudios, podios y conferencias, su caracter\u00edstica supercardioide proporciona un aislamiento m\u00e1ximo de otras fuentes de sonido. El eje flexible del cuello de ganso permite posicionarlo f\u00e1cilmente en el punto \u00f3ptimo para una calidad de sonido \u00f3ptima. Con un interruptor de atenuaci\u00f3n de baja frecuencia conmutable, garantiza grabaciones de voz claras. Adem\u00e1s, su construcci\u00f3n resistente de metal fundido garantiza durabilidad, mientras que el conector de salida XLR de 3 clavijas chapado en oro asegura la m\u00e1xima integridad de la se\u00f1al. Se incluye un filtro efectivo contra el ruido de viento y pop para una calidad de audio a\u00fan m\u00e1s limpia.\" \/>\n<meta name=\"robots\" content=\"index, follow, max-snippet:-1, max-image-preview:large, max-video-preview:-1\" \/>\n<link rel=\"canonical\" href=\"https:\/\/www.mexicanguitarplayers.com\/en\/tienda\/sin%20categor\u00eda\/microfono-behringer-mod-ta5212\/\" \/>\n<meta property=\"og:locale\" content=\"en_US\" \/>\n<meta property=\"og:type\" content=\"article\" \/>\n<meta property=\"og:title\" content=\"MICROFONO BEHRINGER MOD. TA5212 - Mexican Guitar Players\" \/>\n<meta property=\"og:description\" content=\"El TA5212 es un micr\u00f3fono de condensador profesional con cuello de ganso dise\u00f1ado para proyecciones vocales transparentes. Ideal como micr\u00f3fono de intercomunicaci\u00f3n en estudios, podios y conferencias, su caracter\u00edstica supercardioide proporciona un aislamiento m\u00e1ximo de otras fuentes de sonido. El eje flexible del cuello de ganso permite posicionarlo f\u00e1cilmente en el punto \u00f3ptimo para una calidad de sonido \u00f3ptima. Con un interruptor de atenuaci\u00f3n de baja frecuencia conmutable, garantiza grabaciones de voz claras. Adem\u00e1s, su construcci\u00f3n resistente de metal fundido garantiza durabilidad, mientras que el conector de salida XLR de 3 clavijas chapado en oro asegura la m\u00e1xima integridad de la se\u00f1al. Se incluye un filtro efectivo contra el ruido de viento y pop para una calidad de audio a\u00fan m\u00e1s limpia.\" \/>\n<meta property=\"og:url\" content=\"https:\/\/www.mexicanguitarplayers.com\/en\/tienda\/sin categor\u00eda\/microfono-behringer-mod-ta5212\/\" \/>\n<meta property=\"og:site_name\" content=\"Mexican Guitar Players\" \/>\n<meta property=\"article:modified_time\" content=\"2026-04-10T10:40:26+00:00\" \/>\n<meta name=\"twitter:card\" content=\"summary_large_image\" \/>\n<meta name=\"twitter:label1\" content=\"Est. reading time\" \/>\n\t<meta name=\"twitter:data1\" content=\"1 minute\" \/>\n<script type=\"application\/ld+json\" class=\"yoast-schema-graph\">{\"@context\":\"https:\\\/\\\/schema.org\",\"@graph\":[{\"@type\":[\"WebPage\",\"ItemPage\"],\"@id\":\"https:\\\/\\\/www.mexicanguitarplayers.com\\\/tienda\\\/sin categor\u00eda\\\/microfono-behringer-mod-ta5212\\\/\",\"url\":\"https:\\\/\\\/www.mexicanguitarplayers.com\\\/tienda\\\/sin categor\u00eda\\\/microfono-behringer-mod-ta5212\\\/\",\"name\":\"MICROFONO BEHRINGER MOD. TA5212 - Mexican Guitar Players\",\"isPartOf\":{\"@id\":\"https:\\\/\\\/www.mexicanguitarplayers.com\\\/#website\"},\"primaryImageOfPage\":{\"@id\":\"https:\\\/\\\/www.mexicanguitarplayers.com\\\/tienda\\\/sin categor\u00eda\\\/microfono-behringer-mod-ta5212\\\/#primaryimage\"},\"image\":{\"@id\":\"https:\\\/\\\/www.mexicanguitarplayers.com\\\/tienda\\\/sin categor\u00eda\\\/microfono-behringer-mod-ta5212\\\/#primaryimage\"},\"thumbnailUrl\":\"https:\\\/\\\/www.mexicanguitarplayers.com\\\/wp-content\\\/uploads\\\/2025\\\/04\\\/IABEHTA5212.png\",\"datePublished\":\"2025-04-08T14:27:25+00:00\",\"dateModified\":\"2026-04-10T10:40:26+00:00\",\"description\":\"El TA5212 es un micr\u00f3fono de condensador profesional con cuello de ganso dise\u00f1ado para proyecciones vocales transparentes. Ideal como micr\u00f3fono de intercomunicaci\u00f3n en estudios, podios y conferencias, su caracter\u00edstica supercardioide proporciona un aislamiento m\u00e1ximo de otras fuentes de sonido. El eje flexible del cuello de ganso permite posicionarlo f\u00e1cilmente en el punto \u00f3ptimo para una calidad de sonido \u00f3ptima. Con un interruptor de atenuaci\u00f3n de baja frecuencia conmutable, garantiza grabaciones de voz claras. Adem\u00e1s, su construcci\u00f3n resistente de metal fundido garantiza durabilidad, mientras que el conector de salida XLR de 3 clavijas chapado en oro asegura la m\u00e1xima integridad de la se\u00f1al. Se incluye un filtro efectivo contra el ruido de viento y pop para una calidad de audio a\u00fan m\u00e1s limpia.\",\"breadcrumb\":{\"@id\":\"https:\\\/\\\/www.mexicanguitarplayers.com\\\/tienda\\\/sin categor\u00eda\\\/microfono-behringer-mod-ta5212\\\/#breadcrumb\"},\"inLanguage\":\"en-US\",\"potentialAction\":[{\"@type\":\"ReadAction\",\"target\":[\"https:\\\/\\\/www.mexicanguitarplayers.com\\\/tienda\\\/sin categor\u00eda\\\/microfono-behringer-mod-ta5212\\\/\"]}]},{\"@type\":\"ImageObject\",\"inLanguage\":\"en-US\",\"@id\":\"https:\\\/\\\/www.mexicanguitarplayers.com\\\/tienda\\\/sin categor\u00eda\\\/microfono-behringer-mod-ta5212\\\/#primaryimage\",\"url\":\"https:\\\/\\\/www.mexicanguitarplayers.com\\\/wp-content\\\/uploads\\\/2025\\\/04\\\/IABEHTA5212.png\",\"contentUrl\":\"https:\\\/\\\/www.mexicanguitarplayers.com\\\/wp-content\\\/uploads\\\/2025\\\/04\\\/IABEHTA5212.png\",\"width\":800,\"height\":1600},{\"@type\":\"BreadcrumbList\",\"@id\":\"https:\\\/\\\/www.mexicanguitarplayers.com\\\/tienda\\\/sin categor\u00eda\\\/microfono-behringer-mod-ta5212\\\/#breadcrumb\",\"itemListElement\":[{\"@type\":\"ListItem\",\"position\":1,\"name\":\"Portada\",\"item\":\"https:\\\/\\\/www.mexicanguitarplayers.com\\\/\"},{\"@type\":\"ListItem\",\"position\":2,\"name\":\"Tienda\",\"item\":\"https:\\\/\\\/www.mexicanguitarplayers.com\\\/tienda\\\/\"},{\"@type\":\"ListItem\",\"position\":3,\"name\":\"MICROFONO BEHRINGER MOD. TA5212\"}]},{\"@type\":\"WebSite\",\"@id\":\"https:\\\/\\\/www.mexicanguitarplayers.com\\\/#website\",\"url\":\"https:\\\/\\\/www.mexicanguitarplayers.com\\\/\",\"name\":\"Mexican Guitar Players\",\"description\":\"Website\",\"publisher\":{\"@id\":\"https:\\\/\\\/www.mexicanguitarplayers.com\\\/#organization\"},\"potentialAction\":[{\"@type\":\"SearchAction\",\"target\":{\"@type\":\"EntryPoint\",\"urlTemplate\":\"https:\\\/\\\/www.mexicanguitarplayers.com\\\/?s={search_term_string}\"},\"query-input\":{\"@type\":\"PropertyValueSpecification\",\"valueRequired\":true,\"valueName\":\"search_term_string\"}}],\"inLanguage\":\"en-US\"},{\"@type\":\"Organization\",\"@id\":\"https:\\\/\\\/www.mexicanguitarplayers.com\\\/#organization\",\"name\":\"Mexican Guitar Players\",\"url\":\"https:\\\/\\\/www.mexicanguitarplayers.com\\\/\",\"logo\":{\"@type\":\"ImageObject\",\"inLanguage\":\"en-US\",\"@id\":\"https:\\\/\\\/www.mexicanguitarplayers.com\\\/#\\\/schema\\\/logo\\\/image\\\/\",\"url\":\"\",\"contentUrl\":\"\",\"caption\":\"Mexican Guitar Players\"},\"image\":{\"@id\":\"https:\\\/\\\/www.mexicanguitarplayers.com\\\/#\\\/schema\\\/logo\\\/image\\\/\"}}]}<\/script>\n<!-- \/ Yoast SEO plugin. -->","yoast_head_json":{"title":"MICROFONO BEHRINGER MOD. TA5212 - Mexican Guitar Players","description":"El TA5212 es un micr\u00f3fono de condensador profesional con cuello de ganso dise\u00f1ado para proyecciones vocales transparentes. Ideal como micr\u00f3fono de intercomunicaci\u00f3n en estudios, podios y conferencias, su caracter\u00edstica supercardioide proporciona un aislamiento m\u00e1ximo de otras fuentes de sonido. El eje flexible del cuello de ganso permite posicionarlo f\u00e1cilmente en el punto \u00f3ptimo para una calidad de sonido \u00f3ptima. Con un interruptor de atenuaci\u00f3n de baja frecuencia conmutable, garantiza grabaciones de voz claras. Adem\u00e1s, su construcci\u00f3n resistente de metal fundido garantiza durabilidad, mientras que el conector de salida XLR de 3 clavijas chapado en oro asegura la m\u00e1xima integridad de la se\u00f1al. Se incluye un filtro efectivo contra el ruido de viento y pop para una calidad de audio a\u00fan m\u00e1s limpia.","robots":{"index":"index","follow":"follow","max-snippet":"max-snippet:-1","max-image-preview":"max-image-preview:large","max-video-preview":"max-video-preview:-1"},"canonical":"https:\/\/www.mexicanguitarplayers.com\/en\/tienda\/sin categor\u00eda\/microfono-behringer-mod-ta5212\/","og_locale":"en_US","og_type":"article","og_title":"MICROFONO BEHRINGER MOD. TA5212 - Mexican Guitar Players","og_description":"El TA5212 es un micr\u00f3fono de condensador profesional con cuello de ganso dise\u00f1ado para proyecciones vocales transparentes. Ideal como micr\u00f3fono de intercomunicaci\u00f3n en estudios, podios y conferencias, su caracter\u00edstica supercardioide proporciona un aislamiento m\u00e1ximo de otras fuentes de sonido. El eje flexible del cuello de ganso permite posicionarlo f\u00e1cilmente en el punto \u00f3ptimo para una calidad de sonido \u00f3ptima. Con un interruptor de atenuaci\u00f3n de baja frecuencia conmutable, garantiza grabaciones de voz claras. Adem\u00e1s, su construcci\u00f3n resistente de metal fundido garantiza durabilidad, mientras que el conector de salida XLR de 3 clavijas chapado en oro asegura la m\u00e1xima integridad de la se\u00f1al. Se incluye un filtro efectivo contra el ruido de viento y pop para una calidad de audio a\u00fan m\u00e1s limpia.","og_url":"https:\/\/www.mexicanguitarplayers.com\/en\/tienda\/sin categor\u00eda\/microfono-behringer-mod-ta5212\/","og_site_name":"Mexican Guitar Players","article_modified_time":"2026-04-10T10:40:26+00:00","twitter_card":"summary_large_image","twitter_misc":{"Est. reading time":"1 minute"},"schema":{"@context":"https:\/\/schema.org","@graph":[{"@type":["WebPage","ItemPage"],"@id":"https:\/\/www.mexicanguitarplayers.com\/tienda\/sin categor\u00eda\/microfono-behringer-mod-ta5212\/","url":"https:\/\/www.mexicanguitarplayers.com\/tienda\/sin categor\u00eda\/microfono-behringer-mod-ta5212\/","name":"MICROFONO BEHRINGER MOD. TA5212 - Mexican Guitar Players","isPartOf":{"@id":"https:\/\/www.mexicanguitarplayers.com\/#website"},"primaryImageOfPage":{"@id":"https:\/\/www.mexicanguitarplayers.com\/tienda\/sin categor\u00eda\/microfono-behringer-mod-ta5212\/#primaryimage"},"image":{"@id":"https:\/\/www.mexicanguitarplayers.com\/tienda\/sin categor\u00eda\/microfono-behringer-mod-ta5212\/#primaryimage"},"thumbnailUrl":"https:\/\/www.mexicanguitarplayers.com\/wp-content\/uploads\/2025\/04\/IABEHTA5212.png","datePublished":"2025-04-08T14:27:25+00:00","dateModified":"2026-04-10T10:40:26+00:00","description":"El TA5212 es un micr\u00f3fono de condensador profesional con cuello de ganso dise\u00f1ado para proyecciones vocales transparentes. Ideal como micr\u00f3fono de intercomunicaci\u00f3n en estudios, podios y conferencias, su caracter\u00edstica supercardioide proporciona un aislamiento m\u00e1ximo de otras fuentes de sonido. El eje flexible del cuello de ganso permite posicionarlo f\u00e1cilmente en el punto \u00f3ptimo para una calidad de sonido \u00f3ptima. Con un interruptor de atenuaci\u00f3n de baja frecuencia conmutable, garantiza grabaciones de voz claras. Adem\u00e1s, su construcci\u00f3n resistente de metal fundido garantiza durabilidad, mientras que el conector de salida XLR de 3 clavijas chapado en oro asegura la m\u00e1xima integridad de la se\u00f1al. Se incluye un filtro efectivo contra el ruido de viento y pop para una calidad de audio a\u00fan m\u00e1s limpia.","breadcrumb":{"@id":"https:\/\/www.mexicanguitarplayers.com\/tienda\/sin categor\u00eda\/microfono-behringer-mod-ta5212\/#breadcrumb"},"inLanguage":"en-US","potentialAction":[{"@type":"ReadAction","target":["https:\/\/www.mexicanguitarplayers.com\/tienda\/sin categor\u00eda\/microfono-behringer-mod-ta5212\/"]}]},{"@type":"ImageObject","inLanguage":"en-US","@id":"https:\/\/www.mexicanguitarplayers.com\/tienda\/sin categor\u00eda\/microfono-behringer-mod-ta5212\/#primaryimage","url":"https:\/\/www.mexicanguitarplayers.com\/wp-content\/uploads\/2025\/04\/IABEHTA5212.png","contentUrl":"https:\/\/www.mexicanguitarplayers.com\/wp-content\/uploads\/2025\/04\/IABEHTA5212.png","width":800,"height":1600},{"@type":"BreadcrumbList","@id":"https:\/\/www.mexicanguitarplayers.com\/tienda\/sin categor\u00eda\/microfono-behringer-mod-ta5212\/#breadcrumb","itemListElement":[{"@type":"ListItem","position":1,"name":"Portada","item":"https:\/\/www.mexicanguitarplayers.com\/"},{"@type":"ListItem","position":2,"name":"Tienda","item":"https:\/\/www.mexicanguitarplayers.com\/tienda\/"},{"@type":"ListItem","position":3,"name":"MICROFONO BEHRINGER MOD. TA5212"}]},{"@type":"WebSite","@id":"https:\/\/www.mexicanguitarplayers.com\/#website","url":"https:\/\/www.mexicanguitarplayers.com\/","name":"Mexican Guitar Players","description":"Website","publisher":{"@id":"https:\/\/www.mexicanguitarplayers.com\/#organization"},"potentialAction":[{"@type":"SearchAction","target":{"@type":"EntryPoint","urlTemplate":"https:\/\/www.mexicanguitarplayers.com\/?s={search_term_string}"},"query-input":{"@type":"PropertyValueSpecification","valueRequired":true,"valueName":"search_term_string"}}],"inLanguage":"en-US"},{"@type":"Organization","@id":"https:\/\/www.mexicanguitarplayers.com\/#organization","name":"Mexican Guitar Players","url":"https:\/\/www.mexicanguitarplayers.com\/","logo":{"@type":"ImageObject","inLanguage":"en-US","@id":"https:\/\/www.mexicanguitarplayers.com\/#\/schema\/logo\/image\/","url":"","contentUrl":"","caption":"Mexican Guitar Players"},"image":{"@id":"https:\/\/www.mexicanguitarplayers.com\/#\/schema\/logo\/image\/"}}]}},"brands":[{"id":171,"name":"BEHRINGER","slug":"behringer"}],"_links":{"self":[{"href":"https:\/\/www.mexicanguitarplayers.com\/en\/wp-json\/wp\/v2\/product\/28371","targetHints":{"allow":["GET"]}}],"collection":[{"href":"https:\/\/www.mexicanguitarplayers.com\/en\/wp-json\/wp\/v2\/product"}],"about":[{"href":"https:\/\/www.mexicanguitarplayers.com\/en\/wp-json\/wp\/v2\/types\/product"}],"replies":[{"embeddable":true,"href":"https:\/\/www.mexicanguitarplayers.com\/en\/wp-json\/wp\/v2\/comments?post=28371"}],"wp:featuredmedia":[{"embeddable":true,"href":"https:\/\/www.mexicanguitarplayers.com\/en\/wp-json\/wp\/v2\/media\/28362"}],"wp:attachment":[{"href":"https:\/\/www.mexicanguitarplayers.com\/en\/wp-json\/wp\/v2\/media?parent=28371"}],"wp:term":[{"taxonomy":"pwb-brand","embeddable":true,"href":"https:\/\/www.mexicanguitarplayers.com\/en\/wp-json\/wp\/v2\/pwb-brand?post=28371"},{"taxonomy":"product_brand","embeddable":true,"href":"https:\/\/www.mexicanguitarplayers.com\/en\/wp-json\/wp\/v2\/product_brand?post=28371"},{"taxonomy":"product_cat","embeddable":true,"href":"https:\/\/www.mexicanguitarplayers.com\/en\/wp-json\/wp\/v2\/product_cat?post=28371"},{"taxonomy":"product_tag","embeddable":true,"href":"https:\/\/www.mexicanguitarplayers.com\/en\/wp-json\/wp\/v2\/product_tag?post=28371"}],"curies":[{"name":"wp","href":"https:\/\/api.w.org\/{rel}","templated":true}]}}