{"id":28406,"date":"2025-04-08T08:28:40","date_gmt":"2025-04-08T14:28:40","guid":{"rendered":"https:\/\/www.mexicanguitarplayers.com\/tienda\/sin categor\u00eda\/guitarra-mars-electrica-mod-archtop\/"},"modified":"2026-05-01T07:26:46","modified_gmt":"2026-05-01T13:26:46","slug":"guitarra-mars-electrica-mod-archtop","status":"publish","type":"product","link":"https:\/\/www.mexicanguitarplayers.com\/en\/tienda\/cuerdas\/guitarras-cuerdas\/electricas\/guitarras-electricas-semisolidas\/guitarra-mars-electrica-mod-archtop\/","title":{"rendered":"GUITARRA MARS ELECTRICA MOD. ARCHTOP"},"content":{"rendered":"<div style=\"text-align: justify\">\n<div>\n<h3>Guitarra Vers\u00e1til de Estilo Cl\u00e1sico: Descubre la Single Cutaway Arch Top<\/h3>\n<\/div>\n<div>Descubre la guitarra ideal para expresar tu estilo con precisi\u00f3n y versatilidad. Equipada con un m\u00e1stil de arce Modern C y diapas\u00f3n de palisandro, ofrece una jugabilidad c\u00f3moda y \u00e1gil. Su cuerpo Single Cutaway Arch Top de abeto laminado y arce brinda un tono c\u00e1lido y resonante. Con dos humbuckers cer\u00e1micos, proporciona desde tonos suaves hasta distorsiones potentes. El puente Trapeze Tail asegura estabilidad y sustain, mientras que los controles de volumen y tono, m\u00e1s un selector de 3 posiciones, permiten ajustar el sonido con precisi\u00f3n. Disponible en Violin Sunburst (VIS) y Cherry Sunburst (CSU), es la elecci\u00f3n perfecta para m\u00fasicos exigentes.<\/div>\n<div>\n<h4>Quick look<\/h4>\n<\/div>\n<ul style=\"margin: 0px 0px 0px 25px\">\n<li style=\"list-style-type: circle;margin: 5px\">Variantes<\/li>\n<li style=\"list-style-type: circle;margin: 5px\">Mark<\/li>\n<li style=\"list-style-type: circle;margin: 5px\">Cable<\/li>\n<li style=\"list-style-type: circle;margin: 5px\">Controls<\/li>\n<li style=\"list-style-type: circle;margin: 5px\">Ensamble<\/li>\n<li style=\"list-style-type: circle;margin: 5px\">Wrench<\/li>\n<li style=\"list-style-type: circle;margin: 5px\">Maquinaria<\/li>\n<li style=\"list-style-type: circle;margin: 5px\">Pickups<\/li>\n<li style=\"list-style-type: circle;margin: 5px\">Puente<\/li>\n<li style=\"list-style-type: circle;margin: 5px\">Selector<\/li>\n<li style=\"list-style-type: circle;margin: 5px\">Kind<\/li>\n<li style=\"list-style-type: circle;margin: 5px\">Frets<\/li>\n<\/ul>\n<div>\n<div style=\"font-weight: bold\">Variantes<\/div>\n<div>\n<p>VIOLIN SUNBURST, VINTAGE SUNBURST<\/p>\n<\/div>\n<div style=\"font-weight: bold\">Mark<\/div>\n<div>\n<p>MARS<\/p>\n<\/div>\n<div style=\"font-weight: bold\">Cable<\/div>\n<div>\n<p>YES<\/p>\n<\/div>\n<div style=\"font-weight: bold\">Controls<\/div>\n<div>\n<p>2 VOL + 2 TONOS<\/p>\n<\/div>\n<div style=\"font-weight: bold\">Ensamble<\/div>\n<div>\n<p>SET IN<\/p>\n<\/div>\n<div style=\"font-weight: bold\">Wrench<\/div>\n<div>\n<p>YES<\/p>\n<\/div>\n<div style=\"font-weight: bold\">Maquinaria<\/div>\n<div>\n<p>VINTAGE<\/p>\n<\/div>\n<div style=\"font-weight: bold\">Pickups<\/div>\n<div>\n<p>2 HB<\/p>\n<\/div>\n<div style=\"font-weight: bold\">Puente<\/div>\n<div>\n<p>STOPTAIL PRS<\/p>\n<\/div>\n<div style=\"font-weight: bold\">Selector<\/div>\n<div>\n<p>3 POSICIONES<\/p>\n<\/div>\n<div style=\"font-weight: bold\">Kind<\/div>\n<div>\n<p>SEMISOLIDA<\/p>\n<\/div>\n<div style=\"font-weight: bold\">Frets<\/div>\n<div>\n<p>22<\/p>\n<\/div>\n<\/div>\n<\/div>","protected":false},"excerpt":{"rendered":"<p>Single Cutaway Arch Top, guitarra de estilo cl\u00e1sico que combina elegancia y versatilidad. Con un m\u00e1stil de arce Modern C y un diapas\u00f3n de palisandro, ofrece una jugabilidad c\u00f3moda y \u00e1gil. Su cuerpo de abeto laminado y arce produce un tono c\u00e1lido y resonante. Equipado con dos pastillas humbuckers cer\u00e1micas, brinda desde tonos suaves hasta distorsiones potentes. El puente Trapeze Tail asegura estabilidad y sustain, mientras que los controles de volumen, tono y el selector de 3 posiciones permiten una personalizaci\u00f3n precisa del sonido. Disponible en Violin Sunburst (VIS) y Cherry Sunburst (CSU), es ideal para m\u00fasicos que buscan calidad y estilo.&hellip; <a class=\"kt-excerpt-readmore more-link\" href=\"https:\/\/www.mexicanguitarplayers.com\/en\/tienda\/cuerdas\/guitarras-cuerdas\/electricas\/guitarras-electricas-semisolidas\/guitarra-mars-electrica-mod-archtop\/\">Read more<\/a><\/p>","protected":false},"featured_media":28389,"comment_status":"open","ping_status":"closed","template":"","meta":{"kt_blocks_editor_width":""},"pwb-brand":[332],"product_brand":[],"product_cat":[224,313,312,334],"product_tag":[],"class_list":{"0":"post-28406","1":"product","2":"type-product","3":"status-publish","4":"has-post-thumbnail","6":"pwb-brand-mars","7":"product_cat-cuerdas","8":"product_cat-electricas","9":"product_cat-guitarras-cuerdas","10":"product_cat-guitarras-electricas-semisolidas","11":"product_shipping_class-0-5-kg","13":"first","14":"instock","15":"taxable","16":"shipping-taxable","17":"purchasable","18":"product-type-simple"},"yoast_head":"<!-- This site is optimized with the Yoast SEO plugin v27.6 - https:\/\/yoast.com\/product\/yoast-seo-wordpress\/ -->\n<title>GUITARRA MARS ELECTRICA MOD. ARCHTOP - Mexican Guitar Players<\/title>\n<meta name=\"description\" content=\"Single Cutaway Arch Top, guitarra de estilo cl\u00e1sico que combina elegancia y versatilidad. Con un m\u00e1stil de arce Modern C y un diapas\u00f3n de palisandro, ofrece una jugabilidad c\u00f3moda y \u00e1gil. Su cuerpo de abeto laminado y arce produce un tono c\u00e1lido y resonante. Equipado con dos pastillas humbuckers cer\u00e1micas, brinda desde tonos suaves hasta distorsiones potentes. El puente Trapeze Tail asegura estabilidad y sustain, mientras que los controles de volumen, tono y el selector de 3 posiciones permiten una personalizaci\u00f3n precisa del sonido. Disponible en Violin Sunburst (VIS) y Cherry Sunburst (CSU), es ideal para m\u00fasicos que buscan calidad y estilo.\" \/>\n<meta name=\"robots\" content=\"index, follow, max-snippet:-1, max-image-preview:large, max-video-preview:-1\" \/>\n<link rel=\"canonical\" href=\"https:\/\/www.mexicanguitarplayers.com\/en\/tienda\/sin%20categor\u00eda\/guitarra-mars-electrica-mod-archtop\/\" \/>\n<meta property=\"og:locale\" content=\"en_US\" \/>\n<meta property=\"og:type\" content=\"article\" \/>\n<meta property=\"og:title\" content=\"GUITARRA MARS ELECTRICA MOD. ARCHTOP - Mexican Guitar Players\" \/>\n<meta property=\"og:description\" content=\"Single Cutaway Arch Top, guitarra de estilo cl\u00e1sico que combina elegancia y versatilidad. Con un m\u00e1stil de arce Modern C y un diapas\u00f3n de palisandro, ofrece una jugabilidad c\u00f3moda y \u00e1gil. Su cuerpo de abeto laminado y arce produce un tono c\u00e1lido y resonante. Equipado con dos pastillas humbuckers cer\u00e1micas, brinda desde tonos suaves hasta distorsiones potentes. El puente Trapeze Tail asegura estabilidad y sustain, mientras que los controles de volumen, tono y el selector de 3 posiciones permiten una personalizaci\u00f3n precisa del sonido. Disponible en Violin Sunburst (VIS) y Cherry Sunburst (CSU), es ideal para m\u00fasicos que buscan calidad y estilo.\" \/>\n<meta property=\"og:url\" content=\"https:\/\/www.mexicanguitarplayers.com\/en\/tienda\/sin categor\u00eda\/guitarra-mars-electrica-mod-archtop\/\" \/>\n<meta property=\"og:site_name\" content=\"Mexican Guitar Players\" \/>\n<meta property=\"article:modified_time\" content=\"2026-05-01T13:26:46+00:00\" \/>\n<meta name=\"twitter:card\" content=\"summary_large_image\" \/>\n<meta name=\"twitter:label1\" content=\"Est. reading time\" \/>\n\t<meta name=\"twitter:data1\" content=\"1 minute\" \/>\n<script type=\"application\/ld+json\" class=\"yoast-schema-graph\">{\"@context\":\"https:\\\/\\\/schema.org\",\"@graph\":[{\"@type\":[\"WebPage\",\"ItemPage\"],\"@id\":\"https:\\\/\\\/www.mexicanguitarplayers.com\\\/tienda\\\/sin categor\u00eda\\\/guitarra-mars-electrica-mod-archtop\\\/\",\"url\":\"https:\\\/\\\/www.mexicanguitarplayers.com\\\/tienda\\\/sin categor\u00eda\\\/guitarra-mars-electrica-mod-archtop\\\/\",\"name\":\"GUITARRA MARS ELECTRICA MOD. ARCHTOP - Mexican Guitar Players\",\"isPartOf\":{\"@id\":\"https:\\\/\\\/www.mexicanguitarplayers.com\\\/#website\"},\"primaryImageOfPage\":{\"@id\":\"https:\\\/\\\/www.mexicanguitarplayers.com\\\/tienda\\\/sin categor\u00eda\\\/guitarra-mars-electrica-mod-archtop\\\/#primaryimage\"},\"image\":{\"@id\":\"https:\\\/\\\/www.mexicanguitarplayers.com\\\/tienda\\\/sin categor\u00eda\\\/guitarra-mars-electrica-mod-archtop\\\/#primaryimage\"},\"thumbnailUrl\":\"https:\\\/\\\/www.mexicanguitarplayers.com\\\/wp-content\\\/uploads\\\/2025\\\/04\\\/ISMASARCHTOP.jpg\",\"datePublished\":\"2025-04-08T14:28:40+00:00\",\"dateModified\":\"2026-05-01T13:26:46+00:00\",\"description\":\"Single Cutaway Arch Top, guitarra de estilo cl\u00e1sico que combina elegancia y versatilidad. Con un m\u00e1stil de arce Modern C y un diapas\u00f3n de palisandro, ofrece una jugabilidad c\u00f3moda y \u00e1gil. Su cuerpo de abeto laminado y arce produce un tono c\u00e1lido y resonante. Equipado con dos pastillas humbuckers cer\u00e1micas, brinda desde tonos suaves hasta distorsiones potentes. El puente Trapeze Tail asegura estabilidad y sustain, mientras que los controles de volumen, tono y el selector de 3 posiciones permiten una personalizaci\u00f3n precisa del sonido. Disponible en Violin Sunburst (VIS) y Cherry Sunburst (CSU), es ideal para m\u00fasicos que buscan calidad y estilo.\",\"breadcrumb\":{\"@id\":\"https:\\\/\\\/www.mexicanguitarplayers.com\\\/tienda\\\/sin categor\u00eda\\\/guitarra-mars-electrica-mod-archtop\\\/#breadcrumb\"},\"inLanguage\":\"en-US\",\"potentialAction\":[{\"@type\":\"ReadAction\",\"target\":[\"https:\\\/\\\/www.mexicanguitarplayers.com\\\/tienda\\\/sin categor\u00eda\\\/guitarra-mars-electrica-mod-archtop\\\/\"]}]},{\"@type\":\"ImageObject\",\"inLanguage\":\"en-US\",\"@id\":\"https:\\\/\\\/www.mexicanguitarplayers.com\\\/tienda\\\/sin categor\u00eda\\\/guitarra-mars-electrica-mod-archtop\\\/#primaryimage\",\"url\":\"https:\\\/\\\/www.mexicanguitarplayers.com\\\/wp-content\\\/uploads\\\/2025\\\/04\\\/ISMASARCHTOP.jpg\",\"contentUrl\":\"https:\\\/\\\/www.mexicanguitarplayers.com\\\/wp-content\\\/uploads\\\/2025\\\/04\\\/ISMASARCHTOP.jpg\",\"width\":800,\"height\":1600},{\"@type\":\"BreadcrumbList\",\"@id\":\"https:\\\/\\\/www.mexicanguitarplayers.com\\\/tienda\\\/sin categor\u00eda\\\/guitarra-mars-electrica-mod-archtop\\\/#breadcrumb\",\"itemListElement\":[{\"@type\":\"ListItem\",\"position\":1,\"name\":\"Portada\",\"item\":\"https:\\\/\\\/www.mexicanguitarplayers.com\\\/\"},{\"@type\":\"ListItem\",\"position\":2,\"name\":\"Tienda\",\"item\":\"https:\\\/\\\/www.mexicanguitarplayers.com\\\/tienda\\\/\"},{\"@type\":\"ListItem\",\"position\":3,\"name\":\"GUITARRA MARS ELECTRICA MOD. ARCHTOP\"}]},{\"@type\":\"WebSite\",\"@id\":\"https:\\\/\\\/www.mexicanguitarplayers.com\\\/#website\",\"url\":\"https:\\\/\\\/www.mexicanguitarplayers.com\\\/\",\"name\":\"Mexican Guitar Players\",\"description\":\"Website\",\"publisher\":{\"@id\":\"https:\\\/\\\/www.mexicanguitarplayers.com\\\/#organization\"},\"potentialAction\":[{\"@type\":\"SearchAction\",\"target\":{\"@type\":\"EntryPoint\",\"urlTemplate\":\"https:\\\/\\\/www.mexicanguitarplayers.com\\\/?s={search_term_string}\"},\"query-input\":{\"@type\":\"PropertyValueSpecification\",\"valueRequired\":true,\"valueName\":\"search_term_string\"}}],\"inLanguage\":\"en-US\"},{\"@type\":\"Organization\",\"@id\":\"https:\\\/\\\/www.mexicanguitarplayers.com\\\/#organization\",\"name\":\"Mexican Guitar Players\",\"url\":\"https:\\\/\\\/www.mexicanguitarplayers.com\\\/\",\"logo\":{\"@type\":\"ImageObject\",\"inLanguage\":\"en-US\",\"@id\":\"https:\\\/\\\/www.mexicanguitarplayers.com\\\/#\\\/schema\\\/logo\\\/image\\\/\",\"url\":\"\",\"contentUrl\":\"\",\"caption\":\"Mexican Guitar Players\"},\"image\":{\"@id\":\"https:\\\/\\\/www.mexicanguitarplayers.com\\\/#\\\/schema\\\/logo\\\/image\\\/\"}}]}<\/script>\n<!-- \/ Yoast SEO plugin. -->","yoast_head_json":{"title":"GUITARRA MARS ELECTRICA MOD. ARCHTOP - Mexican Guitar Players","description":"Single Cutaway Arch Top, guitarra de estilo cl\u00e1sico que combina elegancia y versatilidad. Con un m\u00e1stil de arce Modern C y un diapas\u00f3n de palisandro, ofrece una jugabilidad c\u00f3moda y \u00e1gil. Su cuerpo de abeto laminado y arce produce un tono c\u00e1lido y resonante. Equipado con dos pastillas humbuckers cer\u00e1micas, brinda desde tonos suaves hasta distorsiones potentes. El puente Trapeze Tail asegura estabilidad y sustain, mientras que los controles de volumen, tono y el selector de 3 posiciones permiten una personalizaci\u00f3n precisa del sonido. Disponible en Violin Sunburst (VIS) y Cherry Sunburst (CSU), es ideal para m\u00fasicos que buscan calidad y estilo.","robots":{"index":"index","follow":"follow","max-snippet":"max-snippet:-1","max-image-preview":"max-image-preview:large","max-video-preview":"max-video-preview:-1"},"canonical":"https:\/\/www.mexicanguitarplayers.com\/en\/tienda\/sin categor\u00eda\/guitarra-mars-electrica-mod-archtop\/","og_locale":"en_US","og_type":"article","og_title":"GUITARRA MARS ELECTRICA MOD. ARCHTOP - Mexican Guitar Players","og_description":"Single Cutaway Arch Top, guitarra de estilo cl\u00e1sico que combina elegancia y versatilidad. Con un m\u00e1stil de arce Modern C y un diapas\u00f3n de palisandro, ofrece una jugabilidad c\u00f3moda y \u00e1gil. Su cuerpo de abeto laminado y arce produce un tono c\u00e1lido y resonante. Equipado con dos pastillas humbuckers cer\u00e1micas, brinda desde tonos suaves hasta distorsiones potentes. El puente Trapeze Tail asegura estabilidad y sustain, mientras que los controles de volumen, tono y el selector de 3 posiciones permiten una personalizaci\u00f3n precisa del sonido. Disponible en Violin Sunburst (VIS) y Cherry Sunburst (CSU), es ideal para m\u00fasicos que buscan calidad y estilo.","og_url":"https:\/\/www.mexicanguitarplayers.com\/en\/tienda\/sin categor\u00eda\/guitarra-mars-electrica-mod-archtop\/","og_site_name":"Mexican Guitar Players","article_modified_time":"2026-05-01T13:26:46+00:00","twitter_card":"summary_large_image","twitter_misc":{"Est. reading time":"1 minute"},"schema":{"@context":"https:\/\/schema.org","@graph":[{"@type":["WebPage","ItemPage"],"@id":"https:\/\/www.mexicanguitarplayers.com\/tienda\/sin categor\u00eda\/guitarra-mars-electrica-mod-archtop\/","url":"https:\/\/www.mexicanguitarplayers.com\/tienda\/sin categor\u00eda\/guitarra-mars-electrica-mod-archtop\/","name":"GUITARRA MARS ELECTRICA MOD. ARCHTOP - Mexican Guitar Players","isPartOf":{"@id":"https:\/\/www.mexicanguitarplayers.com\/#website"},"primaryImageOfPage":{"@id":"https:\/\/www.mexicanguitarplayers.com\/tienda\/sin categor\u00eda\/guitarra-mars-electrica-mod-archtop\/#primaryimage"},"image":{"@id":"https:\/\/www.mexicanguitarplayers.com\/tienda\/sin categor\u00eda\/guitarra-mars-electrica-mod-archtop\/#primaryimage"},"thumbnailUrl":"https:\/\/www.mexicanguitarplayers.com\/wp-content\/uploads\/2025\/04\/ISMASARCHTOP.jpg","datePublished":"2025-04-08T14:28:40+00:00","dateModified":"2026-05-01T13:26:46+00:00","description":"Single Cutaway Arch Top, guitarra de estilo cl\u00e1sico que combina elegancia y versatilidad. Con un m\u00e1stil de arce Modern C y un diapas\u00f3n de palisandro, ofrece una jugabilidad c\u00f3moda y \u00e1gil. Su cuerpo de abeto laminado y arce produce un tono c\u00e1lido y resonante. Equipado con dos pastillas humbuckers cer\u00e1micas, brinda desde tonos suaves hasta distorsiones potentes. El puente Trapeze Tail asegura estabilidad y sustain, mientras que los controles de volumen, tono y el selector de 3 posiciones permiten una personalizaci\u00f3n precisa del sonido. Disponible en Violin Sunburst (VIS) y Cherry Sunburst (CSU), es ideal para m\u00fasicos que buscan calidad y estilo.","breadcrumb":{"@id":"https:\/\/www.mexicanguitarplayers.com\/tienda\/sin categor\u00eda\/guitarra-mars-electrica-mod-archtop\/#breadcrumb"},"inLanguage":"en-US","potentialAction":[{"@type":"ReadAction","target":["https:\/\/www.mexicanguitarplayers.com\/tienda\/sin categor\u00eda\/guitarra-mars-electrica-mod-archtop\/"]}]},{"@type":"ImageObject","inLanguage":"en-US","@id":"https:\/\/www.mexicanguitarplayers.com\/tienda\/sin categor\u00eda\/guitarra-mars-electrica-mod-archtop\/#primaryimage","url":"https:\/\/www.mexicanguitarplayers.com\/wp-content\/uploads\/2025\/04\/ISMASARCHTOP.jpg","contentUrl":"https:\/\/www.mexicanguitarplayers.com\/wp-content\/uploads\/2025\/04\/ISMASARCHTOP.jpg","width":800,"height":1600},{"@type":"BreadcrumbList","@id":"https:\/\/www.mexicanguitarplayers.com\/tienda\/sin categor\u00eda\/guitarra-mars-electrica-mod-archtop\/#breadcrumb","itemListElement":[{"@type":"ListItem","position":1,"name":"Portada","item":"https:\/\/www.mexicanguitarplayers.com\/"},{"@type":"ListItem","position":2,"name":"Tienda","item":"https:\/\/www.mexicanguitarplayers.com\/tienda\/"},{"@type":"ListItem","position":3,"name":"GUITARRA MARS ELECTRICA MOD. ARCHTOP"}]},{"@type":"WebSite","@id":"https:\/\/www.mexicanguitarplayers.com\/#website","url":"https:\/\/www.mexicanguitarplayers.com\/","name":"Mexican Guitar Players","description":"Website","publisher":{"@id":"https:\/\/www.mexicanguitarplayers.com\/#organization"},"potentialAction":[{"@type":"SearchAction","target":{"@type":"EntryPoint","urlTemplate":"https:\/\/www.mexicanguitarplayers.com\/?s={search_term_string}"},"query-input":{"@type":"PropertyValueSpecification","valueRequired":true,"valueName":"search_term_string"}}],"inLanguage":"en-US"},{"@type":"Organization","@id":"https:\/\/www.mexicanguitarplayers.com\/#organization","name":"Mexican Guitar Players","url":"https:\/\/www.mexicanguitarplayers.com\/","logo":{"@type":"ImageObject","inLanguage":"en-US","@id":"https:\/\/www.mexicanguitarplayers.com\/#\/schema\/logo\/image\/","url":"","contentUrl":"","caption":"Mexican Guitar Players"},"image":{"@id":"https:\/\/www.mexicanguitarplayers.com\/#\/schema\/logo\/image\/"}}]}},"brands":[{"id":332,"name":"MARS","slug":"mars"}],"_links":{"self":[{"href":"https:\/\/www.mexicanguitarplayers.com\/en\/wp-json\/wp\/v2\/product\/28406","targetHints":{"allow":["GET"]}}],"collection":[{"href":"https:\/\/www.mexicanguitarplayers.com\/en\/wp-json\/wp\/v2\/product"}],"about":[{"href":"https:\/\/www.mexicanguitarplayers.com\/en\/wp-json\/wp\/v2\/types\/product"}],"replies":[{"embeddable":true,"href":"https:\/\/www.mexicanguitarplayers.com\/en\/wp-json\/wp\/v2\/comments?post=28406"}],"wp:featuredmedia":[{"embeddable":true,"href":"https:\/\/www.mexicanguitarplayers.com\/en\/wp-json\/wp\/v2\/media\/28389"}],"wp:attachment":[{"href":"https:\/\/www.mexicanguitarplayers.com\/en\/wp-json\/wp\/v2\/media?parent=28406"}],"wp:term":[{"taxonomy":"pwb-brand","embeddable":true,"href":"https:\/\/www.mexicanguitarplayers.com\/en\/wp-json\/wp\/v2\/pwb-brand?post=28406"},{"taxonomy":"product_brand","embeddable":true,"href":"https:\/\/www.mexicanguitarplayers.com\/en\/wp-json\/wp\/v2\/product_brand?post=28406"},{"taxonomy":"product_cat","embeddable":true,"href":"https:\/\/www.mexicanguitarplayers.com\/en\/wp-json\/wp\/v2\/product_cat?post=28406"},{"taxonomy":"product_tag","embeddable":true,"href":"https:\/\/www.mexicanguitarplayers.com\/en\/wp-json\/wp\/v2\/product_tag?post=28406"}],"curies":[{"name":"wp","href":"https:\/\/api.w.org\/{rel}","templated":true}]}}